{"id":30085,"date":"2025-04-20T21:41:27","date_gmt":"2025-04-20T17:41:27","guid":{"rendered":"https:\/\/airsystems.ge\/shop\/product\/irdxi-direct-expansion-close-control-unit-air-condensed-for-high-density-racks-30-60-cm\/"},"modified":"2025-04-20T22:10:20","modified_gmt":"2025-04-20T18:10:20","slug":"irdxi-direct-expansion-close-control-unit-air-condensed-for-high-density-racks-30-60-cm","status":"publish","type":"product","link":"https:\/\/climatemaster.ge\/az\/product\/irdxi-direct-expansion-close-control-unit-air-condensed-for-high-density-racks-30-60-cm\/","title":{"rendered":"IRDXi Y\u00fcks\u0259k s\u0131xl\u0131ql\u0131 r\u0259fl\u0259r \u00fc\u00e7\u00fcn (30 \u2013 60 sm) kondensasiya olunmu\u015f birba\u015fa geni\u015fl\u0259ndirm\u0259 yax\u0131n idar\u0259etm\u0259 bloku RACK COOLER"},"content":{"rendered":"","protected":false},"excerpt":{"rendered":"<div class=\"elementor-element elementor-element-70da8153 elementor-widget elementor-widget-theme-page-title elementor-page-title elementor-widget-heading\" data-id=\"70da8153\" data-element_type=\"widget\" data-widget_type=\"theme-page-title.default\">\n<div class=\"elementor-widget-container\">\n<div class=\"elementor-element elementor-element-391e72ec elementor-widget elementor-widget-theme-post-content\" data-id=\"391e72ec\" data-element_type=\"widget\" data-widget_type=\"theme-post-content.default\">\n<div class=\"elementor-widget-container\">\n<p>Soyutma g\u00fcc\u00fc 12,9 kVt-dan 52,7 kVt-a q\u0259d\u0259r<\/p>\n<p>Daxili \u015faquli kondisioner qur\u011fusu RACK COOLER m\u0259lumat m\u0259rk\u0259zind\u0259ki Qaynar N\u00f6qt\u0259l\u0259rin effektiv idar\u0259etm\u0259 sistemidir, h\u0259tta Y\u00dcKS\u018fK S\u0131xl\u0131ql\u0131 rack \u00b4up v\u0259 40 kVt\/m2-d\u0259n \u00e7ox rack \u00fc\u00e7\u00fcn olduqca y\u00fcks\u0259k y\u00fckl\u0259r alt\u0131nda a\u015fa\u011f\u0131 enerji istehlak\u0131 v\u0259 istifad\u0259 imkanlar\u0131n\u0131 t\u0259min edir.<\/p>\n<p>Hava il\u0259 soyudulmu\u015f birba\u015fa geni\u015fl\u0259nm\u0259 versiyas\u0131nda daxili blok R410A soyuducu \u00fc\u00e7\u00fcn optimalla\u015fd\u0131r\u0131lm\u0131\u015f hermetik \u00e7evirici s\u00fcr\u00fc\u015fd\u00fcrm\u0259 kompressoru, standart v\u0259 ya susdurulmu\u015f versiyada xarici kondensatorlara uy\u011funla\u015fd\u0131r\u0131lmaq \u00fc\u00e7\u00fcn son n\u0259sil elektron kommutasiya edilmi\u015f f\u0131r\u00e7as\u0131z m\u00fch\u0259rrikl\u0259ri olan EC fanatlar\u0131 il\u0259 t\u0259chiz edilmi\u015fdir.<\/p>\n<\/div>\n<\/div>\n<\/div>\n<\/div>\n","protected":false},"featured_media":30080,"template":"","meta":[],"product_brand":[],"product_cat":[1259,1268,875],"product_tag":[],"class_list":{"0":"post-30085","1":"product","2":"type-product","3":"status-publish","4":"has-post-thumbnail","6":"product_cat-hssas-kondisioner-crac-crah","7":"product_cat-precision-kondisioner-crac-az","8":"product_cat-snaye-az-kondisionerlr","10":"first","11":"instock","12":"shipping-taxable","13":"product-type-simple"},"yoast_head":"<!-- This site is optimized with the Yoast SEO plugin v27.1.1 - https:\/\/yoast.com\/product\/yoast-seo-wordpress\/ -->\n<title>IRDXi Y\u00fcks\u0259k s\u0131xl\u0131ql\u0131 r\u0259fl\u0259r \u00fc\u00e7\u00fcn (30 \u2013 60 sm) kondensasiya olunmu\u015f birba\u015fa geni\u015fl\u0259ndirm\u0259 yax\u0131n idar\u0259etm\u0259 bloku RACK COOLER - Climate Master<\/title>\n<meta name=\"robots\" content=\"index, follow, max-snippet:-1, max-image-preview:large, max-video-preview:-1\" \/>\n<link rel=\"canonical\" href=\"https:\/\/climatemaster.ge\/az\/product\/irdxi-direct-expansion-close-control-unit-air-condensed-for-high-density-racks-30-60-cm\/\" \/>\n<meta property=\"og:locale\" content=\"az_AZ\" \/>\n<meta property=\"og:type\" content=\"article\" \/>\n<meta property=\"og:title\" content=\"IRDXi Y\u00fcks\u0259k s\u0131xl\u0131ql\u0131 r\u0259fl\u0259r \u00fc\u00e7\u00fcn (30 \u2013 60 sm) kondensasiya olunmu\u015f birba\u015fa geni\u015fl\u0259ndirm\u0259 yax\u0131n idar\u0259etm\u0259 bloku RACK COOLER - Climate Master\" \/>\n<meta property=\"og:description\" content=\"Soyutma g\u00fcc\u00fc 12,9 kVt-dan 52,7 kVt-a q\u0259d\u0259r  Daxili \u015faquli kondisioner qur\u011fusu RACK COOLER m\u0259lumat m\u0259rk\u0259zind\u0259ki Qaynar N\u00f6qt\u0259l\u0259rin effektiv idar\u0259etm\u0259 sistemidir, h\u0259tta Y\u00dcKS\u018fK S\u0131xl\u0131ql\u0131 rack \u00b4up v\u0259 40 kVt\/m2-d\u0259n \u00e7ox rack \u00fc\u00e7\u00fcn olduqca y\u00fcks\u0259k y\u00fckl\u0259r alt\u0131nda a\u015fa\u011f\u0131 enerji istehlak\u0131 v\u0259 istifad\u0259 imkanlar\u0131n\u0131 t\u0259min edir.  Hava il\u0259 soyudulmu\u015f birba\u015fa geni\u015fl\u0259nm\u0259 versiyas\u0131nda daxili blok R410A soyuducu \u00fc\u00e7\u00fcn optimalla\u015fd\u0131r\u0131lm\u0131\u015f hermetik \u00e7evirici s\u00fcr\u00fc\u015fd\u00fcrm\u0259 kompressoru, standart v\u0259 ya susdurulmu\u015f versiyada xarici kondensatorlara uy\u011funla\u015fd\u0131r\u0131lmaq \u00fc\u00e7\u00fcn son n\u0259sil elektron kommutasiya edilmi\u015f f\u0131r\u00e7as\u0131z m\u00fch\u0259rrikl\u0259ri olan EC fanatlar\u0131 il\u0259 t\u0259chiz edilmi\u015fdir.\" \/>\n<meta property=\"og:url\" content=\"https:\/\/climatemaster.ge\/az\/product\/irdxi-direct-expansion-close-control-unit-air-condensed-for-high-density-racks-30-60-cm\/\" \/>\n<meta property=\"og:site_name\" content=\"Climate Master\" \/>\n<meta property=\"article:modified_time\" content=\"2025-04-20T18:10:20+00:00\" \/>\n<meta property=\"og:image\" content=\"https:\/\/climatemaster.ge\/wp-content\/uploads\/2025\/04\/IRDXI-qj0y8i2opbf2iify7gszjlsdcbim836xr0boeh75ds.png\" \/>\n\t<meta property=\"og:image:width\" content=\"700\" \/>\n\t<meta property=\"og:image:height\" content=\"700\" \/>\n\t<meta property=\"og:image:type\" content=\"image\/png\" \/>\n<meta name=\"twitter:card\" content=\"summary_large_image\" \/>\n<script type=\"application\/ld+json\" class=\"yoast-schema-graph\">{\"@context\":\"https:\/\/schema.org\",\"@graph\":[{\"@type\":\"WebPage\",\"@id\":\"https:\/\/climatemaster.ge\/az\/product\/irdxi-direct-expansion-close-control-unit-air-condensed-for-high-density-racks-30-60-cm\/\",\"url\":\"https:\/\/climatemaster.ge\/az\/product\/irdxi-direct-expansion-close-control-unit-air-condensed-for-high-density-racks-30-60-cm\/\",\"name\":\"IRDXi Y\u00fcks\u0259k s\u0131xl\u0131ql\u0131 r\u0259fl\u0259r \u00fc\u00e7\u00fcn (30 \u2013 60 sm) kondensasiya olunmu\u015f birba\u015fa geni\u015fl\u0259ndirm\u0259 yax\u0131n idar\u0259etm\u0259 bloku RACK COOLER - Climate Master\",\"isPartOf\":{\"@id\":\"https:\/\/climatemaster.ge\/#website\"},\"primaryImageOfPage\":{\"@id\":\"https:\/\/climatemaster.ge\/az\/product\/irdxi-direct-expansion-close-control-unit-air-condensed-for-high-density-racks-30-60-cm\/#primaryimage\"},\"image\":{\"@id\":\"https:\/\/climatemaster.ge\/az\/product\/irdxi-direct-expansion-close-control-unit-air-condensed-for-high-density-racks-30-60-cm\/#primaryimage\"},\"thumbnailUrl\":\"https:\/\/climatemaster.ge\/wp-content\/uploads\/2025\/04\/IRDXI-qj0y8i2opbf2iify7gszjlsdcbim836xr0boeh75ds.png\",\"datePublished\":\"2025-04-20T17:41:27+00:00\",\"dateModified\":\"2025-04-20T18:10:20+00:00\",\"breadcrumb\":{\"@id\":\"https:\/\/climatemaster.ge\/az\/product\/irdxi-direct-expansion-close-control-unit-air-condensed-for-high-density-racks-30-60-cm\/#breadcrumb\"},\"inLanguage\":\"az\",\"potentialAction\":[{\"@type\":\"ReadAction\",\"target\":[\"https:\/\/climatemaster.ge\/az\/product\/irdxi-direct-expansion-close-control-unit-air-condensed-for-high-density-racks-30-60-cm\/\"]}]},{\"@type\":\"ImageObject\",\"inLanguage\":\"az\",\"@id\":\"https:\/\/climatemaster.ge\/az\/product\/irdxi-direct-expansion-close-control-unit-air-condensed-for-high-density-racks-30-60-cm\/#primaryimage\",\"url\":\"https:\/\/climatemaster.ge\/wp-content\/uploads\/2025\/04\/IRDXI-qj0y8i2opbf2iify7gszjlsdcbim836xr0boeh75ds.png\",\"contentUrl\":\"https:\/\/climatemaster.ge\/wp-content\/uploads\/2025\/04\/IRDXI-qj0y8i2opbf2iify7gszjlsdcbim836xr0boeh75ds.png\",\"width\":700,\"height\":700},{\"@type\":\"BreadcrumbList\",\"@id\":\"https:\/\/climatemaster.ge\/az\/product\/irdxi-direct-expansion-close-control-unit-air-condensed-for-high-density-racks-30-60-cm\/#breadcrumb\",\"itemListElement\":[{\"@type\":\"ListItem\",\"position\":1,\"name\":\"Home\",\"item\":\"https:\/\/climatemaster.ge\/\"},{\"@type\":\"ListItem\",\"position\":2,\"name\":\"M\u0259hsullar\",\"item\":\"https:\/\/climatemaster.ge\/products\/\"},{\"@type\":\"ListItem\",\"position\":3,\"name\":\"IRDXi Y\u00fcks\u0259k s\u0131xl\u0131ql\u0131 r\u0259fl\u0259r \u00fc\u00e7\u00fcn (30 \u2013 60 sm) kondensasiya olunmu\u015f birba\u015fa geni\u015fl\u0259ndirm\u0259 yax\u0131n idar\u0259etm\u0259 bloku RACK COOLER\"}]},{\"@type\":\"WebSite\",\"@id\":\"https:\/\/climatemaster.ge\/#website\",\"url\":\"https:\/\/climatemaster.ge\/\",\"name\":\"Climate Master\",\"description\":\"\",\"publisher\":{\"@id\":\"https:\/\/climatemaster.ge\/#organization\"},\"potentialAction\":[{\"@type\":\"SearchAction\",\"target\":{\"@type\":\"EntryPoint\",\"urlTemplate\":\"https:\/\/climatemaster.ge\/?s={search_term_string}\"},\"query-input\":{\"@type\":\"PropertyValueSpecification\",\"valueRequired\":true,\"valueName\":\"search_term_string\"}}],\"inLanguage\":\"az\"},{\"@type\":\"Organization\",\"@id\":\"https:\/\/climatemaster.ge\/#organization\",\"name\":\"Climate Master\",\"url\":\"https:\/\/climatemaster.ge\/\",\"logo\":{\"@type\":\"ImageObject\",\"inLanguage\":\"az\",\"@id\":\"https:\/\/climatemaster.ge\/#\/schema\/logo\/image\/\",\"url\":\"https:\/\/climatemaster.ge\/wp-content\/uploads\/2026\/03\/Untitled-2.png\",\"contentUrl\":\"https:\/\/climatemaster.ge\/wp-content\/uploads\/2026\/03\/Untitled-2.png\",\"width\":600,\"height\":338,\"caption\":\"Climate Master\"},\"image\":{\"@id\":\"https:\/\/climatemaster.ge\/#\/schema\/logo\/image\/\"}}]}<\/script>\n<!-- \/ Yoast SEO plugin. -->","yoast_head_json":{"title":"IRDXi Y\u00fcks\u0259k s\u0131xl\u0131ql\u0131 r\u0259fl\u0259r \u00fc\u00e7\u00fcn (30 \u2013 60 sm) kondensasiya olunmu\u015f birba\u015fa geni\u015fl\u0259ndirm\u0259 yax\u0131n idar\u0259etm\u0259 bloku RACK COOLER - Climate Master","robots":{"index":"index","follow":"follow","max-snippet":"max-snippet:-1","max-image-preview":"max-image-preview:large","max-video-preview":"max-video-preview:-1"},"canonical":"https:\/\/climatemaster.ge\/az\/product\/irdxi-direct-expansion-close-control-unit-air-condensed-for-high-density-racks-30-60-cm\/","og_locale":"az_AZ","og_type":"article","og_title":"IRDXi Y\u00fcks\u0259k s\u0131xl\u0131ql\u0131 r\u0259fl\u0259r \u00fc\u00e7\u00fcn (30 \u2013 60 sm) kondensasiya olunmu\u015f birba\u015fa geni\u015fl\u0259ndirm\u0259 yax\u0131n idar\u0259etm\u0259 bloku RACK COOLER - Climate Master","og_description":"Soyutma g\u00fcc\u00fc 12,9 kVt-dan 52,7 kVt-a q\u0259d\u0259r  Daxili \u015faquli kondisioner qur\u011fusu RACK COOLER m\u0259lumat m\u0259rk\u0259zind\u0259ki Qaynar N\u00f6qt\u0259l\u0259rin effektiv idar\u0259etm\u0259 sistemidir, h\u0259tta Y\u00dcKS\u018fK S\u0131xl\u0131ql\u0131 rack \u00b4up v\u0259 40 kVt\/m2-d\u0259n \u00e7ox rack \u00fc\u00e7\u00fcn olduqca y\u00fcks\u0259k y\u00fckl\u0259r alt\u0131nda a\u015fa\u011f\u0131 enerji istehlak\u0131 v\u0259 istifad\u0259 imkanlar\u0131n\u0131 t\u0259min edir.  Hava il\u0259 soyudulmu\u015f birba\u015fa geni\u015fl\u0259nm\u0259 versiyas\u0131nda daxili blok R410A soyuducu \u00fc\u00e7\u00fcn optimalla\u015fd\u0131r\u0131lm\u0131\u015f hermetik \u00e7evirici s\u00fcr\u00fc\u015fd\u00fcrm\u0259 kompressoru, standart v\u0259 ya susdurulmu\u015f versiyada xarici kondensatorlara uy\u011funla\u015fd\u0131r\u0131lmaq \u00fc\u00e7\u00fcn son n\u0259sil elektron kommutasiya edilmi\u015f f\u0131r\u00e7as\u0131z m\u00fch\u0259rrikl\u0259ri olan EC fanatlar\u0131 il\u0259 t\u0259chiz edilmi\u015fdir.","og_url":"https:\/\/climatemaster.ge\/az\/product\/irdxi-direct-expansion-close-control-unit-air-condensed-for-high-density-racks-30-60-cm\/","og_site_name":"Climate Master","article_modified_time":"2025-04-20T18:10:20+00:00","og_image":[{"width":700,"height":700,"url":"https:\/\/climatemaster.ge\/wp-content\/uploads\/2025\/04\/IRDXI-qj0y8i2opbf2iify7gszjlsdcbim836xr0boeh75ds.png","type":"image\/png"}],"twitter_card":"summary_large_image","schema":{"@context":"https:\/\/schema.org","@graph":[{"@type":"WebPage","@id":"https:\/\/climatemaster.ge\/az\/product\/irdxi-direct-expansion-close-control-unit-air-condensed-for-high-density-racks-30-60-cm\/","url":"https:\/\/climatemaster.ge\/az\/product\/irdxi-direct-expansion-close-control-unit-air-condensed-for-high-density-racks-30-60-cm\/","name":"IRDXi Y\u00fcks\u0259k s\u0131xl\u0131ql\u0131 r\u0259fl\u0259r \u00fc\u00e7\u00fcn (30 \u2013 60 sm) kondensasiya olunmu\u015f birba\u015fa geni\u015fl\u0259ndirm\u0259 yax\u0131n idar\u0259etm\u0259 bloku RACK COOLER - Climate Master","isPartOf":{"@id":"https:\/\/climatemaster.ge\/#website"},"primaryImageOfPage":{"@id":"https:\/\/climatemaster.ge\/az\/product\/irdxi-direct-expansion-close-control-unit-air-condensed-for-high-density-racks-30-60-cm\/#primaryimage"},"image":{"@id":"https:\/\/climatemaster.ge\/az\/product\/irdxi-direct-expansion-close-control-unit-air-condensed-for-high-density-racks-30-60-cm\/#primaryimage"},"thumbnailUrl":"https:\/\/climatemaster.ge\/wp-content\/uploads\/2025\/04\/IRDXI-qj0y8i2opbf2iify7gszjlsdcbim836xr0boeh75ds.png","datePublished":"2025-04-20T17:41:27+00:00","dateModified":"2025-04-20T18:10:20+00:00","breadcrumb":{"@id":"https:\/\/climatemaster.ge\/az\/product\/irdxi-direct-expansion-close-control-unit-air-condensed-for-high-density-racks-30-60-cm\/#breadcrumb"},"inLanguage":"az","potentialAction":[{"@type":"ReadAction","target":["https:\/\/climatemaster.ge\/az\/product\/irdxi-direct-expansion-close-control-unit-air-condensed-for-high-density-racks-30-60-cm\/"]}]},{"@type":"ImageObject","inLanguage":"az","@id":"https:\/\/climatemaster.ge\/az\/product\/irdxi-direct-expansion-close-control-unit-air-condensed-for-high-density-racks-30-60-cm\/#primaryimage","url":"https:\/\/climatemaster.ge\/wp-content\/uploads\/2025\/04\/IRDXI-qj0y8i2opbf2iify7gszjlsdcbim836xr0boeh75ds.png","contentUrl":"https:\/\/climatemaster.ge\/wp-content\/uploads\/2025\/04\/IRDXI-qj0y8i2opbf2iify7gszjlsdcbim836xr0boeh75ds.png","width":700,"height":700},{"@type":"BreadcrumbList","@id":"https:\/\/climatemaster.ge\/az\/product\/irdxi-direct-expansion-close-control-unit-air-condensed-for-high-density-racks-30-60-cm\/#breadcrumb","itemListElement":[{"@type":"ListItem","position":1,"name":"Home","item":"https:\/\/climatemaster.ge\/"},{"@type":"ListItem","position":2,"name":"M\u0259hsullar","item":"https:\/\/climatemaster.ge\/products\/"},{"@type":"ListItem","position":3,"name":"IRDXi Y\u00fcks\u0259k s\u0131xl\u0131ql\u0131 r\u0259fl\u0259r \u00fc\u00e7\u00fcn (30 \u2013 60 sm) kondensasiya olunmu\u015f birba\u015fa geni\u015fl\u0259ndirm\u0259 yax\u0131n idar\u0259etm\u0259 bloku RACK COOLER"}]},{"@type":"WebSite","@id":"https:\/\/climatemaster.ge\/#website","url":"https:\/\/climatemaster.ge\/","name":"Climate Master","description":"","publisher":{"@id":"https:\/\/climatemaster.ge\/#organization"},"potentialAction":[{"@type":"SearchAction","target":{"@type":"EntryPoint","urlTemplate":"https:\/\/climatemaster.ge\/?s={search_term_string}"},"query-input":{"@type":"PropertyValueSpecification","valueRequired":true,"valueName":"search_term_string"}}],"inLanguage":"az"},{"@type":"Organization","@id":"https:\/\/climatemaster.ge\/#organization","name":"Climate Master","url":"https:\/\/climatemaster.ge\/","logo":{"@type":"ImageObject","inLanguage":"az","@id":"https:\/\/climatemaster.ge\/#\/schema\/logo\/image\/","url":"https:\/\/climatemaster.ge\/wp-content\/uploads\/2026\/03\/Untitled-2.png","contentUrl":"https:\/\/climatemaster.ge\/wp-content\/uploads\/2026\/03\/Untitled-2.png","width":600,"height":338,"caption":"Climate Master"},"image":{"@id":"https:\/\/climatemaster.ge\/#\/schema\/logo\/image\/"}}]}},"_links":{"self":[{"href":"https:\/\/climatemaster.ge\/az\/wp-json\/wp\/v2\/product\/30085","targetHints":{"allow":["GET"]}}],"collection":[{"href":"https:\/\/climatemaster.ge\/az\/wp-json\/wp\/v2\/product"}],"about":[{"href":"https:\/\/climatemaster.ge\/az\/wp-json\/wp\/v2\/types\/product"}],"wp:featuredmedia":[{"embeddable":true,"href":"https:\/\/climatemaster.ge\/az\/wp-json\/wp\/v2\/media\/30080"}],"wp:attachment":[{"href":"https:\/\/climatemaster.ge\/az\/wp-json\/wp\/v2\/media?parent=30085"}],"wp:term":[{"taxonomy":"product_brand","embeddable":true,"href":"https:\/\/climatemaster.ge\/az\/wp-json\/wp\/v2\/product_brand?post=30085"},{"taxonomy":"product_cat","embeddable":true,"href":"https:\/\/climatemaster.ge\/az\/wp-json\/wp\/v2\/product_cat?post=30085"},{"taxonomy":"product_tag","embeddable":true,"href":"https:\/\/climatemaster.ge\/az\/wp-json\/wp\/v2\/product_tag?post=30085"}],"curies":[{"name":"wp","href":"https:\/\/api.w.org\/{rel}","templated":true}]}}