{"id":30056,"date":"2025-04-20T21:11:30","date_gmt":"2025-04-20T17:11:30","guid":{"rendered":"https:\/\/airsystems.ge\/shop\/product\/dxi-a-direct-expansion-close-control-unit-air-condensed-with-inverter-compressor\/"},"modified":"2025-04-20T21:16:14","modified_gmt":"2025-04-20T17:16:14","slug":"dxi-a-direct-expansion-close-control-unit-air-condensed-with-inverter-compressor","status":"publish","type":"product","link":"https:\/\/climatemaster.ge\/az\/product\/dxi-a-direct-expansion-close-control-unit-air-condensed-with-inverter-compressor\/","title":{"rendered":"DXi.A \u0130nverter kompressoru il\u0259 havada kondensasiya olunmu\u015f birba\u015fa geni\u015fl\u0259ndirm\u0259 qapal\u0131 idar\u0259etm\u0259 bloku"},"content":{"rendered":"","protected":false},"excerpt":{"rendered":"<p>Yaln\u0131z \u015faquli qur\u011fular v\u0259 soyutma \u00fc\u00e7\u00fcn n\u0259zar\u0259t kondisionerl\u0259rini ba\u011flay\u0131n, istilik elementi, iste\u011fe ba\u011fl\u0131 n\u0259ml\u0259ndirici v\u0259 d\u0259qiq temperatur v\u0259 r\u00fctub\u0259t\u0259 n\u0259zar\u0259t \u00fc\u00e7\u00fcn n\u0259ml\u0259ndirici vasit\u0259sil\u0259 iste\u011fe ba\u011fl\u0131 q\u0131zd\u0131r\u0131n. X\u00fcsusil\u0259 serverl\u0259rd\u0259 v\u0259 \u0130T otaqlar\u0131nda v\u0259 \u00fcmumiyy\u0259tl\u0259 b\u00fct\u00fcn texnoloji t\u0259tbiql\u0259rd\u0259 d\u0259qiq kondisioner \u00fc\u00e7\u00fcn uy\u011fundur. \u0130NVERTER kompressoru real daxili y\u00fck\u0259 g\u00f6r\u0259 soyutma qabiliyy\u0259tinin modulyasiyas\u0131na imkan verir,<br \/>\nqism\u0259n y\u00fckl\u0259rd\u0259 x\u00fcsusil\u0259 s\u0259m\u0259r\u0259li, udulmu\u015f g\u00fcc\u00fc optimalla\u015fd\u0131r\u0131r v\u0259 ba\u015flan\u011f\u0131c c\u0259r\u0259yan\u0131n\u0131 aradan qald\u0131r\u0131r. Bu modeld\u0259 standart olaraq elektron geni\u015fl\u0259ndirici klapan v\u0259 EC \u0130nverter fanatlar\u0131 qura\u015fd\u0131r\u0131lm\u0131\u015fd\u0131r. Xarici hava kondensatoru. Emibayt avadanl\u0131\u011f\u0131 tam dizayn edilmi\u015f v\u0259 Emicon t\u0259sdiql\u0259m\u0259 laboratoriyalar\u0131nda s\u0131naqdan ke\u00e7irilmi\u015fdir.<\/p>\n","protected":false},"featured_media":30051,"template":"","meta":[],"product_brand":[],"product_cat":[1259,1268,875],"product_tag":[],"class_list":{"0":"post-30056","1":"product","2":"type-product","3":"status-publish","4":"has-post-thumbnail","6":"product_cat-hssas-kondisioner-crac-crah","7":"product_cat-precision-kondisioner-crac-az","8":"product_cat-snaye-az-kondisionerlr","10":"first","11":"instock","12":"shipping-taxable","13":"product-type-simple"},"yoast_head":"<!-- This site is optimized with the Yoast SEO plugin v27.1.1 - https:\/\/yoast.com\/product\/yoast-seo-wordpress\/ -->\n<title>DXi.A \u0130nverter kompressoru il\u0259 havada kondensasiya olunmu\u015f birba\u015fa geni\u015fl\u0259ndirm\u0259 qapal\u0131 idar\u0259etm\u0259 bloku - Climate Master<\/title>\n<meta name=\"robots\" content=\"index, follow, max-snippet:-1, max-image-preview:large, max-video-preview:-1\" \/>\n<link rel=\"canonical\" href=\"https:\/\/climatemaster.ge\/az\/product\/dxi-a-direct-expansion-close-control-unit-air-condensed-with-inverter-compressor\/\" \/>\n<meta property=\"og:locale\" content=\"az_AZ\" \/>\n<meta property=\"og:type\" content=\"article\" \/>\n<meta property=\"og:title\" content=\"DXi.A \u0130nverter kompressoru il\u0259 havada kondensasiya olunmu\u015f birba\u015fa geni\u015fl\u0259ndirm\u0259 qapal\u0131 idar\u0259etm\u0259 bloku - Climate Master\" \/>\n<meta property=\"og:description\" content=\"Yaln\u0131z \u015faquli qur\u011fular v\u0259 soyutma \u00fc\u00e7\u00fcn n\u0259zar\u0259t kondisionerl\u0259rini ba\u011flay\u0131n, istilik elementi, iste\u011fe ba\u011fl\u0131 n\u0259ml\u0259ndirici v\u0259 d\u0259qiq temperatur v\u0259 r\u00fctub\u0259t\u0259 n\u0259zar\u0259t \u00fc\u00e7\u00fcn n\u0259ml\u0259ndirici vasit\u0259sil\u0259 iste\u011fe ba\u011fl\u0131 q\u0131zd\u0131r\u0131n. X\u00fcsusil\u0259 serverl\u0259rd\u0259 v\u0259 \u0130T otaqlar\u0131nda v\u0259 \u00fcmumiyy\u0259tl\u0259 b\u00fct\u00fcn texnoloji t\u0259tbiql\u0259rd\u0259 d\u0259qiq kondisioner \u00fc\u00e7\u00fcn uy\u011fundur. \u0130NVERTER kompressoru real daxili y\u00fck\u0259 g\u00f6r\u0259 soyutma qabiliyy\u0259tinin modulyasiyas\u0131na imkan verir, qism\u0259n y\u00fckl\u0259rd\u0259 x\u00fcsusil\u0259 s\u0259m\u0259r\u0259li, udulmu\u015f g\u00fcc\u00fc optimalla\u015fd\u0131r\u0131r v\u0259 ba\u015flan\u011f\u0131c c\u0259r\u0259yan\u0131n\u0131 aradan qald\u0131r\u0131r. Bu modeld\u0259 standart olaraq elektron geni\u015fl\u0259ndirici klapan v\u0259 EC \u0130nverter fanatlar\u0131 qura\u015fd\u0131r\u0131lm\u0131\u015fd\u0131r. Xarici hava kondensatoru. Emibayt avadanl\u0131\u011f\u0131 tam dizayn edilmi\u015f v\u0259 Emicon t\u0259sdiql\u0259m\u0259 laboratoriyalar\u0131nda s\u0131naqdan ke\u00e7irilmi\u015fdir.\" \/>\n<meta property=\"og:url\" content=\"https:\/\/climatemaster.ge\/az\/product\/dxi-a-direct-expansion-close-control-unit-air-condensed-with-inverter-compressor\/\" \/>\n<meta property=\"og:site_name\" content=\"Climate Master\" \/>\n<meta property=\"article:modified_time\" content=\"2025-04-20T17:16:14+00:00\" \/>\n<meta property=\"og:image\" content=\"https:\/\/climatemaster.ge\/wp-content\/uploads\/2025\/04\/DXA-qh4ucv134jnc80daakorl9l7qlykalm6l6bnv22dq8-2.png\" \/>\n\t<meta property=\"og:image:width\" content=\"345\" \/>\n\t<meta property=\"og:image:height\" content=\"540\" \/>\n\t<meta property=\"og:image:type\" content=\"image\/png\" \/>\n<meta name=\"twitter:card\" content=\"summary_large_image\" \/>\n<script type=\"application\/ld+json\" class=\"yoast-schema-graph\">{\"@context\":\"https:\/\/schema.org\",\"@graph\":[{\"@type\":\"WebPage\",\"@id\":\"https:\/\/climatemaster.ge\/az\/product\/dxi-a-direct-expansion-close-control-unit-air-condensed-with-inverter-compressor\/\",\"url\":\"https:\/\/climatemaster.ge\/az\/product\/dxi-a-direct-expansion-close-control-unit-air-condensed-with-inverter-compressor\/\",\"name\":\"DXi.A \u0130nverter kompressoru il\u0259 havada kondensasiya olunmu\u015f birba\u015fa geni\u015fl\u0259ndirm\u0259 qapal\u0131 idar\u0259etm\u0259 bloku - Climate Master\",\"isPartOf\":{\"@id\":\"https:\/\/climatemaster.ge\/#website\"},\"primaryImageOfPage\":{\"@id\":\"https:\/\/climatemaster.ge\/az\/product\/dxi-a-direct-expansion-close-control-unit-air-condensed-with-inverter-compressor\/#primaryimage\"},\"image\":{\"@id\":\"https:\/\/climatemaster.ge\/az\/product\/dxi-a-direct-expansion-close-control-unit-air-condensed-with-inverter-compressor\/#primaryimage\"},\"thumbnailUrl\":\"https:\/\/climatemaster.ge\/wp-content\/uploads\/2025\/04\/DXA-qh4ucv134jnc80daakorl9l7qlykalm6l6bnv22dq8-2.png\",\"datePublished\":\"2025-04-20T17:11:30+00:00\",\"dateModified\":\"2025-04-20T17:16:14+00:00\",\"breadcrumb\":{\"@id\":\"https:\/\/climatemaster.ge\/az\/product\/dxi-a-direct-expansion-close-control-unit-air-condensed-with-inverter-compressor\/#breadcrumb\"},\"inLanguage\":\"az\",\"potentialAction\":[{\"@type\":\"ReadAction\",\"target\":[\"https:\/\/climatemaster.ge\/az\/product\/dxi-a-direct-expansion-close-control-unit-air-condensed-with-inverter-compressor\/\"]}]},{\"@type\":\"ImageObject\",\"inLanguage\":\"az\",\"@id\":\"https:\/\/climatemaster.ge\/az\/product\/dxi-a-direct-expansion-close-control-unit-air-condensed-with-inverter-compressor\/#primaryimage\",\"url\":\"https:\/\/climatemaster.ge\/wp-content\/uploads\/2025\/04\/DXA-qh4ucv134jnc80daakorl9l7qlykalm6l6bnv22dq8-2.png\",\"contentUrl\":\"https:\/\/climatemaster.ge\/wp-content\/uploads\/2025\/04\/DXA-qh4ucv134jnc80daakorl9l7qlykalm6l6bnv22dq8-2.png\",\"width\":345,\"height\":540},{\"@type\":\"BreadcrumbList\",\"@id\":\"https:\/\/climatemaster.ge\/az\/product\/dxi-a-direct-expansion-close-control-unit-air-condensed-with-inverter-compressor\/#breadcrumb\",\"itemListElement\":[{\"@type\":\"ListItem\",\"position\":1,\"name\":\"Home\",\"item\":\"https:\/\/climatemaster.ge\/\"},{\"@type\":\"ListItem\",\"position\":2,\"name\":\"M\u0259hsullar\",\"item\":\"https:\/\/climatemaster.ge\/products\/\"},{\"@type\":\"ListItem\",\"position\":3,\"name\":\"DXi.A \u0130nverter kompressoru il\u0259 havada kondensasiya olunmu\u015f birba\u015fa geni\u015fl\u0259ndirm\u0259 qapal\u0131 idar\u0259etm\u0259 bloku\"}]},{\"@type\":\"WebSite\",\"@id\":\"https:\/\/climatemaster.ge\/#website\",\"url\":\"https:\/\/climatemaster.ge\/\",\"name\":\"Climate Master\",\"description\":\"\",\"publisher\":{\"@id\":\"https:\/\/climatemaster.ge\/#organization\"},\"potentialAction\":[{\"@type\":\"SearchAction\",\"target\":{\"@type\":\"EntryPoint\",\"urlTemplate\":\"https:\/\/climatemaster.ge\/?s={search_term_string}\"},\"query-input\":{\"@type\":\"PropertyValueSpecification\",\"valueRequired\":true,\"valueName\":\"search_term_string\"}}],\"inLanguage\":\"az\"},{\"@type\":\"Organization\",\"@id\":\"https:\/\/climatemaster.ge\/#organization\",\"name\":\"Climate Master\",\"url\":\"https:\/\/climatemaster.ge\/\",\"logo\":{\"@type\":\"ImageObject\",\"inLanguage\":\"az\",\"@id\":\"https:\/\/climatemaster.ge\/#\/schema\/logo\/image\/\",\"url\":\"https:\/\/climatemaster.ge\/wp-content\/uploads\/2026\/03\/Untitled-2.png\",\"contentUrl\":\"https:\/\/climatemaster.ge\/wp-content\/uploads\/2026\/03\/Untitled-2.png\",\"width\":600,\"height\":338,\"caption\":\"Climate Master\"},\"image\":{\"@id\":\"https:\/\/climatemaster.ge\/#\/schema\/logo\/image\/\"}}]}<\/script>\n<!-- \/ Yoast SEO plugin. -->","yoast_head_json":{"title":"DXi.A \u0130nverter kompressoru il\u0259 havada kondensasiya olunmu\u015f birba\u015fa geni\u015fl\u0259ndirm\u0259 qapal\u0131 idar\u0259etm\u0259 bloku - Climate Master","robots":{"index":"index","follow":"follow","max-snippet":"max-snippet:-1","max-image-preview":"max-image-preview:large","max-video-preview":"max-video-preview:-1"},"canonical":"https:\/\/climatemaster.ge\/az\/product\/dxi-a-direct-expansion-close-control-unit-air-condensed-with-inverter-compressor\/","og_locale":"az_AZ","og_type":"article","og_title":"DXi.A \u0130nverter kompressoru il\u0259 havada kondensasiya olunmu\u015f birba\u015fa geni\u015fl\u0259ndirm\u0259 qapal\u0131 idar\u0259etm\u0259 bloku - Climate Master","og_description":"Yaln\u0131z \u015faquli qur\u011fular v\u0259 soyutma \u00fc\u00e7\u00fcn n\u0259zar\u0259t kondisionerl\u0259rini ba\u011flay\u0131n, istilik elementi, iste\u011fe ba\u011fl\u0131 n\u0259ml\u0259ndirici v\u0259 d\u0259qiq temperatur v\u0259 r\u00fctub\u0259t\u0259 n\u0259zar\u0259t \u00fc\u00e7\u00fcn n\u0259ml\u0259ndirici vasit\u0259sil\u0259 iste\u011fe ba\u011fl\u0131 q\u0131zd\u0131r\u0131n. X\u00fcsusil\u0259 serverl\u0259rd\u0259 v\u0259 \u0130T otaqlar\u0131nda v\u0259 \u00fcmumiyy\u0259tl\u0259 b\u00fct\u00fcn texnoloji t\u0259tbiql\u0259rd\u0259 d\u0259qiq kondisioner \u00fc\u00e7\u00fcn uy\u011fundur. \u0130NVERTER kompressoru real daxili y\u00fck\u0259 g\u00f6r\u0259 soyutma qabiliyy\u0259tinin modulyasiyas\u0131na imkan verir, qism\u0259n y\u00fckl\u0259rd\u0259 x\u00fcsusil\u0259 s\u0259m\u0259r\u0259li, udulmu\u015f g\u00fcc\u00fc optimalla\u015fd\u0131r\u0131r v\u0259 ba\u015flan\u011f\u0131c c\u0259r\u0259yan\u0131n\u0131 aradan qald\u0131r\u0131r. Bu modeld\u0259 standart olaraq elektron geni\u015fl\u0259ndirici klapan v\u0259 EC \u0130nverter fanatlar\u0131 qura\u015fd\u0131r\u0131lm\u0131\u015fd\u0131r. Xarici hava kondensatoru. Emibayt avadanl\u0131\u011f\u0131 tam dizayn edilmi\u015f v\u0259 Emicon t\u0259sdiql\u0259m\u0259 laboratoriyalar\u0131nda s\u0131naqdan ke\u00e7irilmi\u015fdir.","og_url":"https:\/\/climatemaster.ge\/az\/product\/dxi-a-direct-expansion-close-control-unit-air-condensed-with-inverter-compressor\/","og_site_name":"Climate Master","article_modified_time":"2025-04-20T17:16:14+00:00","og_image":[{"width":345,"height":540,"url":"https:\/\/climatemaster.ge\/wp-content\/uploads\/2025\/04\/DXA-qh4ucv134jnc80daakorl9l7qlykalm6l6bnv22dq8-2.png","type":"image\/png"}],"twitter_card":"summary_large_image","schema":{"@context":"https:\/\/schema.org","@graph":[{"@type":"WebPage","@id":"https:\/\/climatemaster.ge\/az\/product\/dxi-a-direct-expansion-close-control-unit-air-condensed-with-inverter-compressor\/","url":"https:\/\/climatemaster.ge\/az\/product\/dxi-a-direct-expansion-close-control-unit-air-condensed-with-inverter-compressor\/","name":"DXi.A \u0130nverter kompressoru il\u0259 havada kondensasiya olunmu\u015f birba\u015fa geni\u015fl\u0259ndirm\u0259 qapal\u0131 idar\u0259etm\u0259 bloku - Climate Master","isPartOf":{"@id":"https:\/\/climatemaster.ge\/#website"},"primaryImageOfPage":{"@id":"https:\/\/climatemaster.ge\/az\/product\/dxi-a-direct-expansion-close-control-unit-air-condensed-with-inverter-compressor\/#primaryimage"},"image":{"@id":"https:\/\/climatemaster.ge\/az\/product\/dxi-a-direct-expansion-close-control-unit-air-condensed-with-inverter-compressor\/#primaryimage"},"thumbnailUrl":"https:\/\/climatemaster.ge\/wp-content\/uploads\/2025\/04\/DXA-qh4ucv134jnc80daakorl9l7qlykalm6l6bnv22dq8-2.png","datePublished":"2025-04-20T17:11:30+00:00","dateModified":"2025-04-20T17:16:14+00:00","breadcrumb":{"@id":"https:\/\/climatemaster.ge\/az\/product\/dxi-a-direct-expansion-close-control-unit-air-condensed-with-inverter-compressor\/#breadcrumb"},"inLanguage":"az","potentialAction":[{"@type":"ReadAction","target":["https:\/\/climatemaster.ge\/az\/product\/dxi-a-direct-expansion-close-control-unit-air-condensed-with-inverter-compressor\/"]}]},{"@type":"ImageObject","inLanguage":"az","@id":"https:\/\/climatemaster.ge\/az\/product\/dxi-a-direct-expansion-close-control-unit-air-condensed-with-inverter-compressor\/#primaryimage","url":"https:\/\/climatemaster.ge\/wp-content\/uploads\/2025\/04\/DXA-qh4ucv134jnc80daakorl9l7qlykalm6l6bnv22dq8-2.png","contentUrl":"https:\/\/climatemaster.ge\/wp-content\/uploads\/2025\/04\/DXA-qh4ucv134jnc80daakorl9l7qlykalm6l6bnv22dq8-2.png","width":345,"height":540},{"@type":"BreadcrumbList","@id":"https:\/\/climatemaster.ge\/az\/product\/dxi-a-direct-expansion-close-control-unit-air-condensed-with-inverter-compressor\/#breadcrumb","itemListElement":[{"@type":"ListItem","position":1,"name":"Home","item":"https:\/\/climatemaster.ge\/"},{"@type":"ListItem","position":2,"name":"M\u0259hsullar","item":"https:\/\/climatemaster.ge\/products\/"},{"@type":"ListItem","position":3,"name":"DXi.A \u0130nverter kompressoru il\u0259 havada kondensasiya olunmu\u015f birba\u015fa geni\u015fl\u0259ndirm\u0259 qapal\u0131 idar\u0259etm\u0259 bloku"}]},{"@type":"WebSite","@id":"https:\/\/climatemaster.ge\/#website","url":"https:\/\/climatemaster.ge\/","name":"Climate Master","description":"","publisher":{"@id":"https:\/\/climatemaster.ge\/#organization"},"potentialAction":[{"@type":"SearchAction","target":{"@type":"EntryPoint","urlTemplate":"https:\/\/climatemaster.ge\/?s={search_term_string}"},"query-input":{"@type":"PropertyValueSpecification","valueRequired":true,"valueName":"search_term_string"}}],"inLanguage":"az"},{"@type":"Organization","@id":"https:\/\/climatemaster.ge\/#organization","name":"Climate Master","url":"https:\/\/climatemaster.ge\/","logo":{"@type":"ImageObject","inLanguage":"az","@id":"https:\/\/climatemaster.ge\/#\/schema\/logo\/image\/","url":"https:\/\/climatemaster.ge\/wp-content\/uploads\/2026\/03\/Untitled-2.png","contentUrl":"https:\/\/climatemaster.ge\/wp-content\/uploads\/2026\/03\/Untitled-2.png","width":600,"height":338,"caption":"Climate Master"},"image":{"@id":"https:\/\/climatemaster.ge\/#\/schema\/logo\/image\/"}}]}},"_links":{"self":[{"href":"https:\/\/climatemaster.ge\/az\/wp-json\/wp\/v2\/product\/30056","targetHints":{"allow":["GET"]}}],"collection":[{"href":"https:\/\/climatemaster.ge\/az\/wp-json\/wp\/v2\/product"}],"about":[{"href":"https:\/\/climatemaster.ge\/az\/wp-json\/wp\/v2\/types\/product"}],"wp:featuredmedia":[{"embeddable":true,"href":"https:\/\/climatemaster.ge\/az\/wp-json\/wp\/v2\/media\/30051"}],"wp:attachment":[{"href":"https:\/\/climatemaster.ge\/az\/wp-json\/wp\/v2\/media?parent=30056"}],"wp:term":[{"taxonomy":"product_brand","embeddable":true,"href":"https:\/\/climatemaster.ge\/az\/wp-json\/wp\/v2\/product_brand?post=30056"},{"taxonomy":"product_cat","embeddable":true,"href":"https:\/\/climatemaster.ge\/az\/wp-json\/wp\/v2\/product_cat?post=30056"},{"taxonomy":"product_tag","embeddable":true,"href":"https:\/\/climatemaster.ge\/az\/wp-json\/wp\/v2\/product_tag?post=30056"}],"curies":[{"name":"wp","href":"https:\/\/api.w.org\/{rel}","templated":true}]}}