{"id":29956,"date":"2025-04-20T00:57:37","date_gmt":"2025-04-19T20:57:37","guid":{"rendered":"https:\/\/airsystems.ge\/shop\/product\/rwh-vs-ke-kh-water-cooled-chillers-water-condensed-for-indoor-installation-equipped-with-screw-compressors-full-inverter-and-shell-and-tube-exchanger\/"},"modified":"2025-04-20T01:05:27","modified_gmt":"2025-04-19T21:05:27","slug":"rwh-vs-ke-kh-water-cooled-chillers-water-condensed-for-indoor-installation-equipped-with-screw-compressors-full-inverter-and-shell-and-tube-exchanger","status":"publish","type":"product","link":"https:\/\/climatemaster.ge\/az\/product\/rwh-vs-ke-kh-water-cooled-chillers-water-condensed-for-indoor-installation-equipped-with-screw-compressors-full-inverter-and-shell-and-tube-exchanger\/","title":{"rendered":"RWH VS Ke\/Kh Su il\u0259 soyudulmu\u015f soyuducu"},"content":{"rendered":"","protected":false},"excerpt":{"rendered":"<p><strong>Soyutma g\u00fcc\u00fc<\/strong> 269 kVt-dan 2020 kVt-a q\u0259d\u0259r<\/p>\n<p>RWH VS KE seriyal\u0131 modul tipli su il\u0259 soyudulmu\u015f soyuducular xarici qur\u011fular \u00fc\u00e7\u00fcn uy\u011fundur v\u0259 x\u00fcsusil\u0259 \u0259traf m\u00fchit\u0259 \u00e7ox a\u015fa\u011f\u0131 t\u0259sir, A sinfi s\u0259m\u0259r\u0259liliyi v\u0259 2016\/2281 AB Qaydalar\u0131nda m\u00fc\u0259yy\u0259n edilmi\u015f m\u00f6vs\u00fcmi s\u0259m\u0259r\u0259lilik t\u0259l\u0259bl\u0259rin\u0259 uy\u011funluq t\u0259l\u0259b olundu\u011fu s\u0259naye t\u0259tbiql\u0259ri v\u0259 ya kommersiya sektorunun kondisioner sisteml\u0259ri \u00fc\u00e7\u00fcn soyuducu maye h\u0259ll\u0259ri \u00fc\u00e7\u00fcn n\u0259z\u0259rd\u0259 tutulub.<\/p>\n<p>Bu seriyan\u0131n b\u00f6lm\u0259l\u0259ri iki yar\u0131m hermetik vintli kompressorla t\u0259chiz edilmi\u015fdir; h\u0259r biri x\u00fcsusi xarici \u00e7evirici vasit\u0259sil\u0259 soyutma qabiliyy\u0259tin\u0259 daimi n\u0259zar\u0259t il\u0259 t\u0259min edilir, h\u0259r bir kompressor vahid m\u00fcst\u0259qil d\u00f6vr\u0259 \u00fcz\u0259rind\u0259 i\u015fl\u0259yir v\u0259 bununla da \u0259n y\u00fcks\u0259k etibarl\u0131l\u0131\u011f\u0131 t\u0259min edir.<\/p>\n<p>B\u00fct\u00fcn qur\u011fular x\u00fcsusi keyfiyy\u0259t prosedurlar\u0131na riay\u0259t etm\u0259kl\u0259 tamamil\u0259 zavodda y\u0131\u011f\u0131l\u0131r v\u0259 s\u0131naqdan ke\u00e7irilir. Bundan \u0259lav\u0259, onlar hidravlik, soyuducu v\u0259 elektrikl\u0259 ba\u011fl\u0131d\u0131rlar, bu da saytda bir d\u0259f\u0259 tez qura\u015fd\u0131rmaya imkan verir. S\u0131naqdan \u0259vv\u0259l h\u0259r bir qur\u011funun soyutma sxeml\u0259ri t\u0259zyiq testin\u0259 m\u0259ruz qal\u0131r v\u0259 sonra soyuducu v\u0259 donmayan ya\u011fla doldurulur. Buna g\u00f6r\u0259 d\u0259, bir d\u0259f\u0259 sah\u0259y\u0259 g\u0259ldikd\u0259, aqreqatlar yaln\u0131z yerl\u0259\u015fdirilm\u0259li v\u0259 elektrik v\u0259 hidravlik olaraq birl\u0259\u015fdirilm\u0259lidir.<\/p>\n","protected":false},"featured_media":29951,"template":"","meta":[],"product_brand":[],"product_cat":[1232,875,1244],"product_tag":[],"class_list":{"0":"post-29956","1":"product","2":"type-product","3":"status-publish","4":"has-post-thumbnail","6":"product_cat-chiller-hava-soyudulmus-az","7":"product_cat-snaye-az-kondisionerlr","8":"product_cat-soyuducu-vintli-soyudulan-az","10":"first","11":"instock","12":"shipping-taxable","13":"product-type-simple"},"yoast_head":"<!-- This site is optimized with the Yoast SEO plugin v27.1.1 - https:\/\/yoast.com\/product\/yoast-seo-wordpress\/ -->\n<title>RWH VS Ke\/Kh Su il\u0259 soyudulmu\u015f soyuducu - Climate Master<\/title>\n<meta name=\"robots\" content=\"index, follow, max-snippet:-1, max-image-preview:large, max-video-preview:-1\" \/>\n<link rel=\"canonical\" href=\"https:\/\/climatemaster.ge\/az\/product\/rwh-vs-ke-kh-water-cooled-chillers-water-condensed-for-indoor-installation-equipped-with-screw-compressors-full-inverter-and-shell-and-tube-exchanger\/\" \/>\n<meta property=\"og:locale\" content=\"az_AZ\" \/>\n<meta property=\"og:type\" content=\"article\" \/>\n<meta property=\"og:title\" content=\"RWH VS Ke\/Kh Su il\u0259 soyudulmu\u015f soyuducu - Climate Master\" \/>\n<meta property=\"og:description\" content=\"Soyutma g\u00fcc\u00fc 269 kVt-dan 2020 kVt-a q\u0259d\u0259r  RWH VS KE seriyal\u0131 modul tipli su il\u0259 soyudulmu\u015f soyuducular xarici qur\u011fular \u00fc\u00e7\u00fcn uy\u011fundur v\u0259 x\u00fcsusil\u0259 \u0259traf m\u00fchit\u0259 \u00e7ox a\u015fa\u011f\u0131 t\u0259sir, A sinfi s\u0259m\u0259r\u0259liliyi v\u0259 2016\/2281 AB Qaydalar\u0131nda m\u00fc\u0259yy\u0259n edilmi\u015f m\u00f6vs\u00fcmi s\u0259m\u0259r\u0259lilik t\u0259l\u0259bl\u0259rin\u0259 uy\u011funluq t\u0259l\u0259b olundu\u011fu s\u0259naye t\u0259tbiql\u0259ri v\u0259 ya kommersiya sektorunun kondisioner sisteml\u0259ri \u00fc\u00e7\u00fcn soyuducu maye h\u0259ll\u0259ri \u00fc\u00e7\u00fcn n\u0259z\u0259rd\u0259 tutulub.  Bu seriyan\u0131n b\u00f6lm\u0259l\u0259ri iki yar\u0131m hermetik vintli kompressorla t\u0259chiz edilmi\u015fdir; h\u0259r biri x\u00fcsusi xarici \u00e7evirici vasit\u0259sil\u0259 soyutma qabiliyy\u0259tin\u0259 daimi n\u0259zar\u0259t il\u0259 t\u0259min edilir, h\u0259r bir kompressor vahid m\u00fcst\u0259qil d\u00f6vr\u0259 \u00fcz\u0259rind\u0259 i\u015fl\u0259yir v\u0259 bununla da \u0259n y\u00fcks\u0259k etibarl\u0131l\u0131\u011f\u0131 t\u0259min edir.  B\u00fct\u00fcn qur\u011fular x\u00fcsusi keyfiyy\u0259t prosedurlar\u0131na riay\u0259t etm\u0259kl\u0259 tamamil\u0259 zavodda y\u0131\u011f\u0131l\u0131r v\u0259 s\u0131naqdan ke\u00e7irilir. Bundan \u0259lav\u0259, onlar hidravlik, soyuducu v\u0259 elektrikl\u0259 ba\u011fl\u0131d\u0131rlar, bu da saytda bir d\u0259f\u0259 tez qura\u015fd\u0131rmaya imkan verir. S\u0131naqdan \u0259vv\u0259l h\u0259r bir qur\u011funun soyutma sxeml\u0259ri t\u0259zyiq testin\u0259 m\u0259ruz qal\u0131r v\u0259 sonra soyuducu v\u0259 donmayan ya\u011fla doldurulur. Buna g\u00f6r\u0259 d\u0259, bir d\u0259f\u0259 sah\u0259y\u0259 g\u0259ldikd\u0259, aqreqatlar yaln\u0131z yerl\u0259\u015fdirilm\u0259li v\u0259 elektrik v\u0259 hidravlik olaraq birl\u0259\u015fdirilm\u0259lidir.\" \/>\n<meta property=\"og:url\" content=\"https:\/\/climatemaster.ge\/az\/product\/rwh-vs-ke-kh-water-cooled-chillers-water-condensed-for-indoor-installation-equipped-with-screw-compressors-full-inverter-and-shell-and-tube-exchanger\/\" \/>\n<meta property=\"og:site_name\" content=\"Climate Master\" \/>\n<meta property=\"article:modified_time\" content=\"2025-04-19T21:05:27+00:00\" \/>\n<meta property=\"og:image\" content=\"https:\/\/climatemaster.ge\/wp-content\/uploads\/2025\/04\/RWH-VS-Ke-Kh-scaled.png\" \/>\n\t<meta property=\"og:image:width\" content=\"2560\" \/>\n\t<meta property=\"og:image:height\" content=\"2193\" \/>\n\t<meta property=\"og:image:type\" content=\"image\/png\" \/>\n<meta name=\"twitter:card\" content=\"summary_large_image\" \/>\n<script type=\"application\/ld+json\" class=\"yoast-schema-graph\">{\"@context\":\"https:\/\/schema.org\",\"@graph\":[{\"@type\":\"WebPage\",\"@id\":\"https:\/\/climatemaster.ge\/az\/product\/rwh-vs-ke-kh-water-cooled-chillers-water-condensed-for-indoor-installation-equipped-with-screw-compressors-full-inverter-and-shell-and-tube-exchanger\/\",\"url\":\"https:\/\/climatemaster.ge\/az\/product\/rwh-vs-ke-kh-water-cooled-chillers-water-condensed-for-indoor-installation-equipped-with-screw-compressors-full-inverter-and-shell-and-tube-exchanger\/\",\"name\":\"RWH VS Ke\/Kh Su il\u0259 soyudulmu\u015f soyuducu - Climate Master\",\"isPartOf\":{\"@id\":\"https:\/\/climatemaster.ge\/#website\"},\"primaryImageOfPage\":{\"@id\":\"https:\/\/climatemaster.ge\/az\/product\/rwh-vs-ke-kh-water-cooled-chillers-water-condensed-for-indoor-installation-equipped-with-screw-compressors-full-inverter-and-shell-and-tube-exchanger\/#primaryimage\"},\"image\":{\"@id\":\"https:\/\/climatemaster.ge\/az\/product\/rwh-vs-ke-kh-water-cooled-chillers-water-condensed-for-indoor-installation-equipped-with-screw-compressors-full-inverter-and-shell-and-tube-exchanger\/#primaryimage\"},\"thumbnailUrl\":\"https:\/\/climatemaster.ge\/wp-content\/uploads\/2025\/04\/RWH-VS-Ke-Kh-scaled.png\",\"datePublished\":\"2025-04-19T20:57:37+00:00\",\"dateModified\":\"2025-04-19T21:05:27+00:00\",\"breadcrumb\":{\"@id\":\"https:\/\/climatemaster.ge\/az\/product\/rwh-vs-ke-kh-water-cooled-chillers-water-condensed-for-indoor-installation-equipped-with-screw-compressors-full-inverter-and-shell-and-tube-exchanger\/#breadcrumb\"},\"inLanguage\":\"az\",\"potentialAction\":[{\"@type\":\"ReadAction\",\"target\":[\"https:\/\/climatemaster.ge\/az\/product\/rwh-vs-ke-kh-water-cooled-chillers-water-condensed-for-indoor-installation-equipped-with-screw-compressors-full-inverter-and-shell-and-tube-exchanger\/\"]}]},{\"@type\":\"ImageObject\",\"inLanguage\":\"az\",\"@id\":\"https:\/\/climatemaster.ge\/az\/product\/rwh-vs-ke-kh-water-cooled-chillers-water-condensed-for-indoor-installation-equipped-with-screw-compressors-full-inverter-and-shell-and-tube-exchanger\/#primaryimage\",\"url\":\"https:\/\/climatemaster.ge\/wp-content\/uploads\/2025\/04\/RWH-VS-Ke-Kh-scaled.png\",\"contentUrl\":\"https:\/\/climatemaster.ge\/wp-content\/uploads\/2025\/04\/RWH-VS-Ke-Kh-scaled.png\",\"width\":2560,\"height\":2193},{\"@type\":\"BreadcrumbList\",\"@id\":\"https:\/\/climatemaster.ge\/az\/product\/rwh-vs-ke-kh-water-cooled-chillers-water-condensed-for-indoor-installation-equipped-with-screw-compressors-full-inverter-and-shell-and-tube-exchanger\/#breadcrumb\",\"itemListElement\":[{\"@type\":\"ListItem\",\"position\":1,\"name\":\"Home\",\"item\":\"https:\/\/climatemaster.ge\/\"},{\"@type\":\"ListItem\",\"position\":2,\"name\":\"M\u0259hsullar\",\"item\":\"https:\/\/climatemaster.ge\/products\/\"},{\"@type\":\"ListItem\",\"position\":3,\"name\":\"RWH VS Ke\/Kh Su il\u0259 soyudulmu\u015f soyuducu\"}]},{\"@type\":\"WebSite\",\"@id\":\"https:\/\/climatemaster.ge\/#website\",\"url\":\"https:\/\/climatemaster.ge\/\",\"name\":\"Climate Master\",\"description\":\"\",\"publisher\":{\"@id\":\"https:\/\/climatemaster.ge\/#organization\"},\"potentialAction\":[{\"@type\":\"SearchAction\",\"target\":{\"@type\":\"EntryPoint\",\"urlTemplate\":\"https:\/\/climatemaster.ge\/?s={search_term_string}\"},\"query-input\":{\"@type\":\"PropertyValueSpecification\",\"valueRequired\":true,\"valueName\":\"search_term_string\"}}],\"inLanguage\":\"az\"},{\"@type\":\"Organization\",\"@id\":\"https:\/\/climatemaster.ge\/#organization\",\"name\":\"Climate Master\",\"url\":\"https:\/\/climatemaster.ge\/\",\"logo\":{\"@type\":\"ImageObject\",\"inLanguage\":\"az\",\"@id\":\"https:\/\/climatemaster.ge\/#\/schema\/logo\/image\/\",\"url\":\"https:\/\/climatemaster.ge\/wp-content\/uploads\/2026\/03\/Untitled-2.png\",\"contentUrl\":\"https:\/\/climatemaster.ge\/wp-content\/uploads\/2026\/03\/Untitled-2.png\",\"width\":600,\"height\":338,\"caption\":\"Climate Master\"},\"image\":{\"@id\":\"https:\/\/climatemaster.ge\/#\/schema\/logo\/image\/\"}}]}<\/script>\n<!-- \/ Yoast SEO plugin. -->","yoast_head_json":{"title":"RWH VS Ke\/Kh Su il\u0259 soyudulmu\u015f soyuducu - Climate Master","robots":{"index":"index","follow":"follow","max-snippet":"max-snippet:-1","max-image-preview":"max-image-preview:large","max-video-preview":"max-video-preview:-1"},"canonical":"https:\/\/climatemaster.ge\/az\/product\/rwh-vs-ke-kh-water-cooled-chillers-water-condensed-for-indoor-installation-equipped-with-screw-compressors-full-inverter-and-shell-and-tube-exchanger\/","og_locale":"az_AZ","og_type":"article","og_title":"RWH VS Ke\/Kh Su il\u0259 soyudulmu\u015f soyuducu - Climate Master","og_description":"Soyutma g\u00fcc\u00fc 269 kVt-dan 2020 kVt-a q\u0259d\u0259r  RWH VS KE seriyal\u0131 modul tipli su il\u0259 soyudulmu\u015f soyuducular xarici qur\u011fular \u00fc\u00e7\u00fcn uy\u011fundur v\u0259 x\u00fcsusil\u0259 \u0259traf m\u00fchit\u0259 \u00e7ox a\u015fa\u011f\u0131 t\u0259sir, A sinfi s\u0259m\u0259r\u0259liliyi v\u0259 2016\/2281 AB Qaydalar\u0131nda m\u00fc\u0259yy\u0259n edilmi\u015f m\u00f6vs\u00fcmi s\u0259m\u0259r\u0259lilik t\u0259l\u0259bl\u0259rin\u0259 uy\u011funluq t\u0259l\u0259b olundu\u011fu s\u0259naye t\u0259tbiql\u0259ri v\u0259 ya kommersiya sektorunun kondisioner sisteml\u0259ri \u00fc\u00e7\u00fcn soyuducu maye h\u0259ll\u0259ri \u00fc\u00e7\u00fcn n\u0259z\u0259rd\u0259 tutulub.  Bu seriyan\u0131n b\u00f6lm\u0259l\u0259ri iki yar\u0131m hermetik vintli kompressorla t\u0259chiz edilmi\u015fdir; h\u0259r biri x\u00fcsusi xarici \u00e7evirici vasit\u0259sil\u0259 soyutma qabiliyy\u0259tin\u0259 daimi n\u0259zar\u0259t il\u0259 t\u0259min edilir, h\u0259r bir kompressor vahid m\u00fcst\u0259qil d\u00f6vr\u0259 \u00fcz\u0259rind\u0259 i\u015fl\u0259yir v\u0259 bununla da \u0259n y\u00fcks\u0259k etibarl\u0131l\u0131\u011f\u0131 t\u0259min edir.  B\u00fct\u00fcn qur\u011fular x\u00fcsusi keyfiyy\u0259t prosedurlar\u0131na riay\u0259t etm\u0259kl\u0259 tamamil\u0259 zavodda y\u0131\u011f\u0131l\u0131r v\u0259 s\u0131naqdan ke\u00e7irilir. Bundan \u0259lav\u0259, onlar hidravlik, soyuducu v\u0259 elektrikl\u0259 ba\u011fl\u0131d\u0131rlar, bu da saytda bir d\u0259f\u0259 tez qura\u015fd\u0131rmaya imkan verir. S\u0131naqdan \u0259vv\u0259l h\u0259r bir qur\u011funun soyutma sxeml\u0259ri t\u0259zyiq testin\u0259 m\u0259ruz qal\u0131r v\u0259 sonra soyuducu v\u0259 donmayan ya\u011fla doldurulur. Buna g\u00f6r\u0259 d\u0259, bir d\u0259f\u0259 sah\u0259y\u0259 g\u0259ldikd\u0259, aqreqatlar yaln\u0131z yerl\u0259\u015fdirilm\u0259li v\u0259 elektrik v\u0259 hidravlik olaraq birl\u0259\u015fdirilm\u0259lidir.","og_url":"https:\/\/climatemaster.ge\/az\/product\/rwh-vs-ke-kh-water-cooled-chillers-water-condensed-for-indoor-installation-equipped-with-screw-compressors-full-inverter-and-shell-and-tube-exchanger\/","og_site_name":"Climate Master","article_modified_time":"2025-04-19T21:05:27+00:00","og_image":[{"width":2560,"height":2193,"url":"https:\/\/climatemaster.ge\/wp-content\/uploads\/2025\/04\/RWH-VS-Ke-Kh-scaled.png","type":"image\/png"}],"twitter_card":"summary_large_image","schema":{"@context":"https:\/\/schema.org","@graph":[{"@type":"WebPage","@id":"https:\/\/climatemaster.ge\/az\/product\/rwh-vs-ke-kh-water-cooled-chillers-water-condensed-for-indoor-installation-equipped-with-screw-compressors-full-inverter-and-shell-and-tube-exchanger\/","url":"https:\/\/climatemaster.ge\/az\/product\/rwh-vs-ke-kh-water-cooled-chillers-water-condensed-for-indoor-installation-equipped-with-screw-compressors-full-inverter-and-shell-and-tube-exchanger\/","name":"RWH VS Ke\/Kh Su il\u0259 soyudulmu\u015f soyuducu - Climate Master","isPartOf":{"@id":"https:\/\/climatemaster.ge\/#website"},"primaryImageOfPage":{"@id":"https:\/\/climatemaster.ge\/az\/product\/rwh-vs-ke-kh-water-cooled-chillers-water-condensed-for-indoor-installation-equipped-with-screw-compressors-full-inverter-and-shell-and-tube-exchanger\/#primaryimage"},"image":{"@id":"https:\/\/climatemaster.ge\/az\/product\/rwh-vs-ke-kh-water-cooled-chillers-water-condensed-for-indoor-installation-equipped-with-screw-compressors-full-inverter-and-shell-and-tube-exchanger\/#primaryimage"},"thumbnailUrl":"https:\/\/climatemaster.ge\/wp-content\/uploads\/2025\/04\/RWH-VS-Ke-Kh-scaled.png","datePublished":"2025-04-19T20:57:37+00:00","dateModified":"2025-04-19T21:05:27+00:00","breadcrumb":{"@id":"https:\/\/climatemaster.ge\/az\/product\/rwh-vs-ke-kh-water-cooled-chillers-water-condensed-for-indoor-installation-equipped-with-screw-compressors-full-inverter-and-shell-and-tube-exchanger\/#breadcrumb"},"inLanguage":"az","potentialAction":[{"@type":"ReadAction","target":["https:\/\/climatemaster.ge\/az\/product\/rwh-vs-ke-kh-water-cooled-chillers-water-condensed-for-indoor-installation-equipped-with-screw-compressors-full-inverter-and-shell-and-tube-exchanger\/"]}]},{"@type":"ImageObject","inLanguage":"az","@id":"https:\/\/climatemaster.ge\/az\/product\/rwh-vs-ke-kh-water-cooled-chillers-water-condensed-for-indoor-installation-equipped-with-screw-compressors-full-inverter-and-shell-and-tube-exchanger\/#primaryimage","url":"https:\/\/climatemaster.ge\/wp-content\/uploads\/2025\/04\/RWH-VS-Ke-Kh-scaled.png","contentUrl":"https:\/\/climatemaster.ge\/wp-content\/uploads\/2025\/04\/RWH-VS-Ke-Kh-scaled.png","width":2560,"height":2193},{"@type":"BreadcrumbList","@id":"https:\/\/climatemaster.ge\/az\/product\/rwh-vs-ke-kh-water-cooled-chillers-water-condensed-for-indoor-installation-equipped-with-screw-compressors-full-inverter-and-shell-and-tube-exchanger\/#breadcrumb","itemListElement":[{"@type":"ListItem","position":1,"name":"Home","item":"https:\/\/climatemaster.ge\/"},{"@type":"ListItem","position":2,"name":"M\u0259hsullar","item":"https:\/\/climatemaster.ge\/products\/"},{"@type":"ListItem","position":3,"name":"RWH VS Ke\/Kh Su il\u0259 soyudulmu\u015f soyuducu"}]},{"@type":"WebSite","@id":"https:\/\/climatemaster.ge\/#website","url":"https:\/\/climatemaster.ge\/","name":"Climate Master","description":"","publisher":{"@id":"https:\/\/climatemaster.ge\/#organization"},"potentialAction":[{"@type":"SearchAction","target":{"@type":"EntryPoint","urlTemplate":"https:\/\/climatemaster.ge\/?s={search_term_string}"},"query-input":{"@type":"PropertyValueSpecification","valueRequired":true,"valueName":"search_term_string"}}],"inLanguage":"az"},{"@type":"Organization","@id":"https:\/\/climatemaster.ge\/#organization","name":"Climate Master","url":"https:\/\/climatemaster.ge\/","logo":{"@type":"ImageObject","inLanguage":"az","@id":"https:\/\/climatemaster.ge\/#\/schema\/logo\/image\/","url":"https:\/\/climatemaster.ge\/wp-content\/uploads\/2026\/03\/Untitled-2.png","contentUrl":"https:\/\/climatemaster.ge\/wp-content\/uploads\/2026\/03\/Untitled-2.png","width":600,"height":338,"caption":"Climate Master"},"image":{"@id":"https:\/\/climatemaster.ge\/#\/schema\/logo\/image\/"}}]}},"_links":{"self":[{"href":"https:\/\/climatemaster.ge\/az\/wp-json\/wp\/v2\/product\/29956","targetHints":{"allow":["GET"]}}],"collection":[{"href":"https:\/\/climatemaster.ge\/az\/wp-json\/wp\/v2\/product"}],"about":[{"href":"https:\/\/climatemaster.ge\/az\/wp-json\/wp\/v2\/types\/product"}],"wp:featuredmedia":[{"embeddable":true,"href":"https:\/\/climatemaster.ge\/az\/wp-json\/wp\/v2\/media\/29951"}],"wp:attachment":[{"href":"https:\/\/climatemaster.ge\/az\/wp-json\/wp\/v2\/media?parent=29956"}],"wp:term":[{"taxonomy":"product_brand","embeddable":true,"href":"https:\/\/climatemaster.ge\/az\/wp-json\/wp\/v2\/product_brand?post=29956"},{"taxonomy":"product_cat","embeddable":true,"href":"https:\/\/climatemaster.ge\/az\/wp-json\/wp\/v2\/product_cat?post=29956"},{"taxonomy":"product_tag","embeddable":true,"href":"https:\/\/climatemaster.ge\/az\/wp-json\/wp\/v2\/product_tag?post=29956"}],"curies":[{"name":"wp","href":"https:\/\/api.w.org\/{rel}","templated":true}]}}