{"id":29943,"date":"2025-04-20T00:43:04","date_gmt":"2025-04-19T20:43:04","guid":{"rendered":"https:\/\/airsystems.ge\/shop\/product\/rah-vs-f-ke-kh-air-cooled-chillers-for-outdoor-installation-with-integrated-free-cooling-equipped-with-screw-inverter-compressors-and-axial-fans\/"},"modified":"2025-04-20T00:51:52","modified_gmt":"2025-04-19T20:51:52","slug":"rah-vs-f-ke-kh-air-cooled-chillers-for-outdoor-installation-with-integrated-free-cooling-equipped-with-screw-inverter-compressors-and-axial-fans","status":"publish","type":"product","link":"https:\/\/climatemaster.ge\/az\/product\/rah-vs-f-ke-kh-air-cooled-chillers-for-outdoor-installation-with-integrated-free-cooling-equipped-with-screw-inverter-compressors-and-axial-fans\/","title":{"rendered":"RAH VS F Ke\/Kh hava soyudulmu\u015f"},"content":{"rendered":"","protected":false},"excerpt":{"rendered":"<p><strong>Soyutma g\u00fcc\u00fc<\/strong> 308 kVt-dan 1837 KV-a q\u0259d\u0259r<\/p>\n<p>\u0130nteqrasiya edilmi\u015f s\u0259rb\u0259st soyutma b\u00f6lm\u0259si olan RAH VS F eries qabla\u015fd\u0131r\u0131lm\u0131\u015f hava il\u0259 soyudulmu\u015f soyuducular\u0131 a\u00e7\u0131q havada qura\u015fd\u0131rma \u00fc\u00e7\u00fcn uy\u011fundur v\u0259 kondisioner v\u0259 ya s\u0259naye t\u0259tbiql\u0259ri \u00fc\u00e7\u00fcn qlikol maye m\u0259hlullar\u0131n\u0131 soyutmaq \u00fc\u00e7\u00fcn istifad\u0259 edil\u0259 bil\u0259r.<\/p>\n<p>Yar\u0131 hermetik vida \u00e7evirici texnologiyas\u0131, soyutma qabiliyy\u0259tin\u0259 n\u0259zar\u0259t \u00fc\u00e7\u00fcn dig\u0259r \u0259n\u0259n\u0259vi sisteml\u0259rl\u0259 m\u00fcqayis\u0259d\u0259, qism\u0259n y\u00fckd\u0259 b\u00f6y\u00fck s\u0259m\u0259r\u0259liliyin art\u0131r\u0131lmas\u0131na imkan verir.<\/p>\n<p>\u0130nteqrasiya edilmi\u015f pulsuz soyutma b\u00f6lm\u0259si b\u00f6y\u00fck enerji s\u0259rfiyyat\u0131 olmadan xarici havadan soyutma qabiliyy\u0259tini qism\u0259n v\u0259 ya tamamil\u0259 b\u0259rpa etm\u0259y\u0259 imkan verir. B\u00f6lm\u0259l\u0259r soyudulacaq maye il\u0259 k\u0259si\u015f\u0259n v\u0259 kondensator fanatlar\u0131 t\u0259r\u0259find\u0259n yarad\u0131lan tam hava ax\u0131n\u0131 il\u0259 s\u0259rmay\u0259 qoyulan \u0259lav\u0259 bir rulonla t\u0259chiz edilmi\u015fdir.<\/p>\n<p>Y\u00fcks\u0259k s\u0259m\u0259r\u0259li qanadl\u0131 d\u0259yi\u015fdiricil\u0259rin istifad\u0259 olunan soyuducunun termofiziki t\u0259mizliyi il\u0259 birl\u0259\u015fm\u0259si, v\u0259ziyy\u0259tin d\u0259yi\u015fm\u0259si zaman\u0131 dem\u0259k olar ki, s\u00fcr\u00fc\u015fm\u0259z, mexaniki \u0259m\u0259liyyatda nominal EER-in 3-\u0259 yax\u0131n, ESEER-in 5-d\u0259n yuxar\u0131 olmas\u0131na imkan verir.<\/p>\n<p>Bu qur\u011fular m\u0259hdud yer t\u0259l\u0259bl\u0259ri n\u0259z\u0259r\u0259 al\u0131nmaqla v\u0259 eyni zamanda y\u00fcks\u0259k soyutma performans\u0131n\u0131 saxlamaqla dizayn edilmi\u015fdir. Bel\u0259 n\u0259tic\u0259 y\u00fcks\u0259k keyfiyy\u0259tli v\u0259 m\u00fcasir komponentl\u0259rl\u0259 \u0259ld\u0259 edilmi\u015fdir.<br \/>\nB\u00fct\u00fcn aqreqatlar fabrikd\u0259 x\u00fcsusi keyfiyy\u0259t prosedurlar\u0131 il\u0259 tam y\u0131\u011f\u0131l\u0131r v\u0259 s\u0131naqdan ke\u00e7irilir v\u0259 saytda tez qura\u015fd\u0131rma \u00fc\u00e7\u00fcn b\u00fct\u00fcn laz\u0131mi hidravlik, soyuducu v\u0259 elektrik birl\u0259\u015fm\u0259l\u0259ri il\u0259 t\u0259chiz olunub.<\/p>\n<p>Zavod s\u0131naqdan \u0259vv\u0259l, soyutma sxeml\u0259ri t\u0259zyiq alt\u0131nda s\u0131naqdan ke\u00e7irilir v\u0259 sonra soyuducu v\u0259 donmayan ya\u011f y\u00fck\u00fc il\u0259 t\u0259chiz edilir.<\/p>\n","protected":false},"featured_media":29938,"template":"","meta":[],"product_brand":[],"product_cat":[1238,1232,875],"product_tag":[],"class_list":{"0":"post-29943","1":"product","2":"type-product","3":"status-publish","4":"has-post-thumbnail","6":"product_cat-soyudulmus-hava-cooled-chiller-il-az","7":"product_cat-chiller-hava-soyudulmus-az","8":"product_cat-snaye-az-kondisionerlr","10":"first","11":"instock","12":"shipping-taxable","13":"product-type-simple"},"yoast_head":"<!-- This site is optimized with the Yoast SEO plugin v27.1.1 - https:\/\/yoast.com\/product\/yoast-seo-wordpress\/ -->\n<title>RAH VS F Ke\/Kh hava soyudulmu\u015f - Climate Master<\/title>\n<meta name=\"robots\" content=\"index, follow, max-snippet:-1, max-image-preview:large, max-video-preview:-1\" \/>\n<link rel=\"canonical\" href=\"https:\/\/climatemaster.ge\/az\/product\/rah-vs-f-ke-kh-air-cooled-chillers-for-outdoor-installation-with-integrated-free-cooling-equipped-with-screw-inverter-compressors-and-axial-fans\/\" \/>\n<meta property=\"og:locale\" content=\"az_AZ\" \/>\n<meta property=\"og:type\" content=\"article\" \/>\n<meta property=\"og:title\" content=\"RAH VS F Ke\/Kh hava soyudulmu\u015f - Climate Master\" \/>\n<meta property=\"og:description\" content=\"Soyutma g\u00fcc\u00fc 308 kVt-dan 1837 KV-a q\u0259d\u0259r  \u0130nteqrasiya edilmi\u015f s\u0259rb\u0259st soyutma b\u00f6lm\u0259si olan RAH VS F eries qabla\u015fd\u0131r\u0131lm\u0131\u015f hava il\u0259 soyudulmu\u015f soyuducular\u0131 a\u00e7\u0131q havada qura\u015fd\u0131rma \u00fc\u00e7\u00fcn uy\u011fundur v\u0259 kondisioner v\u0259 ya s\u0259naye t\u0259tbiql\u0259ri \u00fc\u00e7\u00fcn qlikol maye m\u0259hlullar\u0131n\u0131 soyutmaq \u00fc\u00e7\u00fcn istifad\u0259 edil\u0259 bil\u0259r.  Yar\u0131 hermetik vida \u00e7evirici texnologiyas\u0131, soyutma qabiliyy\u0259tin\u0259 n\u0259zar\u0259t \u00fc\u00e7\u00fcn dig\u0259r \u0259n\u0259n\u0259vi sisteml\u0259rl\u0259 m\u00fcqayis\u0259d\u0259, qism\u0259n y\u00fckd\u0259 b\u00f6y\u00fck s\u0259m\u0259r\u0259liliyin art\u0131r\u0131lmas\u0131na imkan verir.  \u0130nteqrasiya edilmi\u015f pulsuz soyutma b\u00f6lm\u0259si b\u00f6y\u00fck enerji s\u0259rfiyyat\u0131 olmadan xarici havadan soyutma qabiliyy\u0259tini qism\u0259n v\u0259 ya tamamil\u0259 b\u0259rpa etm\u0259y\u0259 imkan verir. B\u00f6lm\u0259l\u0259r soyudulacaq maye il\u0259 k\u0259si\u015f\u0259n v\u0259 kondensator fanatlar\u0131 t\u0259r\u0259find\u0259n yarad\u0131lan tam hava ax\u0131n\u0131 il\u0259 s\u0259rmay\u0259 qoyulan \u0259lav\u0259 bir rulonla t\u0259chiz edilmi\u015fdir.  Y\u00fcks\u0259k s\u0259m\u0259r\u0259li qanadl\u0131 d\u0259yi\u015fdiricil\u0259rin istifad\u0259 olunan soyuducunun termofiziki t\u0259mizliyi il\u0259 birl\u0259\u015fm\u0259si, v\u0259ziyy\u0259tin d\u0259yi\u015fm\u0259si zaman\u0131 dem\u0259k olar ki, s\u00fcr\u00fc\u015fm\u0259z, mexaniki \u0259m\u0259liyyatda nominal EER-in 3-\u0259 yax\u0131n, ESEER-in 5-d\u0259n yuxar\u0131 olmas\u0131na imkan verir.  Bu qur\u011fular m\u0259hdud yer t\u0259l\u0259bl\u0259ri n\u0259z\u0259r\u0259 al\u0131nmaqla v\u0259 eyni zamanda y\u00fcks\u0259k soyutma performans\u0131n\u0131 saxlamaqla dizayn edilmi\u015fdir. Bel\u0259 n\u0259tic\u0259 y\u00fcks\u0259k keyfiyy\u0259tli v\u0259 m\u00fcasir komponentl\u0259rl\u0259 \u0259ld\u0259 edilmi\u015fdir. B\u00fct\u00fcn aqreqatlar fabrikd\u0259 x\u00fcsusi keyfiyy\u0259t prosedurlar\u0131 il\u0259 tam y\u0131\u011f\u0131l\u0131r v\u0259 s\u0131naqdan ke\u00e7irilir v\u0259 saytda tez qura\u015fd\u0131rma \u00fc\u00e7\u00fcn b\u00fct\u00fcn laz\u0131mi hidravlik, soyuducu v\u0259 elektrik birl\u0259\u015fm\u0259l\u0259ri il\u0259 t\u0259chiz olunub.  Zavod s\u0131naqdan \u0259vv\u0259l, soyutma sxeml\u0259ri t\u0259zyiq alt\u0131nda s\u0131naqdan ke\u00e7irilir v\u0259 sonra soyuducu v\u0259 donmayan ya\u011f y\u00fck\u00fc il\u0259 t\u0259chiz edilir.\" \/>\n<meta property=\"og:url\" content=\"https:\/\/climatemaster.ge\/az\/product\/rah-vs-f-ke-kh-air-cooled-chillers-for-outdoor-installation-with-integrated-free-cooling-equipped-with-screw-inverter-compressors-and-axial-fans\/\" \/>\n<meta property=\"og:site_name\" content=\"Climate Master\" \/>\n<meta property=\"article:modified_time\" content=\"2025-04-19T20:51:52+00:00\" \/>\n<meta property=\"og:image\" content=\"https:\/\/climatemaster.ge\/wp-content\/uploads\/2025\/04\/RAH-VS-F-Ke-Kh-qguf7yut6e2zw67in1usj68hn6ms5bu5f4cej7uyom.png\" \/>\n\t<meta property=\"og:image:width\" content=\"840\" \/>\n\t<meta property=\"og:image:height\" content=\"719\" \/>\n\t<meta property=\"og:image:type\" content=\"image\/png\" \/>\n<meta name=\"twitter:card\" content=\"summary_large_image\" \/>\n<script type=\"application\/ld+json\" class=\"yoast-schema-graph\">{\"@context\":\"https:\/\/schema.org\",\"@graph\":[{\"@type\":\"WebPage\",\"@id\":\"https:\/\/climatemaster.ge\/az\/product\/rah-vs-f-ke-kh-air-cooled-chillers-for-outdoor-installation-with-integrated-free-cooling-equipped-with-screw-inverter-compressors-and-axial-fans\/\",\"url\":\"https:\/\/climatemaster.ge\/az\/product\/rah-vs-f-ke-kh-air-cooled-chillers-for-outdoor-installation-with-integrated-free-cooling-equipped-with-screw-inverter-compressors-and-axial-fans\/\",\"name\":\"RAH VS F Ke\/Kh hava soyudulmu\u015f - Climate Master\",\"isPartOf\":{\"@id\":\"https:\/\/climatemaster.ge\/#website\"},\"primaryImageOfPage\":{\"@id\":\"https:\/\/climatemaster.ge\/az\/product\/rah-vs-f-ke-kh-air-cooled-chillers-for-outdoor-installation-with-integrated-free-cooling-equipped-with-screw-inverter-compressors-and-axial-fans\/#primaryimage\"},\"image\":{\"@id\":\"https:\/\/climatemaster.ge\/az\/product\/rah-vs-f-ke-kh-air-cooled-chillers-for-outdoor-installation-with-integrated-free-cooling-equipped-with-screw-inverter-compressors-and-axial-fans\/#primaryimage\"},\"thumbnailUrl\":\"https:\/\/climatemaster.ge\/wp-content\/uploads\/2025\/04\/RAH-VS-F-Ke-Kh-qguf7yut6e2zw67in1usj68hn6ms5bu5f4cej7uyom.png\",\"datePublished\":\"2025-04-19T20:43:04+00:00\",\"dateModified\":\"2025-04-19T20:51:52+00:00\",\"breadcrumb\":{\"@id\":\"https:\/\/climatemaster.ge\/az\/product\/rah-vs-f-ke-kh-air-cooled-chillers-for-outdoor-installation-with-integrated-free-cooling-equipped-with-screw-inverter-compressors-and-axial-fans\/#breadcrumb\"},\"inLanguage\":\"az\",\"potentialAction\":[{\"@type\":\"ReadAction\",\"target\":[\"https:\/\/climatemaster.ge\/az\/product\/rah-vs-f-ke-kh-air-cooled-chillers-for-outdoor-installation-with-integrated-free-cooling-equipped-with-screw-inverter-compressors-and-axial-fans\/\"]}]},{\"@type\":\"ImageObject\",\"inLanguage\":\"az\",\"@id\":\"https:\/\/climatemaster.ge\/az\/product\/rah-vs-f-ke-kh-air-cooled-chillers-for-outdoor-installation-with-integrated-free-cooling-equipped-with-screw-inverter-compressors-and-axial-fans\/#primaryimage\",\"url\":\"https:\/\/climatemaster.ge\/wp-content\/uploads\/2025\/04\/RAH-VS-F-Ke-Kh-qguf7yut6e2zw67in1usj68hn6ms5bu5f4cej7uyom.png\",\"contentUrl\":\"https:\/\/climatemaster.ge\/wp-content\/uploads\/2025\/04\/RAH-VS-F-Ke-Kh-qguf7yut6e2zw67in1usj68hn6ms5bu5f4cej7uyom.png\",\"width\":840,\"height\":719},{\"@type\":\"BreadcrumbList\",\"@id\":\"https:\/\/climatemaster.ge\/az\/product\/rah-vs-f-ke-kh-air-cooled-chillers-for-outdoor-installation-with-integrated-free-cooling-equipped-with-screw-inverter-compressors-and-axial-fans\/#breadcrumb\",\"itemListElement\":[{\"@type\":\"ListItem\",\"position\":1,\"name\":\"Home\",\"item\":\"https:\/\/climatemaster.ge\/\"},{\"@type\":\"ListItem\",\"position\":2,\"name\":\"M\u0259hsullar\",\"item\":\"https:\/\/climatemaster.ge\/products\/\"},{\"@type\":\"ListItem\",\"position\":3,\"name\":\"RAH VS F Ke\/Kh hava soyudulmu\u015f\"}]},{\"@type\":\"WebSite\",\"@id\":\"https:\/\/climatemaster.ge\/#website\",\"url\":\"https:\/\/climatemaster.ge\/\",\"name\":\"Climate Master\",\"description\":\"\",\"publisher\":{\"@id\":\"https:\/\/climatemaster.ge\/#organization\"},\"potentialAction\":[{\"@type\":\"SearchAction\",\"target\":{\"@type\":\"EntryPoint\",\"urlTemplate\":\"https:\/\/climatemaster.ge\/?s={search_term_string}\"},\"query-input\":{\"@type\":\"PropertyValueSpecification\",\"valueRequired\":true,\"valueName\":\"search_term_string\"}}],\"inLanguage\":\"az\"},{\"@type\":\"Organization\",\"@id\":\"https:\/\/climatemaster.ge\/#organization\",\"name\":\"Climate Master\",\"url\":\"https:\/\/climatemaster.ge\/\",\"logo\":{\"@type\":\"ImageObject\",\"inLanguage\":\"az\",\"@id\":\"https:\/\/climatemaster.ge\/#\/schema\/logo\/image\/\",\"url\":\"https:\/\/climatemaster.ge\/wp-content\/uploads\/2026\/03\/Untitled-2.png\",\"contentUrl\":\"https:\/\/climatemaster.ge\/wp-content\/uploads\/2026\/03\/Untitled-2.png\",\"width\":600,\"height\":338,\"caption\":\"Climate Master\"},\"image\":{\"@id\":\"https:\/\/climatemaster.ge\/#\/schema\/logo\/image\/\"}}]}<\/script>\n<!-- \/ Yoast SEO plugin. -->","yoast_head_json":{"title":"RAH VS F Ke\/Kh hava soyudulmu\u015f - Climate Master","robots":{"index":"index","follow":"follow","max-snippet":"max-snippet:-1","max-image-preview":"max-image-preview:large","max-video-preview":"max-video-preview:-1"},"canonical":"https:\/\/climatemaster.ge\/az\/product\/rah-vs-f-ke-kh-air-cooled-chillers-for-outdoor-installation-with-integrated-free-cooling-equipped-with-screw-inverter-compressors-and-axial-fans\/","og_locale":"az_AZ","og_type":"article","og_title":"RAH VS F Ke\/Kh hava soyudulmu\u015f - Climate Master","og_description":"Soyutma g\u00fcc\u00fc 308 kVt-dan 1837 KV-a q\u0259d\u0259r  \u0130nteqrasiya edilmi\u015f s\u0259rb\u0259st soyutma b\u00f6lm\u0259si olan RAH VS F eries qabla\u015fd\u0131r\u0131lm\u0131\u015f hava il\u0259 soyudulmu\u015f soyuducular\u0131 a\u00e7\u0131q havada qura\u015fd\u0131rma \u00fc\u00e7\u00fcn uy\u011fundur v\u0259 kondisioner v\u0259 ya s\u0259naye t\u0259tbiql\u0259ri \u00fc\u00e7\u00fcn qlikol maye m\u0259hlullar\u0131n\u0131 soyutmaq \u00fc\u00e7\u00fcn istifad\u0259 edil\u0259 bil\u0259r.  Yar\u0131 hermetik vida \u00e7evirici texnologiyas\u0131, soyutma qabiliyy\u0259tin\u0259 n\u0259zar\u0259t \u00fc\u00e7\u00fcn dig\u0259r \u0259n\u0259n\u0259vi sisteml\u0259rl\u0259 m\u00fcqayis\u0259d\u0259, qism\u0259n y\u00fckd\u0259 b\u00f6y\u00fck s\u0259m\u0259r\u0259liliyin art\u0131r\u0131lmas\u0131na imkan verir.  \u0130nteqrasiya edilmi\u015f pulsuz soyutma b\u00f6lm\u0259si b\u00f6y\u00fck enerji s\u0259rfiyyat\u0131 olmadan xarici havadan soyutma qabiliyy\u0259tini qism\u0259n v\u0259 ya tamamil\u0259 b\u0259rpa etm\u0259y\u0259 imkan verir. B\u00f6lm\u0259l\u0259r soyudulacaq maye il\u0259 k\u0259si\u015f\u0259n v\u0259 kondensator fanatlar\u0131 t\u0259r\u0259find\u0259n yarad\u0131lan tam hava ax\u0131n\u0131 il\u0259 s\u0259rmay\u0259 qoyulan \u0259lav\u0259 bir rulonla t\u0259chiz edilmi\u015fdir.  Y\u00fcks\u0259k s\u0259m\u0259r\u0259li qanadl\u0131 d\u0259yi\u015fdiricil\u0259rin istifad\u0259 olunan soyuducunun termofiziki t\u0259mizliyi il\u0259 birl\u0259\u015fm\u0259si, v\u0259ziyy\u0259tin d\u0259yi\u015fm\u0259si zaman\u0131 dem\u0259k olar ki, s\u00fcr\u00fc\u015fm\u0259z, mexaniki \u0259m\u0259liyyatda nominal EER-in 3-\u0259 yax\u0131n, ESEER-in 5-d\u0259n yuxar\u0131 olmas\u0131na imkan verir.  Bu qur\u011fular m\u0259hdud yer t\u0259l\u0259bl\u0259ri n\u0259z\u0259r\u0259 al\u0131nmaqla v\u0259 eyni zamanda y\u00fcks\u0259k soyutma performans\u0131n\u0131 saxlamaqla dizayn edilmi\u015fdir. Bel\u0259 n\u0259tic\u0259 y\u00fcks\u0259k keyfiyy\u0259tli v\u0259 m\u00fcasir komponentl\u0259rl\u0259 \u0259ld\u0259 edilmi\u015fdir. B\u00fct\u00fcn aqreqatlar fabrikd\u0259 x\u00fcsusi keyfiyy\u0259t prosedurlar\u0131 il\u0259 tam y\u0131\u011f\u0131l\u0131r v\u0259 s\u0131naqdan ke\u00e7irilir v\u0259 saytda tez qura\u015fd\u0131rma \u00fc\u00e7\u00fcn b\u00fct\u00fcn laz\u0131mi hidravlik, soyuducu v\u0259 elektrik birl\u0259\u015fm\u0259l\u0259ri il\u0259 t\u0259chiz olunub.  Zavod s\u0131naqdan \u0259vv\u0259l, soyutma sxeml\u0259ri t\u0259zyiq alt\u0131nda s\u0131naqdan ke\u00e7irilir v\u0259 sonra soyuducu v\u0259 donmayan ya\u011f y\u00fck\u00fc il\u0259 t\u0259chiz edilir.","og_url":"https:\/\/climatemaster.ge\/az\/product\/rah-vs-f-ke-kh-air-cooled-chillers-for-outdoor-installation-with-integrated-free-cooling-equipped-with-screw-inverter-compressors-and-axial-fans\/","og_site_name":"Climate Master","article_modified_time":"2025-04-19T20:51:52+00:00","og_image":[{"width":840,"height":719,"url":"https:\/\/climatemaster.ge\/wp-content\/uploads\/2025\/04\/RAH-VS-F-Ke-Kh-qguf7yut6e2zw67in1usj68hn6ms5bu5f4cej7uyom.png","type":"image\/png"}],"twitter_card":"summary_large_image","schema":{"@context":"https:\/\/schema.org","@graph":[{"@type":"WebPage","@id":"https:\/\/climatemaster.ge\/az\/product\/rah-vs-f-ke-kh-air-cooled-chillers-for-outdoor-installation-with-integrated-free-cooling-equipped-with-screw-inverter-compressors-and-axial-fans\/","url":"https:\/\/climatemaster.ge\/az\/product\/rah-vs-f-ke-kh-air-cooled-chillers-for-outdoor-installation-with-integrated-free-cooling-equipped-with-screw-inverter-compressors-and-axial-fans\/","name":"RAH VS F Ke\/Kh hava soyudulmu\u015f - Climate Master","isPartOf":{"@id":"https:\/\/climatemaster.ge\/#website"},"primaryImageOfPage":{"@id":"https:\/\/climatemaster.ge\/az\/product\/rah-vs-f-ke-kh-air-cooled-chillers-for-outdoor-installation-with-integrated-free-cooling-equipped-with-screw-inverter-compressors-and-axial-fans\/#primaryimage"},"image":{"@id":"https:\/\/climatemaster.ge\/az\/product\/rah-vs-f-ke-kh-air-cooled-chillers-for-outdoor-installation-with-integrated-free-cooling-equipped-with-screw-inverter-compressors-and-axial-fans\/#primaryimage"},"thumbnailUrl":"https:\/\/climatemaster.ge\/wp-content\/uploads\/2025\/04\/RAH-VS-F-Ke-Kh-qguf7yut6e2zw67in1usj68hn6ms5bu5f4cej7uyom.png","datePublished":"2025-04-19T20:43:04+00:00","dateModified":"2025-04-19T20:51:52+00:00","breadcrumb":{"@id":"https:\/\/climatemaster.ge\/az\/product\/rah-vs-f-ke-kh-air-cooled-chillers-for-outdoor-installation-with-integrated-free-cooling-equipped-with-screw-inverter-compressors-and-axial-fans\/#breadcrumb"},"inLanguage":"az","potentialAction":[{"@type":"ReadAction","target":["https:\/\/climatemaster.ge\/az\/product\/rah-vs-f-ke-kh-air-cooled-chillers-for-outdoor-installation-with-integrated-free-cooling-equipped-with-screw-inverter-compressors-and-axial-fans\/"]}]},{"@type":"ImageObject","inLanguage":"az","@id":"https:\/\/climatemaster.ge\/az\/product\/rah-vs-f-ke-kh-air-cooled-chillers-for-outdoor-installation-with-integrated-free-cooling-equipped-with-screw-inverter-compressors-and-axial-fans\/#primaryimage","url":"https:\/\/climatemaster.ge\/wp-content\/uploads\/2025\/04\/RAH-VS-F-Ke-Kh-qguf7yut6e2zw67in1usj68hn6ms5bu5f4cej7uyom.png","contentUrl":"https:\/\/climatemaster.ge\/wp-content\/uploads\/2025\/04\/RAH-VS-F-Ke-Kh-qguf7yut6e2zw67in1usj68hn6ms5bu5f4cej7uyom.png","width":840,"height":719},{"@type":"BreadcrumbList","@id":"https:\/\/climatemaster.ge\/az\/product\/rah-vs-f-ke-kh-air-cooled-chillers-for-outdoor-installation-with-integrated-free-cooling-equipped-with-screw-inverter-compressors-and-axial-fans\/#breadcrumb","itemListElement":[{"@type":"ListItem","position":1,"name":"Home","item":"https:\/\/climatemaster.ge\/"},{"@type":"ListItem","position":2,"name":"M\u0259hsullar","item":"https:\/\/climatemaster.ge\/products\/"},{"@type":"ListItem","position":3,"name":"RAH VS F Ke\/Kh hava soyudulmu\u015f"}]},{"@type":"WebSite","@id":"https:\/\/climatemaster.ge\/#website","url":"https:\/\/climatemaster.ge\/","name":"Climate Master","description":"","publisher":{"@id":"https:\/\/climatemaster.ge\/#organization"},"potentialAction":[{"@type":"SearchAction","target":{"@type":"EntryPoint","urlTemplate":"https:\/\/climatemaster.ge\/?s={search_term_string}"},"query-input":{"@type":"PropertyValueSpecification","valueRequired":true,"valueName":"search_term_string"}}],"inLanguage":"az"},{"@type":"Organization","@id":"https:\/\/climatemaster.ge\/#organization","name":"Climate Master","url":"https:\/\/climatemaster.ge\/","logo":{"@type":"ImageObject","inLanguage":"az","@id":"https:\/\/climatemaster.ge\/#\/schema\/logo\/image\/","url":"https:\/\/climatemaster.ge\/wp-content\/uploads\/2026\/03\/Untitled-2.png","contentUrl":"https:\/\/climatemaster.ge\/wp-content\/uploads\/2026\/03\/Untitled-2.png","width":600,"height":338,"caption":"Climate Master"},"image":{"@id":"https:\/\/climatemaster.ge\/#\/schema\/logo\/image\/"}}]}},"_links":{"self":[{"href":"https:\/\/climatemaster.ge\/az\/wp-json\/wp\/v2\/product\/29943","targetHints":{"allow":["GET"]}}],"collection":[{"href":"https:\/\/climatemaster.ge\/az\/wp-json\/wp\/v2\/product"}],"about":[{"href":"https:\/\/climatemaster.ge\/az\/wp-json\/wp\/v2\/types\/product"}],"wp:featuredmedia":[{"embeddable":true,"href":"https:\/\/climatemaster.ge\/az\/wp-json\/wp\/v2\/media\/29938"}],"wp:attachment":[{"href":"https:\/\/climatemaster.ge\/az\/wp-json\/wp\/v2\/media?parent=29943"}],"wp:term":[{"taxonomy":"product_brand","embeddable":true,"href":"https:\/\/climatemaster.ge\/az\/wp-json\/wp\/v2\/product_brand?post=29943"},{"taxonomy":"product_cat","embeddable":true,"href":"https:\/\/climatemaster.ge\/az\/wp-json\/wp\/v2\/product_cat?post=29943"},{"taxonomy":"product_tag","embeddable":true,"href":"https:\/\/climatemaster.ge\/az\/wp-json\/wp\/v2\/product_tag?post=29943"}],"curies":[{"name":"wp","href":"https:\/\/api.w.org\/{rel}","templated":true}]}}