{"id":29927,"date":"2025-04-19T23:53:36","date_gmt":"2025-04-19T19:53:36","guid":{"rendered":"https:\/\/airsystems.ge\/shop\/product\/rac-mc-he-ke-kh-rac-mc-he-ke-kh-high-efficiency-air-cooled-chillers-for-outdoor-installation-equipped-with-brushless-oil-free-turbocor-compressors-axial-fans-and-microchannel-condensing-coils\/"},"modified":"2025-04-20T00:32:51","modified_gmt":"2025-04-19T20:32:51","slug":"rac-mc-he-ke-kh-rac-mc-he-ke-kh-high-efficiency-air-cooled-chillers-for-outdoor-installation-equipped-with-brushless-oil-free-turbocor-compressors-axial-fans-and-microchannel-condensing-coils","status":"publish","type":"product","link":"https:\/\/climatemaster.ge\/az\/product\/rac-mc-he-ke-kh-rac-mc-he-ke-kh-high-efficiency-air-cooled-chillers-for-outdoor-installation-equipped-with-brushless-oil-free-turbocor-compressors-axial-fans-and-microchannel-condensing-coils\/","title":{"rendered":"RAC MC HE Ke\/Kh hava soyudulmu\u015f"},"content":{"rendered":"","protected":false},"excerpt":{"rendered":"<p><strong>Soyutma g\u00fcc\u00fc<\/strong> 443 kVt-dan 1396 KVt-a q\u0259d\u0259r<\/p>\n<p>RAC MC seriyal\u0131 monoblok hava il\u0259 soyudulmu\u015f soyuducular xarici qura\u015fd\u0131rma \u00fc\u00e7\u00fcn uy\u011fundur v\u0259 x\u00fcsusil\u0259 kondisioner v\u0259 s\u0259naye texnoloji qur\u011fular\u0131nda maye soyutma \u00fc\u00e7\u00fcn n\u0259z\u0259rd\u0259 tutulub, burada qism\u0259n y\u00fckl\u0259nm\u0259l\u0259rl\u0259 y\u00fcks\u0259k s\u0259m\u0259r\u0259lilik, sakitlik v\u0259 uzun \u00f6m\u00fcr t\u0259min edilm\u0259lidir.<\/p>\n<p>H\u0259m kompressor, h\u0259m d\u0259 kondensasiya b\u00f6lm\u0259sinin h\u0259ddind\u0259n art\u0131q y\u0131\u011fcaml\u0131\u011f\u0131, eyni soyutma qabiliyy\u0259tin\u0259 malik \u0259n\u0259n\u0259vi soyuducularla m\u00fcqayis\u0259d\u0259 y\u0131\u011fcam dizaynl\u0131 v\u0259 n\u0259tic\u0259d\u0259 \u00e7\u0259kisi azalan soyuducular istehsal etm\u0259y\u0259 imkan verdi. Soyutma d\u00f6vr\u0259sind\u0259 s\u00fcrtk\u00fc ya\u011f\u0131n\u0131n olmamas\u0131 il\u0259 \u0259laq\u0259li bu aspekt texniki xidm\u0259t x\u0259rcl\u0259rini \u0259h\u0259miyy\u0259tli d\u0259r\u0259c\u0259d\u0259 azaltma\u011fa v\u0259 qlobal istilik m\u00fcbadil\u0259si s\u0259thind\u0259 istilik d\u0259yi\u015fdiricil\u0259rind\u0259n maksimum istifad\u0259 etm\u0259y\u0259 imkan verir.<\/p>\n<p>B\u00fct\u00fcn qur\u011fular tamamil\u0259 zavodda y\u0131\u011f\u0131l\u0131r v\u0259 x\u00fcsusi keyfiyy\u0259t prosedurlar\u0131ndan sonra s\u0131naqdan ke\u00e7irilir. Onlar h\u0259m\u00e7inin tamamil\u0259 hidravlik v\u0259 elektrikl\u0259 ba\u011fl\u0131d\u0131rlar, buna g\u00f6r\u0259 d\u0259 yerind\u0259 olduqda onlar\u0131 tez bir zamanda qura\u015fd\u0131rmaq olar. Son s\u0131naqdan \u0259vv\u0259l soyutma d\u00f6vr\u0259l\u0259ri t\u0259zyiq s\u0131zd\u0131rmazl\u0131\u011f\u0131 yoxlan\u0131l\u0131r v\u0259 soyuducu il\u0259 doldurulur. Buna g\u00f6r\u0259 d\u0259, saytda bir d\u0259f\u0259, aqreqatlar yaln\u0131z yerl\u0259\u015fdirilm\u0259li v\u0259 hidravlik v\u0259 elektrikl\u0259 birl\u0259\u015fdirilm\u0259lidir.<\/p>\n","protected":false},"featured_media":29922,"template":"","meta":[],"product_brand":[],"product_cat":[1238,1232],"product_tag":[],"class_list":{"0":"post-29927","1":"product","2":"type-product","3":"status-publish","4":"has-post-thumbnail","6":"product_cat-soyudulmus-hava-cooled-chiller-il-az","7":"product_cat-chiller-hava-soyudulmus-az","9":"first","10":"instock","11":"shipping-taxable","12":"product-type-simple"},"yoast_head":"<!-- This site is optimized with the Yoast SEO plugin v27.1.1 - https:\/\/yoast.com\/product\/yoast-seo-wordpress\/ -->\n<title>RAC MC HE Ke\/Kh hava soyudulmu\u015f - Climate Master<\/title>\n<meta name=\"robots\" content=\"index, follow, max-snippet:-1, max-image-preview:large, max-video-preview:-1\" \/>\n<link rel=\"canonical\" href=\"https:\/\/climatemaster.ge\/az\/product\/rac-mc-he-ke-kh-rac-mc-he-ke-kh-high-efficiency-air-cooled-chillers-for-outdoor-installation-equipped-with-brushless-oil-free-turbocor-compressors-axial-fans-and-microchannel-condensing-coils\/\" \/>\n<meta property=\"og:locale\" content=\"az_AZ\" \/>\n<meta property=\"og:type\" content=\"article\" \/>\n<meta property=\"og:title\" content=\"RAC MC HE Ke\/Kh hava soyudulmu\u015f - Climate Master\" \/>\n<meta property=\"og:description\" content=\"Soyutma g\u00fcc\u00fc 443 kVt-dan 1396 KVt-a q\u0259d\u0259r  RAC MC seriyal\u0131 monoblok hava il\u0259 soyudulmu\u015f soyuducular xarici qura\u015fd\u0131rma \u00fc\u00e7\u00fcn uy\u011fundur v\u0259 x\u00fcsusil\u0259 kondisioner v\u0259 s\u0259naye texnoloji qur\u011fular\u0131nda maye soyutma \u00fc\u00e7\u00fcn n\u0259z\u0259rd\u0259 tutulub, burada qism\u0259n y\u00fckl\u0259nm\u0259l\u0259rl\u0259 y\u00fcks\u0259k s\u0259m\u0259r\u0259lilik, sakitlik v\u0259 uzun \u00f6m\u00fcr t\u0259min edilm\u0259lidir.  H\u0259m kompressor, h\u0259m d\u0259 kondensasiya b\u00f6lm\u0259sinin h\u0259ddind\u0259n art\u0131q y\u0131\u011fcaml\u0131\u011f\u0131, eyni soyutma qabiliyy\u0259tin\u0259 malik \u0259n\u0259n\u0259vi soyuducularla m\u00fcqayis\u0259d\u0259 y\u0131\u011fcam dizaynl\u0131 v\u0259 n\u0259tic\u0259d\u0259 \u00e7\u0259kisi azalan soyuducular istehsal etm\u0259y\u0259 imkan verdi. Soyutma d\u00f6vr\u0259sind\u0259 s\u00fcrtk\u00fc ya\u011f\u0131n\u0131n olmamas\u0131 il\u0259 \u0259laq\u0259li bu aspekt texniki xidm\u0259t x\u0259rcl\u0259rini \u0259h\u0259miyy\u0259tli d\u0259r\u0259c\u0259d\u0259 azaltma\u011fa v\u0259 qlobal istilik m\u00fcbadil\u0259si s\u0259thind\u0259 istilik d\u0259yi\u015fdiricil\u0259rind\u0259n maksimum istifad\u0259 etm\u0259y\u0259 imkan verir.  B\u00fct\u00fcn qur\u011fular tamamil\u0259 zavodda y\u0131\u011f\u0131l\u0131r v\u0259 x\u00fcsusi keyfiyy\u0259t prosedurlar\u0131ndan sonra s\u0131naqdan ke\u00e7irilir. Onlar h\u0259m\u00e7inin tamamil\u0259 hidravlik v\u0259 elektrikl\u0259 ba\u011fl\u0131d\u0131rlar, buna g\u00f6r\u0259 d\u0259 yerind\u0259 olduqda onlar\u0131 tez bir zamanda qura\u015fd\u0131rmaq olar. Son s\u0131naqdan \u0259vv\u0259l soyutma d\u00f6vr\u0259l\u0259ri t\u0259zyiq s\u0131zd\u0131rmazl\u0131\u011f\u0131 yoxlan\u0131l\u0131r v\u0259 soyuducu il\u0259 doldurulur. Buna g\u00f6r\u0259 d\u0259, saytda bir d\u0259f\u0259, aqreqatlar yaln\u0131z yerl\u0259\u015fdirilm\u0259li v\u0259 hidravlik v\u0259 elektrikl\u0259 birl\u0259\u015fdirilm\u0259lidir.\" \/>\n<meta property=\"og:url\" content=\"https:\/\/climatemaster.ge\/az\/product\/rac-mc-he-ke-kh-rac-mc-he-ke-kh-high-efficiency-air-cooled-chillers-for-outdoor-installation-equipped-with-brushless-oil-free-turbocor-compressors-axial-fans-and-microchannel-condensing-coils\/\" \/>\n<meta property=\"og:site_name\" content=\"Climate Master\" \/>\n<meta property=\"article:modified_time\" content=\"2025-04-19T20:32:51+00:00\" \/>\n<meta property=\"og:image\" content=\"https:\/\/climatemaster.ge\/wp-content\/uploads\/2025\/04\/RAC-MC-HE-Ke-Kh-qgueqh2wirlufqmyp30attjmutxy12wjqkca1p20i8.png\" \/>\n\t<meta property=\"og:image:width\" content=\"720\" \/>\n\t<meta property=\"og:image:height\" content=\"616\" \/>\n\t<meta property=\"og:image:type\" content=\"image\/png\" \/>\n<meta name=\"twitter:card\" content=\"summary_large_image\" \/>\n<script type=\"application\/ld+json\" class=\"yoast-schema-graph\">{\"@context\":\"https:\/\/schema.org\",\"@graph\":[{\"@type\":\"WebPage\",\"@id\":\"https:\/\/climatemaster.ge\/az\/product\/rac-mc-he-ke-kh-rac-mc-he-ke-kh-high-efficiency-air-cooled-chillers-for-outdoor-installation-equipped-with-brushless-oil-free-turbocor-compressors-axial-fans-and-microchannel-condensing-coils\/\",\"url\":\"https:\/\/climatemaster.ge\/az\/product\/rac-mc-he-ke-kh-rac-mc-he-ke-kh-high-efficiency-air-cooled-chillers-for-outdoor-installation-equipped-with-brushless-oil-free-turbocor-compressors-axial-fans-and-microchannel-condensing-coils\/\",\"name\":\"RAC MC HE Ke\/Kh hava soyudulmu\u015f - Climate Master\",\"isPartOf\":{\"@id\":\"https:\/\/climatemaster.ge\/#website\"},\"primaryImageOfPage\":{\"@id\":\"https:\/\/climatemaster.ge\/az\/product\/rac-mc-he-ke-kh-rac-mc-he-ke-kh-high-efficiency-air-cooled-chillers-for-outdoor-installation-equipped-with-brushless-oil-free-turbocor-compressors-axial-fans-and-microchannel-condensing-coils\/#primaryimage\"},\"image\":{\"@id\":\"https:\/\/climatemaster.ge\/az\/product\/rac-mc-he-ke-kh-rac-mc-he-ke-kh-high-efficiency-air-cooled-chillers-for-outdoor-installation-equipped-with-brushless-oil-free-turbocor-compressors-axial-fans-and-microchannel-condensing-coils\/#primaryimage\"},\"thumbnailUrl\":\"https:\/\/climatemaster.ge\/wp-content\/uploads\/2025\/04\/RAC-MC-HE-Ke-Kh-qgueqh2wirlufqmyp30attjmutxy12wjqkca1p20i8.png\",\"datePublished\":\"2025-04-19T19:53:36+00:00\",\"dateModified\":\"2025-04-19T20:32:51+00:00\",\"breadcrumb\":{\"@id\":\"https:\/\/climatemaster.ge\/az\/product\/rac-mc-he-ke-kh-rac-mc-he-ke-kh-high-efficiency-air-cooled-chillers-for-outdoor-installation-equipped-with-brushless-oil-free-turbocor-compressors-axial-fans-and-microchannel-condensing-coils\/#breadcrumb\"},\"inLanguage\":\"az\",\"potentialAction\":[{\"@type\":\"ReadAction\",\"target\":[\"https:\/\/climatemaster.ge\/az\/product\/rac-mc-he-ke-kh-rac-mc-he-ke-kh-high-efficiency-air-cooled-chillers-for-outdoor-installation-equipped-with-brushless-oil-free-turbocor-compressors-axial-fans-and-microchannel-condensing-coils\/\"]}]},{\"@type\":\"ImageObject\",\"inLanguage\":\"az\",\"@id\":\"https:\/\/climatemaster.ge\/az\/product\/rac-mc-he-ke-kh-rac-mc-he-ke-kh-high-efficiency-air-cooled-chillers-for-outdoor-installation-equipped-with-brushless-oil-free-turbocor-compressors-axial-fans-and-microchannel-condensing-coils\/#primaryimage\",\"url\":\"https:\/\/climatemaster.ge\/wp-content\/uploads\/2025\/04\/RAC-MC-HE-Ke-Kh-qgueqh2wirlufqmyp30attjmutxy12wjqkca1p20i8.png\",\"contentUrl\":\"https:\/\/climatemaster.ge\/wp-content\/uploads\/2025\/04\/RAC-MC-HE-Ke-Kh-qgueqh2wirlufqmyp30attjmutxy12wjqkca1p20i8.png\",\"width\":720,\"height\":616},{\"@type\":\"BreadcrumbList\",\"@id\":\"https:\/\/climatemaster.ge\/az\/product\/rac-mc-he-ke-kh-rac-mc-he-ke-kh-high-efficiency-air-cooled-chillers-for-outdoor-installation-equipped-with-brushless-oil-free-turbocor-compressors-axial-fans-and-microchannel-condensing-coils\/#breadcrumb\",\"itemListElement\":[{\"@type\":\"ListItem\",\"position\":1,\"name\":\"Home\",\"item\":\"https:\/\/climatemaster.ge\/\"},{\"@type\":\"ListItem\",\"position\":2,\"name\":\"M\u0259hsullar\",\"item\":\"https:\/\/climatemaster.ge\/products\/\"},{\"@type\":\"ListItem\",\"position\":3,\"name\":\"RAC MC HE Ke\/Kh hava soyudulmu\u015f\"}]},{\"@type\":\"WebSite\",\"@id\":\"https:\/\/climatemaster.ge\/#website\",\"url\":\"https:\/\/climatemaster.ge\/\",\"name\":\"Climate Master\",\"description\":\"\",\"publisher\":{\"@id\":\"https:\/\/climatemaster.ge\/#organization\"},\"potentialAction\":[{\"@type\":\"SearchAction\",\"target\":{\"@type\":\"EntryPoint\",\"urlTemplate\":\"https:\/\/climatemaster.ge\/?s={search_term_string}\"},\"query-input\":{\"@type\":\"PropertyValueSpecification\",\"valueRequired\":true,\"valueName\":\"search_term_string\"}}],\"inLanguage\":\"az\"},{\"@type\":\"Organization\",\"@id\":\"https:\/\/climatemaster.ge\/#organization\",\"name\":\"Climate Master\",\"url\":\"https:\/\/climatemaster.ge\/\",\"logo\":{\"@type\":\"ImageObject\",\"inLanguage\":\"az\",\"@id\":\"https:\/\/climatemaster.ge\/#\/schema\/logo\/image\/\",\"url\":\"https:\/\/climatemaster.ge\/wp-content\/uploads\/2026\/03\/Untitled-2.png\",\"contentUrl\":\"https:\/\/climatemaster.ge\/wp-content\/uploads\/2026\/03\/Untitled-2.png\",\"width\":600,\"height\":338,\"caption\":\"Climate Master\"},\"image\":{\"@id\":\"https:\/\/climatemaster.ge\/#\/schema\/logo\/image\/\"}}]}<\/script>\n<!-- \/ Yoast SEO plugin. -->","yoast_head_json":{"title":"RAC MC HE Ke\/Kh hava soyudulmu\u015f - Climate Master","robots":{"index":"index","follow":"follow","max-snippet":"max-snippet:-1","max-image-preview":"max-image-preview:large","max-video-preview":"max-video-preview:-1"},"canonical":"https:\/\/climatemaster.ge\/az\/product\/rac-mc-he-ke-kh-rac-mc-he-ke-kh-high-efficiency-air-cooled-chillers-for-outdoor-installation-equipped-with-brushless-oil-free-turbocor-compressors-axial-fans-and-microchannel-condensing-coils\/","og_locale":"az_AZ","og_type":"article","og_title":"RAC MC HE Ke\/Kh hava soyudulmu\u015f - Climate Master","og_description":"Soyutma g\u00fcc\u00fc 443 kVt-dan 1396 KVt-a q\u0259d\u0259r  RAC MC seriyal\u0131 monoblok hava il\u0259 soyudulmu\u015f soyuducular xarici qura\u015fd\u0131rma \u00fc\u00e7\u00fcn uy\u011fundur v\u0259 x\u00fcsusil\u0259 kondisioner v\u0259 s\u0259naye texnoloji qur\u011fular\u0131nda maye soyutma \u00fc\u00e7\u00fcn n\u0259z\u0259rd\u0259 tutulub, burada qism\u0259n y\u00fckl\u0259nm\u0259l\u0259rl\u0259 y\u00fcks\u0259k s\u0259m\u0259r\u0259lilik, sakitlik v\u0259 uzun \u00f6m\u00fcr t\u0259min edilm\u0259lidir.  H\u0259m kompressor, h\u0259m d\u0259 kondensasiya b\u00f6lm\u0259sinin h\u0259ddind\u0259n art\u0131q y\u0131\u011fcaml\u0131\u011f\u0131, eyni soyutma qabiliyy\u0259tin\u0259 malik \u0259n\u0259n\u0259vi soyuducularla m\u00fcqayis\u0259d\u0259 y\u0131\u011fcam dizaynl\u0131 v\u0259 n\u0259tic\u0259d\u0259 \u00e7\u0259kisi azalan soyuducular istehsal etm\u0259y\u0259 imkan verdi. Soyutma d\u00f6vr\u0259sind\u0259 s\u00fcrtk\u00fc ya\u011f\u0131n\u0131n olmamas\u0131 il\u0259 \u0259laq\u0259li bu aspekt texniki xidm\u0259t x\u0259rcl\u0259rini \u0259h\u0259miyy\u0259tli d\u0259r\u0259c\u0259d\u0259 azaltma\u011fa v\u0259 qlobal istilik m\u00fcbadil\u0259si s\u0259thind\u0259 istilik d\u0259yi\u015fdiricil\u0259rind\u0259n maksimum istifad\u0259 etm\u0259y\u0259 imkan verir.  B\u00fct\u00fcn qur\u011fular tamamil\u0259 zavodda y\u0131\u011f\u0131l\u0131r v\u0259 x\u00fcsusi keyfiyy\u0259t prosedurlar\u0131ndan sonra s\u0131naqdan ke\u00e7irilir. Onlar h\u0259m\u00e7inin tamamil\u0259 hidravlik v\u0259 elektrikl\u0259 ba\u011fl\u0131d\u0131rlar, buna g\u00f6r\u0259 d\u0259 yerind\u0259 olduqda onlar\u0131 tez bir zamanda qura\u015fd\u0131rmaq olar. Son s\u0131naqdan \u0259vv\u0259l soyutma d\u00f6vr\u0259l\u0259ri t\u0259zyiq s\u0131zd\u0131rmazl\u0131\u011f\u0131 yoxlan\u0131l\u0131r v\u0259 soyuducu il\u0259 doldurulur. Buna g\u00f6r\u0259 d\u0259, saytda bir d\u0259f\u0259, aqreqatlar yaln\u0131z yerl\u0259\u015fdirilm\u0259li v\u0259 hidravlik v\u0259 elektrikl\u0259 birl\u0259\u015fdirilm\u0259lidir.","og_url":"https:\/\/climatemaster.ge\/az\/product\/rac-mc-he-ke-kh-rac-mc-he-ke-kh-high-efficiency-air-cooled-chillers-for-outdoor-installation-equipped-with-brushless-oil-free-turbocor-compressors-axial-fans-and-microchannel-condensing-coils\/","og_site_name":"Climate Master","article_modified_time":"2025-04-19T20:32:51+00:00","og_image":[{"width":720,"height":616,"url":"https:\/\/climatemaster.ge\/wp-content\/uploads\/2025\/04\/RAC-MC-HE-Ke-Kh-qgueqh2wirlufqmyp30attjmutxy12wjqkca1p20i8.png","type":"image\/png"}],"twitter_card":"summary_large_image","schema":{"@context":"https:\/\/schema.org","@graph":[{"@type":"WebPage","@id":"https:\/\/climatemaster.ge\/az\/product\/rac-mc-he-ke-kh-rac-mc-he-ke-kh-high-efficiency-air-cooled-chillers-for-outdoor-installation-equipped-with-brushless-oil-free-turbocor-compressors-axial-fans-and-microchannel-condensing-coils\/","url":"https:\/\/climatemaster.ge\/az\/product\/rac-mc-he-ke-kh-rac-mc-he-ke-kh-high-efficiency-air-cooled-chillers-for-outdoor-installation-equipped-with-brushless-oil-free-turbocor-compressors-axial-fans-and-microchannel-condensing-coils\/","name":"RAC MC HE Ke\/Kh hava soyudulmu\u015f - Climate Master","isPartOf":{"@id":"https:\/\/climatemaster.ge\/#website"},"primaryImageOfPage":{"@id":"https:\/\/climatemaster.ge\/az\/product\/rac-mc-he-ke-kh-rac-mc-he-ke-kh-high-efficiency-air-cooled-chillers-for-outdoor-installation-equipped-with-brushless-oil-free-turbocor-compressors-axial-fans-and-microchannel-condensing-coils\/#primaryimage"},"image":{"@id":"https:\/\/climatemaster.ge\/az\/product\/rac-mc-he-ke-kh-rac-mc-he-ke-kh-high-efficiency-air-cooled-chillers-for-outdoor-installation-equipped-with-brushless-oil-free-turbocor-compressors-axial-fans-and-microchannel-condensing-coils\/#primaryimage"},"thumbnailUrl":"https:\/\/climatemaster.ge\/wp-content\/uploads\/2025\/04\/RAC-MC-HE-Ke-Kh-qgueqh2wirlufqmyp30attjmutxy12wjqkca1p20i8.png","datePublished":"2025-04-19T19:53:36+00:00","dateModified":"2025-04-19T20:32:51+00:00","breadcrumb":{"@id":"https:\/\/climatemaster.ge\/az\/product\/rac-mc-he-ke-kh-rac-mc-he-ke-kh-high-efficiency-air-cooled-chillers-for-outdoor-installation-equipped-with-brushless-oil-free-turbocor-compressors-axial-fans-and-microchannel-condensing-coils\/#breadcrumb"},"inLanguage":"az","potentialAction":[{"@type":"ReadAction","target":["https:\/\/climatemaster.ge\/az\/product\/rac-mc-he-ke-kh-rac-mc-he-ke-kh-high-efficiency-air-cooled-chillers-for-outdoor-installation-equipped-with-brushless-oil-free-turbocor-compressors-axial-fans-and-microchannel-condensing-coils\/"]}]},{"@type":"ImageObject","inLanguage":"az","@id":"https:\/\/climatemaster.ge\/az\/product\/rac-mc-he-ke-kh-rac-mc-he-ke-kh-high-efficiency-air-cooled-chillers-for-outdoor-installation-equipped-with-brushless-oil-free-turbocor-compressors-axial-fans-and-microchannel-condensing-coils\/#primaryimage","url":"https:\/\/climatemaster.ge\/wp-content\/uploads\/2025\/04\/RAC-MC-HE-Ke-Kh-qgueqh2wirlufqmyp30attjmutxy12wjqkca1p20i8.png","contentUrl":"https:\/\/climatemaster.ge\/wp-content\/uploads\/2025\/04\/RAC-MC-HE-Ke-Kh-qgueqh2wirlufqmyp30attjmutxy12wjqkca1p20i8.png","width":720,"height":616},{"@type":"BreadcrumbList","@id":"https:\/\/climatemaster.ge\/az\/product\/rac-mc-he-ke-kh-rac-mc-he-ke-kh-high-efficiency-air-cooled-chillers-for-outdoor-installation-equipped-with-brushless-oil-free-turbocor-compressors-axial-fans-and-microchannel-condensing-coils\/#breadcrumb","itemListElement":[{"@type":"ListItem","position":1,"name":"Home","item":"https:\/\/climatemaster.ge\/"},{"@type":"ListItem","position":2,"name":"M\u0259hsullar","item":"https:\/\/climatemaster.ge\/products\/"},{"@type":"ListItem","position":3,"name":"RAC MC HE Ke\/Kh hava soyudulmu\u015f"}]},{"@type":"WebSite","@id":"https:\/\/climatemaster.ge\/#website","url":"https:\/\/climatemaster.ge\/","name":"Climate Master","description":"","publisher":{"@id":"https:\/\/climatemaster.ge\/#organization"},"potentialAction":[{"@type":"SearchAction","target":{"@type":"EntryPoint","urlTemplate":"https:\/\/climatemaster.ge\/?s={search_term_string}"},"query-input":{"@type":"PropertyValueSpecification","valueRequired":true,"valueName":"search_term_string"}}],"inLanguage":"az"},{"@type":"Organization","@id":"https:\/\/climatemaster.ge\/#organization","name":"Climate Master","url":"https:\/\/climatemaster.ge\/","logo":{"@type":"ImageObject","inLanguage":"az","@id":"https:\/\/climatemaster.ge\/#\/schema\/logo\/image\/","url":"https:\/\/climatemaster.ge\/wp-content\/uploads\/2026\/03\/Untitled-2.png","contentUrl":"https:\/\/climatemaster.ge\/wp-content\/uploads\/2026\/03\/Untitled-2.png","width":600,"height":338,"caption":"Climate Master"},"image":{"@id":"https:\/\/climatemaster.ge\/#\/schema\/logo\/image\/"}}]}},"_links":{"self":[{"href":"https:\/\/climatemaster.ge\/az\/wp-json\/wp\/v2\/product\/29927","targetHints":{"allow":["GET"]}}],"collection":[{"href":"https:\/\/climatemaster.ge\/az\/wp-json\/wp\/v2\/product"}],"about":[{"href":"https:\/\/climatemaster.ge\/az\/wp-json\/wp\/v2\/types\/product"}],"wp:featuredmedia":[{"embeddable":true,"href":"https:\/\/climatemaster.ge\/az\/wp-json\/wp\/v2\/media\/29922"}],"wp:attachment":[{"href":"https:\/\/climatemaster.ge\/az\/wp-json\/wp\/v2\/media?parent=29927"}],"wp:term":[{"taxonomy":"product_brand","embeddable":true,"href":"https:\/\/climatemaster.ge\/az\/wp-json\/wp\/v2\/product_brand?post=29927"},{"taxonomy":"product_cat","embeddable":true,"href":"https:\/\/climatemaster.ge\/az\/wp-json\/wp\/v2\/product_cat?post=29927"},{"taxonomy":"product_tag","embeddable":true,"href":"https:\/\/climatemaster.ge\/az\/wp-json\/wp\/v2\/product_tag?post=29927"}],"curies":[{"name":"wp","href":"https:\/\/api.w.org\/{rel}","templated":true}]}}