{"id":29147,"date":"2025-04-10T23:34:17","date_gmt":"2025-04-10T19:34:17","guid":{"rendered":"https:\/\/airsystems.ge\/shop\/product\/dantherm-ecoline-air-handling-system\/"},"modified":"2025-04-10T23:45:50","modified_gmt":"2025-04-10T19:45:50","slug":"dantherm-ecoline-air-handling-system","status":"publish","type":"product","link":"https:\/\/climatemaster.ge\/az\/product\/dantherm-ecoline-air-handling-system\/","title":{"rendered":"Dantherm ECOline \u2013 hava idar\u0259etm\u0259 sistemi"},"content":{"rendered":"<section class=\"max-w-[1088px] mx-auto w-full px-5 my-10 md:my-12 lg:my-16 xl:my-20 xl:px-0\" data-block=\"bullet-list\">\n<div class=\"md:text-center\">\n<p><strong>\u018fsas x\u00fcsusiyy\u0259tl\u0259r<\/strong><br \/>\n100% iqlim n\u0259zar\u0259ti<br \/>\nBazarda enerji bax\u0131m\u0131ndan \u0259n s\u0259m\u0259r\u0259li h\u0259ll<br \/>\nDaha az v\u0259 asan t\u0259mir<br \/>\nSad\u0259 v\u0259 s\u00fcr\u0259tli istifad\u0259\u00e7i dostu qura\u015fd\u0131rma<br \/>\nEhtiyaclar\u0131n\u0131za uy\u011funla\u015fd\u0131r\u0131lm\u0131\u015fd\u0131r<br \/>\nFunksional v\u0259 m\u0259hsul z\u0259man\u0259ti<br \/>\nM\u00fcqayis\u0259li h\u0259ll\u0259rd\u0259n 50%-\u0259 q\u0259d\u0259r a\u015fa\u011f\u0131 \u0259m\u0259liyyat x\u0259rcl\u0259ri<\/p>\n<p><strong>Havaland\u0131rma b\u00f6lm\u0259si:<\/strong><\/p>\n<p>Bu h\u0259ll ard\u0131c\u0131l v\u0259 optimal \u015f\u0259rait yaratmaq \u00fc\u00e7\u00fcn ventilyasiya, z\u0259ruri t\u0259miz hava m\u00fcbadil\u0259si v\u0259 otaqlarda hava sirkulyasiyas\u0131n\u0131 idar\u0259 edir. T\u0259miz havan\u0131n nisb\u0259ti 0-100% aras\u0131nda d\u0259yi\u015f\u0259 bil\u0259r v\u0259 sistemin bir \u00e7ox i\u015f rejimi (g\u00fcnd\u00fcz, gec\u0259, doluluq v\u0259 s.) varsa, h\u0259r bir f\u0259rdi layih\u0259nin t\u0259l\u0259bl\u0259ri v\u0259 m\u00fcxt\u0259lif \u0259m\u0259liyyat m\u0259rh\u0259l\u0259l\u0259rind\u0259ki t\u0259l\u0259bl\u0259r \u0259sas\u0131nda m\u00fc\u0259yy\u0259n edilir.<\/p>\n<p><strong>N\u0259ml\u0259ndirm\u0259 b\u00f6lm\u0259si:<\/strong><\/p>\n<p>N\u0259ml\u0259ndirm\u0259nin bir \u00e7ox formalar\u0131 v\u0259 m\u0259rh\u0259l\u0259l\u0259ri, el\u0259c\u0259 d\u0259 bu \u00fcsullar\u0131n kombinasiyas\u0131 istifad\u0259 edil\u0259 bil\u0259r:<\/p>\n<p>DanX CF qur\u011fusunda \u0259ks ax\u0131nl\u0131 istilik d\u0259yi\u015fdiricisind\u0259 r\u00fctub\u0259tin \u00e7\u0131xar\u0131lmas\u0131 yolu il\u0259 qurutma<br \/>\nSoyudulmu\u015f su v\u0259 n\u0259m qurutma vasit\u0259si il\u0259 qurutma<br \/>\nT\u0259miz hava istifad\u0259 ed\u0259r\u0259k n\u0259ml\u0259ndirm\u0259<\/p>\n<p><strong>Soyutma b\u00f6lm\u0259si:<\/strong><\/p>\n<p>Soyudulmu\u015f su v\u0259 ya birba\u015fa geni\u015fl\u0259nm\u0259 (DX) rulonlar\u0131ndan istifad\u0259 ed\u0259r\u0259k soyutma<br \/>\nDanX CF qur\u011fusunda istilik b\u0259rpas\u0131 vasit\u0259sil\u0259 soyutma<\/p>\n<p><strong>\u0130stilik b\u00f6lm\u0259si:<\/strong><\/p>\n<p>DanX CF qur\u011fusunda istilik b\u0259rpas\u0131<br \/>\nElektrikli v\u0259 ya hidronik istilik batareyas\u0131<br \/>\nDig\u0259r prosesl\u0259rd\u0259n g\u0259l\u0259n art\u0131q istilik istifad\u0259 edil\u0259 bil\u0259r<\/p>\n<p><strong>N\u0259ml\u0259ndirm\u0259 b\u00f6lm\u0259si:<\/strong><\/p>\n<p>Buxarland\u0131r\u0131c\u0131 v\u0259 ya buxar n\u0259ml\u0259ndiricil\u0259rind\u0259n istifad\u0259 ed\u0259r\u0259k n\u0259ml\u0259ndirm\u0259<\/p>\n<p><strong>Uy\u011fundur:<\/strong><br \/>\nK\u0259nd t\u0259s\u0259rr\u00fcfat\u0131<br \/>\nArxivl\u0259r v\u0259 m\u00fchafiz\u0259<br \/>\nAvtomobil<br \/>\nM\u0259lumat m\u0259rk\u0259zl\u0259ri v\u0259 telekommunikasiyalar<br \/>\nQida v\u0259 i\u00e7ki<br \/>\nS\u0259naye, fabrik v\u0259 istehsal<br \/>\nMuzeyl\u0259r v\u0259 qalereyalar<br \/>\n\u018fcza\u00e7\u0131l\u0131q v\u0259 elmi<br \/>\nAnbarlar v\u0259 anbarlar<\/p>\n<\/div>\n<\/section>\n<section class=\"max-w-[1088px] mx-auto w-full px-5 my-10 md:my-12 lg:my-16 xl:my-20 xl:px-0\" data-block=\"related-downloads\">\n<div class=\"md:text-center\">\n<h3 class=\"text-black font-bold text-lg md:text-xl lg:text-2xl\"><strong>Useful downloads<\/strong><\/h3>\n<\/div>\n<div class=\"mt-6 md:mt-10\">\n<div class=\"flex flex-col md:flex-row md:flex-wrap md:justify-center\">\n<div class=\"mb-4 md:mb-8 w-full md:w-1\/2 md:px-4\">\n<div class=\"p-4 md:p-5 h-full flex md:items-center border border-grey-300\">\n<div class=\"mt-1.5 md:mt-0 w-6 md:w-10\"><a href=\"https:\/\/www.danthermgroup.com\/downloads\/dantherm-ecoline-application-guide\" target=\"_blank\" rel=\"nofollow noindex noopener\"><img decoding=\"async\" class=\"lazyload h-8 md:h-14 w-auto object-contain\" src=\"https:\/\/dantherm-group-cdn.s3.amazonaws.com\/media\/icons\/download-guide.svg\" alt=\"Download guide\" height=\"56\" \/><\/a><\/div>\n<div class=\"flex-1 pl-4 md:px-8\">\n<h2 class=\"font-bold text-sm md:text-lg\"><a class=\"underline underline-offset-2 decoration-transparent transition duration-300 ease-linear hover:decoration-black\" href=\"https:\/\/www.danthermgroup.com\/downloads\/dantherm-ecoline-application-guide\" target=\"_blank\" rel=\"nofollow noindex noopener\">Dantherm ECOline \u2013 application guide<\/a><\/h2>\n<\/div>\n<\/div>\n<\/div>\n<\/div>\n<\/div>\n<\/section>\n","protected":false},"excerpt":{"rendered":"<div class=\"max-w-4xl\">\n<div class=\"text-xl font-bold mt-1 md:mt-2\">\n<p>Ticar\u0259t havas\u0131n\u0131n idar\u0259 edilm\u0259si<\/p>\n<p>Dantherm ECOline sistem\u0259 inteqrasiya olunmu\u015f ventilyasiya, n\u0259m alma, n\u0259ml\u0259ndirm\u0259, isitm\u0259 v\u0259 soyutma t\u0259klif edir. F\u00f6vq\u0259lad\u0259 enerjiy\u0259 q\u0259na\u0259t ed\u0259n h\u0259ll ad\u0259t\u0259n qar\u0131\u015fd\u0131rma b\u00f6lm\u0259si olan \u0259ks ax\u0131nl\u0131 istilik d\u0259yi\u015fdiricisi olan Dantherm DanX CF iqlim n\u0259zar\u0259ti blokundan, EC ventilyatorlar\u0131ndan, inteqrasiya olunmu\u015f soyutma\/isitm\u0259 bobinind\u0259n v\u0259 ayr\u0131ca Dantherm SD adsorbsiya n\u0259ml\u0259ndiricisind\u0259n ibar\u0259tdir. Sistem ayr\u0131ca elektrik panelind\u0259 avtonom idar\u0259etm\u0259\/avtomatla\u015fd\u0131rma il\u0259 t\u0259chiz edilmi\u015fdir.<\/p>\n<p>Dantherm Ecoline dig\u0259r prosesl\u0259rd\u0259n art\u0131q enerjid\u0259n istifad\u0259 etm\u0259k \u00fc\u00e7\u00fcn f\u0259rdil\u0259\u015fdiril\u0259 bil\u0259r ki, bu da \u0259lav\u0259 q\u0259na\u0259t v\u0259 optimal enerji istifad\u0259si il\u0259 n\u0259tic\u0259l\u0259nir.<\/p>\n<\/div>\n<\/div>\n","protected":false},"featured_media":29136,"template":"","meta":[],"product_brand":[],"product_cat":[809,1178,967],"product_tag":[],"class_list":{"0":"post-29147","1":"product","2":"type-product","3":"status-publish","4":"has-post-thumbnail","6":"product_cat-hava-nmlndiricisi-kondisioner-az-ventilyasiya-ventilyator","7":"product_cat-havalandirma-kondisionerlri-ventilyatorlari","8":"product_cat-ventilyasiya-az-ventilyator-havalandirma-eksenel-radial","10":"first","11":"instock","12":"shipping-taxable","13":"product-type-simple"},"yoast_head":"<!-- This site is optimized with the Yoast SEO plugin v27.1.1 - https:\/\/yoast.com\/product\/yoast-seo-wordpress\/ -->\n<title>Dantherm ECOline \u2013 hava idar\u0259etm\u0259 sistemi - Climate Master<\/title>\n<meta name=\"robots\" content=\"index, follow, max-snippet:-1, max-image-preview:large, max-video-preview:-1\" \/>\n<link rel=\"canonical\" href=\"https:\/\/climatemaster.ge\/az\/product\/dantherm-ecoline-air-handling-system\/\" \/>\n<meta property=\"og:locale\" content=\"az_AZ\" \/>\n<meta property=\"og:type\" content=\"article\" \/>\n<meta property=\"og:title\" content=\"Dantherm ECOline \u2013 hava idar\u0259etm\u0259 sistemi - Climate Master\" \/>\n<meta property=\"og:description\" content=\"Ticar\u0259t havas\u0131n\u0131n idar\u0259 edilm\u0259si  Dantherm ECOline sistem\u0259 inteqrasiya olunmu\u015f ventilyasiya, n\u0259m alma, n\u0259ml\u0259ndirm\u0259, isitm\u0259 v\u0259 soyutma t\u0259klif edir. F\u00f6vq\u0259lad\u0259 enerjiy\u0259 q\u0259na\u0259t ed\u0259n h\u0259ll ad\u0259t\u0259n qar\u0131\u015fd\u0131rma b\u00f6lm\u0259si olan \u0259ks ax\u0131nl\u0131 istilik d\u0259yi\u015fdiricisi olan Dantherm DanX CF iqlim n\u0259zar\u0259ti blokundan, EC ventilyatorlar\u0131ndan, inteqrasiya olunmu\u015f soyutma\/isitm\u0259 bobinind\u0259n v\u0259 ayr\u0131ca Dantherm SD adsorbsiya n\u0259ml\u0259ndiricisind\u0259n ibar\u0259tdir. Sistem ayr\u0131ca elektrik panelind\u0259 avtonom idar\u0259etm\u0259\/avtomatla\u015fd\u0131rma il\u0259 t\u0259chiz edilmi\u015fdir.  Dantherm Ecoline dig\u0259r prosesl\u0259rd\u0259n art\u0131q enerjid\u0259n istifad\u0259 etm\u0259k \u00fc\u00e7\u00fcn f\u0259rdil\u0259\u015fdiril\u0259 bil\u0259r ki, bu da \u0259lav\u0259 q\u0259na\u0259t v\u0259 optimal enerji istifad\u0259si il\u0259 n\u0259tic\u0259l\u0259nir.\" \/>\n<meta property=\"og:url\" content=\"https:\/\/climatemaster.ge\/az\/product\/dantherm-ecoline-air-handling-system\/\" \/>\n<meta property=\"og:site_name\" content=\"Climate Master\" \/>\n<meta property=\"article:modified_time\" content=\"2025-04-10T19:45:50+00:00\" \/>\n<meta property=\"og:image\" content=\"https:\/\/climatemaster.ge\/wp-content\/uploads\/2025\/04\/Dantherm-ECOline-Holmoy-5-web.jpg\" \/>\n\t<meta property=\"og:image:width\" content=\"1000\" \/>\n\t<meta property=\"og:image:height\" content=\"1000\" \/>\n\t<meta property=\"og:image:type\" content=\"image\/jpeg\" \/>\n<meta name=\"twitter:card\" content=\"summary_large_image\" \/>\n<meta name=\"twitter:label1\" content=\"Est. reading time\" \/>\n\t<meta name=\"twitter:data1\" content=\"2 minutes\" \/>\n<script type=\"application\/ld+json\" class=\"yoast-schema-graph\">{\"@context\":\"https:\/\/schema.org\",\"@graph\":[{\"@type\":\"WebPage\",\"@id\":\"https:\/\/climatemaster.ge\/az\/product\/dantherm-ecoline-air-handling-system\/\",\"url\":\"https:\/\/climatemaster.ge\/az\/product\/dantherm-ecoline-air-handling-system\/\",\"name\":\"Dantherm ECOline \u2013 hava idar\u0259etm\u0259 sistemi - Climate Master\",\"isPartOf\":{\"@id\":\"https:\/\/climatemaster.ge\/#website\"},\"primaryImageOfPage\":{\"@id\":\"https:\/\/climatemaster.ge\/az\/product\/dantherm-ecoline-air-handling-system\/#primaryimage\"},\"image\":{\"@id\":\"https:\/\/climatemaster.ge\/az\/product\/dantherm-ecoline-air-handling-system\/#primaryimage\"},\"thumbnailUrl\":\"https:\/\/climatemaster.ge\/wp-content\/uploads\/2025\/04\/Dantherm-ECOline-Holmoy-5-web.jpg\",\"datePublished\":\"2025-04-10T19:34:17+00:00\",\"dateModified\":\"2025-04-10T19:45:50+00:00\",\"breadcrumb\":{\"@id\":\"https:\/\/climatemaster.ge\/az\/product\/dantherm-ecoline-air-handling-system\/#breadcrumb\"},\"inLanguage\":\"az\",\"potentialAction\":[{\"@type\":\"ReadAction\",\"target\":[\"https:\/\/climatemaster.ge\/az\/product\/dantherm-ecoline-air-handling-system\/\"]}]},{\"@type\":\"ImageObject\",\"inLanguage\":\"az\",\"@id\":\"https:\/\/climatemaster.ge\/az\/product\/dantherm-ecoline-air-handling-system\/#primaryimage\",\"url\":\"https:\/\/climatemaster.ge\/wp-content\/uploads\/2025\/04\/Dantherm-ECOline-Holmoy-5-web.jpg\",\"contentUrl\":\"https:\/\/climatemaster.ge\/wp-content\/uploads\/2025\/04\/Dantherm-ECOline-Holmoy-5-web.jpg\",\"width\":1000,\"height\":1000},{\"@type\":\"BreadcrumbList\",\"@id\":\"https:\/\/climatemaster.ge\/az\/product\/dantherm-ecoline-air-handling-system\/#breadcrumb\",\"itemListElement\":[{\"@type\":\"ListItem\",\"position\":1,\"name\":\"Home\",\"item\":\"https:\/\/climatemaster.ge\/\"},{\"@type\":\"ListItem\",\"position\":2,\"name\":\"M\u0259hsullar\",\"item\":\"https:\/\/climatemaster.ge\/products\/\"},{\"@type\":\"ListItem\",\"position\":3,\"name\":\"Dantherm ECOline \u2013 hava idar\u0259etm\u0259 sistemi\"}]},{\"@type\":\"WebSite\",\"@id\":\"https:\/\/climatemaster.ge\/#website\",\"url\":\"https:\/\/climatemaster.ge\/\",\"name\":\"Climate Master\",\"description\":\"\",\"publisher\":{\"@id\":\"https:\/\/climatemaster.ge\/#organization\"},\"potentialAction\":[{\"@type\":\"SearchAction\",\"target\":{\"@type\":\"EntryPoint\",\"urlTemplate\":\"https:\/\/climatemaster.ge\/?s={search_term_string}\"},\"query-input\":{\"@type\":\"PropertyValueSpecification\",\"valueRequired\":true,\"valueName\":\"search_term_string\"}}],\"inLanguage\":\"az\"},{\"@type\":\"Organization\",\"@id\":\"https:\/\/climatemaster.ge\/#organization\",\"name\":\"Climate Master\",\"url\":\"https:\/\/climatemaster.ge\/\",\"logo\":{\"@type\":\"ImageObject\",\"inLanguage\":\"az\",\"@id\":\"https:\/\/climatemaster.ge\/#\/schema\/logo\/image\/\",\"url\":\"https:\/\/climatemaster.ge\/wp-content\/uploads\/2026\/03\/Untitled-2.png\",\"contentUrl\":\"https:\/\/climatemaster.ge\/wp-content\/uploads\/2026\/03\/Untitled-2.png\",\"width\":600,\"height\":338,\"caption\":\"Climate Master\"},\"image\":{\"@id\":\"https:\/\/climatemaster.ge\/#\/schema\/logo\/image\/\"}}]}<\/script>\n<!-- \/ Yoast SEO plugin. -->","yoast_head_json":{"title":"Dantherm ECOline \u2013 hava idar\u0259etm\u0259 sistemi - Climate Master","robots":{"index":"index","follow":"follow","max-snippet":"max-snippet:-1","max-image-preview":"max-image-preview:large","max-video-preview":"max-video-preview:-1"},"canonical":"https:\/\/climatemaster.ge\/az\/product\/dantherm-ecoline-air-handling-system\/","og_locale":"az_AZ","og_type":"article","og_title":"Dantherm ECOline \u2013 hava idar\u0259etm\u0259 sistemi - Climate Master","og_description":"Ticar\u0259t havas\u0131n\u0131n idar\u0259 edilm\u0259si  Dantherm ECOline sistem\u0259 inteqrasiya olunmu\u015f ventilyasiya, n\u0259m alma, n\u0259ml\u0259ndirm\u0259, isitm\u0259 v\u0259 soyutma t\u0259klif edir. F\u00f6vq\u0259lad\u0259 enerjiy\u0259 q\u0259na\u0259t ed\u0259n h\u0259ll ad\u0259t\u0259n qar\u0131\u015fd\u0131rma b\u00f6lm\u0259si olan \u0259ks ax\u0131nl\u0131 istilik d\u0259yi\u015fdiricisi olan Dantherm DanX CF iqlim n\u0259zar\u0259ti blokundan, EC ventilyatorlar\u0131ndan, inteqrasiya olunmu\u015f soyutma\/isitm\u0259 bobinind\u0259n v\u0259 ayr\u0131ca Dantherm SD adsorbsiya n\u0259ml\u0259ndiricisind\u0259n ibar\u0259tdir. Sistem ayr\u0131ca elektrik panelind\u0259 avtonom idar\u0259etm\u0259\/avtomatla\u015fd\u0131rma il\u0259 t\u0259chiz edilmi\u015fdir.  Dantherm Ecoline dig\u0259r prosesl\u0259rd\u0259n art\u0131q enerjid\u0259n istifad\u0259 etm\u0259k \u00fc\u00e7\u00fcn f\u0259rdil\u0259\u015fdiril\u0259 bil\u0259r ki, bu da \u0259lav\u0259 q\u0259na\u0259t v\u0259 optimal enerji istifad\u0259si il\u0259 n\u0259tic\u0259l\u0259nir.","og_url":"https:\/\/climatemaster.ge\/az\/product\/dantherm-ecoline-air-handling-system\/","og_site_name":"Climate Master","article_modified_time":"2025-04-10T19:45:50+00:00","og_image":[{"width":1000,"height":1000,"url":"https:\/\/climatemaster.ge\/wp-content\/uploads\/2025\/04\/Dantherm-ECOline-Holmoy-5-web.jpg","type":"image\/jpeg"}],"twitter_card":"summary_large_image","twitter_misc":{"Est. reading time":"2 minutes"},"schema":{"@context":"https:\/\/schema.org","@graph":[{"@type":"WebPage","@id":"https:\/\/climatemaster.ge\/az\/product\/dantherm-ecoline-air-handling-system\/","url":"https:\/\/climatemaster.ge\/az\/product\/dantherm-ecoline-air-handling-system\/","name":"Dantherm ECOline \u2013 hava idar\u0259etm\u0259 sistemi - Climate Master","isPartOf":{"@id":"https:\/\/climatemaster.ge\/#website"},"primaryImageOfPage":{"@id":"https:\/\/climatemaster.ge\/az\/product\/dantherm-ecoline-air-handling-system\/#primaryimage"},"image":{"@id":"https:\/\/climatemaster.ge\/az\/product\/dantherm-ecoline-air-handling-system\/#primaryimage"},"thumbnailUrl":"https:\/\/climatemaster.ge\/wp-content\/uploads\/2025\/04\/Dantherm-ECOline-Holmoy-5-web.jpg","datePublished":"2025-04-10T19:34:17+00:00","dateModified":"2025-04-10T19:45:50+00:00","breadcrumb":{"@id":"https:\/\/climatemaster.ge\/az\/product\/dantherm-ecoline-air-handling-system\/#breadcrumb"},"inLanguage":"az","potentialAction":[{"@type":"ReadAction","target":["https:\/\/climatemaster.ge\/az\/product\/dantherm-ecoline-air-handling-system\/"]}]},{"@type":"ImageObject","inLanguage":"az","@id":"https:\/\/climatemaster.ge\/az\/product\/dantherm-ecoline-air-handling-system\/#primaryimage","url":"https:\/\/climatemaster.ge\/wp-content\/uploads\/2025\/04\/Dantherm-ECOline-Holmoy-5-web.jpg","contentUrl":"https:\/\/climatemaster.ge\/wp-content\/uploads\/2025\/04\/Dantherm-ECOline-Holmoy-5-web.jpg","width":1000,"height":1000},{"@type":"BreadcrumbList","@id":"https:\/\/climatemaster.ge\/az\/product\/dantherm-ecoline-air-handling-system\/#breadcrumb","itemListElement":[{"@type":"ListItem","position":1,"name":"Home","item":"https:\/\/climatemaster.ge\/"},{"@type":"ListItem","position":2,"name":"M\u0259hsullar","item":"https:\/\/climatemaster.ge\/products\/"},{"@type":"ListItem","position":3,"name":"Dantherm ECOline \u2013 hava idar\u0259etm\u0259 sistemi"}]},{"@type":"WebSite","@id":"https:\/\/climatemaster.ge\/#website","url":"https:\/\/climatemaster.ge\/","name":"Climate Master","description":"","publisher":{"@id":"https:\/\/climatemaster.ge\/#organization"},"potentialAction":[{"@type":"SearchAction","target":{"@type":"EntryPoint","urlTemplate":"https:\/\/climatemaster.ge\/?s={search_term_string}"},"query-input":{"@type":"PropertyValueSpecification","valueRequired":true,"valueName":"search_term_string"}}],"inLanguage":"az"},{"@type":"Organization","@id":"https:\/\/climatemaster.ge\/#organization","name":"Climate Master","url":"https:\/\/climatemaster.ge\/","logo":{"@type":"ImageObject","inLanguage":"az","@id":"https:\/\/climatemaster.ge\/#\/schema\/logo\/image\/","url":"https:\/\/climatemaster.ge\/wp-content\/uploads\/2026\/03\/Untitled-2.png","contentUrl":"https:\/\/climatemaster.ge\/wp-content\/uploads\/2026\/03\/Untitled-2.png","width":600,"height":338,"caption":"Climate Master"},"image":{"@id":"https:\/\/climatemaster.ge\/#\/schema\/logo\/image\/"}}]}},"_links":{"self":[{"href":"https:\/\/climatemaster.ge\/az\/wp-json\/wp\/v2\/product\/29147","targetHints":{"allow":["GET"]}}],"collection":[{"href":"https:\/\/climatemaster.ge\/az\/wp-json\/wp\/v2\/product"}],"about":[{"href":"https:\/\/climatemaster.ge\/az\/wp-json\/wp\/v2\/types\/product"}],"wp:featuredmedia":[{"embeddable":true,"href":"https:\/\/climatemaster.ge\/az\/wp-json\/wp\/v2\/media\/29136"}],"wp:attachment":[{"href":"https:\/\/climatemaster.ge\/az\/wp-json\/wp\/v2\/media?parent=29147"}],"wp:term":[{"taxonomy":"product_brand","embeddable":true,"href":"https:\/\/climatemaster.ge\/az\/wp-json\/wp\/v2\/product_brand?post=29147"},{"taxonomy":"product_cat","embeddable":true,"href":"https:\/\/climatemaster.ge\/az\/wp-json\/wp\/v2\/product_cat?post=29147"},{"taxonomy":"product_tag","embeddable":true,"href":"https:\/\/climatemaster.ge\/az\/wp-json\/wp\/v2\/product_tag?post=29147"}],"curies":[{"name":"wp","href":"https:\/\/api.w.org\/{rel}","templated":true}]}}