{"id":29102,"date":"2024-01-28T20:26:59","date_gmt":"2024-01-28T16:26:59","guid":{"rendered":"https:\/\/airsystems.ge\/shop\/product\/simplify-climate-solutions\/"},"modified":"2025-04-10T23:21:22","modified_gmt":"2025-04-10T19:21:22","slug":"simplify-climate-solutions","status":"publish","type":"product","link":"https:\/\/climatemaster.ge\/az\/product\/simplify-climate-solutions\/","title":{"rendered":"Simplify Climate Solutions iqlim h\u0259ll\u0259rini sad\u0259l\u0259\u015fdirin"},"content":{"rendered":"<section class=\"max-w-[1088px] mx-auto w-full px-5 my-10 md:my-12 lg:my-16 xl:my-20 xl:px-0\" data-block=\"bullet-list\">\n<div class=\"md:text-center\">\n<section class=\"max-w-[1088px] mx-auto w-full px-5 my-10 md:my-12 lg:my-16 xl:my-20 xl:px-0\" data-block=\"bullet-list\">\n<div class=\"md:text-center\">\n<h3 class=\"text-black font-bold text-lg md:text-xl lg:text-2xl\">X\u00fcsusiyy\u0259tl\u0259r<\/h3>\n<\/div>\n<div class=\"mt-6 md:mt-10\">\n<div class=\"flex flex-wrap\">\n<div class=\"w-full md:w-1\/2 auto-bullets md:pr-16\">\n<ul>\n<li class=\"text-sm md:text-base text-black mt-3 flex items-start\">\n<div class=\"pl-5\">\u00d6l\u00e7\u00fclm\u00fc\u015f m\u0259lumatlar\u0131 saytlardan veb-\u0259sasl\u0131 tablosuna \u00f6t\u00fcr\u0259n mobil bulud \u0259sasl\u0131 sistem (GSM).<br \/>\nReal vaxt rejimind\u0259 temperatur, nisbi r\u00fctub\u0259t, doymu\u015f buxar t\u0259zyiqi, suyun t\u0259rkibi, \u015feh n\u00f6qt\u0259si, kVt, kWh, eCO2, VOC g\u00f6st\u0259r\u0259n m\u0259lumatlar v\u0259 qrafikl\u0259r vasit\u0259sil\u0259 prosesi s\u0259n\u0259dl\u0259\u015fdirir<br \/>\nv\u0259 \u00fcmumi hava keyfiyy\u0259ti<br \/>\nYerind\u0259 monitorinq ehtiyac\u0131n\u0131 azald\u0131r, \u015firk\u0259tl\u0259rin s\u0259yah\u0259t v\u0259 \u0259m\u0259k x\u0259rcl\u0259rin\u0259 q\u0259na\u0259t edir, eyni zamanda daha \u00e7ox i\u015f g\u00f6rm\u0259k qabiliyy\u0259tini art\u0131r\u0131r.<br \/>\nH\u0259r hans\u0131 bir qo\u015fulmu\u015f avadanl\u0131\u011f\u0131n uzaqdan yand\u0131r\u0131lmas\u0131\/s\u00f6nd\u00fcr\u00fclm\u0259si<br \/>\nSensor s\u0259viyy\u0259sind\u0259 proqramla\u015fd\u0131r\u0131la bil\u0259n siqnallar v\u0259 h\u0259dl\u0259ri ke\u00e7dikd\u0259 e-po\u00e7t bildiri\u015fi<br \/>\nM\u0259lumatlar\u0131n qeydiyyat\u0131 ke\u00e7mi\u015f i\u015f yerl\u0259rinin tarixi kataloqunu t\u0259qdim edir v\u0259 m\u00fc\u015ft\u0259ril\u0259r \u00fc\u00e7\u00fcn d\u0259qiq audit izi t\u0259qdim edir<br \/>\nSimplify Control Unit, Sensor Box, Relay Box v\u0259 Integration Box \u00fc\u00e7\u00fcn proqram yenil\u0259m\u0259l\u0259ri birba\u015fa buluddan h\u0259yata ke\u00e7iril\u0259 bil\u0259r.<\/div>\n<\/li>\n<\/ul>\n<\/div>\n<\/div>\n<\/div>\n<\/section>\n<section class=\"max-w-[1088px] mx-auto w-full px-5 my-10 md:my-12 lg:my-16 xl:my-20 xl:px-0\" data-block=\"bullet-list\">\n<div class=\"md:text-center\">\n<h3 class=\"text-black font-bold text-lg md:text-xl lg:text-2xl\">Faydalar\u0131<\/h3>\n<\/div>\n<div class=\"mt-6 md:mt-10\">\n<div class=\"flex flex-wrap\">\n<div class=\"w-full md:w-1\/2 auto-bullets md:pr-16\">\n<ul>\n<li class=\"text-sm md:text-base text-black mt-3 flex items-start\">\n<div class=\"pl-5\">Uzaqdan monitorinq podrat\u00e7\u0131lara yaln\u0131z \u0259sas yerl\u0259rd\u0259 temperatur, r\u00fctub\u0259t v\u0259 qapal\u0131 havan\u0131n keyfiyy\u0259ti kimi m\u00fch\u00fcm i\u015f m\u0259lumatlar\u0131n\u0131 \u0259ld\u0259 etm\u0259k yolu il\u0259 t\u0259min etmir, h\u0259m d\u0259 s\u0131\u011forta \u015firk\u0259tl\u0259ri v\u0259 ya tikinti sah\u0259l\u0259rind\u0259 tikinti idar\u0259\u00e7iliyi kimi maraql\u0131 t\u0259r\u0259fl\u0259rl\u0259 m\u0259lumatlar\u0131 payla\u015fmaq imkan\u0131 verir.<br \/>\nM\u0259lumatlar\u0131n toplanmas\u0131 t\u0259qdim etdiyiniz xidm\u0259ti(l\u0259ri) g\u00fccl\u0259ndirir<br \/>\nM\u0259lumatlar m\u00fc\u015ft\u0259ril\u0259r\u0259 i\u015fin tam v\u0259 h\u0259rt\u0259r\u0259fli \u015f\u0259kild\u0259 yerin\u0259 yetirildiyini g\u00f6st\u0259r\u0259n hesabatlara \u00e7evril\u0259 bil\u0259r.<br \/>\nMonitorinq i\u015f yerind\u0259 fasil\u0259l\u0259ri minimuma endirir<br \/>\nS\u0131\u011forta sahibinin avadanl\u0131\u011f\u0131 n\u0259 vaxt s\u00f6nd\u00fcrd\u00fcy\u00fcn\u00fc m\u00fc\u0259yy\u0259n etm\u0259k bacar\u0131\u011f\u0131 iddian\u0131 idar\u0259 ed\u0259rk\u0259n g\u00fccl\u00fc vasit\u0259dir<br \/>\n\u0130\u015f vaxt\u0131n\u0131n minimuma endirilm\u0259si \u00fcmumi layih\u0259 x\u0259rcl\u0259rini v\u0259 h\u0259yat d\u00f6vrl\u0259rini azald\u0131r<br \/>\nSimplify siz\u0259 iqlim n\u0259zar\u0259ti prosesl\u0259rini optimalla\u015fd\u0131rmaq \u00fc\u00e7\u00fcn laz\u0131m olan tam \u015f\u0259ffaf r\u0259y t\u0259qdim edir<\/div>\n<\/li>\n<\/ul>\n<\/div>\n<\/div>\n<\/div>\n<\/section>\n<section class=\"max-w-[1088px] mx-auto w-full my-10 md:my-12 lg:my-16 xl:my-20\" data-block=\"content-block\">\n<div class=\"max-w-[1088px] mx-auto\">\n<div class=\"flex flex-col items-center gap-6 px-5 w-full md:grid md:grid-cols-12 md:items-stretch xl:px-0\" data-content-block=\"container\">\n<div class=\"relative flex flex-col gap-5 w-full md:col-span-12 md:col-start-1 sm:items-start sm:text-left order-first md:order-none\" data-content-block=\"column\">\n<div class=\"prose text-pretty max-w-full text-left text-black prose-p:text-black prose-headings:mt-6 prose-headings:mb-3 md:prose-headings:text-lg prose-a:text-current prose-a:transition prose-a:ease-linear prose-a:duration-300\" data-content-block=\"text\">\n<h1>\u0130qlim idar\u0259etm\u0259 prosesl\u0259rin\u0259 uzaqdan n\u0259zar\u0259t edin<\/h1>\n<p>Biznesin idar\u0259 edilm\u0259si vasit\u0259si kimi, Simplify m\u00fcxt\u0259lif s\u0259naye sah\u0259l\u0259ri \u00fc\u00e7\u00fcn, x\u00fcsus\u0259n d\u0259 su il\u0259 ba\u011fl\u0131 z\u0259r\u0259r\u0259 n\u0259zar\u0259t \u015firk\u0259tl\u0259ri v\u0259 onlar\u0131n s\u0131\u011forta t\u0259r\u0259fda\u015flar\u0131, tikinti biznesi, z\u0259r\u0259rvericil\u0259r\u0259 qar\u015f\u0131 m\u00fcbariz\u0259 v\u0259 daha \u00e7ox \u00fc\u00e7\u00fcn ideald\u0131r.<\/p>\n<p>Sad\u0259l\u0259\u015fdirm\u0259d\u0259n istifad\u0259 sayta ba\u015f \u00e7\u0259km\u0259 ehtiyac\u0131n\u0131 azaldacaq, kritik m\u0259lumatlara uzaqdan giri\u015fi t\u0259min ed\u0259c\u0259k v\u0259 g\u00fcnd\u0259lik \u0259m\u0259liyyatlar\u0131n\u0131z\u0131 sad\u0259l\u0259\u015fdir\u0259c\u0259k. Simplify il\u0259 m\u0259lumatlar saytda simsiz sensorlardan toplan\u0131r v\u0259 Simplify Dashboard vasit\u0259sil\u0259 buludda istifad\u0259y\u0259 verilir. Sistem sad\u0259 v\u0259 intuitiv istifad\u0259\u00e7i interfeysin\u0259 malikdir v\u0259 bu, b\u00fct\u00fcn i\u015f\u00e7il\u0259r \u00fc\u00e7\u00fcn istifad\u0259ni asanla\u015fd\u0131r\u0131r.<\/p>\n<p>Monitorinq siz\u0259 yaln\u0131z prosesin \u00f6z\u00fcn\u00fcn performans\u0131n\u0131 deyil, h\u0259m d\u0259 avadanl\u0131\u011f\u0131n\u0131z\u0131n performans\u0131n\u0131 izl\u0259m\u0259k imkan\u0131 verir, enerji s\u0259rfiyyat\u0131 v\u0259 ma\u015f\u0131n\u0131n v\u0259ziyy\u0259ti bar\u0259d\u0259 real vaxt rejimind\u0259 ofisinizin rahatl\u0131\u011f\u0131nda m\u0259lumat verir.<\/p>\n<h2>Niy\u0259 vacib i\u015f m\u0259lumatlar\u0131n\u0131 uzaqdan idar\u0259 edirsiniz?<\/h2>\n<p>Siz komp\u00fcterinizd\u0259n v\u0259 ya plan\u015fetinizd\u0259n buluddak\u0131 m\u0259lumatlara daxil ola v\u0259 b\u00fct\u00fcn saytlar\u0131n\u0131zdan temperatur, r\u00fctub\u0259t, i\u015f vaxt\u0131, enerji istehlak\u0131 v\u0259 daxili havan\u0131n keyfiyy\u0259ti haqq\u0131nda m\u0259lumatlar\u0131 oxuya bil\u0259rsiniz.<\/p>\n<p><strong>Sistem imkan verir:<\/strong><\/p>\n<p><strong>MON\u0130TOR\u0130NQ<\/strong>: Sad\u0259l\u0259\u015fdirm\u0259 h\u0259r bir n\u0259ml\u0259ndiricinin, q\u0131zd\u0131r\u0131c\u0131n\u0131n v\u0259 qura\u015fd\u0131r\u0131lm\u0131\u015f dig\u0259r avadanl\u0131qlar\u0131n funksiyas\u0131na n\u0259zar\u0259t edir<\/p>\n<p><strong>M\u018fLUMATLARIN ANAL\u0130Z\u0130<\/strong>: prosesin g\u00f6zl\u0259nildiyi kimi icra olub-olmad\u0131\u011f\u0131n\u0131 sad\u0259l\u0259\u015fdirm\u0259k, qiym\u0259tl\u0259ndirm\u0259 \u00fc\u00e7\u00fcn \u0259sas olan m\u0259lumatlar\u0131 vizualla\u015fd\u0131r\u0131r v\u0259 t\u0259hlil edir<\/p>\n<p><strong>QEYD<\/strong>: Sad\u0259l\u0259\u015fdirin r\u00fctub\u0259t s\u0259viyy\u0259sini, temperaturu v\u0259 qapal\u0131 havan\u0131n keyfiyy\u0259tini qeyd edir, proses haqq\u0131nda etibarl\u0131 s\u0259n\u0259dl\u0259r t\u0259qdim edir<\/p>\n<p><strong>X\u018fR\u00c7\u018fT\u0130N AZALMASI<\/strong>: Sad\u0259l\u0259\u015fdirm\u0259 \u0259m\u0259liyyat x\u0259rcl\u0259rini azald\u0131r, \u00e7\u00fcnki h\u0259r bir iddia \u00fc\u00e7\u00fcn t\u0259l\u0259b olunan sayt ziyar\u0259tl\u0259rinin say\u0131n\u0131 \u0259h\u0259miyy\u0259tli d\u0259r\u0259c\u0259d\u0259 azald\u0131r<\/p>\n<h2>Sad\u0259l\u0259\u015fdirm\u0259 nec\u0259 i\u015fl\u0259yir?<\/h2>\n<p>Sad\u0259l\u0259\u015fdirici sensorlar otaqda v\u0259 ya betonda olan temperatur v\u0259 r\u00fctub\u0259ti, el\u0259c\u0259 d\u0259 daxili havan\u0131n keyfiyy\u0259tini \u00f6l\u00e7\u00fcr v\u0259 m\u0259lumatlar\u0131 GSM rabit\u0259 bazas\u0131 olan Simplify Control Unit-\u0259 g\u00f6nd\u0259rir.<\/p>\n<figure><img decoding=\"async\" src=\"https:\/\/dantherm-group-cdn.s3.amazonaws.com\/media\/How-Simplify-works.jpg\" alt=\"\" \/><\/figure>\n<\/div>\n<\/div>\n<\/div>\n<\/div>\n<\/section>\n<section class=\"max-w-[1088px] mx-auto w-full px-5 my-10 md:my-12 lg:my-16 xl:my-20 xl:px-0\" data-block=\"link-list\">\n<div class=\"max-w-[1088px] mx-auto\">\n<div class=\"md:text-center\">\n<ul>\n<li class=\"flex items-center gap-5 text-sm text-black mt-3 md:text-base lg:text-lg\"><strong>Uy\u011fundur:<\/strong><\/li>\n<\/ul>\n<\/div>\n<div class=\"mt-6 max-w-4xl mx-auto\">\n<div class=\"flex flex-wrap md:ml-20\">\n<div class=\"w-full md:w-1\/2 auto-bullets md:pr-16\">\n<ul>\n<li class=\"flex items-center gap-5 text-sm text-black mt-3 md:text-base lg:text-lg\">K\u0259nd t\u0259s\u0259rr\u00fcfat\u0131<br \/>\nD\u00fc\u015f\u0259rg\u0259l\u0259r v\u0259 sah\u0259 x\u0259st\u0259xanalar\u0131<br \/>\nTicar\u0259t binalar\u0131<br \/>\nTikinti<br \/>\nM\u0259lumat m\u0259rk\u0259zl\u0259ri v\u0259 telekommunikasiyalar<br \/>\nH\u0259rbi v\u0259 aerokosmik<br \/>\n\u0130car\u0259 \u015firk\u0259tl\u0259ri<br \/>\nSu z\u0259r\u0259rinin b\u0259rpas\u0131<br \/>\nSu i\u015fl\u0259ri<\/li>\n<\/ul>\n<\/div>\n<\/div>\n<\/div>\n<\/div>\n<\/section>\n<\/div>\n<\/section>\n","protected":false},"excerpt":{"rendered":"<div class=\"max-w-4xl\">\n<div class=\"text-xl font-bold mt-1 md:mt-2\">\n<div class=\"max-w-4xl\">\n<div class=\"text-xl font-bold mt-1 md:mt-2\">\n<p>Uzaqdan iqlim n\u0259zar\u0259ti<\/p>\n<p>Dantherm Group-dan Simplify uzaqdan idar\u0259 etm\u0259k, izl\u0259m\u0259k v\u0259 izl\u0259m\u0259k \u00fc\u00e7\u00fcn n\u0259z\u0259rd\u0259 tutulmu\u015f bulud \u0259sasl\u0131 sensor h\u0259llidir<br \/>\niqlim idar\u0259etm\u0259 prosesl\u0259rini t\u0259hlil edin. Bu al\u0259t siz\u0259 iqlim n\u0259zar\u0259ti qur\u011fular\u0131n\u0131z\u0131 optimalla\u015fd\u0131rmaq \u00fc\u00e7\u00fcn laz\u0131m olan tam \u015f\u0259ffaf r\u0259y t\u0259qdim edir.<\/p>\n<\/div>\n<\/div>\n<\/div>\n<\/div>\n","protected":false},"featured_media":29048,"template":"","meta":[],"product_brand":[],"product_cat":[878,809],"product_tag":[],"class_list":{"0":"post-29102","1":"product","2":"type-product","3":"status-publish","4":"has-post-thumbnail","6":"product_cat-kondisioner-soyuducular-soyutma-biosoyuducu","7":"product_cat-hava-nmlndiricisi-kondisioner-az-ventilyasiya-ventilyator","9":"first","10":"instock","11":"shipping-taxable","12":"product-type-simple"},"yoast_head":"<!-- This site is optimized with the Yoast SEO plugin v27.1.1 - https:\/\/yoast.com\/product\/yoast-seo-wordpress\/ -->\n<title>Simplify Climate Solutions iqlim h\u0259ll\u0259rini sad\u0259l\u0259\u015fdirin - Climate Master<\/title>\n<meta name=\"robots\" content=\"index, follow, max-snippet:-1, max-image-preview:large, max-video-preview:-1\" \/>\n<link rel=\"canonical\" href=\"https:\/\/climatemaster.ge\/product\/simplify-climate-solutions\/\" \/>\n<meta property=\"og:locale\" content=\"az_AZ\" \/>\n<meta property=\"og:type\" content=\"article\" \/>\n<meta property=\"og:title\" content=\"Simplify Climate Solutions iqlim h\u0259ll\u0259rini sad\u0259l\u0259\u015fdirin - Climate Master\" \/>\n<meta property=\"og:description\" content=\"Uzaqdan iqlim n\u0259zar\u0259ti  Dantherm Group-dan Simplify uzaqdan idar\u0259 etm\u0259k, izl\u0259m\u0259k v\u0259 izl\u0259m\u0259k \u00fc\u00e7\u00fcn n\u0259z\u0259rd\u0259 tutulmu\u015f bulud \u0259sasl\u0131 sensor h\u0259llidir iqlim idar\u0259etm\u0259 prosesl\u0259rini t\u0259hlil edin. Bu al\u0259t siz\u0259 iqlim n\u0259zar\u0259ti qur\u011fular\u0131n\u0131z\u0131 optimalla\u015fd\u0131rmaq \u00fc\u00e7\u00fcn laz\u0131m olan tam \u015f\u0259ffaf r\u0259y t\u0259qdim edir.\" \/>\n<meta property=\"og:url\" content=\"https:\/\/climatemaster.ge\/product\/simplify-climate-solutions\/\" \/>\n<meta property=\"og:site_name\" content=\"Climate Master\" \/>\n<meta property=\"article:modified_time\" content=\"2025-04-10T19:21:22+00:00\" \/>\n<meta property=\"og:image\" content=\"https:\/\/climatemaster.ge\/wp-content\/uploads\/2025\/04\/Simplify-Dashboard.jpg\" \/>\n\t<meta property=\"og:image:width\" content=\"1000\" \/>\n\t<meta property=\"og:image:height\" content=\"1000\" \/>\n\t<meta property=\"og:image:type\" content=\"image\/jpeg\" \/>\n<meta name=\"twitter:card\" content=\"summary_large_image\" \/>\n<meta name=\"twitter:label1\" content=\"Est. reading time\" \/>\n\t<meta name=\"twitter:data1\" content=\"4 minutes\" \/>\n<script type=\"application\/ld+json\" class=\"yoast-schema-graph\">{\"@context\":\"https:\/\/schema.org\",\"@graph\":[{\"@type\":\"WebPage\",\"@id\":\"https:\/\/climatemaster.ge\/product\/simplify-climate-solutions\/\",\"url\":\"https:\/\/climatemaster.ge\/product\/simplify-climate-solutions\/\",\"name\":\"Simplify Climate Solutions iqlim h\u0259ll\u0259rini sad\u0259l\u0259\u015fdirin - Climate Master\",\"isPartOf\":{\"@id\":\"https:\/\/climatemaster.ge\/#website\"},\"primaryImageOfPage\":{\"@id\":\"https:\/\/climatemaster.ge\/product\/simplify-climate-solutions\/#primaryimage\"},\"image\":{\"@id\":\"https:\/\/climatemaster.ge\/product\/simplify-climate-solutions\/#primaryimage\"},\"thumbnailUrl\":\"https:\/\/climatemaster.ge\/wp-content\/uploads\/2025\/04\/Simplify-Dashboard.jpg\",\"datePublished\":\"2024-01-28T16:26:59+00:00\",\"dateModified\":\"2025-04-10T19:21:22+00:00\",\"breadcrumb\":{\"@id\":\"https:\/\/climatemaster.ge\/product\/simplify-climate-solutions\/#breadcrumb\"},\"inLanguage\":\"az\",\"potentialAction\":[{\"@type\":\"ReadAction\",\"target\":[\"https:\/\/climatemaster.ge\/product\/simplify-climate-solutions\/\"]}]},{\"@type\":\"ImageObject\",\"inLanguage\":\"az\",\"@id\":\"https:\/\/climatemaster.ge\/product\/simplify-climate-solutions\/#primaryimage\",\"url\":\"https:\/\/climatemaster.ge\/wp-content\/uploads\/2025\/04\/Simplify-Dashboard.jpg\",\"contentUrl\":\"https:\/\/climatemaster.ge\/wp-content\/uploads\/2025\/04\/Simplify-Dashboard.jpg\",\"width\":1000,\"height\":1000},{\"@type\":\"BreadcrumbList\",\"@id\":\"https:\/\/climatemaster.ge\/product\/simplify-climate-solutions\/#breadcrumb\",\"itemListElement\":[{\"@type\":\"ListItem\",\"position\":1,\"name\":\"Home\",\"item\":\"https:\/\/climatemaster.ge\/\"},{\"@type\":\"ListItem\",\"position\":2,\"name\":\"M\u0259hsullar\",\"item\":\"https:\/\/climatemaster.ge\/products\/\"},{\"@type\":\"ListItem\",\"position\":3,\"name\":\"Simplify Climate Solutions iqlim h\u0259ll\u0259rini sad\u0259l\u0259\u015fdirin\"}]},{\"@type\":\"WebSite\",\"@id\":\"https:\/\/climatemaster.ge\/#website\",\"url\":\"https:\/\/climatemaster.ge\/\",\"name\":\"Climate Master\",\"description\":\"\",\"publisher\":{\"@id\":\"https:\/\/climatemaster.ge\/#organization\"},\"potentialAction\":[{\"@type\":\"SearchAction\",\"target\":{\"@type\":\"EntryPoint\",\"urlTemplate\":\"https:\/\/climatemaster.ge\/?s={search_term_string}\"},\"query-input\":{\"@type\":\"PropertyValueSpecification\",\"valueRequired\":true,\"valueName\":\"search_term_string\"}}],\"inLanguage\":\"az\"},{\"@type\":\"Organization\",\"@id\":\"https:\/\/climatemaster.ge\/#organization\",\"name\":\"Climate Master\",\"url\":\"https:\/\/climatemaster.ge\/\",\"logo\":{\"@type\":\"ImageObject\",\"inLanguage\":\"az\",\"@id\":\"https:\/\/climatemaster.ge\/#\/schema\/logo\/image\/\",\"url\":\"https:\/\/climatemaster.ge\/wp-content\/uploads\/2026\/03\/Untitled-2.png\",\"contentUrl\":\"https:\/\/climatemaster.ge\/wp-content\/uploads\/2026\/03\/Untitled-2.png\",\"width\":600,\"height\":338,\"caption\":\"Climate Master\"},\"image\":{\"@id\":\"https:\/\/climatemaster.ge\/#\/schema\/logo\/image\/\"}}]}<\/script>\n<!-- \/ Yoast SEO plugin. -->","yoast_head_json":{"title":"Simplify Climate Solutions iqlim h\u0259ll\u0259rini sad\u0259l\u0259\u015fdirin - Climate Master","robots":{"index":"index","follow":"follow","max-snippet":"max-snippet:-1","max-image-preview":"max-image-preview:large","max-video-preview":"max-video-preview:-1"},"canonical":"https:\/\/climatemaster.ge\/product\/simplify-climate-solutions\/","og_locale":"az_AZ","og_type":"article","og_title":"Simplify Climate Solutions iqlim h\u0259ll\u0259rini sad\u0259l\u0259\u015fdirin - Climate Master","og_description":"Uzaqdan iqlim n\u0259zar\u0259ti  Dantherm Group-dan Simplify uzaqdan idar\u0259 etm\u0259k, izl\u0259m\u0259k v\u0259 izl\u0259m\u0259k \u00fc\u00e7\u00fcn n\u0259z\u0259rd\u0259 tutulmu\u015f bulud \u0259sasl\u0131 sensor h\u0259llidir iqlim idar\u0259etm\u0259 prosesl\u0259rini t\u0259hlil edin. Bu al\u0259t siz\u0259 iqlim n\u0259zar\u0259ti qur\u011fular\u0131n\u0131z\u0131 optimalla\u015fd\u0131rmaq \u00fc\u00e7\u00fcn laz\u0131m olan tam \u015f\u0259ffaf r\u0259y t\u0259qdim edir.","og_url":"https:\/\/climatemaster.ge\/product\/simplify-climate-solutions\/","og_site_name":"Climate Master","article_modified_time":"2025-04-10T19:21:22+00:00","og_image":[{"width":1000,"height":1000,"url":"https:\/\/climatemaster.ge\/wp-content\/uploads\/2025\/04\/Simplify-Dashboard.jpg","type":"image\/jpeg"}],"twitter_card":"summary_large_image","twitter_misc":{"Est. reading time":"4 minutes"},"schema":{"@context":"https:\/\/schema.org","@graph":[{"@type":"WebPage","@id":"https:\/\/climatemaster.ge\/product\/simplify-climate-solutions\/","url":"https:\/\/climatemaster.ge\/product\/simplify-climate-solutions\/","name":"Simplify Climate Solutions iqlim h\u0259ll\u0259rini sad\u0259l\u0259\u015fdirin - Climate Master","isPartOf":{"@id":"https:\/\/climatemaster.ge\/#website"},"primaryImageOfPage":{"@id":"https:\/\/climatemaster.ge\/product\/simplify-climate-solutions\/#primaryimage"},"image":{"@id":"https:\/\/climatemaster.ge\/product\/simplify-climate-solutions\/#primaryimage"},"thumbnailUrl":"https:\/\/climatemaster.ge\/wp-content\/uploads\/2025\/04\/Simplify-Dashboard.jpg","datePublished":"2024-01-28T16:26:59+00:00","dateModified":"2025-04-10T19:21:22+00:00","breadcrumb":{"@id":"https:\/\/climatemaster.ge\/product\/simplify-climate-solutions\/#breadcrumb"},"inLanguage":"az","potentialAction":[{"@type":"ReadAction","target":["https:\/\/climatemaster.ge\/product\/simplify-climate-solutions\/"]}]},{"@type":"ImageObject","inLanguage":"az","@id":"https:\/\/climatemaster.ge\/product\/simplify-climate-solutions\/#primaryimage","url":"https:\/\/climatemaster.ge\/wp-content\/uploads\/2025\/04\/Simplify-Dashboard.jpg","contentUrl":"https:\/\/climatemaster.ge\/wp-content\/uploads\/2025\/04\/Simplify-Dashboard.jpg","width":1000,"height":1000},{"@type":"BreadcrumbList","@id":"https:\/\/climatemaster.ge\/product\/simplify-climate-solutions\/#breadcrumb","itemListElement":[{"@type":"ListItem","position":1,"name":"Home","item":"https:\/\/climatemaster.ge\/"},{"@type":"ListItem","position":2,"name":"M\u0259hsullar","item":"https:\/\/climatemaster.ge\/products\/"},{"@type":"ListItem","position":3,"name":"Simplify Climate Solutions iqlim h\u0259ll\u0259rini sad\u0259l\u0259\u015fdirin"}]},{"@type":"WebSite","@id":"https:\/\/climatemaster.ge\/#website","url":"https:\/\/climatemaster.ge\/","name":"Climate Master","description":"","publisher":{"@id":"https:\/\/climatemaster.ge\/#organization"},"potentialAction":[{"@type":"SearchAction","target":{"@type":"EntryPoint","urlTemplate":"https:\/\/climatemaster.ge\/?s={search_term_string}"},"query-input":{"@type":"PropertyValueSpecification","valueRequired":true,"valueName":"search_term_string"}}],"inLanguage":"az"},{"@type":"Organization","@id":"https:\/\/climatemaster.ge\/#organization","name":"Climate Master","url":"https:\/\/climatemaster.ge\/","logo":{"@type":"ImageObject","inLanguage":"az","@id":"https:\/\/climatemaster.ge\/#\/schema\/logo\/image\/","url":"https:\/\/climatemaster.ge\/wp-content\/uploads\/2026\/03\/Untitled-2.png","contentUrl":"https:\/\/climatemaster.ge\/wp-content\/uploads\/2026\/03\/Untitled-2.png","width":600,"height":338,"caption":"Climate Master"},"image":{"@id":"https:\/\/climatemaster.ge\/#\/schema\/logo\/image\/"}}]}},"_links":{"self":[{"href":"https:\/\/climatemaster.ge\/az\/wp-json\/wp\/v2\/product\/29102","targetHints":{"allow":["GET"]}}],"collection":[{"href":"https:\/\/climatemaster.ge\/az\/wp-json\/wp\/v2\/product"}],"about":[{"href":"https:\/\/climatemaster.ge\/az\/wp-json\/wp\/v2\/types\/product"}],"wp:featuredmedia":[{"embeddable":true,"href":"https:\/\/climatemaster.ge\/az\/wp-json\/wp\/v2\/media\/29048"}],"wp:attachment":[{"href":"https:\/\/climatemaster.ge\/az\/wp-json\/wp\/v2\/media?parent=29102"}],"wp:term":[{"taxonomy":"product_brand","embeddable":true,"href":"https:\/\/climatemaster.ge\/az\/wp-json\/wp\/v2\/product_brand?post=29102"},{"taxonomy":"product_cat","embeddable":true,"href":"https:\/\/climatemaster.ge\/az\/wp-json\/wp\/v2\/product_cat?post=29102"},{"taxonomy":"product_tag","embeddable":true,"href":"https:\/\/climatemaster.ge\/az\/wp-json\/wp\/v2\/product_tag?post=29102"}],"curies":[{"name":"wp","href":"https:\/\/api.w.org\/{rel}","templated":true}]}}