{"id":28712,"date":"2025-04-09T11:53:57","date_gmt":"2025-04-09T07:53:57","guid":{"rendered":"https:\/\/airsystems.ge\/shop\/product\/trotec-tac-1500-commercial-air-cleaner\/"},"modified":"2025-04-09T11:58:47","modified_gmt":"2025-04-09T07:58:47","slug":"trotec-tac-1500-commercial-air-cleaner","status":"publish","type":"product","link":"https:\/\/climatemaster.ge\/az\/product\/trotec-tac-1500-commercial-air-cleaner\/","title":{"rendered":"Trotec TAC 1500 \u2013 kommersiya hava t\u0259mizl\u0259yicisi"},"content":{"rendered":"<section class=\"max-w-[1088px] mx-auto w-full px-5 my-10 md:my-12 lg:my-16 xl:my-20 xl:px-0\" data-block=\"bullet-list\">\n<div class=\"md:text-center\">\n<h3 class=\"text-black font-bold text-lg md:text-xl lg:text-2xl\">\u018fsas x\u00fcsusiyy\u0259tl\u0259r<\/h3>\n<\/div>\n<div class=\"mt-6 md:mt-10\">\n<div class=\"flex flex-wrap\">\n<div class=\"w-full md:w-1\/2 auto-bullets md:pr-16\">\n<ul>\n<li class=\"text-sm md:text-base text-black mt-3 flex items-start\">\n<div class=\"pl-5\">H\u0259m tikinti sah\u0259l\u0259ri, h\u0259m d\u0259 t\u0259miz otaqlar\u0131n t\u0259miri \u00fc\u00e7\u00fcn ideal olan \u00e7ox y\u00f6nl\u00fc hava t\u0259mizl\u0259yicisi<br \/>\nToz sinfi H, TRGS 519-a uy\u011fun olaraq asbestin azald\u0131lmas\u0131 \u00fc\u00e7\u00fcn icaz\u0259 verilir<br \/>\nVario-shift funksiyas\u0131 ventilyator\/filtr yerl\u0259\u015fdirm\u0259sini t\u0259tbiq t\u0259l\u0259bl\u0259riniz\u0259 uy\u011funla\u015fd\u0131rmaq \u00fc\u00e7\u00fcn<br \/>\nHava h\u0259cminin d\u0259qiq v\u0259 sonsuz t\u0259nziml\u0259nm\u0259si \u00fc\u00e7\u00fcn monoventik hava t\u0259nziml\u0259yicisi<br \/>\nVizual v\u0259 akustik filtr d\u0259yi\u015fikliyi g\u00f6st\u0259ricisi<br \/>\nOptimal h\u0259r\u0259k\u0259tlilik \u00fc\u00e7\u00fcn da\u015f\u0131ma sap\u0131 v\u0259 f\u0131rlanan t\u0259k\u0259rl\u0259r<br \/>\nTez \u00fcst kilidin a\u00e7\u0131lmas\u0131 filtr d\u0259yi\u015fiklikl\u0259rini asanla\u015fd\u0131r\u0131r<br \/>\nAsan filtr d\u0259yi\u015fikliyi<br \/>\nFiltrl\u0259m\u0259 sah\u0259si: asbest, kvars, tikinti tozu, un, a\u011fac, mineral lifl\u0259r, kif sporlar\u0131, boya hiss\u0259cikl\u0259ri<\/div>\n<\/li>\n<\/ul>\n<\/div>\n<\/div>\n<\/div>\n<\/section>\n<section class=\"max-w-[1088px] mx-auto w-full px-5 my-10 md:my-12 lg:my-16 xl:my-20 xl:px-0\" data-block=\"product-specifications\">\n<div class=\"md:text-center\">\n<h3 class=\"text-black font-bold text-lg md:text-xl lg:text-2xl\"><strong>Product specifications<\/strong><\/h3>\n<\/div>\n<div class=\" md:mt-10\">\n<div class=\"\">\n<div class=\"lg:mt-0 \">\n<div id=\"spec-tac-1500\" class=\"prose max-w-full md:overflow-auto\" data-spec-content=\"\">\n<div class=\"spreadsheet-container hidden md:block\">\n<table class=\"w-full table-fixed mb-0\">\n<thead>\n<tr>\n<th class=\"font-bold text-base\"><span class=\"block px-4\">Specifications<\/span><\/th>\n<th class=\"font-bold text-base text-center\"><span class=\"block px-10 md:px-20\">Units<\/span><\/th>\n<th class=\"font-bold text-base text-center will-change\"><span class=\"block px-4\">TAC\u00a01500<\/span><\/th>\n<\/tr>\n<\/thead>\n<tbody>\n<tr class=\"bg-grey-200\/50 p-2\">\n<td colspan=\"1\"><span class=\"block px-4\">Dust class<\/span><\/td>\n<td class=\"text-center\">\n<div class=\"px-10 md:px-20 flex items-center justify-center\">filter<\/div>\n<\/td>\n<td class=\"text-center will-change\">\n<div class=\"px-10 md:px-20 flex items-center justify-center\">H<\/div>\n<\/td>\n<\/tr>\n<tr class=\" p-2\">\n<td colspan=\"1\"><span class=\"block px-4\">Air flow rate max.<\/span><\/td>\n<td class=\"text-center\">\n<div class=\"px-10 md:px-20 flex items-center justify-center\">m\u00b3\/h<\/div>\n<\/td>\n<td class=\"text-center will-change\">\n<div class=\"px-10 md:px-20 flex items-center justify-center\">1,000<\/div>\n<\/td>\n<\/tr>\n<tr class=\"bg-grey-200\/50 p-2\">\n<td colspan=\"1\"><span class=\"block px-4\">Recommended amount of air for filter class H<\/span><\/td>\n<td class=\"text-center\">\n<div class=\"px-10 md:px-20 flex items-center justify-center\">m\u00b3\/h<\/div>\n<\/td>\n<td class=\"text-center will-change\">\n<div class=\"px-10 md:px-20 flex items-center justify-center\">500<\/div>\n<\/td>\n<\/tr>\n<tr class=\" p-2\">\n<td colspan=\"1\"><span class=\"block px-4\">Power supply<\/span><\/td>\n<td class=\"text-center\">\n<div class=\"px-10 md:px-20 flex items-center justify-center\">V\/Hz<\/div>\n<\/td>\n<td class=\"text-center will-change\">\n<div class=\"px-10 md:px-20 flex items-center justify-center\">230\/1ph\/50-60<\/div>\n<\/td>\n<\/tr>\n<tr class=\"bg-grey-200\/50 p-2\">\n<td colspan=\"1\"><span class=\"block px-4\">Power input<\/span><\/td>\n<td class=\"text-center\">\n<div class=\"px-10 md:px-20 flex items-center justify-center\">kW<\/div>\n<\/td>\n<td class=\"text-center will-change\">\n<div class=\"px-10 md:px-20 flex items-center justify-center\">0.175<\/div>\n<\/td>\n<\/tr>\n<tr class=\" p-2\">\n<td colspan=\"1\"><span class=\"block px-4\">Current consumption<\/span><\/td>\n<td class=\"text-center\">\n<div class=\"px-10 md:px-20 flex items-center justify-center\">A<\/div>\n<\/td>\n<td class=\"text-center will-change\">\n<div class=\"px-10 md:px-20 flex items-center justify-center\">1.4<\/div>\n<\/td>\n<\/tr>\n<tr class=\"bg-grey-200\/50 p-2\">\n<td colspan=\"1\"><span class=\"block px-4\">Sound level @1m<\/span><\/td>\n<td class=\"text-center\">\n<div class=\"px-10 md:px-20 flex items-center justify-center\">dB(A)<\/div>\n<\/td>\n<td class=\"text-center will-change\">\n<div class=\"px-10 md:px-20 flex items-center justify-center\">61<\/div>\n<\/td>\n<\/tr>\n<tr class=\" p-2\">\n<td colspan=\"1\"><span class=\"block px-4\">Hose connector suction side<\/span><\/td>\n<td class=\"text-center\">\n<div class=\"px-10 md:px-20 flex items-center justify-center\">\u00d8mm<\/div>\n<\/td>\n<td class=\"text-center will-change\">\n<div class=\"px-10 md:px-20 flex items-center justify-center\">200<\/div>\n<\/td>\n<\/tr>\n<tr class=\"bg-grey-200\/50 p-2\">\n<td colspan=\"1\"><span class=\"block px-4\">Hose connector blow-out side<\/span><\/td>\n<td class=\"text-center\">\n<div class=\"px-10 md:px-20 flex items-center justify-center\">\u00d8mm<\/div>\n<\/td>\n<td class=\"text-center will-change\">\n<div class=\"px-10 md:px-20 flex items-center justify-center\">200<\/div>\n<\/td>\n<\/tr>\n<tr class=\" p-2\">\n<td colspan=\"1\"><span class=\"block px-4\">Product size (l x w x h)<\/span><\/td>\n<td class=\"text-center\">\n<div class=\"px-10 md:px-20 flex items-center justify-center\">mm<\/div>\n<\/td>\n<td class=\"text-center will-change\">\n<div class=\"px-10 md:px-20 flex items-center justify-center\">705 x 362 x 377<\/div>\n<\/td>\n<\/tr>\n<tr class=\"bg-grey-200\/50 p-2\">\n<td colspan=\"1\"><span class=\"block px-4\">Weight<\/span><\/td>\n<td class=\"text-center\">\n<div class=\"px-10 md:px-20 flex items-center justify-center\">kg<\/div>\n<\/td>\n<td class=\"text-center will-change\">\n<div class=\"px-10 md:px-20 flex items-center justify-center\">22<\/div>\n<\/td>\n<\/tr>\n<\/tbody>\n<\/table>\n<\/div>\n<\/div>\n<\/div>\n<\/div>\n<\/div>\n<\/section>\n<section class=\"max-w-[1088px] mx-auto w-full px-5 my-10 md:my-12 lg:my-16 xl:my-20 xl:px-0\" data-block=\"link-list\">\n<div class=\"max-w-[1088px] mx-auto\">\n<div class=\"md:text-center\">\n<ul>\n<li class=\"flex items-center gap-5 text-sm text-black mt-3 md:text-base lg:text-lg\"><strong>Uy\u011fundur:<\/strong><\/li>\n<\/ul>\n<\/div>\n<div class=\"mt-6 max-w-4xl mx-auto\">\n<div class=\"flex flex-wrap md:ml-20\">\n<div class=\"w-full md:w-1\/2 auto-bullets md:pr-16\">\n<ul>\n<li class=\"flex items-center gap-5 text-sm text-black mt-3 md:text-base lg:text-lg\">Ticar\u0259t binalar\u0131<br \/>\nTikinti<br \/>\nQida v\u0259 i\u00e7ki<br \/>\nS\u0259naye, fabrikl\u0259r v\u0259 istehsal<br \/>\n\u018fcza\u00e7\u0131l\u0131q v\u0259 elmi<br \/>\n\u0130car\u0259 \u015firk\u0259tl\u0259ri<br \/>\nN\u0259qliyyat v\u0259 logistika<br \/>\nSu z\u0259r\u0259rinin b\u0259rpas\u0131<\/li>\n<\/ul>\n<\/div>\n<\/div>\n<\/div>\n<\/div>\n<\/section>\n","protected":false},"excerpt":{"rendered":"<div class=\"max-w-4xl\">\n<div class=\"text-xl font-bold mt-1 md:mt-2\">\n<p>Professional hava t\u0259mizl\u0259yicil\u0259ri<\/p>\n<p>Trotec TAC 1500 g\u00fccl\u00fc v\u0259 portativ hava t\u0259mizl\u0259yicisidir v\u0259 ofisl\u0259r, emalatxanalar v\u0259 p\u0259rak\u0259nd\u0259 sat\u0131\u015f ma\u011fazalar\u0131 kimi ticar\u0259t m\u0259kanlar\u0131nda istifad\u0259 \u00fc\u00e7\u00fcn ideald\u0131r. Maksimum 1000 m\u00b3\/saat hava ax\u0131n\u0131 s\u00fcr\u0259ti il\u0259 toz, polen v\u0259 kif sporlar\u0131 kimi havada olan \u00e7irkl\u0259ndiricil\u0259ri tez v\u0259 effektiv \u015f\u0259kild\u0259 t\u0259mizl\u0259y\u0259 bil\u0259r. Hava t\u0259mizl\u0259yicisi da\u015f\u0131nmas\u0131n\u0131 v\u0259 qura\u015fd\u0131r\u0131lmas\u0131n\u0131 asanla\u015fd\u0131ran davaml\u0131 v\u0259 y\u0131\u011fcam dizayna malikdir. O, h\u0259m\u00e7inin hava ax\u0131n\u0131 s\u00fcr\u0259tini f\u0259rdil\u0259\u015fdirm\u0259y\u0259 v\u0259 filtrin d\u0259yi\u015fdirilm\u0259sin\u0259 n\u0259zar\u0259t etm\u0259y\u0259 imkan ver\u0259n d\u0259yi\u015f\u0259n s\u00fcr\u0259t\u0259 n\u0259zar\u0259t v\u0259 filtr d\u0259yi\u015fdirm\u0259 g\u00f6st\u0259ricisin\u0259 malikdir. Etibarl\u0131 performans\u0131 v\u0259 istifad\u0259\u00e7i dostu x\u00fcsusiyy\u0259tl\u0259ri il\u0259 TAC 1500 kommersiya havas\u0131n\u0131n t\u0259mizl\u0259nm\u0259si i\u015fl\u0259ri \u00fc\u00e7\u00fcn \u0259la se\u00e7imdir.<\/p>\n<\/div>\n<\/div>\n","protected":false},"featured_media":28707,"template":"","meta":[],"product_brand":[],"product_cat":[812,809],"product_tag":[],"class_list":{"0":"post-28712","1":"product","2":"type-product","3":"status-publish","4":"has-post-thumbnail","6":"product_cat-hava-tmizlyicisi-tmizlm-toz-filtr","7":"product_cat-hava-nmlndiricisi-kondisioner-az-ventilyasiya-ventilyator","9":"first","10":"instock","11":"sale","12":"shipping-taxable","13":"purchasable","14":"product-type-simple"},"yoast_head":"<!-- This site is optimized with the Yoast SEO plugin v27.1.1 - https:\/\/yoast.com\/product\/yoast-seo-wordpress\/ -->\n<title>Trotec TAC 1500 \u2013 kommersiya hava t\u0259mizl\u0259yicisi - Climate Master<\/title>\n<meta name=\"robots\" content=\"index, follow, max-snippet:-1, max-image-preview:large, max-video-preview:-1\" \/>\n<link rel=\"canonical\" href=\"https:\/\/climatemaster.ge\/az\/product\/trotec-tac-1500-commercial-air-cleaner\/\" \/>\n<meta property=\"og:locale\" content=\"az_AZ\" \/>\n<meta property=\"og:type\" content=\"article\" \/>\n<meta property=\"og:title\" content=\"Trotec TAC 1500 \u2013 kommersiya hava t\u0259mizl\u0259yicisi - Climate Master\" \/>\n<meta property=\"og:description\" content=\"Professional hava t\u0259mizl\u0259yicil\u0259ri  Trotec TAC 1500 g\u00fccl\u00fc v\u0259 portativ hava t\u0259mizl\u0259yicisidir v\u0259 ofisl\u0259r, emalatxanalar v\u0259 p\u0259rak\u0259nd\u0259 sat\u0131\u015f ma\u011fazalar\u0131 kimi ticar\u0259t m\u0259kanlar\u0131nda istifad\u0259 \u00fc\u00e7\u00fcn ideald\u0131r. Maksimum 1000 m\u00b3\/saat hava ax\u0131n\u0131 s\u00fcr\u0259ti il\u0259 toz, polen v\u0259 kif sporlar\u0131 kimi havada olan \u00e7irkl\u0259ndiricil\u0259ri tez v\u0259 effektiv \u015f\u0259kild\u0259 t\u0259mizl\u0259y\u0259 bil\u0259r. Hava t\u0259mizl\u0259yicisi da\u015f\u0131nmas\u0131n\u0131 v\u0259 qura\u015fd\u0131r\u0131lmas\u0131n\u0131 asanla\u015fd\u0131ran davaml\u0131 v\u0259 y\u0131\u011fcam dizayna malikdir. O, h\u0259m\u00e7inin hava ax\u0131n\u0131 s\u00fcr\u0259tini f\u0259rdil\u0259\u015fdirm\u0259y\u0259 v\u0259 filtrin d\u0259yi\u015fdirilm\u0259sin\u0259 n\u0259zar\u0259t etm\u0259y\u0259 imkan ver\u0259n d\u0259yi\u015f\u0259n s\u00fcr\u0259t\u0259 n\u0259zar\u0259t v\u0259 filtr d\u0259yi\u015fdirm\u0259 g\u00f6st\u0259ricisin\u0259 malikdir. Etibarl\u0131 performans\u0131 v\u0259 istifad\u0259\u00e7i dostu x\u00fcsusiyy\u0259tl\u0259ri il\u0259 TAC 1500 kommersiya havas\u0131n\u0131n t\u0259mizl\u0259nm\u0259si i\u015fl\u0259ri \u00fc\u00e7\u00fcn \u0259la se\u00e7imdir.\" \/>\n<meta property=\"og:url\" content=\"https:\/\/climatemaster.ge\/az\/product\/trotec-tac-1500-commercial-air-cleaner\/\" \/>\n<meta property=\"og:site_name\" content=\"Climate Master\" \/>\n<meta property=\"article:modified_time\" content=\"2025-04-09T07:58:47+00:00\" \/>\n<meta property=\"og:image\" content=\"https:\/\/climatemaster.ge\/wp-content\/uploads\/2025\/04\/Trotec-TAC-1500-main-right.jpg\" \/>\n\t<meta property=\"og:image:width\" content=\"1000\" \/>\n\t<meta property=\"og:image:height\" content=\"1000\" \/>\n\t<meta property=\"og:image:type\" content=\"image\/jpeg\" \/>\n<meta name=\"twitter:card\" content=\"summary_large_image\" \/>\n<meta name=\"twitter:label1\" content=\"Est. reading time\" \/>\n\t<meta name=\"twitter:data1\" content=\"1 minute\" \/>\n<script type=\"application\/ld+json\" class=\"yoast-schema-graph\">{\"@context\":\"https:\/\/schema.org\",\"@graph\":[{\"@type\":\"WebPage\",\"@id\":\"https:\/\/climatemaster.ge\/az\/product\/trotec-tac-1500-commercial-air-cleaner\/\",\"url\":\"https:\/\/climatemaster.ge\/az\/product\/trotec-tac-1500-commercial-air-cleaner\/\",\"name\":\"Trotec TAC 1500 \u2013 kommersiya hava t\u0259mizl\u0259yicisi - Climate Master\",\"isPartOf\":{\"@id\":\"https:\/\/climatemaster.ge\/#website\"},\"primaryImageOfPage\":{\"@id\":\"https:\/\/climatemaster.ge\/az\/product\/trotec-tac-1500-commercial-air-cleaner\/#primaryimage\"},\"image\":{\"@id\":\"https:\/\/climatemaster.ge\/az\/product\/trotec-tac-1500-commercial-air-cleaner\/#primaryimage\"},\"thumbnailUrl\":\"https:\/\/climatemaster.ge\/wp-content\/uploads\/2025\/04\/Trotec-TAC-1500-main-right.jpg\",\"datePublished\":\"2025-04-09T07:53:57+00:00\",\"dateModified\":\"2025-04-09T07:58:47+00:00\",\"breadcrumb\":{\"@id\":\"https:\/\/climatemaster.ge\/az\/product\/trotec-tac-1500-commercial-air-cleaner\/#breadcrumb\"},\"inLanguage\":\"az\",\"potentialAction\":[{\"@type\":\"ReadAction\",\"target\":[\"https:\/\/climatemaster.ge\/az\/product\/trotec-tac-1500-commercial-air-cleaner\/\"]}]},{\"@type\":\"ImageObject\",\"inLanguage\":\"az\",\"@id\":\"https:\/\/climatemaster.ge\/az\/product\/trotec-tac-1500-commercial-air-cleaner\/#primaryimage\",\"url\":\"https:\/\/climatemaster.ge\/wp-content\/uploads\/2025\/04\/Trotec-TAC-1500-main-right.jpg\",\"contentUrl\":\"https:\/\/climatemaster.ge\/wp-content\/uploads\/2025\/04\/Trotec-TAC-1500-main-right.jpg\",\"width\":1000,\"height\":1000},{\"@type\":\"BreadcrumbList\",\"@id\":\"https:\/\/climatemaster.ge\/az\/product\/trotec-tac-1500-commercial-air-cleaner\/#breadcrumb\",\"itemListElement\":[{\"@type\":\"ListItem\",\"position\":1,\"name\":\"Home\",\"item\":\"https:\/\/climatemaster.ge\/\"},{\"@type\":\"ListItem\",\"position\":2,\"name\":\"M\u0259hsullar\",\"item\":\"https:\/\/climatemaster.ge\/products\/\"},{\"@type\":\"ListItem\",\"position\":3,\"name\":\"Trotec TAC 1500 \u2013 kommersiya hava t\u0259mizl\u0259yicisi\"}]},{\"@type\":\"WebSite\",\"@id\":\"https:\/\/climatemaster.ge\/#website\",\"url\":\"https:\/\/climatemaster.ge\/\",\"name\":\"Climate Master\",\"description\":\"\",\"publisher\":{\"@id\":\"https:\/\/climatemaster.ge\/#organization\"},\"potentialAction\":[{\"@type\":\"SearchAction\",\"target\":{\"@type\":\"EntryPoint\",\"urlTemplate\":\"https:\/\/climatemaster.ge\/?s={search_term_string}\"},\"query-input\":{\"@type\":\"PropertyValueSpecification\",\"valueRequired\":true,\"valueName\":\"search_term_string\"}}],\"inLanguage\":\"az\"},{\"@type\":\"Organization\",\"@id\":\"https:\/\/climatemaster.ge\/#organization\",\"name\":\"Climate Master\",\"url\":\"https:\/\/climatemaster.ge\/\",\"logo\":{\"@type\":\"ImageObject\",\"inLanguage\":\"az\",\"@id\":\"https:\/\/climatemaster.ge\/#\/schema\/logo\/image\/\",\"url\":\"https:\/\/climatemaster.ge\/wp-content\/uploads\/2026\/03\/Untitled-2.png\",\"contentUrl\":\"https:\/\/climatemaster.ge\/wp-content\/uploads\/2026\/03\/Untitled-2.png\",\"width\":600,\"height\":338,\"caption\":\"Climate Master\"},\"image\":{\"@id\":\"https:\/\/climatemaster.ge\/#\/schema\/logo\/image\/\"}}]}<\/script>\n<!-- \/ Yoast SEO plugin. -->","yoast_head_json":{"title":"Trotec TAC 1500 \u2013 kommersiya hava t\u0259mizl\u0259yicisi - Climate Master","robots":{"index":"index","follow":"follow","max-snippet":"max-snippet:-1","max-image-preview":"max-image-preview:large","max-video-preview":"max-video-preview:-1"},"canonical":"https:\/\/climatemaster.ge\/az\/product\/trotec-tac-1500-commercial-air-cleaner\/","og_locale":"az_AZ","og_type":"article","og_title":"Trotec TAC 1500 \u2013 kommersiya hava t\u0259mizl\u0259yicisi - Climate Master","og_description":"Professional hava t\u0259mizl\u0259yicil\u0259ri  Trotec TAC 1500 g\u00fccl\u00fc v\u0259 portativ hava t\u0259mizl\u0259yicisidir v\u0259 ofisl\u0259r, emalatxanalar v\u0259 p\u0259rak\u0259nd\u0259 sat\u0131\u015f ma\u011fazalar\u0131 kimi ticar\u0259t m\u0259kanlar\u0131nda istifad\u0259 \u00fc\u00e7\u00fcn ideald\u0131r. Maksimum 1000 m\u00b3\/saat hava ax\u0131n\u0131 s\u00fcr\u0259ti il\u0259 toz, polen v\u0259 kif sporlar\u0131 kimi havada olan \u00e7irkl\u0259ndiricil\u0259ri tez v\u0259 effektiv \u015f\u0259kild\u0259 t\u0259mizl\u0259y\u0259 bil\u0259r. Hava t\u0259mizl\u0259yicisi da\u015f\u0131nmas\u0131n\u0131 v\u0259 qura\u015fd\u0131r\u0131lmas\u0131n\u0131 asanla\u015fd\u0131ran davaml\u0131 v\u0259 y\u0131\u011fcam dizayna malikdir. O, h\u0259m\u00e7inin hava ax\u0131n\u0131 s\u00fcr\u0259tini f\u0259rdil\u0259\u015fdirm\u0259y\u0259 v\u0259 filtrin d\u0259yi\u015fdirilm\u0259sin\u0259 n\u0259zar\u0259t etm\u0259y\u0259 imkan ver\u0259n d\u0259yi\u015f\u0259n s\u00fcr\u0259t\u0259 n\u0259zar\u0259t v\u0259 filtr d\u0259yi\u015fdirm\u0259 g\u00f6st\u0259ricisin\u0259 malikdir. Etibarl\u0131 performans\u0131 v\u0259 istifad\u0259\u00e7i dostu x\u00fcsusiyy\u0259tl\u0259ri il\u0259 TAC 1500 kommersiya havas\u0131n\u0131n t\u0259mizl\u0259nm\u0259si i\u015fl\u0259ri \u00fc\u00e7\u00fcn \u0259la se\u00e7imdir.","og_url":"https:\/\/climatemaster.ge\/az\/product\/trotec-tac-1500-commercial-air-cleaner\/","og_site_name":"Climate Master","article_modified_time":"2025-04-09T07:58:47+00:00","og_image":[{"width":1000,"height":1000,"url":"https:\/\/climatemaster.ge\/wp-content\/uploads\/2025\/04\/Trotec-TAC-1500-main-right.jpg","type":"image\/jpeg"}],"twitter_card":"summary_large_image","twitter_misc":{"Est. reading time":"1 minute"},"schema":{"@context":"https:\/\/schema.org","@graph":[{"@type":"WebPage","@id":"https:\/\/climatemaster.ge\/az\/product\/trotec-tac-1500-commercial-air-cleaner\/","url":"https:\/\/climatemaster.ge\/az\/product\/trotec-tac-1500-commercial-air-cleaner\/","name":"Trotec TAC 1500 \u2013 kommersiya hava t\u0259mizl\u0259yicisi - Climate Master","isPartOf":{"@id":"https:\/\/climatemaster.ge\/#website"},"primaryImageOfPage":{"@id":"https:\/\/climatemaster.ge\/az\/product\/trotec-tac-1500-commercial-air-cleaner\/#primaryimage"},"image":{"@id":"https:\/\/climatemaster.ge\/az\/product\/trotec-tac-1500-commercial-air-cleaner\/#primaryimage"},"thumbnailUrl":"https:\/\/climatemaster.ge\/wp-content\/uploads\/2025\/04\/Trotec-TAC-1500-main-right.jpg","datePublished":"2025-04-09T07:53:57+00:00","dateModified":"2025-04-09T07:58:47+00:00","breadcrumb":{"@id":"https:\/\/climatemaster.ge\/az\/product\/trotec-tac-1500-commercial-air-cleaner\/#breadcrumb"},"inLanguage":"az","potentialAction":[{"@type":"ReadAction","target":["https:\/\/climatemaster.ge\/az\/product\/trotec-tac-1500-commercial-air-cleaner\/"]}]},{"@type":"ImageObject","inLanguage":"az","@id":"https:\/\/climatemaster.ge\/az\/product\/trotec-tac-1500-commercial-air-cleaner\/#primaryimage","url":"https:\/\/climatemaster.ge\/wp-content\/uploads\/2025\/04\/Trotec-TAC-1500-main-right.jpg","contentUrl":"https:\/\/climatemaster.ge\/wp-content\/uploads\/2025\/04\/Trotec-TAC-1500-main-right.jpg","width":1000,"height":1000},{"@type":"BreadcrumbList","@id":"https:\/\/climatemaster.ge\/az\/product\/trotec-tac-1500-commercial-air-cleaner\/#breadcrumb","itemListElement":[{"@type":"ListItem","position":1,"name":"Home","item":"https:\/\/climatemaster.ge\/"},{"@type":"ListItem","position":2,"name":"M\u0259hsullar","item":"https:\/\/climatemaster.ge\/products\/"},{"@type":"ListItem","position":3,"name":"Trotec TAC 1500 \u2013 kommersiya hava t\u0259mizl\u0259yicisi"}]},{"@type":"WebSite","@id":"https:\/\/climatemaster.ge\/#website","url":"https:\/\/climatemaster.ge\/","name":"Climate Master","description":"","publisher":{"@id":"https:\/\/climatemaster.ge\/#organization"},"potentialAction":[{"@type":"SearchAction","target":{"@type":"EntryPoint","urlTemplate":"https:\/\/climatemaster.ge\/?s={search_term_string}"},"query-input":{"@type":"PropertyValueSpecification","valueRequired":true,"valueName":"search_term_string"}}],"inLanguage":"az"},{"@type":"Organization","@id":"https:\/\/climatemaster.ge\/#organization","name":"Climate Master","url":"https:\/\/climatemaster.ge\/","logo":{"@type":"ImageObject","inLanguage":"az","@id":"https:\/\/climatemaster.ge\/#\/schema\/logo\/image\/","url":"https:\/\/climatemaster.ge\/wp-content\/uploads\/2026\/03\/Untitled-2.png","contentUrl":"https:\/\/climatemaster.ge\/wp-content\/uploads\/2026\/03\/Untitled-2.png","width":600,"height":338,"caption":"Climate Master"},"image":{"@id":"https:\/\/climatemaster.ge\/#\/schema\/logo\/image\/"}}]}},"_links":{"self":[{"href":"https:\/\/climatemaster.ge\/az\/wp-json\/wp\/v2\/product\/28712","targetHints":{"allow":["GET"]}}],"collection":[{"href":"https:\/\/climatemaster.ge\/az\/wp-json\/wp\/v2\/product"}],"about":[{"href":"https:\/\/climatemaster.ge\/az\/wp-json\/wp\/v2\/types\/product"}],"wp:featuredmedia":[{"embeddable":true,"href":"https:\/\/climatemaster.ge\/az\/wp-json\/wp\/v2\/media\/28707"}],"wp:attachment":[{"href":"https:\/\/climatemaster.ge\/az\/wp-json\/wp\/v2\/media?parent=28712"}],"wp:term":[{"taxonomy":"product_brand","embeddable":true,"href":"https:\/\/climatemaster.ge\/az\/wp-json\/wp\/v2\/product_brand?post=28712"},{"taxonomy":"product_cat","embeddable":true,"href":"https:\/\/climatemaster.ge\/az\/wp-json\/wp\/v2\/product_cat?post=28712"},{"taxonomy":"product_tag","embeddable":true,"href":"https:\/\/climatemaster.ge\/az\/wp-json\/wp\/v2\/product_tag?post=28712"}],"curies":[{"name":"wp","href":"https:\/\/api.w.org\/{rel}","templated":true}]}}