{"id":28557,"date":"2025-04-07T18:34:50","date_gmt":"2025-04-07T14:34:50","guid":{"rendered":"https:\/\/airsystems.ge\/shop\/product\/trotec-airozon-10000-ozone-disinfector\/"},"modified":"2025-04-07T18:47:06","modified_gmt":"2025-04-07T14:47:06","slug":"trotec-airozon-10000-ozone-disinfector","status":"publish","type":"product","link":"https:\/\/climatemaster.ge\/az\/product\/trotec-airozon-10000-ozone-disinfector\/","title":{"rendered":"Trotec Airozon 10000 \u2013 ozon dezinfektoru"},"content":{"rendered":"<section class=\"max-w-[1088px] mx-auto w-full px-5 my-10 md:my-12 lg:my-16 xl:my-20 xl:px-0\" data-block=\"bullet-list\">\n<div class=\"md:text-center\">\n<h3 class=\"text-black font-bold text-lg md:text-xl lg:text-2xl\">\u018fsas x\u00fcsusiyy\u0259tl\u0259r<\/h3>\n<\/div>\n<div class=\"mt-6 md:mt-10\">\n<div class=\"flex flex-wrap\">\n<div class=\"w-full md:w-1\/2 auto-bullets md:pr-16\">\n<ul>\n<li class=\"text-sm md:text-base text-black mt-3 flex items-start\">\n<div class=\"pl-5\">Professional dezinfeksiya v\u0259 qoxunu z\u0259r\u0259rsizl\u0259\u015fdirm\u0259k \u00fc\u00e7\u00fcn m\u00f6hk\u0259m kompakt cihaz<br \/>\n10,000 mq\/saata q\u0259d\u0259r ozon \u00e7\u0131x\u0131\u015f\u0131<br \/>\nOtaqlar\u0131n v\u0259 s\u0259thl\u0259rin elmi c\u0259h\u0259td\u0259n s\u00fcbut edilmi\u015f dezinfeksiyas\u0131<br \/>\nY\u00fcks\u0259k davaml\u0131 ozon elektrodu<br \/>\n\u0130dar\u0259etm\u0259 asanl\u0131\u011f\u0131 \u00fc\u00e7\u00fcn intuitiv idar\u0259etm\u0259 paneli<br \/>\nM\u00fcalic\u0259 m\u00fcdd\u0259tini t\u0259yin etm\u0259k \u00fc\u00e7\u00fcn taymer funksiyas\u0131 (0 d\u0259qiq\u0259d\u0259n 30 saata q\u0259d\u0259r)<br \/>\n\u0130\u015f saatlar\u0131 say\u011fac s\u0259n\u0259dl\u0259r sisteminin i\u015fl\u0259m\u0259 m\u00fcdd\u0259ti<br \/>\n\u0130nteqrasiya edilmi\u015f hava filtri d\u00f6\u015f\u0259m\u0259si daxili komponentl\u0259rin \u00e7irkl\u0259nm\u0259sini minimuma endirir<\/div>\n<\/li>\n<\/ul>\n<\/div>\n<\/div>\n<\/div>\n<\/section>\n<section class=\"max-w-[1088px] mx-auto w-full px-5 my-10 md:my-12 lg:my-16 xl:my-20 xl:px-0\" data-block=\"product-specifications\">\n<div class=\"md:text-center\">\n<h3 class=\"text-black font-bold text-lg md:text-xl lg:text-2xl\"><strong>Product specifications<\/strong><\/h3>\n<\/div>\n<div class=\" md:mt-10\">\n<div class=\"\">\n<div class=\"lg:mt-0 \">\n<div id=\"spec-airozon-10000\" class=\"prose max-w-full md:overflow-auto\" data-spec-content=\"\">\n<div class=\"spreadsheet-container hidden md:block\">\n<table class=\"w-full table-fixed mb-0\">\n<thead>\n<tr>\n<th class=\"font-bold text-base\"><span class=\"block px-4\">Specifications<\/span><\/th>\n<th class=\"font-bold text-base text-center\"><span class=\"block px-10 md:px-20\">Units<\/span><\/th>\n<th class=\"font-bold text-base text-center will-change\"><span class=\"block px-4\">Airozon\u00a010000<\/span><\/th>\n<\/tr>\n<\/thead>\n<tbody>\n<tr class=\"bg-grey-200\/50 p-2\">\n<td colspan=\"1\"><span class=\"block px-4\">Air flow rate max.<\/span><\/td>\n<td class=\"text-center\">\n<div class=\"px-10 md:px-20 flex items-center justify-center\">m\u00b3\/h<\/div>\n<\/td>\n<td class=\"text-center will-change\">\n<div class=\"px-10 md:px-20 flex items-center justify-center\">500<\/div>\n<\/td>\n<\/tr>\n<tr class=\" p-2\">\n<td colspan=\"1\"><span class=\"block px-4\">Ozone output<\/span><\/td>\n<td class=\"text-center\">\n<div class=\"px-10 md:px-20 flex items-center justify-center\">mg\/h<\/div>\n<\/td>\n<td class=\"text-center will-change\">\n<div class=\"px-10 md:px-20 flex items-center justify-center\">10,000<\/div>\n<\/td>\n<\/tr>\n<tr class=\"bg-grey-200\/50 p-2\">\n<td colspan=\"1\"><span class=\"block px-4\">Power supply<\/span><\/td>\n<td class=\"text-center\">\n<div class=\"px-10 md:px-20 flex items-center justify-center\">V\/Hz<\/div>\n<\/td>\n<td class=\"text-center will-change\">\n<div class=\"px-10 md:px-20 flex items-center justify-center\">230\/1ph\/50-60<\/div>\n<\/td>\n<\/tr>\n<tr class=\" p-2\">\n<td colspan=\"1\"><span class=\"block px-4\">Power input max.<\/span><\/td>\n<td class=\"text-center\">\n<div class=\"px-10 md:px-20 flex items-center justify-center\">W<\/div>\n<\/td>\n<td class=\"text-center will-change\">\n<div class=\"px-10 md:px-20 flex items-center justify-center\">230<\/div>\n<\/td>\n<\/tr>\n<tr class=\"bg-grey-200\/50 p-2\">\n<td colspan=\"1\"><span class=\"block px-4\">Current consumption<\/span><\/td>\n<td class=\"text-center\">\n<div class=\"px-10 md:px-20 flex items-center justify-center\">A<\/div>\n<\/td>\n<td class=\"text-center will-change\">\n<div class=\"px-10 md:px-20 flex items-center justify-center\">1.5<\/div>\n<\/td>\n<\/tr>\n<tr class=\" p-2\">\n<td colspan=\"1\"><span class=\"block px-4\">Sound level @3m<\/span><\/td>\n<td class=\"text-center\">\n<div class=\"px-10 md:px-20 flex items-center justify-center\">dB(A)<\/div>\n<\/td>\n<td class=\"text-center will-change\">\n<div class=\"px-10 md:px-20 flex items-center justify-center\">&lt;70<\/div>\n<\/td>\n<\/tr>\n<tr class=\"bg-grey-200\/50 p-2\">\n<td colspan=\"1\"><span class=\"block px-4\">Product size (l x w x h)<\/span><\/td>\n<td class=\"text-center\">\n<div class=\"px-10 md:px-20 flex items-center justify-center\">mm<\/div>\n<\/td>\n<td class=\"text-center will-change\">\n<div class=\"px-10 md:px-20 flex items-center justify-center\">460 x 310 x 310<\/div>\n<\/td>\n<\/tr>\n<tr class=\" p-2\">\n<td colspan=\"1\"><span class=\"block px-4\">Weight<\/span><\/td>\n<td class=\"text-center\">\n<div class=\"px-10 md:px-20 flex items-center justify-center\">kg<\/div>\n<\/td>\n<td class=\"text-center will-change\">\n<div class=\"px-10 md:px-20 flex items-center justify-center\">8<\/div>\n<\/td>\n<\/tr>\n<\/tbody>\n<\/table>\n<\/div>\n<\/div>\n<\/div>\n<\/div>\n<\/div>\n<\/section>\n<section class=\"max-w-[1088px] mx-auto w-full px-5 my-10 md:my-12 lg:my-16 xl:my-20 xl:px-0\" data-block=\"link-list\">\n<div class=\"max-w-[1088px] mx-auto\">\n<div class=\"md:text-center\">\n<ul>\n<li class=\"flex items-center gap-5 text-sm text-black mt-3 md:text-base lg:text-lg\"><strong>Uy\u011fundur:<\/strong><\/li>\n<\/ul>\n<\/div>\n<div class=\"mt-6 max-w-4xl mx-auto\">\n<div class=\"flex flex-wrap md:ml-20\">\n<div class=\"w-full md:w-1\/2 auto-bullets md:pr-16\">\n<ul>\n<li class=\"flex items-center gap-5 text-sm text-black mt-3 md:text-base lg:text-lg\">Avtomobil<br \/>\nTicar\u0259t binalar\u0131<br \/>\n\u0130stirah\u0259t v\u0259 istirah\u0259t<br \/>\n\u0130car\u0259 \u015firk\u0259tl\u0259ri<br \/>\nYa\u015fay\u0131\u015f binalar\u0131<br \/>\nN\u0259qliyyat v\u0259 logistika<br \/>\nSu z\u0259r\u0259rinin b\u0259rpas\u0131<\/li>\n<\/ul>\n<\/div>\n<\/div>\n<\/div>\n<\/div>\n<\/section>\n","protected":false},"excerpt":{"rendered":"<div class=\"max-w-4xl\">\n<div class=\"text-xl font-bold mt-1 md:mt-2\">\n<p>Ozon dezinfeksiyaedicil\u0259ri<\/p>\n<p>Trotec Airozon 10000 otel otaqlar\u0131, ofisl\u0259r v\u0259 tibb m\u00fc\u0259ssis\u0259l\u0259ri kimi ki\u00e7ik v\u0259 orta \u00f6l\u00e7\u00fcl\u00fc m\u0259kanlarda istifad\u0259 \u00fc\u00e7\u00fcn m\u00fck\u0259mm\u0259l olan y\u0131\u011fcam v\u0259 g\u00fccl\u00fc ozon dezinfeksiyaedicisidir. Maksimum 10,000 mq\/saat ozon hasilat\u0131 il\u0259 o, bakteriyalar\u0131, viruslar\u0131 v\u0259 havadak\u0131 dig\u0259r \u00e7irkl\u0259ndiricil\u0259ri tez v\u0259 effektiv \u015f\u0259kild\u0259 aradan qald\u0131ra bil\u0259r. Dezinfektor davaml\u0131 v\u0259 istifad\u0259\u00e7i dostu dizayna malikdir, bu da onu idar\u0259 etm\u0259yi v\u0259 saxlama\u011f\u0131 asanla\u015fd\u0131r\u0131r. O, h\u0259m\u00e7inin t\u0259hl\u00fck\u0259siz v\u0259 effektiv ozon m\u00fcalic\u0259sini t\u0259min etm\u0259k \u00fc\u00e7\u00fcn daxili taymer v\u0259 t\u0259hl\u00fck\u0259sizlik x\u00fcsusiyy\u0259tl\u0259rin\u0259 malikdir. Etibarl\u0131 performans\u0131 v\u0259 y\u0131\u011fcam \u00f6l\u00e7\u00fcs\u00fc il\u0259 Airozon 10000 havan\u0131n effektiv dezinfeksiyas\u0131 \u00fc\u00e7\u00fcn \u0259la se\u00e7imdir.<\/p>\n<\/div>\n<\/div>\n","protected":false},"featured_media":28546,"template":"","meta":[],"product_brand":[],"product_cat":[809,971],"product_tag":[],"class_list":{"0":"post-28557","1":"product","2":"type-product","3":"status-publish","4":"has-post-thumbnail","6":"product_cat-hava-nmlndiricisi-kondisioner-az-ventilyasiya-ventilyator","7":"product_cat-disinfection","9":"first","10":"instock","11":"shipping-taxable","12":"purchasable","13":"product-type-simple"},"yoast_head":"<!-- This site is optimized with the Yoast SEO plugin v27.1.1 - https:\/\/yoast.com\/product\/yoast-seo-wordpress\/ -->\n<title>Trotec Airozon 10000 \u2013 ozon dezinfektoru - Climate Master<\/title>\n<meta name=\"robots\" content=\"index, follow, max-snippet:-1, max-image-preview:large, max-video-preview:-1\" \/>\n<link rel=\"canonical\" href=\"https:\/\/climatemaster.ge\/az\/product\/trotec-airozon-10000-ozone-disinfector\/\" \/>\n<meta property=\"og:locale\" content=\"az_AZ\" \/>\n<meta property=\"og:type\" content=\"article\" \/>\n<meta property=\"og:title\" content=\"Trotec Airozon 10000 \u2013 ozon dezinfektoru - Climate Master\" \/>\n<meta property=\"og:description\" content=\"Ozon dezinfeksiyaedicil\u0259ri  Trotec Airozon 10000 otel otaqlar\u0131, ofisl\u0259r v\u0259 tibb m\u00fc\u0259ssis\u0259l\u0259ri kimi ki\u00e7ik v\u0259 orta \u00f6l\u00e7\u00fcl\u00fc m\u0259kanlarda istifad\u0259 \u00fc\u00e7\u00fcn m\u00fck\u0259mm\u0259l olan y\u0131\u011fcam v\u0259 g\u00fccl\u00fc ozon dezinfeksiyaedicisidir. Maksimum 10,000 mq\/saat ozon hasilat\u0131 il\u0259 o, bakteriyalar\u0131, viruslar\u0131 v\u0259 havadak\u0131 dig\u0259r \u00e7irkl\u0259ndiricil\u0259ri tez v\u0259 effektiv \u015f\u0259kild\u0259 aradan qald\u0131ra bil\u0259r. Dezinfektor davaml\u0131 v\u0259 istifad\u0259\u00e7i dostu dizayna malikdir, bu da onu idar\u0259 etm\u0259yi v\u0259 saxlama\u011f\u0131 asanla\u015fd\u0131r\u0131r. O, h\u0259m\u00e7inin t\u0259hl\u00fck\u0259siz v\u0259 effektiv ozon m\u00fcalic\u0259sini t\u0259min etm\u0259k \u00fc\u00e7\u00fcn daxili taymer v\u0259 t\u0259hl\u00fck\u0259sizlik x\u00fcsusiyy\u0259tl\u0259rin\u0259 malikdir. Etibarl\u0131 performans\u0131 v\u0259 y\u0131\u011fcam \u00f6l\u00e7\u00fcs\u00fc il\u0259 Airozon 10000 havan\u0131n effektiv dezinfeksiyas\u0131 \u00fc\u00e7\u00fcn \u0259la se\u00e7imdir.\" \/>\n<meta property=\"og:url\" content=\"https:\/\/climatemaster.ge\/az\/product\/trotec-airozon-10000-ozone-disinfector\/\" \/>\n<meta property=\"og:site_name\" content=\"Climate Master\" \/>\n<meta property=\"article:modified_time\" content=\"2025-04-07T14:47:06+00:00\" \/>\n<meta property=\"og:image\" content=\"https:\/\/climatemaster.ge\/wp-content\/uploads\/2025\/04\/Trotec-Airozon-10000-main-leftt.jpg\" \/>\n\t<meta property=\"og:image:width\" content=\"1000\" \/>\n\t<meta property=\"og:image:height\" content=\"1000\" \/>\n\t<meta property=\"og:image:type\" content=\"image\/jpeg\" \/>\n<meta name=\"twitter:card\" content=\"summary_large_image\" \/>\n<meta name=\"twitter:label1\" content=\"Est. reading time\" \/>\n\t<meta name=\"twitter:data1\" content=\"1 minute\" \/>\n<script type=\"application\/ld+json\" class=\"yoast-schema-graph\">{\"@context\":\"https:\/\/schema.org\",\"@graph\":[{\"@type\":\"WebPage\",\"@id\":\"https:\/\/climatemaster.ge\/az\/product\/trotec-airozon-10000-ozone-disinfector\/\",\"url\":\"https:\/\/climatemaster.ge\/az\/product\/trotec-airozon-10000-ozone-disinfector\/\",\"name\":\"Trotec Airozon 10000 \u2013 ozon dezinfektoru - Climate Master\",\"isPartOf\":{\"@id\":\"https:\/\/climatemaster.ge\/#website\"},\"primaryImageOfPage\":{\"@id\":\"https:\/\/climatemaster.ge\/az\/product\/trotec-airozon-10000-ozone-disinfector\/#primaryimage\"},\"image\":{\"@id\":\"https:\/\/climatemaster.ge\/az\/product\/trotec-airozon-10000-ozone-disinfector\/#primaryimage\"},\"thumbnailUrl\":\"https:\/\/climatemaster.ge\/wp-content\/uploads\/2025\/04\/Trotec-Airozon-10000-main-leftt.jpg\",\"datePublished\":\"2025-04-07T14:34:50+00:00\",\"dateModified\":\"2025-04-07T14:47:06+00:00\",\"breadcrumb\":{\"@id\":\"https:\/\/climatemaster.ge\/az\/product\/trotec-airozon-10000-ozone-disinfector\/#breadcrumb\"},\"inLanguage\":\"az\",\"potentialAction\":[{\"@type\":\"ReadAction\",\"target\":[\"https:\/\/climatemaster.ge\/az\/product\/trotec-airozon-10000-ozone-disinfector\/\"]}]},{\"@type\":\"ImageObject\",\"inLanguage\":\"az\",\"@id\":\"https:\/\/climatemaster.ge\/az\/product\/trotec-airozon-10000-ozone-disinfector\/#primaryimage\",\"url\":\"https:\/\/climatemaster.ge\/wp-content\/uploads\/2025\/04\/Trotec-Airozon-10000-main-leftt.jpg\",\"contentUrl\":\"https:\/\/climatemaster.ge\/wp-content\/uploads\/2025\/04\/Trotec-Airozon-10000-main-leftt.jpg\",\"width\":1000,\"height\":1000},{\"@type\":\"BreadcrumbList\",\"@id\":\"https:\/\/climatemaster.ge\/az\/product\/trotec-airozon-10000-ozone-disinfector\/#breadcrumb\",\"itemListElement\":[{\"@type\":\"ListItem\",\"position\":1,\"name\":\"Home\",\"item\":\"https:\/\/climatemaster.ge\/\"},{\"@type\":\"ListItem\",\"position\":2,\"name\":\"M\u0259hsullar\",\"item\":\"https:\/\/climatemaster.ge\/products\/\"},{\"@type\":\"ListItem\",\"position\":3,\"name\":\"Trotec Airozon 10000 \u2013 ozon dezinfektoru\"}]},{\"@type\":\"WebSite\",\"@id\":\"https:\/\/climatemaster.ge\/#website\",\"url\":\"https:\/\/climatemaster.ge\/\",\"name\":\"Climate Master\",\"description\":\"\",\"publisher\":{\"@id\":\"https:\/\/climatemaster.ge\/#organization\"},\"potentialAction\":[{\"@type\":\"SearchAction\",\"target\":{\"@type\":\"EntryPoint\",\"urlTemplate\":\"https:\/\/climatemaster.ge\/?s={search_term_string}\"},\"query-input\":{\"@type\":\"PropertyValueSpecification\",\"valueRequired\":true,\"valueName\":\"search_term_string\"}}],\"inLanguage\":\"az\"},{\"@type\":\"Organization\",\"@id\":\"https:\/\/climatemaster.ge\/#organization\",\"name\":\"Climate Master\",\"url\":\"https:\/\/climatemaster.ge\/\",\"logo\":{\"@type\":\"ImageObject\",\"inLanguage\":\"az\",\"@id\":\"https:\/\/climatemaster.ge\/#\/schema\/logo\/image\/\",\"url\":\"https:\/\/climatemaster.ge\/wp-content\/uploads\/2026\/03\/Untitled-2.png\",\"contentUrl\":\"https:\/\/climatemaster.ge\/wp-content\/uploads\/2026\/03\/Untitled-2.png\",\"width\":600,\"height\":338,\"caption\":\"Climate Master\"},\"image\":{\"@id\":\"https:\/\/climatemaster.ge\/#\/schema\/logo\/image\/\"}}]}<\/script>\n<!-- \/ Yoast SEO plugin. -->","yoast_head_json":{"title":"Trotec Airozon 10000 \u2013 ozon dezinfektoru - Climate Master","robots":{"index":"index","follow":"follow","max-snippet":"max-snippet:-1","max-image-preview":"max-image-preview:large","max-video-preview":"max-video-preview:-1"},"canonical":"https:\/\/climatemaster.ge\/az\/product\/trotec-airozon-10000-ozone-disinfector\/","og_locale":"az_AZ","og_type":"article","og_title":"Trotec Airozon 10000 \u2013 ozon dezinfektoru - Climate Master","og_description":"Ozon dezinfeksiyaedicil\u0259ri  Trotec Airozon 10000 otel otaqlar\u0131, ofisl\u0259r v\u0259 tibb m\u00fc\u0259ssis\u0259l\u0259ri kimi ki\u00e7ik v\u0259 orta \u00f6l\u00e7\u00fcl\u00fc m\u0259kanlarda istifad\u0259 \u00fc\u00e7\u00fcn m\u00fck\u0259mm\u0259l olan y\u0131\u011fcam v\u0259 g\u00fccl\u00fc ozon dezinfeksiyaedicisidir. Maksimum 10,000 mq\/saat ozon hasilat\u0131 il\u0259 o, bakteriyalar\u0131, viruslar\u0131 v\u0259 havadak\u0131 dig\u0259r \u00e7irkl\u0259ndiricil\u0259ri tez v\u0259 effektiv \u015f\u0259kild\u0259 aradan qald\u0131ra bil\u0259r. Dezinfektor davaml\u0131 v\u0259 istifad\u0259\u00e7i dostu dizayna malikdir, bu da onu idar\u0259 etm\u0259yi v\u0259 saxlama\u011f\u0131 asanla\u015fd\u0131r\u0131r. O, h\u0259m\u00e7inin t\u0259hl\u00fck\u0259siz v\u0259 effektiv ozon m\u00fcalic\u0259sini t\u0259min etm\u0259k \u00fc\u00e7\u00fcn daxili taymer v\u0259 t\u0259hl\u00fck\u0259sizlik x\u00fcsusiyy\u0259tl\u0259rin\u0259 malikdir. Etibarl\u0131 performans\u0131 v\u0259 y\u0131\u011fcam \u00f6l\u00e7\u00fcs\u00fc il\u0259 Airozon 10000 havan\u0131n effektiv dezinfeksiyas\u0131 \u00fc\u00e7\u00fcn \u0259la se\u00e7imdir.","og_url":"https:\/\/climatemaster.ge\/az\/product\/trotec-airozon-10000-ozone-disinfector\/","og_site_name":"Climate Master","article_modified_time":"2025-04-07T14:47:06+00:00","og_image":[{"width":1000,"height":1000,"url":"https:\/\/climatemaster.ge\/wp-content\/uploads\/2025\/04\/Trotec-Airozon-10000-main-leftt.jpg","type":"image\/jpeg"}],"twitter_card":"summary_large_image","twitter_misc":{"Est. reading time":"1 minute"},"schema":{"@context":"https:\/\/schema.org","@graph":[{"@type":"WebPage","@id":"https:\/\/climatemaster.ge\/az\/product\/trotec-airozon-10000-ozone-disinfector\/","url":"https:\/\/climatemaster.ge\/az\/product\/trotec-airozon-10000-ozone-disinfector\/","name":"Trotec Airozon 10000 \u2013 ozon dezinfektoru - Climate Master","isPartOf":{"@id":"https:\/\/climatemaster.ge\/#website"},"primaryImageOfPage":{"@id":"https:\/\/climatemaster.ge\/az\/product\/trotec-airozon-10000-ozone-disinfector\/#primaryimage"},"image":{"@id":"https:\/\/climatemaster.ge\/az\/product\/trotec-airozon-10000-ozone-disinfector\/#primaryimage"},"thumbnailUrl":"https:\/\/climatemaster.ge\/wp-content\/uploads\/2025\/04\/Trotec-Airozon-10000-main-leftt.jpg","datePublished":"2025-04-07T14:34:50+00:00","dateModified":"2025-04-07T14:47:06+00:00","breadcrumb":{"@id":"https:\/\/climatemaster.ge\/az\/product\/trotec-airozon-10000-ozone-disinfector\/#breadcrumb"},"inLanguage":"az","potentialAction":[{"@type":"ReadAction","target":["https:\/\/climatemaster.ge\/az\/product\/trotec-airozon-10000-ozone-disinfector\/"]}]},{"@type":"ImageObject","inLanguage":"az","@id":"https:\/\/climatemaster.ge\/az\/product\/trotec-airozon-10000-ozone-disinfector\/#primaryimage","url":"https:\/\/climatemaster.ge\/wp-content\/uploads\/2025\/04\/Trotec-Airozon-10000-main-leftt.jpg","contentUrl":"https:\/\/climatemaster.ge\/wp-content\/uploads\/2025\/04\/Trotec-Airozon-10000-main-leftt.jpg","width":1000,"height":1000},{"@type":"BreadcrumbList","@id":"https:\/\/climatemaster.ge\/az\/product\/trotec-airozon-10000-ozone-disinfector\/#breadcrumb","itemListElement":[{"@type":"ListItem","position":1,"name":"Home","item":"https:\/\/climatemaster.ge\/"},{"@type":"ListItem","position":2,"name":"M\u0259hsullar","item":"https:\/\/climatemaster.ge\/products\/"},{"@type":"ListItem","position":3,"name":"Trotec Airozon 10000 \u2013 ozon dezinfektoru"}]},{"@type":"WebSite","@id":"https:\/\/climatemaster.ge\/#website","url":"https:\/\/climatemaster.ge\/","name":"Climate Master","description":"","publisher":{"@id":"https:\/\/climatemaster.ge\/#organization"},"potentialAction":[{"@type":"SearchAction","target":{"@type":"EntryPoint","urlTemplate":"https:\/\/climatemaster.ge\/?s={search_term_string}"},"query-input":{"@type":"PropertyValueSpecification","valueRequired":true,"valueName":"search_term_string"}}],"inLanguage":"az"},{"@type":"Organization","@id":"https:\/\/climatemaster.ge\/#organization","name":"Climate Master","url":"https:\/\/climatemaster.ge\/","logo":{"@type":"ImageObject","inLanguage":"az","@id":"https:\/\/climatemaster.ge\/#\/schema\/logo\/image\/","url":"https:\/\/climatemaster.ge\/wp-content\/uploads\/2026\/03\/Untitled-2.png","contentUrl":"https:\/\/climatemaster.ge\/wp-content\/uploads\/2026\/03\/Untitled-2.png","width":600,"height":338,"caption":"Climate Master"},"image":{"@id":"https:\/\/climatemaster.ge\/#\/schema\/logo\/image\/"}}]}},"_links":{"self":[{"href":"https:\/\/climatemaster.ge\/az\/wp-json\/wp\/v2\/product\/28557","targetHints":{"allow":["GET"]}}],"collection":[{"href":"https:\/\/climatemaster.ge\/az\/wp-json\/wp\/v2\/product"}],"about":[{"href":"https:\/\/climatemaster.ge\/az\/wp-json\/wp\/v2\/types\/product"}],"wp:featuredmedia":[{"embeddable":true,"href":"https:\/\/climatemaster.ge\/az\/wp-json\/wp\/v2\/media\/28546"}],"wp:attachment":[{"href":"https:\/\/climatemaster.ge\/az\/wp-json\/wp\/v2\/media?parent=28557"}],"wp:term":[{"taxonomy":"product_brand","embeddable":true,"href":"https:\/\/climatemaster.ge\/az\/wp-json\/wp\/v2\/product_brand?post=28557"},{"taxonomy":"product_cat","embeddable":true,"href":"https:\/\/climatemaster.ge\/az\/wp-json\/wp\/v2\/product_cat?post=28557"},{"taxonomy":"product_tag","embeddable":true,"href":"https:\/\/climatemaster.ge\/az\/wp-json\/wp\/v2\/product_tag?post=28557"}],"curies":[{"name":"wp","href":"https:\/\/api.w.org\/{rel}","templated":true}]}}