{"id":28098,"date":"2025-04-06T20:48:00","date_gmt":"2025-04-06T16:48:00","guid":{"rendered":"https:\/\/airsystems.ge\/shop\/product\/trotec-tfv-100-radial-fan\/"},"modified":"2025-04-06T20:54:25","modified_gmt":"2025-04-06T16:54:25","slug":"trotec-tfv-100-radial-fan","status":"publish","type":"product","link":"https:\/\/climatemaster.ge\/az\/product\/trotec-tfv-100-radial-fan\/","title":{"rendered":"Trotec TFV 100 \u2013 radial fan Y\u00fcks\u0259k t\u0259zyiqli radial fanatlar"},"content":{"rendered":"<section class=\"max-w-[1088px] mx-auto w-full px-5 my-10 md:my-12 lg:my-16 xl:my-20 xl:px-0\" data-block=\"bullet-list\">\n<div class=\"md:text-center\">\n<h3 class=\"text-black font-bold text-lg md:text-xl lg:text-2xl\">\u018fsas x\u00fcsusiyy\u0259tl\u0259r<\/h3>\n<\/div>\n<div class=\"mt-6 md:mt-10\">\n<div class=\"flex flex-wrap\">\n<div class=\"w-full md:w-1\/2 auto-bullets md:pr-16\">\n<ul>\n<li class=\"text-sm md:text-base text-black mt-3 flex items-start\">\n<div class=\"pl-5\">Y\u00fcks\u0259k performansl\u0131 v\u0259 m\u00f6hk\u0259m radial fan<br \/>\nB\u0259rpa, drenaj v\u0259 qaynaq i\u015fl\u0259ri \u00fc\u00e7\u00fcn ideald\u0131r<br \/>\n\u00c7ox tozlu m\u00fchit\u0259 d\u00f6z\u00fcr<br \/>\nGiri\u015f v\u0259 egzoz kanallar\u0131na qo\u015fula bil\u0259r<br \/>\nSabit x\u00fcsusiyy\u0259tl\u0259r v\u0259 daim y\u00fcks\u0259k t\u0259zyiq<\/div>\n<\/li>\n<\/ul>\n<\/div>\n<\/div>\n<\/div>\n<\/section>\n<section class=\"max-w-[1088px] mx-auto w-full px-5 my-10 md:my-12 lg:my-16 xl:my-20 xl:px-0\" data-block=\"product-specifications\">\n<div class=\"md:text-center\">\n<h3 class=\"text-black font-bold text-lg md:text-xl lg:text-2xl\"><strong>Product specifications<\/strong><\/h3>\n<\/div>\n<div class=\" md:mt-10\">\n<div class=\"\">\n<div class=\"lg:mt-0 \">\n<div id=\"spec-tfv-100\" class=\"prose max-w-full md:overflow-auto\" data-spec-content=\"\">\n<div class=\"spreadsheet-container hidden md:block\">\n<table class=\"w-full table-fixed mb-0\">\n<thead>\n<tr>\n<th class=\"font-bold text-base\"><span class=\"block px-4\">Specifications<\/span><\/th>\n<th class=\"font-bold text-base text-center\"><span class=\"block px-10 md:px-20\">Units<\/span><\/th>\n<th class=\"font-bold text-base text-center will-change\"><span class=\"block px-4\">TFV\u00a0100<\/span><\/th>\n<\/tr>\n<\/thead>\n<tbody>\n<tr class=\"bg-grey-200\/50 p-2\">\n<td colspan=\"1\"><span class=\"block px-4\">Air volume freely blowing max.<\/span><\/td>\n<td class=\"text-center\">\n<div class=\"px-10 md:px-20 flex items-center justify-center\">m\u00b3\/h<\/div>\n<\/td>\n<td class=\"text-center will-change\">\n<div class=\"px-10 md:px-20 flex items-center justify-center\">4,000<\/div>\n<\/td>\n<\/tr>\n<tr class=\" p-2\">\n<td colspan=\"1\"><span class=\"block px-4\">Air current<\/span><\/td>\n<td class=\"text-center\">\n<div class=\"px-10 md:px-20 flex items-center justify-center\"><\/div>\n<\/td>\n<td class=\"text-center will-change\">\n<div class=\"px-10 md:px-20 flex items-center justify-center\">blowing out \/ sucking in<\/div>\n<\/td>\n<\/tr>\n<tr class=\"bg-grey-200\/50 p-2\">\n<td colspan=\"1\"><span class=\"block px-4\">Air discharge speed<\/span><\/td>\n<td class=\"text-center\">\n<div class=\"px-10 md:px-20 flex items-center justify-center\">m\/s (km\/h)<\/div>\n<\/td>\n<td class=\"text-center will-change\">\n<div class=\"px-10 md:px-20 flex items-center justify-center\">17\/61.2<\/div>\n<\/td>\n<\/tr>\n<tr class=\" p-2\">\n<td colspan=\"1\"><span class=\"block px-4\">Fan stages<\/span><\/td>\n<td class=\"text-center\">\n<div class=\"px-10 md:px-20 flex items-center justify-center\"><\/div>\n<\/td>\n<td class=\"text-center will-change\">\n<div class=\"px-10 md:px-20 flex items-center justify-center\">1<\/div>\n<\/td>\n<\/tr>\n<tr class=\"bg-grey-200\/50 p-2\">\n<td colspan=\"1\"><span class=\"block px-4\">Protection class<\/span><\/td>\n<td class=\"text-center\">\n<div class=\"px-10 md:px-20 flex items-center justify-center\"><\/div>\n<\/td>\n<td class=\"text-center will-change\">\n<div class=\"px-10 md:px-20 flex items-center justify-center\">IP55<\/div>\n<\/td>\n<\/tr>\n<tr class=\" p-2\">\n<td colspan=\"1\"><span class=\"block px-4\">Air pressure max.<\/span><\/td>\n<td class=\"text-center\">\n<div class=\"px-10 md:px-20 flex items-center justify-center\">Pa<\/div>\n<\/td>\n<td class=\"text-center will-change\">\n<div class=\"px-10 md:px-20 flex items-center justify-center\">2,080<\/div>\n<\/td>\n<\/tr>\n<tr class=\"bg-grey-200\/50 p-2\">\n<td colspan=\"1\"><span class=\"block px-4\">Max. transport medium temperature<\/span><\/td>\n<td class=\"text-center\">\n<div class=\"px-10 md:px-20 flex items-center justify-center\">\u00b0C<\/div>\n<\/td>\n<td class=\"text-center will-change\">\n<div class=\"px-10 md:px-20 flex items-center justify-center\">80<\/div>\n<\/td>\n<\/tr>\n<tr class=\" p-2\">\n<td colspan=\"1\"><span class=\"block px-4\">Power supply<\/span><\/td>\n<td class=\"text-center\">\n<div class=\"px-10 md:px-20 flex items-center justify-center\">V\/Hz<\/div>\n<\/td>\n<td class=\"text-center will-change\">\n<div class=\"px-10 md:px-20 flex items-center justify-center\">400\/50<\/div>\n<\/td>\n<\/tr>\n<tr class=\"bg-grey-200\/50 p-2\">\n<td colspan=\"1\"><span class=\"block px-4\">Power input<\/span><\/td>\n<td class=\"text-center\">\n<div class=\"px-10 md:px-20 flex items-center justify-center\">kW<\/div>\n<\/td>\n<td class=\"text-center will-change\">\n<div class=\"px-10 md:px-20 flex items-center justify-center\">2.2<\/div>\n<\/td>\n<\/tr>\n<tr class=\" p-2\">\n<td colspan=\"1\"><span class=\"block px-4\">Necessary fuse<\/span><\/td>\n<td class=\"text-center\">\n<div class=\"px-10 md:px-20 flex items-center justify-center\">A<\/div>\n<\/td>\n<td class=\"text-center will-change\">\n<div class=\"px-10 md:px-20 flex items-center justify-center\">10<\/div>\n<\/td>\n<\/tr>\n<tr class=\"bg-grey-200\/50 p-2\">\n<td colspan=\"1\"><span class=\"block px-4\">Sound level @3m<\/span><\/td>\n<td class=\"text-center\">\n<div class=\"px-10 md:px-20 flex items-center justify-center\">dB(A)<\/div>\n<\/td>\n<td class=\"text-center will-change\">\n<div class=\"px-10 md:px-20 flex items-center justify-center\">81.5<\/div>\n<\/td>\n<\/tr>\n<tr class=\" p-2\">\n<td colspan=\"1\"><span class=\"block px-4\">Product size (l x w x h)<\/span><\/td>\n<td class=\"text-center\">\n<div class=\"px-10 md:px-20 flex items-center justify-center\">mm<\/div>\n<\/td>\n<td class=\"text-center will-change\">\n<div class=\"px-10 md:px-20 flex items-center justify-center\">960 x 560 x 750<\/div>\n<\/td>\n<\/tr>\n<tr class=\"bg-grey-200\/50 p-2\">\n<td colspan=\"1\"><span class=\"block px-4\">Weight<\/span><\/td>\n<td class=\"text-center\">\n<div class=\"px-10 md:px-20 flex items-center justify-center\">kg<\/div>\n<\/td>\n<td class=\"text-center will-change\">\n<div class=\"px-10 md:px-20 flex items-center justify-center\">120<\/div>\n<\/td>\n<\/tr>\n<\/tbody>\n<\/table>\n<\/div>\n<\/div>\n<\/div>\n<\/div>\n<\/div>\n<\/section>\n<section class=\"max-w-[1088px] mx-auto w-full px-5 my-10 md:my-12 lg:my-16 xl:my-20 xl:px-0\" data-block=\"link-list\">\n<div class=\"max-w-[1088px] mx-auto\">\n<div class=\"md:text-center\">\n<ul>\n<li class=\"flex items-center gap-5 text-sm text-black mt-3 md:text-base lg:text-lg\"><strong>Uy\u011fundur:<\/strong><\/li>\n<\/ul>\n<\/div>\n<div class=\"mt-6 max-w-4xl mx-auto\">\n<div class=\"flex flex-wrap md:ml-20\">\n<div class=\"w-full md:w-1\/2 auto-bullets md:pr-16\">\n<ul>\n<li class=\"flex items-center gap-5 text-sm text-black mt-3 md:text-base lg:text-lg\">K\u0259nd t\u0259s\u0259rr\u00fcfat\u0131<br \/>\nTikinti<br \/>\nT\u0259dbirl\u0259r v\u0259 festivallar<br \/>\nS\u0259naye, fabrik v\u0259 istehsal<br \/>\n\u0130car\u0259 \u015firk\u0259tl\u0259ri<br \/>\nAnbarlar v\u0259 anbarlar<br \/>\nSu z\u0259r\u0259rinin b\u0259rpas\u0131<\/li>\n<\/ul>\n<\/div>\n<\/div>\n<\/div>\n<\/div>\n<\/section>\n","protected":false},"excerpt":{"rendered":"<div class=\"max-w-4xl\">\n<div class=\"text-xl font-bold mt-1 md:mt-2\">\n<p>Y\u00fcks\u0259k t\u0259zyiqli radial fanatlar<\/p>\n<p>TFV 100 4000 m\u00b3\/saata q\u0259d\u0259r hava ax\u0131n\u0131 t\u0259min ed\u0259n g\u00fccl\u00fc radial ventilyatordur. O, bir-birin\u0259 ba\u011fl\u0131 \u015flanqlar olan uzun hava n\u0259qliyyat\u0131 mar\u015frutlar\u0131 kimi y\u00fcks\u0259k \u0259ks t\u0259zyiq\u0259 malik t\u0259tbiql\u0259r \u00fc\u00e7\u00fcn n\u0259z\u0259rd\u0259 tutulmu\u015fdur. Eksenel ventilyatorlardan f\u0259rqli olaraq, havan\u0131 \u015faquli istiqam\u0259td\u0259 h\u0259r\u0259k\u0259t etdirm\u0259k \u00fc\u00e7\u00fcn m\u0259rk\u0259zd\u0259nqa\u00e7ma prinsipind\u0259n istifad\u0259 edir, bu da onu tozlu m\u00fchitl\u0259rd\u0259 b\u0259rpa, drenaj v\u0259 ya qaynaq zaman\u0131 ventilyasiya \u00fc\u00e7\u00fcn uy\u011fun edir. Fan, davaml\u0131 \u00f6rt\u00fckl\u00fc m\u00f6hk\u0259m polad korpusa malikdir v\u0259 \u0259lav\u0259 polad d\u0259r\u0259c\u0259li se\u00e7iml\u0259r t\u0259klif edir. \u018flav\u0259 olaraq, iste\u011fe ba\u011fl\u0131 sinkl\u0259nmi\u015f polad da\u015f\u0131ma \u00e7\u0259r\u00e7iv\u0259si m\u00fcxt\u0259lif yerl\u0259rd\u0259 istifad\u0259 \u00fc\u00e7\u00fcn h\u0259r\u0259k\u0259tlilik t\u0259min edir.<\/p>\n<\/div>\n<\/div>\n","protected":false},"featured_media":28081,"template":"","meta":[],"product_brand":[],"product_cat":[809,967,1146],"product_tag":[],"class_list":{"0":"post-28098","1":"product","2":"type-product","3":"status-publish","4":"has-post-thumbnail","6":"product_cat-hava-nmlndiricisi-kondisioner-az-ventilyasiya-ventilyator","7":"product_cat-ventilyasiya-az-ventilyator-havalandirma-eksenel-radial","8":"product_cat-yuksk-tzyiqli-radial-fanatlar-ventilyasiya","10":"first","11":"instock","12":"shipping-taxable","13":"purchasable","14":"product-type-simple"},"yoast_head":"<!-- This site is optimized with the Yoast SEO plugin v27.1.1 - https:\/\/yoast.com\/product\/yoast-seo-wordpress\/ -->\n<title>Trotec TFV 100 \u2013 radial fan Y\u00fcks\u0259k t\u0259zyiqli radial fanatlar - Climate Master<\/title>\n<meta name=\"robots\" content=\"index, follow, max-snippet:-1, max-image-preview:large, max-video-preview:-1\" \/>\n<link rel=\"canonical\" href=\"https:\/\/climatemaster.ge\/product\/trotec-tfv-100-radial-fan\/\" \/>\n<meta property=\"og:locale\" content=\"az_AZ\" \/>\n<meta property=\"og:type\" content=\"article\" \/>\n<meta property=\"og:title\" content=\"Trotec TFV 100 \u2013 radial fan Y\u00fcks\u0259k t\u0259zyiqli radial fanatlar - Climate Master\" \/>\n<meta property=\"og:description\" content=\"Y\u00fcks\u0259k t\u0259zyiqli radial fanatlar  TFV 100 4000 m\u00b3\/saata q\u0259d\u0259r hava ax\u0131n\u0131 t\u0259min ed\u0259n g\u00fccl\u00fc radial ventilyatordur. O, bir-birin\u0259 ba\u011fl\u0131 \u015flanqlar olan uzun hava n\u0259qliyyat\u0131 mar\u015frutlar\u0131 kimi y\u00fcks\u0259k \u0259ks t\u0259zyiq\u0259 malik t\u0259tbiql\u0259r \u00fc\u00e7\u00fcn n\u0259z\u0259rd\u0259 tutulmu\u015fdur. Eksenel ventilyatorlardan f\u0259rqli olaraq, havan\u0131 \u015faquli istiqam\u0259td\u0259 h\u0259r\u0259k\u0259t etdirm\u0259k \u00fc\u00e7\u00fcn m\u0259rk\u0259zd\u0259nqa\u00e7ma prinsipind\u0259n istifad\u0259 edir, bu da onu tozlu m\u00fchitl\u0259rd\u0259 b\u0259rpa, drenaj v\u0259 ya qaynaq zaman\u0131 ventilyasiya \u00fc\u00e7\u00fcn uy\u011fun edir. Fan, davaml\u0131 \u00f6rt\u00fckl\u00fc m\u00f6hk\u0259m polad korpusa malikdir v\u0259 \u0259lav\u0259 polad d\u0259r\u0259c\u0259li se\u00e7iml\u0259r t\u0259klif edir. \u018flav\u0259 olaraq, iste\u011fe ba\u011fl\u0131 sinkl\u0259nmi\u015f polad da\u015f\u0131ma \u00e7\u0259r\u00e7iv\u0259si m\u00fcxt\u0259lif yerl\u0259rd\u0259 istifad\u0259 \u00fc\u00e7\u00fcn h\u0259r\u0259k\u0259tlilik t\u0259min edir.\" \/>\n<meta property=\"og:url\" content=\"https:\/\/climatemaster.ge\/product\/trotec-tfv-100-radial-fan\/\" \/>\n<meta property=\"og:site_name\" content=\"Climate Master\" \/>\n<meta property=\"article:modified_time\" content=\"2025-04-06T16:54:25+00:00\" \/>\n<meta property=\"og:image\" content=\"https:\/\/climatemaster.ge\/wp-content\/uploads\/2025\/04\/Trotec-TFV-100-main-right.jpg\" \/>\n\t<meta property=\"og:image:width\" content=\"1000\" \/>\n\t<meta property=\"og:image:height\" content=\"1000\" \/>\n\t<meta property=\"og:image:type\" content=\"image\/jpeg\" \/>\n<meta name=\"twitter:card\" content=\"summary_large_image\" \/>\n<meta name=\"twitter:label1\" content=\"Est. reading time\" \/>\n\t<meta name=\"twitter:data1\" content=\"1 minute\" \/>\n<script type=\"application\/ld+json\" class=\"yoast-schema-graph\">{\"@context\":\"https:\/\/schema.org\",\"@graph\":[{\"@type\":\"WebPage\",\"@id\":\"https:\/\/climatemaster.ge\/product\/trotec-tfv-100-radial-fan\/\",\"url\":\"https:\/\/climatemaster.ge\/product\/trotec-tfv-100-radial-fan\/\",\"name\":\"Trotec TFV 100 \u2013 radial fan Y\u00fcks\u0259k t\u0259zyiqli radial fanatlar - Climate Master\",\"isPartOf\":{\"@id\":\"https:\/\/climatemaster.ge\/#website\"},\"primaryImageOfPage\":{\"@id\":\"https:\/\/climatemaster.ge\/product\/trotec-tfv-100-radial-fan\/#primaryimage\"},\"image\":{\"@id\":\"https:\/\/climatemaster.ge\/product\/trotec-tfv-100-radial-fan\/#primaryimage\"},\"thumbnailUrl\":\"https:\/\/climatemaster.ge\/wp-content\/uploads\/2025\/04\/Trotec-TFV-100-main-right.jpg\",\"datePublished\":\"2025-04-06T16:48:00+00:00\",\"dateModified\":\"2025-04-06T16:54:25+00:00\",\"breadcrumb\":{\"@id\":\"https:\/\/climatemaster.ge\/product\/trotec-tfv-100-radial-fan\/#breadcrumb\"},\"inLanguage\":\"az\",\"potentialAction\":[{\"@type\":\"ReadAction\",\"target\":[\"https:\/\/climatemaster.ge\/product\/trotec-tfv-100-radial-fan\/\"]}]},{\"@type\":\"ImageObject\",\"inLanguage\":\"az\",\"@id\":\"https:\/\/climatemaster.ge\/product\/trotec-tfv-100-radial-fan\/#primaryimage\",\"url\":\"https:\/\/climatemaster.ge\/wp-content\/uploads\/2025\/04\/Trotec-TFV-100-main-right.jpg\",\"contentUrl\":\"https:\/\/climatemaster.ge\/wp-content\/uploads\/2025\/04\/Trotec-TFV-100-main-right.jpg\",\"width\":1000,\"height\":1000},{\"@type\":\"BreadcrumbList\",\"@id\":\"https:\/\/climatemaster.ge\/product\/trotec-tfv-100-radial-fan\/#breadcrumb\",\"itemListElement\":[{\"@type\":\"ListItem\",\"position\":1,\"name\":\"Home\",\"item\":\"https:\/\/climatemaster.ge\/\"},{\"@type\":\"ListItem\",\"position\":2,\"name\":\"M\u0259hsullar\",\"item\":\"https:\/\/climatemaster.ge\/products\/\"},{\"@type\":\"ListItem\",\"position\":3,\"name\":\"Trotec TFV 100 \u2013 radial fan Y\u00fcks\u0259k t\u0259zyiqli radial fanatlar\"}]},{\"@type\":\"WebSite\",\"@id\":\"https:\/\/climatemaster.ge\/#website\",\"url\":\"https:\/\/climatemaster.ge\/\",\"name\":\"Climate Master\",\"description\":\"\",\"publisher\":{\"@id\":\"https:\/\/climatemaster.ge\/#organization\"},\"potentialAction\":[{\"@type\":\"SearchAction\",\"target\":{\"@type\":\"EntryPoint\",\"urlTemplate\":\"https:\/\/climatemaster.ge\/?s={search_term_string}\"},\"query-input\":{\"@type\":\"PropertyValueSpecification\",\"valueRequired\":true,\"valueName\":\"search_term_string\"}}],\"inLanguage\":\"az\"},{\"@type\":\"Organization\",\"@id\":\"https:\/\/climatemaster.ge\/#organization\",\"name\":\"Climate Master\",\"url\":\"https:\/\/climatemaster.ge\/\",\"logo\":{\"@type\":\"ImageObject\",\"inLanguage\":\"az\",\"@id\":\"https:\/\/climatemaster.ge\/#\/schema\/logo\/image\/\",\"url\":\"https:\/\/climatemaster.ge\/wp-content\/uploads\/2026\/03\/Untitled-2.png\",\"contentUrl\":\"https:\/\/climatemaster.ge\/wp-content\/uploads\/2026\/03\/Untitled-2.png\",\"width\":600,\"height\":338,\"caption\":\"Climate Master\"},\"image\":{\"@id\":\"https:\/\/climatemaster.ge\/#\/schema\/logo\/image\/\"}}]}<\/script>\n<!-- \/ Yoast SEO plugin. -->","yoast_head_json":{"title":"Trotec TFV 100 \u2013 radial fan Y\u00fcks\u0259k t\u0259zyiqli radial fanatlar - Climate Master","robots":{"index":"index","follow":"follow","max-snippet":"max-snippet:-1","max-image-preview":"max-image-preview:large","max-video-preview":"max-video-preview:-1"},"canonical":"https:\/\/climatemaster.ge\/product\/trotec-tfv-100-radial-fan\/","og_locale":"az_AZ","og_type":"article","og_title":"Trotec TFV 100 \u2013 radial fan Y\u00fcks\u0259k t\u0259zyiqli radial fanatlar - Climate Master","og_description":"Y\u00fcks\u0259k t\u0259zyiqli radial fanatlar  TFV 100 4000 m\u00b3\/saata q\u0259d\u0259r hava ax\u0131n\u0131 t\u0259min ed\u0259n g\u00fccl\u00fc radial ventilyatordur. O, bir-birin\u0259 ba\u011fl\u0131 \u015flanqlar olan uzun hava n\u0259qliyyat\u0131 mar\u015frutlar\u0131 kimi y\u00fcks\u0259k \u0259ks t\u0259zyiq\u0259 malik t\u0259tbiql\u0259r \u00fc\u00e7\u00fcn n\u0259z\u0259rd\u0259 tutulmu\u015fdur. Eksenel ventilyatorlardan f\u0259rqli olaraq, havan\u0131 \u015faquli istiqam\u0259td\u0259 h\u0259r\u0259k\u0259t etdirm\u0259k \u00fc\u00e7\u00fcn m\u0259rk\u0259zd\u0259nqa\u00e7ma prinsipind\u0259n istifad\u0259 edir, bu da onu tozlu m\u00fchitl\u0259rd\u0259 b\u0259rpa, drenaj v\u0259 ya qaynaq zaman\u0131 ventilyasiya \u00fc\u00e7\u00fcn uy\u011fun edir. Fan, davaml\u0131 \u00f6rt\u00fckl\u00fc m\u00f6hk\u0259m polad korpusa malikdir v\u0259 \u0259lav\u0259 polad d\u0259r\u0259c\u0259li se\u00e7iml\u0259r t\u0259klif edir. \u018flav\u0259 olaraq, iste\u011fe ba\u011fl\u0131 sinkl\u0259nmi\u015f polad da\u015f\u0131ma \u00e7\u0259r\u00e7iv\u0259si m\u00fcxt\u0259lif yerl\u0259rd\u0259 istifad\u0259 \u00fc\u00e7\u00fcn h\u0259r\u0259k\u0259tlilik t\u0259min edir.","og_url":"https:\/\/climatemaster.ge\/product\/trotec-tfv-100-radial-fan\/","og_site_name":"Climate Master","article_modified_time":"2025-04-06T16:54:25+00:00","og_image":[{"width":1000,"height":1000,"url":"https:\/\/climatemaster.ge\/wp-content\/uploads\/2025\/04\/Trotec-TFV-100-main-right.jpg","type":"image\/jpeg"}],"twitter_card":"summary_large_image","twitter_misc":{"Est. reading time":"1 minute"},"schema":{"@context":"https:\/\/schema.org","@graph":[{"@type":"WebPage","@id":"https:\/\/climatemaster.ge\/product\/trotec-tfv-100-radial-fan\/","url":"https:\/\/climatemaster.ge\/product\/trotec-tfv-100-radial-fan\/","name":"Trotec TFV 100 \u2013 radial fan Y\u00fcks\u0259k t\u0259zyiqli radial fanatlar - Climate Master","isPartOf":{"@id":"https:\/\/climatemaster.ge\/#website"},"primaryImageOfPage":{"@id":"https:\/\/climatemaster.ge\/product\/trotec-tfv-100-radial-fan\/#primaryimage"},"image":{"@id":"https:\/\/climatemaster.ge\/product\/trotec-tfv-100-radial-fan\/#primaryimage"},"thumbnailUrl":"https:\/\/climatemaster.ge\/wp-content\/uploads\/2025\/04\/Trotec-TFV-100-main-right.jpg","datePublished":"2025-04-06T16:48:00+00:00","dateModified":"2025-04-06T16:54:25+00:00","breadcrumb":{"@id":"https:\/\/climatemaster.ge\/product\/trotec-tfv-100-radial-fan\/#breadcrumb"},"inLanguage":"az","potentialAction":[{"@type":"ReadAction","target":["https:\/\/climatemaster.ge\/product\/trotec-tfv-100-radial-fan\/"]}]},{"@type":"ImageObject","inLanguage":"az","@id":"https:\/\/climatemaster.ge\/product\/trotec-tfv-100-radial-fan\/#primaryimage","url":"https:\/\/climatemaster.ge\/wp-content\/uploads\/2025\/04\/Trotec-TFV-100-main-right.jpg","contentUrl":"https:\/\/climatemaster.ge\/wp-content\/uploads\/2025\/04\/Trotec-TFV-100-main-right.jpg","width":1000,"height":1000},{"@type":"BreadcrumbList","@id":"https:\/\/climatemaster.ge\/product\/trotec-tfv-100-radial-fan\/#breadcrumb","itemListElement":[{"@type":"ListItem","position":1,"name":"Home","item":"https:\/\/climatemaster.ge\/"},{"@type":"ListItem","position":2,"name":"M\u0259hsullar","item":"https:\/\/climatemaster.ge\/products\/"},{"@type":"ListItem","position":3,"name":"Trotec TFV 100 \u2013 radial fan Y\u00fcks\u0259k t\u0259zyiqli radial fanatlar"}]},{"@type":"WebSite","@id":"https:\/\/climatemaster.ge\/#website","url":"https:\/\/climatemaster.ge\/","name":"Climate Master","description":"","publisher":{"@id":"https:\/\/climatemaster.ge\/#organization"},"potentialAction":[{"@type":"SearchAction","target":{"@type":"EntryPoint","urlTemplate":"https:\/\/climatemaster.ge\/?s={search_term_string}"},"query-input":{"@type":"PropertyValueSpecification","valueRequired":true,"valueName":"search_term_string"}}],"inLanguage":"az"},{"@type":"Organization","@id":"https:\/\/climatemaster.ge\/#organization","name":"Climate Master","url":"https:\/\/climatemaster.ge\/","logo":{"@type":"ImageObject","inLanguage":"az","@id":"https:\/\/climatemaster.ge\/#\/schema\/logo\/image\/","url":"https:\/\/climatemaster.ge\/wp-content\/uploads\/2026\/03\/Untitled-2.png","contentUrl":"https:\/\/climatemaster.ge\/wp-content\/uploads\/2026\/03\/Untitled-2.png","width":600,"height":338,"caption":"Climate Master"},"image":{"@id":"https:\/\/climatemaster.ge\/#\/schema\/logo\/image\/"}}]}},"_links":{"self":[{"href":"https:\/\/climatemaster.ge\/az\/wp-json\/wp\/v2\/product\/28098","targetHints":{"allow":["GET"]}}],"collection":[{"href":"https:\/\/climatemaster.ge\/az\/wp-json\/wp\/v2\/product"}],"about":[{"href":"https:\/\/climatemaster.ge\/az\/wp-json\/wp\/v2\/types\/product"}],"wp:featuredmedia":[{"embeddable":true,"href":"https:\/\/climatemaster.ge\/az\/wp-json\/wp\/v2\/media\/28081"}],"wp:attachment":[{"href":"https:\/\/climatemaster.ge\/az\/wp-json\/wp\/v2\/media?parent=28098"}],"wp:term":[{"taxonomy":"product_brand","embeddable":true,"href":"https:\/\/climatemaster.ge\/az\/wp-json\/wp\/v2\/product_brand?post=28098"},{"taxonomy":"product_cat","embeddable":true,"href":"https:\/\/climatemaster.ge\/az\/wp-json\/wp\/v2\/product_cat?post=28098"},{"taxonomy":"product_tag","embeddable":true,"href":"https:\/\/climatemaster.ge\/az\/wp-json\/wp\/v2\/product_tag?post=28098"}],"curies":[{"name":"wp","href":"https:\/\/api.w.org\/{rel}","templated":true}]}}