{"id":27848,"date":"2024-01-25T22:27:52","date_gmt":"2024-01-25T18:27:52","guid":{"rendered":"https:\/\/airsystems.ge\/shop\/product\/heylo-base-classic-2-thermofogger\/"},"modified":"2025-04-06T00:54:05","modified_gmt":"2025-04-05T20:54:05","slug":"heylo-base-classic-2-thermofogger","status":"publish","type":"product","link":"https:\/\/climatemaster.ge\/az\/product\/heylo-base-classic-2-thermofogger\/","title":{"rendered":"Heylo BASE CLASSIC 2 \u2013 termoduman  termoduman duman\u00e7\u0131"},"content":{"rendered":"<section class=\"max-w-[1088px] mx-auto w-full px-5 my-10 md:my-12 lg:my-16 xl:my-20 xl:px-0\" data-block=\"bullet-list\">\n<div class=\"md:text-center\">\n<h3 class=\"text-black font-bold text-lg md:text-xl lg:text-2xl\">\u018fsas x\u00fcsusiyy\u0259tl\u0259r<\/h3>\n<\/div>\n<div class=\"mt-6 md:mt-10\">\n<div class=\"flex flex-wrap\">\n<div class=\"w-full md:w-1\/2 auto-bullets md:pr-16\">\n<ul>\n<li class=\"text-sm md:text-base text-black mt-3 flex items-start\">\n<div class=\"pl-5\">G\u00fccl\u00fc \u00e7\u0131x\u0131\u015f\u0131 olan buxarland\u0131r\u0131c\u0131 \/ duman ma\u015f\u0131n\u0131<br \/>\n\u0130nc\u0259, \u00fcz\u0259n aktiv madd\u0259 duman\u0131n\u0131n istehsal\u0131 \u00fc\u00e7\u00fcn<br \/>\nPompan\u0131n \u00e7ox inc\u0259 t\u0259nziml\u0259nm\u0259si m\u00fcmk\u00fcnd\u00fcr<\/div>\n<\/li>\n<\/ul>\n<\/div>\n<\/div>\n<\/div>\n<\/section>\n<section class=\"max-w-[1088px] mx-auto w-full px-5 my-10 md:my-12 lg:my-16 xl:my-20 xl:px-0\" data-block=\"product-specifications\">\n<div class=\"md:text-center\">\n<h3 class=\"text-black font-bold text-lg md:text-xl lg:text-2xl\"><strong>Product specifications<\/strong><\/h3>\n<\/div>\n<div class=\" md:mt-10\">\n<div class=\"\">\n<div class=\"lg:mt-0 \">\n<div id=\"spec-base-classic-2\" class=\"prose max-w-full md:overflow-auto\" data-spec-content=\"\">\n<div class=\"spreadsheet-container hidden md:block\">\n<table class=\"w-full table-fixed mb-0\">\n<thead>\n<tr>\n<th class=\"font-bold text-base\"><span class=\"block px-4\">Specifications<\/span><\/th>\n<th class=\"font-bold text-base text-center\"><span class=\"block px-10 md:px-20\">Units<\/span><\/th>\n<th class=\"font-bold text-base text-center will-change\"><span class=\"block px-4\">Base\u00a0Classic\u00a02<\/span><\/th>\n<\/tr>\n<\/thead>\n<tbody>\n<tr class=\"bg-grey-200\/50 p-2\">\n<td colspan=\"1\"><span class=\"block px-4\">Electrical connection<\/span><\/td>\n<td class=\"text-center\">\n<div class=\"px-10 md:px-20 flex items-center justify-center\">V\/Hz<\/div>\n<\/td>\n<td class=\"text-center will-change\">\n<div class=\"px-10 md:px-20 flex items-center justify-center\">230\/1ph\/50<\/div>\n<\/td>\n<\/tr>\n<tr class=\" p-2\">\n<td colspan=\"1\"><span class=\"block px-4\">Tank capacity<\/span><\/td>\n<td class=\"text-center\">\n<div class=\"px-10 md:px-20 flex items-center justify-center\">l<\/div>\n<\/td>\n<td class=\"text-center will-change\">\n<div class=\"px-10 md:px-20 flex items-center justify-center\">5<\/div>\n<\/td>\n<\/tr>\n<tr class=\"bg-grey-200\/50 p-2\">\n<td colspan=\"1\"><span class=\"block px-4\">Spray performance<\/span><\/td>\n<td class=\"text-center\">\n<div class=\"px-10 md:px-20 flex items-center justify-center\">l\/h<\/div>\n<\/td>\n<td class=\"text-center will-change\">\n<div class=\"px-10 md:px-20 flex items-center justify-center\">0-12<\/div>\n<\/td>\n<\/tr>\n<tr class=\" p-2\">\n<td colspan=\"1\"><span class=\"block px-4\">Product size (l x w x h)<\/span><\/td>\n<td class=\"text-center\">\n<div class=\"px-10 md:px-20 flex items-center justify-center\">mm<\/div>\n<\/td>\n<td class=\"text-center will-change\">\n<div class=\"px-10 md:px-20 flex items-center justify-center\">480 x 212 x 388<\/div>\n<\/td>\n<\/tr>\n<tr class=\"bg-grey-200\/50 p-2\">\n<td colspan=\"1\"><span class=\"block px-4\">Net weight<\/span><\/td>\n<td class=\"text-center\">\n<div class=\"px-10 md:px-20 flex items-center justify-center\">kg<\/div>\n<\/td>\n<td class=\"text-center will-change\">\n<div class=\"px-10 md:px-20 flex items-center justify-center\">14<\/div>\n<\/td>\n<\/tr>\n<\/tbody>\n<\/table>\n<\/div>\n<\/div>\n<\/div>\n<\/div>\n<\/div>\n<\/section>\n<section class=\"max-w-[1088px] mx-auto w-full px-5 my-10 md:my-12 lg:my-16 xl:my-20 xl:px-0\" data-block=\"link-list\">\n<div class=\"max-w-[1088px] mx-auto\">\n<div class=\"md:text-center\">\n<ul>\n<li class=\"flex items-center gap-5 text-sm text-black mt-3 md:text-base lg:text-lg\"><strong>Uy\u011fundur:<\/strong><\/li>\n<\/ul>\n<\/div>\n<div class=\"mt-6 max-w-4xl mx-auto\">\n<div class=\"flex flex-wrap md:ml-20\">\n<div class=\"w-full md:w-1\/2 auto-bullets md:pr-16\">\n<ul>\n<li class=\"flex items-center gap-5 text-sm text-black mt-3 md:text-base lg:text-lg\">K\u0259nd t\u0259s\u0259rr\u00fcfat\u0131<br \/>\nTicar\u0259t binalar\u0131<br \/>\nTikinti<br \/>\nS\u0259naye, fabrikl\u0259r v\u0259 istehsal<br \/>\nSu z\u0259r\u0259rinin b\u0259rpas\u0131<\/li>\n<\/ul>\n<\/div>\n<\/div>\n<\/div>\n<\/div>\n<\/section>\n","protected":false},"excerpt":{"rendered":"<div class=\"max-w-4xl\">\n<div class=\"text-xl font-bold mt-1 md:mt-2\">Aktiv madd\u0259 duman\u0131 \u00fc\u00e7\u00fcn buxarland\u0131r\u0131c\u0131<\/div>\n<\/div>\n<div class=\"grid grid-cols-1 gap-8 md:grid-cols-2 lg:gap-12 xl:gap-20\">\n<div class=\"w-full lg:sticky\" data-sticky-sidebar=\"\">\n<div class=\"absolute z-[4] top-0 right-0 pointer-events-none\">\n<figure><img decoding=\"async\" src=\"https:\/\/dantherm-group-cdn.s3.amazonaws.com\/media\/brands\/DG-Banners-Rebranding-HEYLO-to-MASTER-EN.jpg\" alt=\"\" \/><\/figure>\n<p>Thermofogger Base Classic 2 buxarland\u0131r\u0131c\u0131 v\u0259 ya duman ma\u015f\u0131n\u0131d\u0131r. O, hiss\u0259cikl\u0259ri m\u0259sam\u0259li materiallar\u0131n s\u0259thin\u0259 n\u00fcfuz ed\u0259n inc\u0259, \u00fcz\u0259n aktiv inqrediyent duman\u0131 yarad\u0131r. Bel\u0259likl\u0259, yaln\u0131z qoxu deyil, h\u0259m d\u0259 s\u0259b\u0259b z\u0259r\u0259rsizl\u0259\u015fdirilir. Ki\u00e7ik bir duman buludundan s\u0131x, ota\u011f\u0131 dolduran dumana q\u0259d\u0259r ist\u0259nil\u0259n effekti \u0259ld\u0259 etm\u0259k olar. Nasosun inc\u0259 t\u0259nziml\u0259nm\u0259si 1% il\u0259 99% aras\u0131nda duman \u00e7\u0131x\u0131\u015f parametrl\u0259rin\u0259 imkan verir.<\/p>\n<p>F\u0259rdi m\u00fchafiz\u0259 vasit\u0259l\u0259ri haqq\u0131nda m\u0259lumat \u00fc\u00e7\u00fcn istifad\u0259 olunacaq m\u00fcvafiq m\u0259hsullar\u0131n t\u0259hl\u00fck\u0259sizlik m\u0259lumat v\u0259r\u0259ql\u0259rin\u0259 m\u00fcraci\u0259t edin.<\/p>\n<p>A\u015fa\u011f\u0131dak\u0131 m\u0259hsullarla istifad\u0259 \u00fc\u00e7\u00fcn:<\/p>\n<p>ODOX-DF<br \/>\nMAXOX-DF<br \/>\nQURU QOXA N\u018fZAR\u018fT (DOC)<br \/>\nAlrust nebel<br \/>\nTest nebel<\/p>\n<\/div>\n<\/div>\n<\/div>\n","protected":false},"featured_media":27837,"template":"","meta":[],"product_brand":[],"product_cat":[812,809,971],"product_tag":[],"class_list":{"0":"post-27848","1":"product","2":"type-product","3":"status-publish","4":"has-post-thumbnail","6":"product_cat-hava-tmizlyicisi-tmizlm-toz-filtr","7":"product_cat-hava-nmlndiricisi-kondisioner-az-ventilyasiya-ventilyator","8":"product_cat-disinfection","10":"first","11":"instock","12":"shipping-taxable","13":"product-type-simple"},"yoast_head":"<!-- This site is optimized with the Yoast SEO plugin v27.1.1 - https:\/\/yoast.com\/product\/yoast-seo-wordpress\/ -->\n<title>Heylo BASE CLASSIC 2 \u2013 termoduman termoduman duman\u00e7\u0131 - Climate Master<\/title>\n<meta name=\"robots\" content=\"index, follow, max-snippet:-1, max-image-preview:large, max-video-preview:-1\" \/>\n<link rel=\"canonical\" href=\"https:\/\/climatemaster.ge\/product\/heylo-base-classic-2-thermofogger\/\" \/>\n<meta property=\"og:locale\" content=\"az_AZ\" \/>\n<meta property=\"og:type\" content=\"article\" \/>\n<meta property=\"og:title\" content=\"Heylo BASE CLASSIC 2 \u2013 termoduman termoduman duman\u00e7\u0131 - Climate Master\" \/>\n<meta property=\"og:description\" content=\"Aktiv madd\u0259 duman\u0131 \u00fc\u00e7\u00fcn buxarland\u0131r\u0131c\u0131      Thermofogger Base Classic 2 buxarland\u0131r\u0131c\u0131 v\u0259 ya duman ma\u015f\u0131n\u0131d\u0131r. O, hiss\u0259cikl\u0259ri m\u0259sam\u0259li materiallar\u0131n s\u0259thin\u0259 n\u00fcfuz ed\u0259n inc\u0259, \u00fcz\u0259n aktiv inqrediyent duman\u0131 yarad\u0131r. Bel\u0259likl\u0259, yaln\u0131z qoxu deyil, h\u0259m d\u0259 s\u0259b\u0259b z\u0259r\u0259rsizl\u0259\u015fdirilir. Ki\u00e7ik bir duman buludundan s\u0131x, ota\u011f\u0131 dolduran dumana q\u0259d\u0259r ist\u0259nil\u0259n effekti \u0259ld\u0259 etm\u0259k olar. Nasosun inc\u0259 t\u0259nziml\u0259nm\u0259si 1% il\u0259 99% aras\u0131nda duman \u00e7\u0131x\u0131\u015f parametrl\u0259rin\u0259 imkan verir.  F\u0259rdi m\u00fchafiz\u0259 vasit\u0259l\u0259ri haqq\u0131nda m\u0259lumat \u00fc\u00e7\u00fcn istifad\u0259 olunacaq m\u00fcvafiq m\u0259hsullar\u0131n t\u0259hl\u00fck\u0259sizlik m\u0259lumat v\u0259r\u0259ql\u0259rin\u0259 m\u00fcraci\u0259t edin.  A\u015fa\u011f\u0131dak\u0131 m\u0259hsullarla istifad\u0259 \u00fc\u00e7\u00fcn:  ODOX-DF MAXOX-DF QURU QOXA N\u018fZAR\u018fT (DOC) Alrust nebel Test nebel\" \/>\n<meta property=\"og:url\" content=\"https:\/\/climatemaster.ge\/product\/heylo-base-classic-2-thermofogger\/\" \/>\n<meta property=\"og:site_name\" content=\"Climate Master\" \/>\n<meta property=\"article:modified_time\" content=\"2025-04-05T20:54:05+00:00\" \/>\n<meta property=\"og:image\" content=\"https:\/\/climatemaster.ge\/wp-content\/uploads\/2025\/04\/Heylo-Thermofogger-Base-Classic-2.jpg\" \/>\n\t<meta property=\"og:image:width\" content=\"1000\" \/>\n\t<meta property=\"og:image:height\" content=\"1000\" \/>\n\t<meta property=\"og:image:type\" content=\"image\/jpeg\" \/>\n<meta name=\"twitter:card\" content=\"summary_large_image\" \/>\n<script type=\"application\/ld+json\" class=\"yoast-schema-graph\">{\"@context\":\"https:\/\/schema.org\",\"@graph\":[{\"@type\":\"WebPage\",\"@id\":\"https:\/\/climatemaster.ge\/product\/heylo-base-classic-2-thermofogger\/\",\"url\":\"https:\/\/climatemaster.ge\/product\/heylo-base-classic-2-thermofogger\/\",\"name\":\"Heylo BASE CLASSIC 2 \u2013 termoduman termoduman duman\u00e7\u0131 - Climate Master\",\"isPartOf\":{\"@id\":\"https:\/\/climatemaster.ge\/#website\"},\"primaryImageOfPage\":{\"@id\":\"https:\/\/climatemaster.ge\/product\/heylo-base-classic-2-thermofogger\/#primaryimage\"},\"image\":{\"@id\":\"https:\/\/climatemaster.ge\/product\/heylo-base-classic-2-thermofogger\/#primaryimage\"},\"thumbnailUrl\":\"https:\/\/climatemaster.ge\/wp-content\/uploads\/2025\/04\/Heylo-Thermofogger-Base-Classic-2.jpg\",\"datePublished\":\"2024-01-25T18:27:52+00:00\",\"dateModified\":\"2025-04-05T20:54:05+00:00\",\"breadcrumb\":{\"@id\":\"https:\/\/climatemaster.ge\/product\/heylo-base-classic-2-thermofogger\/#breadcrumb\"},\"inLanguage\":\"az\",\"potentialAction\":[{\"@type\":\"ReadAction\",\"target\":[\"https:\/\/climatemaster.ge\/product\/heylo-base-classic-2-thermofogger\/\"]}]},{\"@type\":\"ImageObject\",\"inLanguage\":\"az\",\"@id\":\"https:\/\/climatemaster.ge\/product\/heylo-base-classic-2-thermofogger\/#primaryimage\",\"url\":\"https:\/\/climatemaster.ge\/wp-content\/uploads\/2025\/04\/Heylo-Thermofogger-Base-Classic-2.jpg\",\"contentUrl\":\"https:\/\/climatemaster.ge\/wp-content\/uploads\/2025\/04\/Heylo-Thermofogger-Base-Classic-2.jpg\",\"width\":1000,\"height\":1000},{\"@type\":\"BreadcrumbList\",\"@id\":\"https:\/\/climatemaster.ge\/product\/heylo-base-classic-2-thermofogger\/#breadcrumb\",\"itemListElement\":[{\"@type\":\"ListItem\",\"position\":1,\"name\":\"Home\",\"item\":\"https:\/\/climatemaster.ge\/\"},{\"@type\":\"ListItem\",\"position\":2,\"name\":\"M\u0259hsullar\",\"item\":\"https:\/\/climatemaster.ge\/products\/\"},{\"@type\":\"ListItem\",\"position\":3,\"name\":\"Heylo BASE CLASSIC 2 \u2013 termoduman termoduman duman\u00e7\u0131\"}]},{\"@type\":\"WebSite\",\"@id\":\"https:\/\/climatemaster.ge\/#website\",\"url\":\"https:\/\/climatemaster.ge\/\",\"name\":\"Climate Master\",\"description\":\"\",\"publisher\":{\"@id\":\"https:\/\/climatemaster.ge\/#organization\"},\"potentialAction\":[{\"@type\":\"SearchAction\",\"target\":{\"@type\":\"EntryPoint\",\"urlTemplate\":\"https:\/\/climatemaster.ge\/?s={search_term_string}\"},\"query-input\":{\"@type\":\"PropertyValueSpecification\",\"valueRequired\":true,\"valueName\":\"search_term_string\"}}],\"inLanguage\":\"az\"},{\"@type\":\"Organization\",\"@id\":\"https:\/\/climatemaster.ge\/#organization\",\"name\":\"Climate Master\",\"url\":\"https:\/\/climatemaster.ge\/\",\"logo\":{\"@type\":\"ImageObject\",\"inLanguage\":\"az\",\"@id\":\"https:\/\/climatemaster.ge\/#\/schema\/logo\/image\/\",\"url\":\"https:\/\/climatemaster.ge\/wp-content\/uploads\/2026\/03\/Untitled-2.png\",\"contentUrl\":\"https:\/\/climatemaster.ge\/wp-content\/uploads\/2026\/03\/Untitled-2.png\",\"width\":600,\"height\":338,\"caption\":\"Climate Master\"},\"image\":{\"@id\":\"https:\/\/climatemaster.ge\/#\/schema\/logo\/image\/\"}}]}<\/script>\n<!-- \/ Yoast SEO plugin. -->","yoast_head_json":{"title":"Heylo BASE CLASSIC 2 \u2013 termoduman termoduman duman\u00e7\u0131 - Climate Master","robots":{"index":"index","follow":"follow","max-snippet":"max-snippet:-1","max-image-preview":"max-image-preview:large","max-video-preview":"max-video-preview:-1"},"canonical":"https:\/\/climatemaster.ge\/product\/heylo-base-classic-2-thermofogger\/","og_locale":"az_AZ","og_type":"article","og_title":"Heylo BASE CLASSIC 2 \u2013 termoduman termoduman duman\u00e7\u0131 - Climate Master","og_description":"Aktiv madd\u0259 duman\u0131 \u00fc\u00e7\u00fcn buxarland\u0131r\u0131c\u0131      Thermofogger Base Classic 2 buxarland\u0131r\u0131c\u0131 v\u0259 ya duman ma\u015f\u0131n\u0131d\u0131r. O, hiss\u0259cikl\u0259ri m\u0259sam\u0259li materiallar\u0131n s\u0259thin\u0259 n\u00fcfuz ed\u0259n inc\u0259, \u00fcz\u0259n aktiv inqrediyent duman\u0131 yarad\u0131r. Bel\u0259likl\u0259, yaln\u0131z qoxu deyil, h\u0259m d\u0259 s\u0259b\u0259b z\u0259r\u0259rsizl\u0259\u015fdirilir. Ki\u00e7ik bir duman buludundan s\u0131x, ota\u011f\u0131 dolduran dumana q\u0259d\u0259r ist\u0259nil\u0259n effekti \u0259ld\u0259 etm\u0259k olar. Nasosun inc\u0259 t\u0259nziml\u0259nm\u0259si 1% il\u0259 99% aras\u0131nda duman \u00e7\u0131x\u0131\u015f parametrl\u0259rin\u0259 imkan verir.  F\u0259rdi m\u00fchafiz\u0259 vasit\u0259l\u0259ri haqq\u0131nda m\u0259lumat \u00fc\u00e7\u00fcn istifad\u0259 olunacaq m\u00fcvafiq m\u0259hsullar\u0131n t\u0259hl\u00fck\u0259sizlik m\u0259lumat v\u0259r\u0259ql\u0259rin\u0259 m\u00fcraci\u0259t edin.  A\u015fa\u011f\u0131dak\u0131 m\u0259hsullarla istifad\u0259 \u00fc\u00e7\u00fcn:  ODOX-DF MAXOX-DF QURU QOXA N\u018fZAR\u018fT (DOC) Alrust nebel Test nebel","og_url":"https:\/\/climatemaster.ge\/product\/heylo-base-classic-2-thermofogger\/","og_site_name":"Climate Master","article_modified_time":"2025-04-05T20:54:05+00:00","og_image":[{"width":1000,"height":1000,"url":"https:\/\/climatemaster.ge\/wp-content\/uploads\/2025\/04\/Heylo-Thermofogger-Base-Classic-2.jpg","type":"image\/jpeg"}],"twitter_card":"summary_large_image","schema":{"@context":"https:\/\/schema.org","@graph":[{"@type":"WebPage","@id":"https:\/\/climatemaster.ge\/product\/heylo-base-classic-2-thermofogger\/","url":"https:\/\/climatemaster.ge\/product\/heylo-base-classic-2-thermofogger\/","name":"Heylo BASE CLASSIC 2 \u2013 termoduman termoduman duman\u00e7\u0131 - Climate Master","isPartOf":{"@id":"https:\/\/climatemaster.ge\/#website"},"primaryImageOfPage":{"@id":"https:\/\/climatemaster.ge\/product\/heylo-base-classic-2-thermofogger\/#primaryimage"},"image":{"@id":"https:\/\/climatemaster.ge\/product\/heylo-base-classic-2-thermofogger\/#primaryimage"},"thumbnailUrl":"https:\/\/climatemaster.ge\/wp-content\/uploads\/2025\/04\/Heylo-Thermofogger-Base-Classic-2.jpg","datePublished":"2024-01-25T18:27:52+00:00","dateModified":"2025-04-05T20:54:05+00:00","breadcrumb":{"@id":"https:\/\/climatemaster.ge\/product\/heylo-base-classic-2-thermofogger\/#breadcrumb"},"inLanguage":"az","potentialAction":[{"@type":"ReadAction","target":["https:\/\/climatemaster.ge\/product\/heylo-base-classic-2-thermofogger\/"]}]},{"@type":"ImageObject","inLanguage":"az","@id":"https:\/\/climatemaster.ge\/product\/heylo-base-classic-2-thermofogger\/#primaryimage","url":"https:\/\/climatemaster.ge\/wp-content\/uploads\/2025\/04\/Heylo-Thermofogger-Base-Classic-2.jpg","contentUrl":"https:\/\/climatemaster.ge\/wp-content\/uploads\/2025\/04\/Heylo-Thermofogger-Base-Classic-2.jpg","width":1000,"height":1000},{"@type":"BreadcrumbList","@id":"https:\/\/climatemaster.ge\/product\/heylo-base-classic-2-thermofogger\/#breadcrumb","itemListElement":[{"@type":"ListItem","position":1,"name":"Home","item":"https:\/\/climatemaster.ge\/"},{"@type":"ListItem","position":2,"name":"M\u0259hsullar","item":"https:\/\/climatemaster.ge\/products\/"},{"@type":"ListItem","position":3,"name":"Heylo BASE CLASSIC 2 \u2013 termoduman termoduman duman\u00e7\u0131"}]},{"@type":"WebSite","@id":"https:\/\/climatemaster.ge\/#website","url":"https:\/\/climatemaster.ge\/","name":"Climate Master","description":"","publisher":{"@id":"https:\/\/climatemaster.ge\/#organization"},"potentialAction":[{"@type":"SearchAction","target":{"@type":"EntryPoint","urlTemplate":"https:\/\/climatemaster.ge\/?s={search_term_string}"},"query-input":{"@type":"PropertyValueSpecification","valueRequired":true,"valueName":"search_term_string"}}],"inLanguage":"az"},{"@type":"Organization","@id":"https:\/\/climatemaster.ge\/#organization","name":"Climate Master","url":"https:\/\/climatemaster.ge\/","logo":{"@type":"ImageObject","inLanguage":"az","@id":"https:\/\/climatemaster.ge\/#\/schema\/logo\/image\/","url":"https:\/\/climatemaster.ge\/wp-content\/uploads\/2026\/03\/Untitled-2.png","contentUrl":"https:\/\/climatemaster.ge\/wp-content\/uploads\/2026\/03\/Untitled-2.png","width":600,"height":338,"caption":"Climate Master"},"image":{"@id":"https:\/\/climatemaster.ge\/#\/schema\/logo\/image\/"}}]}},"_links":{"self":[{"href":"https:\/\/climatemaster.ge\/az\/wp-json\/wp\/v2\/product\/27848","targetHints":{"allow":["GET"]}}],"collection":[{"href":"https:\/\/climatemaster.ge\/az\/wp-json\/wp\/v2\/product"}],"about":[{"href":"https:\/\/climatemaster.ge\/az\/wp-json\/wp\/v2\/types\/product"}],"wp:featuredmedia":[{"embeddable":true,"href":"https:\/\/climatemaster.ge\/az\/wp-json\/wp\/v2\/media\/27837"}],"wp:attachment":[{"href":"https:\/\/climatemaster.ge\/az\/wp-json\/wp\/v2\/media?parent=27848"}],"wp:term":[{"taxonomy":"product_brand","embeddable":true,"href":"https:\/\/climatemaster.ge\/az\/wp-json\/wp\/v2\/product_brand?post=27848"},{"taxonomy":"product_cat","embeddable":true,"href":"https:\/\/climatemaster.ge\/az\/wp-json\/wp\/v2\/product_cat?post=27848"},{"taxonomy":"product_tag","embeddable":true,"href":"https:\/\/climatemaster.ge\/az\/wp-json\/wp\/v2\/product_tag?post=27848"}],"curies":[{"name":"wp","href":"https:\/\/api.w.org\/{rel}","templated":true}]}}