{"id":27588,"date":"2024-01-25T22:32:31","date_gmt":"2024-01-25T18:32:31","guid":{"rendered":"https:\/\/airsystems.ge\/shop\/product\/heylo-pv-6000-combi-dust-extraction\/"},"modified":"2025-04-05T22:26:08","modified_gmt":"2025-04-05T18:26:08","slug":"heylo-pv-6000-combi-dust-extraction","status":"publish","type":"product","link":"https:\/\/climatemaster.ge\/az\/product\/heylo-pv-6000-combi-dust-extraction\/","title":{"rendered":"Heylo PV 6000 Kombi \u2013 toz \u00e7\u0131xarma"},"content":{"rendered":"<section class=\"max-w-[1088px] mx-auto w-full px-5 my-10 md:my-12 lg:my-16 xl:my-20 xl:px-0\" data-block=\"bullet-list\">\n<div class=\"md:text-center\">\n<h3 class=\"text-black font-bold text-lg md:text-xl lg:text-2xl\">\u018fsas x\u00fcsusiyy\u0259tl\u0259r<\/h3>\n<\/div>\n<div class=\"mt-6 md:mt-10\">\n<div class=\"flex flex-wrap\">\n<div class=\"w-full md:w-1\/2 auto-bullets md:pr-16\">\n<ul>\n<li class=\"text-sm md:text-base text-black mt-3 flex items-start\">\n<div class=\"pl-5\">Toz torbalar\u0131 vasit\u0259sil\u0259 toz \u00e7\u0131xarma (M sinif)<br \/>\nM\u00f6hk\u0259m m\u0259nzil<br \/>\nA\u015fa\u011f\u0131 enerji istehlak\u0131<br \/>\nY\u00fcng\u00fcl v\u0259 idar\u0259 etm\u0259k asand\u0131r<br \/>\nTez v\u0259 asan y\u0131\u011f\u0131l\u0131r<br \/>\nPraktik tutacaq say\u0259sind\u0259 asan da\u015f\u0131nma<br \/>\nHava \u015flanqlar\u0131 giri\u015f t\u0259r\u0259find\u0259 birl\u0259\u015fdiril\u0259 bil\u0259r<br \/>\nKombi d\u0259sti a\u015fa\u011f\u0131dak\u0131lardan ibar\u0259tdir: PowerVent qur\u011fusu, toz torbas\u0131 v\u0259 b\u0259rkidici<\/div>\n<\/li>\n<\/ul>\n<\/div>\n<\/div>\n<\/div>\n<\/section>\n<section class=\"max-w-[1088px] mx-auto w-full px-5 my-10 md:my-12 lg:my-16 xl:my-20 xl:px-0\" data-block=\"product-specifications\">\n<div class=\"md:text-center\">\n<h3 class=\"text-black font-bold text-lg md:text-xl lg:text-2xl\"><strong>Product specifications<\/strong><\/h3>\n<\/div>\n<div class=\" md:mt-10\">\n<div class=\"\">\n<div class=\"lg:mt-0 \">\n<div id=\"spec-pv-6000-kombi\" class=\"prose max-w-full md:overflow-auto\" data-spec-content=\"\">\n<div class=\"spreadsheet-container hidden md:block\">\n<table class=\"w-full table-fixed mb-0\">\n<thead>\n<tr>\n<th class=\"font-bold text-base\"><span class=\"block px-4\">Specifications<\/span><\/th>\n<th class=\"font-bold text-base text-center\"><span class=\"block px-10 md:px-20\">Units<\/span><\/th>\n<th class=\"font-bold text-base text-center will-change\"><span class=\"block px-4\">PV\u00a06000\u00a0Kombi<\/span><\/th>\n<\/tr>\n<\/thead>\n<tbody>\n<tr class=\"bg-grey-200\/50 p-2\">\n<td colspan=\"1\"><span class=\"block px-4\">Air flow<\/span><\/td>\n<td class=\"text-center\">\n<div class=\"px-10 md:px-20 flex items-center justify-center\">m\u00b3\/h<\/div>\n<\/td>\n<td class=\"text-center will-change\">\n<div class=\"px-10 md:px-20 flex items-center justify-center\">5,410<\/div>\n<\/td>\n<\/tr>\n<tr class=\" p-2\">\n<td colspan=\"1\"><span class=\"block px-4\">Power supply<\/span><\/td>\n<td class=\"text-center\">\n<div class=\"px-10 md:px-20 flex items-center justify-center\">V\/Hz<\/div>\n<\/td>\n<td class=\"text-center will-change\">\n<div class=\"px-10 md:px-20 flex items-center justify-center\">230\/1ph\/50<\/div>\n<\/td>\n<\/tr>\n<tr class=\"bg-grey-200\/50 p-2\">\n<td colspan=\"1\"><span class=\"block px-4\">Power consumption<\/span><\/td>\n<td class=\"text-center\">\n<div class=\"px-10 md:px-20 flex items-center justify-center\">kW<\/div>\n<\/td>\n<td class=\"text-center will-change\">\n<div class=\"px-10 md:px-20 flex items-center justify-center\">0.818<\/div>\n<\/td>\n<\/tr>\n<tr class=\" p-2\">\n<td colspan=\"1\"><span class=\"block px-4\">Rated current<\/span><\/td>\n<td class=\"text-center\">\n<div class=\"px-10 md:px-20 flex items-center justify-center\">A<\/div>\n<\/td>\n<td class=\"text-center will-change\">\n<div class=\"px-10 md:px-20 flex items-center justify-center\">3.6<\/div>\n<\/td>\n<\/tr>\n<tr class=\"bg-grey-200\/50 p-2\">\n<td colspan=\"1\"><span class=\"block px-4\">Sound level @3m<\/span><\/td>\n<td class=\"text-center\">\n<div class=\"px-10 md:px-20 flex items-center justify-center\">dB(A)<\/div>\n<\/td>\n<td class=\"text-center will-change\">\n<div class=\"px-10 md:px-20 flex items-center justify-center\">84<\/div>\n<\/td>\n<\/tr>\n<tr class=\" p-2\">\n<td colspan=\"1\"><span class=\"block px-4\">Dust bag<\/span><\/td>\n<td class=\"text-center\">\n<div class=\"px-10 md:px-20 flex items-center justify-center\">\u00d8mm<\/div>\n<\/td>\n<td class=\"text-center will-change\">\n<div class=\"px-10 md:px-20 flex items-center justify-center\">420<\/div>\n<\/td>\n<\/tr>\n<tr class=\"bg-grey-200\/50 p-2\">\n<td colspan=\"1\"><span class=\"block px-4\">Dust bag lentgth max.<\/span><\/td>\n<td class=\"text-center\">\n<div class=\"px-10 md:px-20 flex items-center justify-center\">m<\/div>\n<\/td>\n<td class=\"text-center will-change\">\n<div class=\"px-10 md:px-20 flex items-center justify-center\">4<\/div>\n<\/td>\n<\/tr>\n<tr class=\" p-2\">\n<td colspan=\"1\"><span class=\"block px-4\">Product size (l x w x h)<\/span><\/td>\n<td class=\"text-center\">\n<div class=\"px-10 md:px-20 flex items-center justify-center\">mm<\/div>\n<\/td>\n<td class=\"text-center will-change\">\n<div class=\"px-10 md:px-20 flex items-center justify-center\">615 x 515 x 500<\/div>\n<\/td>\n<\/tr>\n<tr class=\"bg-grey-200\/50 p-2\">\n<td colspan=\"1\"><span class=\"block px-4\">Weight<\/span><\/td>\n<td class=\"text-center\">\n<div class=\"px-10 md:px-20 flex items-center justify-center\">kg<\/div>\n<\/td>\n<td class=\"text-center will-change\">\n<div class=\"px-10 md:px-20 flex items-center justify-center\">18.3<\/div>\n<\/td>\n<\/tr>\n<\/tbody>\n<\/table>\n<\/div>\n<\/div>\n<\/div>\n<\/div>\n<\/div>\n<\/section>\n<section class=\"max-w-[1088px] mx-auto w-full px-5 my-10 md:my-12 lg:my-16 xl:my-20 xl:px-0\" data-block=\"link-list\">\n<div class=\"max-w-[1088px] mx-auto\">\n<div class=\"md:text-center\">\n<ul>\n<li class=\"flex items-center gap-5 text-sm text-black mt-3 md:text-base lg:text-lg\"><strong>Uy\u011fundur:<\/strong><\/li>\n<\/ul>\n<\/div>\n<div class=\"mt-6 max-w-4xl mx-auto\">\n<div class=\"flex flex-wrap md:ml-20\">\n<div class=\"w-full md:w-1\/2 auto-bullets md:pr-16\">\n<ul>\n<li class=\"flex items-center gap-5 text-sm text-black mt-3 md:text-base lg:text-lg\">Ticar\u0259t binalar\u0131<br \/>\nTikinti<br \/>\nS\u0259naye, fabrikl\u0259r v\u0259 istehsal<br \/>\n\u0130car\u0259 \u015firk\u0259tl\u0259ri<br \/>\nSu z\u0259r\u0259rinin b\u0259rpas\u0131<\/li>\n<\/ul>\n<\/div>\n<\/div>\n<\/div>\n<\/div>\n<\/section>\n","protected":false},"excerpt":{"rendered":"<figure>\n<div class=\"max-w-4xl\">\n<div class=\"text-xl font-bold mt-1 md:mt-2\">Toz \u00e7\u0131xarmaq \u00fc\u00e7\u00fcn toz torbas\u0131 olan eksenel ventilyator<\/div>\n<\/div>\n<\/figure>\n<figure><img decoding=\"async\" src=\"https:\/\/dantherm-group-cdn.s3.amazonaws.com\/media\/brands\/DG-Banners-Rebranding-HEYLO-to-MASTER-EN.jpg\" alt=\"\" \/><\/figure>\n<p>\u00c7\u0131x\u0131\u015f t\u0259r\u0259find\u0259 M sinifli toz torbalar\u0131n\u0131 birl\u0259\u015fdir\u0259r\u0259k m\u00fcxt\u0259lif tikinti sah\u0259l\u0259rind\u0259 toz v\u0259 kir hiss\u0259cikl\u0259rini \u00e7\u0131xarmaq \u00fc\u00e7\u00fcn hava t\u0259mizl\u0259yici kombi.<\/p>\n<p>Bundan \u0259lav\u0259, ventilyasiya v\u0259 ya qurutma s\u00fcr\u0259tl\u0259ndirilm\u0259si \u00fc\u00e7\u00fcn uzunlu\u011fu 50 m-\u0259 q\u0259d\u0259r olan hava \u015flanqlar\u0131 birl\u0259\u015fdiril\u0259 bil\u0259r. Bel\u0259likl\u0259, t\u0259miz hava \u0259n uzaq otaqlara \u00e7atd\u0131r\u0131la bil\u0259r v\u0259 istifad\u0259 olunan hava oradan \u00e7\u0131xar\u0131la bil\u0259r.<\/p>\n<p>Tozlu i\u015f v\u0259 ya r\u0259ngl\u0259m\u0259 i\u015fl\u0259ri zaman\u0131 toz \u00e7\u0131xarmaq \u00fc\u00e7\u00fcn bir \u00e7ox sah\u0259l\u0259rd\u0259 istifad\u0259 edil\u0259 bil\u0259r. \u015eaftlar\u0131 v\u0259 ya qablar\u0131 ventilyasiya etm\u0259k v\u0259 ya hava \u015flanqlar\u0131n\u0131 birl\u0259\u015fdir\u0259r\u0259k qurutma prosesini s\u00fcr\u0259tl\u0259ndirm\u0259k \u00fc\u00e7\u00fcn uy\u011fundur.<\/p>\n","protected":false},"featured_media":27583,"template":"","meta":[],"product_brand":[],"product_cat":[812,809],"product_tag":[],"class_list":{"0":"post-27588","1":"product","2":"type-product","3":"status-publish","4":"has-post-thumbnail","6":"product_cat-hava-tmizlyicisi-tmizlm-toz-filtr","7":"product_cat-hava-nmlndiricisi-kondisioner-az-ventilyasiya-ventilyator","9":"first","10":"instock","11":"shipping-taxable","12":"product-type-simple"},"yoast_head":"<!-- This site is optimized with the Yoast SEO plugin v27.1.1 - https:\/\/yoast.com\/product\/yoast-seo-wordpress\/ -->\n<title>Heylo PV 6000 Kombi \u2013 toz \u00e7\u0131xarma - Climate Master<\/title>\n<meta name=\"robots\" content=\"index, follow, max-snippet:-1, max-image-preview:large, max-video-preview:-1\" \/>\n<link rel=\"canonical\" href=\"https:\/\/climatemaster.ge\/product\/heylo-pv-6000-combi-dust-extraction\/\" \/>\n<meta property=\"og:locale\" content=\"az_AZ\" \/>\n<meta property=\"og:type\" content=\"article\" \/>\n<meta property=\"og:title\" content=\"Heylo PV 6000 Kombi \u2013 toz \u00e7\u0131xarma - Climate Master\" \/>\n<meta property=\"og:description\" content=\"Toz \u00e7\u0131xarmaq \u00fc\u00e7\u00fcn toz torbas\u0131 olan eksenel ventilyator   \u00c7\u0131x\u0131\u015f t\u0259r\u0259find\u0259 M sinifli toz torbalar\u0131n\u0131 birl\u0259\u015fdir\u0259r\u0259k m\u00fcxt\u0259lif tikinti sah\u0259l\u0259rind\u0259 toz v\u0259 kir hiss\u0259cikl\u0259rini \u00e7\u0131xarmaq \u00fc\u00e7\u00fcn hava t\u0259mizl\u0259yici kombi.  Bundan \u0259lav\u0259, ventilyasiya v\u0259 ya qurutma s\u00fcr\u0259tl\u0259ndirilm\u0259si \u00fc\u00e7\u00fcn uzunlu\u011fu 50 m-\u0259 q\u0259d\u0259r olan hava \u015flanqlar\u0131 birl\u0259\u015fdiril\u0259 bil\u0259r. Bel\u0259likl\u0259, t\u0259miz hava \u0259n uzaq otaqlara \u00e7atd\u0131r\u0131la bil\u0259r v\u0259 istifad\u0259 olunan hava oradan \u00e7\u0131xar\u0131la bil\u0259r.  Tozlu i\u015f v\u0259 ya r\u0259ngl\u0259m\u0259 i\u015fl\u0259ri zaman\u0131 toz \u00e7\u0131xarmaq \u00fc\u00e7\u00fcn bir \u00e7ox sah\u0259l\u0259rd\u0259 istifad\u0259 edil\u0259 bil\u0259r. \u015eaftlar\u0131 v\u0259 ya qablar\u0131 ventilyasiya etm\u0259k v\u0259 ya hava \u015flanqlar\u0131n\u0131 birl\u0259\u015fdir\u0259r\u0259k qurutma prosesini s\u00fcr\u0259tl\u0259ndirm\u0259k \u00fc\u00e7\u00fcn uy\u011fundur.\" \/>\n<meta property=\"og:url\" content=\"https:\/\/climatemaster.ge\/product\/heylo-pv-6000-combi-dust-extraction\/\" \/>\n<meta property=\"og:site_name\" content=\"Climate Master\" \/>\n<meta property=\"article:modified_time\" content=\"2025-04-05T18:26:08+00:00\" \/>\n<meta property=\"og:image\" content=\"https:\/\/climatemaster.ge\/wp-content\/uploads\/2025\/04\/Heylo-Ventilator-PV-6000-Kombi.jpg\" \/>\n\t<meta property=\"og:image:width\" content=\"1000\" \/>\n\t<meta property=\"og:image:height\" content=\"1000\" \/>\n\t<meta property=\"og:image:type\" content=\"image\/jpeg\" \/>\n<meta name=\"twitter:card\" content=\"summary_large_image\" \/>\n<meta name=\"twitter:label1\" content=\"Est. reading time\" \/>\n\t<meta name=\"twitter:data1\" content=\"1 minute\" \/>\n<script type=\"application\/ld+json\" class=\"yoast-schema-graph\">{\"@context\":\"https:\/\/schema.org\",\"@graph\":[{\"@type\":\"WebPage\",\"@id\":\"https:\/\/climatemaster.ge\/product\/heylo-pv-6000-combi-dust-extraction\/\",\"url\":\"https:\/\/climatemaster.ge\/product\/heylo-pv-6000-combi-dust-extraction\/\",\"name\":\"Heylo PV 6000 Kombi \u2013 toz \u00e7\u0131xarma - Climate Master\",\"isPartOf\":{\"@id\":\"https:\/\/climatemaster.ge\/#website\"},\"primaryImageOfPage\":{\"@id\":\"https:\/\/climatemaster.ge\/product\/heylo-pv-6000-combi-dust-extraction\/#primaryimage\"},\"image\":{\"@id\":\"https:\/\/climatemaster.ge\/product\/heylo-pv-6000-combi-dust-extraction\/#primaryimage\"},\"thumbnailUrl\":\"https:\/\/climatemaster.ge\/wp-content\/uploads\/2025\/04\/Heylo-Ventilator-PV-6000-Kombi.jpg\",\"datePublished\":\"2024-01-25T18:32:31+00:00\",\"dateModified\":\"2025-04-05T18:26:08+00:00\",\"breadcrumb\":{\"@id\":\"https:\/\/climatemaster.ge\/product\/heylo-pv-6000-combi-dust-extraction\/#breadcrumb\"},\"inLanguage\":\"az\",\"potentialAction\":[{\"@type\":\"ReadAction\",\"target\":[\"https:\/\/climatemaster.ge\/product\/heylo-pv-6000-combi-dust-extraction\/\"]}]},{\"@type\":\"ImageObject\",\"inLanguage\":\"az\",\"@id\":\"https:\/\/climatemaster.ge\/product\/heylo-pv-6000-combi-dust-extraction\/#primaryimage\",\"url\":\"https:\/\/climatemaster.ge\/wp-content\/uploads\/2025\/04\/Heylo-Ventilator-PV-6000-Kombi.jpg\",\"contentUrl\":\"https:\/\/climatemaster.ge\/wp-content\/uploads\/2025\/04\/Heylo-Ventilator-PV-6000-Kombi.jpg\",\"width\":1000,\"height\":1000},{\"@type\":\"BreadcrumbList\",\"@id\":\"https:\/\/climatemaster.ge\/product\/heylo-pv-6000-combi-dust-extraction\/#breadcrumb\",\"itemListElement\":[{\"@type\":\"ListItem\",\"position\":1,\"name\":\"Home\",\"item\":\"https:\/\/climatemaster.ge\/\"},{\"@type\":\"ListItem\",\"position\":2,\"name\":\"M\u0259hsullar\",\"item\":\"https:\/\/climatemaster.ge\/products\/\"},{\"@type\":\"ListItem\",\"position\":3,\"name\":\"Heylo PV 6000 Kombi \u2013 toz \u00e7\u0131xarma\"}]},{\"@type\":\"WebSite\",\"@id\":\"https:\/\/climatemaster.ge\/#website\",\"url\":\"https:\/\/climatemaster.ge\/\",\"name\":\"Climate Master\",\"description\":\"\",\"publisher\":{\"@id\":\"https:\/\/climatemaster.ge\/#organization\"},\"potentialAction\":[{\"@type\":\"SearchAction\",\"target\":{\"@type\":\"EntryPoint\",\"urlTemplate\":\"https:\/\/climatemaster.ge\/?s={search_term_string}\"},\"query-input\":{\"@type\":\"PropertyValueSpecification\",\"valueRequired\":true,\"valueName\":\"search_term_string\"}}],\"inLanguage\":\"az\"},{\"@type\":\"Organization\",\"@id\":\"https:\/\/climatemaster.ge\/#organization\",\"name\":\"Climate Master\",\"url\":\"https:\/\/climatemaster.ge\/\",\"logo\":{\"@type\":\"ImageObject\",\"inLanguage\":\"az\",\"@id\":\"https:\/\/climatemaster.ge\/#\/schema\/logo\/image\/\",\"url\":\"https:\/\/climatemaster.ge\/wp-content\/uploads\/2026\/03\/Untitled-2.png\",\"contentUrl\":\"https:\/\/climatemaster.ge\/wp-content\/uploads\/2026\/03\/Untitled-2.png\",\"width\":600,\"height\":338,\"caption\":\"Climate Master\"},\"image\":{\"@id\":\"https:\/\/climatemaster.ge\/#\/schema\/logo\/image\/\"}}]}<\/script>\n<!-- \/ Yoast SEO plugin. -->","yoast_head_json":{"title":"Heylo PV 6000 Kombi \u2013 toz \u00e7\u0131xarma - Climate Master","robots":{"index":"index","follow":"follow","max-snippet":"max-snippet:-1","max-image-preview":"max-image-preview:large","max-video-preview":"max-video-preview:-1"},"canonical":"https:\/\/climatemaster.ge\/product\/heylo-pv-6000-combi-dust-extraction\/","og_locale":"az_AZ","og_type":"article","og_title":"Heylo PV 6000 Kombi \u2013 toz \u00e7\u0131xarma - Climate Master","og_description":"Toz \u00e7\u0131xarmaq \u00fc\u00e7\u00fcn toz torbas\u0131 olan eksenel ventilyator   \u00c7\u0131x\u0131\u015f t\u0259r\u0259find\u0259 M sinifli toz torbalar\u0131n\u0131 birl\u0259\u015fdir\u0259r\u0259k m\u00fcxt\u0259lif tikinti sah\u0259l\u0259rind\u0259 toz v\u0259 kir hiss\u0259cikl\u0259rini \u00e7\u0131xarmaq \u00fc\u00e7\u00fcn hava t\u0259mizl\u0259yici kombi.  Bundan \u0259lav\u0259, ventilyasiya v\u0259 ya qurutma s\u00fcr\u0259tl\u0259ndirilm\u0259si \u00fc\u00e7\u00fcn uzunlu\u011fu 50 m-\u0259 q\u0259d\u0259r olan hava \u015flanqlar\u0131 birl\u0259\u015fdiril\u0259 bil\u0259r. Bel\u0259likl\u0259, t\u0259miz hava \u0259n uzaq otaqlara \u00e7atd\u0131r\u0131la bil\u0259r v\u0259 istifad\u0259 olunan hava oradan \u00e7\u0131xar\u0131la bil\u0259r.  Tozlu i\u015f v\u0259 ya r\u0259ngl\u0259m\u0259 i\u015fl\u0259ri zaman\u0131 toz \u00e7\u0131xarmaq \u00fc\u00e7\u00fcn bir \u00e7ox sah\u0259l\u0259rd\u0259 istifad\u0259 edil\u0259 bil\u0259r. \u015eaftlar\u0131 v\u0259 ya qablar\u0131 ventilyasiya etm\u0259k v\u0259 ya hava \u015flanqlar\u0131n\u0131 birl\u0259\u015fdir\u0259r\u0259k qurutma prosesini s\u00fcr\u0259tl\u0259ndirm\u0259k \u00fc\u00e7\u00fcn uy\u011fundur.","og_url":"https:\/\/climatemaster.ge\/product\/heylo-pv-6000-combi-dust-extraction\/","og_site_name":"Climate Master","article_modified_time":"2025-04-05T18:26:08+00:00","og_image":[{"width":1000,"height":1000,"url":"https:\/\/climatemaster.ge\/wp-content\/uploads\/2025\/04\/Heylo-Ventilator-PV-6000-Kombi.jpg","type":"image\/jpeg"}],"twitter_card":"summary_large_image","twitter_misc":{"Est. reading time":"1 minute"},"schema":{"@context":"https:\/\/schema.org","@graph":[{"@type":"WebPage","@id":"https:\/\/climatemaster.ge\/product\/heylo-pv-6000-combi-dust-extraction\/","url":"https:\/\/climatemaster.ge\/product\/heylo-pv-6000-combi-dust-extraction\/","name":"Heylo PV 6000 Kombi \u2013 toz \u00e7\u0131xarma - Climate Master","isPartOf":{"@id":"https:\/\/climatemaster.ge\/#website"},"primaryImageOfPage":{"@id":"https:\/\/climatemaster.ge\/product\/heylo-pv-6000-combi-dust-extraction\/#primaryimage"},"image":{"@id":"https:\/\/climatemaster.ge\/product\/heylo-pv-6000-combi-dust-extraction\/#primaryimage"},"thumbnailUrl":"https:\/\/climatemaster.ge\/wp-content\/uploads\/2025\/04\/Heylo-Ventilator-PV-6000-Kombi.jpg","datePublished":"2024-01-25T18:32:31+00:00","dateModified":"2025-04-05T18:26:08+00:00","breadcrumb":{"@id":"https:\/\/climatemaster.ge\/product\/heylo-pv-6000-combi-dust-extraction\/#breadcrumb"},"inLanguage":"az","potentialAction":[{"@type":"ReadAction","target":["https:\/\/climatemaster.ge\/product\/heylo-pv-6000-combi-dust-extraction\/"]}]},{"@type":"ImageObject","inLanguage":"az","@id":"https:\/\/climatemaster.ge\/product\/heylo-pv-6000-combi-dust-extraction\/#primaryimage","url":"https:\/\/climatemaster.ge\/wp-content\/uploads\/2025\/04\/Heylo-Ventilator-PV-6000-Kombi.jpg","contentUrl":"https:\/\/climatemaster.ge\/wp-content\/uploads\/2025\/04\/Heylo-Ventilator-PV-6000-Kombi.jpg","width":1000,"height":1000},{"@type":"BreadcrumbList","@id":"https:\/\/climatemaster.ge\/product\/heylo-pv-6000-combi-dust-extraction\/#breadcrumb","itemListElement":[{"@type":"ListItem","position":1,"name":"Home","item":"https:\/\/climatemaster.ge\/"},{"@type":"ListItem","position":2,"name":"M\u0259hsullar","item":"https:\/\/climatemaster.ge\/products\/"},{"@type":"ListItem","position":3,"name":"Heylo PV 6000 Kombi \u2013 toz \u00e7\u0131xarma"}]},{"@type":"WebSite","@id":"https:\/\/climatemaster.ge\/#website","url":"https:\/\/climatemaster.ge\/","name":"Climate Master","description":"","publisher":{"@id":"https:\/\/climatemaster.ge\/#organization"},"potentialAction":[{"@type":"SearchAction","target":{"@type":"EntryPoint","urlTemplate":"https:\/\/climatemaster.ge\/?s={search_term_string}"},"query-input":{"@type":"PropertyValueSpecification","valueRequired":true,"valueName":"search_term_string"}}],"inLanguage":"az"},{"@type":"Organization","@id":"https:\/\/climatemaster.ge\/#organization","name":"Climate Master","url":"https:\/\/climatemaster.ge\/","logo":{"@type":"ImageObject","inLanguage":"az","@id":"https:\/\/climatemaster.ge\/#\/schema\/logo\/image\/","url":"https:\/\/climatemaster.ge\/wp-content\/uploads\/2026\/03\/Untitled-2.png","contentUrl":"https:\/\/climatemaster.ge\/wp-content\/uploads\/2026\/03\/Untitled-2.png","width":600,"height":338,"caption":"Climate Master"},"image":{"@id":"https:\/\/climatemaster.ge\/#\/schema\/logo\/image\/"}}]}},"_links":{"self":[{"href":"https:\/\/climatemaster.ge\/az\/wp-json\/wp\/v2\/product\/27588","targetHints":{"allow":["GET"]}}],"collection":[{"href":"https:\/\/climatemaster.ge\/az\/wp-json\/wp\/v2\/product"}],"about":[{"href":"https:\/\/climatemaster.ge\/az\/wp-json\/wp\/v2\/types\/product"}],"wp:featuredmedia":[{"embeddable":true,"href":"https:\/\/climatemaster.ge\/az\/wp-json\/wp\/v2\/media\/27583"}],"wp:attachment":[{"href":"https:\/\/climatemaster.ge\/az\/wp-json\/wp\/v2\/media?parent=27588"}],"wp:term":[{"taxonomy":"product_brand","embeddable":true,"href":"https:\/\/climatemaster.ge\/az\/wp-json\/wp\/v2\/product_brand?post=27588"},{"taxonomy":"product_cat","embeddable":true,"href":"https:\/\/climatemaster.ge\/az\/wp-json\/wp\/v2\/product_cat?post=27588"},{"taxonomy":"product_tag","embeddable":true,"href":"https:\/\/climatemaster.ge\/az\/wp-json\/wp\/v2\/product_tag?post=27588"}],"curies":[{"name":"wp","href":"https:\/\/api.w.org\/{rel}","templated":true}]}}