{"id":26678,"date":"2024-01-22T21:00:57","date_gmt":"2024-01-22T17:00:57","guid":{"rendered":"https:\/\/airsystems.ge\/shop\/product\/trotec-ttk-170-s-condensation-dehumidifier\/"},"modified":"2025-04-05T12:10:49","modified_gmt":"2025-04-05T08:10:49","slug":"trotec-ttk-170-s-condensation-dehumidifier","status":"publish","type":"product","link":"https:\/\/climatemaster.ge\/az\/product\/trotec-ttk-170-s-condensation-dehumidifier\/","title":{"rendered":"Trotec TTK 170 S &#8211; kondensasiya n\u0259ml\u0259ndiricisi."},"content":{"rendered":"<section class=\"max-w-[1088px] mx-auto w-full px-5 my-10 md:my-12 lg:my-16 xl:my-20 xl:px-0\" data-block=\"bullet-list\">\n<div class=\"md:text-center\">\n<h3 class=\"text-black font-bold text-lg md:text-xl lg:text-2xl\">\u018fsas x\u00fcsusiyy\u0259tl\u0259r.<\/h3>\n<\/div>\n<div class=\"mt-6 md:mt-10\">\n<div class=\"flex flex-wrap\">\n<div class=\"w-full md:w-1\/2 auto-bullets md:pr-16\">\n<ul>\n<li class=\"text-sm md:text-base text-black mt-3 flex items-start\">\n<div class=\"pl-5\">T\u0259l\u0259b olunan m\u00fchitl\u0259rd\u0259 davaml\u0131l\u0131q \u00fc\u00e7\u00fcn m\u00f6hk\u0259m konstruksiya.<br \/>\nAsan da\u015f\u0131nma \u00fc\u00e7\u00fcn bar sap\u0131 v\u0259 b\u00f6y\u00fck t\u0259k\u0259rl\u0259ri olan vaqon dizayn\u0131.<br \/>\nA\u015fa\u011f\u0131 temperaturda s\u0259m\u0259r\u0259li i\u015fl\u0259m\u0259k \u00fc\u00e7\u00fcn isti qaz\u0131n \u0259rim\u0259si.<br \/>\n\u018ftraf m\u00fchit\u0259 uy\u011fun soyuducu (R290).<br \/>\nSu z\u0259d\u0259l\u0259nm\u0259sinin b\u0259rpas\u0131 v\u0259 yeni binan\u0131n qurudulmas\u0131 \u00fc\u00e7\u00fcn uy\u011fundur.<br \/>\nUzunm\u00fcdd\u0259tli etibarl\u0131l\u0131q \u00fc\u00e7\u00fcn y\u00fcks\u0259k keyfiyy\u0259tli materiallardan istifad\u0259 etm\u0259kl\u0259 tikilmi\u015fdir.<br \/>\nOptimalla\u015fd\u0131r\u0131lm\u0131\u015f performans \u00fc\u00e7\u00fcn qabaqc\u0131l istilik nasosu texnologiyas\u0131.<br \/>\nDavaml\u0131 qurutma \u00fc\u00e7\u00fcn kondensat drenaj\u0131.<br \/>\nRahatl\u0131q v\u0259 t\u0259hl\u00fck\u0259sizlik \u00fc\u00e7\u00fcn avtomatik s\u00f6nd\u00fcrm\u0259.<br \/>\nGeni\u015f m\u0259kanlar v\u0259 t\u0259l\u0259bkar m\u00fchitl\u0259r daxil olmaqla, geni\u015f t\u0259tbiql\u0259r \u00fc\u00e7\u00fcn ideald\u0131r.<br \/>\n\u0130st\u0259y\u0259 g\u00f6r\u0259 dig\u0259r variantlar.<\/div>\n<\/li>\n<\/ul>\n<\/div>\n<\/div>\n<\/div>\n<\/section>\n<section class=\"max-w-[1088px] mx-auto w-full px-5 my-10 md:my-12 lg:my-16 xl:my-20 xl:px-0\" data-block=\"product-specifications\">\n<div class=\"md:text-center\">\n<h3 class=\"text-black font-bold text-lg md:text-xl lg:text-2xl\"><strong>Product specifications<\/strong><\/h3>\n<\/div>\n<div class=\" md:mt-10\">\n<div class=\"\">\n<div class=\"lg:mt-0 \">\n<div id=\"spec-ttk-170-s\" class=\"prose max-w-full md:overflow-auto\" data-spec-content=\"\">\n<div class=\"spreadsheet-container hidden md:block\">\n<table class=\"w-full table-fixed mb-0\">\n<thead>\n<tr>\n<th class=\"font-bold text-base\"><span class=\"block px-4\">Specifications<\/span><\/th>\n<th class=\"font-bold text-base text-center\"><span class=\"block px-10 md:px-20\">Units<\/span><\/th>\n<th class=\"font-bold text-base text-center will-change\"><span class=\"block px-4\">TTK\u00a0170\u00a0S<\/span><\/th>\n<\/tr>\n<\/thead>\n<tbody>\n<tr class=\"bg-grey-200\/50 p-2\">\n<td colspan=\"1\"><span class=\"block px-4\">Dehumidification capacity*<\/span><\/td>\n<td class=\"text-center\">\n<div class=\"px-10 md:px-20 flex items-center justify-center\">l\/24h<\/div>\n<\/td>\n<td class=\"text-center will-change\">\n<div class=\"px-10 md:px-20 flex items-center justify-center\">35.5<\/div>\n<\/td>\n<\/tr>\n<tr class=\" p-2\">\n<td colspan=\"1\"><span class=\"block px-4\">Specific energy consumption (SEC)*<\/span><\/td>\n<td class=\"text-center\">\n<div class=\"px-10 md:px-20 flex items-center justify-center\">kWh\/l<\/div>\n<\/td>\n<td class=\"text-center will-change\">\n<div class=\"px-10 md:px-20 flex items-center justify-center\">0.4<\/div>\n<\/td>\n<\/tr>\n<tr class=\"bg-grey-200\/50 p-2\">\n<td colspan=\"1\"><span class=\"block px-4\">Air flow<\/span><\/td>\n<td class=\"text-center\">\n<div class=\"px-10 md:px-20 flex items-center justify-center\">m<sup>3<\/sup>\/h<\/div>\n<\/td>\n<td class=\"text-center will-change\">\n<div class=\"px-10 md:px-20 flex items-center justify-center\">580<\/div>\n<\/td>\n<\/tr>\n<tr class=\" p-2\">\n<td colspan=\"1\"><span class=\"block px-4\">Operating temperature range<\/span><\/td>\n<td class=\"text-center\">\n<div class=\"px-10 md:px-20 flex items-center justify-center\">\u00b0C<\/div>\n<\/td>\n<td class=\"text-center will-change\">\n<div class=\"px-10 md:px-20 flex items-center justify-center\">5-32<\/div>\n<\/td>\n<\/tr>\n<tr class=\"bg-grey-200\/50 p-2\">\n<td colspan=\"1\"><span class=\"block px-4\">Operating humidity range<\/span><\/td>\n<td class=\"text-center\">\n<div class=\"px-10 md:px-20 flex items-center justify-center\">% RH<\/div>\n<\/td>\n<td class=\"text-center will-change\">\n<div class=\"px-10 md:px-20 flex items-center justify-center\">35-95<\/div>\n<\/td>\n<\/tr>\n<tr class=\" p-2\">\n<td colspan=\"1\"><span class=\"block px-4\">Max. power consumption<\/span><\/td>\n<td class=\"text-center\">\n<div class=\"px-10 md:px-20 flex items-center justify-center\">kW<\/div>\n<\/td>\n<td class=\"text-center will-change\">\n<div class=\"px-10 md:px-20 flex items-center justify-center\">0.6<\/div>\n<\/td>\n<\/tr>\n<tr class=\"bg-grey-200\/50 p-2\">\n<td colspan=\"1\"><span class=\"block px-4\">Power supply<\/span><\/td>\n<td class=\"text-center\">\n<div class=\"px-10 md:px-20 flex items-center justify-center\">V\/Hz<\/div>\n<\/td>\n<td class=\"text-center will-change\">\n<div class=\"px-10 md:px-20 flex items-center justify-center\">230\/50<\/div>\n<\/td>\n<\/tr>\n<tr class=\" p-2\">\n<td colspan=\"1\"><span class=\"block px-4\">Sound level<\/span><\/td>\n<td class=\"text-center\">\n<div class=\"px-10 md:px-20 flex items-center justify-center\">dB(A)<\/div>\n<\/td>\n<td class=\"text-center will-change\">\n<div class=\"px-10 md:px-20 flex items-center justify-center\">52<\/div>\n<\/td>\n<\/tr>\n<tr class=\"bg-grey-200\/50 p-2\">\n<td colspan=\"1\"><span class=\"block px-4\">Condensate tank<\/span><\/td>\n<td class=\"text-center\">\n<div class=\"px-10 md:px-20 flex items-center justify-center\">l<\/div>\n<\/td>\n<td class=\"text-center will-change\">\n<div class=\"px-10 md:px-20 flex items-center justify-center\">6<\/div>\n<\/td>\n<\/tr>\n<tr class=\" p-2\">\n<td colspan=\"1\"><span class=\"block px-4\">Power cord<\/span><\/td>\n<td class=\"text-center\">\n<div class=\"px-10 md:px-20 flex items-center justify-center\">m<\/div>\n<\/td>\n<td class=\"text-center will-change\">\n<div class=\"px-10 md:px-20 flex items-center justify-center\">3<\/div>\n<\/td>\n<\/tr>\n<tr class=\"bg-grey-200\/50 p-2\">\n<td colspan=\"1\"><span class=\"block px-4\">Refrigerant type\/amount<\/span><\/td>\n<td class=\"text-center\">\n<div class=\"px-10 md:px-20 flex items-center justify-center\">g<\/div>\n<\/td>\n<td class=\"text-center will-change\">\n<div class=\"px-10 md:px-20 flex items-center justify-center\">R290\/150<\/div>\n<\/td>\n<\/tr>\n<tr class=\" p-2\">\n<td colspan=\"1\"><span class=\"block px-4\">Product size (h x w x d)<\/span><\/td>\n<td class=\"text-center\">\n<div class=\"px-10 md:px-20 flex items-center justify-center\">mm<\/div>\n<\/td>\n<td class=\"text-center will-change\">\n<div class=\"px-10 md:px-20 flex items-center justify-center\">963 x 490 x 500<\/div>\n<\/td>\n<\/tr>\n<tr class=\"bg-grey-200\/50 p-2\">\n<td colspan=\"1\"><span class=\"block px-4\">Weight<\/span><\/td>\n<td class=\"text-center\">\n<div class=\"px-10 md:px-20 flex items-center justify-center\">kg<\/div>\n<\/td>\n<td class=\"text-center will-change\">\n<div class=\"px-10 md:px-20 flex items-center justify-center\">32<\/div>\n<\/td>\n<\/tr>\n<tr class=\" p-2\">\n<td colspan=\"3\"><span class=\"block px-4\">* 30\u00b0C\/80% RH<\/span><\/td>\n<\/tr>\n<\/tbody>\n<\/table>\n<\/div>\n<\/div>\n<\/div>\n<\/div>\n<\/div>\n<\/section>\n<section class=\"max-w-[1088px] mx-auto w-full px-5 my-10 md:my-12 lg:my-16 xl:my-20 xl:px-0\" data-block=\"link-list\">\n<div class=\"max-w-[1088px] mx-auto\">\n<div class=\"md:text-center\">\n<ul>\n<li><strong>Uy\u011fundur:<\/strong><\/li>\n<\/ul>\n<\/div>\n<div class=\"mt-6 max-w-4xl mx-auto\">\n<div class=\"flex flex-wrap md:ml-20\">\n<div class=\"w-full md:w-1\/2 auto-bullets md:pr-16\">\n<ul>\n<li class=\"flex items-center gap-5 text-sm text-black mt-3 md:text-base lg:text-lg\">Ticar\u0259t binalar\u0131.<br \/>\nTikinti.<br \/>\nS\u0259naye, fabrikl\u0259r v\u0259 istehsal.<br \/>\n\u0130stirah\u0259t v\u0259 istirah\u0259t.<br \/>\nH\u0259rbi v\u0259 aerokosmik.<br \/>\nMuzeyl\u0259r v\u0259 qalereyalar.<br \/>\n\u0130car\u0259 \u015firk\u0259tl\u0259ri.<br \/>\nYa\u015fay\u0131\u015f binalar\u0131.<br \/>\nAnbarlar v\u0259 anbarlar.<br \/>\nSu z\u0259r\u0259rinin b\u0259rpas\u0131.<\/li>\n<\/ul>\n<\/div>\n<\/div>\n<\/div>\n<\/div>\n<\/section>\n","protected":false},"excerpt":{"rendered":"<div class=\"max-w-4xl\">\n<div class=\"text-xl font-bold mt-1 md:mt-2\">\n<div class=\"max-w-4xl\">\n<div class=\"text-xl font-bold mt-1 md:mt-2\">\n<p>Professional kommersiya n\u0259ml\u0259ndiricil\u0259ri.<\/p>\n<p>TTK 170 S, suyun z\u0259d\u0259l\u0259nm\u0259sinin b\u0259rpas\u0131, yeni binan\u0131n qurudulmas\u0131 v\u0259 geni\u015f m\u0259kanlarda quru \u015f\u0259raitin saxlanmas\u0131 daxil olmaqla, geni\u015f \u00e7e\u015fidli t\u0259tbiql\u0259r \u00fc\u00e7\u00fcn uy\u011fun olan \u00e7oxfunksiyal\u0131 n\u0259ml\u0259ndiricidir. Onun m\u00f6hk\u0259m dizayn\u0131 v\u0259 y\u00fcks\u0259k n\u0259m \u00e7\u0131xarma qabiliyy\u0259ti onu t\u0259l\u0259bkar m\u00fchitl\u0259r \u00fc\u00e7\u00fcn etibarl\u0131 se\u00e7im edir.<\/p>\n<p>Dig\u0259r kondensasiya n\u0259ml\u0259ndiricil\u0259rin\u0259 bax\u0131n v\u0259 ya \u00e7oxsayl\u0131 t\u0259tbiql\u0259r \u00fc\u00e7\u00fcn uy\u011fun olan kommersiya n\u0259ml\u0259ndiricil\u0259rimizin tam \u00e7e\u015fidin\u0259 bax\u0131n.<\/p>\n<\/div>\n<\/div>\n<\/div>\n<\/div>\n","protected":false},"featured_media":26673,"template":"","meta":[],"product_brand":[],"product_cat":[809,861,887],"product_tag":[],"class_list":{"0":"post-26678","1":"product","2":"type-product","3":"status-publish","4":"has-post-thumbnail","6":"product_cat-hava-nmlndiricisi-kondisioner-az-ventilyasiya-ventilyator","7":"product_cat-nmlndiricilr-nmlndirici-hava","8":"product_cat-nmlndirici-nmlndiricilr-qurutma-az-nmlndiricilr","10":"first","11":"instock","12":"shipping-taxable","13":"product-type-simple"},"yoast_head":"<!-- This site is optimized with the Yoast SEO plugin v27.1.1 - https:\/\/yoast.com\/product\/yoast-seo-wordpress\/ -->\n<title>Trotec TTK 170 S - kondensasiya n\u0259ml\u0259ndiricisi. - Climate Master<\/title>\n<meta name=\"robots\" content=\"index, follow, max-snippet:-1, max-image-preview:large, max-video-preview:-1\" \/>\n<link rel=\"canonical\" href=\"https:\/\/climatemaster.ge\/product\/trotec-ttk-170-s-condensation-dehumidifier\/\" \/>\n<meta property=\"og:locale\" content=\"az_AZ\" \/>\n<meta property=\"og:type\" content=\"article\" \/>\n<meta property=\"og:title\" content=\"Trotec TTK 170 S - kondensasiya n\u0259ml\u0259ndiricisi. - Climate Master\" \/>\n<meta property=\"og:description\" content=\"Professional kommersiya n\u0259ml\u0259ndiricil\u0259ri.  TTK 170 S, suyun z\u0259d\u0259l\u0259nm\u0259sinin b\u0259rpas\u0131, yeni binan\u0131n qurudulmas\u0131 v\u0259 geni\u015f m\u0259kanlarda quru \u015f\u0259raitin saxlanmas\u0131 daxil olmaqla, geni\u015f \u00e7e\u015fidli t\u0259tbiql\u0259r \u00fc\u00e7\u00fcn uy\u011fun olan \u00e7oxfunksiyal\u0131 n\u0259ml\u0259ndiricidir. Onun m\u00f6hk\u0259m dizayn\u0131 v\u0259 y\u00fcks\u0259k n\u0259m \u00e7\u0131xarma qabiliyy\u0259ti onu t\u0259l\u0259bkar m\u00fchitl\u0259r \u00fc\u00e7\u00fcn etibarl\u0131 se\u00e7im edir.  Dig\u0259r kondensasiya n\u0259ml\u0259ndiricil\u0259rin\u0259 bax\u0131n v\u0259 ya \u00e7oxsayl\u0131 t\u0259tbiql\u0259r \u00fc\u00e7\u00fcn uy\u011fun olan kommersiya n\u0259ml\u0259ndiricil\u0259rimizin tam \u00e7e\u015fidin\u0259 bax\u0131n.\" \/>\n<meta property=\"og:url\" content=\"https:\/\/climatemaster.ge\/product\/trotec-ttk-170-s-condensation-dehumidifier\/\" \/>\n<meta property=\"og:site_name\" content=\"Climate Master\" \/>\n<meta property=\"article:modified_time\" content=\"2025-04-05T08:10:49+00:00\" \/>\n<meta property=\"og:image\" content=\"https:\/\/climatemaster.ge\/wp-content\/uploads\/2025\/04\/TROTEC-TTK-170-S-main-web.png\" \/>\n\t<meta property=\"og:image:width\" content=\"1000\" \/>\n\t<meta property=\"og:image:height\" content=\"1000\" \/>\n\t<meta property=\"og:image:type\" content=\"image\/png\" \/>\n<meta name=\"twitter:card\" content=\"summary_large_image\" \/>\n<meta name=\"twitter:label1\" content=\"Est. reading time\" \/>\n\t<meta name=\"twitter:data1\" content=\"1 minute\" \/>\n<script type=\"application\/ld+json\" class=\"yoast-schema-graph\">{\"@context\":\"https:\/\/schema.org\",\"@graph\":[{\"@type\":\"WebPage\",\"@id\":\"https:\/\/climatemaster.ge\/product\/trotec-ttk-170-s-condensation-dehumidifier\/\",\"url\":\"https:\/\/climatemaster.ge\/product\/trotec-ttk-170-s-condensation-dehumidifier\/\",\"name\":\"Trotec TTK 170 S - kondensasiya n\u0259ml\u0259ndiricisi. - Climate Master\",\"isPartOf\":{\"@id\":\"https:\/\/climatemaster.ge\/#website\"},\"primaryImageOfPage\":{\"@id\":\"https:\/\/climatemaster.ge\/product\/trotec-ttk-170-s-condensation-dehumidifier\/#primaryimage\"},\"image\":{\"@id\":\"https:\/\/climatemaster.ge\/product\/trotec-ttk-170-s-condensation-dehumidifier\/#primaryimage\"},\"thumbnailUrl\":\"https:\/\/climatemaster.ge\/wp-content\/uploads\/2025\/04\/TROTEC-TTK-170-S-main-web.png\",\"datePublished\":\"2024-01-22T17:00:57+00:00\",\"dateModified\":\"2025-04-05T08:10:49+00:00\",\"breadcrumb\":{\"@id\":\"https:\/\/climatemaster.ge\/product\/trotec-ttk-170-s-condensation-dehumidifier\/#breadcrumb\"},\"inLanguage\":\"az\",\"potentialAction\":[{\"@type\":\"ReadAction\",\"target\":[\"https:\/\/climatemaster.ge\/product\/trotec-ttk-170-s-condensation-dehumidifier\/\"]}]},{\"@type\":\"ImageObject\",\"inLanguage\":\"az\",\"@id\":\"https:\/\/climatemaster.ge\/product\/trotec-ttk-170-s-condensation-dehumidifier\/#primaryimage\",\"url\":\"https:\/\/climatemaster.ge\/wp-content\/uploads\/2025\/04\/TROTEC-TTK-170-S-main-web.png\",\"contentUrl\":\"https:\/\/climatemaster.ge\/wp-content\/uploads\/2025\/04\/TROTEC-TTK-170-S-main-web.png\",\"width\":1000,\"height\":1000},{\"@type\":\"BreadcrumbList\",\"@id\":\"https:\/\/climatemaster.ge\/product\/trotec-ttk-170-s-condensation-dehumidifier\/#breadcrumb\",\"itemListElement\":[{\"@type\":\"ListItem\",\"position\":1,\"name\":\"Home\",\"item\":\"https:\/\/climatemaster.ge\/\"},{\"@type\":\"ListItem\",\"position\":2,\"name\":\"M\u0259hsullar\",\"item\":\"https:\/\/climatemaster.ge\/products\/\"},{\"@type\":\"ListItem\",\"position\":3,\"name\":\"Trotec TTK 170 S &#8211; kondensasiya n\u0259ml\u0259ndiricisi.\"}]},{\"@type\":\"WebSite\",\"@id\":\"https:\/\/climatemaster.ge\/#website\",\"url\":\"https:\/\/climatemaster.ge\/\",\"name\":\"Climate Master\",\"description\":\"\",\"publisher\":{\"@id\":\"https:\/\/climatemaster.ge\/#organization\"},\"potentialAction\":[{\"@type\":\"SearchAction\",\"target\":{\"@type\":\"EntryPoint\",\"urlTemplate\":\"https:\/\/climatemaster.ge\/?s={search_term_string}\"},\"query-input\":{\"@type\":\"PropertyValueSpecification\",\"valueRequired\":true,\"valueName\":\"search_term_string\"}}],\"inLanguage\":\"az\"},{\"@type\":\"Organization\",\"@id\":\"https:\/\/climatemaster.ge\/#organization\",\"name\":\"Climate Master\",\"url\":\"https:\/\/climatemaster.ge\/\",\"logo\":{\"@type\":\"ImageObject\",\"inLanguage\":\"az\",\"@id\":\"https:\/\/climatemaster.ge\/#\/schema\/logo\/image\/\",\"url\":\"https:\/\/climatemaster.ge\/wp-content\/uploads\/2026\/03\/Untitled-2.png\",\"contentUrl\":\"https:\/\/climatemaster.ge\/wp-content\/uploads\/2026\/03\/Untitled-2.png\",\"width\":600,\"height\":338,\"caption\":\"Climate Master\"},\"image\":{\"@id\":\"https:\/\/climatemaster.ge\/#\/schema\/logo\/image\/\"}}]}<\/script>\n<!-- \/ Yoast SEO plugin. -->","yoast_head_json":{"title":"Trotec TTK 170 S - kondensasiya n\u0259ml\u0259ndiricisi. - Climate Master","robots":{"index":"index","follow":"follow","max-snippet":"max-snippet:-1","max-image-preview":"max-image-preview:large","max-video-preview":"max-video-preview:-1"},"canonical":"https:\/\/climatemaster.ge\/product\/trotec-ttk-170-s-condensation-dehumidifier\/","og_locale":"az_AZ","og_type":"article","og_title":"Trotec TTK 170 S - kondensasiya n\u0259ml\u0259ndiricisi. - Climate Master","og_description":"Professional kommersiya n\u0259ml\u0259ndiricil\u0259ri.  TTK 170 S, suyun z\u0259d\u0259l\u0259nm\u0259sinin b\u0259rpas\u0131, yeni binan\u0131n qurudulmas\u0131 v\u0259 geni\u015f m\u0259kanlarda quru \u015f\u0259raitin saxlanmas\u0131 daxil olmaqla, geni\u015f \u00e7e\u015fidli t\u0259tbiql\u0259r \u00fc\u00e7\u00fcn uy\u011fun olan \u00e7oxfunksiyal\u0131 n\u0259ml\u0259ndiricidir. Onun m\u00f6hk\u0259m dizayn\u0131 v\u0259 y\u00fcks\u0259k n\u0259m \u00e7\u0131xarma qabiliyy\u0259ti onu t\u0259l\u0259bkar m\u00fchitl\u0259r \u00fc\u00e7\u00fcn etibarl\u0131 se\u00e7im edir.  Dig\u0259r kondensasiya n\u0259ml\u0259ndiricil\u0259rin\u0259 bax\u0131n v\u0259 ya \u00e7oxsayl\u0131 t\u0259tbiql\u0259r \u00fc\u00e7\u00fcn uy\u011fun olan kommersiya n\u0259ml\u0259ndiricil\u0259rimizin tam \u00e7e\u015fidin\u0259 bax\u0131n.","og_url":"https:\/\/climatemaster.ge\/product\/trotec-ttk-170-s-condensation-dehumidifier\/","og_site_name":"Climate Master","article_modified_time":"2025-04-05T08:10:49+00:00","og_image":[{"width":1000,"height":1000,"url":"https:\/\/climatemaster.ge\/wp-content\/uploads\/2025\/04\/TROTEC-TTK-170-S-main-web.png","type":"image\/png"}],"twitter_card":"summary_large_image","twitter_misc":{"Est. reading time":"1 minute"},"schema":{"@context":"https:\/\/schema.org","@graph":[{"@type":"WebPage","@id":"https:\/\/climatemaster.ge\/product\/trotec-ttk-170-s-condensation-dehumidifier\/","url":"https:\/\/climatemaster.ge\/product\/trotec-ttk-170-s-condensation-dehumidifier\/","name":"Trotec TTK 170 S - kondensasiya n\u0259ml\u0259ndiricisi. - Climate Master","isPartOf":{"@id":"https:\/\/climatemaster.ge\/#website"},"primaryImageOfPage":{"@id":"https:\/\/climatemaster.ge\/product\/trotec-ttk-170-s-condensation-dehumidifier\/#primaryimage"},"image":{"@id":"https:\/\/climatemaster.ge\/product\/trotec-ttk-170-s-condensation-dehumidifier\/#primaryimage"},"thumbnailUrl":"https:\/\/climatemaster.ge\/wp-content\/uploads\/2025\/04\/TROTEC-TTK-170-S-main-web.png","datePublished":"2024-01-22T17:00:57+00:00","dateModified":"2025-04-05T08:10:49+00:00","breadcrumb":{"@id":"https:\/\/climatemaster.ge\/product\/trotec-ttk-170-s-condensation-dehumidifier\/#breadcrumb"},"inLanguage":"az","potentialAction":[{"@type":"ReadAction","target":["https:\/\/climatemaster.ge\/product\/trotec-ttk-170-s-condensation-dehumidifier\/"]}]},{"@type":"ImageObject","inLanguage":"az","@id":"https:\/\/climatemaster.ge\/product\/trotec-ttk-170-s-condensation-dehumidifier\/#primaryimage","url":"https:\/\/climatemaster.ge\/wp-content\/uploads\/2025\/04\/TROTEC-TTK-170-S-main-web.png","contentUrl":"https:\/\/climatemaster.ge\/wp-content\/uploads\/2025\/04\/TROTEC-TTK-170-S-main-web.png","width":1000,"height":1000},{"@type":"BreadcrumbList","@id":"https:\/\/climatemaster.ge\/product\/trotec-ttk-170-s-condensation-dehumidifier\/#breadcrumb","itemListElement":[{"@type":"ListItem","position":1,"name":"Home","item":"https:\/\/climatemaster.ge\/"},{"@type":"ListItem","position":2,"name":"M\u0259hsullar","item":"https:\/\/climatemaster.ge\/products\/"},{"@type":"ListItem","position":3,"name":"Trotec TTK 170 S &#8211; kondensasiya n\u0259ml\u0259ndiricisi."}]},{"@type":"WebSite","@id":"https:\/\/climatemaster.ge\/#website","url":"https:\/\/climatemaster.ge\/","name":"Climate Master","description":"","publisher":{"@id":"https:\/\/climatemaster.ge\/#organization"},"potentialAction":[{"@type":"SearchAction","target":{"@type":"EntryPoint","urlTemplate":"https:\/\/climatemaster.ge\/?s={search_term_string}"},"query-input":{"@type":"PropertyValueSpecification","valueRequired":true,"valueName":"search_term_string"}}],"inLanguage":"az"},{"@type":"Organization","@id":"https:\/\/climatemaster.ge\/#organization","name":"Climate Master","url":"https:\/\/climatemaster.ge\/","logo":{"@type":"ImageObject","inLanguage":"az","@id":"https:\/\/climatemaster.ge\/#\/schema\/logo\/image\/","url":"https:\/\/climatemaster.ge\/wp-content\/uploads\/2026\/03\/Untitled-2.png","contentUrl":"https:\/\/climatemaster.ge\/wp-content\/uploads\/2026\/03\/Untitled-2.png","width":600,"height":338,"caption":"Climate Master"},"image":{"@id":"https:\/\/climatemaster.ge\/#\/schema\/logo\/image\/"}}]}},"_links":{"self":[{"href":"https:\/\/climatemaster.ge\/az\/wp-json\/wp\/v2\/product\/26678","targetHints":{"allow":["GET"]}}],"collection":[{"href":"https:\/\/climatemaster.ge\/az\/wp-json\/wp\/v2\/product"}],"about":[{"href":"https:\/\/climatemaster.ge\/az\/wp-json\/wp\/v2\/types\/product"}],"wp:featuredmedia":[{"embeddable":true,"href":"https:\/\/climatemaster.ge\/az\/wp-json\/wp\/v2\/media\/26673"}],"wp:attachment":[{"href":"https:\/\/climatemaster.ge\/az\/wp-json\/wp\/v2\/media?parent=26678"}],"wp:term":[{"taxonomy":"product_brand","embeddable":true,"href":"https:\/\/climatemaster.ge\/az\/wp-json\/wp\/v2\/product_brand?post=26678"},{"taxonomy":"product_cat","embeddable":true,"href":"https:\/\/climatemaster.ge\/az\/wp-json\/wp\/v2\/product_cat?post=26678"},{"taxonomy":"product_tag","embeddable":true,"href":"https:\/\/climatemaster.ge\/az\/wp-json\/wp\/v2\/product_tag?post=26678"}],"curies":[{"name":"wp","href":"https:\/\/api.w.org\/{rel}","templated":true}]}}