{"id":26118,"date":"2024-01-22T21:07:09","date_gmt":"2024-01-22T17:07:09","guid":{"rendered":"https:\/\/airsystems.ge\/shop\/product\/heylo-dt-760-dehumidifiers\/"},"modified":"2025-03-29T11:08:35","modified_gmt":"2025-03-29T07:08:35","slug":"heylo-dt-760-dehumidifiers","status":"publish","type":"product","link":"https:\/\/climatemaster.ge\/az\/product\/heylo-dt-760-dehumidifiers\/","title":{"rendered":"Heylo DT 760 &#8211; n\u0259ml\u0259ndiricil\u0259r"},"content":{"rendered":"<section class=\"max-w-[1088px] mx-auto w-full px-5 my-10 md:my-12 lg:my-16 xl:my-20 xl:px-0\" data-block=\"bullet-list\">\n<div class=\"md:text-center\">\n<p class=\"text-black font-bold text-lg md:text-xl lg:text-2xl\"><strong>\u018fsas x\u00fcsusiyy\u0259tl\u0259r<\/strong><br \/>\n\u0130nteqrasiya edilmi\u015f higrostat<br \/>\nElektron defrost<br \/>\nYanlardak\u0131 tutacaqlar, rahat barlar v\u0259 b\u00f6y\u00fck t\u0259k\u0259rl\u0259r say\u0259sind\u0259 da\u015f\u0131nmas\u0131 asan<br \/>\nMetal korpusun \u00f6n hiss\u0259si bir hiss\u0259d\u0259 \u00e7\u0131xar\u0131la bil\u0259r ki, onu t\u0259mizl\u0259m\u0259k v\u0259 saxlamaq asan olsun<br \/>\nKondensat nasosu iste\u011fe ba\u011fl\u0131d\u0131r<br \/>\nKompakt, m\u00f6hk\u0259m polad korpus<\/p>\n<\/div>\n<\/section>\n<section class=\"max-w-[1088px] mx-auto w-full px-5 my-10 md:my-12 lg:my-16 xl:my-20 xl:px-0\" data-block=\"product-specifications\">\n<div class=\"md:text-center\">\n<h3 class=\"text-black font-bold text-lg md:text-xl lg:text-2xl\"><strong>Product specifications<\/strong><\/h3>\n<\/div>\n<div class=\" md:mt-10\">\n<div class=\"\">\n<div class=\"lg:mt-0 \">\n<div id=\"spec-dt-760\" class=\"prose max-w-full md:overflow-auto\" data-spec-content=\"\">\n<div class=\"spreadsheet-container hidden md:block\">\n<table class=\"w-full table-fixed mb-0\">\n<thead>\n<tr>\n<th class=\"font-bold text-base\"><span class=\"block px-4\">Specifications<\/span><\/th>\n<th class=\"font-bold text-base text-center\"><span class=\"block px-10 md:px-20\">Units<\/span><\/th>\n<th class=\"font-bold text-base text-center will-change\"><span class=\"block px-4\">DT\u00a0760<\/span><\/th>\n<\/tr>\n<\/thead>\n<tbody>\n<tr class=\"bg-grey-200\/50 p-2\">\n<td colspan=\"1\"><span class=\"block px-4\">Capacity(30\u00b0C\/80% RH)<\/span><\/td>\n<td class=\"text-center\">\n<div class=\"px-10 md:px-20 flex items-center justify-center\">l\/24h<\/div>\n<\/td>\n<td class=\"text-center will-change\">\n<div class=\"px-10 md:px-20 flex items-center justify-center\">22<\/div>\n<\/td>\n<\/tr>\n<tr class=\" p-2\">\n<td colspan=\"1\"><span class=\"block px-4\">Air flow<\/span><\/td>\n<td class=\"text-center\">\n<div class=\"px-10 md:px-20 flex items-center justify-center\">m\u00b3\/h<\/div>\n<\/td>\n<td class=\"text-center will-change\">\n<div class=\"px-10 md:px-20 flex items-center justify-center\">350<\/div>\n<\/td>\n<\/tr>\n<tr class=\"bg-grey-200\/50 p-2\">\n<td colspan=\"1\"><span class=\"block px-4\">Operating temperature range<\/span><\/td>\n<td class=\"text-center\">\n<div class=\"px-10 md:px-20 flex items-center justify-center\">\u00b0C<\/div>\n<\/td>\n<td class=\"text-center will-change\">\n<div class=\"px-10 md:px-20 flex items-center justify-center\">3-35<\/div>\n<\/td>\n<\/tr>\n<tr class=\" p-2\">\n<td colspan=\"1\"><span class=\"block px-4\">Operating humidity range<\/span><\/td>\n<td class=\"text-center\">\n<div class=\"px-10 md:px-20 flex items-center justify-center\">% RH<\/div>\n<\/td>\n<td class=\"text-center will-change\">\n<div class=\"px-10 md:px-20 flex items-center justify-center\">35-95<\/div>\n<\/td>\n<\/tr>\n<tr class=\"bg-grey-200\/50 p-2\">\n<td colspan=\"1\"><span class=\"block px-4\">Power consumption<\/span><\/td>\n<td class=\"text-center\">\n<div class=\"px-10 md:px-20 flex items-center justify-center\">W<\/div>\n<\/td>\n<td class=\"text-center will-change\">\n<div class=\"px-10 md:px-20 flex items-center justify-center\">490<\/div>\n<\/td>\n<\/tr>\n<tr class=\" p-2\">\n<td colspan=\"1\"><span class=\"block px-4\">Power supply<\/span><\/td>\n<td class=\"text-center\">\n<div class=\"px-10 md:px-20 flex items-center justify-center\">V\/Hz<\/div>\n<\/td>\n<td class=\"text-center will-change\">\n<div class=\"px-10 md:px-20 flex items-center justify-center\">230\/1ph\/50<\/div>\n<\/td>\n<\/tr>\n<tr class=\"bg-grey-200\/50 p-2\">\n<td colspan=\"1\"><span class=\"block px-4\">Refrigerant<\/span><\/td>\n<td class=\"text-center\">\n<div class=\"px-10 md:px-20 flex items-center justify-center\">type<\/div>\n<\/td>\n<td class=\"text-center will-change\">\n<div class=\"px-10 md:px-20 flex items-center justify-center\">R290<\/div>\n<\/td>\n<\/tr>\n<tr class=\" p-2\">\n<td colspan=\"1\"><span class=\"block px-4\">Sound level @3m<\/span><\/td>\n<td class=\"text-center\">\n<div class=\"px-10 md:px-20 flex items-center justify-center\">dB(A)<\/div>\n<\/td>\n<td class=\"text-center will-change\">\n<div class=\"px-10 md:px-20 flex items-center justify-center\">43<\/div>\n<\/td>\n<\/tr>\n<tr class=\"bg-grey-200\/50 p-2\">\n<td colspan=\"1\"><span class=\"block px-4\">Protection class<\/span><\/td>\n<td class=\"text-center\">\n<div class=\"px-10 md:px-20 flex items-center justify-center\"><\/div>\n<\/td>\n<td class=\"text-center will-change\">\n<div class=\"px-10 md:px-20 flex items-center justify-center\">IP44<\/div>\n<\/td>\n<\/tr>\n<tr class=\" p-2\">\n<td colspan=\"1\"><span class=\"block px-4\">Compressor<\/span><\/td>\n<td class=\"text-center\">\n<div class=\"px-10 md:px-20 flex items-center justify-center\">type<\/div>\n<\/td>\n<td class=\"text-center will-change\">\n<div class=\"px-10 md:px-20 flex items-center justify-center\">Rotary<\/div>\n<\/td>\n<\/tr>\n<tr class=\"bg-grey-200\/50 p-2\">\n<td colspan=\"1\"><span class=\"block px-4\">Product size (l x w x h)<\/span><\/td>\n<td class=\"text-center\">\n<div class=\"px-10 md:px-20 flex items-center justify-center\">mm<\/div>\n<\/td>\n<td class=\"text-center will-change\">\n<div class=\"px-10 md:px-20 flex items-center justify-center\">390 x 410 x 940<\/div>\n<\/td>\n<\/tr>\n<tr class=\" p-2\">\n<td colspan=\"1\"><span class=\"block px-4\">Box size (l x w x h)<\/span><\/td>\n<td class=\"text-center\">\n<div class=\"px-10 md:px-20 flex items-center justify-center\">mm<\/div>\n<\/td>\n<td class=\"text-center will-change\">\n<div class=\"px-10 md:px-20 flex items-center justify-center\">400 x 400 x 750<\/div>\n<\/td>\n<\/tr>\n<tr class=\"bg-grey-200\/50 p-2\">\n<td colspan=\"1\"><span class=\"block px-4\">Net\/gross weight<\/span><\/td>\n<td class=\"text-center\">\n<div class=\"px-10 md:px-20 flex items-center justify-center\">kg<\/div>\n<\/td>\n<td class=\"text-center will-change\">\n<div class=\"px-10 md:px-20 flex items-center justify-center\">26\/28<\/div>\n<\/td>\n<\/tr>\n<tr class=\" p-2\">\n<td colspan=\"1\"><span class=\"block px-4\">Pallet<\/span><\/td>\n<td class=\"text-center\">\n<div class=\"px-10 md:px-20 flex items-center justify-center\">pcs<\/div>\n<\/td>\n<td class=\"text-center will-change\">\n<div class=\"px-10 md:px-20 flex items-center justify-center\">12<\/div>\n<\/td>\n<\/tr>\n<\/tbody>\n<\/table>\n<\/div>\n<\/div>\n<\/div>\n<\/div>\n<\/div>\n<\/section>\n","protected":false},"excerpt":{"rendered":"<figure>Kondensasiya n\u0259ml\u0259ndiricil\u0259ri<\/figure>\n<figure><img decoding=\"async\" src=\"https:\/\/dantherm-group-cdn.s3.amazonaws.com\/media\/brands\/DG-Banners-Rebranding-HEYLO-to-MASTER-EN.jpg\" alt=\"\" \/><\/figure>\n<p>&nbsp;<\/p>\n<p>Ki\u00e7ik suyun z\u0259d\u0259l\u0259nm\u0259si \u00fc\u00e7\u00fcn istifad\u0259d\u0259n tutmu\u015f yeni konstruksiyalar\u0131n qurudulmas\u0131na q\u0259d\u0259r bu n\u0259ml\u0259ndiricil\u0259r dar vanna ota\u011f\u0131 kimi ki\u00e7ik otaqlar\u0131n qurudulmas\u0131 \u00fc\u00e7\u00fcn d\u0259 ideald\u0131r. DT 760 m\u0259tb\u0259x v\u0259 vanna ota\u011f\u0131nda n\u0259mlik probleml\u0259rini h\u0259ll etm\u0259k \u00fc\u00e7\u00fcn m\u0259nzil birlikl\u0259ri \u00fc\u00e7\u00fcn x\u00fcsusil\u0259 faydal\u0131d\u0131r.<\/p>\n<p>Metal korpus xidm\u0259t v\u0259 t\u0259mizlik \u00fc\u00e7\u00fcn bir hiss\u0259d\u0259 tez v\u0259 asanl\u0131qla \u00e7\u0131xar\u0131l\u0131r.<\/p>\n<p>Tez qurulan, istifad\u0259y\u0259 haz\u0131r olan v\u0259 istismarda etibarl\u0131 olan DT n\u0259ml\u0259ndiricil\u0259ri tikinti il\u0259 \u0259laq\u0259li ticar\u0259tl\u0259r \u00fc\u00e7\u00fcn d\u0259y\u0259rli v\u0259 uzunm\u00fcdd\u0259tli investisiyad\u0131r.<\/p>\n<p>Dig\u0259r s\u0259naye kondensasiya n\u0259ml\u0259ndiricil\u0259rin\u0259 bax\u0131n v\u0259 ya \u00e7oxlu t\u0259tbiql\u0259r \u00fc\u00e7\u00fcn uy\u011fun olan tam n\u0259ml\u0259ndiricil\u0259rimiz\u0259 bax\u0131n.<\/p>\n","protected":false},"featured_media":26113,"template":"","meta":[],"product_brand":[],"product_cat":[809,861,885],"product_tag":[],"class_list":{"0":"post-26118","1":"product","2":"type-product","3":"status-publish","4":"has-post-thumbnail","6":"product_cat-hava-nmlndiricisi-kondisioner-az-ventilyasiya-ventilyator","7":"product_cat-nmlndiricilr-nmlndirici-hava","8":"product_cat-nmlndirici-qurutma-nmlndiricilr-az","10":"first","11":"instock","12":"shipping-taxable","13":"purchasable","14":"product-type-simple"},"yoast_head":"<!-- This site is optimized with the Yoast SEO plugin v27.1.1 - https:\/\/yoast.com\/product\/yoast-seo-wordpress\/ -->\n<title>Heylo DT 760 - n\u0259ml\u0259ndiricil\u0259r - Climate Master<\/title>\n<meta name=\"robots\" content=\"index, follow, max-snippet:-1, max-image-preview:large, max-video-preview:-1\" \/>\n<link rel=\"canonical\" href=\"https:\/\/climatemaster.ge\/product\/heylo-dt-760-dehumidifiers\/\" \/>\n<meta property=\"og:locale\" content=\"az_AZ\" \/>\n<meta property=\"og:type\" content=\"article\" \/>\n<meta property=\"og:title\" content=\"Heylo DT 760 - n\u0259ml\u0259ndiricil\u0259r - Climate Master\" \/>\n<meta property=\"og:description\" content=\"Kondensasiya n\u0259ml\u0259ndiricil\u0259ri  &nbsp;  Ki\u00e7ik suyun z\u0259d\u0259l\u0259nm\u0259si \u00fc\u00e7\u00fcn istifad\u0259d\u0259n tutmu\u015f yeni konstruksiyalar\u0131n qurudulmas\u0131na q\u0259d\u0259r bu n\u0259ml\u0259ndiricil\u0259r dar vanna ota\u011f\u0131 kimi ki\u00e7ik otaqlar\u0131n qurudulmas\u0131 \u00fc\u00e7\u00fcn d\u0259 ideald\u0131r. DT 760 m\u0259tb\u0259x v\u0259 vanna ota\u011f\u0131nda n\u0259mlik probleml\u0259rini h\u0259ll etm\u0259k \u00fc\u00e7\u00fcn m\u0259nzil birlikl\u0259ri \u00fc\u00e7\u00fcn x\u00fcsusil\u0259 faydal\u0131d\u0131r.  Metal korpus xidm\u0259t v\u0259 t\u0259mizlik \u00fc\u00e7\u00fcn bir hiss\u0259d\u0259 tez v\u0259 asanl\u0131qla \u00e7\u0131xar\u0131l\u0131r.  Tez qurulan, istifad\u0259y\u0259 haz\u0131r olan v\u0259 istismarda etibarl\u0131 olan DT n\u0259ml\u0259ndiricil\u0259ri tikinti il\u0259 \u0259laq\u0259li ticar\u0259tl\u0259r \u00fc\u00e7\u00fcn d\u0259y\u0259rli v\u0259 uzunm\u00fcdd\u0259tli investisiyad\u0131r.  Dig\u0259r s\u0259naye kondensasiya n\u0259ml\u0259ndiricil\u0259rin\u0259 bax\u0131n v\u0259 ya \u00e7oxlu t\u0259tbiql\u0259r \u00fc\u00e7\u00fcn uy\u011fun olan tam n\u0259ml\u0259ndiricil\u0259rimiz\u0259 bax\u0131n.\" \/>\n<meta property=\"og:url\" content=\"https:\/\/climatemaster.ge\/product\/heylo-dt-760-dehumidifiers\/\" \/>\n<meta property=\"og:site_name\" content=\"Climate Master\" \/>\n<meta property=\"article:modified_time\" content=\"2025-03-29T07:08:35+00:00\" \/>\n<meta property=\"og:image\" content=\"https:\/\/climatemaster.ge\/wp-content\/uploads\/2025\/03\/Heylo-Luftentfeuchter-DT-760.jpg\" \/>\n\t<meta property=\"og:image:width\" content=\"1000\" \/>\n\t<meta property=\"og:image:height\" content=\"1000\" \/>\n\t<meta property=\"og:image:type\" content=\"image\/jpeg\" \/>\n<meta name=\"twitter:card\" content=\"summary_large_image\" \/>\n<meta name=\"twitter:label1\" content=\"Est. reading time\" \/>\n\t<meta name=\"twitter:data1\" content=\"1 minute\" \/>\n<script type=\"application\/ld+json\" class=\"yoast-schema-graph\">{\"@context\":\"https:\/\/schema.org\",\"@graph\":[{\"@type\":\"WebPage\",\"@id\":\"https:\/\/climatemaster.ge\/product\/heylo-dt-760-dehumidifiers\/\",\"url\":\"https:\/\/climatemaster.ge\/product\/heylo-dt-760-dehumidifiers\/\",\"name\":\"Heylo DT 760 - n\u0259ml\u0259ndiricil\u0259r - Climate Master\",\"isPartOf\":{\"@id\":\"https:\/\/climatemaster.ge\/#website\"},\"primaryImageOfPage\":{\"@id\":\"https:\/\/climatemaster.ge\/product\/heylo-dt-760-dehumidifiers\/#primaryimage\"},\"image\":{\"@id\":\"https:\/\/climatemaster.ge\/product\/heylo-dt-760-dehumidifiers\/#primaryimage\"},\"thumbnailUrl\":\"https:\/\/climatemaster.ge\/wp-content\/uploads\/2025\/03\/Heylo-Luftentfeuchter-DT-760.jpg\",\"datePublished\":\"2024-01-22T17:07:09+00:00\",\"dateModified\":\"2025-03-29T07:08:35+00:00\",\"breadcrumb\":{\"@id\":\"https:\/\/climatemaster.ge\/product\/heylo-dt-760-dehumidifiers\/#breadcrumb\"},\"inLanguage\":\"az\",\"potentialAction\":[{\"@type\":\"ReadAction\",\"target\":[\"https:\/\/climatemaster.ge\/product\/heylo-dt-760-dehumidifiers\/\"]}]},{\"@type\":\"ImageObject\",\"inLanguage\":\"az\",\"@id\":\"https:\/\/climatemaster.ge\/product\/heylo-dt-760-dehumidifiers\/#primaryimage\",\"url\":\"https:\/\/climatemaster.ge\/wp-content\/uploads\/2025\/03\/Heylo-Luftentfeuchter-DT-760.jpg\",\"contentUrl\":\"https:\/\/climatemaster.ge\/wp-content\/uploads\/2025\/03\/Heylo-Luftentfeuchter-DT-760.jpg\",\"width\":1000,\"height\":1000},{\"@type\":\"BreadcrumbList\",\"@id\":\"https:\/\/climatemaster.ge\/product\/heylo-dt-760-dehumidifiers\/#breadcrumb\",\"itemListElement\":[{\"@type\":\"ListItem\",\"position\":1,\"name\":\"Home\",\"item\":\"https:\/\/climatemaster.ge\/\"},{\"@type\":\"ListItem\",\"position\":2,\"name\":\"M\u0259hsullar\",\"item\":\"https:\/\/climatemaster.ge\/products\/\"},{\"@type\":\"ListItem\",\"position\":3,\"name\":\"Heylo DT 760 &#8211; n\u0259ml\u0259ndiricil\u0259r\"}]},{\"@type\":\"WebSite\",\"@id\":\"https:\/\/climatemaster.ge\/#website\",\"url\":\"https:\/\/climatemaster.ge\/\",\"name\":\"Climate Master\",\"description\":\"\",\"publisher\":{\"@id\":\"https:\/\/climatemaster.ge\/#organization\"},\"potentialAction\":[{\"@type\":\"SearchAction\",\"target\":{\"@type\":\"EntryPoint\",\"urlTemplate\":\"https:\/\/climatemaster.ge\/?s={search_term_string}\"},\"query-input\":{\"@type\":\"PropertyValueSpecification\",\"valueRequired\":true,\"valueName\":\"search_term_string\"}}],\"inLanguage\":\"az\"},{\"@type\":\"Organization\",\"@id\":\"https:\/\/climatemaster.ge\/#organization\",\"name\":\"Climate Master\",\"url\":\"https:\/\/climatemaster.ge\/\",\"logo\":{\"@type\":\"ImageObject\",\"inLanguage\":\"az\",\"@id\":\"https:\/\/climatemaster.ge\/#\/schema\/logo\/image\/\",\"url\":\"https:\/\/climatemaster.ge\/wp-content\/uploads\/2026\/03\/Untitled-2.png\",\"contentUrl\":\"https:\/\/climatemaster.ge\/wp-content\/uploads\/2026\/03\/Untitled-2.png\",\"width\":600,\"height\":338,\"caption\":\"Climate Master\"},\"image\":{\"@id\":\"https:\/\/climatemaster.ge\/#\/schema\/logo\/image\/\"}}]}<\/script>\n<!-- \/ Yoast SEO plugin. -->","yoast_head_json":{"title":"Heylo DT 760 - n\u0259ml\u0259ndiricil\u0259r - Climate Master","robots":{"index":"index","follow":"follow","max-snippet":"max-snippet:-1","max-image-preview":"max-image-preview:large","max-video-preview":"max-video-preview:-1"},"canonical":"https:\/\/climatemaster.ge\/product\/heylo-dt-760-dehumidifiers\/","og_locale":"az_AZ","og_type":"article","og_title":"Heylo DT 760 - n\u0259ml\u0259ndiricil\u0259r - Climate Master","og_description":"Kondensasiya n\u0259ml\u0259ndiricil\u0259ri  &nbsp;  Ki\u00e7ik suyun z\u0259d\u0259l\u0259nm\u0259si \u00fc\u00e7\u00fcn istifad\u0259d\u0259n tutmu\u015f yeni konstruksiyalar\u0131n qurudulmas\u0131na q\u0259d\u0259r bu n\u0259ml\u0259ndiricil\u0259r dar vanna ota\u011f\u0131 kimi ki\u00e7ik otaqlar\u0131n qurudulmas\u0131 \u00fc\u00e7\u00fcn d\u0259 ideald\u0131r. DT 760 m\u0259tb\u0259x v\u0259 vanna ota\u011f\u0131nda n\u0259mlik probleml\u0259rini h\u0259ll etm\u0259k \u00fc\u00e7\u00fcn m\u0259nzil birlikl\u0259ri \u00fc\u00e7\u00fcn x\u00fcsusil\u0259 faydal\u0131d\u0131r.  Metal korpus xidm\u0259t v\u0259 t\u0259mizlik \u00fc\u00e7\u00fcn bir hiss\u0259d\u0259 tez v\u0259 asanl\u0131qla \u00e7\u0131xar\u0131l\u0131r.  Tez qurulan, istifad\u0259y\u0259 haz\u0131r olan v\u0259 istismarda etibarl\u0131 olan DT n\u0259ml\u0259ndiricil\u0259ri tikinti il\u0259 \u0259laq\u0259li ticar\u0259tl\u0259r \u00fc\u00e7\u00fcn d\u0259y\u0259rli v\u0259 uzunm\u00fcdd\u0259tli investisiyad\u0131r.  Dig\u0259r s\u0259naye kondensasiya n\u0259ml\u0259ndiricil\u0259rin\u0259 bax\u0131n v\u0259 ya \u00e7oxlu t\u0259tbiql\u0259r \u00fc\u00e7\u00fcn uy\u011fun olan tam n\u0259ml\u0259ndiricil\u0259rimiz\u0259 bax\u0131n.","og_url":"https:\/\/climatemaster.ge\/product\/heylo-dt-760-dehumidifiers\/","og_site_name":"Climate Master","article_modified_time":"2025-03-29T07:08:35+00:00","og_image":[{"width":1000,"height":1000,"url":"https:\/\/climatemaster.ge\/wp-content\/uploads\/2025\/03\/Heylo-Luftentfeuchter-DT-760.jpg","type":"image\/jpeg"}],"twitter_card":"summary_large_image","twitter_misc":{"Est. reading time":"1 minute"},"schema":{"@context":"https:\/\/schema.org","@graph":[{"@type":"WebPage","@id":"https:\/\/climatemaster.ge\/product\/heylo-dt-760-dehumidifiers\/","url":"https:\/\/climatemaster.ge\/product\/heylo-dt-760-dehumidifiers\/","name":"Heylo DT 760 - n\u0259ml\u0259ndiricil\u0259r - Climate Master","isPartOf":{"@id":"https:\/\/climatemaster.ge\/#website"},"primaryImageOfPage":{"@id":"https:\/\/climatemaster.ge\/product\/heylo-dt-760-dehumidifiers\/#primaryimage"},"image":{"@id":"https:\/\/climatemaster.ge\/product\/heylo-dt-760-dehumidifiers\/#primaryimage"},"thumbnailUrl":"https:\/\/climatemaster.ge\/wp-content\/uploads\/2025\/03\/Heylo-Luftentfeuchter-DT-760.jpg","datePublished":"2024-01-22T17:07:09+00:00","dateModified":"2025-03-29T07:08:35+00:00","breadcrumb":{"@id":"https:\/\/climatemaster.ge\/product\/heylo-dt-760-dehumidifiers\/#breadcrumb"},"inLanguage":"az","potentialAction":[{"@type":"ReadAction","target":["https:\/\/climatemaster.ge\/product\/heylo-dt-760-dehumidifiers\/"]}]},{"@type":"ImageObject","inLanguage":"az","@id":"https:\/\/climatemaster.ge\/product\/heylo-dt-760-dehumidifiers\/#primaryimage","url":"https:\/\/climatemaster.ge\/wp-content\/uploads\/2025\/03\/Heylo-Luftentfeuchter-DT-760.jpg","contentUrl":"https:\/\/climatemaster.ge\/wp-content\/uploads\/2025\/03\/Heylo-Luftentfeuchter-DT-760.jpg","width":1000,"height":1000},{"@type":"BreadcrumbList","@id":"https:\/\/climatemaster.ge\/product\/heylo-dt-760-dehumidifiers\/#breadcrumb","itemListElement":[{"@type":"ListItem","position":1,"name":"Home","item":"https:\/\/climatemaster.ge\/"},{"@type":"ListItem","position":2,"name":"M\u0259hsullar","item":"https:\/\/climatemaster.ge\/products\/"},{"@type":"ListItem","position":3,"name":"Heylo DT 760 &#8211; n\u0259ml\u0259ndiricil\u0259r"}]},{"@type":"WebSite","@id":"https:\/\/climatemaster.ge\/#website","url":"https:\/\/climatemaster.ge\/","name":"Climate Master","description":"","publisher":{"@id":"https:\/\/climatemaster.ge\/#organization"},"potentialAction":[{"@type":"SearchAction","target":{"@type":"EntryPoint","urlTemplate":"https:\/\/climatemaster.ge\/?s={search_term_string}"},"query-input":{"@type":"PropertyValueSpecification","valueRequired":true,"valueName":"search_term_string"}}],"inLanguage":"az"},{"@type":"Organization","@id":"https:\/\/climatemaster.ge\/#organization","name":"Climate Master","url":"https:\/\/climatemaster.ge\/","logo":{"@type":"ImageObject","inLanguage":"az","@id":"https:\/\/climatemaster.ge\/#\/schema\/logo\/image\/","url":"https:\/\/climatemaster.ge\/wp-content\/uploads\/2026\/03\/Untitled-2.png","contentUrl":"https:\/\/climatemaster.ge\/wp-content\/uploads\/2026\/03\/Untitled-2.png","width":600,"height":338,"caption":"Climate Master"},"image":{"@id":"https:\/\/climatemaster.ge\/#\/schema\/logo\/image\/"}}]}},"_links":{"self":[{"href":"https:\/\/climatemaster.ge\/az\/wp-json\/wp\/v2\/product\/26118","targetHints":{"allow":["GET"]}}],"collection":[{"href":"https:\/\/climatemaster.ge\/az\/wp-json\/wp\/v2\/product"}],"about":[{"href":"https:\/\/climatemaster.ge\/az\/wp-json\/wp\/v2\/types\/product"}],"wp:featuredmedia":[{"embeddable":true,"href":"https:\/\/climatemaster.ge\/az\/wp-json\/wp\/v2\/media\/26113"}],"wp:attachment":[{"href":"https:\/\/climatemaster.ge\/az\/wp-json\/wp\/v2\/media?parent=26118"}],"wp:term":[{"taxonomy":"product_brand","embeddable":true,"href":"https:\/\/climatemaster.ge\/az\/wp-json\/wp\/v2\/product_brand?post=26118"},{"taxonomy":"product_cat","embeddable":true,"href":"https:\/\/climatemaster.ge\/az\/wp-json\/wp\/v2\/product_cat?post=26118"},{"taxonomy":"product_tag","embeddable":true,"href":"https:\/\/climatemaster.ge\/az\/wp-json\/wp\/v2\/product_tag?post=26118"}],"curies":[{"name":"wp","href":"https:\/\/api.w.org\/{rel}","templated":true}]}}