{"id":25884,"date":"2025-03-27T23:16:26","date_gmt":"2025-03-27T19:16:26","guid":{"rendered":"https:\/\/airsystems.ge\/shop\/product\/md200-magnetometer\/"},"modified":"2025-03-27T23:23:12","modified_gmt":"2025-03-27T19:23:12","slug":"md200-magnetometer","status":"publish","type":"product","link":"https:\/\/climatemaster.ge\/az\/product\/md200-magnetometer\/","title":{"rendered":"MD200 Maqnitometr"},"content":{"rendered":"<div class=\"column column-1 col-md-9 v-centered\">\n<div id=\"c2652748\" class=\"csc-default ctype-text\">\n<div class=\"csc-header csc-header-n1\">\n<p>MD200 il\u0259 maqnit sah\u0259si \u00f6l\u00e7m\u0259l\u0259ri vasit\u0259sil\u0259 obyektl\u0259rin yerl\u0259\u015fdirilm\u0259si<\/p>\n<p>MD200 iki h\u0259y\u0259canland\u0131rma sar\u011f\u0131s\u0131 v\u0259 d\u00f6rd q\u0259buledici sar\u011f\u0131 say\u0259sind\u0259 maqnit sah\u0259l\u0259rind\u0259ki d\u0259yi\u015fiklikl\u0259ri \u00f6l\u00e7m\u0259k \u00fc\u00e7\u00fcn m\u00fck\u0259mm\u0259l uy\u011fun g\u0259lir. \u00d6l\u00e7m\u0259 cihaz\u0131 yerin maqnit sah\u0259sinin \u0259n ki\u00e7ik d\u0259yi\u015fiklikl\u0259rin\u0259 y\u00fcks\u0259k h\u0259ssasl\u0131qla reaksiya verir, \u00e7\u00fcnki yerin alt\u0131ndak\u0131 ferromaqnit obyektl\u0259rin t\u0259sirin\u0259 m\u0259ruz qal\u0131r.<\/p>\n<p>MD200 il\u0259 bel\u0259 obyekt\u0259 yax\u0131nla\u015fd\u0131\u011f\u0131n\u0131z zaman cihaz h\u0259m vizual, h\u0259m d\u0259 akustik olaraq artan siqnal\u0131 g\u00f6st\u0259rir.<\/p>\n<p>Daha b\u00f6y\u00fck obyektl\u0259r \u00fc\u00e7\u00fcn \u2013 m\u0259s\u0259l\u0259n, lyuk qapaqlar\u0131 \u2013 obyektin k\u0259narlar\u0131nda maksimum d\u0259y\u0259rl\u0259r yarad\u0131l\u0131r. Maqnitometri yell\u0259y\u0259r\u0259k v\u0259 siqnal\u0131 m\u00fcqayis\u0259 ed\u0259r\u0259k, d\u0259qiq yeri m\u00fc\u0259yy\u0259n etm\u0259k olar.<\/p>\n<\/div>\n<\/div>\n<\/div>\n<div class=\"column column-2 col-md-3 \">\n<p>&nbsp;<\/p>\n<div id=\"c2652747\" class=\"csc-default ctype-image\">\n<div class=\"csc-textpic csc-textpic-center csc-textpic-above\">\n<div class=\"csc-textpic-imagewrap\">\n<div class=\"csc-textpic-center-outer\">\n<div class=\"csc-textpic-center-inner\">\n<div class=\"csc-textpic-image csc-textpic-last\"><img loading=\"lazy\" decoding=\"async\" title=\"MD200 Magnetometer\" src=\"https:\/\/uk.trotec.com\/images\/md200-magnetometer-3c98.jpg\" alt=\"MD200 Magnetometer\" width=\"1400\" height=\"1110\" border=\"0\" \/><\/div>\n<\/div>\n<div>\n<table id=\"t267e5a2d5ed96f\" class=\"tech\" cellspacing=\"0\" cellpadding=\"0\">\n<thead>\n<tr class=\"titlerow\">\n<th class=\"color\" colspan=\"3\">Technical data<\/th>\n<\/tr>\n<\/thead>\n<tbody>\n<tr class=\"headerrow\">\n<th colspan=\"3\">General information<\/th>\n<\/tr>\n<tr class=\"odd\">\n<th width=\"30%\"><\/th>\n<th width=\"30%\">Article number<\/th>\n<td width=\"40%\">3.110.010.010<\/td>\n<\/tr>\n<tr class=\"headerrow\">\n<th colspan=\"3\">Magnetic field<\/th>\n<\/tr>\n<tr class=\"odd\">\n<th width=\"30%\"><\/th>\n<th width=\"30%\">Detection of changing magnetic fields, caused by ferromagnetic metals in the ground<\/th>\n<td width=\"40%\">Up to a depth of 3\u00a0m (depending on the size of the object searched for)<\/td>\n<\/tr>\n<tr class=\"headerrow\">\n<th colspan=\"3\">Power supply<\/th>\n<\/tr>\n<tr class=\"odd\">\n<th width=\"30%\"><\/th>\n<th width=\"30%\">Internal (battery)<\/th>\n<td width=\"40%\">4x 1.5 V, AA<\/td>\n<\/tr>\n<tr class=\"headerrow\">\n<th colspan=\"3\">Device control<\/th>\n<\/tr>\n<tr class=\"odd\">\n<th width=\"30%\"><\/th>\n<th width=\"30%\">Membrane keyboard<\/th>\n<td width=\"40%\"><\/td>\n<\/tr>\n<tr class=\"headerrow\">\n<th colspan=\"3\">Ambient conditions<\/th>\n<\/tr>\n<tr class=\"odd\">\n<th width=\"30%\"><\/th>\n<th width=\"30%\">Operation &#8211; min. temperature [\u00b0C]<\/th>\n<td width=\"40%\">-20<\/td>\n<\/tr>\n<tr class=\"even\">\n<th width=\"30%\"><\/th>\n<th width=\"30%\">Operation &#8211; max. temperature [\u00b0C]<\/th>\n<td width=\"40%\">50<\/td>\n<\/tr>\n<tr class=\"headerrow\">\n<th colspan=\"3\">Display<\/th>\n<\/tr>\n<tr class=\"odd\">\n<th width=\"30%\"><\/th>\n<th width=\"30%\">LCD<\/th>\n<td width=\"40%\"><\/td>\n<\/tr>\n<tr class=\"even\">\n<th width=\"30%\"><\/th>\n<th width=\"30%\">Monochrome<\/th>\n<td width=\"40%\"><\/td>\n<\/tr>\n<tr class=\"headerrow\">\n<th colspan=\"3\">Housing design<\/th>\n<\/tr>\n<tr class=\"odd\">\n<th width=\"30%\"><\/th>\n<th width=\"30%\">Other<\/th>\n<td width=\"40%\">Carbon fibre probe rod<\/td>\n<\/tr>\n<tr class=\"headerrow\">\n<th colspan=\"3\">Operating time<\/th>\n<\/tr>\n<tr class=\"odd\">\n<th width=\"30%\"><\/th>\n<th width=\"30%\">approx. 24\u00a0h<\/th>\n<td width=\"40%\"><\/td>\n<\/tr>\n<tr class=\"headerrow\">\n<th colspan=\"3\">Type of protection<\/th>\n<\/tr>\n<tr class=\"odd\">\n<th width=\"30%\"><\/th>\n<th width=\"30%\">Schutzart Sondenstab<\/th>\n<td width=\"40%\">IP68<\/td>\n<\/tr>\n<tr class=\"even\">\n<th width=\"30%\"><\/th>\n<th width=\"30%\">Schutzart Geh\u00e4use, ausgenommen Batteriefach<\/th>\n<td width=\"40%\">IP64<\/td>\n<\/tr>\n<tr class=\"headerrow\">\n<th colspan=\"3\">Dimensions<\/th>\n<\/tr>\n<tr class=\"odd\">\n<th width=\"30%\"><\/th>\n<th width=\"30%\">Length (packaging excluded) [mm]<\/th>\n<td width=\"40%\">1,115<\/td>\n<\/tr>\n<tr class=\"headerrow\">\n<th colspan=\"3\">Weight<\/th>\n<\/tr>\n<tr class=\"odd\">\n<th width=\"30%\"><\/th>\n<th width=\"30%\">(packaging excluded) [kg]<\/th>\n<td width=\"40%\">0.83<\/td>\n<\/tr>\n<\/tbody>\n<thead>\n<tr class=\"titlerow\">\n<th class=\"color\" colspan=\"3\">Standard scope of delivery<\/th>\n<\/tr>\n<\/thead>\n<tbody>\n<tr class=\"headerrow\">\n<th colspan=\"3\">Standard scope of delivery<\/th>\n<\/tr>\n<tr class=\"odd\">\n<th width=\"30%\"><\/th>\n<th width=\"30%\">Transport bag<\/th>\n<td width=\"40%\"><\/td>\n<\/tr>\n<tr class=\"even\">\n<th width=\"30%\"><\/th>\n<th width=\"30%\">Operating manual<\/th>\n<td width=\"40%\"><\/td>\n<\/tr>\n<\/tbody>\n<thead>\n<tr class=\"titlerow\">\n<th class=\"color\" colspan=\"3\">Ascertainable measured values and functions<\/th>\n<\/tr>\n<\/thead>\n<tbody>\n<tr class=\"headerrow\">\n<th colspan=\"3\">Internal sensors<\/th>\n<\/tr>\n<tr class=\"odd\">\n<th width=\"30%\"><\/th>\n<th width=\"30%\">Detection of ferrous metals<\/th>\n<td width=\"40%\"><\/td>\n<\/tr>\n<tr class=\"even\">\n<th width=\"30%\"><\/th>\n<th width=\"30%\">Detection of changing magnetic fields, caused by ferromagnetic metals in the ground<\/th>\n<td width=\"40%\"><\/td>\n<\/tr>\n<tr class=\"headerrow\">\n<th colspan=\"3\">Functions and features<\/th>\n<\/tr>\n<tr class=\"odd\">\n<th width=\"30%\"><\/th>\n<th width=\"30%\">Audiovisual alarm upon detection of alternating current<\/th>\n<td width=\"40%\"><\/td>\n<\/tr>\n<tr class=\"even\">\n<th width=\"30%\"><\/th>\n<th width=\"30%\">Indication of signal strength<\/th>\n<td width=\"40%\"><\/td>\n<\/tr>\n<tr class=\"odd\">\n<th width=\"30%\"><\/th>\n<th width=\"30%\">Manually adjustable sensitivity level<\/th>\n<td width=\"40%\"><\/td>\n<\/tr>\n<tr class=\"even\">\n<th width=\"30%\"><\/th>\n<th width=\"30%\">Adjustable display background illumination<\/th>\n<td width=\"40%\"><\/td>\n<\/tr>\n<tr class=\"odd\">\n<th width=\"30%\"><\/th>\n<th width=\"30%\">Variable volume control<\/th>\n<td width=\"40%\"><\/td>\n<\/tr>\n<tr class=\"even\">\n<th width=\"30%\"><\/th>\n<th width=\"30%\">180 \u00b0 display image inverter<\/th>\n<td width=\"40%\"><\/td>\n<\/tr>\n<tr class=\"odd\">\n<th width=\"30%\"><\/th>\n<th width=\"30%\">Erase function<\/th>\n<td width=\"40%\"><\/td>\n<\/tr>\n<tr class=\"even\">\n<th width=\"30%\"><\/th>\n<th width=\"30%\">Waterproof carbon fibre probe rod<\/th>\n<td width=\"40%\"><\/td>\n<\/tr>\n<tr class=\"odd\">\n<th width=\"30%\"><\/th>\n<th width=\"30%\">Dual field strength indication &#8211; optical and acoustic<\/th>\n<td width=\"40%\"><\/td>\n<\/tr>\n<tr class=\"even\">\n<th width=\"30%\"><\/th>\n<th width=\"30%\">Maximum value display of the magnetic signal<\/th>\n<td width=\"40%\"><\/td>\n<\/tr>\n<\/tbody>\n<\/table>\n<\/div>\n<\/div>\n<\/div>\n<\/div>\n<\/div>\n<\/div>\n","protected":false},"excerpt":{"rendered":"<p>Yeralt\u0131 hidrantlar\u0131n, qapaql\u0131 klapan qapaqlar\u0131n\u0131n v\u0259 \u00e7ubuqlar\u0131n v\u0259 ya lyuk qapaqlar\u0131n\u0131n tez, etibarl\u0131 yerl\u0259\u015fdirilm\u0259si<\/p>\n<p>MD200 \u00f6rt\u00fcl\u00fc ferromaqnit metallar\u0131n &#8211; m\u0259s\u0259l\u0259n, klapan qapaqlar\u0131 v\u0259 \u00e7ubuqlar\u0131, hidrantlar, metal lyuk v\u0259 \u00e7\u0259n qapaqlar\u0131, el\u0259c\u0259 d\u0259 torpaq, yol s\u0259thi, qar v\u0259 ya su il\u0259 \u00f6rt\u00fclm\u00fc\u015f marker mismarlar\u0131 v\u0259 ya maqnitl\u0259ri tapmaq \u00fc\u00e7\u00fcn m\u00fck\u0259mm\u0259l uy\u011fun g\u0259lir.<\/p>\n<p>MultiMeasure Professional seriyas\u0131n\u0131n bu asanl\u0131qla saxlan\u0131lan maqnitometri il\u0259 q\u0131sa bir tan\u0131\u015fl\u0131q m\u00fcdd\u0259tind\u0259n sonra siz art\u0131q kompleks \u00f6l\u00e7m\u0259 v\u0259 qaz\u0131nt\u0131ya ehtiyac olmadan \u00f6rt\u00fcl\u00fc obyektl\u0259rin yerini tez v\u0259 yorulmadan t\u0259yin ed\u0259 bil\u0259c\u0259ksiniz.<\/p>\n<p>MD200 &#8211; Su v\u0259 qaz t\u0259chizat\u0131 \u015f\u0259b\u0259k\u0259l\u0259rind\u0259 \u00f6rt\u00fclm\u00fc\u015f ferromaqnit obyektl\u0259rin s\u0259m\u0259r\u0259li yerl\u0259\u015fdirilm\u0259si \u00fc\u00e7\u00fcn m\u00fck\u0259mm\u0259l detektor<\/p>\n<p>MultiMeasure Professional seriyas\u0131ndan olan bu maqnitometrin m\u00f6hk\u0259m i\u015fl\u0259nm\u0259si, erqonomik dizayn\u0131, y\u00fcks\u0259k \u00f6l\u00e7m\u0259 d\u0259qiqliyi v\u0259 bir \u00e7ox m\u00fcr\u0259kk\u0259b funksional detallar\u0131ndan faydalan\u0131n.<\/p>\n<p>MD200 i\u015f\u0259 sal\u0131nd\u0131qdan bir ne\u00e7\u0259 saniy\u0259 sonra i\u015f\u0259 haz\u0131rd\u0131r. Dayan\u0131ql\u0131 ABS konstruksiyas\u0131, kir v\u0259 suya davaml\u0131 membran klaviaturas\u0131, el\u0259c\u0259 d\u0259 y\u00fcng\u00fcl, epoksi \u00f6rt\u00fckl\u00fc al\u00fcminiumdan haz\u0131rlanm\u0131\u015f suya davaml\u0131 zond \u00e7ubu\u011fu say\u0259sind\u0259 siz bu \u00f6l\u00e7m\u0259 cihaz\u0131n\u0131 \u0259n \u00e7\u0259tin \u015f\u0259raitd\u0259 bel\u0259 istifad\u0259 ed\u0259 bil\u0259rsiniz.<\/p>\n<p>Alovlu istilik, ac\u0131 soyuq, su alt\u0131nda v\u0259 ya qarda \u2013 MD200 x\u00fcsusil\u0259 bu m\u00fchitl\u0259r \u00fc\u00e7\u00fcn n\u0259z\u0259rd\u0259 tutulmu\u015fdur v\u0259 h\u0259r bir v\u0259ziyy\u0259td\u0259 y\u00fcks\u0259k d\u0259qiqlikli yerl\u0259\u015fdirm\u0259 n\u0259tic\u0259l\u0259rini t\u0259min edir.<\/p>\n<p>MD200 \u00fc\u00e7 metr d\u0259rinlikd\u0259 ferromaqnit obyektl\u0259ri t\u0259hl\u00fck\u0259siz \u015f\u0259kild\u0259 yerl\u0259\u015fdir\u0259 v\u0259 asanl\u0131qla oxunan, arxa i\u015f\u0131ql\u0131 displeyd\u0259 yax\u0131nl\u0131\u011f\u0131 r\u0259q\u0259m v\u0259 qrafa \u015f\u0259klind\u0259 g\u00f6st\u0259r\u0259 bil\u0259r. Bundan \u0259lav\u0259, qura\u015fd\u0131r\u0131lm\u0131\u015f dinamikd\u0259n siqnal g\u00fcc\u00fc artd\u0131qca daha y\u00fcks\u0259k s\u0259s siqnal\u0131 verilir.<\/p>\n","protected":false},"featured_media":25849,"template":"","meta":[],"product_brand":[],"product_cat":[809,841,1166,820],"product_tag":[],"class_list":{"0":"post-25884","1":"product","2":"type-product","3":"status-publish","4":"has-post-thumbnail","6":"product_cat-hava-nmlndiricisi-kondisioner-az-ventilyasiya-ventilyator","7":"product_cat-location-and-detection-az","8":"product_cat-measurement-technology-az","9":"product_cat-olcm-texnologiyasi-cihazlari-altlri-az","11":"first","12":"instock","13":"sale","14":"shipping-taxable","15":"purchasable","16":"product-type-simple"},"yoast_head":"<!-- This site is optimized with the Yoast SEO plugin v27.1.1 - https:\/\/yoast.com\/product\/yoast-seo-wordpress\/ -->\n<title>MD200 Maqnitometr - Climate Master<\/title>\n<meta name=\"robots\" content=\"index, follow, max-snippet:-1, max-image-preview:large, max-video-preview:-1\" \/>\n<link rel=\"canonical\" href=\"https:\/\/climatemaster.ge\/az\/product\/md200-magnetometer\/\" \/>\n<meta property=\"og:locale\" content=\"az_AZ\" \/>\n<meta property=\"og:type\" content=\"article\" \/>\n<meta property=\"og:title\" content=\"MD200 Maqnitometr - Climate Master\" \/>\n<meta property=\"og:description\" content=\"Yeralt\u0131 hidrantlar\u0131n, qapaql\u0131 klapan qapaqlar\u0131n\u0131n v\u0259 \u00e7ubuqlar\u0131n v\u0259 ya lyuk qapaqlar\u0131n\u0131n tez, etibarl\u0131 yerl\u0259\u015fdirilm\u0259si  MD200 \u00f6rt\u00fcl\u00fc ferromaqnit metallar\u0131n - m\u0259s\u0259l\u0259n, klapan qapaqlar\u0131 v\u0259 \u00e7ubuqlar\u0131, hidrantlar, metal lyuk v\u0259 \u00e7\u0259n qapaqlar\u0131, el\u0259c\u0259 d\u0259 torpaq, yol s\u0259thi, qar v\u0259 ya su il\u0259 \u00f6rt\u00fclm\u00fc\u015f marker mismarlar\u0131 v\u0259 ya maqnitl\u0259ri tapmaq \u00fc\u00e7\u00fcn m\u00fck\u0259mm\u0259l uy\u011fun g\u0259lir.  MultiMeasure Professional seriyas\u0131n\u0131n bu asanl\u0131qla saxlan\u0131lan maqnitometri il\u0259 q\u0131sa bir tan\u0131\u015fl\u0131q m\u00fcdd\u0259tind\u0259n sonra siz art\u0131q kompleks \u00f6l\u00e7m\u0259 v\u0259 qaz\u0131nt\u0131ya ehtiyac olmadan \u00f6rt\u00fcl\u00fc obyektl\u0259rin yerini tez v\u0259 yorulmadan t\u0259yin ed\u0259 bil\u0259c\u0259ksiniz.  MD200 - Su v\u0259 qaz t\u0259chizat\u0131 \u015f\u0259b\u0259k\u0259l\u0259rind\u0259 \u00f6rt\u00fclm\u00fc\u015f ferromaqnit obyektl\u0259rin s\u0259m\u0259r\u0259li yerl\u0259\u015fdirilm\u0259si \u00fc\u00e7\u00fcn m\u00fck\u0259mm\u0259l detektor  MultiMeasure Professional seriyas\u0131ndan olan bu maqnitometrin m\u00f6hk\u0259m i\u015fl\u0259nm\u0259si, erqonomik dizayn\u0131, y\u00fcks\u0259k \u00f6l\u00e7m\u0259 d\u0259qiqliyi v\u0259 bir \u00e7ox m\u00fcr\u0259kk\u0259b funksional detallar\u0131ndan faydalan\u0131n.  MD200 i\u015f\u0259 sal\u0131nd\u0131qdan bir ne\u00e7\u0259 saniy\u0259 sonra i\u015f\u0259 haz\u0131rd\u0131r. Dayan\u0131ql\u0131 ABS konstruksiyas\u0131, kir v\u0259 suya davaml\u0131 membran klaviaturas\u0131, el\u0259c\u0259 d\u0259 y\u00fcng\u00fcl, epoksi \u00f6rt\u00fckl\u00fc al\u00fcminiumdan haz\u0131rlanm\u0131\u015f suya davaml\u0131 zond \u00e7ubu\u011fu say\u0259sind\u0259 siz bu \u00f6l\u00e7m\u0259 cihaz\u0131n\u0131 \u0259n \u00e7\u0259tin \u015f\u0259raitd\u0259 bel\u0259 istifad\u0259 ed\u0259 bil\u0259rsiniz.  Alovlu istilik, ac\u0131 soyuq, su alt\u0131nda v\u0259 ya qarda \u2013 MD200 x\u00fcsusil\u0259 bu m\u00fchitl\u0259r \u00fc\u00e7\u00fcn n\u0259z\u0259rd\u0259 tutulmu\u015fdur v\u0259 h\u0259r bir v\u0259ziyy\u0259td\u0259 y\u00fcks\u0259k d\u0259qiqlikli yerl\u0259\u015fdirm\u0259 n\u0259tic\u0259l\u0259rini t\u0259min edir.  MD200 \u00fc\u00e7 metr d\u0259rinlikd\u0259 ferromaqnit obyektl\u0259ri t\u0259hl\u00fck\u0259siz \u015f\u0259kild\u0259 yerl\u0259\u015fdir\u0259 v\u0259 asanl\u0131qla oxunan, arxa i\u015f\u0131ql\u0131 displeyd\u0259 yax\u0131nl\u0131\u011f\u0131 r\u0259q\u0259m v\u0259 qrafa \u015f\u0259klind\u0259 g\u00f6st\u0259r\u0259 bil\u0259r. Bundan \u0259lav\u0259, qura\u015fd\u0131r\u0131lm\u0131\u015f dinamikd\u0259n siqnal g\u00fcc\u00fc artd\u0131qca daha y\u00fcks\u0259k s\u0259s siqnal\u0131 verilir.\" \/>\n<meta property=\"og:url\" content=\"https:\/\/climatemaster.ge\/az\/product\/md200-magnetometer\/\" \/>\n<meta property=\"og:site_name\" content=\"Climate Master\" \/>\n<meta property=\"article:modified_time\" content=\"2025-03-27T19:23:12+00:00\" \/>\n<meta property=\"og:image\" content=\"https:\/\/climatemaster.ge\/wp-content\/uploads\/2025\/03\/trotec-md200-500x445-1.jpg\" \/>\n\t<meta property=\"og:image:width\" content=\"500\" \/>\n\t<meta property=\"og:image:height\" content=\"445\" \/>\n\t<meta property=\"og:image:type\" content=\"image\/jpeg\" \/>\n<meta name=\"twitter:card\" content=\"summary_large_image\" \/>\n<meta name=\"twitter:label1\" content=\"Est. reading time\" \/>\n\t<meta name=\"twitter:data1\" content=\"2 minutes\" \/>\n<script type=\"application\/ld+json\" class=\"yoast-schema-graph\">{\"@context\":\"https:\/\/schema.org\",\"@graph\":[{\"@type\":\"WebPage\",\"@id\":\"https:\/\/climatemaster.ge\/az\/product\/md200-magnetometer\/\",\"url\":\"https:\/\/climatemaster.ge\/az\/product\/md200-magnetometer\/\",\"name\":\"MD200 Maqnitometr - Climate Master\",\"isPartOf\":{\"@id\":\"https:\/\/climatemaster.ge\/#website\"},\"primaryImageOfPage\":{\"@id\":\"https:\/\/climatemaster.ge\/az\/product\/md200-magnetometer\/#primaryimage\"},\"image\":{\"@id\":\"https:\/\/climatemaster.ge\/az\/product\/md200-magnetometer\/#primaryimage\"},\"thumbnailUrl\":\"https:\/\/climatemaster.ge\/wp-content\/uploads\/2025\/03\/trotec-md200-500x445-1.jpg\",\"datePublished\":\"2025-03-27T19:16:26+00:00\",\"dateModified\":\"2025-03-27T19:23:12+00:00\",\"breadcrumb\":{\"@id\":\"https:\/\/climatemaster.ge\/az\/product\/md200-magnetometer\/#breadcrumb\"},\"inLanguage\":\"az\",\"potentialAction\":[{\"@type\":\"ReadAction\",\"target\":[\"https:\/\/climatemaster.ge\/az\/product\/md200-magnetometer\/\"]}]},{\"@type\":\"ImageObject\",\"inLanguage\":\"az\",\"@id\":\"https:\/\/climatemaster.ge\/az\/product\/md200-magnetometer\/#primaryimage\",\"url\":\"https:\/\/climatemaster.ge\/wp-content\/uploads\/2025\/03\/trotec-md200-500x445-1.jpg\",\"contentUrl\":\"https:\/\/climatemaster.ge\/wp-content\/uploads\/2025\/03\/trotec-md200-500x445-1.jpg\",\"width\":500,\"height\":445},{\"@type\":\"BreadcrumbList\",\"@id\":\"https:\/\/climatemaster.ge\/az\/product\/md200-magnetometer\/#breadcrumb\",\"itemListElement\":[{\"@type\":\"ListItem\",\"position\":1,\"name\":\"Home\",\"item\":\"https:\/\/climatemaster.ge\/\"},{\"@type\":\"ListItem\",\"position\":2,\"name\":\"M\u0259hsullar\",\"item\":\"https:\/\/climatemaster.ge\/products\/\"},{\"@type\":\"ListItem\",\"position\":3,\"name\":\"MD200 Maqnitometr\"}]},{\"@type\":\"WebSite\",\"@id\":\"https:\/\/climatemaster.ge\/#website\",\"url\":\"https:\/\/climatemaster.ge\/\",\"name\":\"Climate Master\",\"description\":\"\",\"publisher\":{\"@id\":\"https:\/\/climatemaster.ge\/#organization\"},\"potentialAction\":[{\"@type\":\"SearchAction\",\"target\":{\"@type\":\"EntryPoint\",\"urlTemplate\":\"https:\/\/climatemaster.ge\/?s={search_term_string}\"},\"query-input\":{\"@type\":\"PropertyValueSpecification\",\"valueRequired\":true,\"valueName\":\"search_term_string\"}}],\"inLanguage\":\"az\"},{\"@type\":\"Organization\",\"@id\":\"https:\/\/climatemaster.ge\/#organization\",\"name\":\"Climate Master\",\"url\":\"https:\/\/climatemaster.ge\/\",\"logo\":{\"@type\":\"ImageObject\",\"inLanguage\":\"az\",\"@id\":\"https:\/\/climatemaster.ge\/#\/schema\/logo\/image\/\",\"url\":\"https:\/\/climatemaster.ge\/wp-content\/uploads\/2026\/03\/Untitled-2.png\",\"contentUrl\":\"https:\/\/climatemaster.ge\/wp-content\/uploads\/2026\/03\/Untitled-2.png\",\"width\":600,\"height\":338,\"caption\":\"Climate Master\"},\"image\":{\"@id\":\"https:\/\/climatemaster.ge\/#\/schema\/logo\/image\/\"}}]}<\/script>\n<!-- \/ Yoast SEO plugin. -->","yoast_head_json":{"title":"MD200 Maqnitometr - Climate Master","robots":{"index":"index","follow":"follow","max-snippet":"max-snippet:-1","max-image-preview":"max-image-preview:large","max-video-preview":"max-video-preview:-1"},"canonical":"https:\/\/climatemaster.ge\/az\/product\/md200-magnetometer\/","og_locale":"az_AZ","og_type":"article","og_title":"MD200 Maqnitometr - Climate Master","og_description":"Yeralt\u0131 hidrantlar\u0131n, qapaql\u0131 klapan qapaqlar\u0131n\u0131n v\u0259 \u00e7ubuqlar\u0131n v\u0259 ya lyuk qapaqlar\u0131n\u0131n tez, etibarl\u0131 yerl\u0259\u015fdirilm\u0259si  MD200 \u00f6rt\u00fcl\u00fc ferromaqnit metallar\u0131n - m\u0259s\u0259l\u0259n, klapan qapaqlar\u0131 v\u0259 \u00e7ubuqlar\u0131, hidrantlar, metal lyuk v\u0259 \u00e7\u0259n qapaqlar\u0131, el\u0259c\u0259 d\u0259 torpaq, yol s\u0259thi, qar v\u0259 ya su il\u0259 \u00f6rt\u00fclm\u00fc\u015f marker mismarlar\u0131 v\u0259 ya maqnitl\u0259ri tapmaq \u00fc\u00e7\u00fcn m\u00fck\u0259mm\u0259l uy\u011fun g\u0259lir.  MultiMeasure Professional seriyas\u0131n\u0131n bu asanl\u0131qla saxlan\u0131lan maqnitometri il\u0259 q\u0131sa bir tan\u0131\u015fl\u0131q m\u00fcdd\u0259tind\u0259n sonra siz art\u0131q kompleks \u00f6l\u00e7m\u0259 v\u0259 qaz\u0131nt\u0131ya ehtiyac olmadan \u00f6rt\u00fcl\u00fc obyektl\u0259rin yerini tez v\u0259 yorulmadan t\u0259yin ed\u0259 bil\u0259c\u0259ksiniz.  MD200 - Su v\u0259 qaz t\u0259chizat\u0131 \u015f\u0259b\u0259k\u0259l\u0259rind\u0259 \u00f6rt\u00fclm\u00fc\u015f ferromaqnit obyektl\u0259rin s\u0259m\u0259r\u0259li yerl\u0259\u015fdirilm\u0259si \u00fc\u00e7\u00fcn m\u00fck\u0259mm\u0259l detektor  MultiMeasure Professional seriyas\u0131ndan olan bu maqnitometrin m\u00f6hk\u0259m i\u015fl\u0259nm\u0259si, erqonomik dizayn\u0131, y\u00fcks\u0259k \u00f6l\u00e7m\u0259 d\u0259qiqliyi v\u0259 bir \u00e7ox m\u00fcr\u0259kk\u0259b funksional detallar\u0131ndan faydalan\u0131n.  MD200 i\u015f\u0259 sal\u0131nd\u0131qdan bir ne\u00e7\u0259 saniy\u0259 sonra i\u015f\u0259 haz\u0131rd\u0131r. Dayan\u0131ql\u0131 ABS konstruksiyas\u0131, kir v\u0259 suya davaml\u0131 membran klaviaturas\u0131, el\u0259c\u0259 d\u0259 y\u00fcng\u00fcl, epoksi \u00f6rt\u00fckl\u00fc al\u00fcminiumdan haz\u0131rlanm\u0131\u015f suya davaml\u0131 zond \u00e7ubu\u011fu say\u0259sind\u0259 siz bu \u00f6l\u00e7m\u0259 cihaz\u0131n\u0131 \u0259n \u00e7\u0259tin \u015f\u0259raitd\u0259 bel\u0259 istifad\u0259 ed\u0259 bil\u0259rsiniz.  Alovlu istilik, ac\u0131 soyuq, su alt\u0131nda v\u0259 ya qarda \u2013 MD200 x\u00fcsusil\u0259 bu m\u00fchitl\u0259r \u00fc\u00e7\u00fcn n\u0259z\u0259rd\u0259 tutulmu\u015fdur v\u0259 h\u0259r bir v\u0259ziyy\u0259td\u0259 y\u00fcks\u0259k d\u0259qiqlikli yerl\u0259\u015fdirm\u0259 n\u0259tic\u0259l\u0259rini t\u0259min edir.  MD200 \u00fc\u00e7 metr d\u0259rinlikd\u0259 ferromaqnit obyektl\u0259ri t\u0259hl\u00fck\u0259siz \u015f\u0259kild\u0259 yerl\u0259\u015fdir\u0259 v\u0259 asanl\u0131qla oxunan, arxa i\u015f\u0131ql\u0131 displeyd\u0259 yax\u0131nl\u0131\u011f\u0131 r\u0259q\u0259m v\u0259 qrafa \u015f\u0259klind\u0259 g\u00f6st\u0259r\u0259 bil\u0259r. Bundan \u0259lav\u0259, qura\u015fd\u0131r\u0131lm\u0131\u015f dinamikd\u0259n siqnal g\u00fcc\u00fc artd\u0131qca daha y\u00fcks\u0259k s\u0259s siqnal\u0131 verilir.","og_url":"https:\/\/climatemaster.ge\/az\/product\/md200-magnetometer\/","og_site_name":"Climate Master","article_modified_time":"2025-03-27T19:23:12+00:00","og_image":[{"width":500,"height":445,"url":"https:\/\/climatemaster.ge\/wp-content\/uploads\/2025\/03\/trotec-md200-500x445-1.jpg","type":"image\/jpeg"}],"twitter_card":"summary_large_image","twitter_misc":{"Est. reading time":"2 minutes"},"schema":{"@context":"https:\/\/schema.org","@graph":[{"@type":"WebPage","@id":"https:\/\/climatemaster.ge\/az\/product\/md200-magnetometer\/","url":"https:\/\/climatemaster.ge\/az\/product\/md200-magnetometer\/","name":"MD200 Maqnitometr - Climate Master","isPartOf":{"@id":"https:\/\/climatemaster.ge\/#website"},"primaryImageOfPage":{"@id":"https:\/\/climatemaster.ge\/az\/product\/md200-magnetometer\/#primaryimage"},"image":{"@id":"https:\/\/climatemaster.ge\/az\/product\/md200-magnetometer\/#primaryimage"},"thumbnailUrl":"https:\/\/climatemaster.ge\/wp-content\/uploads\/2025\/03\/trotec-md200-500x445-1.jpg","datePublished":"2025-03-27T19:16:26+00:00","dateModified":"2025-03-27T19:23:12+00:00","breadcrumb":{"@id":"https:\/\/climatemaster.ge\/az\/product\/md200-magnetometer\/#breadcrumb"},"inLanguage":"az","potentialAction":[{"@type":"ReadAction","target":["https:\/\/climatemaster.ge\/az\/product\/md200-magnetometer\/"]}]},{"@type":"ImageObject","inLanguage":"az","@id":"https:\/\/climatemaster.ge\/az\/product\/md200-magnetometer\/#primaryimage","url":"https:\/\/climatemaster.ge\/wp-content\/uploads\/2025\/03\/trotec-md200-500x445-1.jpg","contentUrl":"https:\/\/climatemaster.ge\/wp-content\/uploads\/2025\/03\/trotec-md200-500x445-1.jpg","width":500,"height":445},{"@type":"BreadcrumbList","@id":"https:\/\/climatemaster.ge\/az\/product\/md200-magnetometer\/#breadcrumb","itemListElement":[{"@type":"ListItem","position":1,"name":"Home","item":"https:\/\/climatemaster.ge\/"},{"@type":"ListItem","position":2,"name":"M\u0259hsullar","item":"https:\/\/climatemaster.ge\/products\/"},{"@type":"ListItem","position":3,"name":"MD200 Maqnitometr"}]},{"@type":"WebSite","@id":"https:\/\/climatemaster.ge\/#website","url":"https:\/\/climatemaster.ge\/","name":"Climate Master","description":"","publisher":{"@id":"https:\/\/climatemaster.ge\/#organization"},"potentialAction":[{"@type":"SearchAction","target":{"@type":"EntryPoint","urlTemplate":"https:\/\/climatemaster.ge\/?s={search_term_string}"},"query-input":{"@type":"PropertyValueSpecification","valueRequired":true,"valueName":"search_term_string"}}],"inLanguage":"az"},{"@type":"Organization","@id":"https:\/\/climatemaster.ge\/#organization","name":"Climate Master","url":"https:\/\/climatemaster.ge\/","logo":{"@type":"ImageObject","inLanguage":"az","@id":"https:\/\/climatemaster.ge\/#\/schema\/logo\/image\/","url":"https:\/\/climatemaster.ge\/wp-content\/uploads\/2026\/03\/Untitled-2.png","contentUrl":"https:\/\/climatemaster.ge\/wp-content\/uploads\/2026\/03\/Untitled-2.png","width":600,"height":338,"caption":"Climate Master"},"image":{"@id":"https:\/\/climatemaster.ge\/#\/schema\/logo\/image\/"}}]}},"_links":{"self":[{"href":"https:\/\/climatemaster.ge\/az\/wp-json\/wp\/v2\/product\/25884","targetHints":{"allow":["GET"]}}],"collection":[{"href":"https:\/\/climatemaster.ge\/az\/wp-json\/wp\/v2\/product"}],"about":[{"href":"https:\/\/climatemaster.ge\/az\/wp-json\/wp\/v2\/types\/product"}],"wp:featuredmedia":[{"embeddable":true,"href":"https:\/\/climatemaster.ge\/az\/wp-json\/wp\/v2\/media\/25849"}],"wp:attachment":[{"href":"https:\/\/climatemaster.ge\/az\/wp-json\/wp\/v2\/media?parent=25884"}],"wp:term":[{"taxonomy":"product_brand","embeddable":true,"href":"https:\/\/climatemaster.ge\/az\/wp-json\/wp\/v2\/product_brand?post=25884"},{"taxonomy":"product_cat","embeddable":true,"href":"https:\/\/climatemaster.ge\/az\/wp-json\/wp\/v2\/product_cat?post=25884"},{"taxonomy":"product_tag","embeddable":true,"href":"https:\/\/climatemaster.ge\/az\/wp-json\/wp\/v2\/product_tag?post=25884"}],"curies":[{"name":"wp","href":"https:\/\/api.w.org\/{rel}","templated":true}]}}