{"id":25693,"date":"2025-03-27T12:45:31","date_gmt":"2025-03-27T08:45:31","guid":{"rendered":"https:\/\/airsystems.ge\/shop\/product\/system-design\/"},"modified":"2025-03-27T12:57:23","modified_gmt":"2025-03-27T08:57:23","slug":"system-design","status":"publish","type":"product","link":"https:\/\/climatemaster.ge\/az\/product\/system-design\/","title":{"rendered":"S\u0130STEM D\u0130ZAYN\u0130"},"content":{"rendered":"<section id=\"comp-lqc6ijoc2\" class=\"Oqnisf comp-lqc6ijoc2 wixui-section\" tabindex=\"-1\" data-block-level-container=\"ClassicSection\">\n<div class=\"\" data-mesh-id=\"comp-lqc6ijoc2inlineContent\" data-testid=\"inline-content\">\n<div data-mesh-id=\"comp-lqc6ijoc2inlineContent-gridContainer\" data-testid=\"mesh-container-content\">\n<section id=\"comp-k2udj2gv\" class=\"comp-k2udj2gv CohWsy wixui-column-strip\">\n<div class=\"V5AUxf\" data-testid=\"columns\">\n<div id=\"comp-k2udj2gw\" class=\"comp-k2udj2gw YzqVVZ wixui-column-strip__column\">\n<div class=\"\" data-mesh-id=\"comp-k2udj2gwinlineContent\" data-testid=\"inline-content\">\n<div data-mesh-id=\"comp-k2udj2gwinlineContent-gridContainer\" data-testid=\"mesh-container-content\">\n<div id=\"comp-k2udj2gw1\" class=\"HcOXKn SxM0TO QxJLC3 lq2cno YQcXTT comp-k2udj2gw1 wixui-rich-text\" data-testid=\"richTextElement\">\n<p>VENTILYASYON S\u0130STEM\u0130N\u0130N YANLI\u015e LAY\u0130H\u018fS\u0130<br \/>\n\u2013 T\u018fS\u0130RLER\u0130 N\u018fD\u0130R?<\/p>\n<p>1. HAVA AKIMININ YANLI\u015e SE\u00c7\u0130M\u0130<br \/>\n\u00c7ox a\u015fa\u011f\u0131 hava ax\u0131n\u0131 partlayan dumanlar\u0131 ventilyasiya etm\u0259k \u00fc\u00e7\u00fcn daha uzun m\u00fcdd\u0259t\u0259 s\u0259b\u0259b olur ki, bu da tunelin s\u00fcr\u0259tinin azalmas\u0131na s\u0259b\u0259b olur. \u018fg\u0259r hava ax\u0131n\u0131 t\u0259l\u0259b olunandan y\u00fcks\u0259kdirs\u0259, bu, fanatlar\u0131n daha y\u00fcks\u0259k investisiya x\u0259rcl\u0259rin\u0259 v\u0259 daha y\u00fcks\u0259k istismar x\u0259rcl\u0259rin\u0259 s\u0259b\u0259b olur.<\/p>\n<p>2. YANLI\u015e KANAL \u00c7API<br \/>\nKanal\u0131n diametri hava ax\u0131n\u0131n\u0131n s\u00fcr\u0259tini v\u0259 kanal\u0131n i\u00e7\u0259risind\u0259ki t\u0259zyiqi m\u00fc\u0259yy\u0259nl\u0259\u015fdirir. Kanal t\u0259zyiqi fanatlar\u0131n say\u0131n\u0131 v\u0259\/v\u0259 ya ventilyatorlar\u0131n kVt g\u00fcc\u00fcn\u00fc v\u0259 fanatlar\u0131n g\u00fcc y\u00fck\u00fcn\u00fc m\u00fc\u0259yy\u0259n edir. G\u00fcc y\u00fck\u00fc fanatlar\u0131 i\u015f\u0259 salmaq \u00fc\u00e7\u00fcn enerji x\u0259rcl\u0259ri il\u0259 birba\u015fa m\u00fct\u0259nasibdir.<\/p>\n<p>3. YANLI\u015e FAN<br \/>\nFan, hesablanm\u0131\u015f kanal t\u0259zyiqin\u0259 v\u0259 hava ax\u0131n\u0131na uy\u011fun olaraq tutumu qar\u015f\u0131lamaq \u00fc\u00e7\u00fcn se\u00e7ilm\u0259lidir. \u00c7ox a\u015fa\u011f\u0131 hava ax\u0131n\u0131 layih\u0259 \u00fc\u00e7\u00fcn daha az m\u0259nf\u0259\u0259tl\u0259 n\u0259tic\u0259l\u0259n\u0259n s\u0259m\u0259r\u0259li tunelin olmamas\u0131 dem\u0259kdir. \u00c7ox y\u00fcks\u0259k hava ax\u0131n\u0131 enerji x\u0259rcl\u0259rini art\u0131ran daha y\u00fcks\u0259k kanal t\u0259zyiqin\u0259 s\u0259b\u0259b olur.<\/p>\n<p>4. KANAL s\u0131zmas\u0131<br \/>\nPortal ventilyator stansiyas\u0131 t\u0259r\u0259find\u0259n \u00e7atd\u0131r\u0131lan t\u0259l\u0259b olunan hava ax\u0131n\u0131 tunel c\u0259bh\u0259sin\u0259 \u00e7atd\u0131r\u0131lan t\u0259l\u0259b olunan hava ax\u0131n\u0131 il\u0259 ba\u011fl\u0131 hesablanark\u0259n, h\u0259mi\u015f\u0259 kanal s\u0131zmas\u0131 n\u0259z\u0259rd\u0259 tutulmal\u0131d\u0131r. S\u0131zma, h\u0259r bir kanal hiss\u0259sinin birl\u0259\u015fm\u0259l\u0259rinin n\u0259 q\u0259d\u0259r yax\u015f\u0131 dizayn edildiyind\u0259n, kanal\u0131n keyfiyy\u0259tind\u0259n v\u0259 z\u0259d\u0259l\u0259rin n\u0259 q\u0259d\u0259r yax\u015f\u0131 t\u0259mir olundu\u011fundan as\u0131l\u0131d\u0131r.<\/p>\n<p>5. HAVA AKI\u015eINA N\u018fZAR\u018fT YOXDUR<br \/>\nNormalda, partlay\u0131\u015fdan sonra t\u00fcst\u00fcl\u0259ri ventilyasiya ed\u0259rk\u0259n v\u0259 buxarlama apar\u0131lark\u0259n maksimum hava ax\u0131n\u0131 t\u0259l\u0259b olunur. Azald\u0131lm\u0131\u015f hava ax\u0131n\u0131 ad\u0259t\u0259n qazma, miqyaslama, doldurma kimi i\u015fl\u0259r zaman\u0131 q\u0259bul edil\u0259 bil\u0259r. Tezlik \u00e7eviricil\u0259ri il\u0259, hans\u0131 tunel i\u015fl\u0259rinin apar\u0131lmas\u0131ndan as\u0131l\u0131 olaraq fan s\u00fcr\u0259ti\/hava ax\u0131n\u0131 idar\u0259 olunarsa v\u0259 t\u0259nziml\u0259n\u0259rs\u0259, b\u00f6y\u00fck enerji x\u0259rcl\u0259rin\u0259 q\u0259na\u0259t etm\u0259k m\u00fcmk\u00fcnd\u00fcr.<\/p>\n<\/div>\n<section id=\"comp-k2udj2gx13\" class=\"comp-k2udj2gx13 CohWsy wixui-column-strip\">\n<div class=\"V5AUxf\" data-testid=\"columns\">\n<div id=\"comp-k2udj2gx17\" class=\"comp-k2udj2gx17 YzqVVZ wixui-column-strip__column\">\n<div id=\"bgLayers_comp-k2udj2gx17\" class=\"MW5IWV\" data-hook=\"bgLayers\" data-motion-part=\"BG_LAYER comp-k2udj2gx17\">\n<div id=\"bgMedia_comp-k2udj2gx17\" class=\"VgO9Yg\" data-motion-part=\"BG_MEDIA comp-k2udj2gx17\"><\/div>\n<\/div>\n<\/div>\n<\/div>\n<\/section>\n<\/div>\n<\/div>\n<\/div>\n<\/div>\n<\/section>\n<\/div>\n<\/div>\n<\/section>\n<section id=\"comp-lqc6ijoc3\" class=\"Oqnisf comp-lqc6ijoc3 wixui-section\" tabindex=\"-1\" data-block-level-container=\"ClassicSection\">\n<div class=\"\" data-mesh-id=\"comp-lqc6ijoc3inlineContent\" data-testid=\"inline-content\">\n<div data-mesh-id=\"comp-lqc6ijoc3inlineContent-gridContainer\" data-testid=\"mesh-container-content\">\n<section id=\"comp-k2xfn896\" class=\"comp-k2xfn896 CohWsy wixui-column-strip\">\n<div class=\"V5AUxf\" data-testid=\"columns\">\n<div id=\"comp-k2xfn897\" class=\"comp-k2xfn897 YzqVVZ wixui-column-strip__column\">\n<div class=\"\" data-mesh-id=\"comp-k2xfn897inlineContent\" data-testid=\"inline-content\">\n<div data-mesh-id=\"comp-k2xfn897inlineContent-gridContainer\" data-testid=\"mesh-container-content\">\n<div id=\"comp-k2xfn8971\" class=\"MazNVa comp-k2xfn8971 wixui-image\">\n<div class=\"j7pOnl\" data-testid=\"linkElement\"><img loading=\"lazy\" decoding=\"async\" id=\"img_comp-k2xfn8971\" class=\"BI8PVQ I5zqsT\" src=\"https:\/\/static.wixstatic.com\/media\/9e28d9_631fa2a0d94742b9b5fad08c2170677d~mv2_d_2673_1687_s_2.jpg\/v1\/fill\/w_697,h_440,al_c,q_80,usm_0.66_1.00_0.01,enc_avif,quality_auto\/Diagram_edited.jpg\" sizes=\"auto, 940px\" srcset=\"https:\/\/static.wixstatic.com\/media\/9e28d9_631fa2a0d94742b9b5fad08c2170677d~mv2_d_2673_1687_s_2.jpg\/v1\/fill\/w_697,h_440,al_c,q_80,usm_0.66_1.00_0.01,enc_avif,quality_auto\/Diagram_edited.jpg 1x, https:\/\/static.wixstatic.com\/media\/9e28d9_631fa2a0d94742b9b5fad08c2170677d~mv2_d_2673_1687_s_2.jpg\/v1\/fill\/w_1394,h_880,al_c,q_85,usm_0.66_1.00_0.01,enc_avif,quality_auto\/Diagram_edited.jpg 2x\" alt=\"Diagram_edited.jpg\" width=\"940\" height=\"440\" \/><\/div>\n<\/div>\n<\/div>\n<\/div>\n<\/div>\n<\/div>\n<\/section>\n<\/div>\n<\/div>\n<\/section>\n<section id=\"comp-lqc6ijod\" class=\"Oqnisf comp-lqc6ijod wixui-section\" tabindex=\"-1\" data-block-level-container=\"ClassicSection\">\n<div id=\"bgLayers_comp-lqc6ijod\" class=\"MW5IWV\" data-hook=\"bgLayers\" data-motion-part=\"BG_LAYER comp-lqc6ijod\">\n<div id=\"bgMedia_comp-lqc6ijod\" class=\"VgO9Yg\" data-motion-part=\"BG_MEDIA comp-lqc6ijod\"><\/div>\n<\/div>\n<\/section>\n","protected":false},"excerpt":{"rendered":"<p>S\u0130STEM D\u0130ZAYNININ \u018fH\u018fM\u0130YY\u018fT\u0130<\/p>\n<p>N\u0130Y\u018f S\u0130STEM D\u0130ZAYNASI?<br \/>\nHavaland\u0131rma sisteminin istismar\u0131 \u00fc\u00e7\u00fcn enerji x\u0259rcl\u0259ri ad\u0259t\u0259n fanatlar\u0131n v\u0259 kanallar\u0131n investisiya x\u0259rcl\u0259rini \u00fcst\u0259l\u0259yir.<\/p>\n<p>Pe\u015f\u0259kar dizayn edilmi\u015f Havaland\u0131rma Sistemi yax\u015f\u0131 hava keyfiyy\u0259tini, a\u015fa\u011f\u0131 enerji x\u0259rcl\u0259rini v\u0259 qura\u015fd\u0131r\u0131lm\u0131\u015f fanatlar\u0131n m\u00fcmk\u00fcn q\u0259d\u0259r az say\u0131n\u0131 t\u0259min edir. Bu, layih\u0259 zaman\u0131 b\u00fct\u00fcn ventilyasiya \u00fc\u00e7\u00fcn \u0259n a\u015fa\u011f\u0131 \u00fcmumi x\u0259rc dem\u0259kdir.<\/p>\n<p>&nbsp;<\/p>\n<p>SWEDFAN-\u0131n t\u0259cr\u00fcb\u0259li yeralt\u0131 ventilyasiya m\u00fct\u0259x\u0259ssisl\u0259ri b\u00fct\u00fcn m\u00fc\u015ft\u0259ril\u0259r \u00fc\u00e7\u00fcn havaland\u0131rma sisteminin layih\u0259l\u0259ndirilm\u0259si \u00fczr\u0259 pulsuz m\u0259sl\u0259h\u0259tl\u0259r t\u0259klif edir.<\/p>\n","protected":false},"featured_media":25681,"template":"","meta":[],"product_brand":[],"product_cat":[1127,1079],"product_tag":[],"class_list":{"0":"post-25693","1":"product","2":"type-product","3":"status-publish","4":"has-post-thumbnail","6":"product_cat-ssistem-dizayni-az","7":"product_cat-underground-ventilation-tunnel-mining-ventilation-az","9":"first","10":"instock","11":"shipping-taxable","12":"product-type-simple"},"yoast_head":"<!-- This site is optimized with the Yoast SEO plugin v27.1.1 - https:\/\/yoast.com\/product\/yoast-seo-wordpress\/ -->\n<title>S\u0130STEM D\u0130ZAYN\u0130 - Climate Master<\/title>\n<meta name=\"robots\" content=\"index, follow, max-snippet:-1, max-image-preview:large, max-video-preview:-1\" \/>\n<link rel=\"canonical\" href=\"https:\/\/climatemaster.ge\/az\/product\/system-design\/\" \/>\n<meta property=\"og:locale\" content=\"az_AZ\" \/>\n<meta property=\"og:type\" content=\"article\" \/>\n<meta property=\"og:title\" content=\"S\u0130STEM D\u0130ZAYN\u0130 - Climate Master\" \/>\n<meta property=\"og:description\" content=\"S\u0130STEM D\u0130ZAYNININ \u018fH\u018fM\u0130YY\u018fT\u0130  N\u0130Y\u018f S\u0130STEM D\u0130ZAYNASI? Havaland\u0131rma sisteminin istismar\u0131 \u00fc\u00e7\u00fcn enerji x\u0259rcl\u0259ri ad\u0259t\u0259n fanatlar\u0131n v\u0259 kanallar\u0131n investisiya x\u0259rcl\u0259rini \u00fcst\u0259l\u0259yir.  Pe\u015f\u0259kar dizayn edilmi\u015f Havaland\u0131rma Sistemi yax\u015f\u0131 hava keyfiyy\u0259tini, a\u015fa\u011f\u0131 enerji x\u0259rcl\u0259rini v\u0259 qura\u015fd\u0131r\u0131lm\u0131\u015f fanatlar\u0131n m\u00fcmk\u00fcn q\u0259d\u0259r az say\u0131n\u0131 t\u0259min edir. Bu, layih\u0259 zaman\u0131 b\u00fct\u00fcn ventilyasiya \u00fc\u00e7\u00fcn \u0259n a\u015fa\u011f\u0131 \u00fcmumi x\u0259rc dem\u0259kdir.  &nbsp;  SWEDFAN-\u0131n t\u0259cr\u00fcb\u0259li yeralt\u0131 ventilyasiya m\u00fct\u0259x\u0259ssisl\u0259ri b\u00fct\u00fcn m\u00fc\u015ft\u0259ril\u0259r \u00fc\u00e7\u00fcn havaland\u0131rma sisteminin layih\u0259l\u0259ndirilm\u0259si \u00fczr\u0259 pulsuz m\u0259sl\u0259h\u0259tl\u0259r t\u0259klif edir.\" \/>\n<meta property=\"og:url\" content=\"https:\/\/climatemaster.ge\/az\/product\/system-design\/\" \/>\n<meta property=\"og:site_name\" content=\"Climate Master\" \/>\n<meta property=\"article:modified_time\" content=\"2025-03-27T08:57:23+00:00\" \/>\n<meta property=\"og:image\" content=\"https:\/\/climatemaster.ge\/wp-content\/uploads\/2025\/03\/fan_drawing.jpg\" \/>\n\t<meta property=\"og:image:width\" content=\"940\" \/>\n\t<meta property=\"og:image:height\" content=\"365\" \/>\n\t<meta property=\"og:image:type\" content=\"image\/jpeg\" \/>\n<meta name=\"twitter:card\" content=\"summary_large_image\" \/>\n<meta name=\"twitter:label1\" content=\"Est. reading time\" \/>\n\t<meta name=\"twitter:data1\" content=\"2 minutes\" \/>\n<script type=\"application\/ld+json\" class=\"yoast-schema-graph\">{\"@context\":\"https:\/\/schema.org\",\"@graph\":[{\"@type\":\"WebPage\",\"@id\":\"https:\/\/climatemaster.ge\/az\/product\/system-design\/\",\"url\":\"https:\/\/climatemaster.ge\/az\/product\/system-design\/\",\"name\":\"S\u0130STEM D\u0130ZAYN\u0130 - Climate Master\",\"isPartOf\":{\"@id\":\"https:\/\/climatemaster.ge\/#website\"},\"primaryImageOfPage\":{\"@id\":\"https:\/\/climatemaster.ge\/az\/product\/system-design\/#primaryimage\"},\"image\":{\"@id\":\"https:\/\/climatemaster.ge\/az\/product\/system-design\/#primaryimage\"},\"thumbnailUrl\":\"https:\/\/climatemaster.ge\/wp-content\/uploads\/2025\/03\/fan_drawing.jpg\",\"datePublished\":\"2025-03-27T08:45:31+00:00\",\"dateModified\":\"2025-03-27T08:57:23+00:00\",\"breadcrumb\":{\"@id\":\"https:\/\/climatemaster.ge\/az\/product\/system-design\/#breadcrumb\"},\"inLanguage\":\"az\",\"potentialAction\":[{\"@type\":\"ReadAction\",\"target\":[\"https:\/\/climatemaster.ge\/az\/product\/system-design\/\"]}]},{\"@type\":\"ImageObject\",\"inLanguage\":\"az\",\"@id\":\"https:\/\/climatemaster.ge\/az\/product\/system-design\/#primaryimage\",\"url\":\"https:\/\/climatemaster.ge\/wp-content\/uploads\/2025\/03\/fan_drawing.jpg\",\"contentUrl\":\"https:\/\/climatemaster.ge\/wp-content\/uploads\/2025\/03\/fan_drawing.jpg\",\"width\":940,\"height\":365},{\"@type\":\"BreadcrumbList\",\"@id\":\"https:\/\/climatemaster.ge\/az\/product\/system-design\/#breadcrumb\",\"itemListElement\":[{\"@type\":\"ListItem\",\"position\":1,\"name\":\"Home\",\"item\":\"https:\/\/climatemaster.ge\/\"},{\"@type\":\"ListItem\",\"position\":2,\"name\":\"M\u0259hsullar\",\"item\":\"https:\/\/climatemaster.ge\/products\/\"},{\"@type\":\"ListItem\",\"position\":3,\"name\":\"S\u0130STEM D\u0130ZAYN\u0130\"}]},{\"@type\":\"WebSite\",\"@id\":\"https:\/\/climatemaster.ge\/#website\",\"url\":\"https:\/\/climatemaster.ge\/\",\"name\":\"Climate Master\",\"description\":\"\",\"publisher\":{\"@id\":\"https:\/\/climatemaster.ge\/#organization\"},\"potentialAction\":[{\"@type\":\"SearchAction\",\"target\":{\"@type\":\"EntryPoint\",\"urlTemplate\":\"https:\/\/climatemaster.ge\/?s={search_term_string}\"},\"query-input\":{\"@type\":\"PropertyValueSpecification\",\"valueRequired\":true,\"valueName\":\"search_term_string\"}}],\"inLanguage\":\"az\"},{\"@type\":\"Organization\",\"@id\":\"https:\/\/climatemaster.ge\/#organization\",\"name\":\"Climate Master\",\"url\":\"https:\/\/climatemaster.ge\/\",\"logo\":{\"@type\":\"ImageObject\",\"inLanguage\":\"az\",\"@id\":\"https:\/\/climatemaster.ge\/#\/schema\/logo\/image\/\",\"url\":\"https:\/\/climatemaster.ge\/wp-content\/uploads\/2026\/03\/Untitled-2.png\",\"contentUrl\":\"https:\/\/climatemaster.ge\/wp-content\/uploads\/2026\/03\/Untitled-2.png\",\"width\":600,\"height\":338,\"caption\":\"Climate Master\"},\"image\":{\"@id\":\"https:\/\/climatemaster.ge\/#\/schema\/logo\/image\/\"}}]}<\/script>\n<!-- \/ Yoast SEO plugin. -->","yoast_head_json":{"title":"S\u0130STEM D\u0130ZAYN\u0130 - Climate Master","robots":{"index":"index","follow":"follow","max-snippet":"max-snippet:-1","max-image-preview":"max-image-preview:large","max-video-preview":"max-video-preview:-1"},"canonical":"https:\/\/climatemaster.ge\/az\/product\/system-design\/","og_locale":"az_AZ","og_type":"article","og_title":"S\u0130STEM D\u0130ZAYN\u0130 - Climate Master","og_description":"S\u0130STEM D\u0130ZAYNININ \u018fH\u018fM\u0130YY\u018fT\u0130  N\u0130Y\u018f S\u0130STEM D\u0130ZAYNASI? Havaland\u0131rma sisteminin istismar\u0131 \u00fc\u00e7\u00fcn enerji x\u0259rcl\u0259ri ad\u0259t\u0259n fanatlar\u0131n v\u0259 kanallar\u0131n investisiya x\u0259rcl\u0259rini \u00fcst\u0259l\u0259yir.  Pe\u015f\u0259kar dizayn edilmi\u015f Havaland\u0131rma Sistemi yax\u015f\u0131 hava keyfiyy\u0259tini, a\u015fa\u011f\u0131 enerji x\u0259rcl\u0259rini v\u0259 qura\u015fd\u0131r\u0131lm\u0131\u015f fanatlar\u0131n m\u00fcmk\u00fcn q\u0259d\u0259r az say\u0131n\u0131 t\u0259min edir. Bu, layih\u0259 zaman\u0131 b\u00fct\u00fcn ventilyasiya \u00fc\u00e7\u00fcn \u0259n a\u015fa\u011f\u0131 \u00fcmumi x\u0259rc dem\u0259kdir.  &nbsp;  SWEDFAN-\u0131n t\u0259cr\u00fcb\u0259li yeralt\u0131 ventilyasiya m\u00fct\u0259x\u0259ssisl\u0259ri b\u00fct\u00fcn m\u00fc\u015ft\u0259ril\u0259r \u00fc\u00e7\u00fcn havaland\u0131rma sisteminin layih\u0259l\u0259ndirilm\u0259si \u00fczr\u0259 pulsuz m\u0259sl\u0259h\u0259tl\u0259r t\u0259klif edir.","og_url":"https:\/\/climatemaster.ge\/az\/product\/system-design\/","og_site_name":"Climate Master","article_modified_time":"2025-03-27T08:57:23+00:00","og_image":[{"width":940,"height":365,"url":"https:\/\/climatemaster.ge\/wp-content\/uploads\/2025\/03\/fan_drawing.jpg","type":"image\/jpeg"}],"twitter_card":"summary_large_image","twitter_misc":{"Est. reading time":"2 minutes"},"schema":{"@context":"https:\/\/schema.org","@graph":[{"@type":"WebPage","@id":"https:\/\/climatemaster.ge\/az\/product\/system-design\/","url":"https:\/\/climatemaster.ge\/az\/product\/system-design\/","name":"S\u0130STEM D\u0130ZAYN\u0130 - Climate Master","isPartOf":{"@id":"https:\/\/climatemaster.ge\/#website"},"primaryImageOfPage":{"@id":"https:\/\/climatemaster.ge\/az\/product\/system-design\/#primaryimage"},"image":{"@id":"https:\/\/climatemaster.ge\/az\/product\/system-design\/#primaryimage"},"thumbnailUrl":"https:\/\/climatemaster.ge\/wp-content\/uploads\/2025\/03\/fan_drawing.jpg","datePublished":"2025-03-27T08:45:31+00:00","dateModified":"2025-03-27T08:57:23+00:00","breadcrumb":{"@id":"https:\/\/climatemaster.ge\/az\/product\/system-design\/#breadcrumb"},"inLanguage":"az","potentialAction":[{"@type":"ReadAction","target":["https:\/\/climatemaster.ge\/az\/product\/system-design\/"]}]},{"@type":"ImageObject","inLanguage":"az","@id":"https:\/\/climatemaster.ge\/az\/product\/system-design\/#primaryimage","url":"https:\/\/climatemaster.ge\/wp-content\/uploads\/2025\/03\/fan_drawing.jpg","contentUrl":"https:\/\/climatemaster.ge\/wp-content\/uploads\/2025\/03\/fan_drawing.jpg","width":940,"height":365},{"@type":"BreadcrumbList","@id":"https:\/\/climatemaster.ge\/az\/product\/system-design\/#breadcrumb","itemListElement":[{"@type":"ListItem","position":1,"name":"Home","item":"https:\/\/climatemaster.ge\/"},{"@type":"ListItem","position":2,"name":"M\u0259hsullar","item":"https:\/\/climatemaster.ge\/products\/"},{"@type":"ListItem","position":3,"name":"S\u0130STEM D\u0130ZAYN\u0130"}]},{"@type":"WebSite","@id":"https:\/\/climatemaster.ge\/#website","url":"https:\/\/climatemaster.ge\/","name":"Climate Master","description":"","publisher":{"@id":"https:\/\/climatemaster.ge\/#organization"},"potentialAction":[{"@type":"SearchAction","target":{"@type":"EntryPoint","urlTemplate":"https:\/\/climatemaster.ge\/?s={search_term_string}"},"query-input":{"@type":"PropertyValueSpecification","valueRequired":true,"valueName":"search_term_string"}}],"inLanguage":"az"},{"@type":"Organization","@id":"https:\/\/climatemaster.ge\/#organization","name":"Climate Master","url":"https:\/\/climatemaster.ge\/","logo":{"@type":"ImageObject","inLanguage":"az","@id":"https:\/\/climatemaster.ge\/#\/schema\/logo\/image\/","url":"https:\/\/climatemaster.ge\/wp-content\/uploads\/2026\/03\/Untitled-2.png","contentUrl":"https:\/\/climatemaster.ge\/wp-content\/uploads\/2026\/03\/Untitled-2.png","width":600,"height":338,"caption":"Climate Master"},"image":{"@id":"https:\/\/climatemaster.ge\/#\/schema\/logo\/image\/"}}]}},"_links":{"self":[{"href":"https:\/\/climatemaster.ge\/az\/wp-json\/wp\/v2\/product\/25693","targetHints":{"allow":["GET"]}}],"collection":[{"href":"https:\/\/climatemaster.ge\/az\/wp-json\/wp\/v2\/product"}],"about":[{"href":"https:\/\/climatemaster.ge\/az\/wp-json\/wp\/v2\/types\/product"}],"wp:featuredmedia":[{"embeddable":true,"href":"https:\/\/climatemaster.ge\/az\/wp-json\/wp\/v2\/media\/25681"}],"wp:attachment":[{"href":"https:\/\/climatemaster.ge\/az\/wp-json\/wp\/v2\/media?parent=25693"}],"wp:term":[{"taxonomy":"product_brand","embeddable":true,"href":"https:\/\/climatemaster.ge\/az\/wp-json\/wp\/v2\/product_brand?post=25693"},{"taxonomy":"product_cat","embeddable":true,"href":"https:\/\/climatemaster.ge\/az\/wp-json\/wp\/v2\/product_cat?post=25693"},{"taxonomy":"product_tag","embeddable":true,"href":"https:\/\/climatemaster.ge\/az\/wp-json\/wp\/v2\/product_tag?post=25693"}],"curies":[{"name":"wp","href":"https:\/\/api.w.org\/{rel}","templated":true}]}}