{"id":25655,"date":"2025-03-21T12:09:41","date_gmt":"2025-03-21T08:09:41","guid":{"rendered":"https:\/\/airsystems.ge\/shop\/product\/frequency-inverters\/"},"modified":"2025-03-27T12:22:34","modified_gmt":"2025-03-27T08:22:34","slug":"frequency-inverters","status":"publish","type":"product","link":"https:\/\/climatemaster.ge\/az\/product\/frequency-inverters\/","title":{"rendered":"TEZL\u0130K \u0130NVERTERLER\u0130"},"content":{"rendered":"<section id=\"comp-lqc6ijnl1\" class=\"Oqnisf comp-lqc6ijnl1 wixui-section\" tabindex=\"-1\" data-block-level-container=\"ClassicSection\">\n<div class=\"\" data-mesh-id=\"comp-lqc6ijnl1inlineContent\" data-testid=\"inline-content\">\n<div data-mesh-id=\"comp-lqc6ijnl1inlineContent-gridContainer\" data-testid=\"mesh-container-content\">\n<section id=\"comp-k2ud9miz5\" class=\"comp-k2ud9miz5 CohWsy wixui-column-strip\">\n<div class=\"V5AUxf\" data-testid=\"columns\">\n<div id=\"comp-k2ud9miz6\" class=\"comp-k2ud9miz6 YzqVVZ wixui-column-strip__column\">\n<div class=\"\" data-mesh-id=\"comp-k2ud9miz6inlineContent\" data-testid=\"inline-content\">\n<div data-mesh-id=\"comp-k2ud9miz6inlineContent-gridContainer\" data-testid=\"mesh-container-content\">\n<div id=\"comp-k2ud9miz7\" class=\"HcOXKn SxM0TO QxJLC3 lq2cno YQcXTT comp-k2ud9miz7 wixui-rich-text\" data-testid=\"richTextElement\">\n<p>N\u00dcMUN\u018fL\u018fR<\/p>\n<p>Misal: ventilyatorun s\u00fcr\u0259ti 50 Hz-d\u0259 1500 rpm-dirs\u0259, tezlik 25 Hz-\u0259 endirilirs\u0259, fan s\u00fcr\u0259ti 750 rpm-dir. Tezlik \u00e7eviricisin\u0259 daxil olan g\u00fcc h\u0259mi\u015f\u0259 yerli elektrik \u015f\u0259b\u0259k\u0259si t\u0259r\u0259find\u0259n m\u00fc\u0259yy\u0259n edilir, b\u0259zi \u00f6lk\u0259l\u0259r \u00fc\u00e7\u00fcn 50 Hz, dig\u0259rl\u0259ri \u00fc\u00e7\u00fcn 60 Hz.<\/p>\n<p>&nbsp;<\/p>\n<p>Fan\u0131n g\u00fcc y\u00fck\u00fc ventilyatorun s\u00fcr\u0259tin\u0259 g\u00f6r\u0259 kub \u015f\u0259klind\u0259dir. N\u00fcmun\u0259: ventilyator tam s\u00fcr\u0259tl\u0259 1500 rpm-d\u0259 i\u015fl\u0259yirs\u0259 v\u0259 g\u00fcc y\u00fck\u00fc 100 kVt-dirs\u0259, fan yar\u0131m s\u00fcr\u0259tl\u0259 750 rpm-d\u0259 i\u015fl\u0259yirs\u0259, n\u0259z\u0259ri g\u00fcc y\u00fck\u00fc 12,5 kVt-dir. 87,5 kVt azalma! \u018fsas\u0259n istilikd\u0259n ibar\u0259t olan tezlik \u00e7eviricisind\u0259 b\u0259zi enerji itkil\u0259ri oldu\u011fundan, yar\u0131m s\u00fcr\u0259td\u0259 praktiki g\u00fcc y\u00fck\u00fc tam s\u00fcr\u0259tl\u0259 m\u00fcqayis\u0259d\u0259 15%, 85% q\u0259na\u0259t edir.<\/p>\n<p>&nbsp;<\/p>\n<p>Fan t\u0259r\u0259find\u0259n veril\u0259n hava ax\u0131n\u0131 fan s\u00fcr\u0259tin\u0259 nisb\u0259td\u0259 x\u0259ttidir, y\u0259ni yar\u0131m s\u00fcr\u0259td\u0259, hava ax\u0131n\u0131 tam s\u00fcr\u0259tl\u0259 m\u00fcqayis\u0259d\u0259 yar\u0131d\u0131r.<\/p>\n<p>&nbsp;<\/p>\n<p>Qazma v\u0259 partlay\u0131\u015f tunelind\u0259, ad\u0259t\u0259n, bir ne\u00e7\u0259 i\u015f o q\u0259d\u0259r d\u0259 \u00e7ox hava ax\u0131n\u0131 t\u0259l\u0259b etmir, y\u0259ni bu i\u015fl\u0259r apar\u0131lark\u0259n fan s\u00fcr\u0259ti azald\u0131lmal\u0131d\u0131r. Bu i\u015fl\u0259r miqyaslama, qazma, doldurma v\u0259 s. olur. Normalda qazma v\u0259 partlay\u0131\u015f tunelini a\u015fa\u011f\u0131dak\u0131 \u201cd\u00f6vr\u0259\u201d kimi t\u0259svir etm\u0259k olar: Partlay\u0131\u015fla ba\u015flay\u0131r. Partlay\u0131\u015fdan sonra partlad\u0131lm\u0131\u015f qayan\u0131n s\u00f6k\u00fclm\u0259si ba\u015flay\u0131r. T\u0259mizl\u0259m\u0259 ba\u015fa \u00e7atd\u0131qdan sonra miqyaslama ba\u015flay\u0131r v\u0259 bundan sonra qazma v\u0259 doldurma.<\/p>\n<p>&nbsp;<\/p>\n<p>Swedfan-\u0131n maksimum enerji q\u0259na\u0259ti \u00fc\u00e7\u00fcn t\u00f6vsiy\u0259si a\u015fa\u011f\u0131dak\u0131lard\u0131r:<\/p>\n<p>Partlay\u0131\u015fdan d\u0259rhal sonra ventilyator i\u015f\u0259 sal\u0131n\u0131r v\u0259 partlay\u0131\u015f duman\u0131n\u0131 m\u00fcmk\u00fcn q\u0259d\u0259r tez ventilyasiya etm\u0259k \u00fc\u00e7\u00fcn tam s\u00fcr\u0259tl\u0259 i\u015f\u0259 sal\u0131n\u0131r. (bu, ad\u0259t\u0259n 20-40 d\u0259qiq\u0259 \u00e7\u0259kir)<\/p>\n<p>&nbsp;<\/p>\n<p>Partlay\u0131\u015f t\u00fcst\u00fcl\u0259ri \u00e7\u0131xd\u0131qdan sonra t\u0131xanma ba\u015flay\u0131r v\u0259 h\u0259m\u00e7inin bu hadis\u0259 zaman\u0131 ventilyator tam s\u00fcr\u0259tl\u0259 i\u015f\u0259 sal\u0131n\u0131r, \u00e7\u00fcnki normal olaraq y\u00fck ma\u015f\u0131nlar\u0131ndan v\u0259 y\u00fckl\u0259yicil\u0259rd\u0259n \u00e7\u0131xan \u00e7oxlu miqdarda dizel t\u00fcst\u00fcs\u00fc havan\u0131 \u00e7irkl\u0259ndirir. (bu, normal olaraq 90-150 d\u0259qiq\u0259 \u00e7\u0259kir) T\u0259mizl\u0259m\u0259 ba\u015fa \u00e7atd\u0131qdan sonra miqyaslama, qazma v\u0259 doldurma apar\u0131l\u0131r v\u0259 bu i\u015fl\u0259r \u00fc\u00e7\u00fcn ventilyatorun s\u00fcr\u0259ti yar\u0131 s\u00fcr\u0259t\u0259 endirilir. Bu i\u015fl\u0259r \u00fcmumilikd\u0259 180-240 d\u0259qiq\u0259 \u00e7\u0259kir.<\/p>\n<p>&nbsp;<\/p>\n<p>1990-c\u0131 ild\u0259n beyn\u0259lxalq tunel bazar\u0131n\u0131 ventilyasiya sisteml\u0259ri il\u0259 t\u0259min ed\u0259n Swedfan t\u0259cr\u00fcb\u0259si il\u0259 qazma v\u0259 partlay\u0131\u015fdan istifad\u0259 etm\u0259kl\u0259 y\u00fczl\u0259rl\u0259 tunel qazma layih\u0259sind\u0259n \u0259ld\u0259 etdiyimiz r\u0259yl\u0259r g\u00f6st\u0259rir ki, normal olaraq ventilyator yar\u0131m s\u00fcr\u0259tl\u0259 i\u015fl\u0259y\u0259n \u00fcmumi tikinti vaxt\u0131n\u0131n 50-60%-d\u0259 istifad\u0259 edil\u0259 bil\u0259r. Fan\u0131n yar\u0131m s\u00fcr\u0259tl\u0259 i\u015fl\u0259y\u0259nd\u0259 yaln\u0131z 15% istehlak etdiyini n\u0259z\u0259r\u0259 alsaq, tunel d\u00f6vr\u00fcn\u00fcn 50-60% -i \u00fc\u00e7\u00fcn 85% enerji q\u0259na\u0259ti m\u00fcmk\u00fcnd\u00fcr.<\/p>\n<p>&nbsp;<\/p>\n<p>\u018fks\u0259r tunell\u0259rd\u0259 yuxar\u0131da t\u0259svir edil\u0259n metoddan istifad\u0259 etm\u0259kl\u0259 enerjiy\u0259 q\u0259na\u0259t h\u0259m fanatlar\u0131n, h\u0259m d\u0259 eyni layih\u0259 \u00fc\u00e7\u00fcn kanallar\u0131n investisiya d\u0259y\u0259rind\u0259n \u00e7ox pula q\u0259na\u0259t edir!<\/p>\n<\/div>\n<\/div>\n<\/div>\n<\/div>\n<\/div>\n<\/section>\n<\/div>\n<\/div>\n<\/section>\n<section id=\"comp-lqc6ijnl2\" class=\"Oqnisf comp-lqc6ijnl2 wixui-section\" tabindex=\"-1\" data-block-level-container=\"ClassicSection\">\n<div id=\"bgLayers_comp-lqc6ijnl2\" class=\"MW5IWV\" data-hook=\"bgLayers\" data-motion-part=\"BG_LAYER comp-lqc6ijnl2\">\n<div id=\"bgMedia_comp-lqc6ijnl2\" class=\"VgO9Yg\" data-motion-part=\"BG_MEDIA comp-lqc6ijnl2\"><\/div>\n<\/div>\n<div class=\"\" data-mesh-id=\"comp-lqc6ijnl2inlineContent\" data-testid=\"inline-content\">\n<div data-mesh-id=\"comp-lqc6ijnl2inlineContent-gridContainer\" data-testid=\"mesh-container-content\">\n<section id=\"comp-k2ud9mj0\" class=\"comp-k2ud9mj0 CohWsy wixui-column-strip\">\n<div class=\"V5AUxf\" data-testid=\"columns\">\n<div id=\"comp-k2ud9mj01\" class=\"comp-k2ud9mj01 YzqVVZ wixui-column-strip__column\">\n<div class=\"\" data-mesh-id=\"comp-k2ud9mj01inlineContent\" data-testid=\"inline-content\">\n<div data-mesh-id=\"comp-k2ud9mj01inlineContent-gridContainer\" data-testid=\"mesh-container-content\">\n<section id=\"comp-k2ud9mj02\" class=\"comp-k2ud9mj02 CohWsy wixui-column-strip\">\n<div class=\"V5AUxf\" data-testid=\"columns\">\n<div id=\"comp-k2ud9mj03\" class=\"comp-k2ud9mj03 YzqVVZ wixui-column-strip__column\">\n<div id=\"bgLayers_comp-k2ud9mj03\" class=\"MW5IWV\" data-hook=\"bgLayers\" data-motion-part=\"BG_LAYER comp-k2ud9mj03\">\n<div id=\"bgMedia_comp-k2ud9mj03\" class=\"VgO9Yg\" data-motion-part=\"BG_MEDIA comp-k2ud9mj03\"><img loading=\"lazy\" decoding=\"async\" src=\"https:\/\/static.wixstatic.com\/media\/9e28d9_83c24bc324e6414ab98f3d6e30809085~mv2_d_3200_1800_s_2.jpg\/v1\/fill\/w_1191,h_560,fp_0.50_0.50,q_85,usm_0.66_1.00_0.01,enc_avif,quality_auto\/9e28d9_83c24bc324e6414ab98f3d6e30809085~mv2_d_3200_1800_s_2.jpg\" alt=\"Ber\u00e4kningsexempel_A.jpg\" width=\"980\" height=\"560\" \/><\/div>\n<\/div>\n<div class=\"\" data-mesh-id=\"comp-k2ud9mj03inlineContent\" data-testid=\"inline-content\">\n<div data-mesh-id=\"comp-k2ud9mj03inlineContent-gridContainer\" data-testid=\"mesh-container-content\"><\/div>\n<\/div>\n<\/div>\n<\/div>\n<\/section>\n<section id=\"comp-k2ud9mj04\" class=\"comp-k2ud9mj04 CohWsy wixui-column-strip\">\n<div id=\"bgLayers_comp-k2ud9mj04\" class=\"if7Vw2\" data-hook=\"bgLayers\" data-motion-part=\"BG_LAYER comp-k2ud9mj04\">\n<div class=\"tcElKx i1tH8h\" data-testid=\"colorUnderlay\"><\/div>\n<div id=\"bgMedia_comp-k2ud9mj04\" class=\"wG8dni\" data-motion-part=\"BG_MEDIA comp-k2ud9mj04\"><\/div>\n<\/div>\n<div class=\"V5AUxf\" data-testid=\"columns\">\n<div id=\"comp-k2ud9mj05\" class=\"comp-k2ud9mj05 YzqVVZ wixui-column-strip__column\">\n<div id=\"bgLayers_comp-k2ud9mj05\" class=\"MW5IWV\" data-hook=\"bgLayers\" data-motion-part=\"BG_LAYER comp-k2ud9mj05\">\n<div class=\"LWbAav Kv1aVt\" data-testid=\"colorUnderlay\"><\/div>\n<div id=\"bgMedia_comp-k2ud9mj05\" class=\"VgO9Yg\" data-motion-part=\"BG_MEDIA comp-k2ud9mj05\"><img loading=\"lazy\" decoding=\"async\" src=\"https:\/\/static.wixstatic.com\/media\/9e28d9_028e8ee4e5804ee4b0384bd39ec6f7af~mv2_d_3200_1800_s_2.jpg\/v1\/fill\/w_1191,h_560,fp_0.50_0.50,q_85,usm_0.66_1.00_0.01,enc_avif,quality_auto\/9e28d9_028e8ee4e5804ee4b0384bd39ec6f7af~mv2_d_3200_1800_s_2.jpg\" alt=\"Ber\u00e4kningsexempel_B.jpg\" width=\"980\" height=\"560\" \/><\/div>\n<\/div>\n<div class=\"\" data-mesh-id=\"comp-k2ud9mj05inlineContent\" data-testid=\"inline-content\">\n<div data-mesh-id=\"comp-k2ud9mj05inlineContent-gridContainer\" data-testid=\"mesh-container-content\"><\/div>\n<\/div>\n<\/div>\n<\/div>\n<\/section>\n<\/div>\n<\/div>\n<\/div>\n<\/div>\n<\/section>\n<div id=\"adi_page1028_1_199\" class=\"Vd6aQZ ignore-focus adi_page1028_1_199\" tabindex=\"-1\" role=\"region\" aria-label=\"Frequency inverters: Tj\u00e4nster\">\n<div id=\"frequencyinverterstjnster\"><\/div>\n<\/div>\n<\/div>\n<\/div>\n<\/section>\n<section id=\"comp-lqc6ijnl3\" class=\"Oqnisf comp-lqc6ijnl3 wixui-section\" tabindex=\"-1\" data-block-level-container=\"ClassicSection\">\n<div id=\"bgLayers_comp-lqc6ijnl3\" class=\"MW5IWV\" data-hook=\"bgLayers\" data-motion-part=\"BG_LAYER comp-lqc6ijnl3\">\n<div id=\"bgMedia_comp-lqc6ijnl3\" class=\"VgO9Yg\" data-motion-part=\"BG_MEDIA comp-lqc6ijnl3\"><\/div>\n<\/div>\n<div class=\"\" data-mesh-id=\"comp-lqc6ijnl3inlineContent\" data-testid=\"inline-content\">\n<div data-mesh-id=\"comp-lqc6ijnl3inlineContent-gridContainer\" data-testid=\"mesh-container-content\">\n<section id=\"comp-k2ud9mj06\" class=\"comp-k2ud9mj06 CohWsy wixui-column-strip\">\n<div class=\"V5AUxf\" data-testid=\"columns\">\n<div id=\"comp-k2ud9mj07\" class=\"comp-k2ud9mj07 YzqVVZ wixui-column-strip__column\">\n<div class=\"\" data-mesh-id=\"comp-k2ud9mj07inlineContent\" data-testid=\"inline-content\">\n<div data-mesh-id=\"comp-k2ud9mj07inlineContent-gridContainer\" data-testid=\"mesh-container-content\">\n<div id=\"comp-k2ud9mj08\" class=\"HcOXKn SxM0TO QxJLC3 lq2cno YQcXTT comp-k2ud9mj08 wixui-rich-text\" data-testid=\"richTextElement\">\n<p>BU PUL AMA\u00c7INDA N\u018f DEM\u018fKD\u0130R?<br \/>\nFan 100% tam s\u00fcr\u0259t il\u0259 enerji istehlak\u0131: 6,5 saat x 220 kVt x 80% = 1,144 kVt\/6,5 saat<\/p>\n<p>Fan 50% tam v\u0259 50% yar\u0131m s\u00fcr\u0259td\u0259 i\u015fl\u0259y\u0259n enerji s\u0259rfiyyat\u0131: (2,5 saat x 220 kVt x 80%) + (4,0 saat x 220 kVt x 80% x 15%) = 546 kVt\/6,5 saat<\/p>\n<p>&nbsp;<\/p>\n<p>Saatda enerjiy\u0259 q\u0259na\u0259t = 546 kVt\/6,5 saat = 84 kVt\/saat<\/p>\n<p>&nbsp;<\/p>\n<p>Enerji d\u0259y\u0259rinin 0,15 USD\/kWh oldu\u011fu iki illik layih\u0259 \u00fc\u00e7\u00fcn bu, 15.000 saat x 0,15 USD x 84 = 189.000 AB\u015e dollar\u0131 il\u0259 n\u0259tic\u0259l\u0259nir.<\/p>\n<\/div>\n<\/div>\n<\/div>\n<\/div>\n<\/div>\n<\/section>\n<\/div>\n<\/div>\n<\/section>\n","protected":false},"excerpt":{"rendered":"<div id=\"comp-k3offp543\" class=\"HcOXKn SxM0TO QxJLC3 lq2cno YQcXTT comp-k3offp543 wixui-rich-text\" data-testid=\"richTextElement\">\n<p class=\"font_6 wixui-rich-text__text\"><strong>TEZL\u0130K \u0130NVERTERL\u018fR\u0130N\u0130N \u0130ST\u0130FAD\u018fS\u0130<\/strong><br \/>\nFan\u0131 idar\u0259 etm\u0259k\/ba\u015flatmaq \u00fc\u00e7\u00fcn tezlik \u00e7eviricil\u0259rinin istifad\u0259si il\u0259 fan s\u00fcr\u0259ti 0-dan tam s\u00fcr\u0259t\u0259 q\u0259d\u0259r ist\u0259nil\u0259n s\u0259viyy\u0259y\u0259 t\u0259yin edil\u0259 bil\u0259r. Bu, 0-300 Hz tezliyi \u00e7\u0131xaran \u00e7eviricinin funksiyas\u0131 il\u0259 \u0259ld\u0259 edilir. Normalda, tunel fan\u0131 \u00fc\u00e7\u00fcn tezlik \u00e7eviricisind\u0259n \u00e7\u0131x\u0131\u015f 10-60 Hz-dir. 10 Hz-d\u0259n a\u015fa\u011f\u0131 olduqda, fan m\u00fch\u0259rrikl\u0259rinin soyumas\u0131 a\u015fa\u011f\u0131 v\u0259 60 Hz-d\u0259n y\u00fcks\u0259k ola bil\u0259r, fan \u00e7arx\u0131ndak\u0131 g\u0259rginlik \u00e7ox y\u00fcks\u0259k olma\u011fa ba\u015flay\u0131r.<\/p>\n<\/div>\n","protected":false},"featured_media":25632,"template":"","meta":[],"product_brand":[],"product_cat":[1115,1079],"product_tag":[],"class_list":{"0":"post-25655","1":"product","2":"type-product","3":"status-publish","4":"has-post-thumbnail","6":"product_cat-tezlik-inverteri-az","7":"product_cat-underground-ventilation-tunnel-mining-ventilation-az","9":"first","10":"instock","11":"shipping-taxable","12":"product-type-simple"},"yoast_head":"<!-- This site is optimized with the Yoast SEO plugin v27.1.1 - https:\/\/yoast.com\/product\/yoast-seo-wordpress\/ -->\n<title>TEZL\u0130K \u0130NVERTERLER\u0130 - Climate Master<\/title>\n<meta name=\"robots\" content=\"index, follow, max-snippet:-1, max-image-preview:large, max-video-preview:-1\" \/>\n<link rel=\"canonical\" href=\"https:\/\/climatemaster.ge\/az\/product\/frequency-inverters\/\" \/>\n<meta property=\"og:locale\" content=\"az_AZ\" \/>\n<meta property=\"og:type\" content=\"article\" \/>\n<meta property=\"og:title\" content=\"TEZL\u0130K \u0130NVERTERLER\u0130 - Climate Master\" \/>\n<meta property=\"og:description\" content=\"TEZL\u0130K \u0130NVERTERL\u018fR\u0130N\u0130N \u0130ST\u0130FAD\u018fS\u0130 Fan\u0131 idar\u0259 etm\u0259k\/ba\u015flatmaq \u00fc\u00e7\u00fcn tezlik \u00e7eviricil\u0259rinin istifad\u0259si il\u0259 fan s\u00fcr\u0259ti 0-dan tam s\u00fcr\u0259t\u0259 q\u0259d\u0259r ist\u0259nil\u0259n s\u0259viyy\u0259y\u0259 t\u0259yin edil\u0259 bil\u0259r. Bu, 0-300 Hz tezliyi \u00e7\u0131xaran \u00e7eviricinin funksiyas\u0131 il\u0259 \u0259ld\u0259 edilir. Normalda, tunel fan\u0131 \u00fc\u00e7\u00fcn tezlik \u00e7eviricisind\u0259n \u00e7\u0131x\u0131\u015f 10-60 Hz-dir. 10 Hz-d\u0259n a\u015fa\u011f\u0131 olduqda, fan m\u00fch\u0259rrikl\u0259rinin soyumas\u0131 a\u015fa\u011f\u0131 v\u0259 60 Hz-d\u0259n y\u00fcks\u0259k ola bil\u0259r, fan \u00e7arx\u0131ndak\u0131 g\u0259rginlik \u00e7ox y\u00fcks\u0259k olma\u011fa ba\u015flay\u0131r.\" \/>\n<meta property=\"og:url\" content=\"https:\/\/climatemaster.ge\/az\/product\/frequency-inverters\/\" \/>\n<meta property=\"og:site_name\" content=\"Climate Master\" \/>\n<meta property=\"article:modified_time\" content=\"2025-03-27T08:22:34+00:00\" \/>\n<meta property=\"og:image\" content=\"https:\/\/climatemaster.ge\/wp-content\/uploads\/2025\/03\/Starter-frekvensomformare_JPG.jpg\" \/>\n\t<meta property=\"og:image:width\" content=\"560\" \/>\n\t<meta property=\"og:image:height\" content=\"700\" \/>\n\t<meta property=\"og:image:type\" content=\"image\/jpeg\" \/>\n<meta name=\"twitter:card\" content=\"summary_large_image\" \/>\n<meta name=\"twitter:label1\" content=\"Est. reading time\" \/>\n\t<meta name=\"twitter:data1\" content=\"3 minutes\" \/>\n<script type=\"application\/ld+json\" class=\"yoast-schema-graph\">{\"@context\":\"https:\/\/schema.org\",\"@graph\":[{\"@type\":\"WebPage\",\"@id\":\"https:\/\/climatemaster.ge\/az\/product\/frequency-inverters\/\",\"url\":\"https:\/\/climatemaster.ge\/az\/product\/frequency-inverters\/\",\"name\":\"TEZL\u0130K \u0130NVERTERLER\u0130 - Climate Master\",\"isPartOf\":{\"@id\":\"https:\/\/climatemaster.ge\/#website\"},\"primaryImageOfPage\":{\"@id\":\"https:\/\/climatemaster.ge\/az\/product\/frequency-inverters\/#primaryimage\"},\"image\":{\"@id\":\"https:\/\/climatemaster.ge\/az\/product\/frequency-inverters\/#primaryimage\"},\"thumbnailUrl\":\"https:\/\/climatemaster.ge\/wp-content\/uploads\/2025\/03\/Starter-frekvensomformare_JPG.jpg\",\"datePublished\":\"2025-03-21T08:09:41+00:00\",\"dateModified\":\"2025-03-27T08:22:34+00:00\",\"breadcrumb\":{\"@id\":\"https:\/\/climatemaster.ge\/az\/product\/frequency-inverters\/#breadcrumb\"},\"inLanguage\":\"az\",\"potentialAction\":[{\"@type\":\"ReadAction\",\"target\":[\"https:\/\/climatemaster.ge\/az\/product\/frequency-inverters\/\"]}]},{\"@type\":\"ImageObject\",\"inLanguage\":\"az\",\"@id\":\"https:\/\/climatemaster.ge\/az\/product\/frequency-inverters\/#primaryimage\",\"url\":\"https:\/\/climatemaster.ge\/wp-content\/uploads\/2025\/03\/Starter-frekvensomformare_JPG.jpg\",\"contentUrl\":\"https:\/\/climatemaster.ge\/wp-content\/uploads\/2025\/03\/Starter-frekvensomformare_JPG.jpg\",\"width\":560,\"height\":700},{\"@type\":\"BreadcrumbList\",\"@id\":\"https:\/\/climatemaster.ge\/az\/product\/frequency-inverters\/#breadcrumb\",\"itemListElement\":[{\"@type\":\"ListItem\",\"position\":1,\"name\":\"Home\",\"item\":\"https:\/\/climatemaster.ge\/\"},{\"@type\":\"ListItem\",\"position\":2,\"name\":\"M\u0259hsullar\",\"item\":\"https:\/\/climatemaster.ge\/products\/\"},{\"@type\":\"ListItem\",\"position\":3,\"name\":\"TEZL\u0130K \u0130NVERTERLER\u0130\"}]},{\"@type\":\"WebSite\",\"@id\":\"https:\/\/climatemaster.ge\/#website\",\"url\":\"https:\/\/climatemaster.ge\/\",\"name\":\"Climate Master\",\"description\":\"\",\"publisher\":{\"@id\":\"https:\/\/climatemaster.ge\/#organization\"},\"potentialAction\":[{\"@type\":\"SearchAction\",\"target\":{\"@type\":\"EntryPoint\",\"urlTemplate\":\"https:\/\/climatemaster.ge\/?s={search_term_string}\"},\"query-input\":{\"@type\":\"PropertyValueSpecification\",\"valueRequired\":true,\"valueName\":\"search_term_string\"}}],\"inLanguage\":\"az\"},{\"@type\":\"Organization\",\"@id\":\"https:\/\/climatemaster.ge\/#organization\",\"name\":\"Climate Master\",\"url\":\"https:\/\/climatemaster.ge\/\",\"logo\":{\"@type\":\"ImageObject\",\"inLanguage\":\"az\",\"@id\":\"https:\/\/climatemaster.ge\/#\/schema\/logo\/image\/\",\"url\":\"https:\/\/climatemaster.ge\/wp-content\/uploads\/2026\/03\/Untitled-2.png\",\"contentUrl\":\"https:\/\/climatemaster.ge\/wp-content\/uploads\/2026\/03\/Untitled-2.png\",\"width\":600,\"height\":338,\"caption\":\"Climate Master\"},\"image\":{\"@id\":\"https:\/\/climatemaster.ge\/#\/schema\/logo\/image\/\"}}]}<\/script>\n<!-- \/ Yoast SEO plugin. -->","yoast_head_json":{"title":"TEZL\u0130K \u0130NVERTERLER\u0130 - Climate Master","robots":{"index":"index","follow":"follow","max-snippet":"max-snippet:-1","max-image-preview":"max-image-preview:large","max-video-preview":"max-video-preview:-1"},"canonical":"https:\/\/climatemaster.ge\/az\/product\/frequency-inverters\/","og_locale":"az_AZ","og_type":"article","og_title":"TEZL\u0130K \u0130NVERTERLER\u0130 - Climate Master","og_description":"TEZL\u0130K \u0130NVERTERL\u018fR\u0130N\u0130N \u0130ST\u0130FAD\u018fS\u0130 Fan\u0131 idar\u0259 etm\u0259k\/ba\u015flatmaq \u00fc\u00e7\u00fcn tezlik \u00e7eviricil\u0259rinin istifad\u0259si il\u0259 fan s\u00fcr\u0259ti 0-dan tam s\u00fcr\u0259t\u0259 q\u0259d\u0259r ist\u0259nil\u0259n s\u0259viyy\u0259y\u0259 t\u0259yin edil\u0259 bil\u0259r. Bu, 0-300 Hz tezliyi \u00e7\u0131xaran \u00e7eviricinin funksiyas\u0131 il\u0259 \u0259ld\u0259 edilir. Normalda, tunel fan\u0131 \u00fc\u00e7\u00fcn tezlik \u00e7eviricisind\u0259n \u00e7\u0131x\u0131\u015f 10-60 Hz-dir. 10 Hz-d\u0259n a\u015fa\u011f\u0131 olduqda, fan m\u00fch\u0259rrikl\u0259rinin soyumas\u0131 a\u015fa\u011f\u0131 v\u0259 60 Hz-d\u0259n y\u00fcks\u0259k ola bil\u0259r, fan \u00e7arx\u0131ndak\u0131 g\u0259rginlik \u00e7ox y\u00fcks\u0259k olma\u011fa ba\u015flay\u0131r.","og_url":"https:\/\/climatemaster.ge\/az\/product\/frequency-inverters\/","og_site_name":"Climate Master","article_modified_time":"2025-03-27T08:22:34+00:00","og_image":[{"width":560,"height":700,"url":"https:\/\/climatemaster.ge\/wp-content\/uploads\/2025\/03\/Starter-frekvensomformare_JPG.jpg","type":"image\/jpeg"}],"twitter_card":"summary_large_image","twitter_misc":{"Est. reading time":"3 minutes"},"schema":{"@context":"https:\/\/schema.org","@graph":[{"@type":"WebPage","@id":"https:\/\/climatemaster.ge\/az\/product\/frequency-inverters\/","url":"https:\/\/climatemaster.ge\/az\/product\/frequency-inverters\/","name":"TEZL\u0130K \u0130NVERTERLER\u0130 - Climate Master","isPartOf":{"@id":"https:\/\/climatemaster.ge\/#website"},"primaryImageOfPage":{"@id":"https:\/\/climatemaster.ge\/az\/product\/frequency-inverters\/#primaryimage"},"image":{"@id":"https:\/\/climatemaster.ge\/az\/product\/frequency-inverters\/#primaryimage"},"thumbnailUrl":"https:\/\/climatemaster.ge\/wp-content\/uploads\/2025\/03\/Starter-frekvensomformare_JPG.jpg","datePublished":"2025-03-21T08:09:41+00:00","dateModified":"2025-03-27T08:22:34+00:00","breadcrumb":{"@id":"https:\/\/climatemaster.ge\/az\/product\/frequency-inverters\/#breadcrumb"},"inLanguage":"az","potentialAction":[{"@type":"ReadAction","target":["https:\/\/climatemaster.ge\/az\/product\/frequency-inverters\/"]}]},{"@type":"ImageObject","inLanguage":"az","@id":"https:\/\/climatemaster.ge\/az\/product\/frequency-inverters\/#primaryimage","url":"https:\/\/climatemaster.ge\/wp-content\/uploads\/2025\/03\/Starter-frekvensomformare_JPG.jpg","contentUrl":"https:\/\/climatemaster.ge\/wp-content\/uploads\/2025\/03\/Starter-frekvensomformare_JPG.jpg","width":560,"height":700},{"@type":"BreadcrumbList","@id":"https:\/\/climatemaster.ge\/az\/product\/frequency-inverters\/#breadcrumb","itemListElement":[{"@type":"ListItem","position":1,"name":"Home","item":"https:\/\/climatemaster.ge\/"},{"@type":"ListItem","position":2,"name":"M\u0259hsullar","item":"https:\/\/climatemaster.ge\/products\/"},{"@type":"ListItem","position":3,"name":"TEZL\u0130K \u0130NVERTERLER\u0130"}]},{"@type":"WebSite","@id":"https:\/\/climatemaster.ge\/#website","url":"https:\/\/climatemaster.ge\/","name":"Climate Master","description":"","publisher":{"@id":"https:\/\/climatemaster.ge\/#organization"},"potentialAction":[{"@type":"SearchAction","target":{"@type":"EntryPoint","urlTemplate":"https:\/\/climatemaster.ge\/?s={search_term_string}"},"query-input":{"@type":"PropertyValueSpecification","valueRequired":true,"valueName":"search_term_string"}}],"inLanguage":"az"},{"@type":"Organization","@id":"https:\/\/climatemaster.ge\/#organization","name":"Climate Master","url":"https:\/\/climatemaster.ge\/","logo":{"@type":"ImageObject","inLanguage":"az","@id":"https:\/\/climatemaster.ge\/#\/schema\/logo\/image\/","url":"https:\/\/climatemaster.ge\/wp-content\/uploads\/2026\/03\/Untitled-2.png","contentUrl":"https:\/\/climatemaster.ge\/wp-content\/uploads\/2026\/03\/Untitled-2.png","width":600,"height":338,"caption":"Climate Master"},"image":{"@id":"https:\/\/climatemaster.ge\/#\/schema\/logo\/image\/"}}]}},"_links":{"self":[{"href":"https:\/\/climatemaster.ge\/az\/wp-json\/wp\/v2\/product\/25655","targetHints":{"allow":["GET"]}}],"collection":[{"href":"https:\/\/climatemaster.ge\/az\/wp-json\/wp\/v2\/product"}],"about":[{"href":"https:\/\/climatemaster.ge\/az\/wp-json\/wp\/v2\/types\/product"}],"wp:featuredmedia":[{"embeddable":true,"href":"https:\/\/climatemaster.ge\/az\/wp-json\/wp\/v2\/media\/25632"}],"wp:attachment":[{"href":"https:\/\/climatemaster.ge\/az\/wp-json\/wp\/v2\/media?parent=25655"}],"wp:term":[{"taxonomy":"product_brand","embeddable":true,"href":"https:\/\/climatemaster.ge\/az\/wp-json\/wp\/v2\/product_brand?post=25655"},{"taxonomy":"product_cat","embeddable":true,"href":"https:\/\/climatemaster.ge\/az\/wp-json\/wp\/v2\/product_cat?post=25655"},{"taxonomy":"product_tag","embeddable":true,"href":"https:\/\/climatemaster.ge\/az\/wp-json\/wp\/v2\/product_tag?post=25655"}],"curies":[{"name":"wp","href":"https:\/\/api.w.org\/{rel}","templated":true}]}}