{"id":25621,"date":"2025-03-22T11:45:38","date_gmt":"2025-03-22T07:45:38","guid":{"rendered":"https:\/\/airsystems.ge\/shop\/product\/duct-accessories\/"},"modified":"2025-03-27T11:54:54","modified_gmt":"2025-03-27T07:54:54","slug":"duct-accessories","status":"publish","type":"product","link":"https:\/\/climatemaster.ge\/az\/product\/duct-accessories\/","title":{"rendered":"Kanal Aksesuarlar\u0131"},"content":{"rendered":"<section id=\"comp-lqc6ijoy\" class=\"Oqnisf comp-lqc6ijoy wixui-section\" tabindex=\"-1\" data-block-level-container=\"ClassicSection\">\n<div class=\"\" data-mesh-id=\"comp-lqc6ijoyinlineContent\" data-testid=\"inline-content\">\n<div data-mesh-id=\"comp-lqc6ijoyinlineContent-gridContainer\" data-testid=\"mesh-container-content\">\n<section id=\"comp-k2uaqx8m\" class=\"comp-k2uaqx8m CohWsy wixui-column-strip\">\n<div class=\"V5AUxf\" data-testid=\"columns\">\n<div id=\"comp-k2uaqx8n\" class=\"comp-k2uaqx8n YzqVVZ wixui-column-strip__column\">\n<div id=\"bgLayers_comp-k2uaqx8n\" class=\"MW5IWV\" data-hook=\"bgLayers\" data-motion-part=\"BG_LAYER comp-k2uaqx8n\">\n<div id=\"bgMedia_comp-k2uaqx8n\" class=\"VgO9Yg\" data-motion-part=\"BG_MEDIA comp-k2uaqx8n\">\n<p>T\u018fM\u0130R KOLU<br \/>\n\u0130stifad\u0259si Asan, Y\u00fcks\u0259k Effektivdir<\/p>\n<p>Swedfan Repair Sleeve \u00e7evik kanallar\u0131n de\u015fikl\u0259rini v\u0259 y\u0131rt\u0131qlar\u0131n\u0131 t\u0259mir etm\u0259k \u00fc\u00e7\u00fcn s\u00fcr\u0259tli v\u0259 t\u0259hl\u00fck\u0259siz al\u0259tdir. Qol standart kanal material\u0131ndan v\u0259 qolu ba\u011flamaq \u00fc\u00e7\u00fcn uzununa fermuardan haz\u0131rlan\u0131r. Qol t\u0259qrib\u0259n haz\u0131rlan\u0131r. Kanal\u0131n nominal diametrind\u0259n 0,5% ki\u00e7ikdir ki, bu da kanala t\u0259zyiq edildikd\u0259n sonra qolun kanala qar\u015f\u0131 h\u0259qiq\u0259t\u0259n s\u0131x olmas\u0131na imkan ver\u0259c\u0259kdir. T\u0259mir kollu il\u0259 t\u0259mir pe\u015f\u0259karcas\u0131na apar\u0131lacaq v\u0259 ist\u0259nil\u0259n \u00e7uxurdan s\u0131zma minimuma en\u0259c\u0259k.<\/p>\n<p>&nbsp;<\/p>\n<p>T\u0259mir qollar\u0131 1,0, 2,0, 3,0 v\u0259 5,0 m standart uzunluqlarda istehsal olunur. Dig\u0259r uzunluqlar sifari\u015f \u0259sas\u0131nda haz\u0131rlanacaq.<\/p>\n<\/div>\n<\/div>\n<div class=\"\" data-mesh-id=\"comp-k2uaqx8ninlineContent\" data-testid=\"inline-content\">\n<div data-mesh-id=\"comp-k2uaqx8ninlineContent-gridContainer\" data-testid=\"mesh-container-content\">\n<section id=\"comp-k2uaqx8n1\" class=\"comp-k2uaqx8n1 CohWsy wixui-column-strip\">\n<div class=\"V5AUxf\" data-testid=\"columns\">\n<div id=\"comp-k2uaqx8n6\" class=\"comp-k2uaqx8n6 YzqVVZ wixui-column-strip__column\">\n<div id=\"bgLayers_comp-k2uaqx8n6\" class=\"MW5IWV\" data-hook=\"bgLayers\" data-motion-part=\"BG_LAYER comp-k2uaqx8n6\">\n<div class=\"LWbAav Kv1aVt\" data-testid=\"colorUnderlay\"><\/div>\n<div id=\"bgMedia_comp-k2uaqx8n6\" class=\"VgO9Yg\" data-motion-part=\"BG_MEDIA comp-k2uaqx8n6\"><\/div>\n<\/div>\n<div class=\"\" data-mesh-id=\"comp-k2uaqx8n6inlineContent\" data-testid=\"inline-content\">\n<div data-mesh-id=\"comp-k2uaqx8n6inlineContent-gridContainer\" data-testid=\"mesh-container-content\">\n<div id=\"comp-k2uaqx8n7\" class=\"MazNVa comp-k2uaqx8n7 wixui-image\">\n<div class=\"j7pOnl\" data-testid=\"linkElement\"><img loading=\"lazy\" decoding=\"async\" id=\"img_comp-k2uaqx8n7\" class=\"BI8PVQ I5zqsT\" src=\"https:\/\/static.wixstatic.com\/media\/9e28d9_d51ae03fb2354a98a08da76ec9a9ba8d~mv2_d_1800_1700_s_2.jpg\/v1\/fill\/w_460,h_434,al_c,q_80,usm_0.66_1.00_0.01,enc_avif,quality_auto\/Repair%20Sleeve%20bild%20-%20GUL.jpg\" sizes=\"auto, 460px\" srcset=\"https:\/\/static.wixstatic.com\/media\/9e28d9_d51ae03fb2354a98a08da76ec9a9ba8d~mv2_d_1800_1700_s_2.jpg\/v1\/fill\/w_460,h_434,al_c,q_80,usm_0.66_1.00_0.01,enc_avif,quality_auto\/Repair%20Sleeve%20bild%20-%20GUL.jpg 1x, https:\/\/static.wixstatic.com\/media\/9e28d9_d51ae03fb2354a98a08da76ec9a9ba8d~mv2_d_1800_1700_s_2.jpg\/v1\/fill\/w_920,h_869,al_c,q_85,usm_0.66_1.00_0.01,enc_avif,quality_auto\/Repair%20Sleeve%20bild%20-%20GUL.jpg 2x\" alt=\"Repair Sleeve bild - GUL.jpg\" width=\"460\" height=\"680\" \/><\/div>\n<\/div>\n<\/div>\n<\/div>\n<\/div>\n<\/div>\n<\/section>\n<\/div>\n<\/div>\n<\/div>\n<\/div>\n<\/section>\n<div id=\"adi_page1024_1_163\" class=\"Vd6aQZ ignore-focus adi_page1024_1_163\" tabindex=\"-1\" role=\"region\" aria-label=\"Duct Accessories: About\">\n<div id=\"ductaccessoriesabout\"><\/div>\n<\/div>\n<\/div>\n<\/div>\n<\/section>\n<section id=\"comp-lqc6ijoz\" class=\"Oqnisf comp-lqc6ijoz wixui-section\" tabindex=\"-1\" data-block-level-container=\"ClassicSection\">\n<div class=\"\" data-mesh-id=\"comp-lqc6ijozinlineContent\" data-testid=\"inline-content\">\n<div data-mesh-id=\"comp-lqc6ijozinlineContent-gridContainer\" data-testid=\"mesh-container-content\">\n<section id=\"comp-k24ll22q4\" class=\"comp-k24ll22q4 CohWsy wixui-column-strip\">\n<div class=\"V5AUxf\" data-testid=\"columns\">\n<div id=\"comp-k24ll22q5\" class=\"comp-k24ll22q5 YzqVVZ wixui-column-strip__column\">\n<div class=\"\" data-mesh-id=\"comp-k24ll22q5inlineContent\" data-testid=\"inline-content\">\n<div data-mesh-id=\"comp-k24ll22q5inlineContent-gridContainer\" data-testid=\"mesh-container-content\">\n<section id=\"comp-k24ll22q6\" class=\"comp-k24ll22q6 CohWsy wixui-column-strip\">\n<div class=\"V5AUxf\" data-testid=\"columns\">\n<div id=\"comp-k24ll22q7\" class=\"comp-k24ll22q7 YzqVVZ wixui-column-strip__column\">\n<div id=\"bgLayers_comp-k24ll22q7\" class=\"MW5IWV\" data-hook=\"bgLayers\" data-motion-part=\"BG_LAYER comp-k24ll22q7\">\n<div class=\"LWbAav Kv1aVt\" data-testid=\"colorUnderlay\"><\/div>\n<div id=\"bgMedia_comp-k24ll22q7\" class=\"VgO9Yg\" data-motion-part=\"BG_MEDIA comp-k24ll22q7\"><\/div>\n<\/div>\n<div class=\"\" data-mesh-id=\"comp-k24ll22q7inlineContent\" data-testid=\"inline-content\">\n<div data-mesh-id=\"comp-k24ll22q7inlineContent-gridContainer\" data-testid=\"mesh-container-content\">\n<div id=\"comp-k24ll22q8\" class=\"HcOXKn SxM0TO QxJLC3 lq2cno YQcXTT comp-k24ll22q8 wixui-rich-text\" data-testid=\"richTextElement\">\n<p class=\"font_6 wixui-rich-text__text\"><strong>T\u018fM\u0130R D\u018fST\u0130<\/strong><\/p>\n<p class=\"font_6 wixui-rich-text__text\">\nSWEDFAN T\u0259mir D\u0259sti, z\u0259d\u0259l\u0259nmi\u015f kanal\u0131 t\u0259mir etm\u0259k \u00fc\u00e7\u00fcn rulonlu isti hava tabancas\u0131 v\u0259 1 m\u00b2 PVC materialdan ibar\u0259tdir. \u00dcz\u0259rind\u0259 i\u015fl\u0259m\u0259k \u00fc\u00e7\u00fcn h\u0259mi\u015f\u0259 t\u0259miz v\u0259 quru bir par\u00e7a var. \u0130sti hava tabancas\u0131 il\u0259 t\u0259mir kanallar\u0131 t\u0259mir etm\u0259yin pe\u015f\u0259kar yoludur. N\u0259tic\u0259 t\u0259mir edilmi\u015f z\u0259d\u0259nin optimal davaml\u0131l\u0131\u011f\u0131 v\u0259 s\u0131zma olmamas\u0131d\u0131r. \u0130sti hava tabancas\u0131ndan istifad\u0259 ed\u0259rk\u0259n h\u0259mi\u015f\u0259 t\u0259mir etdiyiniz sah\u0259nin alt\u0131nda birba\u015fa n\u0259s\u0259 olsun! \u00c7ox istidir, istifad\u0259 ed\u0259rk\u0259n diqq\u0259tli olun v\u0259 \u00f6z\u00fcn\u00fcz\u00fc qoruyun!<\/p>\n<\/div>\n<\/div>\n<\/div>\n<\/div>\n<div id=\"comp-k24ll22r1\" class=\"comp-k24ll22r1 YzqVVZ wixui-column-strip__column\">\n<div id=\"bgLayers_comp-k24ll22r1\" class=\"MW5IWV\" data-hook=\"bgLayers\" data-motion-part=\"BG_LAYER comp-k24ll22r1\">\n<div id=\"bgMedia_comp-k24ll22r1\" class=\"VgO9Yg\" data-motion-part=\"BG_MEDIA comp-k24ll22r1\"><img loading=\"lazy\" decoding=\"async\" id=\"img_comp-k24ll22r2\" class=\"BI8PVQ I5zqsT\" src=\"https:\/\/static.wixstatic.com\/media\/9e28d9_b9392ed47fa04d5dab1ebe6b9bb37ad6~mv2.jpg\/v1\/fill\/w_460,h_350,al_c,q_80,usm_0.66_1.00_0.01,enc_avif,quality_auto\/Leister_redigerad.jpg\" sizes=\"auto, 460px\" srcset=\"https:\/\/static.wixstatic.com\/media\/9e28d9_b9392ed47fa04d5dab1ebe6b9bb37ad6~mv2.jpg\/v1\/fill\/w_460,h_350,al_c,q_80,usm_0.66_1.00_0.01,enc_avif,quality_auto\/Leister_redigerad.jpg 1x, https:\/\/static.wixstatic.com\/media\/9e28d9_b9392ed47fa04d5dab1ebe6b9bb37ad6~mv2.jpg\/v1\/fill\/w_718,h_547,al_c,q_85,enc_avif,quality_auto\/Leister_redigerad.jpg 2x\" alt=\"Leister_redigerad.jpg\" width=\"460\" height=\"480\" \/><\/div>\n<\/div>\n<\/div>\n<\/div>\n<\/section>\n<\/div>\n<\/div>\n<\/div>\n<\/div>\n<\/section>\n<div id=\"adi_page1024_1_164\" class=\"Vd6aQZ ignore-focus adi_page1024_1_164\" tabindex=\"-1\" role=\"region\" aria-label=\"Duct Accessories: About\">\n<div id=\"ductaccessoriesabout\"><\/div>\n<\/div>\n<\/div>\n<\/div>\n<\/section>\n<section id=\"comp-lqc6ijoz1\" class=\"Oqnisf comp-lqc6ijoz1 wixui-section\" tabindex=\"-1\" data-block-level-container=\"ClassicSection\">\n<div id=\"bgLayers_comp-lqc6ijoz1\" class=\"MW5IWV\" data-hook=\"bgLayers\" data-motion-part=\"BG_LAYER comp-lqc6ijoz1\">\n<div class=\"LWbAav Kv1aVt\" data-testid=\"colorUnderlay\"><\/div>\n<div id=\"bgMedia_comp-lqc6ijoz1\" class=\"VgO9Yg\" data-motion-part=\"BG_MEDIA comp-lqc6ijoz1\"><img loading=\"lazy\" decoding=\"async\" id=\"img_comp-k24ll22s\" class=\"BI8PVQ I5zqsT\" src=\"https:\/\/static.wixstatic.com\/media\/9e28d9_0d5374d680584bddb5f9a490027147f0~mv2.png\/v1\/fill\/w_940,h_342,al_c,q_85,usm_0.66_1.00_0.01,enc_avif,quality_auto\/Repair%20Kit.png\" sizes=\"auto, 940px\" srcset=\"https:\/\/static.wixstatic.com\/media\/9e28d9_0d5374d680584bddb5f9a490027147f0~mv2.png\/v1\/fill\/w_940,h_342,al_c,q_85,usm_0.66_1.00_0.01,enc_avif,quality_auto\/Repair%20Kit.png 1x, https:\/\/static.wixstatic.com\/media\/9e28d9_0d5374d680584bddb5f9a490027147f0~mv2.png\/v1\/fill\/w_1880,h_685,al_c,q_90,usm_0.66_1.00_0.01,enc_avif,quality_auto\/Repair%20Kit.png 2x\" alt=\"Repair Kit.png\" width=\"940\" height=\"440\" \/><\/div>\n<\/div>\n<\/section>\n","protected":false},"excerpt":{"rendered":"<p>T\u018fM\u0130R KOLU \u0130stifad\u0259si Asan, Y\u00fcks\u0259k Effektivdir Swedfan Repair Sleeve \u00e7evik kanallar\u0131n de\u015fikl\u0259rini v\u0259 y\u0131rt\u0131qlar\u0131n\u0131 t\u0259mir etm\u0259k \u00fc\u00e7\u00fcn s\u00fcr\u0259tli v\u0259 t\u0259hl\u00fck\u0259siz<\/p>\n","protected":false},"featured_media":25603,"template":"","meta":[],"product_brand":[],"product_cat":[1109,1079],"product_tag":[],"class_list":{"0":"post-25621","1":"product","2":"type-product","3":"status-publish","4":"has-post-thumbnail","6":"product_cat-tunel-kanal-az","7":"product_cat-underground-ventilation-tunnel-mining-ventilation-az","9":"first","10":"instock","11":"shipping-taxable","12":"product-type-simple"},"yoast_head":"<!-- This site is optimized with the Yoast SEO plugin v27.1.1 - https:\/\/yoast.com\/product\/yoast-seo-wordpress\/ -->\n<title>Kanal Aksesuarlar\u0131 - Climate Master<\/title>\n<meta name=\"robots\" content=\"index, follow, max-snippet:-1, max-image-preview:large, max-video-preview:-1\" \/>\n<link rel=\"canonical\" href=\"https:\/\/climatemaster.ge\/az\/product\/duct-accessories\/\" \/>\n<meta property=\"og:locale\" content=\"az_AZ\" \/>\n<meta property=\"og:type\" content=\"article\" \/>\n<meta property=\"og:title\" content=\"Kanal Aksesuarlar\u0131 - Climate Master\" \/>\n<meta property=\"og:description\" content=\"T\u018fM\u0130R KOLU \u0130stifad\u0259si Asan, Y\u00fcks\u0259k Effektivdir Swedfan Repair Sleeve \u00e7evik kanallar\u0131n de\u015fikl\u0259rini v\u0259 y\u0131rt\u0131qlar\u0131n\u0131 t\u0259mir etm\u0259k \u00fc\u00e7\u00fcn s\u00fcr\u0259tli v\u0259 t\u0259hl\u00fck\u0259siz\" \/>\n<meta property=\"og:url\" content=\"https:\/\/climatemaster.ge\/az\/product\/duct-accessories\/\" \/>\n<meta property=\"og:site_name\" content=\"Climate Master\" \/>\n<meta property=\"article:modified_time\" content=\"2025-03-27T07:54:54+00:00\" \/>\n<meta property=\"og:image\" content=\"https:\/\/climatemaster.ge\/wp-content\/uploads\/2025\/03\/Repair-Sleeve-bild-GUL.jpg\" \/>\n\t<meta property=\"og:image:width\" content=\"460\" \/>\n\t<meta property=\"og:image:height\" content=\"434\" \/>\n\t<meta property=\"og:image:type\" content=\"image\/jpeg\" \/>\n<meta name=\"twitter:card\" content=\"summary_large_image\" \/>\n<meta name=\"twitter:label1\" content=\"Est. reading time\" \/>\n\t<meta name=\"twitter:data1\" content=\"1 minute\" \/>\n<script type=\"application\/ld+json\" class=\"yoast-schema-graph\">{\"@context\":\"https:\/\/schema.org\",\"@graph\":[{\"@type\":\"WebPage\",\"@id\":\"https:\/\/climatemaster.ge\/az\/product\/duct-accessories\/\",\"url\":\"https:\/\/climatemaster.ge\/az\/product\/duct-accessories\/\",\"name\":\"Kanal Aksesuarlar\u0131 - Climate Master\",\"isPartOf\":{\"@id\":\"https:\/\/climatemaster.ge\/#website\"},\"primaryImageOfPage\":{\"@id\":\"https:\/\/climatemaster.ge\/az\/product\/duct-accessories\/#primaryimage\"},\"image\":{\"@id\":\"https:\/\/climatemaster.ge\/az\/product\/duct-accessories\/#primaryimage\"},\"thumbnailUrl\":\"https:\/\/climatemaster.ge\/wp-content\/uploads\/2025\/03\/Repair-Sleeve-bild-GUL.jpg\",\"datePublished\":\"2025-03-22T07:45:38+00:00\",\"dateModified\":\"2025-03-27T07:54:54+00:00\",\"breadcrumb\":{\"@id\":\"https:\/\/climatemaster.ge\/az\/product\/duct-accessories\/#breadcrumb\"},\"inLanguage\":\"az\",\"potentialAction\":[{\"@type\":\"ReadAction\",\"target\":[\"https:\/\/climatemaster.ge\/az\/product\/duct-accessories\/\"]}]},{\"@type\":\"ImageObject\",\"inLanguage\":\"az\",\"@id\":\"https:\/\/climatemaster.ge\/az\/product\/duct-accessories\/#primaryimage\",\"url\":\"https:\/\/climatemaster.ge\/wp-content\/uploads\/2025\/03\/Repair-Sleeve-bild-GUL.jpg\",\"contentUrl\":\"https:\/\/climatemaster.ge\/wp-content\/uploads\/2025\/03\/Repair-Sleeve-bild-GUL.jpg\",\"width\":460,\"height\":434},{\"@type\":\"BreadcrumbList\",\"@id\":\"https:\/\/climatemaster.ge\/az\/product\/duct-accessories\/#breadcrumb\",\"itemListElement\":[{\"@type\":\"ListItem\",\"position\":1,\"name\":\"Home\",\"item\":\"https:\/\/climatemaster.ge\/\"},{\"@type\":\"ListItem\",\"position\":2,\"name\":\"M\u0259hsullar\",\"item\":\"https:\/\/climatemaster.ge\/products\/\"},{\"@type\":\"ListItem\",\"position\":3,\"name\":\"Kanal Aksesuarlar\u0131\"}]},{\"@type\":\"WebSite\",\"@id\":\"https:\/\/climatemaster.ge\/#website\",\"url\":\"https:\/\/climatemaster.ge\/\",\"name\":\"Climate Master\",\"description\":\"\",\"publisher\":{\"@id\":\"https:\/\/climatemaster.ge\/#organization\"},\"potentialAction\":[{\"@type\":\"SearchAction\",\"target\":{\"@type\":\"EntryPoint\",\"urlTemplate\":\"https:\/\/climatemaster.ge\/?s={search_term_string}\"},\"query-input\":{\"@type\":\"PropertyValueSpecification\",\"valueRequired\":true,\"valueName\":\"search_term_string\"}}],\"inLanguage\":\"az\"},{\"@type\":\"Organization\",\"@id\":\"https:\/\/climatemaster.ge\/#organization\",\"name\":\"Climate Master\",\"url\":\"https:\/\/climatemaster.ge\/\",\"logo\":{\"@type\":\"ImageObject\",\"inLanguage\":\"az\",\"@id\":\"https:\/\/climatemaster.ge\/#\/schema\/logo\/image\/\",\"url\":\"https:\/\/climatemaster.ge\/wp-content\/uploads\/2026\/03\/Untitled-2.png\",\"contentUrl\":\"https:\/\/climatemaster.ge\/wp-content\/uploads\/2026\/03\/Untitled-2.png\",\"width\":600,\"height\":338,\"caption\":\"Climate Master\"},\"image\":{\"@id\":\"https:\/\/climatemaster.ge\/#\/schema\/logo\/image\/\"}}]}<\/script>\n<!-- \/ Yoast SEO plugin. -->","yoast_head_json":{"title":"Kanal Aksesuarlar\u0131 - Climate Master","robots":{"index":"index","follow":"follow","max-snippet":"max-snippet:-1","max-image-preview":"max-image-preview:large","max-video-preview":"max-video-preview:-1"},"canonical":"https:\/\/climatemaster.ge\/az\/product\/duct-accessories\/","og_locale":"az_AZ","og_type":"article","og_title":"Kanal Aksesuarlar\u0131 - Climate Master","og_description":"T\u018fM\u0130R KOLU \u0130stifad\u0259si Asan, Y\u00fcks\u0259k Effektivdir Swedfan Repair Sleeve \u00e7evik kanallar\u0131n de\u015fikl\u0259rini v\u0259 y\u0131rt\u0131qlar\u0131n\u0131 t\u0259mir etm\u0259k \u00fc\u00e7\u00fcn s\u00fcr\u0259tli v\u0259 t\u0259hl\u00fck\u0259siz","og_url":"https:\/\/climatemaster.ge\/az\/product\/duct-accessories\/","og_site_name":"Climate Master","article_modified_time":"2025-03-27T07:54:54+00:00","og_image":[{"width":460,"height":434,"url":"https:\/\/climatemaster.ge\/wp-content\/uploads\/2025\/03\/Repair-Sleeve-bild-GUL.jpg","type":"image\/jpeg"}],"twitter_card":"summary_large_image","twitter_misc":{"Est. reading time":"1 minute"},"schema":{"@context":"https:\/\/schema.org","@graph":[{"@type":"WebPage","@id":"https:\/\/climatemaster.ge\/az\/product\/duct-accessories\/","url":"https:\/\/climatemaster.ge\/az\/product\/duct-accessories\/","name":"Kanal Aksesuarlar\u0131 - Climate Master","isPartOf":{"@id":"https:\/\/climatemaster.ge\/#website"},"primaryImageOfPage":{"@id":"https:\/\/climatemaster.ge\/az\/product\/duct-accessories\/#primaryimage"},"image":{"@id":"https:\/\/climatemaster.ge\/az\/product\/duct-accessories\/#primaryimage"},"thumbnailUrl":"https:\/\/climatemaster.ge\/wp-content\/uploads\/2025\/03\/Repair-Sleeve-bild-GUL.jpg","datePublished":"2025-03-22T07:45:38+00:00","dateModified":"2025-03-27T07:54:54+00:00","breadcrumb":{"@id":"https:\/\/climatemaster.ge\/az\/product\/duct-accessories\/#breadcrumb"},"inLanguage":"az","potentialAction":[{"@type":"ReadAction","target":["https:\/\/climatemaster.ge\/az\/product\/duct-accessories\/"]}]},{"@type":"ImageObject","inLanguage":"az","@id":"https:\/\/climatemaster.ge\/az\/product\/duct-accessories\/#primaryimage","url":"https:\/\/climatemaster.ge\/wp-content\/uploads\/2025\/03\/Repair-Sleeve-bild-GUL.jpg","contentUrl":"https:\/\/climatemaster.ge\/wp-content\/uploads\/2025\/03\/Repair-Sleeve-bild-GUL.jpg","width":460,"height":434},{"@type":"BreadcrumbList","@id":"https:\/\/climatemaster.ge\/az\/product\/duct-accessories\/#breadcrumb","itemListElement":[{"@type":"ListItem","position":1,"name":"Home","item":"https:\/\/climatemaster.ge\/"},{"@type":"ListItem","position":2,"name":"M\u0259hsullar","item":"https:\/\/climatemaster.ge\/products\/"},{"@type":"ListItem","position":3,"name":"Kanal Aksesuarlar\u0131"}]},{"@type":"WebSite","@id":"https:\/\/climatemaster.ge\/#website","url":"https:\/\/climatemaster.ge\/","name":"Climate Master","description":"","publisher":{"@id":"https:\/\/climatemaster.ge\/#organization"},"potentialAction":[{"@type":"SearchAction","target":{"@type":"EntryPoint","urlTemplate":"https:\/\/climatemaster.ge\/?s={search_term_string}"},"query-input":{"@type":"PropertyValueSpecification","valueRequired":true,"valueName":"search_term_string"}}],"inLanguage":"az"},{"@type":"Organization","@id":"https:\/\/climatemaster.ge\/#organization","name":"Climate Master","url":"https:\/\/climatemaster.ge\/","logo":{"@type":"ImageObject","inLanguage":"az","@id":"https:\/\/climatemaster.ge\/#\/schema\/logo\/image\/","url":"https:\/\/climatemaster.ge\/wp-content\/uploads\/2026\/03\/Untitled-2.png","contentUrl":"https:\/\/climatemaster.ge\/wp-content\/uploads\/2026\/03\/Untitled-2.png","width":600,"height":338,"caption":"Climate Master"},"image":{"@id":"https:\/\/climatemaster.ge\/#\/schema\/logo\/image\/"}}]}},"_links":{"self":[{"href":"https:\/\/climatemaster.ge\/az\/wp-json\/wp\/v2\/product\/25621","targetHints":{"allow":["GET"]}}],"collection":[{"href":"https:\/\/climatemaster.ge\/az\/wp-json\/wp\/v2\/product"}],"about":[{"href":"https:\/\/climatemaster.ge\/az\/wp-json\/wp\/v2\/types\/product"}],"wp:featuredmedia":[{"embeddable":true,"href":"https:\/\/climatemaster.ge\/az\/wp-json\/wp\/v2\/media\/25603"}],"wp:attachment":[{"href":"https:\/\/climatemaster.ge\/az\/wp-json\/wp\/v2\/media?parent=25621"}],"wp:term":[{"taxonomy":"product_brand","embeddable":true,"href":"https:\/\/climatemaster.ge\/az\/wp-json\/wp\/v2\/product_brand?post=25621"},{"taxonomy":"product_cat","embeddable":true,"href":"https:\/\/climatemaster.ge\/az\/wp-json\/wp\/v2\/product_cat?post=25621"},{"taxonomy":"product_tag","embeddable":true,"href":"https:\/\/climatemaster.ge\/az\/wp-json\/wp\/v2\/product_tag?post=25621"}],"curies":[{"name":"wp","href":"https:\/\/api.w.org\/{rel}","templated":true}]}}