{"id":25590,"date":"2025-03-23T10:52:33","date_gmt":"2025-03-23T06:52:33","guid":{"rendered":"https:\/\/airsystems.ge\/shop\/product\/special-ducts\/"},"modified":"2025-03-27T11:03:34","modified_gmt":"2025-03-27T07:03:34","slug":"special-ducts","status":"publish","type":"product","link":"https:\/\/climatemaster.ge\/az\/product\/special-ducts\/","title":{"rendered":"X\u00dcSUS\u0130 KANALLAR"},"content":{"rendered":"<section id=\"comp-lqc6ijn3\" class=\"Oqnisf comp-lqc6ijn3 wixui-section\" tabindex=\"-1\" data-block-level-container=\"ClassicSection\">\n<div class=\"\" data-mesh-id=\"comp-lqc6ijn3inlineContent\" data-testid=\"inline-content\">\n<div data-mesh-id=\"comp-lqc6ijn3inlineContent-gridContainer\" data-testid=\"mesh-container-content\">\n<section id=\"comp-k2oqukro\" class=\"comp-k2oqukro CohWsy wixui-column-strip\">\n<div class=\"V5AUxf\" data-testid=\"columns\">\n<div id=\"comp-k2oqukro1\" class=\"comp-k2oqukro1 YzqVVZ wixui-column-strip__column\">\n<div class=\"\" data-mesh-id=\"comp-k2oqukro1inlineContent\" data-testid=\"inline-content\">\n<div data-mesh-id=\"comp-k2oqukro1inlineContent-gridContainer\" data-testid=\"mesh-container-content\">\n<div id=\"comp-k2oqukrr1\" class=\"HcOXKn SxM0TO QxJLC3 lq2cno YQcXTT comp-k2oqukrr1 wixui-rich-text\" data-testid=\"richTextElement\">\n<div class=\"\" data-mesh-id=\"comp-k2oqukro1inlineContent\" data-testid=\"inline-content\">\n<div data-mesh-id=\"comp-k2oqukro1inlineContent-gridContainer\" data-testid=\"mesh-container-content\">\n<div id=\"comp-k2oqukrr1\" class=\"HcOXKn SxM0TO QxJLC3 lq2cno YQcXTT comp-k2oqukrr1 wixui-rich-text\" data-testid=\"richTextElement\">\n<p class=\"font_9 wixui-rich-text__text\"><img loading=\"lazy\" decoding=\"async\" id=\"img_comp-k2orxb9g4\" class=\"BI8PVQ I5zqsT\" src=\"https:\/\/static.wixstatic.com\/media\/9e28d9_40856967ef754653a3be4814f53c4010~mv2_d_3000_2400_s_4_2.jpg\/v1\/fill\/w_460,h_368,al_c,q_80,usm_0.66_1.00_0.01,enc_avif,quality_auto\/SpecialDuct.jpg\" sizes=\"auto, 460px\" srcset=\"https:\/\/static.wixstatic.com\/media\/9e28d9_40856967ef754653a3be4814f53c4010~mv2_d_3000_2400_s_4_2.jpg\/v1\/fill\/w_460,h_368,al_c,q_80,usm_0.66_1.00_0.01,enc_avif,quality_auto\/SpecialDuct.jpg 1x, https:\/\/static.wixstatic.com\/media\/9e28d9_40856967ef754653a3be4814f53c4010~mv2_d_3000_2400_s_4_2.jpg\/v1\/fill\/w_920,h_736,al_c,q_85,usm_0.66_1.00_0.01,enc_avif,quality_auto\/SpecialDuct.jpg 2x\" alt=\"SpecialDuct.jpg\" width=\"460\" height=\"580\" \/><\/p>\n<\/div>\n<\/div>\n<\/div>\n<\/div>\n<\/div>\n<\/div>\n<\/div>\n<\/div>\n<\/section>\n<\/div>\n<\/div>\n<\/section>\n<section id=\"comp-lqc6ijn4\" class=\"Oqnisf comp-lqc6ijn4 wixui-section\" tabindex=\"-1\" data-block-level-container=\"ClassicSection\">\n<div class=\"\" data-mesh-id=\"comp-lqc6ijn4inlineContent\" data-testid=\"inline-content\">\n<div data-mesh-id=\"comp-lqc6ijn4inlineContent-gridContainer\" data-testid=\"mesh-container-content\">\n<section id=\"comp-k2orxb9g\" class=\"comp-k2orxb9g CohWsy wixui-column-strip\">\n<div class=\"V5AUxf\" data-testid=\"columns\">\n<div id=\"comp-k2orxb9g1\" class=\"comp-k2orxb9g1 YzqVVZ wixui-column-strip__column\">\n<div class=\"\" data-mesh-id=\"comp-k2orxb9g1inlineContent\" data-testid=\"inline-content\">\n<div data-mesh-id=\"comp-k2orxb9g1inlineContent-gridContainer\" data-testid=\"mesh-container-content\">\n<section id=\"comp-k2orxb9g2\" class=\"comp-k2orxb9g2 CohWsy wixui-column-strip\">\n<div class=\"V5AUxf\" data-testid=\"columns\">\n<div id=\"comp-k2orxb9g5\" class=\"comp-k2orxb9g5 YzqVVZ wixui-column-strip__column\">\n<div id=\"bgLayers_comp-k2orxb9g5\" class=\"MW5IWV\" data-hook=\"bgLayers\" data-motion-part=\"BG_LAYER comp-k2orxb9g5\">\n<div id=\"bgMedia_comp-k2orxb9g5\" class=\"VgO9Yg\" data-motion-part=\"BG_MEDIA comp-k2orxb9g5\">\n<p>SWEDFAN BENDS, standart<\/p>\n<p>Titan FR-RSX PVC \u00f6rt\u00fckl\u00fc par\u00e7adan haz\u0131rlanm\u0131\u015fd\u0131r. SWEDFAN \u0259yilm\u0259l\u0259ri 30, 45, 60 v\u0259 90 d\u0259r\u0259c\u0259 kimi h\u0259r iki standart d\u00f6ng\u0259d\u0259 g\u0259lir, lakin h\u0259m d\u0259 x\u00fcsusi \u00f6l\u00e7\u00fcl\u0259riniz\u0259 uy\u011funla\u015fd\u0131r\u0131la bil\u0259r.<\/p>\n<p>&nbsp;<\/p>\n<p>SWEDFAN\u00a0FILIAL BORULARI, standart<\/p>\n<p>Titan FR-RSX PVC \u00f6rt\u00fckl\u00fc par\u00e7adan haz\u0131rlanm\u0131\u015fd\u0131r.<\/p>\n<p>&nbsp;<\/p>\n<p>SVEDFAN Y-BRANCH, standart<\/p>\n<p>Titan FR-RSX PVC \u00f6rt\u00fckl\u00fc par\u00e7adan haz\u0131rlanm\u0131\u015fd\u0131r.<\/p>\n<p>&nbsp;<\/p>\n<p>SWEDFAN KONUS BORULARI, standart<\/p>\n<p>Titan FR-RSX PVC \u00f6rt\u00fckl\u00fc par\u00e7adan haz\u0131rlanm\u0131\u015fd\u0131r.<\/p>\n<\/div>\n<\/div>\n<\/div>\n<\/div>\n<\/section>\n<\/div>\n<\/div>\n<\/div>\n<\/div>\n<\/section>\n<\/div>\n<\/div>\n<\/section>\n","protected":false},"excerpt":{"rendered":"<section id=\"comp-lqc6ijn3\" class=\"Oqnisf comp-lqc6ijn3 wixui-section\" tabindex=\"-1\" data-block-level-container=\"ClassicSection\">\n<div class=\"\" data-mesh-id=\"comp-lqc6ijn3inlineContent\" data-testid=\"inline-content\">\n<div data-mesh-id=\"comp-lqc6ijn3inlineContent-gridContainer\" data-testid=\"mesh-container-content\">\n<section id=\"comp-k2oqukro\" class=\"comp-k2oqukro CohWsy wixui-column-strip\">\n<div class=\"V5AUxf\" data-testid=\"columns\">\n<div id=\"comp-k2oqukro1\" class=\"comp-k2oqukro1 YzqVVZ wixui-column-strip__column\">\n<div id=\"bgLayers_comp-k2oqukro1\" class=\"MW5IWV\" data-hook=\"bgLayers\" data-motion-part=\"BG_LAYER comp-k2oqukro1\"><\/div>\n<div class=\"\" data-mesh-id=\"comp-k2oqukro1inlineContent\" data-testid=\"inline-content\">\n<div data-mesh-id=\"comp-k2oqukro1inlineContent-gridContainer\" data-testid=\"mesh-container-content\">\n<div id=\"comp-k2oqukrr1\" class=\"HcOXKn SxM0TO QxJLC3 lq2cno YQcXTT comp-k2oqukrr1 wixui-rich-text\" data-testid=\"richTextElement\">\n<div id=\"bgLayers_comp-k2oqukro1\" class=\"MW5IWV\" data-hook=\"bgLayers\" data-motion-part=\"BG_LAYER comp-k2oqukro1\">\n<div id=\"bgMedia_comp-k2oqukro1\" class=\"VgO9Yg\" data-motion-part=\"BG_MEDIA comp-k2oqukro1\">\n<p>SWEDFAN X\u00fcsusi kanallar<\/p>\n<p>B\u00fct\u00fcn Layih\u0259l\u0259r \u00fc\u00e7\u00fcn Unikal H\u0259ll\u0259r<\/p>\n<p>SWEDFAN Filial Borular\u0131, D\u00f6ng\u0259l\u0259ri v\u0259 Konus Borular\u0131 t\u0259klif ed\u0259r\u0259k h\u0259r bir layih\u0259nin unikal t\u0259l\u0259bl\u0259rin\u0259 cavab verm\u0259k \u00fc\u00e7\u00fcn havaland\u0131rma sistemini uy\u011funla\u015fd\u0131r\u0131r.<\/p>\n<p>B\u00fct\u00fcn SWEDFAN Filial Borular\u0131, D\u00f6ng\u0259l\u0259ri v\u0259 Konus Borular\u0131 PVC \u00f6rt\u00fclm\u00fc\u015f Titan FR-RSX par\u00e7adan haz\u0131rlan\u0131r v\u0259 b\u00fct\u00fcn uclar\u0131nda Polad \u00fcz\u00fckl\u0259r, Fermuar v\u0259 ya Velcro il\u0259 t\u0259chiz oluna bil\u0259r. Asma qarmaqlar h\u0259mi\u015f\u0259 daxil edilir.<\/p>\n<\/div>\n<\/div>\n<\/div>\n<\/div>\n<\/div>\n<\/div>\n<\/div>\n<\/section>\n<\/div>\n<\/div>\n<\/section>\n","protected":false},"featured_media":25579,"template":"","meta":[],"product_brand":[],"product_cat":[1103,1079],"product_tag":[],"class_list":{"0":"post-25590","1":"product","2":"type-product","3":"status-publish","4":"has-post-thumbnail","6":"product_cat-tunel-kanallari-az","7":"product_cat-underground-ventilation-tunnel-mining-ventilation-az","9":"first","10":"instock","11":"shipping-taxable","12":"product-type-simple"},"yoast_head":"<!-- This site is optimized with the Yoast SEO plugin v27.1.1 - https:\/\/yoast.com\/product\/yoast-seo-wordpress\/ -->\n<title>X\u00dcSUS\u0130 KANALLAR - Climate Master<\/title>\n<meta name=\"robots\" content=\"index, follow, max-snippet:-1, max-image-preview:large, max-video-preview:-1\" \/>\n<link rel=\"canonical\" href=\"https:\/\/climatemaster.ge\/az\/product\/special-ducts\/\" \/>\n<meta property=\"og:locale\" content=\"az_AZ\" \/>\n<meta property=\"og:type\" content=\"article\" \/>\n<meta property=\"og:title\" content=\"X\u00dcSUS\u0130 KANALLAR - Climate Master\" \/>\n<meta property=\"og:description\" content=\"SWEDFAN X\u00fcsusi kanallar  B\u00fct\u00fcn Layih\u0259l\u0259r \u00fc\u00e7\u00fcn Unikal H\u0259ll\u0259r  SWEDFAN Filial Borular\u0131, D\u00f6ng\u0259l\u0259ri v\u0259 Konus Borular\u0131 t\u0259klif ed\u0259r\u0259k h\u0259r bir layih\u0259nin unikal t\u0259l\u0259bl\u0259rin\u0259 cavab verm\u0259k \u00fc\u00e7\u00fcn havaland\u0131rma sistemini uy\u011funla\u015fd\u0131r\u0131r.  B\u00fct\u00fcn SWEDFAN Filial Borular\u0131, D\u00f6ng\u0259l\u0259ri v\u0259 Konus Borular\u0131 PVC \u00f6rt\u00fclm\u00fc\u015f Titan FR-RSX par\u00e7adan haz\u0131rlan\u0131r v\u0259 b\u00fct\u00fcn uclar\u0131nda Polad \u00fcz\u00fckl\u0259r, Fermuar v\u0259 ya Velcro il\u0259 t\u0259chiz oluna bil\u0259r. Asma qarmaqlar h\u0259mi\u015f\u0259 daxil edilir.\" \/>\n<meta property=\"og:url\" content=\"https:\/\/climatemaster.ge\/az\/product\/special-ducts\/\" \/>\n<meta property=\"og:site_name\" content=\"Climate Master\" \/>\n<meta property=\"article:modified_time\" content=\"2025-03-27T07:03:34+00:00\" \/>\n<meta property=\"og:image\" content=\"https:\/\/climatemaster.ge\/wp-content\/uploads\/2025\/03\/9e28d9_05a2477305be4b50932e9fdfbcc04ac1mv2_d_4608_3456_s_4_2.jpg\" \/>\n\t<meta property=\"og:image:width\" content=\"1351\" \/>\n\t<meta property=\"og:image:height\" content=\"560\" \/>\n\t<meta property=\"og:image:type\" content=\"image\/jpeg\" \/>\n<meta name=\"twitter:card\" content=\"summary_large_image\" \/>\n<script type=\"application\/ld+json\" class=\"yoast-schema-graph\">{\"@context\":\"https:\/\/schema.org\",\"@graph\":[{\"@type\":\"WebPage\",\"@id\":\"https:\/\/climatemaster.ge\/az\/product\/special-ducts\/\",\"url\":\"https:\/\/climatemaster.ge\/az\/product\/special-ducts\/\",\"name\":\"X\u00dcSUS\u0130 KANALLAR - Climate Master\",\"isPartOf\":{\"@id\":\"https:\/\/climatemaster.ge\/#website\"},\"primaryImageOfPage\":{\"@id\":\"https:\/\/climatemaster.ge\/az\/product\/special-ducts\/#primaryimage\"},\"image\":{\"@id\":\"https:\/\/climatemaster.ge\/az\/product\/special-ducts\/#primaryimage\"},\"thumbnailUrl\":\"https:\/\/climatemaster.ge\/wp-content\/uploads\/2025\/03\/9e28d9_05a2477305be4b50932e9fdfbcc04ac1mv2_d_4608_3456_s_4_2.jpg\",\"datePublished\":\"2025-03-23T06:52:33+00:00\",\"dateModified\":\"2025-03-27T07:03:34+00:00\",\"breadcrumb\":{\"@id\":\"https:\/\/climatemaster.ge\/az\/product\/special-ducts\/#breadcrumb\"},\"inLanguage\":\"az\",\"potentialAction\":[{\"@type\":\"ReadAction\",\"target\":[\"https:\/\/climatemaster.ge\/az\/product\/special-ducts\/\"]}]},{\"@type\":\"ImageObject\",\"inLanguage\":\"az\",\"@id\":\"https:\/\/climatemaster.ge\/az\/product\/special-ducts\/#primaryimage\",\"url\":\"https:\/\/climatemaster.ge\/wp-content\/uploads\/2025\/03\/9e28d9_05a2477305be4b50932e9fdfbcc04ac1mv2_d_4608_3456_s_4_2.jpg\",\"contentUrl\":\"https:\/\/climatemaster.ge\/wp-content\/uploads\/2025\/03\/9e28d9_05a2477305be4b50932e9fdfbcc04ac1mv2_d_4608_3456_s_4_2.jpg\",\"width\":1351,\"height\":560},{\"@type\":\"BreadcrumbList\",\"@id\":\"https:\/\/climatemaster.ge\/az\/product\/special-ducts\/#breadcrumb\",\"itemListElement\":[{\"@type\":\"ListItem\",\"position\":1,\"name\":\"Home\",\"item\":\"https:\/\/climatemaster.ge\/\"},{\"@type\":\"ListItem\",\"position\":2,\"name\":\"M\u0259hsullar\",\"item\":\"https:\/\/climatemaster.ge\/products\/\"},{\"@type\":\"ListItem\",\"position\":3,\"name\":\"X\u00dcSUS\u0130 KANALLAR\"}]},{\"@type\":\"WebSite\",\"@id\":\"https:\/\/climatemaster.ge\/#website\",\"url\":\"https:\/\/climatemaster.ge\/\",\"name\":\"Climate Master\",\"description\":\"\",\"publisher\":{\"@id\":\"https:\/\/climatemaster.ge\/#organization\"},\"potentialAction\":[{\"@type\":\"SearchAction\",\"target\":{\"@type\":\"EntryPoint\",\"urlTemplate\":\"https:\/\/climatemaster.ge\/?s={search_term_string}\"},\"query-input\":{\"@type\":\"PropertyValueSpecification\",\"valueRequired\":true,\"valueName\":\"search_term_string\"}}],\"inLanguage\":\"az\"},{\"@type\":\"Organization\",\"@id\":\"https:\/\/climatemaster.ge\/#organization\",\"name\":\"Climate Master\",\"url\":\"https:\/\/climatemaster.ge\/\",\"logo\":{\"@type\":\"ImageObject\",\"inLanguage\":\"az\",\"@id\":\"https:\/\/climatemaster.ge\/#\/schema\/logo\/image\/\",\"url\":\"https:\/\/climatemaster.ge\/wp-content\/uploads\/2026\/03\/Untitled-2.png\",\"contentUrl\":\"https:\/\/climatemaster.ge\/wp-content\/uploads\/2026\/03\/Untitled-2.png\",\"width\":600,\"height\":338,\"caption\":\"Climate Master\"},\"image\":{\"@id\":\"https:\/\/climatemaster.ge\/#\/schema\/logo\/image\/\"}}]}<\/script>\n<!-- \/ Yoast SEO plugin. -->","yoast_head_json":{"title":"X\u00dcSUS\u0130 KANALLAR - Climate Master","robots":{"index":"index","follow":"follow","max-snippet":"max-snippet:-1","max-image-preview":"max-image-preview:large","max-video-preview":"max-video-preview:-1"},"canonical":"https:\/\/climatemaster.ge\/az\/product\/special-ducts\/","og_locale":"az_AZ","og_type":"article","og_title":"X\u00dcSUS\u0130 KANALLAR - Climate Master","og_description":"SWEDFAN X\u00fcsusi kanallar  B\u00fct\u00fcn Layih\u0259l\u0259r \u00fc\u00e7\u00fcn Unikal H\u0259ll\u0259r  SWEDFAN Filial Borular\u0131, D\u00f6ng\u0259l\u0259ri v\u0259 Konus Borular\u0131 t\u0259klif ed\u0259r\u0259k h\u0259r bir layih\u0259nin unikal t\u0259l\u0259bl\u0259rin\u0259 cavab verm\u0259k \u00fc\u00e7\u00fcn havaland\u0131rma sistemini uy\u011funla\u015fd\u0131r\u0131r.  B\u00fct\u00fcn SWEDFAN Filial Borular\u0131, D\u00f6ng\u0259l\u0259ri v\u0259 Konus Borular\u0131 PVC \u00f6rt\u00fclm\u00fc\u015f Titan FR-RSX par\u00e7adan haz\u0131rlan\u0131r v\u0259 b\u00fct\u00fcn uclar\u0131nda Polad \u00fcz\u00fckl\u0259r, Fermuar v\u0259 ya Velcro il\u0259 t\u0259chiz oluna bil\u0259r. Asma qarmaqlar h\u0259mi\u015f\u0259 daxil edilir.","og_url":"https:\/\/climatemaster.ge\/az\/product\/special-ducts\/","og_site_name":"Climate Master","article_modified_time":"2025-03-27T07:03:34+00:00","og_image":[{"width":1351,"height":560,"url":"https:\/\/climatemaster.ge\/wp-content\/uploads\/2025\/03\/9e28d9_05a2477305be4b50932e9fdfbcc04ac1mv2_d_4608_3456_s_4_2.jpg","type":"image\/jpeg"}],"twitter_card":"summary_large_image","schema":{"@context":"https:\/\/schema.org","@graph":[{"@type":"WebPage","@id":"https:\/\/climatemaster.ge\/az\/product\/special-ducts\/","url":"https:\/\/climatemaster.ge\/az\/product\/special-ducts\/","name":"X\u00dcSUS\u0130 KANALLAR - Climate Master","isPartOf":{"@id":"https:\/\/climatemaster.ge\/#website"},"primaryImageOfPage":{"@id":"https:\/\/climatemaster.ge\/az\/product\/special-ducts\/#primaryimage"},"image":{"@id":"https:\/\/climatemaster.ge\/az\/product\/special-ducts\/#primaryimage"},"thumbnailUrl":"https:\/\/climatemaster.ge\/wp-content\/uploads\/2025\/03\/9e28d9_05a2477305be4b50932e9fdfbcc04ac1mv2_d_4608_3456_s_4_2.jpg","datePublished":"2025-03-23T06:52:33+00:00","dateModified":"2025-03-27T07:03:34+00:00","breadcrumb":{"@id":"https:\/\/climatemaster.ge\/az\/product\/special-ducts\/#breadcrumb"},"inLanguage":"az","potentialAction":[{"@type":"ReadAction","target":["https:\/\/climatemaster.ge\/az\/product\/special-ducts\/"]}]},{"@type":"ImageObject","inLanguage":"az","@id":"https:\/\/climatemaster.ge\/az\/product\/special-ducts\/#primaryimage","url":"https:\/\/climatemaster.ge\/wp-content\/uploads\/2025\/03\/9e28d9_05a2477305be4b50932e9fdfbcc04ac1mv2_d_4608_3456_s_4_2.jpg","contentUrl":"https:\/\/climatemaster.ge\/wp-content\/uploads\/2025\/03\/9e28d9_05a2477305be4b50932e9fdfbcc04ac1mv2_d_4608_3456_s_4_2.jpg","width":1351,"height":560},{"@type":"BreadcrumbList","@id":"https:\/\/climatemaster.ge\/az\/product\/special-ducts\/#breadcrumb","itemListElement":[{"@type":"ListItem","position":1,"name":"Home","item":"https:\/\/climatemaster.ge\/"},{"@type":"ListItem","position":2,"name":"M\u0259hsullar","item":"https:\/\/climatemaster.ge\/products\/"},{"@type":"ListItem","position":3,"name":"X\u00dcSUS\u0130 KANALLAR"}]},{"@type":"WebSite","@id":"https:\/\/climatemaster.ge\/#website","url":"https:\/\/climatemaster.ge\/","name":"Climate Master","description":"","publisher":{"@id":"https:\/\/climatemaster.ge\/#organization"},"potentialAction":[{"@type":"SearchAction","target":{"@type":"EntryPoint","urlTemplate":"https:\/\/climatemaster.ge\/?s={search_term_string}"},"query-input":{"@type":"PropertyValueSpecification","valueRequired":true,"valueName":"search_term_string"}}],"inLanguage":"az"},{"@type":"Organization","@id":"https:\/\/climatemaster.ge\/#organization","name":"Climate Master","url":"https:\/\/climatemaster.ge\/","logo":{"@type":"ImageObject","inLanguage":"az","@id":"https:\/\/climatemaster.ge\/#\/schema\/logo\/image\/","url":"https:\/\/climatemaster.ge\/wp-content\/uploads\/2026\/03\/Untitled-2.png","contentUrl":"https:\/\/climatemaster.ge\/wp-content\/uploads\/2026\/03\/Untitled-2.png","width":600,"height":338,"caption":"Climate Master"},"image":{"@id":"https:\/\/climatemaster.ge\/#\/schema\/logo\/image\/"}}]}},"_links":{"self":[{"href":"https:\/\/climatemaster.ge\/az\/wp-json\/wp\/v2\/product\/25590","targetHints":{"allow":["GET"]}}],"collection":[{"href":"https:\/\/climatemaster.ge\/az\/wp-json\/wp\/v2\/product"}],"about":[{"href":"https:\/\/climatemaster.ge\/az\/wp-json\/wp\/v2\/types\/product"}],"wp:featuredmedia":[{"embeddable":true,"href":"https:\/\/climatemaster.ge\/az\/wp-json\/wp\/v2\/media\/25579"}],"wp:attachment":[{"href":"https:\/\/climatemaster.ge\/az\/wp-json\/wp\/v2\/media?parent=25590"}],"wp:term":[{"taxonomy":"product_brand","embeddable":true,"href":"https:\/\/climatemaster.ge\/az\/wp-json\/wp\/v2\/product_brand?post=25590"},{"taxonomy":"product_cat","embeddable":true,"href":"https:\/\/climatemaster.ge\/az\/wp-json\/wp\/v2\/product_cat?post=25590"},{"taxonomy":"product_tag","embeddable":true,"href":"https:\/\/climatemaster.ge\/az\/wp-json\/wp\/v2\/product_tag?post=25590"}],"curies":[{"name":"wp","href":"https:\/\/api.w.org\/{rel}","templated":true}]}}