{"id":25566,"date":"2025-03-24T09:58:35","date_gmt":"2025-03-24T05:58:35","guid":{"rendered":"https:\/\/airsystems.ge\/shop\/product\/flexible-ducting\/"},"modified":"2025-04-19T17:27:31","modified_gmt":"2025-04-19T13:27:31","slug":"flexible-ducting","status":"publish","type":"product","link":"https:\/\/climatemaster.ge\/az\/product\/flexible-ducting\/","title":{"rendered":"\u00c7evik hava kanal\u0131"},"content":{"rendered":"<section id=\"comp-lqc6ijnd1\" class=\"Oqnisf comp-lqc6ijnd1 wixui-section\" tabindex=\"-1\" data-block-level-container=\"ClassicSection\">\n<div class=\"\" data-mesh-id=\"comp-lqc6ijnd1inlineContent\" data-testid=\"inline-content\">\n<div data-mesh-id=\"comp-lqc6ijnd1inlineContent-gridContainer\" data-testid=\"mesh-container-content\">\n<section id=\"comp-k2ua9njn\" class=\"comp-k2ua9njn CohWsy wixui-column-strip\">\n<div class=\"V5AUxf\" data-testid=\"columns\">\n<div id=\"comp-k2ua9njn1\" class=\"comp-k2ua9njn1 YzqVVZ wixui-column-strip__column\">\n<div class=\"\" data-mesh-id=\"comp-k2ua9njn1inlineContent\" data-testid=\"inline-content\">\n<div data-mesh-id=\"comp-k2ua9njn1inlineContent-gridContainer\" data-testid=\"mesh-container-content\">\n<div id=\"comp-k2ua9njn2\" class=\"HcOXKn SxM0TO QxJLC3 lq2cno YQcXTT comp-k2ua9njn2 wixui-rich-text\" data-testid=\"richTextElement\">\n<p>X\u00dcSUS\u0130YY\u018fTL\u018fR<\/p>\n<p>SWEDFAN Flexible Kanal 300-d\u0259n 3300 mm-\u0259 q\u0259d\u0259r diametrd\u0259 v\u0259 10 m-d\u0259n 200 m-\u0259 q\u0259d\u0259r vahid uzunluqda istehsal olunur. B\u00fct\u00fcn par\u00e7a birl\u0259\u015fm\u0259l\u0259ri 40 mm enind\u0259 vulkanizasiya edilir. H\u0259r bir vahid uzunlu\u011fu diametri, vahid uzunlu\u011fu, keyfiyy\u0259t, icaz\u0259 veril\u0259n maksimum i\u015f t\u0259zyiqi v\u0259 istehsal tarixi il\u0259 ba\u011fl\u0131 m\u0259lumatlarla qeyd olunur.<\/p>\n<p>Diametr v\u0259 Keyfiyy\u0259t Standart\u0131<\/p>\n<p>SWEDFAN Flexible Kanal iki f\u0259rqli standart keyfiyy\u0259td\u0259 v\u0259 bir antistatik keyfiyy\u0259td\u0259\u00a0istehsal olunur ki, bunlar\u0131n ham\u0131s\u0131 yan\u011f\u0131na davaml\u0131l\u0131qla ba\u011fl\u0131 a\u015fa\u011f\u0131dak\u0131 DIN 4102-B1, MSHA v\u0259 EN13501-1 Alov Gecikdirici standartlar\u0131na cavab verir. SWEDFAN ISO 9001 keyfiyy\u0259t sistemin\u0259 uy\u011fun i\u015fl\u0259yir v\u0259 b\u00fct\u00fcn g\u00fcc d\u0259y\u0259rl\u0259ri davaml\u0131 olaraq istehsalda s\u0131naqdan ke\u00e7irilir.<\/p>\n<p>.<\/p>\n<p>Rip-stop<\/p>\n<p>H\u0259r d\u00fcymd\u0259 \u0259sas par\u00e7a c\u0131r\u0131lma g\u00fcc\u00fcn\u00fc k\u0259skin \u015f\u0259kild\u0259 art\u0131ran g\u00fccl\u0259ndirilmi\u015f iplikd\u0259n haz\u0131rlan\u0131r.Bu x\u00fcsusiyy\u0259t normal \u015f\u0259raitd\u0259 kanallar\u0131n uzununa daha da y\u0131rt\u0131lmas\u0131n\u0131 aradan qald\u0131r\u0131r.<\/p>\n<p>&nbsp;<\/p>\n<p>&nbsp;<\/p>\n<p>STANDART BA\u011eLAMA S\u0130STEM\u0130<\/p>\n<p>SWEDFAN Qara Fermuar<\/p>\n<p>kilidl\u0259m\u0259 s\u00fcrg\u00fcl\u0259ri v\u0259\u00a0Di\u015fl\u0259ri 8 mm.<\/p>\n<p>Kanal\u0131n h\u0259r iki ucu a\u011f\u0131r PVC tipli b\u00f6l\u00fcnm\u00fc\u015f fermuarla t\u0259chiz edilmi\u015fdir.Qoruyucu qapaq fermuar\u0131 xaricd\u0259n gizl\u0259dir v\u0259 &#8220;n\u0259 q\u0259d\u0259r y\u00fcks\u0259k t\u0259zyiq o q\u0259d\u0259r s\u0131x birl\u0259\u015fm\u0259&#8221; prinsipin\u0259 uy\u011fun olaraq birl\u0259\u015fm\u0259ni i\u00e7\u0259rid\u0259n ba\u011flay\u0131r.<\/p>\n<p>Zip-qov\u015fa\u011f\u0131 kanal\u0131n ucundak\u0131 mufta s\u0131xac\u0131n\u0131 v\u0259 polad halqan\u0131 aradan qald\u0131r\u0131r. ZIP-qov\u015fa\u011f\u0131 il\u0259 kanallar ist\u0259y\u0259 uy\u011fun olaraq paletl\u0259rd\u0259 \u00e7atd\u0131r\u0131l\u0131r. Bu, SWEDFAN kanallar\u0131n\u0131n standart birl\u0259\u015fm\u0259 sistemidir.<\/p>\n<\/div>\n<\/div>\n<\/div>\n<\/div>\n<\/div>\n<\/section>\n<\/div>\n<\/div>\n<\/section>\n<section id=\"comp-lqc6ijnd2\" class=\"Oqnisf comp-lqc6ijnd2 wixui-section\" tabindex=\"-1\" data-block-level-container=\"ClassicSection\">\n<div class=\"\" data-mesh-id=\"comp-lqc6ijnd2inlineContent\" data-testid=\"inline-content\">\n<div data-mesh-id=\"comp-lqc6ijnd2inlineContent-gridContainer\" data-testid=\"mesh-container-content\">\n<section id=\"comp-k39wksq7\" class=\"comp-k39wksq7 CohWsy wixui-column-strip\">\n<div class=\"V5AUxf\" data-testid=\"columns\">\n<div id=\"comp-k39wksqb\" class=\"comp-k39wksqb YzqVVZ wixui-column-strip__column\">\n<div class=\"\" data-mesh-id=\"comp-k39wksqbinlineContent\" data-testid=\"inline-content\">\n<div data-mesh-id=\"comp-k39wksqbinlineContent-gridContainer\" data-testid=\"mesh-container-content\">\n<section id=\"comp-k39wksqb1\" class=\"comp-k39wksqb1 CohWsy wixui-column-strip\">\n<div id=\"bgLayers_comp-k39wksqb1\" class=\"if7Vw2\" data-hook=\"bgLayers\" data-motion-part=\"BG_LAYER comp-k39wksqb1\">\n<div id=\"bgMedia_comp-k39wksqb1\" class=\"wG8dni\" data-motion-part=\"BG_MEDIA comp-k39wksqb1\"><img loading=\"lazy\" decoding=\"async\" id=\"img_comp-k39wksqb3\" class=\"BI8PVQ I5zqsT\" src=\"https:\/\/static.wixstatic.com\/media\/9e28d9_d2308ecf854841ac99973c33efbccb30~mv2_d_2676_2250_s_2.jpg\/v1\/fill\/w_460,h_340,al_c,q_80,usm_0.66_1.00_0.01,enc_avif,quality_auto\/Zipper_edited.jpg\" sizes=\"auto, 460px\" srcset=\"https:\/\/static.wixstatic.com\/media\/9e28d9_d2308ecf854841ac99973c33efbccb30~mv2_d_2676_2250_s_2.jpg\/v1\/fill\/w_460,h_340,al_c,q_80,usm_0.66_1.00_0.01,enc_avif,quality_auto\/Zipper_edited.jpg 1x, https:\/\/static.wixstatic.com\/media\/9e28d9_d2308ecf854841ac99973c33efbccb30~mv2_d_2676_2250_s_2.jpg\/v1\/fill\/w_920,h_680,al_c,q_85,usm_0.66_1.00_0.01,enc_avif,quality_auto\/Zipper_edited.jpg 2x\" alt=\"Zipper_edited.jpg\" width=\"460\" height=\"340\" \/><\/div>\n<\/div>\n<div class=\"V5AUxf\" data-testid=\"columns\">\n<div id=\"comp-k39wksqb2\" class=\"comp-k39wksqb2 YzqVVZ wixui-column-strip__column\">\n<div class=\"\" data-mesh-id=\"comp-k39wksqb2inlineContent\" data-testid=\"inline-content\">\n<div data-mesh-id=\"comp-k39wksqb2inlineContent-gridContainer\" data-testid=\"mesh-container-content\">\n<div id=\"comp-k39wksqb4\" class=\"HcOXKn SxM0TO QxJLC3 lq2cno YQcXTT comp-k39wksqb4 wixui-rich-text\" data-testid=\"richTextElement\"><\/div>\n<\/div>\n<\/div>\n<\/div>\n<div id=\"comp-k39wksqb6\" class=\"comp-k39wksqb6 YzqVVZ wixui-column-strip__column\">\n<div id=\"bgLayers_comp-k39wksqb6\" class=\"MW5IWV\" data-hook=\"bgLayers\" data-motion-part=\"BG_LAYER comp-k39wksqb6\">\n<div class=\"LWbAav Kv1aVt\" data-testid=\"colorUnderlay\">\n<div id=\"comp-k39wksqb8\" class=\"HcOXKn SxM0TO QxJLC3 lq2cno YQcXTT comp-k39wksqb8 wixui-rich-text\" data-testid=\"richTextElement\">\n<p>ASMA S\u0130STEM\u0130<\/p>\n<p>Kanallar, standart olaraq, bir x\u0259ttd\u0259 c\/c 0,75 m (\u00d8 300-d\u0259n \u00d8 1700 mm-\u0259 q\u0259d\u0259r) v\u0259 iki paralel x\u0259td\u0259 c\/c 1,0 m (\u00d8 1800-d\u0259n \u00d8 3300 mm) qura\u015fd\u0131r\u0131lm\u0131\u015f asma qarmaqlarla \u00e7atd\u0131r\u0131l\u0131r.<\/p>\n<p>.<\/p>\n<p>H\u0259r bir \u00e7\u0259ng\u0259l kanala vulkanizasiya edilmi\u015f par\u00e7a \u201ck\u0259m\u0259r\u201d il\u0259 b\u0259rkidilir. Bu konstruksiya par\u00e7ada \u0259sas par\u00e7an\u0131 q\u0131ran v\u0259 konstruksiyan\u0131 z\u0259ifl\u0259d\u0259c\u0259k d\u0259likl\u0259ri aradan qald\u0131r\u0131r (\u201cg\u00f6zl\u00fckl\u0259ri\u201d m\u00fcqayis\u0259 edin). Bundan \u0259lav\u0259, bu konstruksiya h\u0259m d\u0259 kanal\u0131n elastik v\u0259 a\u015fa\u011f\u0131 \u00e7\u0259kisini saxlama\u011fa k\u00f6m\u0259k ed\u0259n g\u00f6z qapaqlar\u0131 il\u0259 \u00fcmumi uzununa davaml\u0131 asma \u201cqapa\u011f\u0131\u201d aradan qald\u0131r\u0131r.<\/p>\n<\/div>\n<\/div>\n<div id=\"bgMedia_comp-k39wksqb6\" class=\"VgO9Yg\" data-motion-part=\"BG_MEDIA comp-k39wksqb6\"><\/div>\n<\/div>\n<div class=\"\" data-mesh-id=\"comp-k39wksqb6inlineContent\" data-testid=\"inline-content\">\n<div data-mesh-id=\"comp-k39wksqb6inlineContent-gridContainer\" data-testid=\"mesh-container-content\">\n<div id=\"comp-k39wksqb7\" class=\"MazNVa comp-k39wksqb7 wixui-image\">\n<div class=\"j7pOnl\" data-testid=\"linkElement\"><img loading=\"lazy\" decoding=\"async\" id=\"img_comp-k39wksqb7\" class=\"BI8PVQ I5zqsT\" src=\"https:\/\/static.wixstatic.com\/media\/9e28d9_6e643a707a9d471bbf9743e51bf4ff4e~mv2_d_1200_1298_s_2.jpg\/v1\/fill\/w_460,h_340,al_c,q_80,usm_0.66_1.00_0.01,enc_avif,quality_auto\/Suspension%20hook2_edited.jpg\" sizes=\"auto, 460px\" srcset=\"https:\/\/static.wixstatic.com\/media\/9e28d9_6e643a707a9d471bbf9743e51bf4ff4e~mv2_d_1200_1298_s_2.jpg\/v1\/fill\/w_460,h_340,al_c,q_80,usm_0.66_1.00_0.01,enc_avif,quality_auto\/Suspension%20hook2_edited.jpg 1x, https:\/\/static.wixstatic.com\/media\/9e28d9_6e643a707a9d471bbf9743e51bf4ff4e~mv2_d_1200_1298_s_2.jpg\/v1\/fill\/w_920,h_680,al_c,q_85,usm_0.66_1.00_0.01,enc_avif,quality_auto\/Suspension%20hook2_edited.jpg 2x\" alt=\"Suspension hook2_edited.jpg\" width=\"460\" height=\"340\" \/><\/div>\n<\/div>\n<div id=\"comp-k39wksqb8\" class=\"HcOXKn SxM0TO QxJLC3 lq2cno YQcXTT comp-k39wksqb8 wixui-rich-text\" data-testid=\"richTextElement\"><\/div>\n<div id=\"comp-k39wksqb9\" class=\"HcOXKn SxM0TO QxJLC3 lq2cno YQcXTT comp-k39wksqb9 wixui-rich-text\" data-testid=\"richTextElement\">\n<p class=\"font_9 wixui-rich-text__text\">\n<\/div>\n<\/div>\n<\/div>\n<\/div>\n<\/div>\n<\/section>\n<\/div>\n<\/div>\n<\/div>\n<\/div>\n<\/section>\n<\/div>\n<\/div>\n<\/section>\n<section id=\"comp-lqc6ijne\" class=\"Oqnisf comp-lqc6ijne wixui-section\" tabindex=\"-1\" data-block-level-container=\"ClassicSection\">\n<div class=\"\" data-mesh-id=\"comp-lqc6ijneinlineContent\" data-testid=\"inline-content\">\n<div data-mesh-id=\"comp-lqc6ijneinlineContent-gridContainer\" data-testid=\"mesh-container-content\">\n<section id=\"comp-k35rgw7j1\" class=\"comp-k35rgw7j1 CohWsy wixui-column-strip\">\n<div class=\"V5AUxf\" data-testid=\"columns\">\n<div id=\"comp-k35rgw7j2\" class=\"comp-k35rgw7j2 YzqVVZ wixui-column-strip__column\">\n<div class=\"\" data-mesh-id=\"comp-k35rgw7j2inlineContent\" data-testid=\"inline-content\">\n<div data-mesh-id=\"comp-k35rgw7j2inlineContent-gridContainer\" data-testid=\"mesh-container-content\">\n<div id=\"comp-k35rgw7j3\" class=\"HcOXKn SxM0TO QxJLC3 lq2cno YQcXTT comp-k35rgw7j3 wixui-rich-text\" data-testid=\"richTextElement\">\n<p>D\u0130G\u018fR BA\u011eLAMA S\u0130STEMLER\u0130<\/p>\n<p>Polad\u00a0\u00dcz\u00fckl\u0259r v\u0259 Velcro<\/p>\n<p>B\u00fct\u00fcn SWEDFAN\u00a0\u00e7evik kanallar\u0131\u00a0&#8220;Polad \u00dcz\u00fckl\u0259r&#8221; v\u0259 &#8220;Velcro-tip&#8221;\u00a0m\u00fcft\u0259 sisteml\u0259ri il\u0259 d\u0259 istehsal oluna bil\u0259r.<\/p>\n<p>Polad Ring birl\u0259\u015fm\u0259 sistemi \u00fc\u00e7\u00fcn h\u0259r vahid uzunlu\u011funun bir v\u0259 ya h\u0259r iki ucunda bir polad \u00fcz\u00fck vulkanizasiya edilir. Polad halqan\u0131n xarici diametri kanal\u0131n nominal diametrin\u0259 b\u0259rab\u0259rdir.Vahid uzunluqlar\u0131 bir kanal\u0131n ucunu n\u00f6vb\u0259ti kanal\u0131n polad halqas\u0131 il\u0259 ucundan \u00e7\u0259k\u0259r\u0259k birl\u0259\u015fdirilir. Birl\u0259\u015fm\u0259nin \u0259traf\u0131nda SWEDFAN birl\u0259\u015fdirici s\u0131xac yerl\u0259\u015fdirilib. Ba\u011flay\u0131c\u0131 s\u0131xac qura\u015fd\u0131r\u0131lm\u0131\u015f yivli krank il\u0259 1,5 mm profilli sinkl\u0259nmi\u015f poladdan haz\u0131rlan\u0131r.Birl\u0259\u015fm\u0259 yivli krank istifad\u0259 ed\u0259r\u0259k mufta s\u0131xac\u0131n\u0131 s\u0131xaraq m\u00f6h\u00fcrl\u0259nir.<\/p>\n<p>.<\/p>\n<p>SWEDFAN Kanal\u0131 h\u0259m\u00e7inin ist\u0259y\u0259 g\u00f6r\u0259 Velcro tipli mufta sistemi il\u0259 t\u0259chiz oluna bil\u0259r.<\/p>\n<\/div>\n<div id=\"bgLayers_comp-k39wnddw1\" class=\"MW5IWV\" data-hook=\"bgLayers\" data-motion-part=\"BG_LAYER comp-k39wnddw1\">\n<div id=\"bgMedia_comp-k39wnddw1\" class=\"VgO9Yg\" data-motion-part=\"BG_MEDIA comp-k39wnddw1\"><\/div>\n<\/div>\n<div class=\"\" data-mesh-id=\"comp-k39wnddw1inlineContent\" data-testid=\"inline-content\">\n<div data-mesh-id=\"comp-k39wnddw1inlineContent-gridContainer\" data-testid=\"mesh-container-content\">\n<div id=\"comp-k39wnddw2\" class=\"comp-k39wnddw2 wixui-vector-image\">\n<div class=\"AKxYR5 VZYmYf comp-k39wnddw2\" data-testid=\"svgRoot-comp-k39wnddw2\"><\/div>\n<\/div>\n<div id=\"comp-k39wnddw3\" class=\"HcOXKn SxM0TO QxJLC3 lq2cno YQcXTT comp-k39wnddw3 wixui-rich-text\" data-testid=\"richTextElement\">\n<h2 class=\"font_0 wixui-rich-text__text\"><span class=\"color_11 wixui-rich-text__text\"><span class=\"wixui-rich-text__text\">TECHNICAL SPECIFICATION<br class=\"wixui-rich-text__text\" \/>SWEDFAN &#8211; FLEXIBLE DUCTING<\/span><\/span><\/h2>\n<\/div>\n<div id=\"comp-k39wnddw4\" class=\"HcOXKn SxM0TO QxJLC3 lq2cno YQcXTT comp-k39wnddw4 wixui-rich-text\" data-testid=\"richTextElement\">\n<p class=\"font_9 wixui-rich-text__text\"><span class=\"color_11 wixui-rich-text__text\">Click to download the Technical Specification for Swedfan Flexible Ducting.<\/span><\/p>\n<\/div>\n<div id=\"comp-k39wnddw5\" class=\"comp-k39wnddw5 FubTgk\" aria-disabled=\"false\"><a class=\"uDW_Qe wixui-button PlZyDq\" href=\"https:\/\/www.swedfan.se\/_files\/ugd\/9e28d9_987dacc5fbee49a2b0c3eb9b92f7796f.pdf\" target=\"_blank\" rel=\"noopener\" data-testid=\"linkElement\" aria-disabled=\"false\" aria-label=\"Download\"><span class=\"l7_2fn wixui-button__label\">Download<\/span><\/a><\/div>\n<\/div>\n<\/div>\n<\/div>\n<\/div>\n<\/div>\n<\/div>\n<\/section>\n<\/div>\n<\/div>\n<\/section>\n","protected":false},"excerpt":{"rendered":"<section id=\"comp-lqc6ijnd\" class=\"Oqnisf comp-lqc6ijnd wixui-section\" tabindex=\"-1\" data-block-level-container=\"ClassicSection\">\n<div class=\"\" data-mesh-id=\"comp-lqc6ijndinlineContent\" data-testid=\"inline-content\">\n<div data-mesh-id=\"comp-lqc6ijndinlineContent-gridContainer\" data-testid=\"mesh-container-content\">\n<section id=\"comp-k24ll1j6\" class=\"comp-k24ll1j6 CohWsy wixui-column-strip\">\n<div class=\"V5AUxf\" data-testid=\"columns\">\n<div id=\"comp-k24ll1j61\" class=\"comp-k24ll1j61 YzqVVZ wixui-column-strip__column\">\n<div class=\"\" data-mesh-id=\"comp-k24ll1j61inlineContent\" data-testid=\"inline-content\">\n<div data-mesh-id=\"comp-k24ll1j61inlineContent-gridContainer\" data-testid=\"mesh-container-content\">\n<section id=\"comp-k24ll1j62\" class=\"comp-k24ll1j62 CohWsy wixui-column-strip\">\n<div class=\"V5AUxf\" data-testid=\"columns\">\n<div id=\"comp-k24ll1j63\" class=\"comp-k24ll1j63 YzqVVZ wixui-column-strip__column\">\n<div id=\"bgLayers_comp-k24ll1j63\" class=\"MW5IWV\" data-hook=\"bgLayers\" data-motion-part=\"BG_LAYER comp-k24ll1j63\">\n<p>SWEDFAN \u00c7evik kanal<\/p>\n<p>SWEDFAN Flexible Kanal PVC \u00f6rt\u00fckl\u00fc polyester par\u00e7adan haz\u0131rlan\u0131r v\u0259 nisb\u0259t\u0259n a\u015fa\u011f\u0131 \u00e7\u0259kisi il\u0259 se\u00e7ilir v\u0259 y\u00fcks\u0259k m\u00f6hk\u0259mlik d\u0259y\u0259rl\u0259ri saxlan\u0131l\u0131r, bu da \u00e7ox elastik v\u0259 asan idar\u0259 olunan kanala s\u0259b\u0259b olur.<\/p>\n<\/div>\n<\/div>\n<\/div>\n<\/section>\n<\/div>\n<\/div>\n<\/div>\n<\/div>\n<\/section>\n<\/div>\n<\/div>\n<\/section>\n<section id=\"comp-lqc6ijne1\" class=\"Oqnisf comp-lqc6ijne1 wixui-section\" tabindex=\"-1\" data-block-level-container=\"ClassicSection\">\n<div class=\"\" data-mesh-id=\"comp-lqc6ijne1inlineContent\" data-testid=\"inline-content\">\n<div data-mesh-id=\"comp-lqc6ijne1inlineContent-gridContainer\" data-testid=\"mesh-container-content\">\n<section id=\"comp-k39wnddw\" class=\"comp-k39wnddw CohWsy wixui-column-strip\">\n<div id=\"bgLayers_comp-k39wnddw\" class=\"if7Vw2\" data-hook=\"bgLayers\" data-motion-part=\"BG_LAYER comp-k39wnddw\">\n<div id=\"bgMedia_comp-k39wnddw\" class=\"wG8dni\" data-motion-part=\"BG_MEDIA comp-k39wnddw\"><\/div>\n<\/div>\n<div class=\"V5AUxf\" data-testid=\"columns\">\n<div id=\"comp-k39wnddw1\" class=\"comp-k39wnddw1 YzqVVZ wixui-column-strip__column\">\n<div id=\"bgLayers_comp-k39wnddw1\" class=\"MW5IWV\" data-hook=\"bgLayers\" data-motion-part=\"BG_LAYER comp-k39wnddw1\"><\/div>\n<\/div>\n<\/div>\n<\/section>\n<\/div>\n<\/div>\n<\/section>\n","protected":false},"featured_media":25549,"template":"","meta":[],"product_brand":[],"product_cat":[1097],"product_tag":[],"class_list":{"0":"post-25566","1":"product","2":"type-product","3":"status-publish","4":"has-post-thumbnail","6":"product_cat-cevik-kanali-hava-tunel","8":"first","9":"instock","10":"shipping-taxable","11":"product-type-simple"},"yoast_head":"<!-- This site is optimized with the Yoast SEO plugin v27.1.1 - https:\/\/yoast.com\/product\/yoast-seo-wordpress\/ -->\n<title>\u00c7evik hava kanal\u0131 - Climate Master<\/title>\n<meta name=\"robots\" content=\"index, follow, max-snippet:-1, max-image-preview:large, max-video-preview:-1\" \/>\n<link rel=\"canonical\" href=\"https:\/\/climatemaster.ge\/az\/product\/flexible-ducting\/\" \/>\n<meta property=\"og:locale\" content=\"az_AZ\" \/>\n<meta property=\"og:type\" content=\"article\" \/>\n<meta property=\"og:title\" content=\"\u00c7evik hava kanal\u0131 - Climate Master\" \/>\n<meta property=\"og:description\" content=\"SWEDFAN \u00c7evik kanal  SWEDFAN Flexible Kanal PVC \u00f6rt\u00fckl\u00fc polyester par\u00e7adan haz\u0131rlan\u0131r v\u0259 nisb\u0259t\u0259n a\u015fa\u011f\u0131 \u00e7\u0259kisi il\u0259 se\u00e7ilir v\u0259 y\u00fcks\u0259k m\u00f6hk\u0259mlik d\u0259y\u0259rl\u0259ri saxlan\u0131l\u0131r, bu da \u00e7ox elastik v\u0259 asan idar\u0259 olunan kanala s\u0259b\u0259b olur.\" \/>\n<meta property=\"og:url\" content=\"https:\/\/climatemaster.ge\/az\/product\/flexible-ducting\/\" \/>\n<meta property=\"og:site_name\" content=\"Climate Master\" \/>\n<meta property=\"article:modified_time\" content=\"2025-04-19T13:27:31+00:00\" \/>\n<meta property=\"og:image\" content=\"https:\/\/climatemaster.ge\/wp-content\/uploads\/2025\/03\/9e28d9_48514f50c02c40d2a5e2c19c7e60fc02mv2.jpg\" \/>\n\t<meta property=\"og:image:width\" content=\"581\" \/>\n\t<meta property=\"og:image:height\" content=\"501\" \/>\n\t<meta property=\"og:image:type\" content=\"image\/jpeg\" \/>\n<meta name=\"twitter:card\" content=\"summary_large_image\" \/>\n<meta name=\"twitter:label1\" content=\"Est. reading time\" \/>\n\t<meta name=\"twitter:data1\" content=\"3 minutes\" \/>\n<script type=\"application\/ld+json\" class=\"yoast-schema-graph\">{\"@context\":\"https:\/\/schema.org\",\"@graph\":[{\"@type\":\"WebPage\",\"@id\":\"https:\/\/climatemaster.ge\/az\/product\/flexible-ducting\/\",\"url\":\"https:\/\/climatemaster.ge\/az\/product\/flexible-ducting\/\",\"name\":\"\u00c7evik hava kanal\u0131 - Climate Master\",\"isPartOf\":{\"@id\":\"https:\/\/climatemaster.ge\/#website\"},\"primaryImageOfPage\":{\"@id\":\"https:\/\/climatemaster.ge\/az\/product\/flexible-ducting\/#primaryimage\"},\"image\":{\"@id\":\"https:\/\/climatemaster.ge\/az\/product\/flexible-ducting\/#primaryimage\"},\"thumbnailUrl\":\"https:\/\/climatemaster.ge\/wp-content\/uploads\/2025\/03\/9e28d9_48514f50c02c40d2a5e2c19c7e60fc02mv2.jpg\",\"datePublished\":\"2025-03-24T05:58:35+00:00\",\"dateModified\":\"2025-04-19T13:27:31+00:00\",\"breadcrumb\":{\"@id\":\"https:\/\/climatemaster.ge\/az\/product\/flexible-ducting\/#breadcrumb\"},\"inLanguage\":\"az\",\"potentialAction\":[{\"@type\":\"ReadAction\",\"target\":[\"https:\/\/climatemaster.ge\/az\/product\/flexible-ducting\/\"]}]},{\"@type\":\"ImageObject\",\"inLanguage\":\"az\",\"@id\":\"https:\/\/climatemaster.ge\/az\/product\/flexible-ducting\/#primaryimage\",\"url\":\"https:\/\/climatemaster.ge\/wp-content\/uploads\/2025\/03\/9e28d9_48514f50c02c40d2a5e2c19c7e60fc02mv2.jpg\",\"contentUrl\":\"https:\/\/climatemaster.ge\/wp-content\/uploads\/2025\/03\/9e28d9_48514f50c02c40d2a5e2c19c7e60fc02mv2.jpg\",\"width\":581,\"height\":501},{\"@type\":\"BreadcrumbList\",\"@id\":\"https:\/\/climatemaster.ge\/az\/product\/flexible-ducting\/#breadcrumb\",\"itemListElement\":[{\"@type\":\"ListItem\",\"position\":1,\"name\":\"Home\",\"item\":\"https:\/\/climatemaster.ge\/\"},{\"@type\":\"ListItem\",\"position\":2,\"name\":\"M\u0259hsullar\",\"item\":\"https:\/\/climatemaster.ge\/products\/\"},{\"@type\":\"ListItem\",\"position\":3,\"name\":\"\u00c7evik hava kanal\u0131\"}]},{\"@type\":\"WebSite\",\"@id\":\"https:\/\/climatemaster.ge\/#website\",\"url\":\"https:\/\/climatemaster.ge\/\",\"name\":\"Climate Master\",\"description\":\"\",\"publisher\":{\"@id\":\"https:\/\/climatemaster.ge\/#organization\"},\"potentialAction\":[{\"@type\":\"SearchAction\",\"target\":{\"@type\":\"EntryPoint\",\"urlTemplate\":\"https:\/\/climatemaster.ge\/?s={search_term_string}\"},\"query-input\":{\"@type\":\"PropertyValueSpecification\",\"valueRequired\":true,\"valueName\":\"search_term_string\"}}],\"inLanguage\":\"az\"},{\"@type\":\"Organization\",\"@id\":\"https:\/\/climatemaster.ge\/#organization\",\"name\":\"Climate Master\",\"url\":\"https:\/\/climatemaster.ge\/\",\"logo\":{\"@type\":\"ImageObject\",\"inLanguage\":\"az\",\"@id\":\"https:\/\/climatemaster.ge\/#\/schema\/logo\/image\/\",\"url\":\"https:\/\/climatemaster.ge\/wp-content\/uploads\/2026\/03\/Untitled-2.png\",\"contentUrl\":\"https:\/\/climatemaster.ge\/wp-content\/uploads\/2026\/03\/Untitled-2.png\",\"width\":600,\"height\":338,\"caption\":\"Climate Master\"},\"image\":{\"@id\":\"https:\/\/climatemaster.ge\/#\/schema\/logo\/image\/\"}}]}<\/script>\n<!-- \/ Yoast SEO plugin. -->","yoast_head_json":{"title":"\u00c7evik hava kanal\u0131 - Climate Master","robots":{"index":"index","follow":"follow","max-snippet":"max-snippet:-1","max-image-preview":"max-image-preview:large","max-video-preview":"max-video-preview:-1"},"canonical":"https:\/\/climatemaster.ge\/az\/product\/flexible-ducting\/","og_locale":"az_AZ","og_type":"article","og_title":"\u00c7evik hava kanal\u0131 - Climate Master","og_description":"SWEDFAN \u00c7evik kanal  SWEDFAN Flexible Kanal PVC \u00f6rt\u00fckl\u00fc polyester par\u00e7adan haz\u0131rlan\u0131r v\u0259 nisb\u0259t\u0259n a\u015fa\u011f\u0131 \u00e7\u0259kisi il\u0259 se\u00e7ilir v\u0259 y\u00fcks\u0259k m\u00f6hk\u0259mlik d\u0259y\u0259rl\u0259ri saxlan\u0131l\u0131r, bu da \u00e7ox elastik v\u0259 asan idar\u0259 olunan kanala s\u0259b\u0259b olur.","og_url":"https:\/\/climatemaster.ge\/az\/product\/flexible-ducting\/","og_site_name":"Climate Master","article_modified_time":"2025-04-19T13:27:31+00:00","og_image":[{"width":581,"height":501,"url":"https:\/\/climatemaster.ge\/wp-content\/uploads\/2025\/03\/9e28d9_48514f50c02c40d2a5e2c19c7e60fc02mv2.jpg","type":"image\/jpeg"}],"twitter_card":"summary_large_image","twitter_misc":{"Est. reading time":"3 minutes"},"schema":{"@context":"https:\/\/schema.org","@graph":[{"@type":"WebPage","@id":"https:\/\/climatemaster.ge\/az\/product\/flexible-ducting\/","url":"https:\/\/climatemaster.ge\/az\/product\/flexible-ducting\/","name":"\u00c7evik hava kanal\u0131 - Climate Master","isPartOf":{"@id":"https:\/\/climatemaster.ge\/#website"},"primaryImageOfPage":{"@id":"https:\/\/climatemaster.ge\/az\/product\/flexible-ducting\/#primaryimage"},"image":{"@id":"https:\/\/climatemaster.ge\/az\/product\/flexible-ducting\/#primaryimage"},"thumbnailUrl":"https:\/\/climatemaster.ge\/wp-content\/uploads\/2025\/03\/9e28d9_48514f50c02c40d2a5e2c19c7e60fc02mv2.jpg","datePublished":"2025-03-24T05:58:35+00:00","dateModified":"2025-04-19T13:27:31+00:00","breadcrumb":{"@id":"https:\/\/climatemaster.ge\/az\/product\/flexible-ducting\/#breadcrumb"},"inLanguage":"az","potentialAction":[{"@type":"ReadAction","target":["https:\/\/climatemaster.ge\/az\/product\/flexible-ducting\/"]}]},{"@type":"ImageObject","inLanguage":"az","@id":"https:\/\/climatemaster.ge\/az\/product\/flexible-ducting\/#primaryimage","url":"https:\/\/climatemaster.ge\/wp-content\/uploads\/2025\/03\/9e28d9_48514f50c02c40d2a5e2c19c7e60fc02mv2.jpg","contentUrl":"https:\/\/climatemaster.ge\/wp-content\/uploads\/2025\/03\/9e28d9_48514f50c02c40d2a5e2c19c7e60fc02mv2.jpg","width":581,"height":501},{"@type":"BreadcrumbList","@id":"https:\/\/climatemaster.ge\/az\/product\/flexible-ducting\/#breadcrumb","itemListElement":[{"@type":"ListItem","position":1,"name":"Home","item":"https:\/\/climatemaster.ge\/"},{"@type":"ListItem","position":2,"name":"M\u0259hsullar","item":"https:\/\/climatemaster.ge\/products\/"},{"@type":"ListItem","position":3,"name":"\u00c7evik hava kanal\u0131"}]},{"@type":"WebSite","@id":"https:\/\/climatemaster.ge\/#website","url":"https:\/\/climatemaster.ge\/","name":"Climate Master","description":"","publisher":{"@id":"https:\/\/climatemaster.ge\/#organization"},"potentialAction":[{"@type":"SearchAction","target":{"@type":"EntryPoint","urlTemplate":"https:\/\/climatemaster.ge\/?s={search_term_string}"},"query-input":{"@type":"PropertyValueSpecification","valueRequired":true,"valueName":"search_term_string"}}],"inLanguage":"az"},{"@type":"Organization","@id":"https:\/\/climatemaster.ge\/#organization","name":"Climate Master","url":"https:\/\/climatemaster.ge\/","logo":{"@type":"ImageObject","inLanguage":"az","@id":"https:\/\/climatemaster.ge\/#\/schema\/logo\/image\/","url":"https:\/\/climatemaster.ge\/wp-content\/uploads\/2026\/03\/Untitled-2.png","contentUrl":"https:\/\/climatemaster.ge\/wp-content\/uploads\/2026\/03\/Untitled-2.png","width":600,"height":338,"caption":"Climate Master"},"image":{"@id":"https:\/\/climatemaster.ge\/#\/schema\/logo\/image\/"}}]}},"_links":{"self":[{"href":"https:\/\/climatemaster.ge\/az\/wp-json\/wp\/v2\/product\/25566","targetHints":{"allow":["GET"]}}],"collection":[{"href":"https:\/\/climatemaster.ge\/az\/wp-json\/wp\/v2\/product"}],"about":[{"href":"https:\/\/climatemaster.ge\/az\/wp-json\/wp\/v2\/types\/product"}],"wp:featuredmedia":[{"embeddable":true,"href":"https:\/\/climatemaster.ge\/az\/wp-json\/wp\/v2\/media\/25549"}],"wp:attachment":[{"href":"https:\/\/climatemaster.ge\/az\/wp-json\/wp\/v2\/media?parent=25566"}],"wp:term":[{"taxonomy":"product_brand","embeddable":true,"href":"https:\/\/climatemaster.ge\/az\/wp-json\/wp\/v2\/product_brand?post=25566"},{"taxonomy":"product_cat","embeddable":true,"href":"https:\/\/climatemaster.ge\/az\/wp-json\/wp\/v2\/product_cat?post=25566"},{"taxonomy":"product_tag","embeddable":true,"href":"https:\/\/climatemaster.ge\/az\/wp-json\/wp\/v2\/product_tag?post=25566"}],"curies":[{"name":"wp","href":"https:\/\/api.w.org\/{rel}","templated":true}]}}