{"id":25539,"date":"2025-03-25T09:36:08","date_gmt":"2025-03-25T05:36:08","guid":{"rendered":"https:\/\/airsystems.ge\/shop\/product\/fan-accessories\/"},"modified":"2025-03-27T13:04:54","modified_gmt":"2025-03-27T09:04:54","slug":"fan-accessories","status":"publish","type":"product","link":"https:\/\/climatemaster.ge\/az\/product\/fan-accessories\/","title":{"rendered":"FAN AKSESUARLARI"},"content":{"rendered":"<section id=\"comp-lqc6ijp3\" class=\"Oqnisf comp-lqc6ijp3 wixui-section\" tabindex=\"-1\" data-block-level-container=\"ClassicSection\">\n<div class=\"\" data-mesh-id=\"comp-lqc6ijp3inlineContent\" data-testid=\"inline-content\">\n<div data-mesh-id=\"comp-lqc6ijp3inlineContent-gridContainer\" data-testid=\"mesh-container-content\">\n<section id=\"comp-k2u6ljoc\" class=\"comp-k2u6ljoc CohWsy wixui-column-strip\">\n<div class=\"V5AUxf\" data-testid=\"columns\">\n<div id=\"comp-k2u6ljoc1\" class=\"comp-k2u6ljoc1 YzqVVZ wixui-column-strip__column\">\n<div class=\"\" data-mesh-id=\"comp-k2u6ljoc1inlineContent\" data-testid=\"inline-content\">\n<div data-mesh-id=\"comp-k2u6ljoc1inlineContent-gridContainer\" data-testid=\"mesh-container-content\">\n<div id=\"comp-k2u6ljoc2\" class=\"HcOXKn SxM0TO QxJLC3 lq2cno YQcXTT comp-k2u6ljoc2 wixui-rich-text\" data-testid=\"richTextElement\">\n<p><strong>BA\u015eLAYANLAR<\/strong><\/p>\n<p>SWEDFAN \u00fc\u00e7 \u0259sas ba\u015flan\u011f\u0131c n\u00f6v\u00fc t\u0259klif edir.Birba\u015fa ba\u015flan\u011f\u0131clar, Dahlander starterl\u0259ri (iki pill\u0259li m\u00fch\u0259rrikl\u0259r \u00fc\u00e7\u00fcn) v\u0259 Tezlik \u00e7eviricil\u0259ri. SWEDFAN tunel i\u015finin maddi-texniki bazas\u0131ndan as\u0131l\u0131 olaraq hans\u0131 n\u00f6v starterin \u0259n a\u015fa\u011f\u0131 enerji d\u0259y\u0259rini ver\u0259c\u0259yini qiym\u0259tl\u0259ndirir v\u0259 \u00fc\u00e7 n\u00f6vd\u0259n hans\u0131n\u0131n daha uy\u011fun olaca\u011f\u0131n\u0131 t\u00f6vsiy\u0259 edir.<\/p>\n<\/div>\n<\/div>\n<\/div>\n<\/div>\n<\/div>\n<\/section>\n<\/div>\n<\/div>\n<\/section>\n<section id=\"comp-lqc6ijp4\" class=\"Oqnisf comp-lqc6ijp4 wixui-section\" tabindex=\"-1\" data-block-level-container=\"ClassicSection\">\n<div class=\"\" data-mesh-id=\"comp-lqc6ijp4inlineContent\" data-testid=\"inline-content\">\n<div data-mesh-id=\"comp-lqc6ijp4inlineContent-gridContainer\" data-testid=\"mesh-container-content\">\n<section id=\"comp-k2oskizk\" class=\"comp-k2oskizk CohWsy wixui-column-strip\">\n<div class=\"V5AUxf\" data-testid=\"columns\">\n<div id=\"comp-k2oskizk1\" class=\"comp-k2oskizk1 YzqVVZ wixui-column-strip__column\">\n<div class=\"\" data-mesh-id=\"comp-k2oskizk1inlineContent\" data-testid=\"inline-content\">\n<div data-mesh-id=\"comp-k2oskizk1inlineContent-gridContainer\" data-testid=\"mesh-container-content\">\n<section id=\"comp-k2oskizk2\" class=\"comp-k2oskizk2 CohWsy wixui-column-strip\">\n<div class=\"V5AUxf\" data-testid=\"columns\">\n<div id=\"comp-k2oskizk6\" class=\"comp-k2oskizk6 YzqVVZ wixui-column-strip__column\">\n<div id=\"bgLayers_comp-k2oskizk6\" class=\"MW5IWV\" data-hook=\"bgLayers\" data-motion-part=\"BG_LAYER comp-k2oskizk6\">\n<div class=\"LWbAav Kv1aVt\" data-testid=\"colorUnderlay\"><\/div>\n<div id=\"bgMedia_comp-k2oskizk6\" class=\"VgO9Yg\" data-motion-part=\"BG_MEDIA comp-k2oskizk6\"><img loading=\"lazy\" decoding=\"async\" src=\"https:\/\/static.wixstatic.com\/media\/9e28d9_f5026959c6f54f6c9745ced133da6fdd~mv2_d_3264_2448_s_4_2.jpg\/v1\/fill\/w_794,h_660,fp_0.50_0.50,q_85,usm_0.66_1.00_0.01,enc_avif,quality_auto\/9e28d9_f5026959c6f54f6c9745ced133da6fdd~mv2_d_3264_2448_s_4_2.jpg\" alt=\"Starter (frekvensomformare).JPG\" width=\"653\" height=\"660\" data-ssr-src-done=\"true\" \/><\/div>\n<\/div>\n<div class=\"\" data-mesh-id=\"comp-k2oskizk6inlineContent\" data-testid=\"inline-content\">\n<div data-mesh-id=\"comp-k2oskizk6inlineContent-gridContainer\" data-testid=\"mesh-container-content\"><\/div>\n<\/div>\n<\/div>\n<\/div>\n<\/section>\n<section id=\"comp-k2oskizk7\" class=\"comp-k2oskizk7 CohWsy wixui-column-strip\">\n<div id=\"bgLayers_comp-k2oskizk7\" class=\"if7Vw2\" data-hook=\"bgLayers\" data-motion-part=\"BG_LAYER comp-k2oskizk7\">\n<div id=\"bgMedia_comp-k2oskizk7\" class=\"wG8dni\" data-motion-part=\"BG_MEDIA comp-k2oskizk7\">\n<p><strong>Y\u00dcKS\u018fK S\u018fM\u018fK\u018fL\u0130 SUSTUCULAR<\/strong><\/p>\n<p>Standart s\u0259sbo\u011fucular\u0131m\u0131z uducu material kimi mineral yunla istehsal olunur. S\u0259s-k\u00fcy\u00fcn y\u00fcks\u0259k effektiv \u015f\u0259kild\u0259 azald\u0131lmas\u0131 \u00fc\u00e7\u00fcn s\u0259sbo\u011fucular y\u00fcks\u0259k tezlikli s\u0259si d\u0259 effektiv \u015f\u0259kild\u0259 azaldan mineral yunla doldurulmu\u015f m\u0259rk\u0259zi n\u00fcv\u0259 il\u0259 t\u0259chiz edilmi\u015fdir.<br \/>\nD\u00f6k\u00fcm \u00f6l\u00e7\u00fcs\u00fcnd\u0259n as\u0131l\u0131 olaraq 3 v\u0259 ya 4 mm poladdan haz\u0131rlan\u0131r. Paslanmaya qar\u015f\u0131 qoruyucu fan t\u00f6km\u0259 kimi \u0259vv\u0259lc\u0259d\u0259n haz\u0131rlanm\u0131\u015fd\u0131r. S\u0259sbo\u011fucular ventilyatorun partlamas\u0131 hal\u0131nda slintd\u0259n etibarl\u0131 m\u00fcdafi\u0259dir.<\/p>\n<\/div>\n<\/div>\n<div class=\"V5AUxf\" data-testid=\"columns\">\n<div id=\"comp-k2oskizk8\" class=\"comp-k2oskizk8 YzqVVZ wixui-column-strip__column\">\n<div id=\"bgLayers_comp-k2oskizk8\" class=\"MW5IWV\" data-hook=\"bgLayers\" data-motion-part=\"BG_LAYER comp-k2oskizk8\">\n<div id=\"bgMedia_comp-k2oskizk8\" class=\"VgO9Yg\" data-motion-part=\"BG_MEDIA comp-k2oskizk8\"><img loading=\"lazy\" decoding=\"async\" src=\"https:\/\/static.wixstatic.com\/media\/9e28d9_8a089732256c4d2db1cfeb3ef871b710~mv2_d_2250_1681_s_2.jpg\/v1\/fill\/w_794,h_660,fp_0.50_0.50,q_85,usm_0.66_1.00_0.01,enc_avif,quality_auto\/9e28d9_8a089732256c4d2db1cfeb3ef871b710~mv2_d_2250_1681_s_2.jpg\" alt=\"Silencers_(Ljudd\u00e4mpare)_edited.jpg\" width=\"653\" height=\"660\" data-ssr-src-done=\"true\" \/><\/div>\n<\/div>\n<\/div>\n<\/div>\n<\/section>\n<section id=\"comp-k2oskizl2\" class=\"comp-k2oskizl2 CohWsy wixui-column-strip\">\n<div class=\"V5AUxf\" data-testid=\"columns\">\n<div id=\"comp-k2oskizl3\" class=\"comp-k2oskizl3 YzqVVZ wixui-column-strip__column\">\n<div class=\"\" data-mesh-id=\"comp-k2oskizl3inlineContent\" data-testid=\"inline-content\">\n<div data-mesh-id=\"comp-k2oskizl3inlineContent-gridContainer\" data-testid=\"mesh-container-content\">\n<div id=\"comp-k2oskizl4\" class=\"HcOXKn SxM0TO QxJLC3 lq2cno YQcXTT comp-k2oskizl4 wixui-rich-text\" data-testid=\"richTextElement\">\n<p><strong>\u018fLAV\u018f AKSESUARLAR<\/strong><\/p>\n<p>Giri\u015f z\u0259ngl\u0259ri<\/p>\n<p>\u00c7\u0131x\u0131\u015f diffuzorlar\u0131<\/p>\n<p>\u00c7evik kanal \u00fc\u00e7\u00fcn birl\u0259\u015fm\u0259 flan\u015flar\u0131<\/p>\n<p>Montaj \u00e7\u0259r\u00e7iv\u0259l\u0259ri<\/p>\n<p>Hava ax\u0131n\u0131 \u00f6l\u00e7\u0259n cihazlar<\/p>\n<p>Vibrasiya siqnallar\u0131<\/p>\n<\/div>\n<\/div>\n<\/div>\n<\/div>\n<div id=\"comp-k2oskizl6\" class=\"comp-k2oskizl6 YzqVVZ wixui-column-strip__column\">\n<div id=\"bgLayers_comp-k2oskizl6\" class=\"MW5IWV\" data-hook=\"bgLayers\" data-motion-part=\"BG_LAYER comp-k2oskizl6\">\n<div class=\"LWbAav Kv1aVt\" data-testid=\"colorUnderlay\"><\/div>\n<div id=\"bgMedia_comp-k2oskizl6\" class=\"VgO9Yg\" data-motion-part=\"BG_MEDIA comp-k2oskizl6\"><img loading=\"lazy\" decoding=\"async\" src=\"https:\/\/static.wixstatic.com\/media\/9e28d9_fd001c0dda724b3e81a1b0a3c936cec5~mv2_d_4000_3000_s_4_2.jpg\/v1\/fill\/w_794,h_660,fp_0.50_0.50,q_85,usm_0.66_1.00_0.01,enc_avif,quality_auto\/9e28d9_fd001c0dda724b3e81a1b0a3c936cec5~mv2_d_4000_3000_s_4_2.jpg\" alt=\"Duct dampers.jpg\" width=\"653\" height=\"660\" data-ssr-src-done=\"true\" \/><\/div>\n<\/div>\n<\/div>\n<\/div>\n<\/section>\n<\/div>\n<\/div>\n<\/div>\n<\/div>\n<\/section>\n<\/div>\n<\/div>\n<\/section>\n","protected":false},"excerpt":{"rendered":"<section id=\"comp-lqc6ijp3\" class=\"Oqnisf comp-lqc6ijp3 wixui-section\" tabindex=\"-1\" data-block-level-container=\"ClassicSection\">\n<div class=\"\" data-mesh-id=\"comp-lqc6ijp3inlineContent\" data-testid=\"inline-content\">\n<div data-mesh-id=\"comp-lqc6ijp3inlineContent-gridContainer\" data-testid=\"mesh-container-content\">\n<section id=\"comp-k2u6ljoc\" class=\"comp-k2u6ljoc CohWsy wixui-column-strip\">\n<div class=\"V5AUxf\" data-testid=\"columns\">\n<div id=\"comp-k2u6ljoc1\" class=\"comp-k2u6ljoc1 YzqVVZ wixui-column-strip__column\">\n<div class=\"\" data-mesh-id=\"comp-k2u6ljoc1inlineContent\" data-testid=\"inline-content\">\n<div data-mesh-id=\"comp-k2u6ljoc1inlineContent-gridContainer\" data-testid=\"mesh-container-content\">\n<div id=\"comp-k2u6ljoc2\" class=\"HcOXKn SxM0TO QxJLC3 lq2cno YQcXTT comp-k2u6ljoc2 wixui-rich-text\" data-testid=\"richTextElement\">\n<p>\u0130SVE\u00c7 AKSESUARLARI<\/p>\n<p>Tam a\u00e7ar t\u0259slim havaland\u0131rma sistemi \u00fc\u00e7\u00fcn n\u0259z\u0259rd\u0259 tutulmu\u015f b\u00fct\u00fcn aksesuarlar<\/p>\n<\/div>\n<\/div>\n<\/div>\n<\/div>\n<\/div>\n<\/section>\n<\/div>\n<\/div>\n<\/section>\n","protected":false},"featured_media":25701,"template":"","meta":[],"product_brand":[],"product_cat":[1091,1079],"product_tag":[],"class_list":{"0":"post-25539","1":"product","2":"type-product","3":"status-publish","4":"has-post-thumbnail","6":"product_cat-tunel-fan-havalandirma","7":"product_cat-underground-ventilation-tunnel-mining-ventilation-az","9":"first","10":"instock","11":"shipping-taxable","12":"product-type-simple"},"yoast_head":"<!-- This site is optimized with the Yoast SEO plugin v27.1.1 - https:\/\/yoast.com\/product\/yoast-seo-wordpress\/ -->\n<title>FAN AKSESUARLARI - Climate Master<\/title>\n<meta name=\"robots\" content=\"index, follow, max-snippet:-1, max-image-preview:large, max-video-preview:-1\" \/>\n<link rel=\"canonical\" href=\"https:\/\/climatemaster.ge\/az\/product\/fan-accessories\/\" \/>\n<meta property=\"og:locale\" content=\"az_AZ\" \/>\n<meta property=\"og:type\" content=\"article\" \/>\n<meta property=\"og:title\" content=\"FAN AKSESUARLARI - Climate Master\" \/>\n<meta property=\"og:description\" content=\"\u0130SVE\u00c7 AKSESUARLARI  Tam a\u00e7ar t\u0259slim havaland\u0131rma sistemi \u00fc\u00e7\u00fcn n\u0259z\u0259rd\u0259 tutulmu\u015f b\u00fct\u00fcn aksesuarlar\" \/>\n<meta property=\"og:url\" content=\"https:\/\/climatemaster.ge\/az\/product\/fan-accessories\/\" \/>\n<meta property=\"og:site_name\" content=\"Climate Master\" \/>\n<meta property=\"article:modified_time\" content=\"2025-03-27T09:04:54+00:00\" \/>\n<meta property=\"og:image\" content=\"https:\/\/climatemaster.ge\/wp-content\/uploads\/2025\/03\/9e28d9_8a089732256c4d2db1cfeb3ef871b710mv2_d_2250_1681_s_2.jpg\" \/>\n\t<meta property=\"og:image:width\" content=\"794\" \/>\n\t<meta property=\"og:image:height\" content=\"660\" \/>\n\t<meta property=\"og:image:type\" content=\"image\/jpeg\" \/>\n<meta name=\"twitter:card\" content=\"summary_large_image\" \/>\n<meta name=\"twitter:label1\" content=\"Est. reading time\" \/>\n\t<meta name=\"twitter:data1\" content=\"1 minute\" \/>\n<script type=\"application\/ld+json\" class=\"yoast-schema-graph\">{\"@context\":\"https:\/\/schema.org\",\"@graph\":[{\"@type\":\"WebPage\",\"@id\":\"https:\/\/climatemaster.ge\/az\/product\/fan-accessories\/\",\"url\":\"https:\/\/climatemaster.ge\/az\/product\/fan-accessories\/\",\"name\":\"FAN AKSESUARLARI - Climate Master\",\"isPartOf\":{\"@id\":\"https:\/\/climatemaster.ge\/#website\"},\"primaryImageOfPage\":{\"@id\":\"https:\/\/climatemaster.ge\/az\/product\/fan-accessories\/#primaryimage\"},\"image\":{\"@id\":\"https:\/\/climatemaster.ge\/az\/product\/fan-accessories\/#primaryimage\"},\"thumbnailUrl\":\"https:\/\/climatemaster.ge\/wp-content\/uploads\/2025\/03\/9e28d9_8a089732256c4d2db1cfeb3ef871b710mv2_d_2250_1681_s_2.jpg\",\"datePublished\":\"2025-03-25T05:36:08+00:00\",\"dateModified\":\"2025-03-27T09:04:54+00:00\",\"breadcrumb\":{\"@id\":\"https:\/\/climatemaster.ge\/az\/product\/fan-accessories\/#breadcrumb\"},\"inLanguage\":\"az\",\"potentialAction\":[{\"@type\":\"ReadAction\",\"target\":[\"https:\/\/climatemaster.ge\/az\/product\/fan-accessories\/\"]}]},{\"@type\":\"ImageObject\",\"inLanguage\":\"az\",\"@id\":\"https:\/\/climatemaster.ge\/az\/product\/fan-accessories\/#primaryimage\",\"url\":\"https:\/\/climatemaster.ge\/wp-content\/uploads\/2025\/03\/9e28d9_8a089732256c4d2db1cfeb3ef871b710mv2_d_2250_1681_s_2.jpg\",\"contentUrl\":\"https:\/\/climatemaster.ge\/wp-content\/uploads\/2025\/03\/9e28d9_8a089732256c4d2db1cfeb3ef871b710mv2_d_2250_1681_s_2.jpg\",\"width\":794,\"height\":660},{\"@type\":\"BreadcrumbList\",\"@id\":\"https:\/\/climatemaster.ge\/az\/product\/fan-accessories\/#breadcrumb\",\"itemListElement\":[{\"@type\":\"ListItem\",\"position\":1,\"name\":\"Home\",\"item\":\"https:\/\/climatemaster.ge\/\"},{\"@type\":\"ListItem\",\"position\":2,\"name\":\"M\u0259hsullar\",\"item\":\"https:\/\/climatemaster.ge\/products\/\"},{\"@type\":\"ListItem\",\"position\":3,\"name\":\"FAN AKSESUARLARI\"}]},{\"@type\":\"WebSite\",\"@id\":\"https:\/\/climatemaster.ge\/#website\",\"url\":\"https:\/\/climatemaster.ge\/\",\"name\":\"Climate Master\",\"description\":\"\",\"publisher\":{\"@id\":\"https:\/\/climatemaster.ge\/#organization\"},\"potentialAction\":[{\"@type\":\"SearchAction\",\"target\":{\"@type\":\"EntryPoint\",\"urlTemplate\":\"https:\/\/climatemaster.ge\/?s={search_term_string}\"},\"query-input\":{\"@type\":\"PropertyValueSpecification\",\"valueRequired\":true,\"valueName\":\"search_term_string\"}}],\"inLanguage\":\"az\"},{\"@type\":\"Organization\",\"@id\":\"https:\/\/climatemaster.ge\/#organization\",\"name\":\"Climate Master\",\"url\":\"https:\/\/climatemaster.ge\/\",\"logo\":{\"@type\":\"ImageObject\",\"inLanguage\":\"az\",\"@id\":\"https:\/\/climatemaster.ge\/#\/schema\/logo\/image\/\",\"url\":\"https:\/\/climatemaster.ge\/wp-content\/uploads\/2026\/03\/Untitled-2.png\",\"contentUrl\":\"https:\/\/climatemaster.ge\/wp-content\/uploads\/2026\/03\/Untitled-2.png\",\"width\":600,\"height\":338,\"caption\":\"Climate Master\"},\"image\":{\"@id\":\"https:\/\/climatemaster.ge\/#\/schema\/logo\/image\/\"}}]}<\/script>\n<!-- \/ Yoast SEO plugin. -->","yoast_head_json":{"title":"FAN AKSESUARLARI - Climate Master","robots":{"index":"index","follow":"follow","max-snippet":"max-snippet:-1","max-image-preview":"max-image-preview:large","max-video-preview":"max-video-preview:-1"},"canonical":"https:\/\/climatemaster.ge\/az\/product\/fan-accessories\/","og_locale":"az_AZ","og_type":"article","og_title":"FAN AKSESUARLARI - Climate Master","og_description":"\u0130SVE\u00c7 AKSESUARLARI  Tam a\u00e7ar t\u0259slim havaland\u0131rma sistemi \u00fc\u00e7\u00fcn n\u0259z\u0259rd\u0259 tutulmu\u015f b\u00fct\u00fcn aksesuarlar","og_url":"https:\/\/climatemaster.ge\/az\/product\/fan-accessories\/","og_site_name":"Climate Master","article_modified_time":"2025-03-27T09:04:54+00:00","og_image":[{"width":794,"height":660,"url":"https:\/\/climatemaster.ge\/wp-content\/uploads\/2025\/03\/9e28d9_8a089732256c4d2db1cfeb3ef871b710mv2_d_2250_1681_s_2.jpg","type":"image\/jpeg"}],"twitter_card":"summary_large_image","twitter_misc":{"Est. reading time":"1 minute"},"schema":{"@context":"https:\/\/schema.org","@graph":[{"@type":"WebPage","@id":"https:\/\/climatemaster.ge\/az\/product\/fan-accessories\/","url":"https:\/\/climatemaster.ge\/az\/product\/fan-accessories\/","name":"FAN AKSESUARLARI - Climate Master","isPartOf":{"@id":"https:\/\/climatemaster.ge\/#website"},"primaryImageOfPage":{"@id":"https:\/\/climatemaster.ge\/az\/product\/fan-accessories\/#primaryimage"},"image":{"@id":"https:\/\/climatemaster.ge\/az\/product\/fan-accessories\/#primaryimage"},"thumbnailUrl":"https:\/\/climatemaster.ge\/wp-content\/uploads\/2025\/03\/9e28d9_8a089732256c4d2db1cfeb3ef871b710mv2_d_2250_1681_s_2.jpg","datePublished":"2025-03-25T05:36:08+00:00","dateModified":"2025-03-27T09:04:54+00:00","breadcrumb":{"@id":"https:\/\/climatemaster.ge\/az\/product\/fan-accessories\/#breadcrumb"},"inLanguage":"az","potentialAction":[{"@type":"ReadAction","target":["https:\/\/climatemaster.ge\/az\/product\/fan-accessories\/"]}]},{"@type":"ImageObject","inLanguage":"az","@id":"https:\/\/climatemaster.ge\/az\/product\/fan-accessories\/#primaryimage","url":"https:\/\/climatemaster.ge\/wp-content\/uploads\/2025\/03\/9e28d9_8a089732256c4d2db1cfeb3ef871b710mv2_d_2250_1681_s_2.jpg","contentUrl":"https:\/\/climatemaster.ge\/wp-content\/uploads\/2025\/03\/9e28d9_8a089732256c4d2db1cfeb3ef871b710mv2_d_2250_1681_s_2.jpg","width":794,"height":660},{"@type":"BreadcrumbList","@id":"https:\/\/climatemaster.ge\/az\/product\/fan-accessories\/#breadcrumb","itemListElement":[{"@type":"ListItem","position":1,"name":"Home","item":"https:\/\/climatemaster.ge\/"},{"@type":"ListItem","position":2,"name":"M\u0259hsullar","item":"https:\/\/climatemaster.ge\/products\/"},{"@type":"ListItem","position":3,"name":"FAN AKSESUARLARI"}]},{"@type":"WebSite","@id":"https:\/\/climatemaster.ge\/#website","url":"https:\/\/climatemaster.ge\/","name":"Climate Master","description":"","publisher":{"@id":"https:\/\/climatemaster.ge\/#organization"},"potentialAction":[{"@type":"SearchAction","target":{"@type":"EntryPoint","urlTemplate":"https:\/\/climatemaster.ge\/?s={search_term_string}"},"query-input":{"@type":"PropertyValueSpecification","valueRequired":true,"valueName":"search_term_string"}}],"inLanguage":"az"},{"@type":"Organization","@id":"https:\/\/climatemaster.ge\/#organization","name":"Climate Master","url":"https:\/\/climatemaster.ge\/","logo":{"@type":"ImageObject","inLanguage":"az","@id":"https:\/\/climatemaster.ge\/#\/schema\/logo\/image\/","url":"https:\/\/climatemaster.ge\/wp-content\/uploads\/2026\/03\/Untitled-2.png","contentUrl":"https:\/\/climatemaster.ge\/wp-content\/uploads\/2026\/03\/Untitled-2.png","width":600,"height":338,"caption":"Climate Master"},"image":{"@id":"https:\/\/climatemaster.ge\/#\/schema\/logo\/image\/"}}]}},"_links":{"self":[{"href":"https:\/\/climatemaster.ge\/az\/wp-json\/wp\/v2\/product\/25539","targetHints":{"allow":["GET"]}}],"collection":[{"href":"https:\/\/climatemaster.ge\/az\/wp-json\/wp\/v2\/product"}],"about":[{"href":"https:\/\/climatemaster.ge\/az\/wp-json\/wp\/v2\/types\/product"}],"wp:featuredmedia":[{"embeddable":true,"href":"https:\/\/climatemaster.ge\/az\/wp-json\/wp\/v2\/media\/25701"}],"wp:attachment":[{"href":"https:\/\/climatemaster.ge\/az\/wp-json\/wp\/v2\/media?parent=25539"}],"wp:term":[{"taxonomy":"product_brand","embeddable":true,"href":"https:\/\/climatemaster.ge\/az\/wp-json\/wp\/v2\/product_brand?post=25539"},{"taxonomy":"product_cat","embeddable":true,"href":"https:\/\/climatemaster.ge\/az\/wp-json\/wp\/v2\/product_cat?post=25539"},{"taxonomy":"product_tag","embeddable":true,"href":"https:\/\/climatemaster.ge\/az\/wp-json\/wp\/v2\/product_tag?post=25539"}],"curies":[{"name":"wp","href":"https:\/\/api.w.org\/{rel}","templated":true}]}}