{"id":25523,"date":"2025-03-26T18:38:13","date_gmt":"2025-03-26T14:38:13","guid":{"rendered":"https:\/\/airsystems.ge\/shop\/product\/25508\/"},"modified":"2025-03-26T19:15:53","modified_gmt":"2025-03-26T15:15:53","slug":"25508","status":"publish","type":"product","link":"https:\/\/climatemaster.ge\/az\/product\/25508\/","title":{"rendered":"Y\u00dcKS\u018fK T\u018fZY\u0130QL\u0130 TUNEL \u00c7\u018fK\u0130LM\u018fL\u018fR\u0130"},"content":{"rendered":"<section id=\"comp-lqc6ijmm1\" class=\"Oqnisf comp-lqc6ijmm1 wixui-section\" tabindex=\"-1\" data-block-level-container=\"ClassicSection\">\n<div class=\"\" data-mesh-id=\"comp-lqc6ijmm1inlineContent\" data-testid=\"inline-content\">\n<div data-mesh-id=\"comp-lqc6ijmm1inlineContent-gridContainer\" data-testid=\"mesh-container-content\">\n<section id=\"comp-k24lkzrc\" class=\"comp-k24lkzrc CohWsy wixui-column-strip\">\n<div class=\"V5AUxf\" data-testid=\"columns\">\n<div id=\"comp-k24lkzrc1\" class=\"comp-k24lkzrc1 YzqVVZ wixui-column-strip__column\">\n<div class=\"\" data-mesh-id=\"comp-k24lkzrc1inlineContent\" data-testid=\"inline-content\">\n<div data-mesh-id=\"comp-k24lkzrc1inlineContent-gridContainer\" data-testid=\"mesh-container-content\">\n<div id=\"comp-k24lkzrc2\" class=\"HcOXKn SxM0TO QxJLC3 lq2cno YQcXTT comp-k24lkzrc2 wixui-rich-text\" data-testid=\"richTextElement\">\n<p>A\u011f\u0131r tikinti<\/p>\n<p>SWEDFAN M\u0259d\u0259n v\u0259 Tunel Fanlar\u0131 tam qaynaqlanm\u0131\u015f flan\u015flarla \u00e7ox m\u00f6hk\u0259m v\u0259 a\u011f\u0131r dizaynda haz\u0131rlanm\u0131\u015fd\u0131r. Pas \u0259leyhin\u0259 qorunma tur\u015fu v\u0259 aqressiv m\u00fchitl\u0259r\u0259 davaml\u0131 olmaq \u00fc\u00e7\u00fcn n\u0259z\u0259rd\u0259 tutulmu\u015fdur.<\/p>\n<p>T\u0259nziml\u0259n\u0259n hava ax\u0131n\u0131<\/p>\n<p>\u00c7arxlar poladdan v\u0259 ya al\u00fcminiumdan v\u0259 ayr\u0131ca t\u0259nziml\u0259n\u0259n al\u00fcminium b\u0131\u00e7aqlardan ibar\u0259tdir. B\u0131\u00e7aq buca\u011f\u0131n\u0131n d\u0259yi\u015fdirilm\u0259si imkan\u0131 eyni fandan bir s\u0131ra m\u00fcxt\u0259lif tunel \u015f\u0259raiti \u00fc\u00e7\u00fcn istifad\u0259 etm\u0259k \u00fcst\u00fcnl\u00fcy\u00fcn\u00fc verir. M\u0259s\u0259l\u0259n,\u2205 1250 mm fan \u224816 m3\/s \u2248 44m3\/s-d\u0259n \u00f6t\u00fcrm\u0259k \u00fc\u00e7\u00fcn t\u0259yin edil\u0259 bil\u0259r. \u018flav\u0259 bir \u00fcst\u00fcnl\u00fck ondan ibar\u0259tdir ki, \u00e7arxlar \u0259sasl\u0131 t\u0259mir edildikd\u0259 yaln\u0131z b\u0131\u00e7aqlar\u0131 d\u0259yi\u015fdirm\u0259k laz\u0131md\u0131r. \u00c7arxlar statik v\u0259 dinamik balansla\u015fd\u0131r\u0131lm\u0131\u015fd\u0131r.<\/p>\n<p>.<\/p>\n<p>\u0130sve\u00e7 istehsal\u0131d\u0131r<\/p>\n<p>Fanlar \u0130sve\u00e7 istehsal\u0131d\u0131r. H\u0259m yerli, h\u0259m d\u0259 beyn\u0259lxalq elmi-t\u0259dqiqat institutlar\u0131 il\u0259 \u0259m\u0259kda\u015fl\u0131qda davaml\u0131 inki\u015faf i\u015fl\u0259ri apar\u0131l\u0131r.M\u0259qs\u0259d s\u0259m\u0259r\u0259liliyi daha da art\u0131rmaq, daha y\u00fcks\u0259k sistem t\u0259zyiql\u0259rind\u0259 hava \u00f6t\u00fcr\u0259n ventilyatorlar\u0131n imkanlar\u0131n\u0131 art\u0131rmaq, s\u0259s s\u0259viyy\u0259l\u0259rini daha da a\u015fa\u011f\u0131 salmaq v\u0259 avtomatik idar\u0259 olunan ventilyasiyan\u0131 t\u0259kmill\u0259\u015fdirm\u0259kdir.<\/p>\n<p>.<\/p>\n<p>Motor<\/p>\n<p>SWEDFAN M\u0259d\u0259n v\u0259 Tunel Fanlar\u0131 ISO t\u0259snifat\u0131na uy\u011fun y\u00fcks\u0259k keyfiyy\u0259tli m\u00fch\u0259rrikl\u0259rl\u0259 t\u0259chiz edilmi\u015fdir. Motor pod\u015fipnikl\u0259rinin ya\u011flanmas\u0131 korpusun k\u0259nar\u0131ndan h\u0259yata ke\u00e7irilir. e m\u00fch\u0259rrikl\u0259ri g\u0259l\u0259c\u0259kd\u0259 ehtiyat hiss\u0259l\u0259rin axtar\u0131\u015f\u0131 v\u0259 s. \u00fc\u00e7\u00fcn f\u0259rdi seriya n\u00f6mr\u0259l\u0259ri il\u0259 etiketl\u0259nir. Termistorlar sar\u0131m\u0131n istiliyini hiss etm\u0259k \u00fc\u00e7\u00fcn birba\u015fa m\u00fch\u0259rrik sar\u0131mlar\u0131na qura\u015fd\u0131r\u0131l\u0131r. M\u00fch\u0259rrikl\u0259rin azald\u0131lm\u0131\u015f soyumas\u0131 (soyuducu qab\u0131r\u011falardak\u0131 kir v\u0259 s. g\u00f6r\u0259) termistorlar\u0131n monitorinq v\u0259 ya s\u00f6nd\u00fcrm\u0259 cihazlar\u0131na qo\u015fulmas\u0131 \u015f\u0259rti il\u0259 m\u00fch\u0259rrikl\u0259rd\u0259n yanmayacaq.<\/p>\n<\/div>\n<\/div>\n<\/div>\n<\/div>\n<\/div>\n<\/section>\n<div id=\"fansabout\"><\/div>\n<\/div>\n<\/div>\n<\/section>\n<div class=\"\" data-mesh-id=\"comp-lqc6ijmm2inlineContent\" data-testid=\"inline-content\">\n<div data-mesh-id=\"comp-lqc6ijmm2inlineContent-gridContainer\" data-testid=\"mesh-container-content\">\n<section id=\"comp-k24lkzrc3\" class=\"comp-k24lkzrc3 CohWsy wixui-column-strip\">\n<div class=\"V5AUxf\" data-testid=\"columns\">\n<div id=\"comp-k24lkzrc4\" class=\"comp-k24lkzrc4 YzqVVZ wixui-column-strip__column\">\n<div id=\"bgLayers_comp-k24lkzrc4\" class=\"MW5IWV\" data-hook=\"bgLayers\" data-motion-part=\"BG_LAYER comp-k24lkzrc4\">\n<div id=\"bgMedia_comp-k24lkzrc4\" class=\"VgO9Yg\" data-motion-part=\"BG_MEDIA comp-k24lkzrc4\"><\/div>\n<\/div>\n<div class=\"\" data-mesh-id=\"comp-k24lkzrc4inlineContent\" data-testid=\"inline-content\">\n<div data-mesh-id=\"comp-k24lkzrc4inlineContent-gridContainer\" data-testid=\"mesh-container-content\">\n<div id=\"comp-k24lkzrc5\" class=\"MazNVa comp-k24lkzrc5 wixui-image\">\n<div class=\"j7pOnl\" data-testid=\"linkElement\"><img loading=\"lazy\" decoding=\"async\" id=\"img_comp-k24lkzrc5\" class=\"BI8PVQ I5zqsT\" src=\"https:\/\/static.wixstatic.com\/media\/9e28d9_fbdbb756e85545a3873a627270b9406e~mv2.png\/v1\/fill\/w_940,h_365,al_c,q_85,usm_0.66_1.00_0.01,enc_avif,quality_auto\/fan_drawing.png\" sizes=\"auto, 940px\" srcset=\"https:\/\/static.wixstatic.com\/media\/9e28d9_fbdbb756e85545a3873a627270b9406e~mv2.png\/v1\/fill\/w_940,h_365,al_c,q_85,usm_0.66_1.00_0.01,enc_avif,quality_auto\/fan_drawing.png 1x, https:\/\/static.wixstatic.com\/media\/9e28d9_fbdbb756e85545a3873a627270b9406e~mv2.png\/v1\/fill\/w_979,h_380,al_c,q_90,enc_avif,quality_auto\/fan_drawing.png 2x\" alt=\"fan_drawing.png\" width=\"940\" height=\"520\" \/><\/div>\n<\/div>\n<\/div>\n<\/div>\n<\/div>\n<\/div>\n<\/section>\n<div id=\"adi_page1010_1_174\" class=\"Vd6aQZ ignore-focus adi_page1010_1_174\" tabindex=\"-1\" role=\"region\" aria-label=\"Fans: Welcome\">\n<div id=\"fanswelcome\">\n<p>B\u00f6y\u00fck t\u0259cr\u00fcb\u0259<\/p>\n<p>SWEDFAN Sistem Dizayn\u0131 600-d\u0259n \u00e7ox m\u00fcxt\u0259lif tunel i\u015finin yerind\u0259 \u00f6l\u00e7m\u0259l\u0259r\u0259 \u0259saslanan hesablamalardan istifad\u0259 edir.<br \/>\nSWEDFAN komp\u00fcter t\u0259r\u0259find\u0259n d\u0259st\u0259kl\u0259n\u0259n proqram t\u0259minat\u0131ndan istifad\u0259 ed\u0259r\u0259k hesablamalar apar\u0131r v\u0259 hesablamalar layih\u0259y\u0259 aid x\u00fcsusi m\u0259lumatlar\u0131 g\u00f6st\u0259r\u0259n hesablama v\u0259r\u0259ql\u0259ri kimi t\u0259qdim olunur. \u00dcmumi s\u0131zma, ba\u015fl\u0131qda veril\u0259n hava miqdar\u0131 il\u0259 m\u00fcqayis\u0259d\u0259 fandan n\u0259 q\u0259d\u0259r \u00e7ox havan\u0131n verilm\u0259li oldu\u011funu bildir\u0259n \u201cs\u0131zma faktoru\u201d kimi t\u0259qdim olunur.<\/p>\n<p>Bu g\u00fcn\u0259 q\u0259d\u0259r SWEDFAN \u00e7ox sayda \u0259sas tunel layih\u0259l\u0259rini g\u00f6st\u0259r\u0259 bil\u0259r ki, burada SWEDFAN b\u00fct\u00fcn layih\u0259 \u0259rzind\u0259 tam q\u0259na\u0259tb\u0259x\u015f ventilyasiya il\u0259 ventilyasiya sisteminin dizayn\u0131n\u0131 haz\u0131rlam\u0131\u015fd\u0131r.<\/p>\n<p>&nbsp;<\/p>\n<p>Keyfiyy\u0259t\u0259 N\u0259zar\u0259t<\/p>\n<p>SWEDFAN ISO 9001 keyfiyy\u0259t sistemin\u0259 uy\u011fun i\u015fl\u0259yir v\u0259 fanatlar CE i\u015far\u0259si il\u0259 \u00e7atd\u0131r\u0131l\u0131r.<br \/>\nH\u0259r bir fan \u00e7atd\u0131r\u0131lmadan \u0259vv\u0259l s\u0131naqdan ke\u00e7irilir v\u0259 tutum \u0259yrisi \u00e7\u0259kilmi\u015f s\u0131naq hesabat\u0131 il\u0259 m\u00fc\u015fayi\u0259t olunur.<\/p>\n<p>T\u0259nziml\u0259n\u0259n Havaland\u0131rma<\/p>\n<p>Optimalla\u015fd\u0131r\u0131lm\u0131\u015f enerjiy\u0259 q\u0259na\u0259t v\u0259 d\u0259yi\u015fk\u0259n hava ax\u0131n\u0131 \u00fc\u00e7\u00fcn SWEDFAN M\u0259d\u0259n v\u0259 Tunel Fanlar\u0131 fanatlar i\u015fl\u0259y\u0259rk\u0259n hava ax\u0131n\u0131n\u0131n t\u0259nziml\u0259nm\u0259si \u00fc\u00e7\u00fcn a\u015fa\u011f\u0131dak\u0131 iki alternativ h\u0259ll yolu il\u0259 t\u0259min edil\u0259 bil\u0259r:<\/p>\n<p>.<\/p>\n<p>\u0130ki v\u0259 ya \u00e7ox s\u00fcr\u0259tli fan m\u00fch\u0259rrikl\u0259ri.<\/p>\n<p>Tezlik \u00e7eviricil\u0259ri.<\/p>\n<p>.<\/p>\n<p>B\u00f6y\u00fck tutum diapazonu<\/p>\n<p>SWEDFAN M\u0259d\u0259n v\u0259 Tunel Fanlar\u0131 \u00d8630-dan \u00d82240 mm v\u0259 1,5-d\u0259n 200 m3\/s-\u0259 q\u0259d\u0259r m\u00fcxt\u0259lif diametrl\u0259rd\u0259 v\u0259 tutumlarda istehsal olunur. \u2028Fanatlar h\u0259r m\u0259rh\u0259l\u0259d\u0259 4200 Pa-a q\u0259d\u0259r sistem t\u0259zyiqin\u0259 tab g\u0259tir\u0259 bilirl\u0259r.\u2028Daha y\u00fcks\u0259k sistem t\u0259zyiql\u0259rind\u0259 iki v\u0259 ya daha \u00e7ox ventilyator ard\u0131c\u0131l olaraq bir \u00e7oxfanl\u0131 stansiyaya qura\u015fd\u0131r\u0131l\u0131r.<\/p>\n<\/div>\n<\/div>\n<\/div>\n<\/div>\n<section id=\"comp-lqc6ijmm4\" class=\"Oqnisf comp-lqc6ijmm4 wixui-section\" tabindex=\"-1\" data-block-level-container=\"ClassicSection\">\n<div class=\"\" data-mesh-id=\"comp-lqc6ijmm4inlineContent\" data-testid=\"inline-content\">\n<div data-mesh-id=\"comp-lqc6ijmm4inlineContent-gridContainer\" data-testid=\"mesh-container-content\">\n<section id=\"comp-k39wq7fn\" class=\"comp-k39wq7fn CohWsy wixui-column-strip\">\n<div class=\"V5AUxf\" data-testid=\"columns\">\n<div id=\"comp-k39wq7fo\" class=\"comp-k39wq7fo YzqVVZ wixui-column-strip__column\">\n<div id=\"bgLayers_comp-k39wq7fo\" class=\"MW5IWV\" data-hook=\"bgLayers\" data-motion-part=\"BG_LAYER comp-k39wq7fo\">\n<div class=\"LWbAav Kv1aVt\" data-testid=\"colorUnderlay\"><\/div>\n<div id=\"bgMedia_comp-k39wq7fo\" class=\"VgO9Yg\" data-motion-part=\"BG_MEDIA comp-k39wq7fo\"><\/div>\n<\/div>\n<div class=\"\" data-mesh-id=\"comp-k39wq7foinlineContent\" data-testid=\"inline-content\">\n<div data-mesh-id=\"comp-k39wq7foinlineContent-gridContainer\" data-testid=\"mesh-container-content\">\n<div id=\"comp-k39wq7fo1\" class=\"comp-k39wq7fo1 wixui-vector-image\">\n<div class=\"AKxYR5 VZYmYf comp-k39wq7fo1\" data-testid=\"svgRoot-comp-k39wq7fo1\"><\/div>\n<\/div>\n<div id=\"comp-k39wq7fo2\" class=\"HcOXKn SxM0TO QxJLC3 lq2cno YQcXTT comp-k39wq7fo2 wixui-rich-text\" data-testid=\"richTextElement\">\n<h2 class=\"font_0 wixui-rich-text__text\"><span class=\"color_11 wixui-rich-text__text\"><span class=\"wixui-rich-text__text\">TECHNICAL SPECIFICATION<br class=\"wixui-rich-text__text\" \/>SWEDFAN &#8211; FANS<\/span><\/span><\/h2>\n<\/div>\n<div id=\"comp-k39wq7fo3\" class=\"HcOXKn SxM0TO QxJLC3 lq2cno YQcXTT comp-k39wq7fo3 wixui-rich-text\" data-testid=\"richTextElement\">\n<p class=\"font_9 wixui-rich-text__text\"><span class=\"color_11 wixui-rich-text__text\">Click to download the Technical Specification for Swedfan high pressure tunneling Fans.<\/span><\/p>\n<\/div>\n<div id=\"comp-k39wq7fo4\" class=\"comp-k39wq7fo4 FubTgk\" aria-disabled=\"false\"><a class=\"uDW_Qe wixui-button PlZyDq\" href=\"https:\/\/www.swedfan.se\/_files\/ugd\/9e28d9_794ed837c3dd453ba4c5e34767a1bb20.pdf\" target=\"_blank\" rel=\"noopener\" data-testid=\"linkElement\" aria-disabled=\"false\" aria-label=\"Download\"><span class=\"l7_2fn wixui-button__label\">Download<\/span><\/a><\/div>\n<\/div>\n<\/div>\n<\/div>\n<\/div>\n<\/section>\n<\/div>\n<\/div>\n<\/section>\n","protected":false},"excerpt":{"rendered":"<section id=\"comp-lqc6ijml\" class=\"Oqnisf comp-lqc6ijml wixui-section\" tabindex=\"-1\" data-block-level-container=\"ClassicSection\">\n<div class=\"\" data-mesh-id=\"comp-lqc6ijmlinlineContent\" data-testid=\"inline-content\">\n<div data-mesh-id=\"comp-lqc6ijmlinlineContent-gridContainer\" data-testid=\"mesh-container-content\">\n<section id=\"comp-k24lkzra\" class=\"comp-k24lkzra CohWsy wixui-column-strip\">\n<div class=\"V5AUxf\" data-testid=\"columns\">\n<div id=\"comp-k24lkzra1\" class=\"comp-k24lkzra1 YzqVVZ wixui-column-strip__column\">\n<div class=\"\" data-mesh-id=\"comp-k24lkzra1inlineContent\" data-testid=\"inline-content\">\n<div data-mesh-id=\"comp-k24lkzra1inlineContent-gridContainer\" data-testid=\"mesh-container-content\">\n<div id=\"comp-k2u9xabu\" class=\"HcOXKn SxM0TO QxJLC3 lq2cno YQcXTT comp-k2u9xabu wixui-rich-text\" data-testid=\"richTextElement\">\n<p>SWEDFAN y\u00fcks\u0259k t\u0259zyiqli tunel ventilyatorlar\u0131 \u0130sve\u00e7d\u0259 istehsal olunur v\u0259 Skandinaviya keyfiyy\u0259t standartlar\u0131na uy\u011fun olaraq \u0259n y\u00fcks\u0259k keyfiyy\u0259ti t\u0259min edir.<\/p>\n<p>\u00c7\u018fK\u018fR<\/p>\n<p>B\u00f6y\u00fck bir hub, q\u0131sa b\u0131\u00e7aqlar v\u0259 b\u0131\u00e7aqlar v\u0259 fan t\u00f6km\u0259 aras\u0131nda ki\u00e7ik bo\u015fluq, fanatlar\u0131n \u00e7ox y\u00fcks\u0259k sistem t\u0259zyiql\u0259rin\u0259 qar\u015f\u0131 i\u015fl\u0259m\u0259 qabiliyy\u0259ti il\u0259 n\u0259tic\u0259l\u0259nir. \u00c7arxlar x\u00fcsusi haz\u0131rlanm\u0131\u015f b\u0259l\u0259d\u00e7i qanadlara do\u011fru f\u0131rlan\u0131r, burul\u011fan\u0131 v\u0259 turbulentliyi aradan qald\u0131r\u0131r. Bu fakt v\u0259 b\u0131\u00e7aqlar\u0131n h\u0259ddind\u0259n art\u0131q b\u00fck\u00fclm\u0259si s\u0259m\u0259r\u0259liliy\u0259 v\u0259 a\u015fa\u011f\u0131 s\u0259s s\u0259viyy\u0259l\u0259rin\u0259 k\u00f6m\u0259k edir.<\/p>\n<\/div>\n<\/div>\n<\/div>\n<\/div>\n<\/div>\n<\/section>\n<\/div>\n<\/div>\n<\/section>\n<section id=\"comp-lqc6ijmm\" class=\"Oqnisf comp-lqc6ijmm wixui-section\" tabindex=\"-1\" data-block-level-container=\"ClassicSection\">\n<div class=\"\" data-mesh-id=\"comp-lqc6ijmminlineContent\" data-testid=\"inline-content\">\n<div data-mesh-id=\"comp-lqc6ijmminlineContent-gridContainer\" data-testid=\"mesh-container-content\">\n<section id=\"comp-k2u9zkpt\" class=\"comp-k2u9zkpt CohWsy wixui-column-strip\">\n<div class=\"V5AUxf\" data-testid=\"columns\">\n<div id=\"comp-k2u9zkpt1\" class=\"comp-k2u9zkpt1 YzqVVZ wixui-column-strip__column\">\n<div class=\"\" data-mesh-id=\"comp-k2u9zkpt1inlineContent\" data-testid=\"inline-content\">\n<div data-mesh-id=\"comp-k2u9zkpt1inlineContent-gridContainer\" data-testid=\"mesh-container-content\">\n<section id=\"comp-k2u9zkpt2\" class=\"comp-k2u9zkpt2 CohWsy wixui-column-strip\">\n<div class=\"V5AUxf\" data-testid=\"columns\">\n<div id=\"comp-k2u9zkpt6\" class=\"comp-k2u9zkpt6 YzqVVZ wixui-column-strip__column\">\n<div id=\"bgLayers_comp-k2u9zkpt6\" class=\"MW5IWV\" data-hook=\"bgLayers\" data-motion-part=\"BG_LAYER comp-k2u9zkpt6\">\n<div id=\"bgMedia_comp-k2u9zkpt6\" class=\"VgO9Yg\" data-motion-part=\"BG_MEDIA comp-k2u9zkpt6\"><img loading=\"lazy\" decoding=\"async\" src=\"https:\/\/static.wixstatic.com\/media\/9e28d9_2b02571793dd4c04b33d4019df3f15c6~mv2.jpg\/v1\/fill\/w_794,h_560,fp_0.50_0.50,q_85,usm_0.66_1.00_0.01,enc_avif,quality_auto\/9e28d9_2b02571793dd4c04b33d4019df3f15c6~mv2.jpg\" alt=\"Fl\u00e4kthjul.jpg\" width=\"653\" height=\"560\" data-ssr-src-done=\"true\" \/><\/div>\n<\/div>\n<\/div>\n<\/div>\n<\/section>\n<\/div>\n<\/div>\n<\/div>\n<\/div>\n<\/section>\n<\/div>\n<\/div>\n<\/section>\n","protected":false},"featured_media":25511,"template":"","meta":[],"product_brand":[],"product_cat":[1079,1085],"product_tag":[],"class_list":{"0":"post-25523","1":"product","2":"type-product","3":"status-publish","4":"has-post-thumbnail","6":"product_cat-underground-ventilation-tunnel-mining-ventilation-az","7":"product_cat-tunel-fanatlari-yuksk-tzyiqli","9":"first","10":"instock","11":"shipping-taxable","12":"product-type-simple"},"yoast_head":"<!-- This site is optimized with the Yoast SEO plugin v27.1.1 - https:\/\/yoast.com\/product\/yoast-seo-wordpress\/ -->\n<title>Y\u00dcKS\u018fK T\u018fZY\u0130QL\u0130 TUNEL \u00c7\u018fK\u0130LM\u018fL\u018fR\u0130 - Climate Master<\/title>\n<meta name=\"robots\" content=\"index, follow, max-snippet:-1, max-image-preview:large, max-video-preview:-1\" \/>\n<link rel=\"canonical\" href=\"https:\/\/climatemaster.ge\/az\/product\/25508\/\" \/>\n<meta property=\"og:locale\" content=\"az_AZ\" \/>\n<meta property=\"og:type\" content=\"article\" \/>\n<meta property=\"og:title\" content=\"Y\u00dcKS\u018fK T\u018fZY\u0130QL\u0130 TUNEL \u00c7\u018fK\u0130LM\u018fL\u018fR\u0130 - Climate Master\" \/>\n<meta property=\"og:description\" content=\"SWEDFAN y\u00fcks\u0259k t\u0259zyiqli tunel ventilyatorlar\u0131 \u0130sve\u00e7d\u0259 istehsal olunur v\u0259 Skandinaviya keyfiyy\u0259t standartlar\u0131na uy\u011fun olaraq \u0259n y\u00fcks\u0259k keyfiyy\u0259ti t\u0259min edir.  \u00c7\u018fK\u018fR  B\u00f6y\u00fck bir hub, q\u0131sa b\u0131\u00e7aqlar v\u0259 b\u0131\u00e7aqlar v\u0259 fan t\u00f6km\u0259 aras\u0131nda ki\u00e7ik bo\u015fluq, fanatlar\u0131n \u00e7ox y\u00fcks\u0259k sistem t\u0259zyiql\u0259rin\u0259 qar\u015f\u0131 i\u015fl\u0259m\u0259 qabiliyy\u0259ti il\u0259 n\u0259tic\u0259l\u0259nir. \u00c7arxlar x\u00fcsusi haz\u0131rlanm\u0131\u015f b\u0259l\u0259d\u00e7i qanadlara do\u011fru f\u0131rlan\u0131r, burul\u011fan\u0131 v\u0259 turbulentliyi aradan qald\u0131r\u0131r. Bu fakt v\u0259 b\u0131\u00e7aqlar\u0131n h\u0259ddind\u0259n art\u0131q b\u00fck\u00fclm\u0259si s\u0259m\u0259r\u0259liliy\u0259 v\u0259 a\u015fa\u011f\u0131 s\u0259s s\u0259viyy\u0259l\u0259rin\u0259 k\u00f6m\u0259k edir.\" \/>\n<meta property=\"og:url\" content=\"https:\/\/climatemaster.ge\/az\/product\/25508\/\" \/>\n<meta property=\"og:site_name\" content=\"Climate Master\" \/>\n<meta property=\"article:modified_time\" content=\"2025-03-26T15:15:53+00:00\" \/>\n<meta property=\"og:image\" content=\"https:\/\/climatemaster.ge\/wp-content\/uploads\/2025\/03\/9e28d9_55b2a4aa3d734daf9125ead09afed523mv2_d_2991_1245_s_2.png\" \/>\n\t<meta property=\"og:image:width\" content=\"1351\" \/>\n\t<meta property=\"og:image:height\" content=\"560\" \/>\n\t<meta property=\"og:image:type\" content=\"image\/png\" \/>\n<meta name=\"twitter:card\" content=\"summary_large_image\" \/>\n<meta name=\"twitter:label1\" content=\"Est. reading time\" \/>\n\t<meta name=\"twitter:data1\" content=\"4 minutes\" \/>\n<script type=\"application\/ld+json\" class=\"yoast-schema-graph\">{\"@context\":\"https:\/\/schema.org\",\"@graph\":[{\"@type\":\"WebPage\",\"@id\":\"https:\/\/climatemaster.ge\/az\/product\/25508\/\",\"url\":\"https:\/\/climatemaster.ge\/az\/product\/25508\/\",\"name\":\"Y\u00dcKS\u018fK T\u018fZY\u0130QL\u0130 TUNEL \u00c7\u018fK\u0130LM\u018fL\u018fR\u0130 - Climate Master\",\"isPartOf\":{\"@id\":\"https:\/\/climatemaster.ge\/#website\"},\"primaryImageOfPage\":{\"@id\":\"https:\/\/climatemaster.ge\/az\/product\/25508\/#primaryimage\"},\"image\":{\"@id\":\"https:\/\/climatemaster.ge\/az\/product\/25508\/#primaryimage\"},\"thumbnailUrl\":\"https:\/\/climatemaster.ge\/wp-content\/uploads\/2025\/03\/9e28d9_55b2a4aa3d734daf9125ead09afed523mv2_d_2991_1245_s_2.png\",\"datePublished\":\"2025-03-26T14:38:13+00:00\",\"dateModified\":\"2025-03-26T15:15:53+00:00\",\"breadcrumb\":{\"@id\":\"https:\/\/climatemaster.ge\/az\/product\/25508\/#breadcrumb\"},\"inLanguage\":\"az\",\"potentialAction\":[{\"@type\":\"ReadAction\",\"target\":[\"https:\/\/climatemaster.ge\/az\/product\/25508\/\"]}]},{\"@type\":\"ImageObject\",\"inLanguage\":\"az\",\"@id\":\"https:\/\/climatemaster.ge\/az\/product\/25508\/#primaryimage\",\"url\":\"https:\/\/climatemaster.ge\/wp-content\/uploads\/2025\/03\/9e28d9_55b2a4aa3d734daf9125ead09afed523mv2_d_2991_1245_s_2.png\",\"contentUrl\":\"https:\/\/climatemaster.ge\/wp-content\/uploads\/2025\/03\/9e28d9_55b2a4aa3d734daf9125ead09afed523mv2_d_2991_1245_s_2.png\",\"width\":1351,\"height\":560},{\"@type\":\"BreadcrumbList\",\"@id\":\"https:\/\/climatemaster.ge\/az\/product\/25508\/#breadcrumb\",\"itemListElement\":[{\"@type\":\"ListItem\",\"position\":1,\"name\":\"Home\",\"item\":\"https:\/\/climatemaster.ge\/\"},{\"@type\":\"ListItem\",\"position\":2,\"name\":\"M\u0259hsullar\",\"item\":\"https:\/\/climatemaster.ge\/products\/\"},{\"@type\":\"ListItem\",\"position\":3,\"name\":\"Y\u00dcKS\u018fK T\u018fZY\u0130QL\u0130 TUNEL \u00c7\u018fK\u0130LM\u018fL\u018fR\u0130\"}]},{\"@type\":\"WebSite\",\"@id\":\"https:\/\/climatemaster.ge\/#website\",\"url\":\"https:\/\/climatemaster.ge\/\",\"name\":\"Climate Master\",\"description\":\"\",\"publisher\":{\"@id\":\"https:\/\/climatemaster.ge\/#organization\"},\"potentialAction\":[{\"@type\":\"SearchAction\",\"target\":{\"@type\":\"EntryPoint\",\"urlTemplate\":\"https:\/\/climatemaster.ge\/?s={search_term_string}\"},\"query-input\":{\"@type\":\"PropertyValueSpecification\",\"valueRequired\":true,\"valueName\":\"search_term_string\"}}],\"inLanguage\":\"az\"},{\"@type\":\"Organization\",\"@id\":\"https:\/\/climatemaster.ge\/#organization\",\"name\":\"Climate Master\",\"url\":\"https:\/\/climatemaster.ge\/\",\"logo\":{\"@type\":\"ImageObject\",\"inLanguage\":\"az\",\"@id\":\"https:\/\/climatemaster.ge\/#\/schema\/logo\/image\/\",\"url\":\"https:\/\/climatemaster.ge\/wp-content\/uploads\/2026\/03\/Untitled-2.png\",\"contentUrl\":\"https:\/\/climatemaster.ge\/wp-content\/uploads\/2026\/03\/Untitled-2.png\",\"width\":600,\"height\":338,\"caption\":\"Climate Master\"},\"image\":{\"@id\":\"https:\/\/climatemaster.ge\/#\/schema\/logo\/image\/\"}}]}<\/script>\n<!-- \/ Yoast SEO plugin. -->","yoast_head_json":{"title":"Y\u00dcKS\u018fK T\u018fZY\u0130QL\u0130 TUNEL \u00c7\u018fK\u0130LM\u018fL\u018fR\u0130 - Climate Master","robots":{"index":"index","follow":"follow","max-snippet":"max-snippet:-1","max-image-preview":"max-image-preview:large","max-video-preview":"max-video-preview:-1"},"canonical":"https:\/\/climatemaster.ge\/az\/product\/25508\/","og_locale":"az_AZ","og_type":"article","og_title":"Y\u00dcKS\u018fK T\u018fZY\u0130QL\u0130 TUNEL \u00c7\u018fK\u0130LM\u018fL\u018fR\u0130 - Climate Master","og_description":"SWEDFAN y\u00fcks\u0259k t\u0259zyiqli tunel ventilyatorlar\u0131 \u0130sve\u00e7d\u0259 istehsal olunur v\u0259 Skandinaviya keyfiyy\u0259t standartlar\u0131na uy\u011fun olaraq \u0259n y\u00fcks\u0259k keyfiyy\u0259ti t\u0259min edir.  \u00c7\u018fK\u018fR  B\u00f6y\u00fck bir hub, q\u0131sa b\u0131\u00e7aqlar v\u0259 b\u0131\u00e7aqlar v\u0259 fan t\u00f6km\u0259 aras\u0131nda ki\u00e7ik bo\u015fluq, fanatlar\u0131n \u00e7ox y\u00fcks\u0259k sistem t\u0259zyiql\u0259rin\u0259 qar\u015f\u0131 i\u015fl\u0259m\u0259 qabiliyy\u0259ti il\u0259 n\u0259tic\u0259l\u0259nir. \u00c7arxlar x\u00fcsusi haz\u0131rlanm\u0131\u015f b\u0259l\u0259d\u00e7i qanadlara do\u011fru f\u0131rlan\u0131r, burul\u011fan\u0131 v\u0259 turbulentliyi aradan qald\u0131r\u0131r. Bu fakt v\u0259 b\u0131\u00e7aqlar\u0131n h\u0259ddind\u0259n art\u0131q b\u00fck\u00fclm\u0259si s\u0259m\u0259r\u0259liliy\u0259 v\u0259 a\u015fa\u011f\u0131 s\u0259s s\u0259viyy\u0259l\u0259rin\u0259 k\u00f6m\u0259k edir.","og_url":"https:\/\/climatemaster.ge\/az\/product\/25508\/","og_site_name":"Climate Master","article_modified_time":"2025-03-26T15:15:53+00:00","og_image":[{"width":1351,"height":560,"url":"https:\/\/climatemaster.ge\/wp-content\/uploads\/2025\/03\/9e28d9_55b2a4aa3d734daf9125ead09afed523mv2_d_2991_1245_s_2.png","type":"image\/png"}],"twitter_card":"summary_large_image","twitter_misc":{"Est. reading time":"4 minutes"},"schema":{"@context":"https:\/\/schema.org","@graph":[{"@type":"WebPage","@id":"https:\/\/climatemaster.ge\/az\/product\/25508\/","url":"https:\/\/climatemaster.ge\/az\/product\/25508\/","name":"Y\u00dcKS\u018fK T\u018fZY\u0130QL\u0130 TUNEL \u00c7\u018fK\u0130LM\u018fL\u018fR\u0130 - Climate Master","isPartOf":{"@id":"https:\/\/climatemaster.ge\/#website"},"primaryImageOfPage":{"@id":"https:\/\/climatemaster.ge\/az\/product\/25508\/#primaryimage"},"image":{"@id":"https:\/\/climatemaster.ge\/az\/product\/25508\/#primaryimage"},"thumbnailUrl":"https:\/\/climatemaster.ge\/wp-content\/uploads\/2025\/03\/9e28d9_55b2a4aa3d734daf9125ead09afed523mv2_d_2991_1245_s_2.png","datePublished":"2025-03-26T14:38:13+00:00","dateModified":"2025-03-26T15:15:53+00:00","breadcrumb":{"@id":"https:\/\/climatemaster.ge\/az\/product\/25508\/#breadcrumb"},"inLanguage":"az","potentialAction":[{"@type":"ReadAction","target":["https:\/\/climatemaster.ge\/az\/product\/25508\/"]}]},{"@type":"ImageObject","inLanguage":"az","@id":"https:\/\/climatemaster.ge\/az\/product\/25508\/#primaryimage","url":"https:\/\/climatemaster.ge\/wp-content\/uploads\/2025\/03\/9e28d9_55b2a4aa3d734daf9125ead09afed523mv2_d_2991_1245_s_2.png","contentUrl":"https:\/\/climatemaster.ge\/wp-content\/uploads\/2025\/03\/9e28d9_55b2a4aa3d734daf9125ead09afed523mv2_d_2991_1245_s_2.png","width":1351,"height":560},{"@type":"BreadcrumbList","@id":"https:\/\/climatemaster.ge\/az\/product\/25508\/#breadcrumb","itemListElement":[{"@type":"ListItem","position":1,"name":"Home","item":"https:\/\/climatemaster.ge\/"},{"@type":"ListItem","position":2,"name":"M\u0259hsullar","item":"https:\/\/climatemaster.ge\/products\/"},{"@type":"ListItem","position":3,"name":"Y\u00dcKS\u018fK T\u018fZY\u0130QL\u0130 TUNEL \u00c7\u018fK\u0130LM\u018fL\u018fR\u0130"}]},{"@type":"WebSite","@id":"https:\/\/climatemaster.ge\/#website","url":"https:\/\/climatemaster.ge\/","name":"Climate Master","description":"","publisher":{"@id":"https:\/\/climatemaster.ge\/#organization"},"potentialAction":[{"@type":"SearchAction","target":{"@type":"EntryPoint","urlTemplate":"https:\/\/climatemaster.ge\/?s={search_term_string}"},"query-input":{"@type":"PropertyValueSpecification","valueRequired":true,"valueName":"search_term_string"}}],"inLanguage":"az"},{"@type":"Organization","@id":"https:\/\/climatemaster.ge\/#organization","name":"Climate Master","url":"https:\/\/climatemaster.ge\/","logo":{"@type":"ImageObject","inLanguage":"az","@id":"https:\/\/climatemaster.ge\/#\/schema\/logo\/image\/","url":"https:\/\/climatemaster.ge\/wp-content\/uploads\/2026\/03\/Untitled-2.png","contentUrl":"https:\/\/climatemaster.ge\/wp-content\/uploads\/2026\/03\/Untitled-2.png","width":600,"height":338,"caption":"Climate Master"},"image":{"@id":"https:\/\/climatemaster.ge\/#\/schema\/logo\/image\/"}}]}},"_links":{"self":[{"href":"https:\/\/climatemaster.ge\/az\/wp-json\/wp\/v2\/product\/25523","targetHints":{"allow":["GET"]}}],"collection":[{"href":"https:\/\/climatemaster.ge\/az\/wp-json\/wp\/v2\/product"}],"about":[{"href":"https:\/\/climatemaster.ge\/az\/wp-json\/wp\/v2\/types\/product"}],"wp:featuredmedia":[{"embeddable":true,"href":"https:\/\/climatemaster.ge\/az\/wp-json\/wp\/v2\/media\/25511"}],"wp:attachment":[{"href":"https:\/\/climatemaster.ge\/az\/wp-json\/wp\/v2\/media?parent=25523"}],"wp:term":[{"taxonomy":"product_brand","embeddable":true,"href":"https:\/\/climatemaster.ge\/az\/wp-json\/wp\/v2\/product_brand?post=25523"},{"taxonomy":"product_cat","embeddable":true,"href":"https:\/\/climatemaster.ge\/az\/wp-json\/wp\/v2\/product_cat?post=25523"},{"taxonomy":"product_tag","embeddable":true,"href":"https:\/\/climatemaster.ge\/az\/wp-json\/wp\/v2\/product_tag?post=25523"}],"curies":[{"name":"wp","href":"https:\/\/api.w.org\/{rel}","templated":true}]}}