{"id":24637,"date":"2024-01-28T20:29:24","date_gmt":"2024-01-28T16:29:24","guid":{"rendered":"https:\/\/airsystems.ge\/shop\/product\/cbrn-colpro-compliance\/"},"modified":"2025-02-24T13:04:21","modified_gmt":"2025-02-24T09:04:21","slug":"cbrn-colpro-compliance","status":"publish","type":"product","link":"https:\/\/climatemaster.ge\/az\/product\/cbrn-colpro-compliance\/","title":{"rendered":"Dantherm AC-M5 MKI \u2013 konteyner soyuducu"},"content":{"rendered":"<div class=\"md:text-center\">\n<h3 class=\"text-black font-bold text-lg md:text-xl lg:text-2xl\"><strong>Product Specifications<\/strong><\/h3>\n<\/div>\n<div class=\" md:mt-10\">\n<div class=\"\">\n<div class=\"lg:mt-0 \">\n<div id=\"spec-ac-m5-mki-50-hz\" class=\"prose max-w-full md:overflow-auto\" data-spec-content=\"\">\n<div class=\"spreadsheet-container hidden md:block\">\n<table class=\"w-full table-fixed mb-0\">\n<thead>\n<tr>\n<th class=\"font-bold text-base\"><span class=\"block px-4\">Specifications<\/span><\/th>\n<th class=\"font-bold text-base text-center\"><span class=\"block px-10 md:px-20\">Units<\/span><\/th>\n<th class=\"font-bold text-base text-center will-change\"><span class=\"block px-4\">AC-M5\u00a0MKI\u00a0(50\u00a0Hz)<\/span><\/th>\n<\/tr>\n<\/thead>\n<tbody>\n<tr class=\"bg-grey-200\/50 p-2\">\n<td colspan=\"1\"><span class=\"block px-4\">Registered NSN number<\/span><\/td>\n<td class=\"text-center\">\n<div class=\"px-10 md:px-20 flex items-center justify-center\">&#8211;<\/div>\n<\/td>\n<td class=\"text-center will-change\">\n<div class=\"px-10 md:px-20 flex items-center justify-center\">Yes<\/div>\n<\/td>\n<\/tr>\n<tr class=\" p-2\">\n<td colspan=\"1\"><span class=\"block px-4\">Operating temperature range, cooling<\/span><\/td>\n<td class=\"text-center\">\n<div class=\"px-10 md:px-20 flex items-center justify-center\">\u00b0C<\/div>\n<\/td>\n<td class=\"text-center will-change\">\n<div class=\"px-10 md:px-20 flex items-center justify-center\">+20 \u2013 +60<\/div>\n<\/td>\n<\/tr>\n<tr class=\"bg-grey-200\/50 p-2\">\n<td colspan=\"1\"><span class=\"block px-4\">Operating temperature range, heating<\/span><\/td>\n<td class=\"text-center\">\n<div class=\"px-10 md:px-20 flex items-center justify-center\">\u00b0C<\/div>\n<\/td>\n<td class=\"text-center will-change\">\n<div class=\"px-10 md:px-20 flex items-center justify-center\">-32 \u2013 +20<\/div>\n<\/td>\n<\/tr>\n<tr class=\" p-2\">\n<td colspan=\"1\"><span class=\"block px-4\">Air flow<\/span><\/td>\n<td class=\"text-center\">\n<div class=\"px-10 md:px-20 flex items-center justify-center\">m<sup>3<\/sup>\/h<\/div>\n<\/td>\n<td class=\"text-center will-change\">\n<div class=\"px-10 md:px-20 flex items-center justify-center\">900<\/div>\n<\/td>\n<\/tr>\n<tr class=\"bg-grey-200\/50 p-2\">\n<td colspan=\"1\"><span class=\"block px-4\">Sound level, fan-speed 1 &amp; 2 @ 1m<\/span><\/td>\n<td class=\"text-center\">\n<div class=\"px-10 md:px-20 flex items-center justify-center\">dB(A)<\/div>\n<\/td>\n<td class=\"text-center will-change\">\n<div class=\"px-10 md:px-20 flex items-center justify-center\">52\/59<\/div>\n<\/td>\n<\/tr>\n<tr class=\" p-2\">\n<td colspan=\"1\"><span class=\"block px-4\">Protection class<\/span><\/td>\n<td class=\"text-center\">\n<div class=\"px-10 md:px-20 flex items-center justify-center\"><\/div>\n<\/td>\n<td class=\"text-center will-change\">\n<div class=\"px-10 md:px-20 flex items-center justify-center\">IPX4<\/div>\n<\/td>\n<\/tr>\n<tr class=\"bg-grey-200\/50 p-2\">\n<td colspan=\"1\"><span class=\"block px-4\">Refrigerant<\/span><\/td>\n<td class=\"text-center\">\n<div class=\"px-10 md:px-20 flex items-center justify-center\"><\/div>\n<\/td>\n<td class=\"text-center will-change\">\n<div class=\"px-10 md:px-20 flex items-center justify-center\">R134a<\/div>\n<\/td>\n<\/tr>\n<tr class=\" p-2\">\n<td colspan=\"1\"><span class=\"block px-4\">Nominal cooling capacity<\/span><\/td>\n<td class=\"text-center\">\n<div class=\"px-10 md:px-20 flex items-center justify-center\">kW<\/div>\n<\/td>\n<td class=\"text-center will-change\">\n<div class=\"px-10 md:px-20 flex items-center justify-center\">4.7<\/div>\n<\/td>\n<\/tr>\n<tr class=\"bg-grey-200\/50 p-2\">\n<td colspan=\"1\"><span class=\"block px-4\">Heating capacity (optional)<\/span><\/td>\n<td class=\"text-center\">\n<div class=\"px-10 md:px-20 flex items-center justify-center\">kW<\/div>\n<\/td>\n<td class=\"text-center will-change\">\n<div class=\"px-10 md:px-20 flex items-center justify-center\">2<\/div>\n<\/td>\n<\/tr>\n<tr class=\" p-2\">\n<td colspan=\"1\"><span class=\"block px-4\">Power supply<\/span><\/td>\n<td class=\"text-center\">\n<div class=\"px-10 md:px-20 flex items-center justify-center\">V\/Hz<\/div>\n<\/td>\n<td class=\"text-center will-change\">\n<div class=\"px-10 md:px-20 flex items-center justify-center\">230\/1ph\/50<\/div>\n<\/td>\n<\/tr>\n<tr class=\"bg-grey-200\/50 p-2\">\n<td colspan=\"1\"><span class=\"block px-4\">Max. running current, cooling\/heating<\/span><\/td>\n<td class=\"text-center\">\n<div class=\"px-10 md:px-20 flex items-center justify-center\">A<\/div>\n<\/td>\n<td class=\"text-center will-change\">\n<div class=\"px-10 md:px-20 flex items-center justify-center\">9.8\/9.3<\/div>\n<\/td>\n<\/tr>\n<tr class=\" p-2\">\n<td colspan=\"1\"><span class=\"block px-4\">Locked rotor amperage (LRA)<\/span><\/td>\n<td class=\"text-center\">\n<div class=\"px-10 md:px-20 flex items-center justify-center\">A<\/div>\n<\/td>\n<td class=\"text-center will-change\">\n<div class=\"px-10 md:px-20 flex items-center justify-center\">47<\/div>\n<\/td>\n<\/tr>\n<tr class=\"bg-grey-200\/50 p-2\">\n<td colspan=\"1\"><span class=\"block px-4\">Max. power consumption cooling\/heating<\/span><\/td>\n<td class=\"text-center\">\n<div class=\"px-10 md:px-20 flex items-center justify-center\">W<\/div>\n<\/td>\n<td class=\"text-center will-change\">\n<div class=\"px-10 md:px-20 flex items-center justify-center\">2,300<\/div>\n<\/td>\n<\/tr>\n<tr class=\" p-2\">\n<td colspan=\"1\"><span class=\"block px-4\">Hose connection<\/span><\/td>\n<td class=\"text-center\">\n<div class=\"px-10 md:px-20 flex items-center justify-center\">\u00d8mm<\/div>\n<\/td>\n<td class=\"text-center will-change\">\n<div class=\"px-10 md:px-20 flex items-center justify-center\">N\/A<\/div>\n<\/td>\n<\/tr>\n<tr class=\"bg-grey-200\/50 p-2\">\n<td colspan=\"1\"><span class=\"block px-4\">Product size (h x l x w)<\/span><\/td>\n<td class=\"text-center\">\n<div class=\"px-10 md:px-20 flex items-center justify-center\">mm<\/div>\n<\/td>\n<td class=\"text-center will-change\">\n<div class=\"px-10 md:px-20 flex items-center justify-center\">482 x 755 x 666<\/div>\n<\/td>\n<\/tr>\n<tr class=\" p-2\">\n<td colspan=\"1\"><span class=\"block px-4\">Weight<\/span><\/td>\n<td class=\"text-center\">\n<div class=\"px-10 md:px-20 flex items-center justify-center\">kg<\/div>\n<\/td>\n<td class=\"text-center will-change\">\n<div class=\"px-10 md:px-20 flex items-center justify-center\">79<\/div>\n<\/td>\n<\/tr>\n<\/tbody>\n<\/table>\n<\/div>\n<\/div>\n<\/div>\n<\/div>\n<\/div>\n","protected":false},"excerpt":{"rendered":"<p>AC-M5 MKI ISO konteynerl\u0259rind\u0259 p\u0259nc\u0259r\u0259 montaj\u0131 \u00fc\u00e7\u00fcn n\u0259z\u0259rd\u0259 tutulub. T\u0259l\u0259 qap\u0131 sistemi il\u0259 birlikd\u0259 kondisioner konteynerin i\u00e7\u0259risin\u0259 qura\u015fd\u0131r\u0131lm\u0131\u015fd\u0131r. Da\u015f\u0131nma v\u0259 ya saxlama zaman\u0131 konteynerin \u0130SO k\u00fcncl\u0259ri daxilind\u0259 saxlamaq \u00fc\u00e7\u00fcn n\u0259z\u0259rd\u0259 tutulmu\u015fdur. AC-M5 MKI t\u0259l\u0259 qap\u0131 sistemind\u0259 s\u00fcr\u00fc\u015f\u00fcr v\u0259 i\u015fl\u0259m\u0259k \u00fc\u00e7\u00fcn konteynerd\u0259n yerl\u0259\u015fdirilir. Qura\u015fd\u0131r\u0131ld\u0131qdan sonra qur\u011fu i\u015fl\u0259y\u0259rk\u0259n konteynerin i\u00e7ind\u0259n kilidl\u0259nir.<\/p>\n<p>AC-M5 MKI t\u0259miz hava giri\u015fin\u0259 malikdir. CBRN\/COLPRO uy\u011funlu\u011fu t\u0259l\u0259b ed\u0259n proqramlar \u00fc\u00e7\u00fcn\u00a0AC-M5 MKII\u00a0m\u0259hsul s\u0259hif\u0259sin\u0259 m\u00fcraci\u0259t edin.<\/p>\n<p>\u0130st\u0259nil\u0259n miqyasda b\u00fct\u00fcn n\u00f6v kommersiya m\u0259qs\u0259dl\u0259ri \u00fc\u00e7\u00fcn uy\u011fun olan hava soyutma qur\u011fular\u0131m\u0131za v\u0259 konteyner soyuducular\u0131m\u0131za bax\u0131n.<\/p>\n<p>&nbsp;<\/p>\n<p>\u018fsas x\u00fcsusiyy\u0259tl\u0259r<br \/>\n\u0130sti dald\u0131rma sinkl\u0259nmi\u015f v\u0259 toz boyal\u0131 polad t\u0259b\u0259q\u0259d\u0259n istehsal edilmi\u015fdir<br \/>\n\u00dcst r\u0259ngl\u0259m\u0259 standart NATO ya\u015f\u0131l r\u0259ngidir, RAL 6014<br \/>\n\u018ftraf m\u00fchit\u0259 hava ke\u00e7irm\u0259y\u0259n s\u0259rh\u0259d<br \/>\n\u018ftraf m\u00fchitin temperaturunda +60\u00b0C-y\u0259 q\u0259d\u0259r soyutma t\u0259min edir<br \/>\nY\u00fcks\u0259k d\u0259r\u0259c\u0259d\u0259 etibarl\u0131l\u0131q v\u0259 a\u015fa\u011f\u0131 s\u0259s-k\u00fcy \u00fc\u00e7\u00fcn s\u00fcr\u00fc\u015fd\u00fcrm\u0259 kompressoru<br \/>\nDaxili fan \u00fc\u00e7\u00fcn iki pill\u0259li se\u00e7ici<br \/>\nSoyutmadan havaland\u0131rma \u00fc\u00e7\u00fcn &#8220;yaln\u0131z VENT&#8221; se\u00e7imi<br \/>\nDa\u015f\u0131nma zaman\u0131 konteynerin i\u00e7\u0259risind\u0259 saxlay\u0131r<br \/>\nNATO standart\u0131 olaraq se\u00e7ilmi\u015f, b\u00fct\u00fcn NATO t\u0259l\u0259b v\u0259 normalar\u0131na uy\u011fundur<br \/>\nB\u00fct\u00fcn b\u00f6lm\u0259l\u0259rin unikal NATO s\u0259hm n\u00f6mr\u0259l\u0259ri (NSN) var.<\/p>\n","protected":false},"featured_media":24620,"template":"","meta":[],"product_brand":[],"product_cat":[986,851,878,1182,960,845,883],"product_tag":[],"class_list":{"0":"post-24637","1":"product","2":"type-product","3":"status-publish","4":"has-post-thumbnail","6":"product_cat-air-cooling-az","7":"product_cat-air-cooling-dantherm-az","8":"product_cat-kondisioner-soyuducular-soyutma-biosoyuducu","9":"product_cat-cadir-kondisioner-az-soyuduculari","10":"product_cat-container-coolers-az","11":"product_cat-kondisioner-dantherm-az","12":"product_cat-ticart-kondisionerlr-portativ-az","14":"first","15":"instock","16":"shipping-taxable","17":"product-type-simple"},"yoast_head":"<!-- This site is optimized with the Yoast SEO plugin v27.1.1 - https:\/\/yoast.com\/product\/yoast-seo-wordpress\/ -->\n<title>Dantherm AC-M5 MKI \u2013 konteyner soyuducu - Climate Master<\/title>\n<meta name=\"robots\" content=\"index, follow, max-snippet:-1, max-image-preview:large, max-video-preview:-1\" \/>\n<link rel=\"canonical\" href=\"https:\/\/climatemaster.ge\/product\/cbrn-colpro-compliance\/\" \/>\n<meta property=\"og:locale\" content=\"az_AZ\" \/>\n<meta property=\"og:type\" content=\"article\" \/>\n<meta property=\"og:title\" content=\"Dantherm AC-M5 MKI \u2013 konteyner soyuducu - Climate Master\" \/>\n<meta property=\"og:description\" content=\"AC-M5 MKI ISO konteynerl\u0259rind\u0259 p\u0259nc\u0259r\u0259 montaj\u0131 \u00fc\u00e7\u00fcn n\u0259z\u0259rd\u0259 tutulub. T\u0259l\u0259 qap\u0131 sistemi il\u0259 birlikd\u0259 kondisioner konteynerin i\u00e7\u0259risin\u0259 qura\u015fd\u0131r\u0131lm\u0131\u015fd\u0131r. Da\u015f\u0131nma v\u0259 ya saxlama zaman\u0131 konteynerin \u0130SO k\u00fcncl\u0259ri daxilind\u0259 saxlamaq \u00fc\u00e7\u00fcn n\u0259z\u0259rd\u0259 tutulmu\u015fdur. AC-M5 MKI t\u0259l\u0259 qap\u0131 sistemind\u0259 s\u00fcr\u00fc\u015f\u00fcr v\u0259 i\u015fl\u0259m\u0259k \u00fc\u00e7\u00fcn konteynerd\u0259n yerl\u0259\u015fdirilir. Qura\u015fd\u0131r\u0131ld\u0131qdan sonra qur\u011fu i\u015fl\u0259y\u0259rk\u0259n konteynerin i\u00e7ind\u0259n kilidl\u0259nir.  AC-M5 MKI t\u0259miz hava giri\u015fin\u0259 malikdir. CBRN\/COLPRO uy\u011funlu\u011fu t\u0259l\u0259b ed\u0259n proqramlar \u00fc\u00e7\u00fcn\u00a0AC-M5 MKII\u00a0m\u0259hsul s\u0259hif\u0259sin\u0259 m\u00fcraci\u0259t edin.  \u0130st\u0259nil\u0259n miqyasda b\u00fct\u00fcn n\u00f6v kommersiya m\u0259qs\u0259dl\u0259ri \u00fc\u00e7\u00fcn uy\u011fun olan hava soyutma qur\u011fular\u0131m\u0131za v\u0259 konteyner soyuducular\u0131m\u0131za bax\u0131n.  &nbsp;  \u018fsas x\u00fcsusiyy\u0259tl\u0259r \u0130sti dald\u0131rma sinkl\u0259nmi\u015f v\u0259 toz boyal\u0131 polad t\u0259b\u0259q\u0259d\u0259n istehsal edilmi\u015fdir \u00dcst r\u0259ngl\u0259m\u0259 standart NATO ya\u015f\u0131l r\u0259ngidir, RAL 6014 \u018ftraf m\u00fchit\u0259 hava ke\u00e7irm\u0259y\u0259n s\u0259rh\u0259d \u018ftraf m\u00fchitin temperaturunda +60\u00b0C-y\u0259 q\u0259d\u0259r soyutma t\u0259min edir Y\u00fcks\u0259k d\u0259r\u0259c\u0259d\u0259 etibarl\u0131l\u0131q v\u0259 a\u015fa\u011f\u0131 s\u0259s-k\u00fcy \u00fc\u00e7\u00fcn s\u00fcr\u00fc\u015fd\u00fcrm\u0259 kompressoru Daxili fan \u00fc\u00e7\u00fcn iki pill\u0259li se\u00e7ici Soyutmadan havaland\u0131rma \u00fc\u00e7\u00fcn &quot;yaln\u0131z VENT&quot; se\u00e7imi Da\u015f\u0131nma zaman\u0131 konteynerin i\u00e7\u0259risind\u0259 saxlay\u0131r NATO standart\u0131 olaraq se\u00e7ilmi\u015f, b\u00fct\u00fcn NATO t\u0259l\u0259b v\u0259 normalar\u0131na uy\u011fundur B\u00fct\u00fcn b\u00f6lm\u0259l\u0259rin unikal NATO s\u0259hm n\u00f6mr\u0259l\u0259ri (NSN) var.\" \/>\n<meta property=\"og:url\" content=\"https:\/\/climatemaster.ge\/product\/cbrn-colpro-compliance\/\" \/>\n<meta property=\"og:site_name\" content=\"Climate Master\" \/>\n<meta property=\"article:modified_time\" content=\"2025-02-24T09:04:21+00:00\" \/>\n<meta property=\"og:image\" content=\"https:\/\/climatemaster.ge\/wp-content\/uploads\/2025\/02\/Dantherm-AC-M5MKI.jpg\" \/>\n\t<meta property=\"og:image:width\" content=\"1000\" \/>\n\t<meta property=\"og:image:height\" content=\"1000\" \/>\n\t<meta property=\"og:image:type\" content=\"image\/jpeg\" \/>\n<meta name=\"twitter:card\" content=\"summary_large_image\" \/>\n<script type=\"application\/ld+json\" class=\"yoast-schema-graph\">{\"@context\":\"https:\/\/schema.org\",\"@graph\":[{\"@type\":\"WebPage\",\"@id\":\"https:\/\/climatemaster.ge\/product\/cbrn-colpro-compliance\/\",\"url\":\"https:\/\/climatemaster.ge\/product\/cbrn-colpro-compliance\/\",\"name\":\"Dantherm AC-M5 MKI \u2013 konteyner soyuducu - Climate Master\",\"isPartOf\":{\"@id\":\"https:\/\/climatemaster.ge\/#website\"},\"primaryImageOfPage\":{\"@id\":\"https:\/\/climatemaster.ge\/product\/cbrn-colpro-compliance\/#primaryimage\"},\"image\":{\"@id\":\"https:\/\/climatemaster.ge\/product\/cbrn-colpro-compliance\/#primaryimage\"},\"thumbnailUrl\":\"https:\/\/climatemaster.ge\/wp-content\/uploads\/2025\/02\/Dantherm-AC-M5MKI.jpg\",\"datePublished\":\"2024-01-28T16:29:24+00:00\",\"dateModified\":\"2025-02-24T09:04:21+00:00\",\"breadcrumb\":{\"@id\":\"https:\/\/climatemaster.ge\/product\/cbrn-colpro-compliance\/#breadcrumb\"},\"inLanguage\":\"az\",\"potentialAction\":[{\"@type\":\"ReadAction\",\"target\":[\"https:\/\/climatemaster.ge\/product\/cbrn-colpro-compliance\/\"]}]},{\"@type\":\"ImageObject\",\"inLanguage\":\"az\",\"@id\":\"https:\/\/climatemaster.ge\/product\/cbrn-colpro-compliance\/#primaryimage\",\"url\":\"https:\/\/climatemaster.ge\/wp-content\/uploads\/2025\/02\/Dantherm-AC-M5MKI.jpg\",\"contentUrl\":\"https:\/\/climatemaster.ge\/wp-content\/uploads\/2025\/02\/Dantherm-AC-M5MKI.jpg\",\"width\":1000,\"height\":1000},{\"@type\":\"BreadcrumbList\",\"@id\":\"https:\/\/climatemaster.ge\/product\/cbrn-colpro-compliance\/#breadcrumb\",\"itemListElement\":[{\"@type\":\"ListItem\",\"position\":1,\"name\":\"Home\",\"item\":\"https:\/\/climatemaster.ge\/\"},{\"@type\":\"ListItem\",\"position\":2,\"name\":\"M\u0259hsullar\",\"item\":\"https:\/\/climatemaster.ge\/products\/\"},{\"@type\":\"ListItem\",\"position\":3,\"name\":\"Dantherm AC-M5 MKI \u2013 konteyner soyuducu\"}]},{\"@type\":\"WebSite\",\"@id\":\"https:\/\/climatemaster.ge\/#website\",\"url\":\"https:\/\/climatemaster.ge\/\",\"name\":\"Climate Master\",\"description\":\"\",\"publisher\":{\"@id\":\"https:\/\/climatemaster.ge\/#organization\"},\"potentialAction\":[{\"@type\":\"SearchAction\",\"target\":{\"@type\":\"EntryPoint\",\"urlTemplate\":\"https:\/\/climatemaster.ge\/?s={search_term_string}\"},\"query-input\":{\"@type\":\"PropertyValueSpecification\",\"valueRequired\":true,\"valueName\":\"search_term_string\"}}],\"inLanguage\":\"az\"},{\"@type\":\"Organization\",\"@id\":\"https:\/\/climatemaster.ge\/#organization\",\"name\":\"Climate Master\",\"url\":\"https:\/\/climatemaster.ge\/\",\"logo\":{\"@type\":\"ImageObject\",\"inLanguage\":\"az\",\"@id\":\"https:\/\/climatemaster.ge\/#\/schema\/logo\/image\/\",\"url\":\"https:\/\/climatemaster.ge\/wp-content\/uploads\/2026\/03\/Untitled-2.png\",\"contentUrl\":\"https:\/\/climatemaster.ge\/wp-content\/uploads\/2026\/03\/Untitled-2.png\",\"width\":600,\"height\":338,\"caption\":\"Climate Master\"},\"image\":{\"@id\":\"https:\/\/climatemaster.ge\/#\/schema\/logo\/image\/\"}}]}<\/script>\n<!-- \/ Yoast SEO plugin. -->","yoast_head_json":{"title":"Dantherm AC-M5 MKI \u2013 konteyner soyuducu - Climate Master","robots":{"index":"index","follow":"follow","max-snippet":"max-snippet:-1","max-image-preview":"max-image-preview:large","max-video-preview":"max-video-preview:-1"},"canonical":"https:\/\/climatemaster.ge\/product\/cbrn-colpro-compliance\/","og_locale":"az_AZ","og_type":"article","og_title":"Dantherm AC-M5 MKI \u2013 konteyner soyuducu - Climate Master","og_description":"AC-M5 MKI ISO konteynerl\u0259rind\u0259 p\u0259nc\u0259r\u0259 montaj\u0131 \u00fc\u00e7\u00fcn n\u0259z\u0259rd\u0259 tutulub. T\u0259l\u0259 qap\u0131 sistemi il\u0259 birlikd\u0259 kondisioner konteynerin i\u00e7\u0259risin\u0259 qura\u015fd\u0131r\u0131lm\u0131\u015fd\u0131r. Da\u015f\u0131nma v\u0259 ya saxlama zaman\u0131 konteynerin \u0130SO k\u00fcncl\u0259ri daxilind\u0259 saxlamaq \u00fc\u00e7\u00fcn n\u0259z\u0259rd\u0259 tutulmu\u015fdur. AC-M5 MKI t\u0259l\u0259 qap\u0131 sistemind\u0259 s\u00fcr\u00fc\u015f\u00fcr v\u0259 i\u015fl\u0259m\u0259k \u00fc\u00e7\u00fcn konteynerd\u0259n yerl\u0259\u015fdirilir. Qura\u015fd\u0131r\u0131ld\u0131qdan sonra qur\u011fu i\u015fl\u0259y\u0259rk\u0259n konteynerin i\u00e7ind\u0259n kilidl\u0259nir.  AC-M5 MKI t\u0259miz hava giri\u015fin\u0259 malikdir. CBRN\/COLPRO uy\u011funlu\u011fu t\u0259l\u0259b ed\u0259n proqramlar \u00fc\u00e7\u00fcn\u00a0AC-M5 MKII\u00a0m\u0259hsul s\u0259hif\u0259sin\u0259 m\u00fcraci\u0259t edin.  \u0130st\u0259nil\u0259n miqyasda b\u00fct\u00fcn n\u00f6v kommersiya m\u0259qs\u0259dl\u0259ri \u00fc\u00e7\u00fcn uy\u011fun olan hava soyutma qur\u011fular\u0131m\u0131za v\u0259 konteyner soyuducular\u0131m\u0131za bax\u0131n.  &nbsp;  \u018fsas x\u00fcsusiyy\u0259tl\u0259r \u0130sti dald\u0131rma sinkl\u0259nmi\u015f v\u0259 toz boyal\u0131 polad t\u0259b\u0259q\u0259d\u0259n istehsal edilmi\u015fdir \u00dcst r\u0259ngl\u0259m\u0259 standart NATO ya\u015f\u0131l r\u0259ngidir, RAL 6014 \u018ftraf m\u00fchit\u0259 hava ke\u00e7irm\u0259y\u0259n s\u0259rh\u0259d \u018ftraf m\u00fchitin temperaturunda +60\u00b0C-y\u0259 q\u0259d\u0259r soyutma t\u0259min edir Y\u00fcks\u0259k d\u0259r\u0259c\u0259d\u0259 etibarl\u0131l\u0131q v\u0259 a\u015fa\u011f\u0131 s\u0259s-k\u00fcy \u00fc\u00e7\u00fcn s\u00fcr\u00fc\u015fd\u00fcrm\u0259 kompressoru Daxili fan \u00fc\u00e7\u00fcn iki pill\u0259li se\u00e7ici Soyutmadan havaland\u0131rma \u00fc\u00e7\u00fcn \"yaln\u0131z VENT\" se\u00e7imi Da\u015f\u0131nma zaman\u0131 konteynerin i\u00e7\u0259risind\u0259 saxlay\u0131r NATO standart\u0131 olaraq se\u00e7ilmi\u015f, b\u00fct\u00fcn NATO t\u0259l\u0259b v\u0259 normalar\u0131na uy\u011fundur B\u00fct\u00fcn b\u00f6lm\u0259l\u0259rin unikal NATO s\u0259hm n\u00f6mr\u0259l\u0259ri (NSN) var.","og_url":"https:\/\/climatemaster.ge\/product\/cbrn-colpro-compliance\/","og_site_name":"Climate Master","article_modified_time":"2025-02-24T09:04:21+00:00","og_image":[{"width":1000,"height":1000,"url":"https:\/\/climatemaster.ge\/wp-content\/uploads\/2025\/02\/Dantherm-AC-M5MKI.jpg","type":"image\/jpeg"}],"twitter_card":"summary_large_image","schema":{"@context":"https:\/\/schema.org","@graph":[{"@type":"WebPage","@id":"https:\/\/climatemaster.ge\/product\/cbrn-colpro-compliance\/","url":"https:\/\/climatemaster.ge\/product\/cbrn-colpro-compliance\/","name":"Dantherm AC-M5 MKI \u2013 konteyner soyuducu - Climate Master","isPartOf":{"@id":"https:\/\/climatemaster.ge\/#website"},"primaryImageOfPage":{"@id":"https:\/\/climatemaster.ge\/product\/cbrn-colpro-compliance\/#primaryimage"},"image":{"@id":"https:\/\/climatemaster.ge\/product\/cbrn-colpro-compliance\/#primaryimage"},"thumbnailUrl":"https:\/\/climatemaster.ge\/wp-content\/uploads\/2025\/02\/Dantherm-AC-M5MKI.jpg","datePublished":"2024-01-28T16:29:24+00:00","dateModified":"2025-02-24T09:04:21+00:00","breadcrumb":{"@id":"https:\/\/climatemaster.ge\/product\/cbrn-colpro-compliance\/#breadcrumb"},"inLanguage":"az","potentialAction":[{"@type":"ReadAction","target":["https:\/\/climatemaster.ge\/product\/cbrn-colpro-compliance\/"]}]},{"@type":"ImageObject","inLanguage":"az","@id":"https:\/\/climatemaster.ge\/product\/cbrn-colpro-compliance\/#primaryimage","url":"https:\/\/climatemaster.ge\/wp-content\/uploads\/2025\/02\/Dantherm-AC-M5MKI.jpg","contentUrl":"https:\/\/climatemaster.ge\/wp-content\/uploads\/2025\/02\/Dantherm-AC-M5MKI.jpg","width":1000,"height":1000},{"@type":"BreadcrumbList","@id":"https:\/\/climatemaster.ge\/product\/cbrn-colpro-compliance\/#breadcrumb","itemListElement":[{"@type":"ListItem","position":1,"name":"Home","item":"https:\/\/climatemaster.ge\/"},{"@type":"ListItem","position":2,"name":"M\u0259hsullar","item":"https:\/\/climatemaster.ge\/products\/"},{"@type":"ListItem","position":3,"name":"Dantherm AC-M5 MKI \u2013 konteyner soyuducu"}]},{"@type":"WebSite","@id":"https:\/\/climatemaster.ge\/#website","url":"https:\/\/climatemaster.ge\/","name":"Climate Master","description":"","publisher":{"@id":"https:\/\/climatemaster.ge\/#organization"},"potentialAction":[{"@type":"SearchAction","target":{"@type":"EntryPoint","urlTemplate":"https:\/\/climatemaster.ge\/?s={search_term_string}"},"query-input":{"@type":"PropertyValueSpecification","valueRequired":true,"valueName":"search_term_string"}}],"inLanguage":"az"},{"@type":"Organization","@id":"https:\/\/climatemaster.ge\/#organization","name":"Climate Master","url":"https:\/\/climatemaster.ge\/","logo":{"@type":"ImageObject","inLanguage":"az","@id":"https:\/\/climatemaster.ge\/#\/schema\/logo\/image\/","url":"https:\/\/climatemaster.ge\/wp-content\/uploads\/2026\/03\/Untitled-2.png","contentUrl":"https:\/\/climatemaster.ge\/wp-content\/uploads\/2026\/03\/Untitled-2.png","width":600,"height":338,"caption":"Climate Master"},"image":{"@id":"https:\/\/climatemaster.ge\/#\/schema\/logo\/image\/"}}]}},"_links":{"self":[{"href":"https:\/\/climatemaster.ge\/az\/wp-json\/wp\/v2\/product\/24637","targetHints":{"allow":["GET"]}}],"collection":[{"href":"https:\/\/climatemaster.ge\/az\/wp-json\/wp\/v2\/product"}],"about":[{"href":"https:\/\/climatemaster.ge\/az\/wp-json\/wp\/v2\/types\/product"}],"wp:featuredmedia":[{"embeddable":true,"href":"https:\/\/climatemaster.ge\/az\/wp-json\/wp\/v2\/media\/24620"}],"wp:attachment":[{"href":"https:\/\/climatemaster.ge\/az\/wp-json\/wp\/v2\/media?parent=24637"}],"wp:term":[{"taxonomy":"product_brand","embeddable":true,"href":"https:\/\/climatemaster.ge\/az\/wp-json\/wp\/v2\/product_brand?post=24637"},{"taxonomy":"product_cat","embeddable":true,"href":"https:\/\/climatemaster.ge\/az\/wp-json\/wp\/v2\/product_cat?post=24637"},{"taxonomy":"product_tag","embeddable":true,"href":"https:\/\/climatemaster.ge\/az\/wp-json\/wp\/v2\/product_tag?post=24637"}],"curies":[{"name":"wp","href":"https:\/\/api.w.org\/{rel}","templated":true}]}}