{"id":24549,"date":"2025-02-24T00:37:34","date_gmt":"2025-02-23T20:37:34","guid":{"rendered":"https:\/\/airsystems.ge\/shop\/product\/acoustic-baffles-with-light-alphacoustic-ab-fos\/"},"modified":"2025-02-24T00:41:36","modified_gmt":"2025-02-23T20:41:36","slug":"acoustic-baffles-with-light-alphacoustic-ab-fos","status":"publish","type":"product","link":"https:\/\/climatemaster.ge\/az\/product\/acoustic-baffles-with-light-alphacoustic-ab-fos\/","title":{"rendered":"Y\u00fcng\u00fcl ALPHAcoustic il\u0259 akustik baffler \u2013 AB.Fos"},"content":{"rendered":"","protected":false},"excerpt":{"rendered":"<p>Dizayn\/Format D\u00fcz d\u00fczbucaql\u0131\/Sinusoidal<\/p>\n<p>ALPHAcoustic \u2013 AB.Fos Box d\u00fczbucaql\u0131 en k\u0259siyi olan i\u015f\u0131ql\u0131 \u015faquli s\u0259s uducu tavan p\u0259rd\u0259l\u0259ridir.<br \/>\nOnlar minimal, q\u0259na\u0259tcil xarakterli v\u0259 sad\u0259 Dorik \u00fcslublu t\u0259tbiql\u0259rd\u0259 se\u00e7ilir.<\/p>\n<p>M\u00fcvafiq akustik ara\u015fd\u0131rmaya g\u00f6r\u0259, onlar tavandan \u015faquli olaraq as\u0131l\u0131rlar.<\/p>\n<p>Kateqoriya: \u0130\u015f\u0131ql\u0131 Akustik Panell\u0259r<\/p>\n","protected":false},"featured_media":24514,"template":"","meta":[],"product_brand":[],"product_cat":[804,931,954],"product_tag":[],"class_list":{"0":"post-24549","1":"product","2":"type-product","3":"status-publish","4":"has-post-thumbnail","6":"product_cat-akustika-ss-kuy-v-vibrasiyaya-nzart","7":"product_cat-architectural-acoustic-az","8":"product_cat-akustik-panellr-isiqli-az","10":"first","11":"instock","12":"shipping-taxable","13":"product-type-simple"},"yoast_head":"<!-- This site is optimized with the Yoast SEO plugin v27.1.1 - https:\/\/yoast.com\/product\/yoast-seo-wordpress\/ -->\n<title>Y\u00fcng\u00fcl ALPHAcoustic il\u0259 akustik baffler \u2013 AB.Fos - Climate Master<\/title>\n<meta name=\"robots\" content=\"index, follow, max-snippet:-1, max-image-preview:large, max-video-preview:-1\" \/>\n<link rel=\"canonical\" href=\"https:\/\/climatemaster.ge\/az\/product\/acoustic-baffles-with-light-alphacoustic-ab-fos\/\" \/>\n<meta property=\"og:locale\" content=\"az_AZ\" \/>\n<meta property=\"og:type\" content=\"article\" \/>\n<meta property=\"og:title\" content=\"Y\u00fcng\u00fcl ALPHAcoustic il\u0259 akustik baffler \u2013 AB.Fos - Climate Master\" \/>\n<meta property=\"og:description\" content=\"Dizayn\/Format D\u00fcz d\u00fczbucaql\u0131\/Sinusoidal  ALPHAcoustic \u2013 AB.Fos Box d\u00fczbucaql\u0131 en k\u0259siyi olan i\u015f\u0131ql\u0131 \u015faquli s\u0259s uducu tavan p\u0259rd\u0259l\u0259ridir. Onlar minimal, q\u0259na\u0259tcil xarakterli v\u0259 sad\u0259 Dorik \u00fcslublu t\u0259tbiql\u0259rd\u0259 se\u00e7ilir.  M\u00fcvafiq akustik ara\u015fd\u0131rmaya g\u00f6r\u0259, onlar tavandan \u015faquli olaraq as\u0131l\u0131rlar.  Kateqoriya: \u0130\u015f\u0131ql\u0131 Akustik Panell\u0259r\" \/>\n<meta property=\"og:url\" content=\"https:\/\/climatemaster.ge\/az\/product\/acoustic-baffles-with-light-alphacoustic-ab-fos\/\" \/>\n<meta property=\"og:site_name\" content=\"Climate Master\" \/>\n<meta property=\"article:modified_time\" content=\"2025-02-23T20:41:36+00:00\" \/>\n<meta property=\"og:image\" content=\"https:\/\/climatemaster.ge\/wp-content\/uploads\/2025\/02\/ALPHAcoustic-AB.Fos-Box.jpg\" \/>\n\t<meta property=\"og:image:width\" content=\"1356\" \/>\n\t<meta property=\"og:image:height\" content=\"795\" \/>\n\t<meta property=\"og:image:type\" content=\"image\/jpeg\" \/>\n<meta name=\"twitter:card\" content=\"summary_large_image\" \/>\n<script type=\"application\/ld+json\" class=\"yoast-schema-graph\">{\"@context\":\"https:\/\/schema.org\",\"@graph\":[{\"@type\":\"WebPage\",\"@id\":\"https:\/\/climatemaster.ge\/az\/product\/acoustic-baffles-with-light-alphacoustic-ab-fos\/\",\"url\":\"https:\/\/climatemaster.ge\/az\/product\/acoustic-baffles-with-light-alphacoustic-ab-fos\/\",\"name\":\"Y\u00fcng\u00fcl ALPHAcoustic il\u0259 akustik baffler \u2013 AB.Fos - Climate Master\",\"isPartOf\":{\"@id\":\"https:\/\/climatemaster.ge\/#website\"},\"primaryImageOfPage\":{\"@id\":\"https:\/\/climatemaster.ge\/az\/product\/acoustic-baffles-with-light-alphacoustic-ab-fos\/#primaryimage\"},\"image\":{\"@id\":\"https:\/\/climatemaster.ge\/az\/product\/acoustic-baffles-with-light-alphacoustic-ab-fos\/#primaryimage\"},\"thumbnailUrl\":\"https:\/\/climatemaster.ge\/wp-content\/uploads\/2025\/02\/ALPHAcoustic-AB.Fos-Box.jpg\",\"datePublished\":\"2025-02-23T20:37:34+00:00\",\"dateModified\":\"2025-02-23T20:41:36+00:00\",\"breadcrumb\":{\"@id\":\"https:\/\/climatemaster.ge\/az\/product\/acoustic-baffles-with-light-alphacoustic-ab-fos\/#breadcrumb\"},\"inLanguage\":\"az\",\"potentialAction\":[{\"@type\":\"ReadAction\",\"target\":[\"https:\/\/climatemaster.ge\/az\/product\/acoustic-baffles-with-light-alphacoustic-ab-fos\/\"]}]},{\"@type\":\"ImageObject\",\"inLanguage\":\"az\",\"@id\":\"https:\/\/climatemaster.ge\/az\/product\/acoustic-baffles-with-light-alphacoustic-ab-fos\/#primaryimage\",\"url\":\"https:\/\/climatemaster.ge\/wp-content\/uploads\/2025\/02\/ALPHAcoustic-AB.Fos-Box.jpg\",\"contentUrl\":\"https:\/\/climatemaster.ge\/wp-content\/uploads\/2025\/02\/ALPHAcoustic-AB.Fos-Box.jpg\",\"width\":1356,\"height\":795},{\"@type\":\"BreadcrumbList\",\"@id\":\"https:\/\/climatemaster.ge\/az\/product\/acoustic-baffles-with-light-alphacoustic-ab-fos\/#breadcrumb\",\"itemListElement\":[{\"@type\":\"ListItem\",\"position\":1,\"name\":\"Home\",\"item\":\"https:\/\/climatemaster.ge\/\"},{\"@type\":\"ListItem\",\"position\":2,\"name\":\"M\u0259hsullar\",\"item\":\"https:\/\/climatemaster.ge\/products\/\"},{\"@type\":\"ListItem\",\"position\":3,\"name\":\"Y\u00fcng\u00fcl ALPHAcoustic il\u0259 akustik baffler \u2013 AB.Fos\"}]},{\"@type\":\"WebSite\",\"@id\":\"https:\/\/climatemaster.ge\/#website\",\"url\":\"https:\/\/climatemaster.ge\/\",\"name\":\"Climate Master\",\"description\":\"\",\"publisher\":{\"@id\":\"https:\/\/climatemaster.ge\/#organization\"},\"potentialAction\":[{\"@type\":\"SearchAction\",\"target\":{\"@type\":\"EntryPoint\",\"urlTemplate\":\"https:\/\/climatemaster.ge\/?s={search_term_string}\"},\"query-input\":{\"@type\":\"PropertyValueSpecification\",\"valueRequired\":true,\"valueName\":\"search_term_string\"}}],\"inLanguage\":\"az\"},{\"@type\":\"Organization\",\"@id\":\"https:\/\/climatemaster.ge\/#organization\",\"name\":\"Climate Master\",\"url\":\"https:\/\/climatemaster.ge\/\",\"logo\":{\"@type\":\"ImageObject\",\"inLanguage\":\"az\",\"@id\":\"https:\/\/climatemaster.ge\/#\/schema\/logo\/image\/\",\"url\":\"https:\/\/climatemaster.ge\/wp-content\/uploads\/2026\/03\/Untitled-2.png\",\"contentUrl\":\"https:\/\/climatemaster.ge\/wp-content\/uploads\/2026\/03\/Untitled-2.png\",\"width\":600,\"height\":338,\"caption\":\"Climate Master\"},\"image\":{\"@id\":\"https:\/\/climatemaster.ge\/#\/schema\/logo\/image\/\"}}]}<\/script>\n<!-- \/ Yoast SEO plugin. -->","yoast_head_json":{"title":"Y\u00fcng\u00fcl ALPHAcoustic il\u0259 akustik baffler \u2013 AB.Fos - Climate Master","robots":{"index":"index","follow":"follow","max-snippet":"max-snippet:-1","max-image-preview":"max-image-preview:large","max-video-preview":"max-video-preview:-1"},"canonical":"https:\/\/climatemaster.ge\/az\/product\/acoustic-baffles-with-light-alphacoustic-ab-fos\/","og_locale":"az_AZ","og_type":"article","og_title":"Y\u00fcng\u00fcl ALPHAcoustic il\u0259 akustik baffler \u2013 AB.Fos - Climate Master","og_description":"Dizayn\/Format D\u00fcz d\u00fczbucaql\u0131\/Sinusoidal  ALPHAcoustic \u2013 AB.Fos Box d\u00fczbucaql\u0131 en k\u0259siyi olan i\u015f\u0131ql\u0131 \u015faquli s\u0259s uducu tavan p\u0259rd\u0259l\u0259ridir. Onlar minimal, q\u0259na\u0259tcil xarakterli v\u0259 sad\u0259 Dorik \u00fcslublu t\u0259tbiql\u0259rd\u0259 se\u00e7ilir.  M\u00fcvafiq akustik ara\u015fd\u0131rmaya g\u00f6r\u0259, onlar tavandan \u015faquli olaraq as\u0131l\u0131rlar.  Kateqoriya: \u0130\u015f\u0131ql\u0131 Akustik Panell\u0259r","og_url":"https:\/\/climatemaster.ge\/az\/product\/acoustic-baffles-with-light-alphacoustic-ab-fos\/","og_site_name":"Climate Master","article_modified_time":"2025-02-23T20:41:36+00:00","og_image":[{"width":1356,"height":795,"url":"https:\/\/climatemaster.ge\/wp-content\/uploads\/2025\/02\/ALPHAcoustic-AB.Fos-Box.jpg","type":"image\/jpeg"}],"twitter_card":"summary_large_image","schema":{"@context":"https:\/\/schema.org","@graph":[{"@type":"WebPage","@id":"https:\/\/climatemaster.ge\/az\/product\/acoustic-baffles-with-light-alphacoustic-ab-fos\/","url":"https:\/\/climatemaster.ge\/az\/product\/acoustic-baffles-with-light-alphacoustic-ab-fos\/","name":"Y\u00fcng\u00fcl ALPHAcoustic il\u0259 akustik baffler \u2013 AB.Fos - Climate Master","isPartOf":{"@id":"https:\/\/climatemaster.ge\/#website"},"primaryImageOfPage":{"@id":"https:\/\/climatemaster.ge\/az\/product\/acoustic-baffles-with-light-alphacoustic-ab-fos\/#primaryimage"},"image":{"@id":"https:\/\/climatemaster.ge\/az\/product\/acoustic-baffles-with-light-alphacoustic-ab-fos\/#primaryimage"},"thumbnailUrl":"https:\/\/climatemaster.ge\/wp-content\/uploads\/2025\/02\/ALPHAcoustic-AB.Fos-Box.jpg","datePublished":"2025-02-23T20:37:34+00:00","dateModified":"2025-02-23T20:41:36+00:00","breadcrumb":{"@id":"https:\/\/climatemaster.ge\/az\/product\/acoustic-baffles-with-light-alphacoustic-ab-fos\/#breadcrumb"},"inLanguage":"az","potentialAction":[{"@type":"ReadAction","target":["https:\/\/climatemaster.ge\/az\/product\/acoustic-baffles-with-light-alphacoustic-ab-fos\/"]}]},{"@type":"ImageObject","inLanguage":"az","@id":"https:\/\/climatemaster.ge\/az\/product\/acoustic-baffles-with-light-alphacoustic-ab-fos\/#primaryimage","url":"https:\/\/climatemaster.ge\/wp-content\/uploads\/2025\/02\/ALPHAcoustic-AB.Fos-Box.jpg","contentUrl":"https:\/\/climatemaster.ge\/wp-content\/uploads\/2025\/02\/ALPHAcoustic-AB.Fos-Box.jpg","width":1356,"height":795},{"@type":"BreadcrumbList","@id":"https:\/\/climatemaster.ge\/az\/product\/acoustic-baffles-with-light-alphacoustic-ab-fos\/#breadcrumb","itemListElement":[{"@type":"ListItem","position":1,"name":"Home","item":"https:\/\/climatemaster.ge\/"},{"@type":"ListItem","position":2,"name":"M\u0259hsullar","item":"https:\/\/climatemaster.ge\/products\/"},{"@type":"ListItem","position":3,"name":"Y\u00fcng\u00fcl ALPHAcoustic il\u0259 akustik baffler \u2013 AB.Fos"}]},{"@type":"WebSite","@id":"https:\/\/climatemaster.ge\/#website","url":"https:\/\/climatemaster.ge\/","name":"Climate Master","description":"","publisher":{"@id":"https:\/\/climatemaster.ge\/#organization"},"potentialAction":[{"@type":"SearchAction","target":{"@type":"EntryPoint","urlTemplate":"https:\/\/climatemaster.ge\/?s={search_term_string}"},"query-input":{"@type":"PropertyValueSpecification","valueRequired":true,"valueName":"search_term_string"}}],"inLanguage":"az"},{"@type":"Organization","@id":"https:\/\/climatemaster.ge\/#organization","name":"Climate Master","url":"https:\/\/climatemaster.ge\/","logo":{"@type":"ImageObject","inLanguage":"az","@id":"https:\/\/climatemaster.ge\/#\/schema\/logo\/image\/","url":"https:\/\/climatemaster.ge\/wp-content\/uploads\/2026\/03\/Untitled-2.png","contentUrl":"https:\/\/climatemaster.ge\/wp-content\/uploads\/2026\/03\/Untitled-2.png","width":600,"height":338,"caption":"Climate Master"},"image":{"@id":"https:\/\/climatemaster.ge\/#\/schema\/logo\/image\/"}}]}},"_links":{"self":[{"href":"https:\/\/climatemaster.ge\/az\/wp-json\/wp\/v2\/product\/24549","targetHints":{"allow":["GET"]}}],"collection":[{"href":"https:\/\/climatemaster.ge\/az\/wp-json\/wp\/v2\/product"}],"about":[{"href":"https:\/\/climatemaster.ge\/az\/wp-json\/wp\/v2\/types\/product"}],"wp:featuredmedia":[{"embeddable":true,"href":"https:\/\/climatemaster.ge\/az\/wp-json\/wp\/v2\/media\/24514"}],"wp:attachment":[{"href":"https:\/\/climatemaster.ge\/az\/wp-json\/wp\/v2\/media?parent=24549"}],"wp:term":[{"taxonomy":"product_brand","embeddable":true,"href":"https:\/\/climatemaster.ge\/az\/wp-json\/wp\/v2\/product_brand?post=24549"},{"taxonomy":"product_cat","embeddable":true,"href":"https:\/\/climatemaster.ge\/az\/wp-json\/wp\/v2\/product_cat?post=24549"},{"taxonomy":"product_tag","embeddable":true,"href":"https:\/\/climatemaster.ge\/az\/wp-json\/wp\/v2\/product_tag?post=24549"}],"curies":[{"name":"wp","href":"https:\/\/api.w.org\/{rel}","templated":true}]}}