{"id":24462,"date":"2025-02-24T00:25:31","date_gmt":"2025-02-23T20:25:31","guid":{"rendered":"https:\/\/airsystems.ge\/shop\/product\/luminous-acoustic-ceiling-alphacoustic-sky-fos\/"},"modified":"2025-02-24T00:28:00","modified_gmt":"2025-02-23T20:28:00","slug":"luminous-acoustic-ceiling-alphacoustic-sky-fos","status":"publish","type":"product","link":"https:\/\/climatemaster.ge\/az\/product\/luminous-acoustic-ceiling-alphacoustic-sky-fos\/","title":{"rendered":"\u0130\u015f\u0131ql\u0131 akustik tavan ALPHAcoustic \u2013 Sky.Fos"},"content":{"rendered":"","protected":false},"excerpt":{"rendered":"<p>Dizayn\/Format D\u00fczbucaql\u0131\/\u00c7oxbucaql\u0131<\/p>\n<p>ALPHAcoustic \u2013 Sky.Fos akustikan\u0131 i\u015f\u0131qland\u0131rma il\u0259 birl\u0259\u015fdir\u0259n yeni akustik panell\u0259r seriyas\u0131d\u0131r. \u0130\u015f\u0131q m\u0259nas\u0131n\u0131 ver\u0259n yunanca &#8220;\u03a6\u03a9\u03a3&#8221; s\u00f6z\u00fcn\u00fcn \u015f\u0259r\u0259fin\u0259 adland\u0131r\u0131lan bu Akustik\/\u0130\u015f\u0131ql\u0131 tavan panell\u0259ri ya tavandan \u00fcf\u00fcqi \u015f\u0259kild\u0259 as\u0131la, ya da \u015faquli olaraq divara yap\u0131\u015fd\u0131r\u0131la bil\u0259r. Y\u00fcks\u0259k intensivliy\u0259 malik gizli LED-l\u0259r i\u015f\u0131\u011f\u0131 \u00f6n panelin par\u00e7a s\u0259thin\u0259 b\u0259rab\u0259r \u015f\u0259kild\u0259 yay\u0131r.<\/p>\n<p>Kateqoriya: \u0130\u015f\u0131ql\u0131 Akustik Panell\u0259r<\/p>\n","protected":false},"featured_media":24457,"template":"","meta":[],"product_brand":[],"product_cat":[804,931,954],"product_tag":[],"class_list":{"0":"post-24462","1":"product","2":"type-product","3":"status-publish","4":"has-post-thumbnail","6":"product_cat-akustika-ss-kuy-v-vibrasiyaya-nzart","7":"product_cat-architectural-acoustic-az","8":"product_cat-akustik-panellr-isiqli-az","10":"first","11":"instock","12":"shipping-taxable","13":"product-type-simple"},"yoast_head":"<!-- This site is optimized with the Yoast SEO plugin v27.1.1 - https:\/\/yoast.com\/product\/yoast-seo-wordpress\/ -->\n<title>\u0130\u015f\u0131ql\u0131 akustik tavan ALPHAcoustic \u2013 Sky.Fos - Climate Master<\/title>\n<meta name=\"robots\" content=\"index, follow, max-snippet:-1, max-image-preview:large, max-video-preview:-1\" \/>\n<link rel=\"canonical\" href=\"https:\/\/climatemaster.ge\/az\/product\/luminous-acoustic-ceiling-alphacoustic-sky-fos\/\" \/>\n<meta property=\"og:locale\" content=\"az_AZ\" \/>\n<meta property=\"og:type\" content=\"article\" \/>\n<meta property=\"og:title\" content=\"\u0130\u015f\u0131ql\u0131 akustik tavan ALPHAcoustic \u2013 Sky.Fos - Climate Master\" \/>\n<meta property=\"og:description\" content=\"Dizayn\/Format D\u00fczbucaql\u0131\/\u00c7oxbucaql\u0131  ALPHAcoustic \u2013 Sky.Fos akustikan\u0131 i\u015f\u0131qland\u0131rma il\u0259 birl\u0259\u015fdir\u0259n yeni akustik panell\u0259r seriyas\u0131d\u0131r. \u0130\u015f\u0131q m\u0259nas\u0131n\u0131 ver\u0259n yunanca &quot;\u03a6\u03a9\u03a3&quot; s\u00f6z\u00fcn\u00fcn \u015f\u0259r\u0259fin\u0259 adland\u0131r\u0131lan bu Akustik\/\u0130\u015f\u0131ql\u0131 tavan panell\u0259ri ya tavandan \u00fcf\u00fcqi \u015f\u0259kild\u0259 as\u0131la, ya da \u015faquli olaraq divara yap\u0131\u015fd\u0131r\u0131la bil\u0259r. Y\u00fcks\u0259k intensivliy\u0259 malik gizli LED-l\u0259r i\u015f\u0131\u011f\u0131 \u00f6n panelin par\u00e7a s\u0259thin\u0259 b\u0259rab\u0259r \u015f\u0259kild\u0259 yay\u0131r.  Kateqoriya: \u0130\u015f\u0131ql\u0131 Akustik Panell\u0259r\" \/>\n<meta property=\"og:url\" content=\"https:\/\/climatemaster.ge\/az\/product\/luminous-acoustic-ceiling-alphacoustic-sky-fos\/\" \/>\n<meta property=\"og:site_name\" content=\"Climate Master\" \/>\n<meta property=\"article:modified_time\" content=\"2025-02-23T20:28:00+00:00\" \/>\n<meta property=\"og:image\" content=\"https:\/\/climatemaster.ge\/wp-content\/uploads\/2025\/02\/Sky-REC-1.2-2.jpg\" \/>\n\t<meta property=\"og:image:width\" content=\"800\" \/>\n\t<meta property=\"og:image:height\" content=\"600\" \/>\n\t<meta property=\"og:image:type\" content=\"image\/jpeg\" \/>\n<meta name=\"twitter:card\" content=\"summary_large_image\" \/>\n<script type=\"application\/ld+json\" class=\"yoast-schema-graph\">{\"@context\":\"https:\/\/schema.org\",\"@graph\":[{\"@type\":\"WebPage\",\"@id\":\"https:\/\/climatemaster.ge\/az\/product\/luminous-acoustic-ceiling-alphacoustic-sky-fos\/\",\"url\":\"https:\/\/climatemaster.ge\/az\/product\/luminous-acoustic-ceiling-alphacoustic-sky-fos\/\",\"name\":\"\u0130\u015f\u0131ql\u0131 akustik tavan ALPHAcoustic \u2013 Sky.Fos - Climate Master\",\"isPartOf\":{\"@id\":\"https:\/\/climatemaster.ge\/#website\"},\"primaryImageOfPage\":{\"@id\":\"https:\/\/climatemaster.ge\/az\/product\/luminous-acoustic-ceiling-alphacoustic-sky-fos\/#primaryimage\"},\"image\":{\"@id\":\"https:\/\/climatemaster.ge\/az\/product\/luminous-acoustic-ceiling-alphacoustic-sky-fos\/#primaryimage\"},\"thumbnailUrl\":\"https:\/\/climatemaster.ge\/wp-content\/uploads\/2025\/02\/Sky-REC-1.2-2.jpg\",\"datePublished\":\"2025-02-23T20:25:31+00:00\",\"dateModified\":\"2025-02-23T20:28:00+00:00\",\"breadcrumb\":{\"@id\":\"https:\/\/climatemaster.ge\/az\/product\/luminous-acoustic-ceiling-alphacoustic-sky-fos\/#breadcrumb\"},\"inLanguage\":\"az\",\"potentialAction\":[{\"@type\":\"ReadAction\",\"target\":[\"https:\/\/climatemaster.ge\/az\/product\/luminous-acoustic-ceiling-alphacoustic-sky-fos\/\"]}]},{\"@type\":\"ImageObject\",\"inLanguage\":\"az\",\"@id\":\"https:\/\/climatemaster.ge\/az\/product\/luminous-acoustic-ceiling-alphacoustic-sky-fos\/#primaryimage\",\"url\":\"https:\/\/climatemaster.ge\/wp-content\/uploads\/2025\/02\/Sky-REC-1.2-2.jpg\",\"contentUrl\":\"https:\/\/climatemaster.ge\/wp-content\/uploads\/2025\/02\/Sky-REC-1.2-2.jpg\",\"width\":800,\"height\":600},{\"@type\":\"BreadcrumbList\",\"@id\":\"https:\/\/climatemaster.ge\/az\/product\/luminous-acoustic-ceiling-alphacoustic-sky-fos\/#breadcrumb\",\"itemListElement\":[{\"@type\":\"ListItem\",\"position\":1,\"name\":\"Home\",\"item\":\"https:\/\/climatemaster.ge\/\"},{\"@type\":\"ListItem\",\"position\":2,\"name\":\"M\u0259hsullar\",\"item\":\"https:\/\/climatemaster.ge\/products\/\"},{\"@type\":\"ListItem\",\"position\":3,\"name\":\"\u0130\u015f\u0131ql\u0131 akustik tavan ALPHAcoustic \u2013 Sky.Fos\"}]},{\"@type\":\"WebSite\",\"@id\":\"https:\/\/climatemaster.ge\/#website\",\"url\":\"https:\/\/climatemaster.ge\/\",\"name\":\"Climate Master\",\"description\":\"\",\"publisher\":{\"@id\":\"https:\/\/climatemaster.ge\/#organization\"},\"potentialAction\":[{\"@type\":\"SearchAction\",\"target\":{\"@type\":\"EntryPoint\",\"urlTemplate\":\"https:\/\/climatemaster.ge\/?s={search_term_string}\"},\"query-input\":{\"@type\":\"PropertyValueSpecification\",\"valueRequired\":true,\"valueName\":\"search_term_string\"}}],\"inLanguage\":\"az\"},{\"@type\":\"Organization\",\"@id\":\"https:\/\/climatemaster.ge\/#organization\",\"name\":\"Climate Master\",\"url\":\"https:\/\/climatemaster.ge\/\",\"logo\":{\"@type\":\"ImageObject\",\"inLanguage\":\"az\",\"@id\":\"https:\/\/climatemaster.ge\/#\/schema\/logo\/image\/\",\"url\":\"https:\/\/climatemaster.ge\/wp-content\/uploads\/2026\/03\/Untitled-2.png\",\"contentUrl\":\"https:\/\/climatemaster.ge\/wp-content\/uploads\/2026\/03\/Untitled-2.png\",\"width\":600,\"height\":338,\"caption\":\"Climate Master\"},\"image\":{\"@id\":\"https:\/\/climatemaster.ge\/#\/schema\/logo\/image\/\"}}]}<\/script>\n<!-- \/ Yoast SEO plugin. -->","yoast_head_json":{"title":"\u0130\u015f\u0131ql\u0131 akustik tavan ALPHAcoustic \u2013 Sky.Fos - Climate Master","robots":{"index":"index","follow":"follow","max-snippet":"max-snippet:-1","max-image-preview":"max-image-preview:large","max-video-preview":"max-video-preview:-1"},"canonical":"https:\/\/climatemaster.ge\/az\/product\/luminous-acoustic-ceiling-alphacoustic-sky-fos\/","og_locale":"az_AZ","og_type":"article","og_title":"\u0130\u015f\u0131ql\u0131 akustik tavan ALPHAcoustic \u2013 Sky.Fos - Climate Master","og_description":"Dizayn\/Format D\u00fczbucaql\u0131\/\u00c7oxbucaql\u0131  ALPHAcoustic \u2013 Sky.Fos akustikan\u0131 i\u015f\u0131qland\u0131rma il\u0259 birl\u0259\u015fdir\u0259n yeni akustik panell\u0259r seriyas\u0131d\u0131r. \u0130\u015f\u0131q m\u0259nas\u0131n\u0131 ver\u0259n yunanca \"\u03a6\u03a9\u03a3\" s\u00f6z\u00fcn\u00fcn \u015f\u0259r\u0259fin\u0259 adland\u0131r\u0131lan bu Akustik\/\u0130\u015f\u0131ql\u0131 tavan panell\u0259ri ya tavandan \u00fcf\u00fcqi \u015f\u0259kild\u0259 as\u0131la, ya da \u015faquli olaraq divara yap\u0131\u015fd\u0131r\u0131la bil\u0259r. Y\u00fcks\u0259k intensivliy\u0259 malik gizli LED-l\u0259r i\u015f\u0131\u011f\u0131 \u00f6n panelin par\u00e7a s\u0259thin\u0259 b\u0259rab\u0259r \u015f\u0259kild\u0259 yay\u0131r.  Kateqoriya: \u0130\u015f\u0131ql\u0131 Akustik Panell\u0259r","og_url":"https:\/\/climatemaster.ge\/az\/product\/luminous-acoustic-ceiling-alphacoustic-sky-fos\/","og_site_name":"Climate Master","article_modified_time":"2025-02-23T20:28:00+00:00","og_image":[{"width":800,"height":600,"url":"https:\/\/climatemaster.ge\/wp-content\/uploads\/2025\/02\/Sky-REC-1.2-2.jpg","type":"image\/jpeg"}],"twitter_card":"summary_large_image","schema":{"@context":"https:\/\/schema.org","@graph":[{"@type":"WebPage","@id":"https:\/\/climatemaster.ge\/az\/product\/luminous-acoustic-ceiling-alphacoustic-sky-fos\/","url":"https:\/\/climatemaster.ge\/az\/product\/luminous-acoustic-ceiling-alphacoustic-sky-fos\/","name":"\u0130\u015f\u0131ql\u0131 akustik tavan ALPHAcoustic \u2013 Sky.Fos - Climate Master","isPartOf":{"@id":"https:\/\/climatemaster.ge\/#website"},"primaryImageOfPage":{"@id":"https:\/\/climatemaster.ge\/az\/product\/luminous-acoustic-ceiling-alphacoustic-sky-fos\/#primaryimage"},"image":{"@id":"https:\/\/climatemaster.ge\/az\/product\/luminous-acoustic-ceiling-alphacoustic-sky-fos\/#primaryimage"},"thumbnailUrl":"https:\/\/climatemaster.ge\/wp-content\/uploads\/2025\/02\/Sky-REC-1.2-2.jpg","datePublished":"2025-02-23T20:25:31+00:00","dateModified":"2025-02-23T20:28:00+00:00","breadcrumb":{"@id":"https:\/\/climatemaster.ge\/az\/product\/luminous-acoustic-ceiling-alphacoustic-sky-fos\/#breadcrumb"},"inLanguage":"az","potentialAction":[{"@type":"ReadAction","target":["https:\/\/climatemaster.ge\/az\/product\/luminous-acoustic-ceiling-alphacoustic-sky-fos\/"]}]},{"@type":"ImageObject","inLanguage":"az","@id":"https:\/\/climatemaster.ge\/az\/product\/luminous-acoustic-ceiling-alphacoustic-sky-fos\/#primaryimage","url":"https:\/\/climatemaster.ge\/wp-content\/uploads\/2025\/02\/Sky-REC-1.2-2.jpg","contentUrl":"https:\/\/climatemaster.ge\/wp-content\/uploads\/2025\/02\/Sky-REC-1.2-2.jpg","width":800,"height":600},{"@type":"BreadcrumbList","@id":"https:\/\/climatemaster.ge\/az\/product\/luminous-acoustic-ceiling-alphacoustic-sky-fos\/#breadcrumb","itemListElement":[{"@type":"ListItem","position":1,"name":"Home","item":"https:\/\/climatemaster.ge\/"},{"@type":"ListItem","position":2,"name":"M\u0259hsullar","item":"https:\/\/climatemaster.ge\/products\/"},{"@type":"ListItem","position":3,"name":"\u0130\u015f\u0131ql\u0131 akustik tavan ALPHAcoustic \u2013 Sky.Fos"}]},{"@type":"WebSite","@id":"https:\/\/climatemaster.ge\/#website","url":"https:\/\/climatemaster.ge\/","name":"Climate Master","description":"","publisher":{"@id":"https:\/\/climatemaster.ge\/#organization"},"potentialAction":[{"@type":"SearchAction","target":{"@type":"EntryPoint","urlTemplate":"https:\/\/climatemaster.ge\/?s={search_term_string}"},"query-input":{"@type":"PropertyValueSpecification","valueRequired":true,"valueName":"search_term_string"}}],"inLanguage":"az"},{"@type":"Organization","@id":"https:\/\/climatemaster.ge\/#organization","name":"Climate Master","url":"https:\/\/climatemaster.ge\/","logo":{"@type":"ImageObject","inLanguage":"az","@id":"https:\/\/climatemaster.ge\/#\/schema\/logo\/image\/","url":"https:\/\/climatemaster.ge\/wp-content\/uploads\/2026\/03\/Untitled-2.png","contentUrl":"https:\/\/climatemaster.ge\/wp-content\/uploads\/2026\/03\/Untitled-2.png","width":600,"height":338,"caption":"Climate Master"},"image":{"@id":"https:\/\/climatemaster.ge\/#\/schema\/logo\/image\/"}}]}},"_links":{"self":[{"href":"https:\/\/climatemaster.ge\/az\/wp-json\/wp\/v2\/product\/24462","targetHints":{"allow":["GET"]}}],"collection":[{"href":"https:\/\/climatemaster.ge\/az\/wp-json\/wp\/v2\/product"}],"about":[{"href":"https:\/\/climatemaster.ge\/az\/wp-json\/wp\/v2\/types\/product"}],"wp:featuredmedia":[{"embeddable":true,"href":"https:\/\/climatemaster.ge\/az\/wp-json\/wp\/v2\/media\/24457"}],"wp:attachment":[{"href":"https:\/\/climatemaster.ge\/az\/wp-json\/wp\/v2\/media?parent=24462"}],"wp:term":[{"taxonomy":"product_brand","embeddable":true,"href":"https:\/\/climatemaster.ge\/az\/wp-json\/wp\/v2\/product_brand?post=24462"},{"taxonomy":"product_cat","embeddable":true,"href":"https:\/\/climatemaster.ge\/az\/wp-json\/wp\/v2\/product_cat?post=24462"},{"taxonomy":"product_tag","embeddable":true,"href":"https:\/\/climatemaster.ge\/az\/wp-json\/wp\/v2\/product_tag?post=24462"}],"curies":[{"name":"wp","href":"https:\/\/api.w.org\/{rel}","templated":true}]}}