{"id":24318,"date":"2025-02-23T23:45:37","date_gmt":"2025-02-23T19:45:37","guid":{"rendered":"https:\/\/airsystems.ge\/shop\/product\/trapezoid-acoustic-panel-alphacoustic-urban\/"},"modified":"2025-02-23T23:47:51","modified_gmt":"2025-02-23T19:47:51","slug":"trapezoid-acoustic-panel-alphacoustic-urban","status":"publish","type":"product","link":"https:\/\/climatemaster.ge\/az\/product\/trapezoid-acoustic-panel-alphacoustic-urban\/","title":{"rendered":"Trapezoid akustik panel ALPHAcoustic \u2013 URBAN"},"content":{"rendered":"","protected":false},"excerpt":{"rendered":"<div class=\"woocommerce-product-details__short-description\">\n<p>ALPHAcoustic \u2013 Urban, \u015e\u0259h\u0259r Dizayn Layih\u0259sind\u0259n ilhamlanm\u0131\u015f akustik paneldir. Panel tamamil\u0259 akustik \u015f\u0259ffaf par\u00e7a il\u0259 \u00f6rt\u00fclm\u00fc\u015fd\u00fcr.<br \/>\nALPHAcoustic \u2013 Urban sonsuz m\u00fcmk\u00fcn birl\u0259\u015fm\u0259l\u0259r yarada bil\u0259n yaln\u0131z iki f\u0259rqli panel dizayn\u0131ndan ibar\u0259tdir.<\/p>\n<p>O, narahatedici s\u0259s-k\u00fcy\u00fcn \u0259ks olunmas\u0131n\u0131, daxili akustikan\u0131n yax\u015f\u0131la\u015fd\u0131r\u0131lmas\u0131n\u0131, \u0259ks-s\u0259da do\u011furan s\u0259s-k\u00fcy\u00fcn azald\u0131lmas\u0131n\u0131 t\u0259klif edir,<br \/>\nist\u0259nil\u0259n daxili m\u0259kan\u0131n estetikas\u0131n\u0131 art\u0131rark\u0259n daha yax\u015f\u0131 akustik m\u00fchit t\u0259klif edir.<\/p>\n<p>Kateqoriya: X\u00fcsusi Dizayn Akustik Panell\u0259r<\/p>\n<\/div>\n","protected":false},"featured_media":24307,"template":"","meta":[],"product_brand":[],"product_cat":[804,931,948],"product_tag":[],"class_list":{"0":"post-24318","1":"product","2":"type-product","3":"status-publish","4":"has-post-thumbnail","6":"product_cat-akustika-ss-kuy-v-vibrasiyaya-nzart","7":"product_cat-architectural-acoustic-az","8":"product_cat-akustik-panellr-dizayn-az","10":"first","11":"instock","12":"shipping-taxable","13":"product-type-simple"},"yoast_head":"<!-- This site is optimized with the Yoast SEO plugin v27.1.1 - https:\/\/yoast.com\/product\/yoast-seo-wordpress\/ -->\n<title>Trapezoid akustik panel ALPHAcoustic \u2013 URBAN - Climate Master<\/title>\n<meta name=\"robots\" content=\"index, follow, max-snippet:-1, max-image-preview:large, max-video-preview:-1\" \/>\n<link rel=\"canonical\" href=\"https:\/\/climatemaster.ge\/az\/product\/trapezoid-acoustic-panel-alphacoustic-urban\/\" \/>\n<meta property=\"og:locale\" content=\"az_AZ\" \/>\n<meta property=\"og:type\" content=\"article\" \/>\n<meta property=\"og:title\" content=\"Trapezoid akustik panel ALPHAcoustic \u2013 URBAN - Climate Master\" \/>\n<meta property=\"og:description\" content=\"ALPHAcoustic \u2013 Urban, \u015e\u0259h\u0259r Dizayn Layih\u0259sind\u0259n ilhamlanm\u0131\u015f akustik paneldir. Panel tamamil\u0259 akustik \u015f\u0259ffaf par\u00e7a il\u0259 \u00f6rt\u00fclm\u00fc\u015fd\u00fcr. ALPHAcoustic \u2013 Urban sonsuz m\u00fcmk\u00fcn birl\u0259\u015fm\u0259l\u0259r yarada bil\u0259n yaln\u0131z iki f\u0259rqli panel dizayn\u0131ndan ibar\u0259tdir.  O, narahatedici s\u0259s-k\u00fcy\u00fcn \u0259ks olunmas\u0131n\u0131, daxili akustikan\u0131n yax\u015f\u0131la\u015fd\u0131r\u0131lmas\u0131n\u0131, \u0259ks-s\u0259da do\u011furan s\u0259s-k\u00fcy\u00fcn azald\u0131lmas\u0131n\u0131 t\u0259klif edir, ist\u0259nil\u0259n daxili m\u0259kan\u0131n estetikas\u0131n\u0131 art\u0131rark\u0259n daha yax\u015f\u0131 akustik m\u00fchit t\u0259klif edir.  Kateqoriya: X\u00fcsusi Dizayn Akustik Panell\u0259r\" \/>\n<meta property=\"og:url\" content=\"https:\/\/climatemaster.ge\/az\/product\/trapezoid-acoustic-panel-alphacoustic-urban\/\" \/>\n<meta property=\"og:site_name\" content=\"Climate Master\" \/>\n<meta property=\"article:modified_time\" content=\"2025-02-23T19:47:51+00:00\" \/>\n<meta property=\"og:image\" content=\"https:\/\/climatemaster.ge\/wp-content\/uploads\/2025\/02\/20190824_172602-e1603455271549.jpg\" \/>\n\t<meta property=\"og:image:width\" content=\"1200\" \/>\n\t<meta property=\"og:image:height\" content=\"900\" \/>\n\t<meta property=\"og:image:type\" content=\"image\/jpeg\" \/>\n<meta name=\"twitter:card\" content=\"summary_large_image\" \/>\n<script type=\"application\/ld+json\" class=\"yoast-schema-graph\">{\"@context\":\"https:\/\/schema.org\",\"@graph\":[{\"@type\":\"WebPage\",\"@id\":\"https:\/\/climatemaster.ge\/az\/product\/trapezoid-acoustic-panel-alphacoustic-urban\/\",\"url\":\"https:\/\/climatemaster.ge\/az\/product\/trapezoid-acoustic-panel-alphacoustic-urban\/\",\"name\":\"Trapezoid akustik panel ALPHAcoustic \u2013 URBAN - Climate Master\",\"isPartOf\":{\"@id\":\"https:\/\/climatemaster.ge\/#website\"},\"primaryImageOfPage\":{\"@id\":\"https:\/\/climatemaster.ge\/az\/product\/trapezoid-acoustic-panel-alphacoustic-urban\/#primaryimage\"},\"image\":{\"@id\":\"https:\/\/climatemaster.ge\/az\/product\/trapezoid-acoustic-panel-alphacoustic-urban\/#primaryimage\"},\"thumbnailUrl\":\"https:\/\/climatemaster.ge\/wp-content\/uploads\/2025\/02\/20190824_172602-e1603455271549.jpg\",\"datePublished\":\"2025-02-23T19:45:37+00:00\",\"dateModified\":\"2025-02-23T19:47:51+00:00\",\"breadcrumb\":{\"@id\":\"https:\/\/climatemaster.ge\/az\/product\/trapezoid-acoustic-panel-alphacoustic-urban\/#breadcrumb\"},\"inLanguage\":\"az\",\"potentialAction\":[{\"@type\":\"ReadAction\",\"target\":[\"https:\/\/climatemaster.ge\/az\/product\/trapezoid-acoustic-panel-alphacoustic-urban\/\"]}]},{\"@type\":\"ImageObject\",\"inLanguage\":\"az\",\"@id\":\"https:\/\/climatemaster.ge\/az\/product\/trapezoid-acoustic-panel-alphacoustic-urban\/#primaryimage\",\"url\":\"https:\/\/climatemaster.ge\/wp-content\/uploads\/2025\/02\/20190824_172602-e1603455271549.jpg\",\"contentUrl\":\"https:\/\/climatemaster.ge\/wp-content\/uploads\/2025\/02\/20190824_172602-e1603455271549.jpg\",\"width\":1200,\"height\":900},{\"@type\":\"BreadcrumbList\",\"@id\":\"https:\/\/climatemaster.ge\/az\/product\/trapezoid-acoustic-panel-alphacoustic-urban\/#breadcrumb\",\"itemListElement\":[{\"@type\":\"ListItem\",\"position\":1,\"name\":\"Home\",\"item\":\"https:\/\/climatemaster.ge\/\"},{\"@type\":\"ListItem\",\"position\":2,\"name\":\"M\u0259hsullar\",\"item\":\"https:\/\/climatemaster.ge\/products\/\"},{\"@type\":\"ListItem\",\"position\":3,\"name\":\"Trapezoid akustik panel ALPHAcoustic \u2013 URBAN\"}]},{\"@type\":\"WebSite\",\"@id\":\"https:\/\/climatemaster.ge\/#website\",\"url\":\"https:\/\/climatemaster.ge\/\",\"name\":\"Climate Master\",\"description\":\"\",\"publisher\":{\"@id\":\"https:\/\/climatemaster.ge\/#organization\"},\"potentialAction\":[{\"@type\":\"SearchAction\",\"target\":{\"@type\":\"EntryPoint\",\"urlTemplate\":\"https:\/\/climatemaster.ge\/?s={search_term_string}\"},\"query-input\":{\"@type\":\"PropertyValueSpecification\",\"valueRequired\":true,\"valueName\":\"search_term_string\"}}],\"inLanguage\":\"az\"},{\"@type\":\"Organization\",\"@id\":\"https:\/\/climatemaster.ge\/#organization\",\"name\":\"Climate Master\",\"url\":\"https:\/\/climatemaster.ge\/\",\"logo\":{\"@type\":\"ImageObject\",\"inLanguage\":\"az\",\"@id\":\"https:\/\/climatemaster.ge\/#\/schema\/logo\/image\/\",\"url\":\"https:\/\/climatemaster.ge\/wp-content\/uploads\/2026\/03\/Untitled-2.png\",\"contentUrl\":\"https:\/\/climatemaster.ge\/wp-content\/uploads\/2026\/03\/Untitled-2.png\",\"width\":600,\"height\":338,\"caption\":\"Climate Master\"},\"image\":{\"@id\":\"https:\/\/climatemaster.ge\/#\/schema\/logo\/image\/\"}}]}<\/script>\n<!-- \/ Yoast SEO plugin. -->","yoast_head_json":{"title":"Trapezoid akustik panel ALPHAcoustic \u2013 URBAN - Climate Master","robots":{"index":"index","follow":"follow","max-snippet":"max-snippet:-1","max-image-preview":"max-image-preview:large","max-video-preview":"max-video-preview:-1"},"canonical":"https:\/\/climatemaster.ge\/az\/product\/trapezoid-acoustic-panel-alphacoustic-urban\/","og_locale":"az_AZ","og_type":"article","og_title":"Trapezoid akustik panel ALPHAcoustic \u2013 URBAN - Climate Master","og_description":"ALPHAcoustic \u2013 Urban, \u015e\u0259h\u0259r Dizayn Layih\u0259sind\u0259n ilhamlanm\u0131\u015f akustik paneldir. Panel tamamil\u0259 akustik \u015f\u0259ffaf par\u00e7a il\u0259 \u00f6rt\u00fclm\u00fc\u015fd\u00fcr. ALPHAcoustic \u2013 Urban sonsuz m\u00fcmk\u00fcn birl\u0259\u015fm\u0259l\u0259r yarada bil\u0259n yaln\u0131z iki f\u0259rqli panel dizayn\u0131ndan ibar\u0259tdir.  O, narahatedici s\u0259s-k\u00fcy\u00fcn \u0259ks olunmas\u0131n\u0131, daxili akustikan\u0131n yax\u015f\u0131la\u015fd\u0131r\u0131lmas\u0131n\u0131, \u0259ks-s\u0259da do\u011furan s\u0259s-k\u00fcy\u00fcn azald\u0131lmas\u0131n\u0131 t\u0259klif edir, ist\u0259nil\u0259n daxili m\u0259kan\u0131n estetikas\u0131n\u0131 art\u0131rark\u0259n daha yax\u015f\u0131 akustik m\u00fchit t\u0259klif edir.  Kateqoriya: X\u00fcsusi Dizayn Akustik Panell\u0259r","og_url":"https:\/\/climatemaster.ge\/az\/product\/trapezoid-acoustic-panel-alphacoustic-urban\/","og_site_name":"Climate Master","article_modified_time":"2025-02-23T19:47:51+00:00","og_image":[{"width":1200,"height":900,"url":"https:\/\/climatemaster.ge\/wp-content\/uploads\/2025\/02\/20190824_172602-e1603455271549.jpg","type":"image\/jpeg"}],"twitter_card":"summary_large_image","schema":{"@context":"https:\/\/schema.org","@graph":[{"@type":"WebPage","@id":"https:\/\/climatemaster.ge\/az\/product\/trapezoid-acoustic-panel-alphacoustic-urban\/","url":"https:\/\/climatemaster.ge\/az\/product\/trapezoid-acoustic-panel-alphacoustic-urban\/","name":"Trapezoid akustik panel ALPHAcoustic \u2013 URBAN - Climate Master","isPartOf":{"@id":"https:\/\/climatemaster.ge\/#website"},"primaryImageOfPage":{"@id":"https:\/\/climatemaster.ge\/az\/product\/trapezoid-acoustic-panel-alphacoustic-urban\/#primaryimage"},"image":{"@id":"https:\/\/climatemaster.ge\/az\/product\/trapezoid-acoustic-panel-alphacoustic-urban\/#primaryimage"},"thumbnailUrl":"https:\/\/climatemaster.ge\/wp-content\/uploads\/2025\/02\/20190824_172602-e1603455271549.jpg","datePublished":"2025-02-23T19:45:37+00:00","dateModified":"2025-02-23T19:47:51+00:00","breadcrumb":{"@id":"https:\/\/climatemaster.ge\/az\/product\/trapezoid-acoustic-panel-alphacoustic-urban\/#breadcrumb"},"inLanguage":"az","potentialAction":[{"@type":"ReadAction","target":["https:\/\/climatemaster.ge\/az\/product\/trapezoid-acoustic-panel-alphacoustic-urban\/"]}]},{"@type":"ImageObject","inLanguage":"az","@id":"https:\/\/climatemaster.ge\/az\/product\/trapezoid-acoustic-panel-alphacoustic-urban\/#primaryimage","url":"https:\/\/climatemaster.ge\/wp-content\/uploads\/2025\/02\/20190824_172602-e1603455271549.jpg","contentUrl":"https:\/\/climatemaster.ge\/wp-content\/uploads\/2025\/02\/20190824_172602-e1603455271549.jpg","width":1200,"height":900},{"@type":"BreadcrumbList","@id":"https:\/\/climatemaster.ge\/az\/product\/trapezoid-acoustic-panel-alphacoustic-urban\/#breadcrumb","itemListElement":[{"@type":"ListItem","position":1,"name":"Home","item":"https:\/\/climatemaster.ge\/"},{"@type":"ListItem","position":2,"name":"M\u0259hsullar","item":"https:\/\/climatemaster.ge\/products\/"},{"@type":"ListItem","position":3,"name":"Trapezoid akustik panel ALPHAcoustic \u2013 URBAN"}]},{"@type":"WebSite","@id":"https:\/\/climatemaster.ge\/#website","url":"https:\/\/climatemaster.ge\/","name":"Climate Master","description":"","publisher":{"@id":"https:\/\/climatemaster.ge\/#organization"},"potentialAction":[{"@type":"SearchAction","target":{"@type":"EntryPoint","urlTemplate":"https:\/\/climatemaster.ge\/?s={search_term_string}"},"query-input":{"@type":"PropertyValueSpecification","valueRequired":true,"valueName":"search_term_string"}}],"inLanguage":"az"},{"@type":"Organization","@id":"https:\/\/climatemaster.ge\/#organization","name":"Climate Master","url":"https:\/\/climatemaster.ge\/","logo":{"@type":"ImageObject","inLanguage":"az","@id":"https:\/\/climatemaster.ge\/#\/schema\/logo\/image\/","url":"https:\/\/climatemaster.ge\/wp-content\/uploads\/2026\/03\/Untitled-2.png","contentUrl":"https:\/\/climatemaster.ge\/wp-content\/uploads\/2026\/03\/Untitled-2.png","width":600,"height":338,"caption":"Climate Master"},"image":{"@id":"https:\/\/climatemaster.ge\/#\/schema\/logo\/image\/"}}]}},"_links":{"self":[{"href":"https:\/\/climatemaster.ge\/az\/wp-json\/wp\/v2\/product\/24318","targetHints":{"allow":["GET"]}}],"collection":[{"href":"https:\/\/climatemaster.ge\/az\/wp-json\/wp\/v2\/product"}],"about":[{"href":"https:\/\/climatemaster.ge\/az\/wp-json\/wp\/v2\/types\/product"}],"wp:featuredmedia":[{"embeddable":true,"href":"https:\/\/climatemaster.ge\/az\/wp-json\/wp\/v2\/media\/24307"}],"wp:attachment":[{"href":"https:\/\/climatemaster.ge\/az\/wp-json\/wp\/v2\/media?parent=24318"}],"wp:term":[{"taxonomy":"product_brand","embeddable":true,"href":"https:\/\/climatemaster.ge\/az\/wp-json\/wp\/v2\/product_brand?post=24318"},{"taxonomy":"product_cat","embeddable":true,"href":"https:\/\/climatemaster.ge\/az\/wp-json\/wp\/v2\/product_cat?post=24318"},{"taxonomy":"product_tag","embeddable":true,"href":"https:\/\/climatemaster.ge\/az\/wp-json\/wp\/v2\/product_tag?post=24318"}],"curies":[{"name":"wp","href":"https:\/\/api.w.org\/{rel}","templated":true}]}}