{"id":23804,"date":"2025-02-12T22:17:28","date_gmt":"2025-02-12T18:17:28","guid":{"rendered":"https:\/\/airsystems.ge\/shop\/product\/impact-sound-insulation-roll-with-cork-isolfon-recork\/"},"modified":"2025-02-23T21:19:47","modified_gmt":"2025-02-23T17:19:47","slug":"impact-sound-insulation-roll-with-cork-isolfon-recork","status":"publish","type":"product","link":"https:\/\/climatemaster.ge\/az\/product\/impact-sound-insulation-roll-with-cork-isolfon-recork\/","title":{"rendered":"Mantar ISOLfon il\u0259 Z\u0259rb\u0259li S\u0259s \u0130zolyasiya Rulosu \u2013 ReCork"},"content":{"rendered":"<p>ISOLFON ReCork\u00a0\u2013 \u0259la elastikliy\u0259 v\u0259 dayan\u0131ql\u0131\u011fa malik, t\u0259sirli s\u0259s-k\u00fcy izolyasiya ed\u0259n membran.<\/p>\n<p>ISOLFON ReCork\u00a0t\u0259bii, sintetik v\u0259 t\u0259krar emal edilmi\u015f elastomer birl\u0259\u015fm\u0259l\u0259rd\u0259n v\u0259 poliuretan yap\u0131\u015fqanl\u0131 mantardan istehsal olunur. Qura\u015fd\u0131rmaq asand\u0131r, elastik v\u0259 a\u015fa\u011f\u0131 struktur \u00e7\u0259kisi il\u0259 davaml\u0131d\u0131r. 100% t\u0259krar emal edil\u0259 bil\u0259r. B\u00fct\u00fcn adi d\u00f6\u015f\u0259m\u0259 v\u0259 d\u00f6\u015f\u0259m\u0259 \u00f6rt\u00fckl\u0259ri \u00fc\u00e7\u00fcn uy\u011fundur.<\/p>\n<p>\u00dcz\u0259n m\u0259rt\u0259b\u0259l\u0259r:\u00a0A\u011f\u0131r y\u00fckl\u0259ri olan \u00fcz\u0259n m\u0259rt\u0259b\u0259l\u0259r (i\u015f yerl\u0259ri, istehsal sah\u0259l\u0259ri, n\u0259qliyyat vasit\u0259l\u0259rinin h\u0259r\u0259k\u0259ti olan anbarlar v\u0259 s.) \u00fc\u00e7\u00fcn x\u00fcsusil\u0259 faydal\u0131d\u0131r. T\u0259tbiq olunan y\u00fckl\u0259rin vahid paylanmas\u0131na nail olmaq \u00fc\u00e7\u00fcn kifay\u0259t q\u0259d\u0259r qal\u0131nl\u0131\u011fa malik armaturlu sement \u015fap\u0131 il\u0259 \u00f6rt\u00fclm\u0259si xat\u0131rlad\u0131l\u0131r.<br \/>\nAnti-vibrasiya substratlar\u0131: X\u00fcsusil\u0259 m\u00f6vcud yerin v\u0259 h\u00fcnd\u00fcrl\u00fcy\u00fcn m\u0259hdud oldu\u011fu \u00fcz\u0259n d\u00f6\u015f\u0259m\u0259 t\u0259miri v\u0259ziyy\u0259tl\u0259rind\u0259 faydal\u0131d\u0131r. M\u00fc\u0259yy\u0259n \u015f\u0259rtl\u0259r alt\u0131nda, d\u00fcz m\u00f6vcud m\u0259rt\u0259b\u0259l\u0259r\u0259 yerl\u0259\u015fdiril\u0259 bil\u0259r v\u0259 keramik plit\u0259l\u0259rin t\u0259tbiqini q\u0259bul etm\u0259k \u00fc\u00e7\u00fcn x\u00fcsusi yap\u0131\u015fqan istifad\u0259 etm\u0259kl\u0259. Texniki departamentimiz siz\u0259 d\u00fczg\u00fcn yap\u0131\u015fd\u0131r\u0131c\u0131n\u0131n se\u00e7ilm\u0259sind\u0259 v\u0259 t\u0259tbiqiniz \u00fc\u00e7\u00fcn uy\u011fun t\u0259limatlar\u0131n r\u0259hb\u0259r tutulmas\u0131nda d\u0259st\u0259k ola bil\u0259r.<br \/>\nISOLFON-ReCork \u0259traf m\u00fchit\u0259 uy\u011fundur, \u00e7\u00fcnki o, t\u0259krar emal edilmi\u015f avtomobil \u015finl\u0259ri m\u0259hsulundan (EOL m\u0259hsulu) g\u0259lir, 100% t\u0259krar emal edil\u0259 bil\u0259r, t\u0259rkibind\u0259 lifl\u0259r v\u0259 ya dig\u0259r z\u0259r\u0259rli materiallar yoxdur. LEED \u00a9 binalar\u0131n\u0131n ya\u015f\u0131l sertifikat\u0131na v\u0259 BREEAM bina konstruksiyalar\u0131n\u0131n Ekoloji v\u0259 Ekoloji Qiym\u0259tl\u0259ndirilm\u0259si Metoduna t\u00f6hf\u0259 verir.<\/p>\n","protected":false},"excerpt":{"rendered":"<div class=\"summary entry-summary\">\n<div class=\"woocommerce-product-details__short-description\">\n<p>ISOLFON ReCork\u00a0\u2013 \u0259la elastikliy\u0259 v\u0259 dayan\u0131ql\u0131\u011fa malik, t\u0259sirli s\u0259s-k\u00fcy izolyasiya ed\u0259n membran.<\/p>\n<p>ISOLFON ReCork\u00a0t\u0259bii, sintetik v\u0259 t\u0259krar emal edilmi\u015f elastomer birl\u0259\u015fm\u0259l\u0259rd\u0259n v\u0259 poliuretan yap\u0131\u015fqanl\u0131 mantardan istehsal olunur. Qura\u015fd\u0131rmaq asand\u0131r, elastik v\u0259 a\u015fa\u011f\u0131 struktur \u00e7\u0259kisi il\u0259 davaml\u0131d\u0131r. 100% t\u0259krar emal edil\u0259 bil\u0259r. B\u00fct\u00fcn adi d\u00f6\u015f\u0259m\u0259 v\u0259 d\u00f6\u015f\u0259m\u0259 \u00f6rt\u00fckl\u0259ri \u00fc\u00e7\u00fcn uy\u011fundur<\/p>\n<p><img loading=\"lazy\" decoding=\"async\" class=\"alignleft wp-image-34028\" src=\"https:\/\/alphacoustic.com\/wp-content\/uploads\/2024\/11\/icon_sustainability_eco-01-300x300.webp\" alt=\"Eco-friendly product with recycled materials\" width=\"57\" height=\"57\" \/><br \/>\nT\u0259krar emal edilmi\u015f materiallarla ekoloji t\u0259miz m\u0259hsul<\/p>\n<p>&nbsp;<\/p>\n<\/div>\n<div class=\"product_meta\">Kateqoriya:\u00a0Z\u0259rb\u0259 S\u0259s \u0130zolyasiyas\u0131<\/div>\n<\/div>\n","protected":false},"featured_media":22891,"template":"","meta":[],"product_brand":[],"product_cat":[804],"product_tag":[],"class_list":{"0":"post-23804","1":"product","2":"type-product","3":"status-publish","4":"has-post-thumbnail","6":"product_cat-akustika-ss-kuy-v-vibrasiyaya-nzart","8":"first","9":"instock","10":"shipping-taxable","11":"product-type-simple"},"yoast_head":"<!-- This site is optimized with the Yoast SEO plugin v27.1.1 - https:\/\/yoast.com\/product\/yoast-seo-wordpress\/ -->\n<title>Mantar ISOLfon il\u0259 Z\u0259rb\u0259li S\u0259s \u0130zolyasiya Rulosu \u2013 ReCork - Climate Master<\/title>\n<meta name=\"robots\" content=\"index, follow, max-snippet:-1, max-image-preview:large, max-video-preview:-1\" \/>\n<link rel=\"canonical\" href=\"https:\/\/climatemaster.ge\/az\/product\/impact-sound-insulation-roll-with-cork-isolfon-recork\/\" \/>\n<meta property=\"og:locale\" content=\"az_AZ\" \/>\n<meta property=\"og:type\" content=\"article\" \/>\n<meta property=\"og:title\" content=\"Mantar ISOLfon il\u0259 Z\u0259rb\u0259li S\u0259s \u0130zolyasiya Rulosu \u2013 ReCork - Climate Master\" \/>\n<meta property=\"og:description\" content=\"ISOLFON ReCork\u00a0\u2013 \u0259la elastikliy\u0259 v\u0259 dayan\u0131ql\u0131\u011fa malik, t\u0259sirli s\u0259s-k\u00fcy izolyasiya ed\u0259n membran.  ISOLFON ReCork\u00a0t\u0259bii, sintetik v\u0259 t\u0259krar emal edilmi\u015f elastomer birl\u0259\u015fm\u0259l\u0259rd\u0259n v\u0259 poliuretan yap\u0131\u015fqanl\u0131 mantardan istehsal olunur. Qura\u015fd\u0131rmaq asand\u0131r, elastik v\u0259 a\u015fa\u011f\u0131 struktur \u00e7\u0259kisi il\u0259 davaml\u0131d\u0131r. 100% t\u0259krar emal edil\u0259 bil\u0259r. B\u00fct\u00fcn adi d\u00f6\u015f\u0259m\u0259 v\u0259 d\u00f6\u015f\u0259m\u0259 \u00f6rt\u00fckl\u0259ri \u00fc\u00e7\u00fcn uy\u011fundur   T\u0259krar emal edilmi\u015f materiallarla ekoloji t\u0259miz m\u0259hsul  &nbsp;   Kateqoriya:\u00a0Z\u0259rb\u0259 S\u0259s \u0130zolyasiyas\u0131\" \/>\n<meta property=\"og:url\" content=\"https:\/\/climatemaster.ge\/az\/product\/impact-sound-insulation-roll-with-cork-isolfon-recork\/\" \/>\n<meta property=\"og:site_name\" content=\"Climate Master\" \/>\n<meta property=\"article:modified_time\" content=\"2025-02-23T17:19:47+00:00\" \/>\n<meta property=\"og:image\" content=\"https:\/\/climatemaster.ge\/wp-content\/uploads\/2025\/02\/ISOLfon-ReCork.jpg\" \/>\n\t<meta property=\"og:image:width\" content=\"1000\" \/>\n\t<meta property=\"og:image:height\" content=\"750\" \/>\n\t<meta property=\"og:image:type\" content=\"image\/jpeg\" \/>\n<meta name=\"twitter:card\" content=\"summary_large_image\" \/>\n<meta name=\"twitter:label1\" content=\"Est. reading time\" \/>\n\t<meta name=\"twitter:data1\" content=\"2 minutes\" \/>\n<script type=\"application\/ld+json\" class=\"yoast-schema-graph\">{\"@context\":\"https:\/\/schema.org\",\"@graph\":[{\"@type\":\"WebPage\",\"@id\":\"https:\/\/climatemaster.ge\/az\/product\/impact-sound-insulation-roll-with-cork-isolfon-recork\/\",\"url\":\"https:\/\/climatemaster.ge\/az\/product\/impact-sound-insulation-roll-with-cork-isolfon-recork\/\",\"name\":\"Mantar ISOLfon il\u0259 Z\u0259rb\u0259li S\u0259s \u0130zolyasiya Rulosu \u2013 ReCork - Climate Master\",\"isPartOf\":{\"@id\":\"https:\/\/climatemaster.ge\/#website\"},\"primaryImageOfPage\":{\"@id\":\"https:\/\/climatemaster.ge\/az\/product\/impact-sound-insulation-roll-with-cork-isolfon-recork\/#primaryimage\"},\"image\":{\"@id\":\"https:\/\/climatemaster.ge\/az\/product\/impact-sound-insulation-roll-with-cork-isolfon-recork\/#primaryimage\"},\"thumbnailUrl\":\"https:\/\/climatemaster.ge\/wp-content\/uploads\/2025\/02\/ISOLfon-ReCork.jpg\",\"datePublished\":\"2025-02-12T18:17:28+00:00\",\"dateModified\":\"2025-02-23T17:19:47+00:00\",\"breadcrumb\":{\"@id\":\"https:\/\/climatemaster.ge\/az\/product\/impact-sound-insulation-roll-with-cork-isolfon-recork\/#breadcrumb\"},\"inLanguage\":\"az\",\"potentialAction\":[{\"@type\":\"ReadAction\",\"target\":[\"https:\/\/climatemaster.ge\/az\/product\/impact-sound-insulation-roll-with-cork-isolfon-recork\/\"]}]},{\"@type\":\"ImageObject\",\"inLanguage\":\"az\",\"@id\":\"https:\/\/climatemaster.ge\/az\/product\/impact-sound-insulation-roll-with-cork-isolfon-recork\/#primaryimage\",\"url\":\"https:\/\/climatemaster.ge\/wp-content\/uploads\/2025\/02\/ISOLfon-ReCork.jpg\",\"contentUrl\":\"https:\/\/climatemaster.ge\/wp-content\/uploads\/2025\/02\/ISOLfon-ReCork.jpg\",\"width\":1000,\"height\":750},{\"@type\":\"BreadcrumbList\",\"@id\":\"https:\/\/climatemaster.ge\/az\/product\/impact-sound-insulation-roll-with-cork-isolfon-recork\/#breadcrumb\",\"itemListElement\":[{\"@type\":\"ListItem\",\"position\":1,\"name\":\"Home\",\"item\":\"https:\/\/climatemaster.ge\/\"},{\"@type\":\"ListItem\",\"position\":2,\"name\":\"M\u0259hsullar\",\"item\":\"https:\/\/climatemaster.ge\/products\/\"},{\"@type\":\"ListItem\",\"position\":3,\"name\":\"Mantar ISOLfon il\u0259 Z\u0259rb\u0259li S\u0259s \u0130zolyasiya Rulosu \u2013 ReCork\"}]},{\"@type\":\"WebSite\",\"@id\":\"https:\/\/climatemaster.ge\/#website\",\"url\":\"https:\/\/climatemaster.ge\/\",\"name\":\"Climate Master\",\"description\":\"\",\"publisher\":{\"@id\":\"https:\/\/climatemaster.ge\/#organization\"},\"potentialAction\":[{\"@type\":\"SearchAction\",\"target\":{\"@type\":\"EntryPoint\",\"urlTemplate\":\"https:\/\/climatemaster.ge\/?s={search_term_string}\"},\"query-input\":{\"@type\":\"PropertyValueSpecification\",\"valueRequired\":true,\"valueName\":\"search_term_string\"}}],\"inLanguage\":\"az\"},{\"@type\":\"Organization\",\"@id\":\"https:\/\/climatemaster.ge\/#organization\",\"name\":\"Climate Master\",\"url\":\"https:\/\/climatemaster.ge\/\",\"logo\":{\"@type\":\"ImageObject\",\"inLanguage\":\"az\",\"@id\":\"https:\/\/climatemaster.ge\/#\/schema\/logo\/image\/\",\"url\":\"https:\/\/climatemaster.ge\/wp-content\/uploads\/2026\/03\/Untitled-2.png\",\"contentUrl\":\"https:\/\/climatemaster.ge\/wp-content\/uploads\/2026\/03\/Untitled-2.png\",\"width\":600,\"height\":338,\"caption\":\"Climate Master\"},\"image\":{\"@id\":\"https:\/\/climatemaster.ge\/#\/schema\/logo\/image\/\"}}]}<\/script>\n<!-- \/ Yoast SEO plugin. -->","yoast_head_json":{"title":"Mantar ISOLfon il\u0259 Z\u0259rb\u0259li S\u0259s \u0130zolyasiya Rulosu \u2013 ReCork - Climate Master","robots":{"index":"index","follow":"follow","max-snippet":"max-snippet:-1","max-image-preview":"max-image-preview:large","max-video-preview":"max-video-preview:-1"},"canonical":"https:\/\/climatemaster.ge\/az\/product\/impact-sound-insulation-roll-with-cork-isolfon-recork\/","og_locale":"az_AZ","og_type":"article","og_title":"Mantar ISOLfon il\u0259 Z\u0259rb\u0259li S\u0259s \u0130zolyasiya Rulosu \u2013 ReCork - Climate Master","og_description":"ISOLFON ReCork\u00a0\u2013 \u0259la elastikliy\u0259 v\u0259 dayan\u0131ql\u0131\u011fa malik, t\u0259sirli s\u0259s-k\u00fcy izolyasiya ed\u0259n membran.  ISOLFON ReCork\u00a0t\u0259bii, sintetik v\u0259 t\u0259krar emal edilmi\u015f elastomer birl\u0259\u015fm\u0259l\u0259rd\u0259n v\u0259 poliuretan yap\u0131\u015fqanl\u0131 mantardan istehsal olunur. Qura\u015fd\u0131rmaq asand\u0131r, elastik v\u0259 a\u015fa\u011f\u0131 struktur \u00e7\u0259kisi il\u0259 davaml\u0131d\u0131r. 100% t\u0259krar emal edil\u0259 bil\u0259r. B\u00fct\u00fcn adi d\u00f6\u015f\u0259m\u0259 v\u0259 d\u00f6\u015f\u0259m\u0259 \u00f6rt\u00fckl\u0259ri \u00fc\u00e7\u00fcn uy\u011fundur   T\u0259krar emal edilmi\u015f materiallarla ekoloji t\u0259miz m\u0259hsul  &nbsp;   Kateqoriya:\u00a0Z\u0259rb\u0259 S\u0259s \u0130zolyasiyas\u0131","og_url":"https:\/\/climatemaster.ge\/az\/product\/impact-sound-insulation-roll-with-cork-isolfon-recork\/","og_site_name":"Climate Master","article_modified_time":"2025-02-23T17:19:47+00:00","og_image":[{"width":1000,"height":750,"url":"https:\/\/climatemaster.ge\/wp-content\/uploads\/2025\/02\/ISOLfon-ReCork.jpg","type":"image\/jpeg"}],"twitter_card":"summary_large_image","twitter_misc":{"Est. reading time":"2 minutes"},"schema":{"@context":"https:\/\/schema.org","@graph":[{"@type":"WebPage","@id":"https:\/\/climatemaster.ge\/az\/product\/impact-sound-insulation-roll-with-cork-isolfon-recork\/","url":"https:\/\/climatemaster.ge\/az\/product\/impact-sound-insulation-roll-with-cork-isolfon-recork\/","name":"Mantar ISOLfon il\u0259 Z\u0259rb\u0259li S\u0259s \u0130zolyasiya Rulosu \u2013 ReCork - Climate Master","isPartOf":{"@id":"https:\/\/climatemaster.ge\/#website"},"primaryImageOfPage":{"@id":"https:\/\/climatemaster.ge\/az\/product\/impact-sound-insulation-roll-with-cork-isolfon-recork\/#primaryimage"},"image":{"@id":"https:\/\/climatemaster.ge\/az\/product\/impact-sound-insulation-roll-with-cork-isolfon-recork\/#primaryimage"},"thumbnailUrl":"https:\/\/climatemaster.ge\/wp-content\/uploads\/2025\/02\/ISOLfon-ReCork.jpg","datePublished":"2025-02-12T18:17:28+00:00","dateModified":"2025-02-23T17:19:47+00:00","breadcrumb":{"@id":"https:\/\/climatemaster.ge\/az\/product\/impact-sound-insulation-roll-with-cork-isolfon-recork\/#breadcrumb"},"inLanguage":"az","potentialAction":[{"@type":"ReadAction","target":["https:\/\/climatemaster.ge\/az\/product\/impact-sound-insulation-roll-with-cork-isolfon-recork\/"]}]},{"@type":"ImageObject","inLanguage":"az","@id":"https:\/\/climatemaster.ge\/az\/product\/impact-sound-insulation-roll-with-cork-isolfon-recork\/#primaryimage","url":"https:\/\/climatemaster.ge\/wp-content\/uploads\/2025\/02\/ISOLfon-ReCork.jpg","contentUrl":"https:\/\/climatemaster.ge\/wp-content\/uploads\/2025\/02\/ISOLfon-ReCork.jpg","width":1000,"height":750},{"@type":"BreadcrumbList","@id":"https:\/\/climatemaster.ge\/az\/product\/impact-sound-insulation-roll-with-cork-isolfon-recork\/#breadcrumb","itemListElement":[{"@type":"ListItem","position":1,"name":"Home","item":"https:\/\/climatemaster.ge\/"},{"@type":"ListItem","position":2,"name":"M\u0259hsullar","item":"https:\/\/climatemaster.ge\/products\/"},{"@type":"ListItem","position":3,"name":"Mantar ISOLfon il\u0259 Z\u0259rb\u0259li S\u0259s \u0130zolyasiya Rulosu \u2013 ReCork"}]},{"@type":"WebSite","@id":"https:\/\/climatemaster.ge\/#website","url":"https:\/\/climatemaster.ge\/","name":"Climate Master","description":"","publisher":{"@id":"https:\/\/climatemaster.ge\/#organization"},"potentialAction":[{"@type":"SearchAction","target":{"@type":"EntryPoint","urlTemplate":"https:\/\/climatemaster.ge\/?s={search_term_string}"},"query-input":{"@type":"PropertyValueSpecification","valueRequired":true,"valueName":"search_term_string"}}],"inLanguage":"az"},{"@type":"Organization","@id":"https:\/\/climatemaster.ge\/#organization","name":"Climate Master","url":"https:\/\/climatemaster.ge\/","logo":{"@type":"ImageObject","inLanguage":"az","@id":"https:\/\/climatemaster.ge\/#\/schema\/logo\/image\/","url":"https:\/\/climatemaster.ge\/wp-content\/uploads\/2026\/03\/Untitled-2.png","contentUrl":"https:\/\/climatemaster.ge\/wp-content\/uploads\/2026\/03\/Untitled-2.png","width":600,"height":338,"caption":"Climate Master"},"image":{"@id":"https:\/\/climatemaster.ge\/#\/schema\/logo\/image\/"}}]}},"_links":{"self":[{"href":"https:\/\/climatemaster.ge\/az\/wp-json\/wp\/v2\/product\/23804","targetHints":{"allow":["GET"]}}],"collection":[{"href":"https:\/\/climatemaster.ge\/az\/wp-json\/wp\/v2\/product"}],"about":[{"href":"https:\/\/climatemaster.ge\/az\/wp-json\/wp\/v2\/types\/product"}],"wp:featuredmedia":[{"embeddable":true,"href":"https:\/\/climatemaster.ge\/az\/wp-json\/wp\/v2\/media\/22891"}],"wp:attachment":[{"href":"https:\/\/climatemaster.ge\/az\/wp-json\/wp\/v2\/media?parent=23804"}],"wp:term":[{"taxonomy":"product_brand","embeddable":true,"href":"https:\/\/climatemaster.ge\/az\/wp-json\/wp\/v2\/product_brand?post=23804"},{"taxonomy":"product_cat","embeddable":true,"href":"https:\/\/climatemaster.ge\/az\/wp-json\/wp\/v2\/product_cat?post=23804"},{"taxonomy":"product_tag","embeddable":true,"href":"https:\/\/climatemaster.ge\/az\/wp-json\/wp\/v2\/product_tag?post=23804"}],"curies":[{"name":"wp","href":"https:\/\/api.w.org\/{rel}","templated":true}]}}