{"id":23801,"date":"2025-02-12T22:30:12","date_gmt":"2025-02-12T18:30:12","guid":{"rendered":"https:\/\/airsystems.ge\/shop\/product\/impact-sound-insulation-roll-isolfon-ff\/"},"modified":"2025-02-23T21:14:32","modified_gmt":"2025-02-23T17:14:32","slug":"impact-sound-insulation-roll-isolfon-ff","status":"publish","type":"product","link":"https:\/\/climatemaster.ge\/az\/product\/impact-sound-insulation-roll-isolfon-ff\/","title":{"rendered":"Z\u0259rb\u0259li s\u0259s izolyasiya rulonu ISOLfon \u2013 FF"},"content":{"rendered":"<p>Texniki Detallar:<\/p>\n<p>\u0130stifad\u0259 temperaturu: -40\u00b0C +90\u00b0C<br \/>\n\u0130stilik ke\u00e7iriciliyi: 0,035-0,04 Kkal\/mh\u00b0C<br \/>\nSu udma (EN12087:2002): 0,10% kq\/m2<br \/>\nS\u0131x\u0131lma M\u00fcqavim\u0259ti (ISO844) 25% S\u0131x\u0131lma &gt;0,03 Mpa<br \/>\n50% S\u0131x\u0131lma &gt;0,07 Mpa<br \/>\n75% S\u0131x\u0131lma &gt;0,18 Mpa<\/p>\n<p>Z\u0259rb\u0259d\u0259n S\u0259s \u0130zolyasiyas\u0131n\u0131n T\u0259kmill\u0259\u015fdirilm\u0259si:<\/p>\n<p>ISOLFON -FF.5: \u0394L\u2019nw = 19 dB<br \/>\nISOLFON -FF.10: \u0394L\u2019nw = 20 dB<\/p>\n<p>(ISO 140.8 v\u0259 ISO 717.2-y\u0259 uy\u011fun olaraq)<\/p>\n<p><img loading=\"lazy\" decoding=\"async\" class=\"alignnone size-full wp-image-5699\" src=\"https:\/\/alphacoustic.com\/wp-content\/uploads\/2016\/01\/diastasis.jpg\" sizes=\"auto, (max-width: 407px) 100vw, 407px\" srcset=\"https:\/\/alphacoustic.com\/wp-content\/uploads\/2016\/01\/diastasis.jpg 407w, https:\/\/alphacoustic.com\/wp-content\/uploads\/2016\/01\/diastasis-300x144.jpg 300w\" alt=\"\" width=\"407\" height=\"196\" \/><\/p>\n","protected":false},"excerpt":{"rendered":"<div class=\"woocommerce-product-details__short-description\">\n<p>SOLFON\u2013FF, \u00fcz\u0259n m\u0259rt\u0259b\u0259l\u0259rd\u0259 t\u0259sirli s\u0259s izolyasiyas\u0131n\u0131n t\u0259l\u0259b olundu\u011fu bir \u00e7ox t\u0259tbiql\u0259rd\u0259 asanl\u0131qla qura\u015fd\u0131r\u0131l\u0131r.<br \/>\nISOLFON-FF s\u0131xl\u0131\u011f\u0131 t\u0259xmin\u0259n 28 kq\/m3 olan v\u0259 yuvarlanm\u0131\u015f v\u0259r\u0259q \u015f\u0259klini alan geni\u015fl\u0259nmi\u015f polietilen \u00e7arpaz k\u00f6p\u00fcy\u00fcnd\u0259n istehsal edilmi\u015fdir.<br \/>\nQapal\u0131 h\u00fccr\u0259l\u0259rin strukturu havan\u0131n h\u00fcceyr\u0259l\u0259rd\u0259 tutulmas\u0131 s\u0259b\u0259bind\u0259n daha b\u00f6y\u00fck \u0259yilm\u0259 v\u0259 geri qay\u0131tma (g\u0259rginlik v\u0259 bo\u015falmadan sonra) t\u0259klif edir ki, bu da \u0130SOLFON FF-ni qiym\u0259t\u0259 h\u0259ssas layih\u0259l\u0259rd\u0259 \u00fcz\u0259n m\u0259rt\u0259b\u0259l\u0259r \u00fc\u00e7\u00fcn ideal h\u0259ll edir.<\/p>\n<p>Kateqoriya:\u00a0Z\u0259rb\u0259 S\u0259s \u0130zolyasiyas\u0131<\/p>\n<\/div>\n","protected":false},"featured_media":22897,"template":"","meta":[],"product_brand":[],"product_cat":[804],"product_tag":[],"class_list":{"0":"post-23801","1":"product","2":"type-product","3":"status-publish","4":"has-post-thumbnail","6":"product_cat-akustika-ss-kuy-v-vibrasiyaya-nzart","8":"first","9":"instock","10":"shipping-taxable","11":"product-type-simple"},"yoast_head":"<!-- This site is optimized with the Yoast SEO plugin v27.1.1 - https:\/\/yoast.com\/product\/yoast-seo-wordpress\/ -->\n<title>Z\u0259rb\u0259li s\u0259s izolyasiya rulonu ISOLfon \u2013 FF - Climate Master<\/title>\n<meta name=\"robots\" content=\"index, follow, max-snippet:-1, max-image-preview:large, max-video-preview:-1\" \/>\n<link rel=\"canonical\" href=\"https:\/\/climatemaster.ge\/az\/product\/impact-sound-insulation-roll-isolfon-ff\/\" \/>\n<meta property=\"og:locale\" content=\"az_AZ\" \/>\n<meta property=\"og:type\" content=\"article\" \/>\n<meta property=\"og:title\" content=\"Z\u0259rb\u0259li s\u0259s izolyasiya rulonu ISOLfon \u2013 FF - Climate Master\" \/>\n<meta property=\"og:description\" content=\"SOLFON\u2013FF, \u00fcz\u0259n m\u0259rt\u0259b\u0259l\u0259rd\u0259 t\u0259sirli s\u0259s izolyasiyas\u0131n\u0131n t\u0259l\u0259b olundu\u011fu bir \u00e7ox t\u0259tbiql\u0259rd\u0259 asanl\u0131qla qura\u015fd\u0131r\u0131l\u0131r. ISOLFON-FF s\u0131xl\u0131\u011f\u0131 t\u0259xmin\u0259n 28 kq\/m3 olan v\u0259 yuvarlanm\u0131\u015f v\u0259r\u0259q \u015f\u0259klini alan geni\u015fl\u0259nmi\u015f polietilen \u00e7arpaz k\u00f6p\u00fcy\u00fcnd\u0259n istehsal edilmi\u015fdir. Qapal\u0131 h\u00fccr\u0259l\u0259rin strukturu havan\u0131n h\u00fcceyr\u0259l\u0259rd\u0259 tutulmas\u0131 s\u0259b\u0259bind\u0259n daha b\u00f6y\u00fck \u0259yilm\u0259 v\u0259 geri qay\u0131tma (g\u0259rginlik v\u0259 bo\u015falmadan sonra) t\u0259klif edir ki, bu da \u0130SOLFON FF-ni qiym\u0259t\u0259 h\u0259ssas layih\u0259l\u0259rd\u0259 \u00fcz\u0259n m\u0259rt\u0259b\u0259l\u0259r \u00fc\u00e7\u00fcn ideal h\u0259ll edir.  Kateqoriya:\u00a0Z\u0259rb\u0259 S\u0259s \u0130zolyasiyas\u0131\" \/>\n<meta property=\"og:url\" content=\"https:\/\/climatemaster.ge\/az\/product\/impact-sound-insulation-roll-isolfon-ff\/\" \/>\n<meta property=\"og:site_name\" content=\"Climate Master\" \/>\n<meta property=\"article:modified_time\" content=\"2025-02-23T17:14:32+00:00\" \/>\n<meta property=\"og:image\" content=\"https:\/\/climatemaster.ge\/wp-content\/uploads\/2025\/02\/isoflon-FF.jpg\" \/>\n\t<meta property=\"og:image:width\" content=\"240\" \/>\n\t<meta property=\"og:image:height\" content=\"198\" \/>\n\t<meta property=\"og:image:type\" content=\"image\/jpeg\" \/>\n<meta name=\"twitter:card\" content=\"summary_large_image\" \/>\n<script type=\"application\/ld+json\" class=\"yoast-schema-graph\">{\"@context\":\"https:\/\/schema.org\",\"@graph\":[{\"@type\":\"WebPage\",\"@id\":\"https:\/\/climatemaster.ge\/az\/product\/impact-sound-insulation-roll-isolfon-ff\/\",\"url\":\"https:\/\/climatemaster.ge\/az\/product\/impact-sound-insulation-roll-isolfon-ff\/\",\"name\":\"Z\u0259rb\u0259li s\u0259s izolyasiya rulonu ISOLfon \u2013 FF - Climate Master\",\"isPartOf\":{\"@id\":\"https:\/\/climatemaster.ge\/#website\"},\"primaryImageOfPage\":{\"@id\":\"https:\/\/climatemaster.ge\/az\/product\/impact-sound-insulation-roll-isolfon-ff\/#primaryimage\"},\"image\":{\"@id\":\"https:\/\/climatemaster.ge\/az\/product\/impact-sound-insulation-roll-isolfon-ff\/#primaryimage\"},\"thumbnailUrl\":\"https:\/\/climatemaster.ge\/wp-content\/uploads\/2025\/02\/isoflon-FF.jpg\",\"datePublished\":\"2025-02-12T18:30:12+00:00\",\"dateModified\":\"2025-02-23T17:14:32+00:00\",\"breadcrumb\":{\"@id\":\"https:\/\/climatemaster.ge\/az\/product\/impact-sound-insulation-roll-isolfon-ff\/#breadcrumb\"},\"inLanguage\":\"az\",\"potentialAction\":[{\"@type\":\"ReadAction\",\"target\":[\"https:\/\/climatemaster.ge\/az\/product\/impact-sound-insulation-roll-isolfon-ff\/\"]}]},{\"@type\":\"ImageObject\",\"inLanguage\":\"az\",\"@id\":\"https:\/\/climatemaster.ge\/az\/product\/impact-sound-insulation-roll-isolfon-ff\/#primaryimage\",\"url\":\"https:\/\/climatemaster.ge\/wp-content\/uploads\/2025\/02\/isoflon-FF.jpg\",\"contentUrl\":\"https:\/\/climatemaster.ge\/wp-content\/uploads\/2025\/02\/isoflon-FF.jpg\",\"width\":240,\"height\":198},{\"@type\":\"BreadcrumbList\",\"@id\":\"https:\/\/climatemaster.ge\/az\/product\/impact-sound-insulation-roll-isolfon-ff\/#breadcrumb\",\"itemListElement\":[{\"@type\":\"ListItem\",\"position\":1,\"name\":\"Home\",\"item\":\"https:\/\/climatemaster.ge\/\"},{\"@type\":\"ListItem\",\"position\":2,\"name\":\"M\u0259hsullar\",\"item\":\"https:\/\/climatemaster.ge\/products\/\"},{\"@type\":\"ListItem\",\"position\":3,\"name\":\"Z\u0259rb\u0259li s\u0259s izolyasiya rulonu ISOLfon \u2013 FF\"}]},{\"@type\":\"WebSite\",\"@id\":\"https:\/\/climatemaster.ge\/#website\",\"url\":\"https:\/\/climatemaster.ge\/\",\"name\":\"Climate Master\",\"description\":\"\",\"publisher\":{\"@id\":\"https:\/\/climatemaster.ge\/#organization\"},\"potentialAction\":[{\"@type\":\"SearchAction\",\"target\":{\"@type\":\"EntryPoint\",\"urlTemplate\":\"https:\/\/climatemaster.ge\/?s={search_term_string}\"},\"query-input\":{\"@type\":\"PropertyValueSpecification\",\"valueRequired\":true,\"valueName\":\"search_term_string\"}}],\"inLanguage\":\"az\"},{\"@type\":\"Organization\",\"@id\":\"https:\/\/climatemaster.ge\/#organization\",\"name\":\"Climate Master\",\"url\":\"https:\/\/climatemaster.ge\/\",\"logo\":{\"@type\":\"ImageObject\",\"inLanguage\":\"az\",\"@id\":\"https:\/\/climatemaster.ge\/#\/schema\/logo\/image\/\",\"url\":\"https:\/\/climatemaster.ge\/wp-content\/uploads\/2026\/03\/Untitled-2.png\",\"contentUrl\":\"https:\/\/climatemaster.ge\/wp-content\/uploads\/2026\/03\/Untitled-2.png\",\"width\":600,\"height\":338,\"caption\":\"Climate Master\"},\"image\":{\"@id\":\"https:\/\/climatemaster.ge\/#\/schema\/logo\/image\/\"}}]}<\/script>\n<!-- \/ Yoast SEO plugin. -->","yoast_head_json":{"title":"Z\u0259rb\u0259li s\u0259s izolyasiya rulonu ISOLfon \u2013 FF - Climate Master","robots":{"index":"index","follow":"follow","max-snippet":"max-snippet:-1","max-image-preview":"max-image-preview:large","max-video-preview":"max-video-preview:-1"},"canonical":"https:\/\/climatemaster.ge\/az\/product\/impact-sound-insulation-roll-isolfon-ff\/","og_locale":"az_AZ","og_type":"article","og_title":"Z\u0259rb\u0259li s\u0259s izolyasiya rulonu ISOLfon \u2013 FF - Climate Master","og_description":"SOLFON\u2013FF, \u00fcz\u0259n m\u0259rt\u0259b\u0259l\u0259rd\u0259 t\u0259sirli s\u0259s izolyasiyas\u0131n\u0131n t\u0259l\u0259b olundu\u011fu bir \u00e7ox t\u0259tbiql\u0259rd\u0259 asanl\u0131qla qura\u015fd\u0131r\u0131l\u0131r. ISOLFON-FF s\u0131xl\u0131\u011f\u0131 t\u0259xmin\u0259n 28 kq\/m3 olan v\u0259 yuvarlanm\u0131\u015f v\u0259r\u0259q \u015f\u0259klini alan geni\u015fl\u0259nmi\u015f polietilen \u00e7arpaz k\u00f6p\u00fcy\u00fcnd\u0259n istehsal edilmi\u015fdir. Qapal\u0131 h\u00fccr\u0259l\u0259rin strukturu havan\u0131n h\u00fcceyr\u0259l\u0259rd\u0259 tutulmas\u0131 s\u0259b\u0259bind\u0259n daha b\u00f6y\u00fck \u0259yilm\u0259 v\u0259 geri qay\u0131tma (g\u0259rginlik v\u0259 bo\u015falmadan sonra) t\u0259klif edir ki, bu da \u0130SOLFON FF-ni qiym\u0259t\u0259 h\u0259ssas layih\u0259l\u0259rd\u0259 \u00fcz\u0259n m\u0259rt\u0259b\u0259l\u0259r \u00fc\u00e7\u00fcn ideal h\u0259ll edir.  Kateqoriya:\u00a0Z\u0259rb\u0259 S\u0259s \u0130zolyasiyas\u0131","og_url":"https:\/\/climatemaster.ge\/az\/product\/impact-sound-insulation-roll-isolfon-ff\/","og_site_name":"Climate Master","article_modified_time":"2025-02-23T17:14:32+00:00","og_image":[{"width":240,"height":198,"url":"https:\/\/climatemaster.ge\/wp-content\/uploads\/2025\/02\/isoflon-FF.jpg","type":"image\/jpeg"}],"twitter_card":"summary_large_image","schema":{"@context":"https:\/\/schema.org","@graph":[{"@type":"WebPage","@id":"https:\/\/climatemaster.ge\/az\/product\/impact-sound-insulation-roll-isolfon-ff\/","url":"https:\/\/climatemaster.ge\/az\/product\/impact-sound-insulation-roll-isolfon-ff\/","name":"Z\u0259rb\u0259li s\u0259s izolyasiya rulonu ISOLfon \u2013 FF - Climate Master","isPartOf":{"@id":"https:\/\/climatemaster.ge\/#website"},"primaryImageOfPage":{"@id":"https:\/\/climatemaster.ge\/az\/product\/impact-sound-insulation-roll-isolfon-ff\/#primaryimage"},"image":{"@id":"https:\/\/climatemaster.ge\/az\/product\/impact-sound-insulation-roll-isolfon-ff\/#primaryimage"},"thumbnailUrl":"https:\/\/climatemaster.ge\/wp-content\/uploads\/2025\/02\/isoflon-FF.jpg","datePublished":"2025-02-12T18:30:12+00:00","dateModified":"2025-02-23T17:14:32+00:00","breadcrumb":{"@id":"https:\/\/climatemaster.ge\/az\/product\/impact-sound-insulation-roll-isolfon-ff\/#breadcrumb"},"inLanguage":"az","potentialAction":[{"@type":"ReadAction","target":["https:\/\/climatemaster.ge\/az\/product\/impact-sound-insulation-roll-isolfon-ff\/"]}]},{"@type":"ImageObject","inLanguage":"az","@id":"https:\/\/climatemaster.ge\/az\/product\/impact-sound-insulation-roll-isolfon-ff\/#primaryimage","url":"https:\/\/climatemaster.ge\/wp-content\/uploads\/2025\/02\/isoflon-FF.jpg","contentUrl":"https:\/\/climatemaster.ge\/wp-content\/uploads\/2025\/02\/isoflon-FF.jpg","width":240,"height":198},{"@type":"BreadcrumbList","@id":"https:\/\/climatemaster.ge\/az\/product\/impact-sound-insulation-roll-isolfon-ff\/#breadcrumb","itemListElement":[{"@type":"ListItem","position":1,"name":"Home","item":"https:\/\/climatemaster.ge\/"},{"@type":"ListItem","position":2,"name":"M\u0259hsullar","item":"https:\/\/climatemaster.ge\/products\/"},{"@type":"ListItem","position":3,"name":"Z\u0259rb\u0259li s\u0259s izolyasiya rulonu ISOLfon \u2013 FF"}]},{"@type":"WebSite","@id":"https:\/\/climatemaster.ge\/#website","url":"https:\/\/climatemaster.ge\/","name":"Climate Master","description":"","publisher":{"@id":"https:\/\/climatemaster.ge\/#organization"},"potentialAction":[{"@type":"SearchAction","target":{"@type":"EntryPoint","urlTemplate":"https:\/\/climatemaster.ge\/?s={search_term_string}"},"query-input":{"@type":"PropertyValueSpecification","valueRequired":true,"valueName":"search_term_string"}}],"inLanguage":"az"},{"@type":"Organization","@id":"https:\/\/climatemaster.ge\/#organization","name":"Climate Master","url":"https:\/\/climatemaster.ge\/","logo":{"@type":"ImageObject","inLanguage":"az","@id":"https:\/\/climatemaster.ge\/#\/schema\/logo\/image\/","url":"https:\/\/climatemaster.ge\/wp-content\/uploads\/2026\/03\/Untitled-2.png","contentUrl":"https:\/\/climatemaster.ge\/wp-content\/uploads\/2026\/03\/Untitled-2.png","width":600,"height":338,"caption":"Climate Master"},"image":{"@id":"https:\/\/climatemaster.ge\/#\/schema\/logo\/image\/"}}]}},"_links":{"self":[{"href":"https:\/\/climatemaster.ge\/az\/wp-json\/wp\/v2\/product\/23801","targetHints":{"allow":["GET"]}}],"collection":[{"href":"https:\/\/climatemaster.ge\/az\/wp-json\/wp\/v2\/product"}],"about":[{"href":"https:\/\/climatemaster.ge\/az\/wp-json\/wp\/v2\/types\/product"}],"wp:featuredmedia":[{"embeddable":true,"href":"https:\/\/climatemaster.ge\/az\/wp-json\/wp\/v2\/media\/22897"}],"wp:attachment":[{"href":"https:\/\/climatemaster.ge\/az\/wp-json\/wp\/v2\/media?parent=23801"}],"wp:term":[{"taxonomy":"product_brand","embeddable":true,"href":"https:\/\/climatemaster.ge\/az\/wp-json\/wp\/v2\/product_brand?post=23801"},{"taxonomy":"product_cat","embeddable":true,"href":"https:\/\/climatemaster.ge\/az\/wp-json\/wp\/v2\/product_cat?post=23801"},{"taxonomy":"product_tag","embeddable":true,"href":"https:\/\/climatemaster.ge\/az\/wp-json\/wp\/v2\/product_tag?post=23801"}],"curies":[{"name":"wp","href":"https:\/\/api.w.org\/{rel}","templated":true}]}}