{"id":23797,"date":"2025-02-12T22:42:14","date_gmt":"2025-02-12T18:42:14","guid":{"rendered":"https:\/\/airsystems.ge\/shop\/product\/19143\/"},"modified":"2025-02-23T21:08:21","modified_gmt":"2025-02-23T17:08:21","slug":"19143","status":"publish","type":"product","link":"https:\/\/climatemaster.ge\/az\/product\/19143\/","title":{"rendered":"Z\u0259rb\u0259li s\u0259s izolyasiyas\u0131 \u00fc\u00e7\u00fcn t\u0259krar emal edilmi\u015f rezin t\u0259b\u0259q\u0259 ISOLfon \u2013 ReRub"},"content":{"rendered":"<div class=\"woocommerce-product-details__short-description\">\n<p>ISOLfon ReRub T\u0259krar emal edilmi\u015f rezin t\u0259b\u0259q\u0259l\u0259r poliuretan yap\u0131\u015fqanla yap\u0131\u015fd\u0131r\u0131lm\u0131\u015f, istifad\u0259 m\u00fcdd\u0259ti bitmi\u015f rezin rezinl\u0259rind\u0259n (ELT) \u0259ld\u0259 edil\u0259n t\u0259krar emal edilmi\u015f elastomer birl\u0259\u015fm\u0259l\u0259rin kombinasiyas\u0131 il\u0259 istehsal olunur.<\/p>\n<p>Geni\u015f temperatur diapazonunda t\u0259tbiq oluna bil\u0259r v\u0259 eyni zamanda t\u0259sir\u0259, s\u0131x\u0131lmaya, s\u00fcrt\u00fcnm\u0259y\u0259 v\u0259 s. qar\u015f\u0131 \u0259la mexaniki m\u00fcqavim\u0259t\u0259 malikdir. ISOLFON ReRub \u00fcmumi kimy\u0259vi m\u00fchitl\u0259r\u0259, n\u0259m\u0259 v\u0259 ya\u011flara davaml\u0131d\u0131r.<\/p>\n<p>Rulonun eni 100 sm.<br \/>\n(\u0130st\u0259y\u0259 g\u00f6r\u0259 dig\u0259r \u00f6l\u00e7\u00fcl\u0259r)<\/p>\n<p>D\u00f6\u015f\u0259m\u0259: B\u00fct\u00fcn \u0259n\u0259n\u0259vi \u00fcz\u0259n d\u00f6\u015f\u0259m\u0259 substratlar\u0131 kimi qura\u015fd\u0131rma<br \/>\nDivarlar: Mexanik d\u0259st\u0259k (plastik d\u0131rnaqlar) v\u0259 ya uy\u011fun yap\u0131\u015fqan il\u0259 b\u0259rkidilir. V\u0259r\u0259ql\u0259r aras\u0131ndak\u0131 oynaqlar m\u00fcvafiq lentl\u0259 m\u00f6h\u00fcrl\u0259nm\u0259lidir.<br \/>\n\u00dcz\u0259n m\u0259rt\u0259b\u0259l\u0259r:\u00a0A\u011f\u0131r y\u00fckl\u0259ri olan \u00fcz\u0259n m\u0259rt\u0259b\u0259l\u0259r (i\u015f yerl\u0259ri, istehsal sah\u0259l\u0259ri, n\u0259qliyyat vasit\u0259l\u0259rinin h\u0259r\u0259k\u0259ti olan anbarlar v\u0259 s.) \u00fc\u00e7\u00fcn x\u00fcsusil\u0259 faydal\u0131d\u0131r. T\u0259tbiq olunan y\u00fckl\u0259rin vahid paylanmas\u0131na nail olmaq \u00fc\u00e7\u00fcn kifay\u0259t q\u0259d\u0259r qal\u0131nl\u0131\u011fa malik armaturlu sement \u015fap\u0131 il\u0259 \u00f6rt\u00fclm\u0259si xat\u0131rlad\u0131l\u0131r.<br \/>\nAnti-vibrasiya substratlar\u0131: X\u00fcsusil\u0259 m\u00f6vcud yerin v\u0259 h\u00fcnd\u00fcrl\u00fcy\u00fcn m\u0259hdud oldu\u011fu \u00fcz\u0259n d\u00f6\u015f\u0259m\u0259 t\u0259miri v\u0259ziyy\u0259tl\u0259rind\u0259 faydal\u0131d\u0131r. M\u00fc\u0259yy\u0259n \u015f\u0259rtl\u0259r alt\u0131nda, d\u00fcz m\u00f6vcud m\u0259rt\u0259b\u0259l\u0259r\u0259 yerl\u0259\u015fdiril\u0259 bil\u0259r v\u0259 keramik plit\u0259l\u0259rin t\u0259tbiqini q\u0259bul etm\u0259k \u00fc\u00e7\u00fcn x\u00fcsusi yap\u0131\u015fqan istifad\u0259 etm\u0259kl\u0259. Texniki departamentimiz siz\u0259 d\u00fczg\u00fcn yap\u0131\u015fd\u0131r\u0131c\u0131n\u0131n se\u00e7ilm\u0259sind\u0259 v\u0259 t\u0259tbiqiniz \u00fc\u00e7\u00fcn uy\u011fun t\u0259limatlar\u0131n r\u0259hb\u0259r tutulmas\u0131nda d\u0259st\u0259k ola bil\u0259r.<br \/>\nDivar\u00a0S\u0259s izolyasiyas\u0131:\u00a0Onun \u00fcst-\u00fcst\u0259 d\u00fc\u015f\u0259n al\u00e7\u0131pan t\u0259b\u0259q\u0259l\u0259ri aras\u0131nda istifad\u0259si kompozit divar\u0131n v\u0259 ya dam \u00f6rt\u00fcy\u00fcn\u00fcn s\u0259s izolyasiya qabiliyy\u0259tinin art\u0131r\u0131lmas\u0131n\u0131 t\u0259min edir. Materiallar\u0131n aral\u0131q t\u0259b\u0259q\u0259l\u0259rinin n\u00f6vb\u0259l\u0259\u015fm\u0259si kompozit arak\u0259sm\u0259l\u0259rin rezonans tezlikl\u0259rind\u0259 m\u00fc\u015fahid\u0259 olunan &#8220;d\u0259rinlikl\u0259ri&#8221; normalla\u015fd\u0131raraq daha y\u00fcks\u0259k s\u0259s izolyasiyas\u0131n\u0131 t\u0259min edir. ReRub-un elastikliyi onu t\u0259\u015fkil ed\u0259n materiallara g\u00f6r\u0259 \u201ck\u00fctl\u0259\/yay\u201d sistemi kimi \u00e7\u0131x\u0131\u015f ed\u0259r\u0259k s\u0259s enerjisinin udulmas\u0131na k\u00f6m\u0259k edir.<\/p>\n<p>&nbsp;<\/p>\n<p>ISOLFON-ReRub t\u0259krar emal edilmi\u015f avtomobil \u015finl\u0259rind\u0259n g\u0259ldiyi \u00fc\u00e7\u00fcn ekoloji c\u0259h\u0259td\u0259n t\u0259mizdir, 100% t\u0259krar emal edil\u0259 bil\u0259r, t\u0259rkibind\u0259 lifl\u0259r v\u0259 ya dig\u0259r z\u0259r\u0259rli materiallar yoxdur. LEED \u00a9 binalar\u0131n\u0131n ya\u015f\u0131l sertifikat\u0131na v\u0259 BREEAM bina konstruksiyalar\u0131n\u0131n Ekoloji v\u0259 Ekoloji Qiym\u0259tl\u0259ndirilm\u0259si Metoduna t\u00f6hf\u0259 verir.<\/p>\n<\/div>\n","protected":false},"excerpt":{"rendered":"<div class=\"woocommerce-product-details__short-description\">\n<p>ISOLfon ReRub\u00a0T\u0259krar emal edilmi\u015f rezin t\u0259b\u0259q\u0259l\u0259r poliuretan yap\u0131\u015fqanla yap\u0131\u015fd\u0131r\u0131lm\u0131\u015f, istifad\u0259 m\u00fcdd\u0259tini ba\u015fa vurmu\u015f rezin rezinl\u0259rind\u0259n (ELT) \u0259ld\u0259 edil\u0259n t\u0259krar emal edilmi\u015f elastomer birl\u0259\u015fm\u0259l\u0259rin kombinasiyas\u0131 il\u0259 istehsal olunur.<\/p>\n<p>Geni\u015f temperatur diapazonunda t\u0259tbiq oluna bil\u0259r v\u0259 eyni zamanda t\u0259sir\u0259, s\u0131x\u0131lmaya, s\u00fcrt\u00fcnm\u0259y\u0259 v\u0259 s. qar\u015f\u0131 \u0259la mexaniki m\u00fcqavim\u0259t\u0259 malikdir. ISOLFON ReRub \u00fcmumi kimy\u0259vi m\u00fchitl\u0259r\u0259, n\u0259m\u0259 v\u0259 ya\u011flara davaml\u0131d\u0131r.<\/p>\n<p><img loading=\"lazy\" decoding=\"async\" class=\"alignleft wp-image-34028\" src=\"https:\/\/alphacoustic.com\/wp-content\/uploads\/2024\/11\/icon_sustainability_eco-01-300x300.webp\" alt=\"Eco-friendly product with recycled materials\" width=\"57\" height=\"57\" \/><br \/>\nT\u0259krar emal edilmi\u015f materiallarla ekoloji t\u0259miz m\u0259hsul<\/p>\n<p>&nbsp;<\/p>\n<\/div>\n<div class=\"product_meta\">Kateqoriya:\u00a0Z\u0259rb\u0259 S\u0259s \u0130zolyasiyas\u0131<\/div>\n","protected":false},"featured_media":22903,"template":"","meta":[],"product_brand":[],"product_cat":[804],"product_tag":[],"class_list":{"0":"post-23797","1":"product","2":"type-product","3":"status-publish","4":"has-post-thumbnail","6":"product_cat-akustika-ss-kuy-v-vibrasiyaya-nzart","8":"first","9":"instock","10":"shipping-taxable","11":"product-type-simple"},"yoast_head":"<!-- This site is optimized with the Yoast SEO plugin v27.1.1 - https:\/\/yoast.com\/product\/yoast-seo-wordpress\/ -->\n<title>Z\u0259rb\u0259li s\u0259s izolyasiyas\u0131 \u00fc\u00e7\u00fcn t\u0259krar emal edilmi\u015f rezin t\u0259b\u0259q\u0259 ISOLfon \u2013 ReRub - Climate Master<\/title>\n<meta name=\"robots\" content=\"index, follow, max-snippet:-1, max-image-preview:large, max-video-preview:-1\" \/>\n<link rel=\"canonical\" href=\"https:\/\/climatemaster.ge\/az\/product\/19143\/\" \/>\n<meta property=\"og:locale\" content=\"az_AZ\" \/>\n<meta property=\"og:type\" content=\"article\" \/>\n<meta property=\"og:title\" content=\"Z\u0259rb\u0259li s\u0259s izolyasiyas\u0131 \u00fc\u00e7\u00fcn t\u0259krar emal edilmi\u015f rezin t\u0259b\u0259q\u0259 ISOLfon \u2013 ReRub - Climate Master\" \/>\n<meta property=\"og:description\" content=\"ISOLfon ReRub\u00a0T\u0259krar emal edilmi\u015f rezin t\u0259b\u0259q\u0259l\u0259r poliuretan yap\u0131\u015fqanla yap\u0131\u015fd\u0131r\u0131lm\u0131\u015f, istifad\u0259 m\u00fcdd\u0259tini ba\u015fa vurmu\u015f rezin rezinl\u0259rind\u0259n (ELT) \u0259ld\u0259 edil\u0259n t\u0259krar emal edilmi\u015f elastomer birl\u0259\u015fm\u0259l\u0259rin kombinasiyas\u0131 il\u0259 istehsal olunur.  Geni\u015f temperatur diapazonunda t\u0259tbiq oluna bil\u0259r v\u0259 eyni zamanda t\u0259sir\u0259, s\u0131x\u0131lmaya, s\u00fcrt\u00fcnm\u0259y\u0259 v\u0259 s. qar\u015f\u0131 \u0259la mexaniki m\u00fcqavim\u0259t\u0259 malikdir. ISOLFON ReRub \u00fcmumi kimy\u0259vi m\u00fchitl\u0259r\u0259, n\u0259m\u0259 v\u0259 ya\u011flara davaml\u0131d\u0131r.   T\u0259krar emal edilmi\u015f materiallarla ekoloji t\u0259miz m\u0259hsul  &nbsp;   Kateqoriya:\u00a0Z\u0259rb\u0259 S\u0259s \u0130zolyasiyas\u0131\" \/>\n<meta property=\"og:url\" content=\"https:\/\/climatemaster.ge\/az\/product\/19143\/\" \/>\n<meta property=\"og:site_name\" content=\"Climate Master\" \/>\n<meta property=\"article:modified_time\" content=\"2025-02-23T17:08:21+00:00\" \/>\n<meta property=\"og:image\" content=\"https:\/\/climatemaster.ge\/wp-content\/uploads\/2025\/02\/ISOLfon-ReRub.webp\" \/>\n\t<meta property=\"og:image:width\" content=\"800\" \/>\n\t<meta property=\"og:image:height\" content=\"600\" \/>\n\t<meta property=\"og:image:type\" content=\"image\/webp\" \/>\n<meta name=\"twitter:card\" content=\"summary_large_image\" \/>\n<meta name=\"twitter:label1\" content=\"Est. reading time\" \/>\n\t<meta name=\"twitter:data1\" content=\"3 minutes\" \/>\n<script type=\"application\/ld+json\" class=\"yoast-schema-graph\">{\"@context\":\"https:\/\/schema.org\",\"@graph\":[{\"@type\":\"WebPage\",\"@id\":\"https:\/\/climatemaster.ge\/az\/product\/19143\/\",\"url\":\"https:\/\/climatemaster.ge\/az\/product\/19143\/\",\"name\":\"Z\u0259rb\u0259li s\u0259s izolyasiyas\u0131 \u00fc\u00e7\u00fcn t\u0259krar emal edilmi\u015f rezin t\u0259b\u0259q\u0259 ISOLfon \u2013 ReRub - Climate Master\",\"isPartOf\":{\"@id\":\"https:\/\/climatemaster.ge\/#website\"},\"primaryImageOfPage\":{\"@id\":\"https:\/\/climatemaster.ge\/az\/product\/19143\/#primaryimage\"},\"image\":{\"@id\":\"https:\/\/climatemaster.ge\/az\/product\/19143\/#primaryimage\"},\"thumbnailUrl\":\"https:\/\/climatemaster.ge\/wp-content\/uploads\/2025\/02\/ISOLfon-ReRub.webp\",\"datePublished\":\"2025-02-12T18:42:14+00:00\",\"dateModified\":\"2025-02-23T17:08:21+00:00\",\"breadcrumb\":{\"@id\":\"https:\/\/climatemaster.ge\/az\/product\/19143\/#breadcrumb\"},\"inLanguage\":\"az\",\"potentialAction\":[{\"@type\":\"ReadAction\",\"target\":[\"https:\/\/climatemaster.ge\/az\/product\/19143\/\"]}]},{\"@type\":\"ImageObject\",\"inLanguage\":\"az\",\"@id\":\"https:\/\/climatemaster.ge\/az\/product\/19143\/#primaryimage\",\"url\":\"https:\/\/climatemaster.ge\/wp-content\/uploads\/2025\/02\/ISOLfon-ReRub.webp\",\"contentUrl\":\"https:\/\/climatemaster.ge\/wp-content\/uploads\/2025\/02\/ISOLfon-ReRub.webp\",\"width\":800,\"height\":600},{\"@type\":\"BreadcrumbList\",\"@id\":\"https:\/\/climatemaster.ge\/az\/product\/19143\/#breadcrumb\",\"itemListElement\":[{\"@type\":\"ListItem\",\"position\":1,\"name\":\"Home\",\"item\":\"https:\/\/climatemaster.ge\/\"},{\"@type\":\"ListItem\",\"position\":2,\"name\":\"M\u0259hsullar\",\"item\":\"https:\/\/climatemaster.ge\/products\/\"},{\"@type\":\"ListItem\",\"position\":3,\"name\":\"Z\u0259rb\u0259li s\u0259s izolyasiyas\u0131 \u00fc\u00e7\u00fcn t\u0259krar emal edilmi\u015f rezin t\u0259b\u0259q\u0259 ISOLfon \u2013 ReRub\"}]},{\"@type\":\"WebSite\",\"@id\":\"https:\/\/climatemaster.ge\/#website\",\"url\":\"https:\/\/climatemaster.ge\/\",\"name\":\"Climate Master\",\"description\":\"\",\"publisher\":{\"@id\":\"https:\/\/climatemaster.ge\/#organization\"},\"potentialAction\":[{\"@type\":\"SearchAction\",\"target\":{\"@type\":\"EntryPoint\",\"urlTemplate\":\"https:\/\/climatemaster.ge\/?s={search_term_string}\"},\"query-input\":{\"@type\":\"PropertyValueSpecification\",\"valueRequired\":true,\"valueName\":\"search_term_string\"}}],\"inLanguage\":\"az\"},{\"@type\":\"Organization\",\"@id\":\"https:\/\/climatemaster.ge\/#organization\",\"name\":\"Climate Master\",\"url\":\"https:\/\/climatemaster.ge\/\",\"logo\":{\"@type\":\"ImageObject\",\"inLanguage\":\"az\",\"@id\":\"https:\/\/climatemaster.ge\/#\/schema\/logo\/image\/\",\"url\":\"https:\/\/climatemaster.ge\/wp-content\/uploads\/2026\/03\/Untitled-2.png\",\"contentUrl\":\"https:\/\/climatemaster.ge\/wp-content\/uploads\/2026\/03\/Untitled-2.png\",\"width\":600,\"height\":338,\"caption\":\"Climate Master\"},\"image\":{\"@id\":\"https:\/\/climatemaster.ge\/#\/schema\/logo\/image\/\"}}]}<\/script>\n<!-- \/ Yoast SEO plugin. -->","yoast_head_json":{"title":"Z\u0259rb\u0259li s\u0259s izolyasiyas\u0131 \u00fc\u00e7\u00fcn t\u0259krar emal edilmi\u015f rezin t\u0259b\u0259q\u0259 ISOLfon \u2013 ReRub - Climate Master","robots":{"index":"index","follow":"follow","max-snippet":"max-snippet:-1","max-image-preview":"max-image-preview:large","max-video-preview":"max-video-preview:-1"},"canonical":"https:\/\/climatemaster.ge\/az\/product\/19143\/","og_locale":"az_AZ","og_type":"article","og_title":"Z\u0259rb\u0259li s\u0259s izolyasiyas\u0131 \u00fc\u00e7\u00fcn t\u0259krar emal edilmi\u015f rezin t\u0259b\u0259q\u0259 ISOLfon \u2013 ReRub - Climate Master","og_description":"ISOLfon ReRub\u00a0T\u0259krar emal edilmi\u015f rezin t\u0259b\u0259q\u0259l\u0259r poliuretan yap\u0131\u015fqanla yap\u0131\u015fd\u0131r\u0131lm\u0131\u015f, istifad\u0259 m\u00fcdd\u0259tini ba\u015fa vurmu\u015f rezin rezinl\u0259rind\u0259n (ELT) \u0259ld\u0259 edil\u0259n t\u0259krar emal edilmi\u015f elastomer birl\u0259\u015fm\u0259l\u0259rin kombinasiyas\u0131 il\u0259 istehsal olunur.  Geni\u015f temperatur diapazonunda t\u0259tbiq oluna bil\u0259r v\u0259 eyni zamanda t\u0259sir\u0259, s\u0131x\u0131lmaya, s\u00fcrt\u00fcnm\u0259y\u0259 v\u0259 s. qar\u015f\u0131 \u0259la mexaniki m\u00fcqavim\u0259t\u0259 malikdir. ISOLFON ReRub \u00fcmumi kimy\u0259vi m\u00fchitl\u0259r\u0259, n\u0259m\u0259 v\u0259 ya\u011flara davaml\u0131d\u0131r.   T\u0259krar emal edilmi\u015f materiallarla ekoloji t\u0259miz m\u0259hsul  &nbsp;   Kateqoriya:\u00a0Z\u0259rb\u0259 S\u0259s \u0130zolyasiyas\u0131","og_url":"https:\/\/climatemaster.ge\/az\/product\/19143\/","og_site_name":"Climate Master","article_modified_time":"2025-02-23T17:08:21+00:00","og_image":[{"width":800,"height":600,"url":"https:\/\/climatemaster.ge\/wp-content\/uploads\/2025\/02\/ISOLfon-ReRub.webp","type":"image\/webp"}],"twitter_card":"summary_large_image","twitter_misc":{"Est. reading time":"3 minutes"},"schema":{"@context":"https:\/\/schema.org","@graph":[{"@type":"WebPage","@id":"https:\/\/climatemaster.ge\/az\/product\/19143\/","url":"https:\/\/climatemaster.ge\/az\/product\/19143\/","name":"Z\u0259rb\u0259li s\u0259s izolyasiyas\u0131 \u00fc\u00e7\u00fcn t\u0259krar emal edilmi\u015f rezin t\u0259b\u0259q\u0259 ISOLfon \u2013 ReRub - Climate Master","isPartOf":{"@id":"https:\/\/climatemaster.ge\/#website"},"primaryImageOfPage":{"@id":"https:\/\/climatemaster.ge\/az\/product\/19143\/#primaryimage"},"image":{"@id":"https:\/\/climatemaster.ge\/az\/product\/19143\/#primaryimage"},"thumbnailUrl":"https:\/\/climatemaster.ge\/wp-content\/uploads\/2025\/02\/ISOLfon-ReRub.webp","datePublished":"2025-02-12T18:42:14+00:00","dateModified":"2025-02-23T17:08:21+00:00","breadcrumb":{"@id":"https:\/\/climatemaster.ge\/az\/product\/19143\/#breadcrumb"},"inLanguage":"az","potentialAction":[{"@type":"ReadAction","target":["https:\/\/climatemaster.ge\/az\/product\/19143\/"]}]},{"@type":"ImageObject","inLanguage":"az","@id":"https:\/\/climatemaster.ge\/az\/product\/19143\/#primaryimage","url":"https:\/\/climatemaster.ge\/wp-content\/uploads\/2025\/02\/ISOLfon-ReRub.webp","contentUrl":"https:\/\/climatemaster.ge\/wp-content\/uploads\/2025\/02\/ISOLfon-ReRub.webp","width":800,"height":600},{"@type":"BreadcrumbList","@id":"https:\/\/climatemaster.ge\/az\/product\/19143\/#breadcrumb","itemListElement":[{"@type":"ListItem","position":1,"name":"Home","item":"https:\/\/climatemaster.ge\/"},{"@type":"ListItem","position":2,"name":"M\u0259hsullar","item":"https:\/\/climatemaster.ge\/products\/"},{"@type":"ListItem","position":3,"name":"Z\u0259rb\u0259li s\u0259s izolyasiyas\u0131 \u00fc\u00e7\u00fcn t\u0259krar emal edilmi\u015f rezin t\u0259b\u0259q\u0259 ISOLfon \u2013 ReRub"}]},{"@type":"WebSite","@id":"https:\/\/climatemaster.ge\/#website","url":"https:\/\/climatemaster.ge\/","name":"Climate Master","description":"","publisher":{"@id":"https:\/\/climatemaster.ge\/#organization"},"potentialAction":[{"@type":"SearchAction","target":{"@type":"EntryPoint","urlTemplate":"https:\/\/climatemaster.ge\/?s={search_term_string}"},"query-input":{"@type":"PropertyValueSpecification","valueRequired":true,"valueName":"search_term_string"}}],"inLanguage":"az"},{"@type":"Organization","@id":"https:\/\/climatemaster.ge\/#organization","name":"Climate Master","url":"https:\/\/climatemaster.ge\/","logo":{"@type":"ImageObject","inLanguage":"az","@id":"https:\/\/climatemaster.ge\/#\/schema\/logo\/image\/","url":"https:\/\/climatemaster.ge\/wp-content\/uploads\/2026\/03\/Untitled-2.png","contentUrl":"https:\/\/climatemaster.ge\/wp-content\/uploads\/2026\/03\/Untitled-2.png","width":600,"height":338,"caption":"Climate Master"},"image":{"@id":"https:\/\/climatemaster.ge\/#\/schema\/logo\/image\/"}}]}},"_links":{"self":[{"href":"https:\/\/climatemaster.ge\/az\/wp-json\/wp\/v2\/product\/23797","targetHints":{"allow":["GET"]}}],"collection":[{"href":"https:\/\/climatemaster.ge\/az\/wp-json\/wp\/v2\/product"}],"about":[{"href":"https:\/\/climatemaster.ge\/az\/wp-json\/wp\/v2\/types\/product"}],"wp:featuredmedia":[{"embeddable":true,"href":"https:\/\/climatemaster.ge\/az\/wp-json\/wp\/v2\/media\/22903"}],"wp:attachment":[{"href":"https:\/\/climatemaster.ge\/az\/wp-json\/wp\/v2\/media?parent=23797"}],"wp:term":[{"taxonomy":"product_brand","embeddable":true,"href":"https:\/\/climatemaster.ge\/az\/wp-json\/wp\/v2\/product_brand?post=23797"},{"taxonomy":"product_cat","embeddable":true,"href":"https:\/\/climatemaster.ge\/az\/wp-json\/wp\/v2\/product_cat?post=23797"},{"taxonomy":"product_tag","embeddable":true,"href":"https:\/\/climatemaster.ge\/az\/wp-json\/wp\/v2\/product_tag?post=23797"}],"curies":[{"name":"wp","href":"https:\/\/api.w.org\/{rel}","templated":true}]}}