{"id":23792,"date":"2025-02-12T23:27:09","date_gmt":"2025-02-12T19:27:09","guid":{"rendered":"https:\/\/airsystems.ge\/shop\/product\/acoustic-foam-sheets-isolfon-sep-pu-sepy\/"},"modified":"2025-02-23T20:52:58","modified_gmt":"2025-02-23T16:52:58","slug":"acoustic-foam-sheets-isolfon-sep-pu-sepy","status":"publish","type":"product","link":"https:\/\/climatemaster.ge\/az\/product\/acoustic-foam-sheets-isolfon-sep-pu-sepy\/","title":{"rendered":"Akustik k\u00f6p\u00fck t\u0259b\u0259q\u0259l\u0259ri ISOLfon \u2013 SEP-PU-SEPY"},"content":{"rendered":"<h3><strong>Sound Absorption Coefficient Diagrams<\/strong><\/h3>\n<h4><strong>ISOLFON SEP<\/strong><br \/>\n<img decoding=\"async\" src=\"https:\/\/alphacoustic.com\/wp-content\/uploads\/2015\/04\/diagrams-Sep.png\" alt=\"Acoustic Data\" width=\"600\" \/><\/h4>\n<h4><strong>ISOLFON PU<\/strong><br \/>\n<img decoding=\"async\" src=\"https:\/\/alphacoustic.com\/wp-content\/uploads\/2015\/04\/diagrams-PU.png\" alt=\"Acoustic Data\" width=\"600\" \/><\/h4>\n<h4><strong>ISOLFON\u00a0SEPY<\/strong><br \/>\n<img decoding=\"async\" src=\"https:\/\/alphacoustic.com\/wp-content\/uploads\/2015\/04\/diagrams-SEPY.png\" alt=\"Acoustic Data\" width=\"600\" \/><\/h4>\n","protected":false},"excerpt":{"rendered":"<form class=\"variations_form cart\" action=\"https:\/\/alphacoustic.com\/en\/product\/ondulate-acoustic-foam-panels\/\" enctype=\"multipart\/form-data\" method=\"post\" data-product_id=\"29073\" data-product_variations=\"[{&quot;attributes&quot;:{&quot;attribute_pa_diamorfwsi&quot;:&quot;flat&quot;},&quot;availability_html&quot;:&quot;&quot;,&quot;backorders_allowed&quot;:false,&quot;dimensions&quot;:{&quot;length&quot;:&quot;&quot;,&quot;width&quot;:&quot;&quot;,&quot;height&quot;:&quot;&quot;},&quot;dimensions_html&quot;:&quot;N\\\/A&quot;,&quot;display_price&quot;:1,&quot;display_regular_price&quot;:1,&quot;image&quot;:{&quot;title&quot;:&quot;isolfon flat acoustic foam&quot;,&quot;caption&quot;:&quot;&quot;,&quot;url&quot;:&quot;https:\\\/\\\/alphacoustic.com\\\/wp-content\\\/uploads\\\/2015\\\/04\\\/isolfon-flat-acoustic-foam.jpg&quot;,&quot;alt&quot;:&quot;isolfon flat acoustic foam&quot;,&quot;src&quot;:&quot;https:\\\/\\\/alphacoustic.com\\\/wp-content\\\/uploads\\\/2015\\\/04\\\/isolfon-flat-acoustic-foam.jpg&quot;,&quot;srcset&quot;:&quot;https:\\\/\\\/alphacoustic.com\\\/wp-content\\\/uploads\\\/2015\\\/04\\\/isolfon-flat-acoustic-foam.jpg 614w, https:\\\/\\\/alphacoustic.com\\\/wp-content\\\/uploads\\\/2015\\\/04\\\/isolfon-flat-acoustic-foam-300x242.jpg 300w&quot;,&quot;sizes&quot;:&quot;(max-width: 600px) 100vw, 600px&quot;,&quot;full_src&quot;:&quot;https:\\\/\\\/alphacoustic.com\\\/wp-content\\\/uploads\\\/2015\\\/04\\\/isolfon-flat-acoustic-foam.jpg&quot;,&quot;full_src_w&quot;:614,&quot;full_src_h&quot;:496,&quot;gallery_thumbnail_src&quot;:&quot;https:\\\/\\\/alphacoustic.com\\\/wp-content\\\/uploads\\\/2015\\\/04\\\/isolfon-flat-acoustic-foam-150x150.jpg&quot;,&quot;gallery_thumbnail_src_w&quot;:100,&quot;gallery_thumbnail_src_h&quot;:100,&quot;thumb_src&quot;:&quot;https:\\\/\\\/alphacoustic.com\\\/wp-content\\\/uploads\\\/2015\\\/04\\\/isolfon-flat-acoustic-foam-300x300.jpg&quot;,&quot;thumb_src_w&quot;:300,&quot;thumb_src_h&quot;:300,&quot;src_w&quot;:600,&quot;src_h&quot;:485},&quot;image_id&quot;:9328,&quot;is_downloadable&quot;:false,&quot;is_in_stock&quot;:true,&quot;is_purchasable&quot;:true,&quot;is_sold_individually&quot;:&quot;no&quot;,&quot;is_virtual&quot;:false,&quot;max_qty&quot;:&quot;&quot;,&quot;min_qty&quot;:1,&quot;price_html&quot;:&quot;&quot;,&quot;sku&quot;:&quot;&quot;,&quot;variation_description&quot;:&quot;&quot;,&quot;variation_id&quot;:29074,&quot;variation_is_active&quot;:true,&quot;variation_is_visible&quot;:true,&quot;weight&quot;:&quot;&quot;,&quot;weight_html&quot;:&quot;N\\\/A&quot;},{&quot;attributes&quot;:{&quot;attribute_pa_diamorfwsi&quot;:&quot;wave&quot;},&quot;availability_html&quot;:&quot;&quot;,&quot;backorders_allowed&quot;:false,&quot;dimensions&quot;:{&quot;length&quot;:&quot;&quot;,&quot;width&quot;:&quot;&quot;,&quot;height&quot;:&quot;&quot;},&quot;dimensions_html&quot;:&quot;N\\\/A&quot;,&quot;display_price&quot;:1,&quot;display_regular_price&quot;:1,&quot;image&quot;:{&quot;title&quot;:&quot;Isolfon Acoustic Foam&quot;,&quot;caption&quot;:&quot;Multiple Acoustic Foam patterns&quot;,&quot;url&quot;:&quot;https:\\\/\\\/alphacoustic.com\\\/wp-content\\\/uploads\\\/2015\\\/04\\\/Isolfon-Wave-Acoustic-Foam.jpg&quot;,&quot;alt&quot;:&quot;Multiple Acoustic Foam patterns&quot;,&quot;src&quot;:&quot;https:\\\/\\\/alphacoustic.com\\\/wp-content\\\/uploads\\\/2015\\\/04\\\/Isolfon-Wave-Acoustic-Foam.jpg&quot;,&quot;srcset&quot;:&quot;https:\\\/\\\/alphacoustic.com\\\/wp-content\\\/uploads\\\/2015\\\/04\\\/Isolfon-Wave-Acoustic-Foam.jpg 527w, https:\\\/\\\/alphacoustic.com\\\/wp-content\\\/uploads\\\/2015\\\/04\\\/Isolfon-Wave-Acoustic-Foam-300x215.jpg 300w&quot;,&quot;sizes&quot;:&quot;(max-width: 527px) 100vw, 527px&quot;,&quot;full_src&quot;:&quot;https:\\\/\\\/alphacoustic.com\\\/wp-content\\\/uploads\\\/2015\\\/04\\\/Isolfon-Wave-Acoustic-Foam.jpg&quot;,&quot;full_src_w&quot;:527,&quot;full_src_h&quot;:377,&quot;gallery_thumbnail_src&quot;:&quot;https:\\\/\\\/alphacoustic.com\\\/wp-content\\\/uploads\\\/2015\\\/04\\\/Isolfon-Wave-Acoustic-Foam-150x150.jpg&quot;,&quot;gallery_thumbnail_src_w&quot;:100,&quot;gallery_thumbnail_src_h&quot;:100,&quot;thumb_src&quot;:&quot;https:\\\/\\\/alphacoustic.com\\\/wp-content\\\/uploads\\\/2015\\\/04\\\/Isolfon-Wave-Acoustic-Foam-300x300.jpg&quot;,&quot;thumb_src_w&quot;:300,&quot;thumb_src_h&quot;:300,&quot;src_w&quot;:527,&quot;src_h&quot;:377},&quot;image_id&quot;:9329,&quot;is_downloadable&quot;:false,&quot;is_in_stock&quot;:true,&quot;is_purchasable&quot;:true,&quot;is_sold_individually&quot;:&quot;no&quot;,&quot;is_virtual&quot;:false,&quot;max_qty&quot;:&quot;&quot;,&quot;min_qty&quot;:1,&quot;price_html&quot;:&quot;&quot;,&quot;sku&quot;:&quot;&quot;,&quot;variation_description&quot;:&quot;&quot;,&quot;variation_id&quot;:29075,&quot;variation_is_active&quot;:true,&quot;variation_is_visible&quot;:true,&quot;weight&quot;:&quot;&quot;,&quot;weight_html&quot;:&quot;N\\\/A&quot;},{&quot;attributes&quot;:{&quot;attribute_pa_diamorfwsi&quot;:&quot;pyramidic-cells&quot;},&quot;availability_html&quot;:&quot;&quot;,&quot;backorders_allowed&quot;:false,&quot;dimensions&quot;:{&quot;length&quot;:&quot;&quot;,&quot;width&quot;:&quot;&quot;,&quot;height&quot;:&quot;&quot;},&quot;dimensions_html&quot;:&quot;N\\\/A&quot;,&quot;display_price&quot;:1,&quot;display_regular_price&quot;:1,&quot;image&quot;:{&quot;title&quot;:&quot;isolfon pyramid Foam&quot;,&quot;caption&quot;:&quot;&quot;,&quot;url&quot;:&quot;https:\\\/\\\/alphacoustic.com\\\/wp-content\\\/uploads\\\/2015\\\/04\\\/isolfon-pyramid-Foam.jpg&quot;,&quot;alt&quot;:&quot;isolfon pyramid Foam&quot;,&quot;src&quot;:&quot;https:\\\/\\\/alphacoustic.com\\\/wp-content\\\/uploads\\\/2015\\\/04\\\/isolfon-pyramid-Foam.jpg&quot;,&quot;srcset&quot;:&quot;https:\\\/\\\/alphacoustic.com\\\/wp-content\\\/uploads\\\/2015\\\/04\\\/isolfon-pyramid-Foam.jpg 600w, https:\\\/\\\/alphacoustic.com\\\/wp-content\\\/uploads\\\/2015\\\/04\\\/isolfon-pyramid-Foam-300x200.jpg 300w&quot;,&quot;sizes&quot;:&quot;(max-width: 600px) 100vw, 600px&quot;,&quot;full_src&quot;:&quot;https:\\\/\\\/alphacoustic.com\\\/wp-content\\\/uploads\\\/2015\\\/04\\\/isolfon-pyramid-Foam.jpg&quot;,&quot;full_src_w&quot;:600,&quot;full_src_h&quot;:400,&quot;gallery_thumbnail_src&quot;:&quot;https:\\\/\\\/alphacoustic.com\\\/wp-content\\\/uploads\\\/2015\\\/04\\\/isolfon-pyramid-Foam-150x150.jpg&quot;,&quot;gallery_thumbnail_src_w&quot;:100,&quot;gallery_thumbnail_src_h&quot;:100,&quot;thumb_src&quot;:&quot;https:\\\/\\\/alphacoustic.com\\\/wp-content\\\/uploads\\\/2015\\\/04\\\/isolfon-pyramid-Foam-300x300.jpg&quot;,&quot;thumb_src_w&quot;:300,&quot;thumb_src_h&quot;:300,&quot;src_w&quot;:600,&quot;src_h&quot;:400},&quot;image_id&quot;:9327,&quot;is_downloadable&quot;:false,&quot;is_in_stock&quot;:true,&quot;is_purchasable&quot;:true,&quot;is_sold_individually&quot;:&quot;no&quot;,&quot;is_virtual&quot;:false,&quot;max_qty&quot;:&quot;&quot;,&quot;min_qty&quot;:1,&quot;price_html&quot;:&quot;&quot;,&quot;sku&quot;:&quot;&quot;,&quot;variation_description&quot;:&quot;&quot;,&quot;variation_id&quot;:29076,&quot;variation_is_active&quot;:true,&quot;variation_is_visible&quot;:true,&quot;weight&quot;:&quot;&quot;,&quot;weight_html&quot;:&quot;N\\\/A&quot;}]\" data-gtm-form-interact-id=\"0\">\n<div class=\"variation-description show\" data-value=\"flat\" data-id=\"29074\">\n<p>ISOLFON m\u0259hsul \u00e7e\u015fidi m\u00fcxt\u0259lif nax\u0131\u015fl\u0131 dizaynlara, f\u0259rqli s\u0259s udma \u0259msallar\u0131na v\u0259 m\u00fcxt\u0259lif qal\u0131nl\u0131\u011fa malik s\u0259s udma akustik k\u00f6p\u00fck panell\u0259rind\u0259n ibar\u0259tdir. Onlar musiqi studiyalar\u0131nda v\u0259 akustik h\u0259ssas m\u0259kanlarda s\u0259sin udulmas\u0131n\u0131 art\u0131r\u0131r, arzuolunmaz s\u0259s \u0259ksikl\u0259rini azald\u0131r, \u00e7\u0131rp\u0131nma \u0259ks-s\u0259das\u0131n\u0131 aradan qald\u0131r\u0131r, otaq rejiml\u0259rini\/dayan\u0131ql\u0131 dal\u011falar\u0131 azald\u0131r.<br \/>\nOnun akustik poliuretan k\u00f6p\u00fcy\u00fc istiliy\u0259 \u00f6t\u00fcr\u00fcl\u0259n s\u0259s dal\u011falar\u0131ndan kinetik enerjini daha yax\u015f\u0131 m\u0259nims\u0259m\u0259k \u00fc\u00e7\u00fcn qapal\u0131 v\u0259 a\u00e7\u0131q h\u00fcceyr\u0259l\u0259r aras\u0131nda \u0259n yax\u015f\u0131 s\u00fcr\u0259t\u0259 malikdir.<br \/>\nAkustik k\u00f6p\u00fck ISOLfon plit\u0259l\u0259r elastikdir v\u0259 ist\u0259nil\u0259n n\u00f6v d\u00fcz v\u0259 \u0259yri s\u0259thl\u0259rd\u0259 (toz, ya\u011f v\u0259 ya\u011fs\u0131z) sad\u0259c\u0259 yap\u0131\u015fqan istifad\u0259 etm\u0259kl\u0259 asanl\u0131qla qura\u015fd\u0131r\u0131la bil\u0259r.<\/p>\n<p>Kateqoriyalar:\u00a0S\u0259s udma,\u00a0Studio M\u0259hsullar\u0131<\/p>\n<p>Konfiqurasiya<br \/>\nd\u00fcz<br \/>\nPiramida h\u00fcceyr\u0259l\u0259r<br \/>\nDal\u011fa<\/p>\n<\/div>\n<\/form>\n","protected":false},"featured_media":22939,"template":"","meta":[],"product_brand":[],"product_cat":[804],"product_tag":[],"class_list":{"0":"post-23792","1":"product","2":"type-product","3":"status-publish","4":"has-post-thumbnail","6":"product_cat-akustika-ss-kuy-v-vibrasiyaya-nzart","8":"first","9":"instock","10":"shipping-taxable","11":"product-type-simple"},"yoast_head":"<!-- This site is optimized with the Yoast SEO plugin v27.1.1 - https:\/\/yoast.com\/product\/yoast-seo-wordpress\/ -->\n<title>Akustik k\u00f6p\u00fck t\u0259b\u0259q\u0259l\u0259ri ISOLfon \u2013 SEP-PU-SEPY - Climate Master<\/title>\n<meta name=\"robots\" content=\"index, follow, max-snippet:-1, max-image-preview:large, max-video-preview:-1\" \/>\n<link rel=\"canonical\" href=\"https:\/\/climatemaster.ge\/az\/product\/acoustic-foam-sheets-isolfon-sep-pu-sepy\/\" \/>\n<meta property=\"og:locale\" content=\"az_AZ\" \/>\n<meta property=\"og:type\" content=\"article\" \/>\n<meta property=\"og:title\" content=\"Akustik k\u00f6p\u00fck t\u0259b\u0259q\u0259l\u0259ri ISOLfon \u2013 SEP-PU-SEPY - Climate Master\" \/>\n<meta property=\"og:description\" content=\"ISOLFON m\u0259hsul \u00e7e\u015fidi m\u00fcxt\u0259lif nax\u0131\u015fl\u0131 dizaynlara, f\u0259rqli s\u0259s udma \u0259msallar\u0131na v\u0259 m\u00fcxt\u0259lif qal\u0131nl\u0131\u011fa malik s\u0259s udma akustik k\u00f6p\u00fck panell\u0259rind\u0259n ibar\u0259tdir. Onlar musiqi studiyalar\u0131nda v\u0259 akustik h\u0259ssas m\u0259kanlarda s\u0259sin udulmas\u0131n\u0131 art\u0131r\u0131r, arzuolunmaz s\u0259s \u0259ksikl\u0259rini azald\u0131r, \u00e7\u0131rp\u0131nma \u0259ks-s\u0259das\u0131n\u0131 aradan qald\u0131r\u0131r, otaq rejiml\u0259rini\/dayan\u0131ql\u0131 dal\u011falar\u0131 azald\u0131r. Onun akustik poliuretan k\u00f6p\u00fcy\u00fc istiliy\u0259 \u00f6t\u00fcr\u00fcl\u0259n s\u0259s dal\u011falar\u0131ndan kinetik enerjini daha yax\u015f\u0131 m\u0259nims\u0259m\u0259k \u00fc\u00e7\u00fcn qapal\u0131 v\u0259 a\u00e7\u0131q h\u00fcceyr\u0259l\u0259r aras\u0131nda \u0259n yax\u015f\u0131 s\u00fcr\u0259t\u0259 malikdir. Akustik k\u00f6p\u00fck ISOLfon plit\u0259l\u0259r elastikdir v\u0259 ist\u0259nil\u0259n n\u00f6v d\u00fcz v\u0259 \u0259yri s\u0259thl\u0259rd\u0259 (toz, ya\u011f v\u0259 ya\u011fs\u0131z) sad\u0259c\u0259 yap\u0131\u015fqan istifad\u0259 etm\u0259kl\u0259 asanl\u0131qla qura\u015fd\u0131r\u0131la bil\u0259r.  Kateqoriyalar:\u00a0S\u0259s udma,\u00a0Studio M\u0259hsullar\u0131  Konfiqurasiya d\u00fcz Piramida h\u00fcceyr\u0259l\u0259r Dal\u011fa\" \/>\n<meta property=\"og:url\" content=\"https:\/\/climatemaster.ge\/az\/product\/acoustic-foam-sheets-isolfon-sep-pu-sepy\/\" \/>\n<meta property=\"og:site_name\" content=\"Climate Master\" \/>\n<meta property=\"article:modified_time\" content=\"2025-02-23T16:52:58+00:00\" \/>\n<meta property=\"og:image\" content=\"https:\/\/climatemaster.ge\/wp-content\/uploads\/2025\/02\/Isolfon-Wave-Acoustic-Foam.jpg\" \/>\n\t<meta property=\"og:image:width\" content=\"527\" \/>\n\t<meta property=\"og:image:height\" content=\"377\" \/>\n\t<meta property=\"og:image:type\" content=\"image\/jpeg\" \/>\n<meta name=\"twitter:card\" content=\"summary_large_image\" \/>\n<script type=\"application\/ld+json\" class=\"yoast-schema-graph\">{\"@context\":\"https:\/\/schema.org\",\"@graph\":[{\"@type\":\"WebPage\",\"@id\":\"https:\/\/climatemaster.ge\/az\/product\/acoustic-foam-sheets-isolfon-sep-pu-sepy\/\",\"url\":\"https:\/\/climatemaster.ge\/az\/product\/acoustic-foam-sheets-isolfon-sep-pu-sepy\/\",\"name\":\"Akustik k\u00f6p\u00fck t\u0259b\u0259q\u0259l\u0259ri ISOLfon \u2013 SEP-PU-SEPY - Climate Master\",\"isPartOf\":{\"@id\":\"https:\/\/climatemaster.ge\/#website\"},\"primaryImageOfPage\":{\"@id\":\"https:\/\/climatemaster.ge\/az\/product\/acoustic-foam-sheets-isolfon-sep-pu-sepy\/#primaryimage\"},\"image\":{\"@id\":\"https:\/\/climatemaster.ge\/az\/product\/acoustic-foam-sheets-isolfon-sep-pu-sepy\/#primaryimage\"},\"thumbnailUrl\":\"https:\/\/climatemaster.ge\/wp-content\/uploads\/2025\/02\/Isolfon-Wave-Acoustic-Foam.jpg\",\"datePublished\":\"2025-02-12T19:27:09+00:00\",\"dateModified\":\"2025-02-23T16:52:58+00:00\",\"breadcrumb\":{\"@id\":\"https:\/\/climatemaster.ge\/az\/product\/acoustic-foam-sheets-isolfon-sep-pu-sepy\/#breadcrumb\"},\"inLanguage\":\"az\",\"potentialAction\":[{\"@type\":\"ReadAction\",\"target\":[\"https:\/\/climatemaster.ge\/az\/product\/acoustic-foam-sheets-isolfon-sep-pu-sepy\/\"]}]},{\"@type\":\"ImageObject\",\"inLanguage\":\"az\",\"@id\":\"https:\/\/climatemaster.ge\/az\/product\/acoustic-foam-sheets-isolfon-sep-pu-sepy\/#primaryimage\",\"url\":\"https:\/\/climatemaster.ge\/wp-content\/uploads\/2025\/02\/Isolfon-Wave-Acoustic-Foam.jpg\",\"contentUrl\":\"https:\/\/climatemaster.ge\/wp-content\/uploads\/2025\/02\/Isolfon-Wave-Acoustic-Foam.jpg\",\"width\":527,\"height\":377},{\"@type\":\"BreadcrumbList\",\"@id\":\"https:\/\/climatemaster.ge\/az\/product\/acoustic-foam-sheets-isolfon-sep-pu-sepy\/#breadcrumb\",\"itemListElement\":[{\"@type\":\"ListItem\",\"position\":1,\"name\":\"Home\",\"item\":\"https:\/\/climatemaster.ge\/\"},{\"@type\":\"ListItem\",\"position\":2,\"name\":\"M\u0259hsullar\",\"item\":\"https:\/\/climatemaster.ge\/products\/\"},{\"@type\":\"ListItem\",\"position\":3,\"name\":\"Akustik k\u00f6p\u00fck t\u0259b\u0259q\u0259l\u0259ri ISOLfon \u2013 SEP-PU-SEPY\"}]},{\"@type\":\"WebSite\",\"@id\":\"https:\/\/climatemaster.ge\/#website\",\"url\":\"https:\/\/climatemaster.ge\/\",\"name\":\"Climate Master\",\"description\":\"\",\"publisher\":{\"@id\":\"https:\/\/climatemaster.ge\/#organization\"},\"potentialAction\":[{\"@type\":\"SearchAction\",\"target\":{\"@type\":\"EntryPoint\",\"urlTemplate\":\"https:\/\/climatemaster.ge\/?s={search_term_string}\"},\"query-input\":{\"@type\":\"PropertyValueSpecification\",\"valueRequired\":true,\"valueName\":\"search_term_string\"}}],\"inLanguage\":\"az\"},{\"@type\":\"Organization\",\"@id\":\"https:\/\/climatemaster.ge\/#organization\",\"name\":\"Climate Master\",\"url\":\"https:\/\/climatemaster.ge\/\",\"logo\":{\"@type\":\"ImageObject\",\"inLanguage\":\"az\",\"@id\":\"https:\/\/climatemaster.ge\/#\/schema\/logo\/image\/\",\"url\":\"https:\/\/climatemaster.ge\/wp-content\/uploads\/2026\/03\/Untitled-2.png\",\"contentUrl\":\"https:\/\/climatemaster.ge\/wp-content\/uploads\/2026\/03\/Untitled-2.png\",\"width\":600,\"height\":338,\"caption\":\"Climate Master\"},\"image\":{\"@id\":\"https:\/\/climatemaster.ge\/#\/schema\/logo\/image\/\"}}]}<\/script>\n<!-- \/ Yoast SEO plugin. -->","yoast_head_json":{"title":"Akustik k\u00f6p\u00fck t\u0259b\u0259q\u0259l\u0259ri ISOLfon \u2013 SEP-PU-SEPY - Climate Master","robots":{"index":"index","follow":"follow","max-snippet":"max-snippet:-1","max-image-preview":"max-image-preview:large","max-video-preview":"max-video-preview:-1"},"canonical":"https:\/\/climatemaster.ge\/az\/product\/acoustic-foam-sheets-isolfon-sep-pu-sepy\/","og_locale":"az_AZ","og_type":"article","og_title":"Akustik k\u00f6p\u00fck t\u0259b\u0259q\u0259l\u0259ri ISOLfon \u2013 SEP-PU-SEPY - Climate Master","og_description":"ISOLFON m\u0259hsul \u00e7e\u015fidi m\u00fcxt\u0259lif nax\u0131\u015fl\u0131 dizaynlara, f\u0259rqli s\u0259s udma \u0259msallar\u0131na v\u0259 m\u00fcxt\u0259lif qal\u0131nl\u0131\u011fa malik s\u0259s udma akustik k\u00f6p\u00fck panell\u0259rind\u0259n ibar\u0259tdir. Onlar musiqi studiyalar\u0131nda v\u0259 akustik h\u0259ssas m\u0259kanlarda s\u0259sin udulmas\u0131n\u0131 art\u0131r\u0131r, arzuolunmaz s\u0259s \u0259ksikl\u0259rini azald\u0131r, \u00e7\u0131rp\u0131nma \u0259ks-s\u0259das\u0131n\u0131 aradan qald\u0131r\u0131r, otaq rejiml\u0259rini\/dayan\u0131ql\u0131 dal\u011falar\u0131 azald\u0131r. Onun akustik poliuretan k\u00f6p\u00fcy\u00fc istiliy\u0259 \u00f6t\u00fcr\u00fcl\u0259n s\u0259s dal\u011falar\u0131ndan kinetik enerjini daha yax\u015f\u0131 m\u0259nims\u0259m\u0259k \u00fc\u00e7\u00fcn qapal\u0131 v\u0259 a\u00e7\u0131q h\u00fcceyr\u0259l\u0259r aras\u0131nda \u0259n yax\u015f\u0131 s\u00fcr\u0259t\u0259 malikdir. Akustik k\u00f6p\u00fck ISOLfon plit\u0259l\u0259r elastikdir v\u0259 ist\u0259nil\u0259n n\u00f6v d\u00fcz v\u0259 \u0259yri s\u0259thl\u0259rd\u0259 (toz, ya\u011f v\u0259 ya\u011fs\u0131z) sad\u0259c\u0259 yap\u0131\u015fqan istifad\u0259 etm\u0259kl\u0259 asanl\u0131qla qura\u015fd\u0131r\u0131la bil\u0259r.  Kateqoriyalar:\u00a0S\u0259s udma,\u00a0Studio M\u0259hsullar\u0131  Konfiqurasiya d\u00fcz Piramida h\u00fcceyr\u0259l\u0259r Dal\u011fa","og_url":"https:\/\/climatemaster.ge\/az\/product\/acoustic-foam-sheets-isolfon-sep-pu-sepy\/","og_site_name":"Climate Master","article_modified_time":"2025-02-23T16:52:58+00:00","og_image":[{"width":527,"height":377,"url":"https:\/\/climatemaster.ge\/wp-content\/uploads\/2025\/02\/Isolfon-Wave-Acoustic-Foam.jpg","type":"image\/jpeg"}],"twitter_card":"summary_large_image","schema":{"@context":"https:\/\/schema.org","@graph":[{"@type":"WebPage","@id":"https:\/\/climatemaster.ge\/az\/product\/acoustic-foam-sheets-isolfon-sep-pu-sepy\/","url":"https:\/\/climatemaster.ge\/az\/product\/acoustic-foam-sheets-isolfon-sep-pu-sepy\/","name":"Akustik k\u00f6p\u00fck t\u0259b\u0259q\u0259l\u0259ri ISOLfon \u2013 SEP-PU-SEPY - Climate Master","isPartOf":{"@id":"https:\/\/climatemaster.ge\/#website"},"primaryImageOfPage":{"@id":"https:\/\/climatemaster.ge\/az\/product\/acoustic-foam-sheets-isolfon-sep-pu-sepy\/#primaryimage"},"image":{"@id":"https:\/\/climatemaster.ge\/az\/product\/acoustic-foam-sheets-isolfon-sep-pu-sepy\/#primaryimage"},"thumbnailUrl":"https:\/\/climatemaster.ge\/wp-content\/uploads\/2025\/02\/Isolfon-Wave-Acoustic-Foam.jpg","datePublished":"2025-02-12T19:27:09+00:00","dateModified":"2025-02-23T16:52:58+00:00","breadcrumb":{"@id":"https:\/\/climatemaster.ge\/az\/product\/acoustic-foam-sheets-isolfon-sep-pu-sepy\/#breadcrumb"},"inLanguage":"az","potentialAction":[{"@type":"ReadAction","target":["https:\/\/climatemaster.ge\/az\/product\/acoustic-foam-sheets-isolfon-sep-pu-sepy\/"]}]},{"@type":"ImageObject","inLanguage":"az","@id":"https:\/\/climatemaster.ge\/az\/product\/acoustic-foam-sheets-isolfon-sep-pu-sepy\/#primaryimage","url":"https:\/\/climatemaster.ge\/wp-content\/uploads\/2025\/02\/Isolfon-Wave-Acoustic-Foam.jpg","contentUrl":"https:\/\/climatemaster.ge\/wp-content\/uploads\/2025\/02\/Isolfon-Wave-Acoustic-Foam.jpg","width":527,"height":377},{"@type":"BreadcrumbList","@id":"https:\/\/climatemaster.ge\/az\/product\/acoustic-foam-sheets-isolfon-sep-pu-sepy\/#breadcrumb","itemListElement":[{"@type":"ListItem","position":1,"name":"Home","item":"https:\/\/climatemaster.ge\/"},{"@type":"ListItem","position":2,"name":"M\u0259hsullar","item":"https:\/\/climatemaster.ge\/products\/"},{"@type":"ListItem","position":3,"name":"Akustik k\u00f6p\u00fck t\u0259b\u0259q\u0259l\u0259ri ISOLfon \u2013 SEP-PU-SEPY"}]},{"@type":"WebSite","@id":"https:\/\/climatemaster.ge\/#website","url":"https:\/\/climatemaster.ge\/","name":"Climate Master","description":"","publisher":{"@id":"https:\/\/climatemaster.ge\/#organization"},"potentialAction":[{"@type":"SearchAction","target":{"@type":"EntryPoint","urlTemplate":"https:\/\/climatemaster.ge\/?s={search_term_string}"},"query-input":{"@type":"PropertyValueSpecification","valueRequired":true,"valueName":"search_term_string"}}],"inLanguage":"az"},{"@type":"Organization","@id":"https:\/\/climatemaster.ge\/#organization","name":"Climate Master","url":"https:\/\/climatemaster.ge\/","logo":{"@type":"ImageObject","inLanguage":"az","@id":"https:\/\/climatemaster.ge\/#\/schema\/logo\/image\/","url":"https:\/\/climatemaster.ge\/wp-content\/uploads\/2026\/03\/Untitled-2.png","contentUrl":"https:\/\/climatemaster.ge\/wp-content\/uploads\/2026\/03\/Untitled-2.png","width":600,"height":338,"caption":"Climate Master"},"image":{"@id":"https:\/\/climatemaster.ge\/#\/schema\/logo\/image\/"}}]}},"_links":{"self":[{"href":"https:\/\/climatemaster.ge\/az\/wp-json\/wp\/v2\/product\/23792","targetHints":{"allow":["GET"]}}],"collection":[{"href":"https:\/\/climatemaster.ge\/az\/wp-json\/wp\/v2\/product"}],"about":[{"href":"https:\/\/climatemaster.ge\/az\/wp-json\/wp\/v2\/types\/product"}],"wp:featuredmedia":[{"embeddable":true,"href":"https:\/\/climatemaster.ge\/az\/wp-json\/wp\/v2\/media\/22939"}],"wp:attachment":[{"href":"https:\/\/climatemaster.ge\/az\/wp-json\/wp\/v2\/media?parent=23792"}],"wp:term":[{"taxonomy":"product_brand","embeddable":true,"href":"https:\/\/climatemaster.ge\/az\/wp-json\/wp\/v2\/product_brand?post=23792"},{"taxonomy":"product_cat","embeddable":true,"href":"https:\/\/climatemaster.ge\/az\/wp-json\/wp\/v2\/product_cat?post=23792"},{"taxonomy":"product_tag","embeddable":true,"href":"https:\/\/climatemaster.ge\/az\/wp-json\/wp\/v2\/product_tag?post=23792"}],"curies":[{"name":"wp","href":"https:\/\/api.w.org\/{rel}","templated":true}]}}