{"id":23781,"date":"2025-02-12T10:48:21","date_gmt":"2025-02-12T06:48:21","guid":{"rendered":"https:\/\/airsystems.ge\/shop\/product\/18922\/"},"modified":"2025-02-25T23:30:16","modified_gmt":"2025-02-25T19:30:16","slug":"18922","status":"publish","type":"product","link":"https:\/\/climatemaster.ge\/az\/product\/18922\/","title":{"rendered":"Akustik Panell\u0259r ALPHAcoustic \u2013 AP"},"content":{"rendered":"<p>ALPHAcoustic \u2013 AP.Tondo \u0259yri x\u0259tl\u0259ri olan d\u00fczbucaql\u0131 akustik panell\u0259rdir. Z\u0259rif v\u0259 z\u0259rif forma il\u0259, Hamar v\u0259 axan Dizaynla dizayn edilmi\u015fdir. Rahatl\u0131q, t\u0259hl\u00fck\u0259sizlik, tan\u0131\u015fl\u0131q v\u0259 istirah\u0259t t\u0259klif ed\u0259n yum\u015faq \u0259yril\u0259r.<\/p>\n<p>Onlar insan b\u0259d\u0259ninin \u0259yril\u0259rini xat\u0131rlad\u0131rlar.<\/p>\n<p>\u018fsas X\u00fcsusiyy\u0259tl\u0259r:<\/p>\n<p>&#8211; Z\u0259rif v\u0259 z\u0259rif<\/p>\n<p>\u2013 \u0130nsan b\u0259d\u0259ninin \u0259yril\u0259rini xat\u0131rladan rahatl\u0131q, t\u0259hl\u00fck\u0259sizlik, tan\u0131\u015fl\u0131q v\u0259 istirah\u0259t t\u0259klif ed\u0259n yum\u015faq \u0259yril\u0259r.<\/p>\n<p>\u2013 \u0130st\u0259nil\u0259n ya\u015fay\u0131\u015f sah\u0259sin\u0259 m\u00fck\u0259mm\u0259l uy\u011funla\u015fma bacar\u0131\u011f\u0131<\/p>\n<p>\u2013 \u0130st\u0259nil\u0259n ya\u015fay\u0131\u015f sah\u0259sin\u0259 m\u00fck\u0259mm\u0259l uy\u011funla\u015fma bacar\u0131\u011f\u0131<\/p>\n<p>Tipik \u00d6l\u00e7\u00fcl\u0259r: 60 x 60 x 5 sm (ist\u0259k \u0259sas\u0131nda m\u00fcxt\u0259lif formalar, \u00f6l\u00e7\u00fcl\u0259r v\u0259 ya qal\u0131nl\u0131qlar haz\u0131rlana bil\u0259r).<\/p>\n<p>Onlar kvadrat, d\u00fczbucaql\u0131, ellips, yar\u0131mdair\u0259, \u00fc\u00e7bucaq, be\u015fbucaql\u0131, alt\u0131bucaql\u0131, yeddibucaql\u0131, s\u0259kkizbucaql\u0131 v\u0259 s. kimi m\u00fcxt\u0259lif formalarda g\u0259lirl\u0259r (ist\u0259k \u0259sas\u0131nda)<\/p>\n<p>Y\u00fcks\u0259k s\u0259s udma indeksi (\u03b1s) say\u0259sind\u0259 akustik panel h\u0259r bir akustik tezlik diapazonunda maksimum s\u0259s udulmas\u0131na nail ola bil\u0259r. \u0130st\u0259k \u0259sas\u0131nda akustik panell\u0259rimizin \u0259ks\u0259r n\u00f6vl\u0259ri \u00fc\u00e7\u00fcn ISO 354.2003 v\u0259 ISO 11654.1997 standartlar\u0131na uy\u011fun olaraq s\u0259s udma indeksini t\u0259yin ed\u0259 bil\u0259rik. S\u0259s udma \u0259msal\u0131 (\u03b1s) akustik panell\u0259rin \u0259ks\u0259r n\u00f6vl\u0259ri \u00fc\u00e7\u00fcn ISO 354.2003 v\u0259 ISO 11654.1997 standartlar\u0131na uy\u011fun olaraq hesablana bil\u0259r.<\/p>\n<p>H\u0259r bir t\u0259tbiqin t\u0259l\u0259bl\u0259rind\u0259n as\u0131l\u0131 olaraq v\u0259 geni\u015f diapazonlu tezlik udulmas\u0131na nail olmaq \u00fc\u00e7\u00fcn m\u00fcxt\u0259lif s\u0259s uducu materiallar\u0131n kombinasiyas\u0131 t\u0259tbiq oluna bil\u0259r.<\/p>\n","protected":false},"excerpt":{"rendered":"<p>Kesiti\u00a0 \u00a0\u00a0\u018fyri<\/p>\n<p>ALPHAcoustic \u2013 AP.Tondo \u0259yri x\u0259tl\u0259ri olan d\u00fczbucaql\u0131 akustik panell\u0259rdir. Z\u0259rif v\u0259 z\u0259rif forma il\u0259, Hamar v\u0259 axan Dizaynla dizayn edilmi\u015fdir. Rahatl\u0131q, t\u0259hl\u00fck\u0259sizlik, tan\u0131\u015fl\u0131q v\u0259 istirah\u0259t t\u0259klif ed\u0259n yum\u015faq \u0259yril\u0259r. Onlar insan b\u0259d\u0259ninin \u0259yril\u0259rini xat\u0131rlad\u0131rlar. \u018fsas X\u00fcsusiyy\u0259tl\u0259r:\u2013 N\u0259fis v\u0259 z\u0259rif\u2013 \u0130nsan b\u0259d\u0259ninin \u0259yril\u0259rini xat\u0131rladan rahatl\u0131q, t\u0259hl\u00fck\u0259sizlik, tan\u0131\u015fl\u0131q v\u0259 istirah\u0259t t\u0259klif ed\u0259n yum\u015faq \u0259yril\u0259r.\u2013 \u0130st\u0259nil\u0259n ya\u015fay\u0131\u015f sah\u0259sin\u0259 m\u00fck\u0259mm\u0259l uy\u011funla\u015fma bacar\u0131\u011f\u0131 \u2013 \u0130st\u0259nil\u0259n ya\u015fay\u0131\u015f sah\u0259sin\u0259 m\u00fck\u0259mm\u0259l uy\u011funla\u015fma bacar\u0131\u011f\u0131 Tipik \u00d6l\u00e7\u00fcl\u0259r: 60 x 60 sm v\u0259 ya daha qal\u0131n forma ist\u0259y\u0259 g\u00f6r\u0259 haz\u0131rlan\u0131r)Kvadrat, d\u00fczbucaql\u0131, ellips, yar\u0131mdair\u0259, \u00fc\u00e7bucaq, be\u015fbucaql\u0131, alt\u0131bucaql\u0131, yeddibucaql\u0131, s\u0259kkizbucaql\u0131 v\u0259 s. kimi m\u00fcxt\u0259lif formalarda g\u0259lirl\u0259r (ist\u0259k \u0259sas\u0131nda)<\/p>\n","protected":false},"featured_media":22821,"template":"","meta":[],"product_brand":[],"product_cat":[930,931],"product_tag":[],"class_list":{"0":"post-23781","1":"product","2":"type-product","3":"status-publish","4":"has-post-thumbnail","6":"product_cat-acoustic-panels-az","7":"product_cat-architectural-acoustic-az","9":"first","10":"instock","11":"shipping-taxable","12":"product-type-simple"},"yoast_head":"<!-- This site is optimized with the Yoast SEO plugin v27.1.1 - https:\/\/yoast.com\/product\/yoast-seo-wordpress\/ -->\n<title>Akustik Panell\u0259r ALPHAcoustic \u2013 AP - Climate Master<\/title>\n<meta name=\"robots\" content=\"index, follow, max-snippet:-1, max-image-preview:large, max-video-preview:-1\" \/>\n<link rel=\"canonical\" href=\"https:\/\/climatemaster.ge\/az\/product\/18922\/\" \/>\n<meta property=\"og:locale\" content=\"az_AZ\" \/>\n<meta property=\"og:type\" content=\"article\" \/>\n<meta property=\"og:title\" content=\"Akustik Panell\u0259r ALPHAcoustic \u2013 AP - Climate Master\" \/>\n<meta property=\"og:description\" content=\"Kesiti\u00a0 \u00a0\u00a0\u018fyri  ALPHAcoustic \u2013 AP.Tondo \u0259yri x\u0259tl\u0259ri olan d\u00fczbucaql\u0131 akustik panell\u0259rdir. Z\u0259rif v\u0259 z\u0259rif forma il\u0259, Hamar v\u0259 axan Dizaynla dizayn edilmi\u015fdir. Rahatl\u0131q, t\u0259hl\u00fck\u0259sizlik, tan\u0131\u015fl\u0131q v\u0259 istirah\u0259t t\u0259klif ed\u0259n yum\u015faq \u0259yril\u0259r. Onlar insan b\u0259d\u0259ninin \u0259yril\u0259rini xat\u0131rlad\u0131rlar. \u018fsas X\u00fcsusiyy\u0259tl\u0259r:\u2013 N\u0259fis v\u0259 z\u0259rif\u2013 \u0130nsan b\u0259d\u0259ninin \u0259yril\u0259rini xat\u0131rladan rahatl\u0131q, t\u0259hl\u00fck\u0259sizlik, tan\u0131\u015fl\u0131q v\u0259 istirah\u0259t t\u0259klif ed\u0259n yum\u015faq \u0259yril\u0259r.\u2013 \u0130st\u0259nil\u0259n ya\u015fay\u0131\u015f sah\u0259sin\u0259 m\u00fck\u0259mm\u0259l uy\u011funla\u015fma bacar\u0131\u011f\u0131 \u2013 \u0130st\u0259nil\u0259n ya\u015fay\u0131\u015f sah\u0259sin\u0259 m\u00fck\u0259mm\u0259l uy\u011funla\u015fma bacar\u0131\u011f\u0131 Tipik \u00d6l\u00e7\u00fcl\u0259r: 60 x 60 sm v\u0259 ya daha qal\u0131n forma ist\u0259y\u0259 g\u00f6r\u0259 haz\u0131rlan\u0131r)Kvadrat, d\u00fczbucaql\u0131, ellips, yar\u0131mdair\u0259, \u00fc\u00e7bucaq, be\u015fbucaql\u0131, alt\u0131bucaql\u0131, yeddibucaql\u0131, s\u0259kkizbucaql\u0131 v\u0259 s. kimi m\u00fcxt\u0259lif formalarda g\u0259lirl\u0259r (ist\u0259k \u0259sas\u0131nda)\" \/>\n<meta property=\"og:url\" content=\"https:\/\/climatemaster.ge\/az\/product\/18922\/\" \/>\n<meta property=\"og:site_name\" content=\"Climate Master\" \/>\n<meta property=\"article:modified_time\" content=\"2025-02-25T19:30:16+00:00\" \/>\n<meta property=\"og:image\" content=\"https:\/\/climatemaster.ge\/wp-content\/uploads\/2025\/02\/ALPHAcoustic-AP.Tondo_.jpg\" \/>\n\t<meta property=\"og:image:width\" content=\"1920\" \/>\n\t<meta property=\"og:image:height\" content=\"1080\" \/>\n\t<meta property=\"og:image:type\" content=\"image\/jpeg\" \/>\n<meta name=\"twitter:card\" content=\"summary_large_image\" \/>\n<meta name=\"twitter:label1\" content=\"Est. reading time\" \/>\n\t<meta name=\"twitter:data1\" content=\"2 minutes\" \/>\n<script type=\"application\/ld+json\" class=\"yoast-schema-graph\">{\"@context\":\"https:\/\/schema.org\",\"@graph\":[{\"@type\":\"WebPage\",\"@id\":\"https:\/\/climatemaster.ge\/az\/product\/18922\/\",\"url\":\"https:\/\/climatemaster.ge\/az\/product\/18922\/\",\"name\":\"Akustik Panell\u0259r ALPHAcoustic \u2013 AP - Climate Master\",\"isPartOf\":{\"@id\":\"https:\/\/climatemaster.ge\/#website\"},\"primaryImageOfPage\":{\"@id\":\"https:\/\/climatemaster.ge\/az\/product\/18922\/#primaryimage\"},\"image\":{\"@id\":\"https:\/\/climatemaster.ge\/az\/product\/18922\/#primaryimage\"},\"thumbnailUrl\":\"https:\/\/climatemaster.ge\/wp-content\/uploads\/2025\/02\/ALPHAcoustic-AP.Tondo_.jpg\",\"datePublished\":\"2025-02-12T06:48:21+00:00\",\"dateModified\":\"2025-02-25T19:30:16+00:00\",\"breadcrumb\":{\"@id\":\"https:\/\/climatemaster.ge\/az\/product\/18922\/#breadcrumb\"},\"inLanguage\":\"az\",\"potentialAction\":[{\"@type\":\"ReadAction\",\"target\":[\"https:\/\/climatemaster.ge\/az\/product\/18922\/\"]}]},{\"@type\":\"ImageObject\",\"inLanguage\":\"az\",\"@id\":\"https:\/\/climatemaster.ge\/az\/product\/18922\/#primaryimage\",\"url\":\"https:\/\/climatemaster.ge\/wp-content\/uploads\/2025\/02\/ALPHAcoustic-AP.Tondo_.jpg\",\"contentUrl\":\"https:\/\/climatemaster.ge\/wp-content\/uploads\/2025\/02\/ALPHAcoustic-AP.Tondo_.jpg\",\"width\":1920,\"height\":1080},{\"@type\":\"BreadcrumbList\",\"@id\":\"https:\/\/climatemaster.ge\/az\/product\/18922\/#breadcrumb\",\"itemListElement\":[{\"@type\":\"ListItem\",\"position\":1,\"name\":\"Home\",\"item\":\"https:\/\/climatemaster.ge\/\"},{\"@type\":\"ListItem\",\"position\":2,\"name\":\"M\u0259hsullar\",\"item\":\"https:\/\/climatemaster.ge\/products\/\"},{\"@type\":\"ListItem\",\"position\":3,\"name\":\"Akustik Panell\u0259r ALPHAcoustic \u2013 AP\"}]},{\"@type\":\"WebSite\",\"@id\":\"https:\/\/climatemaster.ge\/#website\",\"url\":\"https:\/\/climatemaster.ge\/\",\"name\":\"Climate Master\",\"description\":\"\",\"publisher\":{\"@id\":\"https:\/\/climatemaster.ge\/#organization\"},\"potentialAction\":[{\"@type\":\"SearchAction\",\"target\":{\"@type\":\"EntryPoint\",\"urlTemplate\":\"https:\/\/climatemaster.ge\/?s={search_term_string}\"},\"query-input\":{\"@type\":\"PropertyValueSpecification\",\"valueRequired\":true,\"valueName\":\"search_term_string\"}}],\"inLanguage\":\"az\"},{\"@type\":\"Organization\",\"@id\":\"https:\/\/climatemaster.ge\/#organization\",\"name\":\"Climate Master\",\"url\":\"https:\/\/climatemaster.ge\/\",\"logo\":{\"@type\":\"ImageObject\",\"inLanguage\":\"az\",\"@id\":\"https:\/\/climatemaster.ge\/#\/schema\/logo\/image\/\",\"url\":\"https:\/\/climatemaster.ge\/wp-content\/uploads\/2026\/03\/Untitled-2.png\",\"contentUrl\":\"https:\/\/climatemaster.ge\/wp-content\/uploads\/2026\/03\/Untitled-2.png\",\"width\":600,\"height\":338,\"caption\":\"Climate Master\"},\"image\":{\"@id\":\"https:\/\/climatemaster.ge\/#\/schema\/logo\/image\/\"}}]}<\/script>\n<!-- \/ Yoast SEO plugin. -->","yoast_head_json":{"title":"Akustik Panell\u0259r ALPHAcoustic \u2013 AP - Climate Master","robots":{"index":"index","follow":"follow","max-snippet":"max-snippet:-1","max-image-preview":"max-image-preview:large","max-video-preview":"max-video-preview:-1"},"canonical":"https:\/\/climatemaster.ge\/az\/product\/18922\/","og_locale":"az_AZ","og_type":"article","og_title":"Akustik Panell\u0259r ALPHAcoustic \u2013 AP - Climate Master","og_description":"Kesiti\u00a0 \u00a0\u00a0\u018fyri  ALPHAcoustic \u2013 AP.Tondo \u0259yri x\u0259tl\u0259ri olan d\u00fczbucaql\u0131 akustik panell\u0259rdir. Z\u0259rif v\u0259 z\u0259rif forma il\u0259, Hamar v\u0259 axan Dizaynla dizayn edilmi\u015fdir. Rahatl\u0131q, t\u0259hl\u00fck\u0259sizlik, tan\u0131\u015fl\u0131q v\u0259 istirah\u0259t t\u0259klif ed\u0259n yum\u015faq \u0259yril\u0259r. Onlar insan b\u0259d\u0259ninin \u0259yril\u0259rini xat\u0131rlad\u0131rlar. \u018fsas X\u00fcsusiyy\u0259tl\u0259r:\u2013 N\u0259fis v\u0259 z\u0259rif\u2013 \u0130nsan b\u0259d\u0259ninin \u0259yril\u0259rini xat\u0131rladan rahatl\u0131q, t\u0259hl\u00fck\u0259sizlik, tan\u0131\u015fl\u0131q v\u0259 istirah\u0259t t\u0259klif ed\u0259n yum\u015faq \u0259yril\u0259r.\u2013 \u0130st\u0259nil\u0259n ya\u015fay\u0131\u015f sah\u0259sin\u0259 m\u00fck\u0259mm\u0259l uy\u011funla\u015fma bacar\u0131\u011f\u0131 \u2013 \u0130st\u0259nil\u0259n ya\u015fay\u0131\u015f sah\u0259sin\u0259 m\u00fck\u0259mm\u0259l uy\u011funla\u015fma bacar\u0131\u011f\u0131 Tipik \u00d6l\u00e7\u00fcl\u0259r: 60 x 60 sm v\u0259 ya daha qal\u0131n forma ist\u0259y\u0259 g\u00f6r\u0259 haz\u0131rlan\u0131r)Kvadrat, d\u00fczbucaql\u0131, ellips, yar\u0131mdair\u0259, \u00fc\u00e7bucaq, be\u015fbucaql\u0131, alt\u0131bucaql\u0131, yeddibucaql\u0131, s\u0259kkizbucaql\u0131 v\u0259 s. kimi m\u00fcxt\u0259lif formalarda g\u0259lirl\u0259r (ist\u0259k \u0259sas\u0131nda)","og_url":"https:\/\/climatemaster.ge\/az\/product\/18922\/","og_site_name":"Climate Master","article_modified_time":"2025-02-25T19:30:16+00:00","og_image":[{"width":1920,"height":1080,"url":"https:\/\/climatemaster.ge\/wp-content\/uploads\/2025\/02\/ALPHAcoustic-AP.Tondo_.jpg","type":"image\/jpeg"}],"twitter_card":"summary_large_image","twitter_misc":{"Est. reading time":"2 minutes"},"schema":{"@context":"https:\/\/schema.org","@graph":[{"@type":"WebPage","@id":"https:\/\/climatemaster.ge\/az\/product\/18922\/","url":"https:\/\/climatemaster.ge\/az\/product\/18922\/","name":"Akustik Panell\u0259r ALPHAcoustic \u2013 AP - Climate Master","isPartOf":{"@id":"https:\/\/climatemaster.ge\/#website"},"primaryImageOfPage":{"@id":"https:\/\/climatemaster.ge\/az\/product\/18922\/#primaryimage"},"image":{"@id":"https:\/\/climatemaster.ge\/az\/product\/18922\/#primaryimage"},"thumbnailUrl":"https:\/\/climatemaster.ge\/wp-content\/uploads\/2025\/02\/ALPHAcoustic-AP.Tondo_.jpg","datePublished":"2025-02-12T06:48:21+00:00","dateModified":"2025-02-25T19:30:16+00:00","breadcrumb":{"@id":"https:\/\/climatemaster.ge\/az\/product\/18922\/#breadcrumb"},"inLanguage":"az","potentialAction":[{"@type":"ReadAction","target":["https:\/\/climatemaster.ge\/az\/product\/18922\/"]}]},{"@type":"ImageObject","inLanguage":"az","@id":"https:\/\/climatemaster.ge\/az\/product\/18922\/#primaryimage","url":"https:\/\/climatemaster.ge\/wp-content\/uploads\/2025\/02\/ALPHAcoustic-AP.Tondo_.jpg","contentUrl":"https:\/\/climatemaster.ge\/wp-content\/uploads\/2025\/02\/ALPHAcoustic-AP.Tondo_.jpg","width":1920,"height":1080},{"@type":"BreadcrumbList","@id":"https:\/\/climatemaster.ge\/az\/product\/18922\/#breadcrumb","itemListElement":[{"@type":"ListItem","position":1,"name":"Home","item":"https:\/\/climatemaster.ge\/"},{"@type":"ListItem","position":2,"name":"M\u0259hsullar","item":"https:\/\/climatemaster.ge\/products\/"},{"@type":"ListItem","position":3,"name":"Akustik Panell\u0259r ALPHAcoustic \u2013 AP"}]},{"@type":"WebSite","@id":"https:\/\/climatemaster.ge\/#website","url":"https:\/\/climatemaster.ge\/","name":"Climate Master","description":"","publisher":{"@id":"https:\/\/climatemaster.ge\/#organization"},"potentialAction":[{"@type":"SearchAction","target":{"@type":"EntryPoint","urlTemplate":"https:\/\/climatemaster.ge\/?s={search_term_string}"},"query-input":{"@type":"PropertyValueSpecification","valueRequired":true,"valueName":"search_term_string"}}],"inLanguage":"az"},{"@type":"Organization","@id":"https:\/\/climatemaster.ge\/#organization","name":"Climate Master","url":"https:\/\/climatemaster.ge\/","logo":{"@type":"ImageObject","inLanguage":"az","@id":"https:\/\/climatemaster.ge\/#\/schema\/logo\/image\/","url":"https:\/\/climatemaster.ge\/wp-content\/uploads\/2026\/03\/Untitled-2.png","contentUrl":"https:\/\/climatemaster.ge\/wp-content\/uploads\/2026\/03\/Untitled-2.png","width":600,"height":338,"caption":"Climate Master"},"image":{"@id":"https:\/\/climatemaster.ge\/#\/schema\/logo\/image\/"}}]}},"_links":{"self":[{"href":"https:\/\/climatemaster.ge\/az\/wp-json\/wp\/v2\/product\/23781","targetHints":{"allow":["GET"]}}],"collection":[{"href":"https:\/\/climatemaster.ge\/az\/wp-json\/wp\/v2\/product"}],"about":[{"href":"https:\/\/climatemaster.ge\/az\/wp-json\/wp\/v2\/types\/product"}],"wp:featuredmedia":[{"embeddable":true,"href":"https:\/\/climatemaster.ge\/az\/wp-json\/wp\/v2\/media\/22821"}],"wp:attachment":[{"href":"https:\/\/climatemaster.ge\/az\/wp-json\/wp\/v2\/media?parent=23781"}],"wp:term":[{"taxonomy":"product_brand","embeddable":true,"href":"https:\/\/climatemaster.ge\/az\/wp-json\/wp\/v2\/product_brand?post=23781"},{"taxonomy":"product_cat","embeddable":true,"href":"https:\/\/climatemaster.ge\/az\/wp-json\/wp\/v2\/product_cat?post=23781"},{"taxonomy":"product_tag","embeddable":true,"href":"https:\/\/climatemaster.ge\/az\/wp-json\/wp\/v2\/product_tag?post=23781"}],"curies":[{"name":"wp","href":"https:\/\/api.w.org\/{rel}","templated":true}]}}