{"id":23763,"date":"2025-02-07T15:30:41","date_gmt":"2025-02-07T11:30:41","guid":{"rendered":"https:\/\/airsystems.ge\/shop\/product\/17130\/"},"modified":"2025-02-26T00:24:31","modified_gmt":"2025-02-25T20:24:31","slug":"17130","status":"publish","type":"product","link":"https:\/\/climatemaster.ge\/az\/product\/17130\/","title":{"rendered":"Vibro-CH.mini 2 : \u0130kiqat Vibro-mini il\u0259 Anti-Vibrasiya Ask\u0131lar\u0131"},"content":{"rendered":"<p><strong><img loading=\"lazy\" decoding=\"async\" class=\"alignnone wp-image-13277 size-full\" title=\"Vibro-CH mini 2 - Selection Table\" src=\"https:\/\/antivibration-systems.com\/wp-content\/uploads\/2024\/09\/ch-mini-2-selection-table-e1726763925902.jpg\" sizes=\"auto, (max-width: 506px) 100vw, 506px\" srcset=\"https:\/\/antivibration-systems.com\/wp-content\/uploads\/2024\/09\/ch-mini-2-selection-table-e1726763925902.jpg 506w, https:\/\/antivibration-systems.com\/wp-content\/uploads\/2024\/09\/ch-mini-2-selection-table-e1726763925902-300x84.jpg 300w\" alt=\"Vibro-CH mini 2 - Selection Table\" width=\"506\" height=\"141\" \/><\/strong><\/p>\n","protected":false},"excerpt":{"rendered":"<p>Vibro-CH mini 2 \u00fcz\u0259n s\u0259s ke\u00e7irm\u0259y\u0259n tavanlar v\u0259 borular v\u0259 hava kanallar\u0131 kimi dig\u0259r mexaniki avadanl\u0131qlar \u00fc\u00e7\u00fcn vibrasiya \u0259leyhin\u0259 asmad\u0131r. Vibro-mini-d\u0259n ikiqat vibrasiya \u0259leyhin\u0259 elastik element\u0259 malikdir.<\/p>\n<p>Vibro-CH.mini 2, \u00fcz\u0259n asma tavanlardan vibrasiyalar\u0131 t\u0259crid etm\u0259kd\u0259n \u0259sas istifad\u0259 ed\u0259n vibrasiya \u0259leyhin\u0259 asmad\u0131r. Asq\u0131n\u0131n malik oldu\u011fu \u0259sas vibrasiya \u0259leyhin\u0259 element ikiqat elastik Vibro-minidir. Onun \u0259sas \u00e7\u0259r\u00e7iv\u0259si boyal\u0131 \u00f6rt\u00fckl\u00fc polad \u00e7\u0259r\u00e7iv\u0259d\u0259n v\u0259 ya uy\u011fun \u015f\u0259kild\u0259 qatlanm\u0131\u015f sinkl\u0259nmi\u015f t\u0259b\u0259q\u0259d\u0259n ibar\u0259tdir.<\/p>\n<p>Bu \u00e7\u0259r\u00e7iv\u0259nin yuxar\u0131 v\u0259 a\u015fa\u011f\u0131 hiss\u0259sind\u0259 m\u0259hsulun vibrasiyaya qar\u015f\u0131 \u0259sas\u0131n\u0131 t\u0259\u015fkil ed\u0259n iki elastik \u0259sas yerl\u0259\u015fdirilir. Bu elastik ba\u011flay\u0131c\u0131lar y\u00fckd\u0259n iki d\u0259f\u0259 \u00e7ox \u0259yilm\u0259 v\u0259 eyni zamanda vibrasiya \u00f6t\u00fcr\u00fclm\u0259sind\u0259 daha \u00e7ox azalma t\u0259min etm\u0259k \u00fcst\u00fcnl\u00fcy\u00fcn\u0259 malikdir. Asma vintl\u0259r\/siml\u0259r h\u0259r bir layih\u0259nin ehtiyaclar\u0131na uy\u011fun olaraq m\u00fcvafiq uzunluqda M8 ola bil\u0259r (daxil deyil).<\/p>\n<p>T\u018fTB\u0130Q<\/p>\n<p>\u018fsas istifad\u0259l\u0259r vibrasiya \u0259leyhin\u0259 s\u00fcspansiyonlard\u0131r:<\/p>\n<p>\u00fcz\u0259n s\u0259s ke\u00e7irm\u0259y\u0259n asma tavanlar<br \/>\nf\u0131rlanan ma\u015f\u0131n<br \/>\nvibrasiyal\u0131 maye \u00f6t\u00fcrm\u0259 borular\u0131<br \/>\nkondisioner kanallar\u0131 v\u0259 s.<\/p>\n","protected":false},"featured_media":22170,"template":"","meta":[],"product_brand":[],"product_cat":[927],"product_tag":[],"class_list":{"0":"post-23763","1":"product","2":"type-product","3":"status-publish","4":"has-post-thumbnail","6":"product_cat-vibrasiya-anti-ss-kuy-akustik-az","8":"first","9":"instock","10":"shipping-taxable","11":"product-type-simple"},"yoast_head":"<!-- This site is optimized with the Yoast SEO plugin v27.1.1 - https:\/\/yoast.com\/product\/yoast-seo-wordpress\/ -->\n<title>Vibro-CH.mini 2 : \u0130kiqat Vibro-mini il\u0259 Anti-Vibrasiya Ask\u0131lar\u0131 - Climate Master<\/title>\n<meta name=\"robots\" content=\"index, follow, max-snippet:-1, max-image-preview:large, max-video-preview:-1\" \/>\n<link rel=\"canonical\" href=\"https:\/\/climatemaster.ge\/product\/17130\/\" \/>\n<meta property=\"og:locale\" content=\"az_AZ\" \/>\n<meta property=\"og:type\" content=\"article\" \/>\n<meta property=\"og:title\" content=\"Vibro-CH.mini 2 : \u0130kiqat Vibro-mini il\u0259 Anti-Vibrasiya Ask\u0131lar\u0131 - Climate Master\" \/>\n<meta property=\"og:description\" content=\"Vibro-CH mini 2 \u00fcz\u0259n s\u0259s ke\u00e7irm\u0259y\u0259n tavanlar v\u0259 borular v\u0259 hava kanallar\u0131 kimi dig\u0259r mexaniki avadanl\u0131qlar \u00fc\u00e7\u00fcn vibrasiya \u0259leyhin\u0259 asmad\u0131r. Vibro-mini-d\u0259n ikiqat vibrasiya \u0259leyhin\u0259 elastik element\u0259 malikdir.  Vibro-CH.mini 2, \u00fcz\u0259n asma tavanlardan vibrasiyalar\u0131 t\u0259crid etm\u0259kd\u0259n \u0259sas istifad\u0259 ed\u0259n vibrasiya \u0259leyhin\u0259 asmad\u0131r. Asq\u0131n\u0131n malik oldu\u011fu \u0259sas vibrasiya \u0259leyhin\u0259 element ikiqat elastik Vibro-minidir. Onun \u0259sas \u00e7\u0259r\u00e7iv\u0259si boyal\u0131 \u00f6rt\u00fckl\u00fc polad \u00e7\u0259r\u00e7iv\u0259d\u0259n v\u0259 ya uy\u011fun \u015f\u0259kild\u0259 qatlanm\u0131\u015f sinkl\u0259nmi\u015f t\u0259b\u0259q\u0259d\u0259n ibar\u0259tdir.  Bu \u00e7\u0259r\u00e7iv\u0259nin yuxar\u0131 v\u0259 a\u015fa\u011f\u0131 hiss\u0259sind\u0259 m\u0259hsulun vibrasiyaya qar\u015f\u0131 \u0259sas\u0131n\u0131 t\u0259\u015fkil ed\u0259n iki elastik \u0259sas yerl\u0259\u015fdirilir. Bu elastik ba\u011flay\u0131c\u0131lar y\u00fckd\u0259n iki d\u0259f\u0259 \u00e7ox \u0259yilm\u0259 v\u0259 eyni zamanda vibrasiya \u00f6t\u00fcr\u00fclm\u0259sind\u0259 daha \u00e7ox azalma t\u0259min etm\u0259k \u00fcst\u00fcnl\u00fcy\u00fcn\u0259 malikdir. Asma vintl\u0259r\/siml\u0259r h\u0259r bir layih\u0259nin ehtiyaclar\u0131na uy\u011fun olaraq m\u00fcvafiq uzunluqda M8 ola bil\u0259r (daxil deyil).  T\u018fTB\u0130Q  \u018fsas istifad\u0259l\u0259r vibrasiya \u0259leyhin\u0259 s\u00fcspansiyonlard\u0131r:  \u00fcz\u0259n s\u0259s ke\u00e7irm\u0259y\u0259n asma tavanlar f\u0131rlanan ma\u015f\u0131n vibrasiyal\u0131 maye \u00f6t\u00fcrm\u0259 borular\u0131 kondisioner kanallar\u0131 v\u0259 s.\" \/>\n<meta property=\"og:url\" content=\"https:\/\/climatemaster.ge\/product\/17130\/\" \/>\n<meta property=\"og:site_name\" content=\"Climate Master\" \/>\n<meta property=\"article:modified_time\" content=\"2025-02-25T20:24:31+00:00\" \/>\n<meta property=\"og:image\" content=\"https:\/\/climatemaster.ge\/wp-content\/uploads\/2025\/02\/ch.mini_.2.300x300.jpg\" \/>\n\t<meta property=\"og:image:width\" content=\"300\" \/>\n\t<meta property=\"og:image:height\" content=\"300\" \/>\n\t<meta property=\"og:image:type\" content=\"image\/jpeg\" \/>\n<meta name=\"twitter:card\" content=\"summary_large_image\" \/>\n<script type=\"application\/ld+json\" class=\"yoast-schema-graph\">{\"@context\":\"https:\/\/schema.org\",\"@graph\":[{\"@type\":\"WebPage\",\"@id\":\"https:\/\/climatemaster.ge\/product\/17130\/\",\"url\":\"https:\/\/climatemaster.ge\/product\/17130\/\",\"name\":\"Vibro-CH.mini 2 : \u0130kiqat Vibro-mini il\u0259 Anti-Vibrasiya Ask\u0131lar\u0131 - Climate Master\",\"isPartOf\":{\"@id\":\"https:\/\/climatemaster.ge\/#website\"},\"primaryImageOfPage\":{\"@id\":\"https:\/\/climatemaster.ge\/product\/17130\/#primaryimage\"},\"image\":{\"@id\":\"https:\/\/climatemaster.ge\/product\/17130\/#primaryimage\"},\"thumbnailUrl\":\"https:\/\/climatemaster.ge\/wp-content\/uploads\/2025\/02\/ch.mini_.2.300x300.jpg\",\"datePublished\":\"2025-02-07T11:30:41+00:00\",\"dateModified\":\"2025-02-25T20:24:31+00:00\",\"breadcrumb\":{\"@id\":\"https:\/\/climatemaster.ge\/product\/17130\/#breadcrumb\"},\"inLanguage\":\"az\",\"potentialAction\":[{\"@type\":\"ReadAction\",\"target\":[\"https:\/\/climatemaster.ge\/product\/17130\/\"]}]},{\"@type\":\"ImageObject\",\"inLanguage\":\"az\",\"@id\":\"https:\/\/climatemaster.ge\/product\/17130\/#primaryimage\",\"url\":\"https:\/\/climatemaster.ge\/wp-content\/uploads\/2025\/02\/ch.mini_.2.300x300.jpg\",\"contentUrl\":\"https:\/\/climatemaster.ge\/wp-content\/uploads\/2025\/02\/ch.mini_.2.300x300.jpg\",\"width\":300,\"height\":300},{\"@type\":\"BreadcrumbList\",\"@id\":\"https:\/\/climatemaster.ge\/product\/17130\/#breadcrumb\",\"itemListElement\":[{\"@type\":\"ListItem\",\"position\":1,\"name\":\"Home\",\"item\":\"https:\/\/climatemaster.ge\/\"},{\"@type\":\"ListItem\",\"position\":2,\"name\":\"M\u0259hsullar\",\"item\":\"https:\/\/climatemaster.ge\/products\/\"},{\"@type\":\"ListItem\",\"position\":3,\"name\":\"Vibro-CH.mini 2 : \u0130kiqat Vibro-mini il\u0259 Anti-Vibrasiya Ask\u0131lar\u0131\"}]},{\"@type\":\"WebSite\",\"@id\":\"https:\/\/climatemaster.ge\/#website\",\"url\":\"https:\/\/climatemaster.ge\/\",\"name\":\"Climate Master\",\"description\":\"\",\"publisher\":{\"@id\":\"https:\/\/climatemaster.ge\/#organization\"},\"potentialAction\":[{\"@type\":\"SearchAction\",\"target\":{\"@type\":\"EntryPoint\",\"urlTemplate\":\"https:\/\/climatemaster.ge\/?s={search_term_string}\"},\"query-input\":{\"@type\":\"PropertyValueSpecification\",\"valueRequired\":true,\"valueName\":\"search_term_string\"}}],\"inLanguage\":\"az\"},{\"@type\":\"Organization\",\"@id\":\"https:\/\/climatemaster.ge\/#organization\",\"name\":\"Climate Master\",\"url\":\"https:\/\/climatemaster.ge\/\",\"logo\":{\"@type\":\"ImageObject\",\"inLanguage\":\"az\",\"@id\":\"https:\/\/climatemaster.ge\/#\/schema\/logo\/image\/\",\"url\":\"https:\/\/climatemaster.ge\/wp-content\/uploads\/2026\/03\/Untitled-2.png\",\"contentUrl\":\"https:\/\/climatemaster.ge\/wp-content\/uploads\/2026\/03\/Untitled-2.png\",\"width\":600,\"height\":338,\"caption\":\"Climate Master\"},\"image\":{\"@id\":\"https:\/\/climatemaster.ge\/#\/schema\/logo\/image\/\"}}]}<\/script>\n<!-- \/ Yoast SEO plugin. -->","yoast_head_json":{"title":"Vibro-CH.mini 2 : \u0130kiqat Vibro-mini il\u0259 Anti-Vibrasiya Ask\u0131lar\u0131 - Climate Master","robots":{"index":"index","follow":"follow","max-snippet":"max-snippet:-1","max-image-preview":"max-image-preview:large","max-video-preview":"max-video-preview:-1"},"canonical":"https:\/\/climatemaster.ge\/product\/17130\/","og_locale":"az_AZ","og_type":"article","og_title":"Vibro-CH.mini 2 : \u0130kiqat Vibro-mini il\u0259 Anti-Vibrasiya Ask\u0131lar\u0131 - Climate Master","og_description":"Vibro-CH mini 2 \u00fcz\u0259n s\u0259s ke\u00e7irm\u0259y\u0259n tavanlar v\u0259 borular v\u0259 hava kanallar\u0131 kimi dig\u0259r mexaniki avadanl\u0131qlar \u00fc\u00e7\u00fcn vibrasiya \u0259leyhin\u0259 asmad\u0131r. Vibro-mini-d\u0259n ikiqat vibrasiya \u0259leyhin\u0259 elastik element\u0259 malikdir.  Vibro-CH.mini 2, \u00fcz\u0259n asma tavanlardan vibrasiyalar\u0131 t\u0259crid etm\u0259kd\u0259n \u0259sas istifad\u0259 ed\u0259n vibrasiya \u0259leyhin\u0259 asmad\u0131r. Asq\u0131n\u0131n malik oldu\u011fu \u0259sas vibrasiya \u0259leyhin\u0259 element ikiqat elastik Vibro-minidir. Onun \u0259sas \u00e7\u0259r\u00e7iv\u0259si boyal\u0131 \u00f6rt\u00fckl\u00fc polad \u00e7\u0259r\u00e7iv\u0259d\u0259n v\u0259 ya uy\u011fun \u015f\u0259kild\u0259 qatlanm\u0131\u015f sinkl\u0259nmi\u015f t\u0259b\u0259q\u0259d\u0259n ibar\u0259tdir.  Bu \u00e7\u0259r\u00e7iv\u0259nin yuxar\u0131 v\u0259 a\u015fa\u011f\u0131 hiss\u0259sind\u0259 m\u0259hsulun vibrasiyaya qar\u015f\u0131 \u0259sas\u0131n\u0131 t\u0259\u015fkil ed\u0259n iki elastik \u0259sas yerl\u0259\u015fdirilir. Bu elastik ba\u011flay\u0131c\u0131lar y\u00fckd\u0259n iki d\u0259f\u0259 \u00e7ox \u0259yilm\u0259 v\u0259 eyni zamanda vibrasiya \u00f6t\u00fcr\u00fclm\u0259sind\u0259 daha \u00e7ox azalma t\u0259min etm\u0259k \u00fcst\u00fcnl\u00fcy\u00fcn\u0259 malikdir. Asma vintl\u0259r\/siml\u0259r h\u0259r bir layih\u0259nin ehtiyaclar\u0131na uy\u011fun olaraq m\u00fcvafiq uzunluqda M8 ola bil\u0259r (daxil deyil).  T\u018fTB\u0130Q  \u018fsas istifad\u0259l\u0259r vibrasiya \u0259leyhin\u0259 s\u00fcspansiyonlard\u0131r:  \u00fcz\u0259n s\u0259s ke\u00e7irm\u0259y\u0259n asma tavanlar f\u0131rlanan ma\u015f\u0131n vibrasiyal\u0131 maye \u00f6t\u00fcrm\u0259 borular\u0131 kondisioner kanallar\u0131 v\u0259 s.","og_url":"https:\/\/climatemaster.ge\/product\/17130\/","og_site_name":"Climate Master","article_modified_time":"2025-02-25T20:24:31+00:00","og_image":[{"width":300,"height":300,"url":"https:\/\/climatemaster.ge\/wp-content\/uploads\/2025\/02\/ch.mini_.2.300x300.jpg","type":"image\/jpeg"}],"twitter_card":"summary_large_image","schema":{"@context":"https:\/\/schema.org","@graph":[{"@type":"WebPage","@id":"https:\/\/climatemaster.ge\/product\/17130\/","url":"https:\/\/climatemaster.ge\/product\/17130\/","name":"Vibro-CH.mini 2 : \u0130kiqat Vibro-mini il\u0259 Anti-Vibrasiya Ask\u0131lar\u0131 - Climate Master","isPartOf":{"@id":"https:\/\/climatemaster.ge\/#website"},"primaryImageOfPage":{"@id":"https:\/\/climatemaster.ge\/product\/17130\/#primaryimage"},"image":{"@id":"https:\/\/climatemaster.ge\/product\/17130\/#primaryimage"},"thumbnailUrl":"https:\/\/climatemaster.ge\/wp-content\/uploads\/2025\/02\/ch.mini_.2.300x300.jpg","datePublished":"2025-02-07T11:30:41+00:00","dateModified":"2025-02-25T20:24:31+00:00","breadcrumb":{"@id":"https:\/\/climatemaster.ge\/product\/17130\/#breadcrumb"},"inLanguage":"az","potentialAction":[{"@type":"ReadAction","target":["https:\/\/climatemaster.ge\/product\/17130\/"]}]},{"@type":"ImageObject","inLanguage":"az","@id":"https:\/\/climatemaster.ge\/product\/17130\/#primaryimage","url":"https:\/\/climatemaster.ge\/wp-content\/uploads\/2025\/02\/ch.mini_.2.300x300.jpg","contentUrl":"https:\/\/climatemaster.ge\/wp-content\/uploads\/2025\/02\/ch.mini_.2.300x300.jpg","width":300,"height":300},{"@type":"BreadcrumbList","@id":"https:\/\/climatemaster.ge\/product\/17130\/#breadcrumb","itemListElement":[{"@type":"ListItem","position":1,"name":"Home","item":"https:\/\/climatemaster.ge\/"},{"@type":"ListItem","position":2,"name":"M\u0259hsullar","item":"https:\/\/climatemaster.ge\/products\/"},{"@type":"ListItem","position":3,"name":"Vibro-CH.mini 2 : \u0130kiqat Vibro-mini il\u0259 Anti-Vibrasiya Ask\u0131lar\u0131"}]},{"@type":"WebSite","@id":"https:\/\/climatemaster.ge\/#website","url":"https:\/\/climatemaster.ge\/","name":"Climate Master","description":"","publisher":{"@id":"https:\/\/climatemaster.ge\/#organization"},"potentialAction":[{"@type":"SearchAction","target":{"@type":"EntryPoint","urlTemplate":"https:\/\/climatemaster.ge\/?s={search_term_string}"},"query-input":{"@type":"PropertyValueSpecification","valueRequired":true,"valueName":"search_term_string"}}],"inLanguage":"az"},{"@type":"Organization","@id":"https:\/\/climatemaster.ge\/#organization","name":"Climate Master","url":"https:\/\/climatemaster.ge\/","logo":{"@type":"ImageObject","inLanguage":"az","@id":"https:\/\/climatemaster.ge\/#\/schema\/logo\/image\/","url":"https:\/\/climatemaster.ge\/wp-content\/uploads\/2026\/03\/Untitled-2.png","contentUrl":"https:\/\/climatemaster.ge\/wp-content\/uploads\/2026\/03\/Untitled-2.png","width":600,"height":338,"caption":"Climate Master"},"image":{"@id":"https:\/\/climatemaster.ge\/#\/schema\/logo\/image\/"}}]}},"_links":{"self":[{"href":"https:\/\/climatemaster.ge\/az\/wp-json\/wp\/v2\/product\/23763","targetHints":{"allow":["GET"]}}],"collection":[{"href":"https:\/\/climatemaster.ge\/az\/wp-json\/wp\/v2\/product"}],"about":[{"href":"https:\/\/climatemaster.ge\/az\/wp-json\/wp\/v2\/types\/product"}],"wp:featuredmedia":[{"embeddable":true,"href":"https:\/\/climatemaster.ge\/az\/wp-json\/wp\/v2\/media\/22170"}],"wp:attachment":[{"href":"https:\/\/climatemaster.ge\/az\/wp-json\/wp\/v2\/media?parent=23763"}],"wp:term":[{"taxonomy":"product_brand","embeddable":true,"href":"https:\/\/climatemaster.ge\/az\/wp-json\/wp\/v2\/product_brand?post=23763"},{"taxonomy":"product_cat","embeddable":true,"href":"https:\/\/climatemaster.ge\/az\/wp-json\/wp\/v2\/product_cat?post=23763"},{"taxonomy":"product_tag","embeddable":true,"href":"https:\/\/climatemaster.ge\/az\/wp-json\/wp\/v2\/product_tag?post=23763"}],"curies":[{"name":"wp","href":"https:\/\/api.w.org\/{rel}","templated":true}]}}