{"id":23754,"date":"2025-02-07T15:45:28","date_gmt":"2025-02-07T11:45:28","guid":{"rendered":"https:\/\/airsystems.ge\/shop\/product\/vibro-bl-mini-vibration-isolation-wall-brace\/"},"modified":"2025-02-26T00:24:31","modified_gmt":"2025-02-25T20:24:31","slug":"vibro-bl-mini-vibration-isolation-wall-brace","status":"publish","type":"product","link":"https:\/\/climatemaster.ge\/az\/product\/vibro-bl-mini-vibration-isolation-wall-brace\/","title":{"rendered":"Vibro BL.mini: Vibrasiyadan \u0130zolyasiya Divar\u0131"},"content":{"rendered":"<p><img loading=\"lazy\" decoding=\"async\" class=\"alignnone size-full wp-image-13195\" src=\"https:\/\/antivibration-systems.com\/wp-content\/uploads\/2024\/09\/Vibro-BL.mini-Selection-Table-e1725989809474.jpg\" alt=\"Vibro-BL.mini Selection Table\" width=\"521\" height=\"201\" \/><\/p>\n","protected":false},"excerpt":{"rendered":"<p>Vibro-BL.mini, \u00fcz\u0259n al\u00e7\u0131pan t\u0259tbiql\u0259rind\u0259 istifad\u0259 olunan vibrasiya izolyasiya ed\u0259n divar daya\u011f\u0131d\u0131r. Vibro-mini rezin vibrasiya izolyatorundan istifad\u0259 ed\u0259r\u0259k L formal\u0131 metal \u00e7\u0259r\u00e7iv\u0259d\u0259n ibar\u0259tdir.<\/p>\n<p>Vibro-BL.mini vibrasiya izolyasiya ed\u0259n divar daya\u011f\u0131d\u0131r. L formal\u0131 metal \u00e7\u0259r\u00e7iv\u0259d\u0259 t\u0259tbiq\u0259 uy\u011fun olaraq daha asan qura\u015fd\u0131rma \u00fc\u00e7\u00fcn m\u00fcxt\u0259lif perforasiyalar var.<\/p>\n<p>X\u00fcsusi rezin vibrasiya izolyator daya\u011f\u0131, Vibro-mini, \u0259sas\u0259n s\u0131x\u0131lma v\u0259 g\u0259rginlik q\u00fcvv\u0259l\u0259rini udmaq \u00fc\u00e7\u00fcn \u00e7\u00f6ld\u0259 yerl\u0259\u015fir. Ke\u00e7id vida metal \u00e7\u0259r\u00e7iv\u0259 il\u0259 t\u0259masdan qa\u00e7\u0131nmaq \u00fc\u00e7\u00fcn diqq\u0259tl\u0259 yerl\u0259\u015fdirilir ki, s\u0259s k\u00f6rp\u00fcs\u00fc yaranm\u0131r.<\/p>\n<p>Vibro-BL.mini vibrasiya \u0259leyhin\u0259 divar m\u00f6t\u0259riz\u0259l\u0259ri titr\u0259m\u0259 \u0259leyhin\u0259 yast\u0131qlara qura\u015fd\u0131r\u0131lm\u0131\u015f v\u0259 ya \u00fcz\u0259n d\u00f6\u015f\u0259m\u0259l\u0259r\u0259 \u0259saslanan iri miqyasl\u0131 h\u00fcnd\u00fcr gips karton divarlar\u0131n\u0131n struktur b\u00fct\u00f6vl\u00fcy\u00fcn\u00fc art\u0131rmaq \u00fc\u00e7\u00fcn istifad\u0259 olunur.<\/p>\n<p>Bu vibrasiya izolyatoru \u0259sas\u0259n ikiqat divarlar aras\u0131nda birba\u015fa \u0259laq\u0259nin qar\u015f\u0131s\u0131n\u0131 almaq v\u0259 onlar\u0131n s\u0259rtliyini art\u0131rmaq \u00fc\u00e7\u00fcn istifad\u0259 olunur. \u018flav\u0259 \u00fcst\u00fcnl\u00fcy\u00fc ondan ibar\u0259tdir ki, onlar z\u0259lz\u0259l\u0259 zaman\u0131 divarlar\u0131n b\u00fck\u00fclm\u0259sinin d\u0259 qar\u015f\u0131s\u0131n\u0131 al\u0131r. Bu, h\u0259m d\u0259 t\u0259kmil s\u0259s izolyasiyas\u0131 \u00fc\u00e7\u00fcn ikinci d\u0259r\u0259c\u0259li divar t\u0259tbiq edildikd\u0259 faydal\u0131d\u0131r, burada s\u0259rt birl\u0259\u015fm\u0259l\u0259r arzuolunmaz s\u0259s k\u00f6rp\u00fcl\u0259rin\u0259 s\u0259b\u0259b olur v\u0259 son s\u0259s izolyasiyas\u0131n\u0131 pozar.<\/p>\n<p>Vibro-BL.mini plastik t\u0131xac v\u0259 vint (daxil deyil) istifad\u0259 ed\u0259r\u0259k, m\u00f6vcud k\u0259rpic divara asanl\u0131qla qura\u015fd\u0131r\u0131la v\u0259 ya taxta v\u0259 ya metal \u00e7\u0259r\u00e7iv\u0259y\u0259 vidalana bil\u0259r.<\/p>\n","protected":false},"featured_media":22174,"template":"","meta":[],"product_brand":[],"product_cat":[927],"product_tag":[],"class_list":{"0":"post-23754","1":"product","2":"type-product","3":"status-publish","4":"has-post-thumbnail","6":"product_cat-vibrasiya-anti-ss-kuy-akustik-az","8":"first","9":"instock","10":"shipping-taxable","11":"product-type-simple"},"yoast_head":"<!-- This site is optimized with the Yoast SEO plugin v27.1.1 - https:\/\/yoast.com\/product\/yoast-seo-wordpress\/ -->\n<title>Vibro BL.mini: Vibrasiyadan \u0130zolyasiya Divar\u0131 - Climate Master<\/title>\n<meta name=\"robots\" content=\"index, follow, max-snippet:-1, max-image-preview:large, max-video-preview:-1\" \/>\n<link rel=\"canonical\" href=\"https:\/\/climatemaster.ge\/az\/product\/vibro-bl-mini-vibration-isolation-wall-brace\/\" \/>\n<meta property=\"og:locale\" content=\"az_AZ\" \/>\n<meta property=\"og:type\" content=\"article\" \/>\n<meta property=\"og:title\" content=\"Vibro BL.mini: Vibrasiyadan \u0130zolyasiya Divar\u0131 - Climate Master\" \/>\n<meta property=\"og:description\" content=\"Vibro-BL.mini, \u00fcz\u0259n al\u00e7\u0131pan t\u0259tbiql\u0259rind\u0259 istifad\u0259 olunan vibrasiya izolyasiya ed\u0259n divar daya\u011f\u0131d\u0131r. Vibro-mini rezin vibrasiya izolyatorundan istifad\u0259 ed\u0259r\u0259k L formal\u0131 metal \u00e7\u0259r\u00e7iv\u0259d\u0259n ibar\u0259tdir.  Vibro-BL.mini vibrasiya izolyasiya ed\u0259n divar daya\u011f\u0131d\u0131r. L formal\u0131 metal \u00e7\u0259r\u00e7iv\u0259d\u0259 t\u0259tbiq\u0259 uy\u011fun olaraq daha asan qura\u015fd\u0131rma \u00fc\u00e7\u00fcn m\u00fcxt\u0259lif perforasiyalar var.  X\u00fcsusi rezin vibrasiya izolyator daya\u011f\u0131, Vibro-mini, \u0259sas\u0259n s\u0131x\u0131lma v\u0259 g\u0259rginlik q\u00fcvv\u0259l\u0259rini udmaq \u00fc\u00e7\u00fcn \u00e7\u00f6ld\u0259 yerl\u0259\u015fir. Ke\u00e7id vida metal \u00e7\u0259r\u00e7iv\u0259 il\u0259 t\u0259masdan qa\u00e7\u0131nmaq \u00fc\u00e7\u00fcn diqq\u0259tl\u0259 yerl\u0259\u015fdirilir ki, s\u0259s k\u00f6rp\u00fcs\u00fc yaranm\u0131r.  Vibro-BL.mini vibrasiya \u0259leyhin\u0259 divar m\u00f6t\u0259riz\u0259l\u0259ri titr\u0259m\u0259 \u0259leyhin\u0259 yast\u0131qlara qura\u015fd\u0131r\u0131lm\u0131\u015f v\u0259 ya \u00fcz\u0259n d\u00f6\u015f\u0259m\u0259l\u0259r\u0259 \u0259saslanan iri miqyasl\u0131 h\u00fcnd\u00fcr gips karton divarlar\u0131n\u0131n struktur b\u00fct\u00f6vl\u00fcy\u00fcn\u00fc art\u0131rmaq \u00fc\u00e7\u00fcn istifad\u0259 olunur.  Bu vibrasiya izolyatoru \u0259sas\u0259n ikiqat divarlar aras\u0131nda birba\u015fa \u0259laq\u0259nin qar\u015f\u0131s\u0131n\u0131 almaq v\u0259 onlar\u0131n s\u0259rtliyini art\u0131rmaq \u00fc\u00e7\u00fcn istifad\u0259 olunur. \u018flav\u0259 \u00fcst\u00fcnl\u00fcy\u00fc ondan ibar\u0259tdir ki, onlar z\u0259lz\u0259l\u0259 zaman\u0131 divarlar\u0131n b\u00fck\u00fclm\u0259sinin d\u0259 qar\u015f\u0131s\u0131n\u0131 al\u0131r. Bu, h\u0259m d\u0259 t\u0259kmil s\u0259s izolyasiyas\u0131 \u00fc\u00e7\u00fcn ikinci d\u0259r\u0259c\u0259li divar t\u0259tbiq edildikd\u0259 faydal\u0131d\u0131r, burada s\u0259rt birl\u0259\u015fm\u0259l\u0259r arzuolunmaz s\u0259s k\u00f6rp\u00fcl\u0259rin\u0259 s\u0259b\u0259b olur v\u0259 son s\u0259s izolyasiyas\u0131n\u0131 pozar.  Vibro-BL.mini plastik t\u0131xac v\u0259 vint (daxil deyil) istifad\u0259 ed\u0259r\u0259k, m\u00f6vcud k\u0259rpic divara asanl\u0131qla qura\u015fd\u0131r\u0131la v\u0259 ya taxta v\u0259 ya metal \u00e7\u0259r\u00e7iv\u0259y\u0259 vidalana bil\u0259r.\" \/>\n<meta property=\"og:url\" content=\"https:\/\/climatemaster.ge\/az\/product\/vibro-bl-mini-vibration-isolation-wall-brace\/\" \/>\n<meta property=\"og:site_name\" content=\"Climate Master\" \/>\n<meta property=\"article:modified_time\" content=\"2025-02-25T20:24:31+00:00\" \/>\n<meta property=\"og:image\" content=\"https:\/\/climatemaster.ge\/wp-content\/uploads\/2025\/02\/bl.mini_.300x300.jpg\" \/>\n\t<meta property=\"og:image:width\" content=\"300\" \/>\n\t<meta property=\"og:image:height\" content=\"300\" \/>\n\t<meta property=\"og:image:type\" content=\"image\/jpeg\" \/>\n<meta name=\"twitter:card\" content=\"summary_large_image\" \/>\n<script type=\"application\/ld+json\" class=\"yoast-schema-graph\">{\"@context\":\"https:\/\/schema.org\",\"@graph\":[{\"@type\":\"WebPage\",\"@id\":\"https:\/\/climatemaster.ge\/az\/product\/vibro-bl-mini-vibration-isolation-wall-brace\/\",\"url\":\"https:\/\/climatemaster.ge\/az\/product\/vibro-bl-mini-vibration-isolation-wall-brace\/\",\"name\":\"Vibro BL.mini: Vibrasiyadan \u0130zolyasiya Divar\u0131 - Climate Master\",\"isPartOf\":{\"@id\":\"https:\/\/climatemaster.ge\/#website\"},\"primaryImageOfPage\":{\"@id\":\"https:\/\/climatemaster.ge\/az\/product\/vibro-bl-mini-vibration-isolation-wall-brace\/#primaryimage\"},\"image\":{\"@id\":\"https:\/\/climatemaster.ge\/az\/product\/vibro-bl-mini-vibration-isolation-wall-brace\/#primaryimage\"},\"thumbnailUrl\":\"https:\/\/climatemaster.ge\/wp-content\/uploads\/2025\/02\/bl.mini_.300x300.jpg\",\"datePublished\":\"2025-02-07T11:45:28+00:00\",\"dateModified\":\"2025-02-25T20:24:31+00:00\",\"breadcrumb\":{\"@id\":\"https:\/\/climatemaster.ge\/az\/product\/vibro-bl-mini-vibration-isolation-wall-brace\/#breadcrumb\"},\"inLanguage\":\"az\",\"potentialAction\":[{\"@type\":\"ReadAction\",\"target\":[\"https:\/\/climatemaster.ge\/az\/product\/vibro-bl-mini-vibration-isolation-wall-brace\/\"]}]},{\"@type\":\"ImageObject\",\"inLanguage\":\"az\",\"@id\":\"https:\/\/climatemaster.ge\/az\/product\/vibro-bl-mini-vibration-isolation-wall-brace\/#primaryimage\",\"url\":\"https:\/\/climatemaster.ge\/wp-content\/uploads\/2025\/02\/bl.mini_.300x300.jpg\",\"contentUrl\":\"https:\/\/climatemaster.ge\/wp-content\/uploads\/2025\/02\/bl.mini_.300x300.jpg\",\"width\":300,\"height\":300},{\"@type\":\"BreadcrumbList\",\"@id\":\"https:\/\/climatemaster.ge\/az\/product\/vibro-bl-mini-vibration-isolation-wall-brace\/#breadcrumb\",\"itemListElement\":[{\"@type\":\"ListItem\",\"position\":1,\"name\":\"Home\",\"item\":\"https:\/\/climatemaster.ge\/\"},{\"@type\":\"ListItem\",\"position\":2,\"name\":\"M\u0259hsullar\",\"item\":\"https:\/\/climatemaster.ge\/products\/\"},{\"@type\":\"ListItem\",\"position\":3,\"name\":\"Vibro BL.mini: Vibrasiyadan \u0130zolyasiya Divar\u0131\"}]},{\"@type\":\"WebSite\",\"@id\":\"https:\/\/climatemaster.ge\/#website\",\"url\":\"https:\/\/climatemaster.ge\/\",\"name\":\"Climate Master\",\"description\":\"\",\"publisher\":{\"@id\":\"https:\/\/climatemaster.ge\/#organization\"},\"potentialAction\":[{\"@type\":\"SearchAction\",\"target\":{\"@type\":\"EntryPoint\",\"urlTemplate\":\"https:\/\/climatemaster.ge\/?s={search_term_string}\"},\"query-input\":{\"@type\":\"PropertyValueSpecification\",\"valueRequired\":true,\"valueName\":\"search_term_string\"}}],\"inLanguage\":\"az\"},{\"@type\":\"Organization\",\"@id\":\"https:\/\/climatemaster.ge\/#organization\",\"name\":\"Climate Master\",\"url\":\"https:\/\/climatemaster.ge\/\",\"logo\":{\"@type\":\"ImageObject\",\"inLanguage\":\"az\",\"@id\":\"https:\/\/climatemaster.ge\/#\/schema\/logo\/image\/\",\"url\":\"https:\/\/climatemaster.ge\/wp-content\/uploads\/2026\/03\/Untitled-2.png\",\"contentUrl\":\"https:\/\/climatemaster.ge\/wp-content\/uploads\/2026\/03\/Untitled-2.png\",\"width\":600,\"height\":338,\"caption\":\"Climate Master\"},\"image\":{\"@id\":\"https:\/\/climatemaster.ge\/#\/schema\/logo\/image\/\"}}]}<\/script>\n<!-- \/ Yoast SEO plugin. -->","yoast_head_json":{"title":"Vibro BL.mini: Vibrasiyadan \u0130zolyasiya Divar\u0131 - Climate Master","robots":{"index":"index","follow":"follow","max-snippet":"max-snippet:-1","max-image-preview":"max-image-preview:large","max-video-preview":"max-video-preview:-1"},"canonical":"https:\/\/climatemaster.ge\/az\/product\/vibro-bl-mini-vibration-isolation-wall-brace\/","og_locale":"az_AZ","og_type":"article","og_title":"Vibro BL.mini: Vibrasiyadan \u0130zolyasiya Divar\u0131 - Climate Master","og_description":"Vibro-BL.mini, \u00fcz\u0259n al\u00e7\u0131pan t\u0259tbiql\u0259rind\u0259 istifad\u0259 olunan vibrasiya izolyasiya ed\u0259n divar daya\u011f\u0131d\u0131r. Vibro-mini rezin vibrasiya izolyatorundan istifad\u0259 ed\u0259r\u0259k L formal\u0131 metal \u00e7\u0259r\u00e7iv\u0259d\u0259n ibar\u0259tdir.  Vibro-BL.mini vibrasiya izolyasiya ed\u0259n divar daya\u011f\u0131d\u0131r. L formal\u0131 metal \u00e7\u0259r\u00e7iv\u0259d\u0259 t\u0259tbiq\u0259 uy\u011fun olaraq daha asan qura\u015fd\u0131rma \u00fc\u00e7\u00fcn m\u00fcxt\u0259lif perforasiyalar var.  X\u00fcsusi rezin vibrasiya izolyator daya\u011f\u0131, Vibro-mini, \u0259sas\u0259n s\u0131x\u0131lma v\u0259 g\u0259rginlik q\u00fcvv\u0259l\u0259rini udmaq \u00fc\u00e7\u00fcn \u00e7\u00f6ld\u0259 yerl\u0259\u015fir. Ke\u00e7id vida metal \u00e7\u0259r\u00e7iv\u0259 il\u0259 t\u0259masdan qa\u00e7\u0131nmaq \u00fc\u00e7\u00fcn diqq\u0259tl\u0259 yerl\u0259\u015fdirilir ki, s\u0259s k\u00f6rp\u00fcs\u00fc yaranm\u0131r.  Vibro-BL.mini vibrasiya \u0259leyhin\u0259 divar m\u00f6t\u0259riz\u0259l\u0259ri titr\u0259m\u0259 \u0259leyhin\u0259 yast\u0131qlara qura\u015fd\u0131r\u0131lm\u0131\u015f v\u0259 ya \u00fcz\u0259n d\u00f6\u015f\u0259m\u0259l\u0259r\u0259 \u0259saslanan iri miqyasl\u0131 h\u00fcnd\u00fcr gips karton divarlar\u0131n\u0131n struktur b\u00fct\u00f6vl\u00fcy\u00fcn\u00fc art\u0131rmaq \u00fc\u00e7\u00fcn istifad\u0259 olunur.  Bu vibrasiya izolyatoru \u0259sas\u0259n ikiqat divarlar aras\u0131nda birba\u015fa \u0259laq\u0259nin qar\u015f\u0131s\u0131n\u0131 almaq v\u0259 onlar\u0131n s\u0259rtliyini art\u0131rmaq \u00fc\u00e7\u00fcn istifad\u0259 olunur. \u018flav\u0259 \u00fcst\u00fcnl\u00fcy\u00fc ondan ibar\u0259tdir ki, onlar z\u0259lz\u0259l\u0259 zaman\u0131 divarlar\u0131n b\u00fck\u00fclm\u0259sinin d\u0259 qar\u015f\u0131s\u0131n\u0131 al\u0131r. Bu, h\u0259m d\u0259 t\u0259kmil s\u0259s izolyasiyas\u0131 \u00fc\u00e7\u00fcn ikinci d\u0259r\u0259c\u0259li divar t\u0259tbiq edildikd\u0259 faydal\u0131d\u0131r, burada s\u0259rt birl\u0259\u015fm\u0259l\u0259r arzuolunmaz s\u0259s k\u00f6rp\u00fcl\u0259rin\u0259 s\u0259b\u0259b olur v\u0259 son s\u0259s izolyasiyas\u0131n\u0131 pozar.  Vibro-BL.mini plastik t\u0131xac v\u0259 vint (daxil deyil) istifad\u0259 ed\u0259r\u0259k, m\u00f6vcud k\u0259rpic divara asanl\u0131qla qura\u015fd\u0131r\u0131la v\u0259 ya taxta v\u0259 ya metal \u00e7\u0259r\u00e7iv\u0259y\u0259 vidalana bil\u0259r.","og_url":"https:\/\/climatemaster.ge\/az\/product\/vibro-bl-mini-vibration-isolation-wall-brace\/","og_site_name":"Climate Master","article_modified_time":"2025-02-25T20:24:31+00:00","og_image":[{"width":300,"height":300,"url":"https:\/\/climatemaster.ge\/wp-content\/uploads\/2025\/02\/bl.mini_.300x300.jpg","type":"image\/jpeg"}],"twitter_card":"summary_large_image","schema":{"@context":"https:\/\/schema.org","@graph":[{"@type":"WebPage","@id":"https:\/\/climatemaster.ge\/az\/product\/vibro-bl-mini-vibration-isolation-wall-brace\/","url":"https:\/\/climatemaster.ge\/az\/product\/vibro-bl-mini-vibration-isolation-wall-brace\/","name":"Vibro BL.mini: Vibrasiyadan \u0130zolyasiya Divar\u0131 - Climate Master","isPartOf":{"@id":"https:\/\/climatemaster.ge\/#website"},"primaryImageOfPage":{"@id":"https:\/\/climatemaster.ge\/az\/product\/vibro-bl-mini-vibration-isolation-wall-brace\/#primaryimage"},"image":{"@id":"https:\/\/climatemaster.ge\/az\/product\/vibro-bl-mini-vibration-isolation-wall-brace\/#primaryimage"},"thumbnailUrl":"https:\/\/climatemaster.ge\/wp-content\/uploads\/2025\/02\/bl.mini_.300x300.jpg","datePublished":"2025-02-07T11:45:28+00:00","dateModified":"2025-02-25T20:24:31+00:00","breadcrumb":{"@id":"https:\/\/climatemaster.ge\/az\/product\/vibro-bl-mini-vibration-isolation-wall-brace\/#breadcrumb"},"inLanguage":"az","potentialAction":[{"@type":"ReadAction","target":["https:\/\/climatemaster.ge\/az\/product\/vibro-bl-mini-vibration-isolation-wall-brace\/"]}]},{"@type":"ImageObject","inLanguage":"az","@id":"https:\/\/climatemaster.ge\/az\/product\/vibro-bl-mini-vibration-isolation-wall-brace\/#primaryimage","url":"https:\/\/climatemaster.ge\/wp-content\/uploads\/2025\/02\/bl.mini_.300x300.jpg","contentUrl":"https:\/\/climatemaster.ge\/wp-content\/uploads\/2025\/02\/bl.mini_.300x300.jpg","width":300,"height":300},{"@type":"BreadcrumbList","@id":"https:\/\/climatemaster.ge\/az\/product\/vibro-bl-mini-vibration-isolation-wall-brace\/#breadcrumb","itemListElement":[{"@type":"ListItem","position":1,"name":"Home","item":"https:\/\/climatemaster.ge\/"},{"@type":"ListItem","position":2,"name":"M\u0259hsullar","item":"https:\/\/climatemaster.ge\/products\/"},{"@type":"ListItem","position":3,"name":"Vibro BL.mini: Vibrasiyadan \u0130zolyasiya Divar\u0131"}]},{"@type":"WebSite","@id":"https:\/\/climatemaster.ge\/#website","url":"https:\/\/climatemaster.ge\/","name":"Climate Master","description":"","publisher":{"@id":"https:\/\/climatemaster.ge\/#organization"},"potentialAction":[{"@type":"SearchAction","target":{"@type":"EntryPoint","urlTemplate":"https:\/\/climatemaster.ge\/?s={search_term_string}"},"query-input":{"@type":"PropertyValueSpecification","valueRequired":true,"valueName":"search_term_string"}}],"inLanguage":"az"},{"@type":"Organization","@id":"https:\/\/climatemaster.ge\/#organization","name":"Climate Master","url":"https:\/\/climatemaster.ge\/","logo":{"@type":"ImageObject","inLanguage":"az","@id":"https:\/\/climatemaster.ge\/#\/schema\/logo\/image\/","url":"https:\/\/climatemaster.ge\/wp-content\/uploads\/2026\/03\/Untitled-2.png","contentUrl":"https:\/\/climatemaster.ge\/wp-content\/uploads\/2026\/03\/Untitled-2.png","width":600,"height":338,"caption":"Climate Master"},"image":{"@id":"https:\/\/climatemaster.ge\/#\/schema\/logo\/image\/"}}]}},"_links":{"self":[{"href":"https:\/\/climatemaster.ge\/az\/wp-json\/wp\/v2\/product\/23754","targetHints":{"allow":["GET"]}}],"collection":[{"href":"https:\/\/climatemaster.ge\/az\/wp-json\/wp\/v2\/product"}],"about":[{"href":"https:\/\/climatemaster.ge\/az\/wp-json\/wp\/v2\/types\/product"}],"wp:featuredmedia":[{"embeddable":true,"href":"https:\/\/climatemaster.ge\/az\/wp-json\/wp\/v2\/media\/22174"}],"wp:attachment":[{"href":"https:\/\/climatemaster.ge\/az\/wp-json\/wp\/v2\/media?parent=23754"}],"wp:term":[{"taxonomy":"product_brand","embeddable":true,"href":"https:\/\/climatemaster.ge\/az\/wp-json\/wp\/v2\/product_brand?post=23754"},{"taxonomy":"product_cat","embeddable":true,"href":"https:\/\/climatemaster.ge\/az\/wp-json\/wp\/v2\/product_cat?post=23754"},{"taxonomy":"product_tag","embeddable":true,"href":"https:\/\/climatemaster.ge\/az\/wp-json\/wp\/v2\/product_tag?post=23754"}],"curies":[{"name":"wp","href":"https:\/\/api.w.org\/{rel}","templated":true}]}}