{"id":23742,"date":"2025-02-07T16:27:33","date_gmt":"2025-02-07T12:27:33","guid":{"rendered":"https:\/\/airsystems.ge\/shop\/product\/vibro-ep-metal-anti-vibration-pads-with-metal-cover\/"},"modified":"2025-02-26T00:24:30","modified_gmt":"2025-02-25T20:24:30","slug":"vibro-ep-metal-anti-vibration-pads-with-metal-cover","status":"publish","type":"product","link":"https:\/\/climatemaster.ge\/az\/product\/vibro-ep-metal-anti-vibration-pads-with-metal-cover\/","title":{"rendered":"Vibro-EP metal: Metal \u00f6rt\u00fckl\u00fc vibrasiya \u0259leyhin\u0259 yast\u0131qlar"},"content":{"rendered":"<table>\n<thead>\n<tr>\n<th>COLOR CODE<\/th>\n<th>DIMENSIONS (cm)<\/th>\n<th>MAX STATIC LOAD (daN)<\/th>\n<\/tr>\n<\/thead>\n<tbody>\n<tr>\n<td>Grey or Beige<\/td>\n<td>12.5 x 12.5 x 2.5<\/td>\n<td>350<\/td>\n<\/tr>\n<tr>\n<td>Blue or Green<\/td>\n<td>12.5 x 12.5 x 2.5<\/td>\n<td>240<\/td>\n<\/tr>\n<tr>\n<td>Red or Yellow<\/td>\n<td>12.5 x 12.5 x 2.5<\/td>\n<td>150<\/td>\n<\/tr>\n<\/tbody>\n<\/table>\n<p>&nbsp;<\/p>\n<table>\n<thead>\n<tr>\n<th>RUBBER TYPE<\/th>\n<th>COLOR CODE<\/th>\n<\/tr>\n<\/thead>\n<tbody>\n<tr>\n<td>Special Rubber Compound<\/td>\n<td>Grey\/Blue\/Red<\/td>\n<\/tr>\n<tr>\n<td>Neoprene<\/td>\n<td>Beige\/Green\/Yellow<\/td>\n<\/tr>\n<\/tbody>\n<\/table>\n<p>Dinamik X\u00fcsusiyy\u0259tl\u0259r\u00a0Vibro-EP il\u0259 eynidir<\/p>\n","protected":false},"excerpt":{"rendered":"<p>T\u0259tbiq olunan y\u00fck\u00fc b\u0259rab\u0259r paylayan v\u0259 elastik hiss\u0259ni ultrab\u0259n\u00f6v\u015f\u0259yi \u015f\u00fcalardan qoruyan metal \u00f6rt\u00fckl\u00fc vibrasiyaya qar\u015f\u0131 elastik yast\u0131q. Vibro-EP Metal vibrasiya \u0259leyhin\u0259 qur\u011fu kimi istifad\u0259 edil\u0259 bil\u0259r: hava kompressorlar\u0131, nasoslar, ventilyatorlar, generator d\u0259stl\u0259ri, k\u0259sici ma\u015f\u0131nlar v\u0259 s. \u00dcz\u0259n dayaqlar: s\u0259naye d\u00f6\u015f\u0259m\u0259l\u0259ri, liftl\u0259r, \u00e7ap ma\u015f\u0131nlar\u0131, s\u0131naq ma\u015f\u0131nlar\u0131 v\u0259 s.<\/p>\n<p>Vibro-EP Metal elastik elementd\u0259n (\u00f6l\u00e7\u00fcl\u0259ri 12,5\u00d712,5 sm) v\u0259 x\u00fcsusi formala\u015fd\u0131r\u0131lm\u0131\u015f sinkl\u0259nmi\u015f metal \u00f6rt\u00fckd\u0259n ibar\u0259tdir. D\u0259zgah\u0131n bazas\u0131 il\u0259 elastik aras\u0131nda polad \u00f6rt\u00fckl\u0259rin \u015f\u0259fa\u0259ti, bu, y\u00fck\u00fcn elastik elementin b\u00fct\u00fcn s\u0259thin\u0259 b\u0259rab\u0259r paylanmas\u0131n\u0131 t\u0259min edir. Eyni zamanda, \u00f6rt\u00fck rezinl\u0259ri g\u00fcn\u0259\u015f radiasiyas\u0131ndan qoruyur. Qapa\u011f\u0131n yuxar\u0131 t\u0259r\u0259finin ortas\u0131nda m\u00fcvafiq b\u0259rkitm\u0259 vintini q\u0259bul ed\u0259n (daxil deyil) daxili M12 sap\u0131 qura\u015fd\u0131r\u0131lm\u0131\u015fd\u0131r. Bej, ya\u015f\u0131l v\u0259 sar\u0131 elastik yast\u0131qlar Neopren tipli rezind\u0259n haz\u0131rlanm\u0131\u015fd\u0131r.<\/p>\n<p>Niy\u0259 Vibro-EP metal | Metal Qapaql\u0131 Vibrasiyaya Qar\u015f\u0131 Elastik Yast\u0131qlar:<\/p>\n<p>Qura\u015fd\u0131rmaq asand\u0131r<br \/>\nAntivibrasiya Ma\u015f\u0131nlar\u0131na D\u0259st\u0259k \u00fc\u00e7\u00fcn istifad\u0259 edil\u0259 bil\u0259r<br \/>\nMa\u015f\u0131nlar\u0131n b\u0259rkidilm\u0259si \u00fc\u00e7\u00fcn istifad\u0259 edil\u0259 bil\u0259r<br \/>\nT\u018fTB\u0130QL\u018fR<\/p>\n<p>ANT\u0130V\u0130BRASYON D\u018fST\u018fKL\u018fR\u0130: Hava kompressorlar\u0131 \u2013 K\u0259sm\u0259 ma\u015f\u0131nlar\u0131 \u2013 \u00c7ap ma\u015f\u0131nlar\u0131 \u2013 Fanlar \u2013 Kondisionerl\u0259r v\u0259 s.<\/p>\n<p>\u00d6L\u00c7\u00dcL\u018fR<\/p>\n<p>Elastik Element \u00f6l\u00e7\u00fcl\u0259ri: 12,5\u00d712,5\u00d72,5 sm<br \/>\n\u00dcmumi h\u00fcnd\u00fcrl\u00fck: 2.8 sm<br \/>\nDaxili ip: M12<\/p>\n<p>D\u0130G\u018fR FORMALAR<br \/>\nVIBRO-EP rezin vibrasiya izolyasiya yast\u0131qlar\u0131 (m\u00fcst\u0259qil) Vibro-EP Metal\u0131n \u00fcr\u0259yidir. X\u00fcsusi t\u0259dqiqatlar\u0131n n\u0259tic\u0259sidir v\u0259 1989-cu ild\u0259n bu formada istehsal olunur, daha da t\u0259kmill\u0259\u015fdirilm\u0259si \u00fc\u00e7\u00fcn x\u00fcsusi madd\u0259l\u0259rl\u0259 qar\u0131\u015fd\u0131r\u0131lm\u0131\u015f birinci d\u0259r\u0259c\u0259li elastomer materialdan haz\u0131rlan\u0131r.<br \/>\nOnun uzununa de\u015fikl\u0259ri t\u0259min edil\u0259n s\u0131x\u0131lman\u0131 art\u0131r\u0131r v\u0259 vibrasiyan\u0131n udulmas\u0131n\u0131 yax\u015f\u0131la\u015fd\u0131r\u0131r.<br \/>\n\u00c7oxsayl\u0131 VIBRO-EP rezin vibrasiya izolyatorlar\u0131 Vibro-EP Kompleksini yaratmaq \u00fc\u00e7\u00fcn t\u0259b\u0259q\u0259l\u0259rd\u0259 istifad\u0259 edil\u0259 bil\u0259r. Daha sonra aralar\u0131ndak\u0131 polad l\u00f6vh\u0259nin istifad\u0259si il\u0259 t\u0259bii tezlikin 4 Hz-\u0259 q\u0259d\u0259r azalmas\u0131na nail ola bil\u0259rik.<\/p>\n","protected":false},"featured_media":22230,"template":"","meta":[],"product_brand":[],"product_cat":[927],"product_tag":[],"class_list":{"0":"post-23742","1":"product","2":"type-product","3":"status-publish","4":"has-post-thumbnail","6":"product_cat-vibrasiya-anti-ss-kuy-akustik-az","8":"first","9":"instock","10":"shipping-taxable","11":"product-type-simple"},"yoast_head":"<!-- This site is optimized with the Yoast SEO plugin v27.1.1 - https:\/\/yoast.com\/product\/yoast-seo-wordpress\/ -->\n<title>Vibro-EP metal: Metal \u00f6rt\u00fckl\u00fc vibrasiya \u0259leyhin\u0259 yast\u0131qlar - Climate Master<\/title>\n<meta name=\"robots\" content=\"index, follow, max-snippet:-1, max-image-preview:large, max-video-preview:-1\" \/>\n<link rel=\"canonical\" href=\"https:\/\/climatemaster.ge\/az\/product\/vibro-ep-metal-anti-vibration-pads-with-metal-cover\/\" \/>\n<meta property=\"og:locale\" content=\"az_AZ\" \/>\n<meta property=\"og:type\" content=\"article\" \/>\n<meta property=\"og:title\" content=\"Vibro-EP metal: Metal \u00f6rt\u00fckl\u00fc vibrasiya \u0259leyhin\u0259 yast\u0131qlar - Climate Master\" \/>\n<meta property=\"og:description\" content=\"T\u0259tbiq olunan y\u00fck\u00fc b\u0259rab\u0259r paylayan v\u0259 elastik hiss\u0259ni ultrab\u0259n\u00f6v\u015f\u0259yi \u015f\u00fcalardan qoruyan metal \u00f6rt\u00fckl\u00fc vibrasiyaya qar\u015f\u0131 elastik yast\u0131q. Vibro-EP Metal vibrasiya \u0259leyhin\u0259 qur\u011fu kimi istifad\u0259 edil\u0259 bil\u0259r: hava kompressorlar\u0131, nasoslar, ventilyatorlar, generator d\u0259stl\u0259ri, k\u0259sici ma\u015f\u0131nlar v\u0259 s. \u00dcz\u0259n dayaqlar: s\u0259naye d\u00f6\u015f\u0259m\u0259l\u0259ri, liftl\u0259r, \u00e7ap ma\u015f\u0131nlar\u0131, s\u0131naq ma\u015f\u0131nlar\u0131 v\u0259 s.  Vibro-EP Metal elastik elementd\u0259n (\u00f6l\u00e7\u00fcl\u0259ri 12,5\u00d712,5 sm) v\u0259 x\u00fcsusi formala\u015fd\u0131r\u0131lm\u0131\u015f sinkl\u0259nmi\u015f metal \u00f6rt\u00fckd\u0259n ibar\u0259tdir. D\u0259zgah\u0131n bazas\u0131 il\u0259 elastik aras\u0131nda polad \u00f6rt\u00fckl\u0259rin \u015f\u0259fa\u0259ti, bu, y\u00fck\u00fcn elastik elementin b\u00fct\u00fcn s\u0259thin\u0259 b\u0259rab\u0259r paylanmas\u0131n\u0131 t\u0259min edir. Eyni zamanda, \u00f6rt\u00fck rezinl\u0259ri g\u00fcn\u0259\u015f radiasiyas\u0131ndan qoruyur. Qapa\u011f\u0131n yuxar\u0131 t\u0259r\u0259finin ortas\u0131nda m\u00fcvafiq b\u0259rkitm\u0259 vintini q\u0259bul ed\u0259n (daxil deyil) daxili M12 sap\u0131 qura\u015fd\u0131r\u0131lm\u0131\u015fd\u0131r. Bej, ya\u015f\u0131l v\u0259 sar\u0131 elastik yast\u0131qlar Neopren tipli rezind\u0259n haz\u0131rlanm\u0131\u015fd\u0131r.  Niy\u0259 Vibro-EP metal | Metal Qapaql\u0131 Vibrasiyaya Qar\u015f\u0131 Elastik Yast\u0131qlar:  Qura\u015fd\u0131rmaq asand\u0131r Antivibrasiya Ma\u015f\u0131nlar\u0131na D\u0259st\u0259k \u00fc\u00e7\u00fcn istifad\u0259 edil\u0259 bil\u0259r Ma\u015f\u0131nlar\u0131n b\u0259rkidilm\u0259si \u00fc\u00e7\u00fcn istifad\u0259 edil\u0259 bil\u0259r T\u018fTB\u0130QL\u018fR  ANT\u0130V\u0130BRASYON D\u018fST\u018fKL\u018fR\u0130: Hava kompressorlar\u0131 \u2013 K\u0259sm\u0259 ma\u015f\u0131nlar\u0131 \u2013 \u00c7ap ma\u015f\u0131nlar\u0131 \u2013 Fanlar \u2013 Kondisionerl\u0259r v\u0259 s.  \u00d6L\u00c7\u00dcL\u018fR  Elastik Element \u00f6l\u00e7\u00fcl\u0259ri: 12,5\u00d712,5\u00d72,5 sm \u00dcmumi h\u00fcnd\u00fcrl\u00fck: 2.8 sm Daxili ip: M12  D\u0130G\u018fR FORMALAR VIBRO-EP rezin vibrasiya izolyasiya yast\u0131qlar\u0131 (m\u00fcst\u0259qil) Vibro-EP Metal\u0131n \u00fcr\u0259yidir. X\u00fcsusi t\u0259dqiqatlar\u0131n n\u0259tic\u0259sidir v\u0259 1989-cu ild\u0259n bu formada istehsal olunur, daha da t\u0259kmill\u0259\u015fdirilm\u0259si \u00fc\u00e7\u00fcn x\u00fcsusi madd\u0259l\u0259rl\u0259 qar\u0131\u015fd\u0131r\u0131lm\u0131\u015f birinci d\u0259r\u0259c\u0259li elastomer materialdan haz\u0131rlan\u0131r. Onun uzununa de\u015fikl\u0259ri t\u0259min edil\u0259n s\u0131x\u0131lman\u0131 art\u0131r\u0131r v\u0259 vibrasiyan\u0131n udulmas\u0131n\u0131 yax\u015f\u0131la\u015fd\u0131r\u0131r. \u00c7oxsayl\u0131 VIBRO-EP rezin vibrasiya izolyatorlar\u0131 Vibro-EP Kompleksini yaratmaq \u00fc\u00e7\u00fcn t\u0259b\u0259q\u0259l\u0259rd\u0259 istifad\u0259 edil\u0259 bil\u0259r. Daha sonra aralar\u0131ndak\u0131 polad l\u00f6vh\u0259nin istifad\u0259si il\u0259 t\u0259bii tezlikin 4 Hz-\u0259 q\u0259d\u0259r azalmas\u0131na nail ola bil\u0259rik.\" \/>\n<meta property=\"og:url\" content=\"https:\/\/climatemaster.ge\/az\/product\/vibro-ep-metal-anti-vibration-pads-with-metal-cover\/\" \/>\n<meta property=\"og:site_name\" content=\"Climate Master\" \/>\n<meta property=\"article:modified_time\" content=\"2025-02-25T20:24:30+00:00\" \/>\n<meta property=\"og:image\" content=\"https:\/\/climatemaster.ge\/wp-content\/uploads\/2025\/02\/071709123226_A.jpg\" \/>\n\t<meta property=\"og:image:width\" content=\"280\" \/>\n\t<meta property=\"og:image:height\" content=\"210\" \/>\n\t<meta property=\"og:image:type\" content=\"image\/jpeg\" \/>\n<meta name=\"twitter:card\" content=\"summary_large_image\" \/>\n<script type=\"application\/ld+json\" class=\"yoast-schema-graph\">{\"@context\":\"https:\/\/schema.org\",\"@graph\":[{\"@type\":\"WebPage\",\"@id\":\"https:\/\/climatemaster.ge\/az\/product\/vibro-ep-metal-anti-vibration-pads-with-metal-cover\/\",\"url\":\"https:\/\/climatemaster.ge\/az\/product\/vibro-ep-metal-anti-vibration-pads-with-metal-cover\/\",\"name\":\"Vibro-EP metal: Metal \u00f6rt\u00fckl\u00fc vibrasiya \u0259leyhin\u0259 yast\u0131qlar - Climate Master\",\"isPartOf\":{\"@id\":\"https:\/\/climatemaster.ge\/#website\"},\"primaryImageOfPage\":{\"@id\":\"https:\/\/climatemaster.ge\/az\/product\/vibro-ep-metal-anti-vibration-pads-with-metal-cover\/#primaryimage\"},\"image\":{\"@id\":\"https:\/\/climatemaster.ge\/az\/product\/vibro-ep-metal-anti-vibration-pads-with-metal-cover\/#primaryimage\"},\"thumbnailUrl\":\"https:\/\/climatemaster.ge\/wp-content\/uploads\/2025\/02\/071709123226_A.jpg\",\"datePublished\":\"2025-02-07T12:27:33+00:00\",\"dateModified\":\"2025-02-25T20:24:30+00:00\",\"breadcrumb\":{\"@id\":\"https:\/\/climatemaster.ge\/az\/product\/vibro-ep-metal-anti-vibration-pads-with-metal-cover\/#breadcrumb\"},\"inLanguage\":\"az\",\"potentialAction\":[{\"@type\":\"ReadAction\",\"target\":[\"https:\/\/climatemaster.ge\/az\/product\/vibro-ep-metal-anti-vibration-pads-with-metal-cover\/\"]}]},{\"@type\":\"ImageObject\",\"inLanguage\":\"az\",\"@id\":\"https:\/\/climatemaster.ge\/az\/product\/vibro-ep-metal-anti-vibration-pads-with-metal-cover\/#primaryimage\",\"url\":\"https:\/\/climatemaster.ge\/wp-content\/uploads\/2025\/02\/071709123226_A.jpg\",\"contentUrl\":\"https:\/\/climatemaster.ge\/wp-content\/uploads\/2025\/02\/071709123226_A.jpg\",\"width\":280,\"height\":210},{\"@type\":\"BreadcrumbList\",\"@id\":\"https:\/\/climatemaster.ge\/az\/product\/vibro-ep-metal-anti-vibration-pads-with-metal-cover\/#breadcrumb\",\"itemListElement\":[{\"@type\":\"ListItem\",\"position\":1,\"name\":\"Home\",\"item\":\"https:\/\/climatemaster.ge\/\"},{\"@type\":\"ListItem\",\"position\":2,\"name\":\"M\u0259hsullar\",\"item\":\"https:\/\/climatemaster.ge\/products\/\"},{\"@type\":\"ListItem\",\"position\":3,\"name\":\"Vibro-EP metal: Metal \u00f6rt\u00fckl\u00fc vibrasiya \u0259leyhin\u0259 yast\u0131qlar\"}]},{\"@type\":\"WebSite\",\"@id\":\"https:\/\/climatemaster.ge\/#website\",\"url\":\"https:\/\/climatemaster.ge\/\",\"name\":\"Climate Master\",\"description\":\"\",\"publisher\":{\"@id\":\"https:\/\/climatemaster.ge\/#organization\"},\"potentialAction\":[{\"@type\":\"SearchAction\",\"target\":{\"@type\":\"EntryPoint\",\"urlTemplate\":\"https:\/\/climatemaster.ge\/?s={search_term_string}\"},\"query-input\":{\"@type\":\"PropertyValueSpecification\",\"valueRequired\":true,\"valueName\":\"search_term_string\"}}],\"inLanguage\":\"az\"},{\"@type\":\"Organization\",\"@id\":\"https:\/\/climatemaster.ge\/#organization\",\"name\":\"Climate Master\",\"url\":\"https:\/\/climatemaster.ge\/\",\"logo\":{\"@type\":\"ImageObject\",\"inLanguage\":\"az\",\"@id\":\"https:\/\/climatemaster.ge\/#\/schema\/logo\/image\/\",\"url\":\"https:\/\/climatemaster.ge\/wp-content\/uploads\/2026\/03\/Untitled-2.png\",\"contentUrl\":\"https:\/\/climatemaster.ge\/wp-content\/uploads\/2026\/03\/Untitled-2.png\",\"width\":600,\"height\":338,\"caption\":\"Climate Master\"},\"image\":{\"@id\":\"https:\/\/climatemaster.ge\/#\/schema\/logo\/image\/\"}}]}<\/script>\n<!-- \/ Yoast SEO plugin. -->","yoast_head_json":{"title":"Vibro-EP metal: Metal \u00f6rt\u00fckl\u00fc vibrasiya \u0259leyhin\u0259 yast\u0131qlar - Climate Master","robots":{"index":"index","follow":"follow","max-snippet":"max-snippet:-1","max-image-preview":"max-image-preview:large","max-video-preview":"max-video-preview:-1"},"canonical":"https:\/\/climatemaster.ge\/az\/product\/vibro-ep-metal-anti-vibration-pads-with-metal-cover\/","og_locale":"az_AZ","og_type":"article","og_title":"Vibro-EP metal: Metal \u00f6rt\u00fckl\u00fc vibrasiya \u0259leyhin\u0259 yast\u0131qlar - Climate Master","og_description":"T\u0259tbiq olunan y\u00fck\u00fc b\u0259rab\u0259r paylayan v\u0259 elastik hiss\u0259ni ultrab\u0259n\u00f6v\u015f\u0259yi \u015f\u00fcalardan qoruyan metal \u00f6rt\u00fckl\u00fc vibrasiyaya qar\u015f\u0131 elastik yast\u0131q. Vibro-EP Metal vibrasiya \u0259leyhin\u0259 qur\u011fu kimi istifad\u0259 edil\u0259 bil\u0259r: hava kompressorlar\u0131, nasoslar, ventilyatorlar, generator d\u0259stl\u0259ri, k\u0259sici ma\u015f\u0131nlar v\u0259 s. \u00dcz\u0259n dayaqlar: s\u0259naye d\u00f6\u015f\u0259m\u0259l\u0259ri, liftl\u0259r, \u00e7ap ma\u015f\u0131nlar\u0131, s\u0131naq ma\u015f\u0131nlar\u0131 v\u0259 s.  Vibro-EP Metal elastik elementd\u0259n (\u00f6l\u00e7\u00fcl\u0259ri 12,5\u00d712,5 sm) v\u0259 x\u00fcsusi formala\u015fd\u0131r\u0131lm\u0131\u015f sinkl\u0259nmi\u015f metal \u00f6rt\u00fckd\u0259n ibar\u0259tdir. D\u0259zgah\u0131n bazas\u0131 il\u0259 elastik aras\u0131nda polad \u00f6rt\u00fckl\u0259rin \u015f\u0259fa\u0259ti, bu, y\u00fck\u00fcn elastik elementin b\u00fct\u00fcn s\u0259thin\u0259 b\u0259rab\u0259r paylanmas\u0131n\u0131 t\u0259min edir. Eyni zamanda, \u00f6rt\u00fck rezinl\u0259ri g\u00fcn\u0259\u015f radiasiyas\u0131ndan qoruyur. Qapa\u011f\u0131n yuxar\u0131 t\u0259r\u0259finin ortas\u0131nda m\u00fcvafiq b\u0259rkitm\u0259 vintini q\u0259bul ed\u0259n (daxil deyil) daxili M12 sap\u0131 qura\u015fd\u0131r\u0131lm\u0131\u015fd\u0131r. Bej, ya\u015f\u0131l v\u0259 sar\u0131 elastik yast\u0131qlar Neopren tipli rezind\u0259n haz\u0131rlanm\u0131\u015fd\u0131r.  Niy\u0259 Vibro-EP metal | Metal Qapaql\u0131 Vibrasiyaya Qar\u015f\u0131 Elastik Yast\u0131qlar:  Qura\u015fd\u0131rmaq asand\u0131r Antivibrasiya Ma\u015f\u0131nlar\u0131na D\u0259st\u0259k \u00fc\u00e7\u00fcn istifad\u0259 edil\u0259 bil\u0259r Ma\u015f\u0131nlar\u0131n b\u0259rkidilm\u0259si \u00fc\u00e7\u00fcn istifad\u0259 edil\u0259 bil\u0259r T\u018fTB\u0130QL\u018fR  ANT\u0130V\u0130BRASYON D\u018fST\u018fKL\u018fR\u0130: Hava kompressorlar\u0131 \u2013 K\u0259sm\u0259 ma\u015f\u0131nlar\u0131 \u2013 \u00c7ap ma\u015f\u0131nlar\u0131 \u2013 Fanlar \u2013 Kondisionerl\u0259r v\u0259 s.  \u00d6L\u00c7\u00dcL\u018fR  Elastik Element \u00f6l\u00e7\u00fcl\u0259ri: 12,5\u00d712,5\u00d72,5 sm \u00dcmumi h\u00fcnd\u00fcrl\u00fck: 2.8 sm Daxili ip: M12  D\u0130G\u018fR FORMALAR VIBRO-EP rezin vibrasiya izolyasiya yast\u0131qlar\u0131 (m\u00fcst\u0259qil) Vibro-EP Metal\u0131n \u00fcr\u0259yidir. X\u00fcsusi t\u0259dqiqatlar\u0131n n\u0259tic\u0259sidir v\u0259 1989-cu ild\u0259n bu formada istehsal olunur, daha da t\u0259kmill\u0259\u015fdirilm\u0259si \u00fc\u00e7\u00fcn x\u00fcsusi madd\u0259l\u0259rl\u0259 qar\u0131\u015fd\u0131r\u0131lm\u0131\u015f birinci d\u0259r\u0259c\u0259li elastomer materialdan haz\u0131rlan\u0131r. Onun uzununa de\u015fikl\u0259ri t\u0259min edil\u0259n s\u0131x\u0131lman\u0131 art\u0131r\u0131r v\u0259 vibrasiyan\u0131n udulmas\u0131n\u0131 yax\u015f\u0131la\u015fd\u0131r\u0131r. \u00c7oxsayl\u0131 VIBRO-EP rezin vibrasiya izolyatorlar\u0131 Vibro-EP Kompleksini yaratmaq \u00fc\u00e7\u00fcn t\u0259b\u0259q\u0259l\u0259rd\u0259 istifad\u0259 edil\u0259 bil\u0259r. Daha sonra aralar\u0131ndak\u0131 polad l\u00f6vh\u0259nin istifad\u0259si il\u0259 t\u0259bii tezlikin 4 Hz-\u0259 q\u0259d\u0259r azalmas\u0131na nail ola bil\u0259rik.","og_url":"https:\/\/climatemaster.ge\/az\/product\/vibro-ep-metal-anti-vibration-pads-with-metal-cover\/","og_site_name":"Climate Master","article_modified_time":"2025-02-25T20:24:30+00:00","og_image":[{"width":280,"height":210,"url":"https:\/\/climatemaster.ge\/wp-content\/uploads\/2025\/02\/071709123226_A.jpg","type":"image\/jpeg"}],"twitter_card":"summary_large_image","schema":{"@context":"https:\/\/schema.org","@graph":[{"@type":"WebPage","@id":"https:\/\/climatemaster.ge\/az\/product\/vibro-ep-metal-anti-vibration-pads-with-metal-cover\/","url":"https:\/\/climatemaster.ge\/az\/product\/vibro-ep-metal-anti-vibration-pads-with-metal-cover\/","name":"Vibro-EP metal: Metal \u00f6rt\u00fckl\u00fc vibrasiya \u0259leyhin\u0259 yast\u0131qlar - Climate Master","isPartOf":{"@id":"https:\/\/climatemaster.ge\/#website"},"primaryImageOfPage":{"@id":"https:\/\/climatemaster.ge\/az\/product\/vibro-ep-metal-anti-vibration-pads-with-metal-cover\/#primaryimage"},"image":{"@id":"https:\/\/climatemaster.ge\/az\/product\/vibro-ep-metal-anti-vibration-pads-with-metal-cover\/#primaryimage"},"thumbnailUrl":"https:\/\/climatemaster.ge\/wp-content\/uploads\/2025\/02\/071709123226_A.jpg","datePublished":"2025-02-07T12:27:33+00:00","dateModified":"2025-02-25T20:24:30+00:00","breadcrumb":{"@id":"https:\/\/climatemaster.ge\/az\/product\/vibro-ep-metal-anti-vibration-pads-with-metal-cover\/#breadcrumb"},"inLanguage":"az","potentialAction":[{"@type":"ReadAction","target":["https:\/\/climatemaster.ge\/az\/product\/vibro-ep-metal-anti-vibration-pads-with-metal-cover\/"]}]},{"@type":"ImageObject","inLanguage":"az","@id":"https:\/\/climatemaster.ge\/az\/product\/vibro-ep-metal-anti-vibration-pads-with-metal-cover\/#primaryimage","url":"https:\/\/climatemaster.ge\/wp-content\/uploads\/2025\/02\/071709123226_A.jpg","contentUrl":"https:\/\/climatemaster.ge\/wp-content\/uploads\/2025\/02\/071709123226_A.jpg","width":280,"height":210},{"@type":"BreadcrumbList","@id":"https:\/\/climatemaster.ge\/az\/product\/vibro-ep-metal-anti-vibration-pads-with-metal-cover\/#breadcrumb","itemListElement":[{"@type":"ListItem","position":1,"name":"Home","item":"https:\/\/climatemaster.ge\/"},{"@type":"ListItem","position":2,"name":"M\u0259hsullar","item":"https:\/\/climatemaster.ge\/products\/"},{"@type":"ListItem","position":3,"name":"Vibro-EP metal: Metal \u00f6rt\u00fckl\u00fc vibrasiya \u0259leyhin\u0259 yast\u0131qlar"}]},{"@type":"WebSite","@id":"https:\/\/climatemaster.ge\/#website","url":"https:\/\/climatemaster.ge\/","name":"Climate Master","description":"","publisher":{"@id":"https:\/\/climatemaster.ge\/#organization"},"potentialAction":[{"@type":"SearchAction","target":{"@type":"EntryPoint","urlTemplate":"https:\/\/climatemaster.ge\/?s={search_term_string}"},"query-input":{"@type":"PropertyValueSpecification","valueRequired":true,"valueName":"search_term_string"}}],"inLanguage":"az"},{"@type":"Organization","@id":"https:\/\/climatemaster.ge\/#organization","name":"Climate Master","url":"https:\/\/climatemaster.ge\/","logo":{"@type":"ImageObject","inLanguage":"az","@id":"https:\/\/climatemaster.ge\/#\/schema\/logo\/image\/","url":"https:\/\/climatemaster.ge\/wp-content\/uploads\/2026\/03\/Untitled-2.png","contentUrl":"https:\/\/climatemaster.ge\/wp-content\/uploads\/2026\/03\/Untitled-2.png","width":600,"height":338,"caption":"Climate Master"},"image":{"@id":"https:\/\/climatemaster.ge\/#\/schema\/logo\/image\/"}}]}},"_links":{"self":[{"href":"https:\/\/climatemaster.ge\/az\/wp-json\/wp\/v2\/product\/23742","targetHints":{"allow":["GET"]}}],"collection":[{"href":"https:\/\/climatemaster.ge\/az\/wp-json\/wp\/v2\/product"}],"about":[{"href":"https:\/\/climatemaster.ge\/az\/wp-json\/wp\/v2\/types\/product"}],"wp:featuredmedia":[{"embeddable":true,"href":"https:\/\/climatemaster.ge\/az\/wp-json\/wp\/v2\/media\/22230"}],"wp:attachment":[{"href":"https:\/\/climatemaster.ge\/az\/wp-json\/wp\/v2\/media?parent=23742"}],"wp:term":[{"taxonomy":"product_brand","embeddable":true,"href":"https:\/\/climatemaster.ge\/az\/wp-json\/wp\/v2\/product_brand?post=23742"},{"taxonomy":"product_cat","embeddable":true,"href":"https:\/\/climatemaster.ge\/az\/wp-json\/wp\/v2\/product_cat?post=23742"},{"taxonomy":"product_tag","embeddable":true,"href":"https:\/\/climatemaster.ge\/az\/wp-json\/wp\/v2\/product_tag?post=23742"}],"curies":[{"name":"wp","href":"https:\/\/api.w.org\/{rel}","templated":true}]}}