{"id":23737,"date":"2025-02-07T16:51:26","date_gmt":"2025-02-07T12:51:26","guid":{"rendered":"https:\/\/airsystems.ge\/shop\/product\/vibro-mp-f-regufoam-pads-with-metal-cover\/"},"modified":"2025-02-26T00:24:30","modified_gmt":"2025-02-25T20:24:30","slug":"vibro-mp-f-regufoam-pads-with-metal-cover","status":"publish","type":"product","link":"https:\/\/climatemaster.ge\/az\/product\/vibro-mp-f-regufoam-pads-with-metal-cover\/","title":{"rendered":"Vibro-MP.F : Metal Qapaql\u0131 Regufoam\u00ae Yast\u0131qlar\u0131"},"content":{"rendered":"<table style=\"height: 204px;\" width=\"697\">\n<thead>\n<tr>\n<th>COLOR CODE<\/th>\n<th>DIMENSIONS (cm)<\/th>\n<th>MAX STATIC LOAD (daN)<\/th>\n<\/tr>\n<\/thead>\n<tbody>\n<tr>\n<td>Green<\/td>\n<td>6.7 x 6.7 x 2.7<\/td>\n<td>4<\/td>\n<\/tr>\n<tr>\n<td>Purple<\/td>\n<td>6.7 x 6.7 x 2.7<\/td>\n<td>10<\/td>\n<\/tr>\n<\/tbody>\n<tbody>\n<tr>\n<td>Black<\/td>\n<td>6.7 x 6.7 x 2.7<\/td>\n<td>22<\/td>\n<\/tr>\n<\/tbody>\n<tbody>\n<tr>\n<td>Grey<\/td>\n<td>6.7 x 6.7 x 2.7<\/td>\n<td>40<\/td>\n<\/tr>\n<\/tbody>\n<\/table>\n<p><strong>Dynamic Characteristics<\/strong>: 13 Hz at maximum load<\/p>\n","protected":false},"excerpt":{"rendered":"<p>T\u0259tbiq olunan y\u00fck\u00fc b\u0259rab\u0259r paylayan v\u0259 y\u00fcks\u0259k keyfiyy\u0259tli poliuretan yar\u0131 qapal\u0131 h\u00fcceyr\u0259 k\u00f6p\u00fck yast\u0131\u011f\u0131n\u0131 UV \u015f\u00fcalar\u0131ndan qoruyan Metal Qapaql\u0131 Antivibrasiya Regufoam\u00ae Pad.<br \/>\nVibro-MP.F vibrasiya \u0259leyhin\u0259 qur\u011fu kimi istifad\u0259 edil\u0259 bil\u0259r: Ki\u00e7ik hava kompressorlar\u0131, Kondisioner qur\u011fular\u0131, nasoslar, fanatlar v\u0259 s.<\/p>\n<p>Onun ki\u00e7ik \u00f6l\u00e7\u00fcl\u0259ri a\u015fa\u011f\u0131 ma\u015f\u0131n y\u00fckl\u0259ri \u00fc\u00e7\u00fcn a\u015fa\u011f\u0131 qiym\u0259t v\u0259 s\u0259m\u0259r\u0259li h\u0259ll t\u0259klif edir.<\/p>\n<p>Vibro-MP.F Regufoam\u00ae yast\u0131qdan v\u0259 x\u00fcsusi formala\u015fd\u0131r\u0131lm\u0131\u015f sinkl\u0259nmi\u015f metal \u00f6rt\u00fckd\u0259n ibar\u0259tdir. D\u0259zgah\u0131n \u0259sas\u0131 il\u0259 y\u00fcks\u0259k keyfiyy\u0259tli poliuretan yar\u0131 qapal\u0131 h\u00fcceyr\u0259l\u0259r k\u00f6p\u00fck yast\u0131\u011f\u0131 aras\u0131nda polad \u00f6rt\u00fcy\u00fcn \u015f\u0259fa\u0259ti, y\u00fck\u00fcn Regufoam elementinin b\u00fct\u00fcn s\u0259thin\u0259 b\u0259rab\u0259r paylanmas\u0131n\u0131 t\u0259min edir. Eyni zamanda, \u00f6rt\u00fck yast\u0131\u011f\u0131 g\u00fcn\u0259\u015f UV radiasiyas\u0131ndan v\u0259 ya\u011flardan qoruyur. Qapa\u011f\u0131n yuxar\u0131 t\u0259r\u0259finin ortas\u0131nda, b\u0259rkidilm\u0259si \u00fc\u00e7\u00fcn daxili M8 x 27 mm vint qura\u015fd\u0131r\u0131lm\u0131\u015fd\u0131r.<br \/>\nma\u015f\u0131n vibrasiya \u0259leyhin\u0259 qur\u011fuda.<\/p>\n<p>H\u0259r b\u0259rkitm\u0259 \u00fc\u00e7\u00fcn maksimum y\u00fck\u0259 g\u00f6r\u0259 bu m\u0259hsul \u00fc\u00e7\u00fcn d\u00f6rd r\u0259ng kodlu Regufoam\u00ae n\u00f6v\u00fc var.<\/p>\n<p>Bu m\u0259hsuldan istifad\u0259 ed\u0259rk\u0259n, yuyucusu olan iki qozdan istifad\u0259 ed\u0259r\u0259k h\u00fcnd\u00fcrl\u00fcy\u00fcn t\u0259nziml\u0259nm\u0259sin\u0259 nail olmaq m\u00fcmk\u00fcnd\u00fcr (daxil deyil).<\/p>\n<p>Niy\u0259 Vibro-MP.F | se\u00e7in Metal Qapaql\u0131 Antivibrasiya Regufoam\u00ae Yast\u0131qlar\u0131:<\/p>\n<p>Qura\u015fd\u0131rmaq asan<br \/>\nAntivibrasiya Ma\u015f\u0131nlar\u0131na D\u0259st\u0259k \u00fc\u00e7\u00fcn istifad\u0259 edil\u0259 bil\u0259r<br \/>\nMa\u015f\u0131nlar\u0131n b\u0259rkidilm\u0259si \u00fc\u00e7\u00fcn istifad\u0259 edil\u0259 bil\u0259r<br \/>\nT\u018fTB\u0130QL\u018fR<br \/>\nANT\u0130V\u0130BRASYON D\u018fST\u018fKL\u018fR\u0130: Ki\u00e7ik hava kompressorlar\u0131 \u2013 Nasoslar \u2013 Fanlar \u2013 Kondisionerl\u0259r v\u0259 s.<br \/>\nBir qayda olaraq, Vibro-MP.F-d\u0259n y\u00fcng\u00fcl avadanl\u0131q \u00fc\u00e7\u00fcn istifad\u0259 etm\u0259k t\u00f6vsiy\u0259 olunur, burada ma\u015f\u0131n\u0131n dayaq bazas\u0131 ki\u00e7ik bir da\u015f\u0131y\u0131c\u0131 s\u0259th\u0259 malikdir v\u0259 poliuretan yar\u0131 qapal\u0131 h\u00fcceyr\u0259l\u0259r k\u00f6p\u00fck yast\u0131\u011f\u0131 b\u0259rab\u0259r y\u00fckl\u0259nm\u0259mi\u015fdir.<\/p>\n<p>\u00d6L\u00c7\u00dcL\u018fR<br \/>\n[Uzunluq x Eni x H\u00fcnd\u00fcrl\u00fck] 6,7 x 6,7 x 2,7 sm<br \/>\nDaxili ip: M8 x 27 mm h\u00fcnd\u00fcrl\u00fck<\/p>\n<p>D\u0130G\u018fR FORMALAR<br \/>\nRegufoam\u00ae birl\u0259\u015fmi\u015f yay v\u0259 n\u0259ml\u0259ndirici x\u00fcsusiyy\u0259tl\u0259r\u0259 malik alt\u0131 m\u00fcxt\u0259lif s\u0259rtlik d\u0259r\u0259c\u0259sind\u0259 v\u0259 ya s\u0131xl\u0131qda istehsal olunan qar\u0131\u015f\u0131q h\u00fcceyr\u0259li poliuretan elastomerdir. Bu, Vibro-MP.F-nin \u00fcr\u0259yidir. Regufoam uy\u011fun y\u00fck diapazonlar\u0131nda olduqca a\u015fa\u011f\u0131 t\u0259bii tezlik\u0259 malikdir v\u0259 n\u0259tic\u0259d\u0259 y\u00fcks\u0259k s\u0259s izolyasiya d\u0259y\u0259rl\u0259rin\u0259 malikdir. Bundan \u0259lav\u0259, \u00e7ox a\u015fa\u011f\u0131 yay \u0259yilm\u0259 v\u0259 y\u00fcks\u0259k elastiklik g\u00f6st\u0259rir. Onun h\u00fcceyr\u0259 qurulu\u015fu statik v\u0259 dinamik \u00e7\u0259ki y\u00fckl\u0259ri alt\u0131nda q\u00fcvv\u0259l\u0259rin geni\u015f \u015f\u0259kild\u0259 tam s\u0259th \u00f6t\u00fcr\u00fclm\u0259sin\u0259 z\u0259man\u0259t verir.<\/p>\n","protected":false},"featured_media":22250,"template":"","meta":[],"product_brand":[],"product_cat":[927],"product_tag":[],"class_list":{"0":"post-23737","1":"product","2":"type-product","3":"status-publish","4":"has-post-thumbnail","6":"product_cat-vibrasiya-anti-ss-kuy-akustik-az","8":"first","9":"instock","10":"shipping-taxable","11":"product-type-simple"},"yoast_head":"<!-- This site is optimized with the Yoast SEO plugin v27.1.1 - https:\/\/yoast.com\/product\/yoast-seo-wordpress\/ -->\n<title>Vibro-MP.F : Metal Qapaql\u0131 Regufoam\u00ae Yast\u0131qlar\u0131 - Climate Master<\/title>\n<meta name=\"robots\" content=\"index, follow, max-snippet:-1, max-image-preview:large, max-video-preview:-1\" \/>\n<link rel=\"canonical\" href=\"https:\/\/climatemaster.ge\/az\/product\/vibro-mp-f-regufoam-pads-with-metal-cover\/\" \/>\n<meta property=\"og:locale\" content=\"az_AZ\" \/>\n<meta property=\"og:type\" content=\"article\" \/>\n<meta property=\"og:title\" content=\"Vibro-MP.F : Metal Qapaql\u0131 Regufoam\u00ae Yast\u0131qlar\u0131 - Climate Master\" \/>\n<meta property=\"og:description\" content=\"T\u0259tbiq olunan y\u00fck\u00fc b\u0259rab\u0259r paylayan v\u0259 y\u00fcks\u0259k keyfiyy\u0259tli poliuretan yar\u0131 qapal\u0131 h\u00fcceyr\u0259 k\u00f6p\u00fck yast\u0131\u011f\u0131n\u0131 UV \u015f\u00fcalar\u0131ndan qoruyan Metal Qapaql\u0131 Antivibrasiya Regufoam\u00ae Pad. Vibro-MP.F vibrasiya \u0259leyhin\u0259 qur\u011fu kimi istifad\u0259 edil\u0259 bil\u0259r: Ki\u00e7ik hava kompressorlar\u0131, Kondisioner qur\u011fular\u0131, nasoslar, fanatlar v\u0259 s.  Onun ki\u00e7ik \u00f6l\u00e7\u00fcl\u0259ri a\u015fa\u011f\u0131 ma\u015f\u0131n y\u00fckl\u0259ri \u00fc\u00e7\u00fcn a\u015fa\u011f\u0131 qiym\u0259t v\u0259 s\u0259m\u0259r\u0259li h\u0259ll t\u0259klif edir.  Vibro-MP.F Regufoam\u00ae yast\u0131qdan v\u0259 x\u00fcsusi formala\u015fd\u0131r\u0131lm\u0131\u015f sinkl\u0259nmi\u015f metal \u00f6rt\u00fckd\u0259n ibar\u0259tdir. D\u0259zgah\u0131n \u0259sas\u0131 il\u0259 y\u00fcks\u0259k keyfiyy\u0259tli poliuretan yar\u0131 qapal\u0131 h\u00fcceyr\u0259l\u0259r k\u00f6p\u00fck yast\u0131\u011f\u0131 aras\u0131nda polad \u00f6rt\u00fcy\u00fcn \u015f\u0259fa\u0259ti, y\u00fck\u00fcn Regufoam elementinin b\u00fct\u00fcn s\u0259thin\u0259 b\u0259rab\u0259r paylanmas\u0131n\u0131 t\u0259min edir. Eyni zamanda, \u00f6rt\u00fck yast\u0131\u011f\u0131 g\u00fcn\u0259\u015f UV radiasiyas\u0131ndan v\u0259 ya\u011flardan qoruyur. Qapa\u011f\u0131n yuxar\u0131 t\u0259r\u0259finin ortas\u0131nda, b\u0259rkidilm\u0259si \u00fc\u00e7\u00fcn daxili M8 x 27 mm vint qura\u015fd\u0131r\u0131lm\u0131\u015fd\u0131r. ma\u015f\u0131n vibrasiya \u0259leyhin\u0259 qur\u011fuda.  H\u0259r b\u0259rkitm\u0259 \u00fc\u00e7\u00fcn maksimum y\u00fck\u0259 g\u00f6r\u0259 bu m\u0259hsul \u00fc\u00e7\u00fcn d\u00f6rd r\u0259ng kodlu Regufoam\u00ae n\u00f6v\u00fc var.  Bu m\u0259hsuldan istifad\u0259 ed\u0259rk\u0259n, yuyucusu olan iki qozdan istifad\u0259 ed\u0259r\u0259k h\u00fcnd\u00fcrl\u00fcy\u00fcn t\u0259nziml\u0259nm\u0259sin\u0259 nail olmaq m\u00fcmk\u00fcnd\u00fcr (daxil deyil).  Niy\u0259 Vibro-MP.F | se\u00e7in Metal Qapaql\u0131 Antivibrasiya Regufoam\u00ae Yast\u0131qlar\u0131:  Qura\u015fd\u0131rmaq asan Antivibrasiya Ma\u015f\u0131nlar\u0131na D\u0259st\u0259k \u00fc\u00e7\u00fcn istifad\u0259 edil\u0259 bil\u0259r Ma\u015f\u0131nlar\u0131n b\u0259rkidilm\u0259si \u00fc\u00e7\u00fcn istifad\u0259 edil\u0259 bil\u0259r T\u018fTB\u0130QL\u018fR ANT\u0130V\u0130BRASYON D\u018fST\u018fKL\u018fR\u0130: Ki\u00e7ik hava kompressorlar\u0131 \u2013 Nasoslar \u2013 Fanlar \u2013 Kondisionerl\u0259r v\u0259 s. Bir qayda olaraq, Vibro-MP.F-d\u0259n y\u00fcng\u00fcl avadanl\u0131q \u00fc\u00e7\u00fcn istifad\u0259 etm\u0259k t\u00f6vsiy\u0259 olunur, burada ma\u015f\u0131n\u0131n dayaq bazas\u0131 ki\u00e7ik bir da\u015f\u0131y\u0131c\u0131 s\u0259th\u0259 malikdir v\u0259 poliuretan yar\u0131 qapal\u0131 h\u00fcceyr\u0259l\u0259r k\u00f6p\u00fck yast\u0131\u011f\u0131 b\u0259rab\u0259r y\u00fckl\u0259nm\u0259mi\u015fdir.  \u00d6L\u00c7\u00dcL\u018fR [Uzunluq x Eni x H\u00fcnd\u00fcrl\u00fck] 6,7 x 6,7 x 2,7 sm Daxili ip: M8 x 27 mm h\u00fcnd\u00fcrl\u00fck  D\u0130G\u018fR FORMALAR Regufoam\u00ae birl\u0259\u015fmi\u015f yay v\u0259 n\u0259ml\u0259ndirici x\u00fcsusiyy\u0259tl\u0259r\u0259 malik alt\u0131 m\u00fcxt\u0259lif s\u0259rtlik d\u0259r\u0259c\u0259sind\u0259 v\u0259 ya s\u0131xl\u0131qda istehsal olunan qar\u0131\u015f\u0131q h\u00fcceyr\u0259li poliuretan elastomerdir. Bu, Vibro-MP.F-nin \u00fcr\u0259yidir. Regufoam uy\u011fun y\u00fck diapazonlar\u0131nda olduqca a\u015fa\u011f\u0131 t\u0259bii tezlik\u0259 malikdir v\u0259 n\u0259tic\u0259d\u0259 y\u00fcks\u0259k s\u0259s izolyasiya d\u0259y\u0259rl\u0259rin\u0259 malikdir. Bundan \u0259lav\u0259, \u00e7ox a\u015fa\u011f\u0131 yay \u0259yilm\u0259 v\u0259 y\u00fcks\u0259k elastiklik g\u00f6st\u0259rir. Onun h\u00fcceyr\u0259 qurulu\u015fu statik v\u0259 dinamik \u00e7\u0259ki y\u00fckl\u0259ri alt\u0131nda q\u00fcvv\u0259l\u0259rin geni\u015f \u015f\u0259kild\u0259 tam s\u0259th \u00f6t\u00fcr\u00fclm\u0259sin\u0259 z\u0259man\u0259t verir.\" \/>\n<meta property=\"og:url\" content=\"https:\/\/climatemaster.ge\/az\/product\/vibro-mp-f-regufoam-pads-with-metal-cover\/\" \/>\n<meta property=\"og:site_name\" content=\"Climate Master\" \/>\n<meta property=\"article:modified_time\" content=\"2025-02-25T20:24:30+00:00\" \/>\n<meta property=\"og:image\" content=\"https:\/\/climatemaster.ge\/wp-content\/uploads\/2025\/02\/Vibro-MP.F-.png\" \/>\n\t<meta property=\"og:image:width\" content=\"300\" \/>\n\t<meta property=\"og:image:height\" content=\"300\" \/>\n\t<meta property=\"og:image:type\" content=\"image\/png\" \/>\n<meta name=\"twitter:card\" content=\"summary_large_image\" \/>\n<script type=\"application\/ld+json\" class=\"yoast-schema-graph\">{\"@context\":\"https:\/\/schema.org\",\"@graph\":[{\"@type\":\"WebPage\",\"@id\":\"https:\/\/climatemaster.ge\/az\/product\/vibro-mp-f-regufoam-pads-with-metal-cover\/\",\"url\":\"https:\/\/climatemaster.ge\/az\/product\/vibro-mp-f-regufoam-pads-with-metal-cover\/\",\"name\":\"Vibro-MP.F : Metal Qapaql\u0131 Regufoam\u00ae Yast\u0131qlar\u0131 - Climate Master\",\"isPartOf\":{\"@id\":\"https:\/\/climatemaster.ge\/#website\"},\"primaryImageOfPage\":{\"@id\":\"https:\/\/climatemaster.ge\/az\/product\/vibro-mp-f-regufoam-pads-with-metal-cover\/#primaryimage\"},\"image\":{\"@id\":\"https:\/\/climatemaster.ge\/az\/product\/vibro-mp-f-regufoam-pads-with-metal-cover\/#primaryimage\"},\"thumbnailUrl\":\"https:\/\/climatemaster.ge\/wp-content\/uploads\/2025\/02\/Vibro-MP.F-.png\",\"datePublished\":\"2025-02-07T12:51:26+00:00\",\"dateModified\":\"2025-02-25T20:24:30+00:00\",\"breadcrumb\":{\"@id\":\"https:\/\/climatemaster.ge\/az\/product\/vibro-mp-f-regufoam-pads-with-metal-cover\/#breadcrumb\"},\"inLanguage\":\"az\",\"potentialAction\":[{\"@type\":\"ReadAction\",\"target\":[\"https:\/\/climatemaster.ge\/az\/product\/vibro-mp-f-regufoam-pads-with-metal-cover\/\"]}]},{\"@type\":\"ImageObject\",\"inLanguage\":\"az\",\"@id\":\"https:\/\/climatemaster.ge\/az\/product\/vibro-mp-f-regufoam-pads-with-metal-cover\/#primaryimage\",\"url\":\"https:\/\/climatemaster.ge\/wp-content\/uploads\/2025\/02\/Vibro-MP.F-.png\",\"contentUrl\":\"https:\/\/climatemaster.ge\/wp-content\/uploads\/2025\/02\/Vibro-MP.F-.png\",\"width\":300,\"height\":300},{\"@type\":\"BreadcrumbList\",\"@id\":\"https:\/\/climatemaster.ge\/az\/product\/vibro-mp-f-regufoam-pads-with-metal-cover\/#breadcrumb\",\"itemListElement\":[{\"@type\":\"ListItem\",\"position\":1,\"name\":\"Home\",\"item\":\"https:\/\/climatemaster.ge\/\"},{\"@type\":\"ListItem\",\"position\":2,\"name\":\"M\u0259hsullar\",\"item\":\"https:\/\/climatemaster.ge\/products\/\"},{\"@type\":\"ListItem\",\"position\":3,\"name\":\"Vibro-MP.F : Metal Qapaql\u0131 Regufoam\u00ae Yast\u0131qlar\u0131\"}]},{\"@type\":\"WebSite\",\"@id\":\"https:\/\/climatemaster.ge\/#website\",\"url\":\"https:\/\/climatemaster.ge\/\",\"name\":\"Climate Master\",\"description\":\"\",\"publisher\":{\"@id\":\"https:\/\/climatemaster.ge\/#organization\"},\"potentialAction\":[{\"@type\":\"SearchAction\",\"target\":{\"@type\":\"EntryPoint\",\"urlTemplate\":\"https:\/\/climatemaster.ge\/?s={search_term_string}\"},\"query-input\":{\"@type\":\"PropertyValueSpecification\",\"valueRequired\":true,\"valueName\":\"search_term_string\"}}],\"inLanguage\":\"az\"},{\"@type\":\"Organization\",\"@id\":\"https:\/\/climatemaster.ge\/#organization\",\"name\":\"Climate Master\",\"url\":\"https:\/\/climatemaster.ge\/\",\"logo\":{\"@type\":\"ImageObject\",\"inLanguage\":\"az\",\"@id\":\"https:\/\/climatemaster.ge\/#\/schema\/logo\/image\/\",\"url\":\"https:\/\/climatemaster.ge\/wp-content\/uploads\/2026\/03\/Untitled-2.png\",\"contentUrl\":\"https:\/\/climatemaster.ge\/wp-content\/uploads\/2026\/03\/Untitled-2.png\",\"width\":600,\"height\":338,\"caption\":\"Climate Master\"},\"image\":{\"@id\":\"https:\/\/climatemaster.ge\/#\/schema\/logo\/image\/\"}}]}<\/script>\n<!-- \/ Yoast SEO plugin. -->","yoast_head_json":{"title":"Vibro-MP.F : Metal Qapaql\u0131 Regufoam\u00ae Yast\u0131qlar\u0131 - Climate Master","robots":{"index":"index","follow":"follow","max-snippet":"max-snippet:-1","max-image-preview":"max-image-preview:large","max-video-preview":"max-video-preview:-1"},"canonical":"https:\/\/climatemaster.ge\/az\/product\/vibro-mp-f-regufoam-pads-with-metal-cover\/","og_locale":"az_AZ","og_type":"article","og_title":"Vibro-MP.F : Metal Qapaql\u0131 Regufoam\u00ae Yast\u0131qlar\u0131 - Climate Master","og_description":"T\u0259tbiq olunan y\u00fck\u00fc b\u0259rab\u0259r paylayan v\u0259 y\u00fcks\u0259k keyfiyy\u0259tli poliuretan yar\u0131 qapal\u0131 h\u00fcceyr\u0259 k\u00f6p\u00fck yast\u0131\u011f\u0131n\u0131 UV \u015f\u00fcalar\u0131ndan qoruyan Metal Qapaql\u0131 Antivibrasiya Regufoam\u00ae Pad. Vibro-MP.F vibrasiya \u0259leyhin\u0259 qur\u011fu kimi istifad\u0259 edil\u0259 bil\u0259r: Ki\u00e7ik hava kompressorlar\u0131, Kondisioner qur\u011fular\u0131, nasoslar, fanatlar v\u0259 s.  Onun ki\u00e7ik \u00f6l\u00e7\u00fcl\u0259ri a\u015fa\u011f\u0131 ma\u015f\u0131n y\u00fckl\u0259ri \u00fc\u00e7\u00fcn a\u015fa\u011f\u0131 qiym\u0259t v\u0259 s\u0259m\u0259r\u0259li h\u0259ll t\u0259klif edir.  Vibro-MP.F Regufoam\u00ae yast\u0131qdan v\u0259 x\u00fcsusi formala\u015fd\u0131r\u0131lm\u0131\u015f sinkl\u0259nmi\u015f metal \u00f6rt\u00fckd\u0259n ibar\u0259tdir. D\u0259zgah\u0131n \u0259sas\u0131 il\u0259 y\u00fcks\u0259k keyfiyy\u0259tli poliuretan yar\u0131 qapal\u0131 h\u00fcceyr\u0259l\u0259r k\u00f6p\u00fck yast\u0131\u011f\u0131 aras\u0131nda polad \u00f6rt\u00fcy\u00fcn \u015f\u0259fa\u0259ti, y\u00fck\u00fcn Regufoam elementinin b\u00fct\u00fcn s\u0259thin\u0259 b\u0259rab\u0259r paylanmas\u0131n\u0131 t\u0259min edir. Eyni zamanda, \u00f6rt\u00fck yast\u0131\u011f\u0131 g\u00fcn\u0259\u015f UV radiasiyas\u0131ndan v\u0259 ya\u011flardan qoruyur. Qapa\u011f\u0131n yuxar\u0131 t\u0259r\u0259finin ortas\u0131nda, b\u0259rkidilm\u0259si \u00fc\u00e7\u00fcn daxili M8 x 27 mm vint qura\u015fd\u0131r\u0131lm\u0131\u015fd\u0131r. ma\u015f\u0131n vibrasiya \u0259leyhin\u0259 qur\u011fuda.  H\u0259r b\u0259rkitm\u0259 \u00fc\u00e7\u00fcn maksimum y\u00fck\u0259 g\u00f6r\u0259 bu m\u0259hsul \u00fc\u00e7\u00fcn d\u00f6rd r\u0259ng kodlu Regufoam\u00ae n\u00f6v\u00fc var.  Bu m\u0259hsuldan istifad\u0259 ed\u0259rk\u0259n, yuyucusu olan iki qozdan istifad\u0259 ed\u0259r\u0259k h\u00fcnd\u00fcrl\u00fcy\u00fcn t\u0259nziml\u0259nm\u0259sin\u0259 nail olmaq m\u00fcmk\u00fcnd\u00fcr (daxil deyil).  Niy\u0259 Vibro-MP.F | se\u00e7in Metal Qapaql\u0131 Antivibrasiya Regufoam\u00ae Yast\u0131qlar\u0131:  Qura\u015fd\u0131rmaq asan Antivibrasiya Ma\u015f\u0131nlar\u0131na D\u0259st\u0259k \u00fc\u00e7\u00fcn istifad\u0259 edil\u0259 bil\u0259r Ma\u015f\u0131nlar\u0131n b\u0259rkidilm\u0259si \u00fc\u00e7\u00fcn istifad\u0259 edil\u0259 bil\u0259r T\u018fTB\u0130QL\u018fR ANT\u0130V\u0130BRASYON D\u018fST\u018fKL\u018fR\u0130: Ki\u00e7ik hava kompressorlar\u0131 \u2013 Nasoslar \u2013 Fanlar \u2013 Kondisionerl\u0259r v\u0259 s. Bir qayda olaraq, Vibro-MP.F-d\u0259n y\u00fcng\u00fcl avadanl\u0131q \u00fc\u00e7\u00fcn istifad\u0259 etm\u0259k t\u00f6vsiy\u0259 olunur, burada ma\u015f\u0131n\u0131n dayaq bazas\u0131 ki\u00e7ik bir da\u015f\u0131y\u0131c\u0131 s\u0259th\u0259 malikdir v\u0259 poliuretan yar\u0131 qapal\u0131 h\u00fcceyr\u0259l\u0259r k\u00f6p\u00fck yast\u0131\u011f\u0131 b\u0259rab\u0259r y\u00fckl\u0259nm\u0259mi\u015fdir.  \u00d6L\u00c7\u00dcL\u018fR [Uzunluq x Eni x H\u00fcnd\u00fcrl\u00fck] 6,7 x 6,7 x 2,7 sm Daxili ip: M8 x 27 mm h\u00fcnd\u00fcrl\u00fck  D\u0130G\u018fR FORMALAR Regufoam\u00ae birl\u0259\u015fmi\u015f yay v\u0259 n\u0259ml\u0259ndirici x\u00fcsusiyy\u0259tl\u0259r\u0259 malik alt\u0131 m\u00fcxt\u0259lif s\u0259rtlik d\u0259r\u0259c\u0259sind\u0259 v\u0259 ya s\u0131xl\u0131qda istehsal olunan qar\u0131\u015f\u0131q h\u00fcceyr\u0259li poliuretan elastomerdir. Bu, Vibro-MP.F-nin \u00fcr\u0259yidir. Regufoam uy\u011fun y\u00fck diapazonlar\u0131nda olduqca a\u015fa\u011f\u0131 t\u0259bii tezlik\u0259 malikdir v\u0259 n\u0259tic\u0259d\u0259 y\u00fcks\u0259k s\u0259s izolyasiya d\u0259y\u0259rl\u0259rin\u0259 malikdir. Bundan \u0259lav\u0259, \u00e7ox a\u015fa\u011f\u0131 yay \u0259yilm\u0259 v\u0259 y\u00fcks\u0259k elastiklik g\u00f6st\u0259rir. Onun h\u00fcceyr\u0259 qurulu\u015fu statik v\u0259 dinamik \u00e7\u0259ki y\u00fckl\u0259ri alt\u0131nda q\u00fcvv\u0259l\u0259rin geni\u015f \u015f\u0259kild\u0259 tam s\u0259th \u00f6t\u00fcr\u00fclm\u0259sin\u0259 z\u0259man\u0259t verir.","og_url":"https:\/\/climatemaster.ge\/az\/product\/vibro-mp-f-regufoam-pads-with-metal-cover\/","og_site_name":"Climate Master","article_modified_time":"2025-02-25T20:24:30+00:00","og_image":[{"width":300,"height":300,"url":"https:\/\/climatemaster.ge\/wp-content\/uploads\/2025\/02\/Vibro-MP.F-.png","type":"image\/png"}],"twitter_card":"summary_large_image","schema":{"@context":"https:\/\/schema.org","@graph":[{"@type":"WebPage","@id":"https:\/\/climatemaster.ge\/az\/product\/vibro-mp-f-regufoam-pads-with-metal-cover\/","url":"https:\/\/climatemaster.ge\/az\/product\/vibro-mp-f-regufoam-pads-with-metal-cover\/","name":"Vibro-MP.F : Metal Qapaql\u0131 Regufoam\u00ae Yast\u0131qlar\u0131 - Climate Master","isPartOf":{"@id":"https:\/\/climatemaster.ge\/#website"},"primaryImageOfPage":{"@id":"https:\/\/climatemaster.ge\/az\/product\/vibro-mp-f-regufoam-pads-with-metal-cover\/#primaryimage"},"image":{"@id":"https:\/\/climatemaster.ge\/az\/product\/vibro-mp-f-regufoam-pads-with-metal-cover\/#primaryimage"},"thumbnailUrl":"https:\/\/climatemaster.ge\/wp-content\/uploads\/2025\/02\/Vibro-MP.F-.png","datePublished":"2025-02-07T12:51:26+00:00","dateModified":"2025-02-25T20:24:30+00:00","breadcrumb":{"@id":"https:\/\/climatemaster.ge\/az\/product\/vibro-mp-f-regufoam-pads-with-metal-cover\/#breadcrumb"},"inLanguage":"az","potentialAction":[{"@type":"ReadAction","target":["https:\/\/climatemaster.ge\/az\/product\/vibro-mp-f-regufoam-pads-with-metal-cover\/"]}]},{"@type":"ImageObject","inLanguage":"az","@id":"https:\/\/climatemaster.ge\/az\/product\/vibro-mp-f-regufoam-pads-with-metal-cover\/#primaryimage","url":"https:\/\/climatemaster.ge\/wp-content\/uploads\/2025\/02\/Vibro-MP.F-.png","contentUrl":"https:\/\/climatemaster.ge\/wp-content\/uploads\/2025\/02\/Vibro-MP.F-.png","width":300,"height":300},{"@type":"BreadcrumbList","@id":"https:\/\/climatemaster.ge\/az\/product\/vibro-mp-f-regufoam-pads-with-metal-cover\/#breadcrumb","itemListElement":[{"@type":"ListItem","position":1,"name":"Home","item":"https:\/\/climatemaster.ge\/"},{"@type":"ListItem","position":2,"name":"M\u0259hsullar","item":"https:\/\/climatemaster.ge\/products\/"},{"@type":"ListItem","position":3,"name":"Vibro-MP.F : Metal Qapaql\u0131 Regufoam\u00ae Yast\u0131qlar\u0131"}]},{"@type":"WebSite","@id":"https:\/\/climatemaster.ge\/#website","url":"https:\/\/climatemaster.ge\/","name":"Climate Master","description":"","publisher":{"@id":"https:\/\/climatemaster.ge\/#organization"},"potentialAction":[{"@type":"SearchAction","target":{"@type":"EntryPoint","urlTemplate":"https:\/\/climatemaster.ge\/?s={search_term_string}"},"query-input":{"@type":"PropertyValueSpecification","valueRequired":true,"valueName":"search_term_string"}}],"inLanguage":"az"},{"@type":"Organization","@id":"https:\/\/climatemaster.ge\/#organization","name":"Climate Master","url":"https:\/\/climatemaster.ge\/","logo":{"@type":"ImageObject","inLanguage":"az","@id":"https:\/\/climatemaster.ge\/#\/schema\/logo\/image\/","url":"https:\/\/climatemaster.ge\/wp-content\/uploads\/2026\/03\/Untitled-2.png","contentUrl":"https:\/\/climatemaster.ge\/wp-content\/uploads\/2026\/03\/Untitled-2.png","width":600,"height":338,"caption":"Climate Master"},"image":{"@id":"https:\/\/climatemaster.ge\/#\/schema\/logo\/image\/"}}]}},"_links":{"self":[{"href":"https:\/\/climatemaster.ge\/az\/wp-json\/wp\/v2\/product\/23737","targetHints":{"allow":["GET"]}}],"collection":[{"href":"https:\/\/climatemaster.ge\/az\/wp-json\/wp\/v2\/product"}],"about":[{"href":"https:\/\/climatemaster.ge\/az\/wp-json\/wp\/v2\/types\/product"}],"wp:featuredmedia":[{"embeddable":true,"href":"https:\/\/climatemaster.ge\/az\/wp-json\/wp\/v2\/media\/22250"}],"wp:attachment":[{"href":"https:\/\/climatemaster.ge\/az\/wp-json\/wp\/v2\/media?parent=23737"}],"wp:term":[{"taxonomy":"product_brand","embeddable":true,"href":"https:\/\/climatemaster.ge\/az\/wp-json\/wp\/v2\/product_brand?post=23737"},{"taxonomy":"product_cat","embeddable":true,"href":"https:\/\/climatemaster.ge\/az\/wp-json\/wp\/v2\/product_cat?post=23737"},{"taxonomy":"product_tag","embeddable":true,"href":"https:\/\/climatemaster.ge\/az\/wp-json\/wp\/v2\/product_tag?post=23737"}],"curies":[{"name":"wp","href":"https:\/\/api.w.org\/{rel}","templated":true}]}}