{"id":23733,"date":"2025-02-07T17:26:10","date_gmt":"2025-02-07T13:26:10","guid":{"rendered":"https:\/\/airsystems.ge\/shop\/product\/vibro-lb-f-anti-vibration-braces-for-floating-drywall-systems-with-regufoam\/"},"modified":"2025-02-26T00:24:30","modified_gmt":"2025-02-25T20:24:30","slug":"vibro-lb-f-anti-vibration-braces-for-floating-drywall-systems-with-regufoam","status":"publish","type":"product","link":"https:\/\/climatemaster.ge\/az\/product\/vibro-lb-f-anti-vibration-braces-for-floating-drywall-systems-with-regufoam\/","title":{"rendered":"Vibro-LB.F: Regufoam\u00ae il\u0259 \u00fcz\u0259n al\u00e7\u0131pan sisteml\u0259ri \u00fc\u00e7\u00fcn vibrasiya \u0259leyhin\u0259 m\u00f6t\u0259riz\u0259l\u0259r"},"content":{"rendered":"<p><a class=\"swipebox\" title=\"Vibro LB.F Selection Table\" href=\"https:\/\/antivibration-systems.com\/wp-content\/uploads\/2012\/10\/Vibro-LB.F-Selection-Table.jpg\" data-rel=\"lightbox-gallery-bGlnaHRib3gtZ2FsbGVyeS0w\" data-rl_title=\"Vibro LB.F Selection Table\" data-rl_caption=\"\"><img loading=\"lazy\" decoding=\"async\" class=\"aligncenter wp-image-10744\" src=\"https:\/\/antivibration-systems.com\/wp-content\/uploads\/2012\/10\/Vibro-LB.F-Selection-Table.jpg\" alt=\"Selection Table of Vibro-LB.F\" width=\"412\" height=\"117\" \/><\/a><\/p>\n","protected":false},"excerpt":{"rendered":"<p>Kifay\u0259t q\u0259d\u0259r y\u00fcks\u0259k h\u00fcnd\u00fcrl\u00fcy\u00fc 2,5 metrd\u0259n \u00e7ox olan quru konstruksiyal\u0131 divarlar \u00fc\u00e7\u00fcn\u00a0Vibro-LB.F\u00a0vibrasiya \u0259leyhin\u0259 m\u00f6t\u0259riz\u0259l\u0259rin istifad\u0259si t\u00f6vsiy\u0259 olunur. Bu anti-vibrasiya sistemind\u0259n istifad\u0259nin m\u0259qs\u0259di divar sisteminin dinamik s\u0259rtliyini art\u0131rmaqd\u0131r. Bu, binan\u0131n struktur hiss\u0259sin\u0259 arzuolunmaz vibrasiyan\u0131n \u00f6t\u00fcr\u00fclm\u0259sini m\u0259hdudla\u015fd\u0131r\u0131r.<\/p>\n<p>Bu m\u00f6t\u0259riz\u0259nin istifad\u0259si iki divar aras\u0131nda s\u0259s k\u00f6rp\u00fcs\u00fcn\u00fcn yaranmas\u0131n\u0131n qar\u015f\u0131s\u0131n\u0131 al\u0131r v\u0259 bel\u0259likl\u0259 struktur s\u0259s-k\u00fcy\u00fcn\u00fcn s\u0259s izolyasiyas\u0131na nail olur.<\/p>\n<p>Aral\u0131q metal elementin daxil edilm\u0259si il\u0259 onun a\u011f\u0131ll\u0131 konstruksiyas\u0131 h\u0259m s\u0131x\u0131lma, h\u0259m d\u0259 dart\u0131lma q\u00fcvv\u0259l\u0259rini m\u0259hdudla\u015fd\u0131rma\u011fa imkan verir.Onu gips kartonunun \u015faquli \u015ftamp\u0131na b\u0259rkitm\u0259k \u00a0ke\u00e7id vidas\u0131n\u0131n istifad\u0259sini t\u0259l\u0259b etmir, onu metal \u015ftampla birl\u0259\u015fdir\u0259n \u00fcmumi \u00f6z\u00fcn\u00fc vurma vintl\u0259rind\u0259n istifad\u0259 etm\u0259k kifay\u0259tdir.<\/p>\n<p>Aral\u0131q vibrasiya \u0259leyhin\u0259 element yar\u0131 qapal\u0131 poliuretan k\u00f6p\u00fckd\u0259n (Regufoam) haz\u0131rlan\u0131r.<\/p>\n<p>Kifay\u0259t q\u0259d\u0259r geni\u015f bir y\u00fck aral\u0131\u011f\u0131n\u0131 \u0259hat\u0259 etm\u0259k \u00fc\u00e7\u00fcn uy\u011fun olan m\u00fcxt\u0259lif n\u00f6v s\u0259rtlik v\u0259 s\u0131xl\u0131q d\u0259r\u0259c\u0259l\u0259ri var. M\u00fcxt\u0259lif material s\u0131xl\u0131qlar\u0131 se\u00e7im asanl\u0131\u011f\u0131 \u00fc\u00e7\u00fcn r\u0259ngl\u0259 kodlan\u0131r. Poliuretan k\u00f6p\u00fcy\u00fcn mexaniki v\u0259 dinamik xarakteristikas\u0131 \u00fc\u00e7\u00fcn b\u00fct\u00fcn diaqramlar v\u0259 sertifikatlar ist\u0259k \u0259sas\u0131nda m\u00f6vcuddur.<\/p>\n<p>Onun bazas\u0131nda qura\u015fd\u0131rma asanla\u015fd\u0131rmaq \u00fc\u00e7\u00fcn oval de\u015fikl\u0259r il\u0259 t\u0259chiz edilmi\u015fdir.A\u015fa\u011f\u0131dak\u0131 \u015f\u0259kil onun \u0259sas \u00f6l\u00e7\u00fcl\u0259rini g\u00f6st\u0259rir:<\/p>\n<p><a class=\"swipebox\" href=\"https:\/\/antivibration-systems.com\/wp-content\/uploads\/2012\/10\/Vibro-LB.F-Dimensions.jpg\" target=\"_blank\" rel=\"noopener\" data-rel=\"lightbox-gallery-bGlnaHRib3gtZ2FsbGVyeS0w\" data-rl_title=\"Vibro LB.F Dimensions\" data-rl_caption=\"\"><img loading=\"lazy\" decoding=\"async\" class=\"aligncenter wp-image-10594\" title=\"Vibro LB.F Dimensions\" src=\"https:\/\/antivibration-systems.com\/wp-content\/uploads\/2012\/10\/Vibro-LB.F-Dimensions.jpg\" alt=\"Vibro-LB.F- Floating wall antivibration system Dimensions\" width=\"300\" height=\"300\" \/><\/a><\/p>\n<p>Niy\u0259 Vibro-LB.F istifad\u0259 olunur?<\/p>\n<p>\u2013 \u0130kiqat divarlar aras\u0131nda birba\u015fa \u0259laq\u0259nin qar\u015f\u0131s\u0131n\u0131 almaq v\u0259 onlar\u0131n s\u0259rtliyini art\u0131rmaq.<\/p>\n<p>\u2013 Z\u0259lz\u0259l\u0259 zaman\u0131 divarlar\u0131n b\u00fck\u00fclm\u0259sinin qar\u015f\u0131s\u0131n\u0131 almaq \u00fc\u00e7\u00fcn.<\/p>\n<p>\u2013 S\u0259rt birl\u0259\u015fm\u0259l\u0259rin arzuolunmaz s\u0259s k\u00f6rp\u00fcs\u00fcn\u0259 s\u0259b\u0259b olaca\u011f\u0131 t\u0259kmil s\u0259s izolyasiyas\u0131 \u00fc\u00e7\u00fcn ikinci d\u0259r\u0259c\u0259li divar t\u0259tbiq edildikd\u0259 faydal\u0131d\u0131r.<\/p>\n","protected":false},"featured_media":22256,"template":"","meta":[],"product_brand":[],"product_cat":[927],"product_tag":[],"class_list":{"0":"post-23733","1":"product","2":"type-product","3":"status-publish","4":"has-post-thumbnail","6":"product_cat-vibrasiya-anti-ss-kuy-akustik-az","8":"first","9":"instock","10":"shipping-taxable","11":"product-type-simple"},"yoast_head":"<!-- This site is optimized with the Yoast SEO plugin v27.1.1 - https:\/\/yoast.com\/product\/yoast-seo-wordpress\/ -->\n<title>Vibro-LB.F: Regufoam\u00ae il\u0259 \u00fcz\u0259n al\u00e7\u0131pan sisteml\u0259ri \u00fc\u00e7\u00fcn vibrasiya \u0259leyhin\u0259 m\u00f6t\u0259riz\u0259l\u0259r - Climate Master<\/title>\n<meta name=\"robots\" content=\"index, follow, max-snippet:-1, max-image-preview:large, max-video-preview:-1\" \/>\n<link rel=\"canonical\" href=\"https:\/\/climatemaster.ge\/az\/product\/vibro-lb-f-anti-vibration-braces-for-floating-drywall-systems-with-regufoam\/\" \/>\n<meta property=\"og:locale\" content=\"az_AZ\" \/>\n<meta property=\"og:type\" content=\"article\" \/>\n<meta property=\"og:title\" content=\"Vibro-LB.F: Regufoam\u00ae il\u0259 \u00fcz\u0259n al\u00e7\u0131pan sisteml\u0259ri \u00fc\u00e7\u00fcn vibrasiya \u0259leyhin\u0259 m\u00f6t\u0259riz\u0259l\u0259r - Climate Master\" \/>\n<meta property=\"og:description\" content=\"Kifay\u0259t q\u0259d\u0259r y\u00fcks\u0259k h\u00fcnd\u00fcrl\u00fcy\u00fc 2,5 metrd\u0259n \u00e7ox olan quru konstruksiyal\u0131 divarlar \u00fc\u00e7\u00fcn\u00a0Vibro-LB.F\u00a0vibrasiya \u0259leyhin\u0259 m\u00f6t\u0259riz\u0259l\u0259rin istifad\u0259si t\u00f6vsiy\u0259 olunur. Bu anti-vibrasiya sistemind\u0259n istifad\u0259nin m\u0259qs\u0259di divar sisteminin dinamik s\u0259rtliyini art\u0131rmaqd\u0131r. Bu, binan\u0131n struktur hiss\u0259sin\u0259 arzuolunmaz vibrasiyan\u0131n \u00f6t\u00fcr\u00fclm\u0259sini m\u0259hdudla\u015fd\u0131r\u0131r.  Bu m\u00f6t\u0259riz\u0259nin istifad\u0259si iki divar aras\u0131nda s\u0259s k\u00f6rp\u00fcs\u00fcn\u00fcn yaranmas\u0131n\u0131n qar\u015f\u0131s\u0131n\u0131 al\u0131r v\u0259 bel\u0259likl\u0259 struktur s\u0259s-k\u00fcy\u00fcn\u00fcn s\u0259s izolyasiyas\u0131na nail olur.  Aral\u0131q metal elementin daxil edilm\u0259si il\u0259 onun a\u011f\u0131ll\u0131 konstruksiyas\u0131 h\u0259m s\u0131x\u0131lma, h\u0259m d\u0259 dart\u0131lma q\u00fcvv\u0259l\u0259rini m\u0259hdudla\u015fd\u0131rma\u011fa imkan verir.Onu gips kartonunun \u015faquli \u015ftamp\u0131na b\u0259rkitm\u0259k \u00a0ke\u00e7id vidas\u0131n\u0131n istifad\u0259sini t\u0259l\u0259b etmir, onu metal \u015ftampla birl\u0259\u015fdir\u0259n \u00fcmumi \u00f6z\u00fcn\u00fc vurma vintl\u0259rind\u0259n istifad\u0259 etm\u0259k kifay\u0259tdir.  Aral\u0131q vibrasiya \u0259leyhin\u0259 element yar\u0131 qapal\u0131 poliuretan k\u00f6p\u00fckd\u0259n (Regufoam) haz\u0131rlan\u0131r.  Kifay\u0259t q\u0259d\u0259r geni\u015f bir y\u00fck aral\u0131\u011f\u0131n\u0131 \u0259hat\u0259 etm\u0259k \u00fc\u00e7\u00fcn uy\u011fun olan m\u00fcxt\u0259lif n\u00f6v s\u0259rtlik v\u0259 s\u0131xl\u0131q d\u0259r\u0259c\u0259l\u0259ri var. M\u00fcxt\u0259lif material s\u0131xl\u0131qlar\u0131 se\u00e7im asanl\u0131\u011f\u0131 \u00fc\u00e7\u00fcn r\u0259ngl\u0259 kodlan\u0131r. Poliuretan k\u00f6p\u00fcy\u00fcn mexaniki v\u0259 dinamik xarakteristikas\u0131 \u00fc\u00e7\u00fcn b\u00fct\u00fcn diaqramlar v\u0259 sertifikatlar ist\u0259k \u0259sas\u0131nda m\u00f6vcuddur.  Onun bazas\u0131nda qura\u015fd\u0131rma asanla\u015fd\u0131rmaq \u00fc\u00e7\u00fcn oval de\u015fikl\u0259r il\u0259 t\u0259chiz edilmi\u015fdir.A\u015fa\u011f\u0131dak\u0131 \u015f\u0259kil onun \u0259sas \u00f6l\u00e7\u00fcl\u0259rini g\u00f6st\u0259rir:    Niy\u0259 Vibro-LB.F istifad\u0259 olunur?  \u2013 \u0130kiqat divarlar aras\u0131nda birba\u015fa \u0259laq\u0259nin qar\u015f\u0131s\u0131n\u0131 almaq v\u0259 onlar\u0131n s\u0259rtliyini art\u0131rmaq.  \u2013 Z\u0259lz\u0259l\u0259 zaman\u0131 divarlar\u0131n b\u00fck\u00fclm\u0259sinin qar\u015f\u0131s\u0131n\u0131 almaq \u00fc\u00e7\u00fcn.  \u2013 S\u0259rt birl\u0259\u015fm\u0259l\u0259rin arzuolunmaz s\u0259s k\u00f6rp\u00fcs\u00fcn\u0259 s\u0259b\u0259b olaca\u011f\u0131 t\u0259kmil s\u0259s izolyasiyas\u0131 \u00fc\u00e7\u00fcn ikinci d\u0259r\u0259c\u0259li divar t\u0259tbiq edildikd\u0259 faydal\u0131d\u0131r.\" \/>\n<meta property=\"og:url\" content=\"https:\/\/climatemaster.ge\/az\/product\/vibro-lb-f-anti-vibration-braces-for-floating-drywall-systems-with-regufoam\/\" \/>\n<meta property=\"og:site_name\" content=\"Climate Master\" \/>\n<meta property=\"article:modified_time\" content=\"2025-02-25T20:24:30+00:00\" \/>\n<meta property=\"og:image\" content=\"https:\/\/climatemaster.ge\/wp-content\/uploads\/2025\/02\/VIBRO-LB.F.jpg\" \/>\n\t<meta property=\"og:image:width\" content=\"800\" \/>\n\t<meta property=\"og:image:height\" content=\"600\" \/>\n\t<meta property=\"og:image:type\" content=\"image\/jpeg\" \/>\n<meta name=\"twitter:card\" content=\"summary_large_image\" \/>\n<script type=\"application\/ld+json\" class=\"yoast-schema-graph\">{\"@context\":\"https:\/\/schema.org\",\"@graph\":[{\"@type\":\"WebPage\",\"@id\":\"https:\/\/climatemaster.ge\/az\/product\/vibro-lb-f-anti-vibration-braces-for-floating-drywall-systems-with-regufoam\/\",\"url\":\"https:\/\/climatemaster.ge\/az\/product\/vibro-lb-f-anti-vibration-braces-for-floating-drywall-systems-with-regufoam\/\",\"name\":\"Vibro-LB.F: Regufoam\u00ae il\u0259 \u00fcz\u0259n al\u00e7\u0131pan sisteml\u0259ri \u00fc\u00e7\u00fcn vibrasiya \u0259leyhin\u0259 m\u00f6t\u0259riz\u0259l\u0259r - Climate Master\",\"isPartOf\":{\"@id\":\"https:\/\/climatemaster.ge\/#website\"},\"primaryImageOfPage\":{\"@id\":\"https:\/\/climatemaster.ge\/az\/product\/vibro-lb-f-anti-vibration-braces-for-floating-drywall-systems-with-regufoam\/#primaryimage\"},\"image\":{\"@id\":\"https:\/\/climatemaster.ge\/az\/product\/vibro-lb-f-anti-vibration-braces-for-floating-drywall-systems-with-regufoam\/#primaryimage\"},\"thumbnailUrl\":\"https:\/\/climatemaster.ge\/wp-content\/uploads\/2025\/02\/VIBRO-LB.F.jpg\",\"datePublished\":\"2025-02-07T13:26:10+00:00\",\"dateModified\":\"2025-02-25T20:24:30+00:00\",\"breadcrumb\":{\"@id\":\"https:\/\/climatemaster.ge\/az\/product\/vibro-lb-f-anti-vibration-braces-for-floating-drywall-systems-with-regufoam\/#breadcrumb\"},\"inLanguage\":\"az\",\"potentialAction\":[{\"@type\":\"ReadAction\",\"target\":[\"https:\/\/climatemaster.ge\/az\/product\/vibro-lb-f-anti-vibration-braces-for-floating-drywall-systems-with-regufoam\/\"]}]},{\"@type\":\"ImageObject\",\"inLanguage\":\"az\",\"@id\":\"https:\/\/climatemaster.ge\/az\/product\/vibro-lb-f-anti-vibration-braces-for-floating-drywall-systems-with-regufoam\/#primaryimage\",\"url\":\"https:\/\/climatemaster.ge\/wp-content\/uploads\/2025\/02\/VIBRO-LB.F.jpg\",\"contentUrl\":\"https:\/\/climatemaster.ge\/wp-content\/uploads\/2025\/02\/VIBRO-LB.F.jpg\",\"width\":800,\"height\":600},{\"@type\":\"BreadcrumbList\",\"@id\":\"https:\/\/climatemaster.ge\/az\/product\/vibro-lb-f-anti-vibration-braces-for-floating-drywall-systems-with-regufoam\/#breadcrumb\",\"itemListElement\":[{\"@type\":\"ListItem\",\"position\":1,\"name\":\"Home\",\"item\":\"https:\/\/climatemaster.ge\/\"},{\"@type\":\"ListItem\",\"position\":2,\"name\":\"M\u0259hsullar\",\"item\":\"https:\/\/climatemaster.ge\/products\/\"},{\"@type\":\"ListItem\",\"position\":3,\"name\":\"Vibro-LB.F: Regufoam\u00ae il\u0259 \u00fcz\u0259n al\u00e7\u0131pan sisteml\u0259ri \u00fc\u00e7\u00fcn vibrasiya \u0259leyhin\u0259 m\u00f6t\u0259riz\u0259l\u0259r\"}]},{\"@type\":\"WebSite\",\"@id\":\"https:\/\/climatemaster.ge\/#website\",\"url\":\"https:\/\/climatemaster.ge\/\",\"name\":\"Climate Master\",\"description\":\"\",\"publisher\":{\"@id\":\"https:\/\/climatemaster.ge\/#organization\"},\"potentialAction\":[{\"@type\":\"SearchAction\",\"target\":{\"@type\":\"EntryPoint\",\"urlTemplate\":\"https:\/\/climatemaster.ge\/?s={search_term_string}\"},\"query-input\":{\"@type\":\"PropertyValueSpecification\",\"valueRequired\":true,\"valueName\":\"search_term_string\"}}],\"inLanguage\":\"az\"},{\"@type\":\"Organization\",\"@id\":\"https:\/\/climatemaster.ge\/#organization\",\"name\":\"Climate Master\",\"url\":\"https:\/\/climatemaster.ge\/\",\"logo\":{\"@type\":\"ImageObject\",\"inLanguage\":\"az\",\"@id\":\"https:\/\/climatemaster.ge\/#\/schema\/logo\/image\/\",\"url\":\"https:\/\/climatemaster.ge\/wp-content\/uploads\/2026\/03\/Untitled-2.png\",\"contentUrl\":\"https:\/\/climatemaster.ge\/wp-content\/uploads\/2026\/03\/Untitled-2.png\",\"width\":600,\"height\":338,\"caption\":\"Climate Master\"},\"image\":{\"@id\":\"https:\/\/climatemaster.ge\/#\/schema\/logo\/image\/\"}}]}<\/script>\n<!-- \/ Yoast SEO plugin. -->","yoast_head_json":{"title":"Vibro-LB.F: Regufoam\u00ae il\u0259 \u00fcz\u0259n al\u00e7\u0131pan sisteml\u0259ri \u00fc\u00e7\u00fcn vibrasiya \u0259leyhin\u0259 m\u00f6t\u0259riz\u0259l\u0259r - Climate Master","robots":{"index":"index","follow":"follow","max-snippet":"max-snippet:-1","max-image-preview":"max-image-preview:large","max-video-preview":"max-video-preview:-1"},"canonical":"https:\/\/climatemaster.ge\/az\/product\/vibro-lb-f-anti-vibration-braces-for-floating-drywall-systems-with-regufoam\/","og_locale":"az_AZ","og_type":"article","og_title":"Vibro-LB.F: Regufoam\u00ae il\u0259 \u00fcz\u0259n al\u00e7\u0131pan sisteml\u0259ri \u00fc\u00e7\u00fcn vibrasiya \u0259leyhin\u0259 m\u00f6t\u0259riz\u0259l\u0259r - Climate Master","og_description":"Kifay\u0259t q\u0259d\u0259r y\u00fcks\u0259k h\u00fcnd\u00fcrl\u00fcy\u00fc 2,5 metrd\u0259n \u00e7ox olan quru konstruksiyal\u0131 divarlar \u00fc\u00e7\u00fcn\u00a0Vibro-LB.F\u00a0vibrasiya \u0259leyhin\u0259 m\u00f6t\u0259riz\u0259l\u0259rin istifad\u0259si t\u00f6vsiy\u0259 olunur. Bu anti-vibrasiya sistemind\u0259n istifad\u0259nin m\u0259qs\u0259di divar sisteminin dinamik s\u0259rtliyini art\u0131rmaqd\u0131r. Bu, binan\u0131n struktur hiss\u0259sin\u0259 arzuolunmaz vibrasiyan\u0131n \u00f6t\u00fcr\u00fclm\u0259sini m\u0259hdudla\u015fd\u0131r\u0131r.  Bu m\u00f6t\u0259riz\u0259nin istifad\u0259si iki divar aras\u0131nda s\u0259s k\u00f6rp\u00fcs\u00fcn\u00fcn yaranmas\u0131n\u0131n qar\u015f\u0131s\u0131n\u0131 al\u0131r v\u0259 bel\u0259likl\u0259 struktur s\u0259s-k\u00fcy\u00fcn\u00fcn s\u0259s izolyasiyas\u0131na nail olur.  Aral\u0131q metal elementin daxil edilm\u0259si il\u0259 onun a\u011f\u0131ll\u0131 konstruksiyas\u0131 h\u0259m s\u0131x\u0131lma, h\u0259m d\u0259 dart\u0131lma q\u00fcvv\u0259l\u0259rini m\u0259hdudla\u015fd\u0131rma\u011fa imkan verir.Onu gips kartonunun \u015faquli \u015ftamp\u0131na b\u0259rkitm\u0259k \u00a0ke\u00e7id vidas\u0131n\u0131n istifad\u0259sini t\u0259l\u0259b etmir, onu metal \u015ftampla birl\u0259\u015fdir\u0259n \u00fcmumi \u00f6z\u00fcn\u00fc vurma vintl\u0259rind\u0259n istifad\u0259 etm\u0259k kifay\u0259tdir.  Aral\u0131q vibrasiya \u0259leyhin\u0259 element yar\u0131 qapal\u0131 poliuretan k\u00f6p\u00fckd\u0259n (Regufoam) haz\u0131rlan\u0131r.  Kifay\u0259t q\u0259d\u0259r geni\u015f bir y\u00fck aral\u0131\u011f\u0131n\u0131 \u0259hat\u0259 etm\u0259k \u00fc\u00e7\u00fcn uy\u011fun olan m\u00fcxt\u0259lif n\u00f6v s\u0259rtlik v\u0259 s\u0131xl\u0131q d\u0259r\u0259c\u0259l\u0259ri var. M\u00fcxt\u0259lif material s\u0131xl\u0131qlar\u0131 se\u00e7im asanl\u0131\u011f\u0131 \u00fc\u00e7\u00fcn r\u0259ngl\u0259 kodlan\u0131r. Poliuretan k\u00f6p\u00fcy\u00fcn mexaniki v\u0259 dinamik xarakteristikas\u0131 \u00fc\u00e7\u00fcn b\u00fct\u00fcn diaqramlar v\u0259 sertifikatlar ist\u0259k \u0259sas\u0131nda m\u00f6vcuddur.  Onun bazas\u0131nda qura\u015fd\u0131rma asanla\u015fd\u0131rmaq \u00fc\u00e7\u00fcn oval de\u015fikl\u0259r il\u0259 t\u0259chiz edilmi\u015fdir.A\u015fa\u011f\u0131dak\u0131 \u015f\u0259kil onun \u0259sas \u00f6l\u00e7\u00fcl\u0259rini g\u00f6st\u0259rir:    Niy\u0259 Vibro-LB.F istifad\u0259 olunur?  \u2013 \u0130kiqat divarlar aras\u0131nda birba\u015fa \u0259laq\u0259nin qar\u015f\u0131s\u0131n\u0131 almaq v\u0259 onlar\u0131n s\u0259rtliyini art\u0131rmaq.  \u2013 Z\u0259lz\u0259l\u0259 zaman\u0131 divarlar\u0131n b\u00fck\u00fclm\u0259sinin qar\u015f\u0131s\u0131n\u0131 almaq \u00fc\u00e7\u00fcn.  \u2013 S\u0259rt birl\u0259\u015fm\u0259l\u0259rin arzuolunmaz s\u0259s k\u00f6rp\u00fcs\u00fcn\u0259 s\u0259b\u0259b olaca\u011f\u0131 t\u0259kmil s\u0259s izolyasiyas\u0131 \u00fc\u00e7\u00fcn ikinci d\u0259r\u0259c\u0259li divar t\u0259tbiq edildikd\u0259 faydal\u0131d\u0131r.","og_url":"https:\/\/climatemaster.ge\/az\/product\/vibro-lb-f-anti-vibration-braces-for-floating-drywall-systems-with-regufoam\/","og_site_name":"Climate Master","article_modified_time":"2025-02-25T20:24:30+00:00","og_image":[{"width":800,"height":600,"url":"https:\/\/climatemaster.ge\/wp-content\/uploads\/2025\/02\/VIBRO-LB.F.jpg","type":"image\/jpeg"}],"twitter_card":"summary_large_image","schema":{"@context":"https:\/\/schema.org","@graph":[{"@type":"WebPage","@id":"https:\/\/climatemaster.ge\/az\/product\/vibro-lb-f-anti-vibration-braces-for-floating-drywall-systems-with-regufoam\/","url":"https:\/\/climatemaster.ge\/az\/product\/vibro-lb-f-anti-vibration-braces-for-floating-drywall-systems-with-regufoam\/","name":"Vibro-LB.F: Regufoam\u00ae il\u0259 \u00fcz\u0259n al\u00e7\u0131pan sisteml\u0259ri \u00fc\u00e7\u00fcn vibrasiya \u0259leyhin\u0259 m\u00f6t\u0259riz\u0259l\u0259r - Climate Master","isPartOf":{"@id":"https:\/\/climatemaster.ge\/#website"},"primaryImageOfPage":{"@id":"https:\/\/climatemaster.ge\/az\/product\/vibro-lb-f-anti-vibration-braces-for-floating-drywall-systems-with-regufoam\/#primaryimage"},"image":{"@id":"https:\/\/climatemaster.ge\/az\/product\/vibro-lb-f-anti-vibration-braces-for-floating-drywall-systems-with-regufoam\/#primaryimage"},"thumbnailUrl":"https:\/\/climatemaster.ge\/wp-content\/uploads\/2025\/02\/VIBRO-LB.F.jpg","datePublished":"2025-02-07T13:26:10+00:00","dateModified":"2025-02-25T20:24:30+00:00","breadcrumb":{"@id":"https:\/\/climatemaster.ge\/az\/product\/vibro-lb-f-anti-vibration-braces-for-floating-drywall-systems-with-regufoam\/#breadcrumb"},"inLanguage":"az","potentialAction":[{"@type":"ReadAction","target":["https:\/\/climatemaster.ge\/az\/product\/vibro-lb-f-anti-vibration-braces-for-floating-drywall-systems-with-regufoam\/"]}]},{"@type":"ImageObject","inLanguage":"az","@id":"https:\/\/climatemaster.ge\/az\/product\/vibro-lb-f-anti-vibration-braces-for-floating-drywall-systems-with-regufoam\/#primaryimage","url":"https:\/\/climatemaster.ge\/wp-content\/uploads\/2025\/02\/VIBRO-LB.F.jpg","contentUrl":"https:\/\/climatemaster.ge\/wp-content\/uploads\/2025\/02\/VIBRO-LB.F.jpg","width":800,"height":600},{"@type":"BreadcrumbList","@id":"https:\/\/climatemaster.ge\/az\/product\/vibro-lb-f-anti-vibration-braces-for-floating-drywall-systems-with-regufoam\/#breadcrumb","itemListElement":[{"@type":"ListItem","position":1,"name":"Home","item":"https:\/\/climatemaster.ge\/"},{"@type":"ListItem","position":2,"name":"M\u0259hsullar","item":"https:\/\/climatemaster.ge\/products\/"},{"@type":"ListItem","position":3,"name":"Vibro-LB.F: Regufoam\u00ae il\u0259 \u00fcz\u0259n al\u00e7\u0131pan sisteml\u0259ri \u00fc\u00e7\u00fcn vibrasiya \u0259leyhin\u0259 m\u00f6t\u0259riz\u0259l\u0259r"}]},{"@type":"WebSite","@id":"https:\/\/climatemaster.ge\/#website","url":"https:\/\/climatemaster.ge\/","name":"Climate Master","description":"","publisher":{"@id":"https:\/\/climatemaster.ge\/#organization"},"potentialAction":[{"@type":"SearchAction","target":{"@type":"EntryPoint","urlTemplate":"https:\/\/climatemaster.ge\/?s={search_term_string}"},"query-input":{"@type":"PropertyValueSpecification","valueRequired":true,"valueName":"search_term_string"}}],"inLanguage":"az"},{"@type":"Organization","@id":"https:\/\/climatemaster.ge\/#organization","name":"Climate Master","url":"https:\/\/climatemaster.ge\/","logo":{"@type":"ImageObject","inLanguage":"az","@id":"https:\/\/climatemaster.ge\/#\/schema\/logo\/image\/","url":"https:\/\/climatemaster.ge\/wp-content\/uploads\/2026\/03\/Untitled-2.png","contentUrl":"https:\/\/climatemaster.ge\/wp-content\/uploads\/2026\/03\/Untitled-2.png","width":600,"height":338,"caption":"Climate Master"},"image":{"@id":"https:\/\/climatemaster.ge\/#\/schema\/logo\/image\/"}}]}},"_links":{"self":[{"href":"https:\/\/climatemaster.ge\/az\/wp-json\/wp\/v2\/product\/23733","targetHints":{"allow":["GET"]}}],"collection":[{"href":"https:\/\/climatemaster.ge\/az\/wp-json\/wp\/v2\/product"}],"about":[{"href":"https:\/\/climatemaster.ge\/az\/wp-json\/wp\/v2\/types\/product"}],"wp:featuredmedia":[{"embeddable":true,"href":"https:\/\/climatemaster.ge\/az\/wp-json\/wp\/v2\/media\/22256"}],"wp:attachment":[{"href":"https:\/\/climatemaster.ge\/az\/wp-json\/wp\/v2\/media?parent=23733"}],"wp:term":[{"taxonomy":"product_brand","embeddable":true,"href":"https:\/\/climatemaster.ge\/az\/wp-json\/wp\/v2\/product_brand?post=23733"},{"taxonomy":"product_cat","embeddable":true,"href":"https:\/\/climatemaster.ge\/az\/wp-json\/wp\/v2\/product_cat?post=23733"},{"taxonomy":"product_tag","embeddable":true,"href":"https:\/\/climatemaster.ge\/az\/wp-json\/wp\/v2\/product_tag?post=23733"}],"curies":[{"name":"wp","href":"https:\/\/api.w.org\/{rel}","templated":true}]}}