{"id":23727,"date":"2025-02-07T17:46:33","date_gmt":"2025-02-07T13:46:33","guid":{"rendered":"https:\/\/airsystems.ge\/shop\/product\/vibro-ch-f-suspended-anti-vibration-hanger-with-regufoam\/"},"modified":"2025-02-26T00:24:30","modified_gmt":"2025-02-25T20:24:30","slug":"vibro-ch-f-suspended-anti-vibration-hanger-with-regufoam","status":"publish","type":"product","link":"https:\/\/climatemaster.ge\/az\/product\/vibro-ch-f-suspended-anti-vibration-hanger-with-regufoam\/","title":{"rendered":"Vibro CH.F: Regufoam\u00ae il\u0259 as\u0131lm\u0131\u015f vibrasiya \u0259leyhin\u0259 as\u0131lqan."},"content":{"rendered":"<p><a class=\"swipebox\" title=\"Vibro-CH.F Selection Table\" href=\"https:\/\/antivibration-systems.com\/wp-content\/uploads\/2012\/10\/CH.F-Selection-Table.jpg\" data-rel=\"lightbox-gallery-bGlnaHRib3gtZ2FsbGVyeS0w\" data-rl_title=\"Vibro-CH.F Selection Table\" data-rl_caption=\"\"><img loading=\"lazy\" decoding=\"async\" class=\"wp-image-10722 aligncenter\" src=\"https:\/\/antivibration-systems.com\/wp-content\/uploads\/2012\/10\/CH.F-Selection-Table.jpg\" alt=\" selection table for Vibro-QH.F\" width=\"554\" height=\"156\" \/><\/a><\/p>\n","protected":false},"excerpt":{"rendered":"<p>Ventilyatorlar, kondisionerl\u0259r, gimpumboardlar v\u0259 s.<\/p>\n<p>Regufoam\u00ae il\u0259 vibrasiya \u0259leyhin\u0259 as\u0131lqan h\u0259r bir layih\u0259d\u0259 \u0259ld\u0259 edil\u0259n t\u0259bii tezliyi d\u0259yi\u015f\u0259 bil\u0259n 4 m\u00fcxt\u0259lif qal\u0131nl\u0131qda m\u00f6vcuddur.<\/p>\n<p>Bunun \u00fc\u00e7\u00fcn istifad\u0259 edil\u0259 bil\u0259r:<br \/>\nMexanizml\u0259rin vibrasiyaya qar\u015f\u0131 asq\u0131lar\u0131 (ventilyatorlar, kondisionerl\u0259r v\u0259 s.)<br \/>\nS\u0259s izolyasiya ed\u0259n asma tavan\u0131n (gips plit\u0259sinin) dayand\u0131r\u0131lmas\u0131.<br \/>\nBorular\u0131n, hava kanallar\u0131n\u0131n vibrasiyaya qar\u015f\u0131 asq\u0131s\u0131.<\/p>\n<p>Vibro CH.F \u00e7\u0259r\u00e7iv\u0259si sinkl\u0259nmi\u015f metald\u0131r. D\u0259qiq haz\u0131rlanm\u0131\u015f k\u0259sikl\u0259r onun \u00e7\u0259r\u00e7iv\u0259sinin bir \u0259lin g\u00fcc\u00fc il\u0259 \u0259ld\u0259 edil\u0259 bil\u0259n m\u00fc\u0259yy\u0259n formalarda asanl\u0131qla \u0259yilm\u0259sini t\u0259min edir. Buna g\u00f6r\u0259 d\u0259, Vibro CH.F asanl\u0131qla 4 m\u00fcxt\u0259lif formaya \u00e7evril\u0259 bil\u0259r ki, qura\u015fd\u0131r\u0131c\u0131 onu \u0259n \u0259lveri\u015fli formada istifad\u0259 etm\u0259y\u0259 k\u00f6m\u0259k etsin.<\/p>\n<p>A\u015fa\u011f\u0131dak\u0131 formalarda istifad\u0259 edil\u0259 bil\u0259r:<\/p>\n<p>Nax\u0131\u015f (1) metal asq\u0131n\u0131n profilinin h\u0259r iki t\u0259r\u0259fin\u0259 vidalanm\u0131\u015fd\u0131r.<br \/>\nNax\u0131\u015f (2) tavanda 2 anker il\u0259 sabitl\u0259nir.<br \/>\nNax\u0131\u015f (3) tavanda 1 l\u00f6vb\u0259rl\u0259 sabitl\u0259nir.<br \/>\nN\u00fcmun\u0259 (4) \u00e7\u0259ng\u0259l v\u0259 ya dig\u0259r uy\u011fun cihazla as\u0131lm\u0131\u015fd\u0131r.<\/p>\n<p>As\u0131lqan\u0131n elastik elementi Regufoam\u00ae \u0259mt\u0259\u0259 ni\u015fanl\u0131 Alman \u015firk\u0259ti BSW t\u0259r\u0259find\u0259n istehsal olunan, yar\u0131 qapal\u0131 h\u00fccr\u0259li y\u00fcks\u0259k keyfiyy\u0259tli poliuretan k\u00f6p\u00fckd\u00fcr. Drezden Universitetind\u0259 apar\u0131lm\u0131\u015f mexaniki davran\u0131\u015f diaqramlar\u0131n\u0131n v\u0259 sertifikatlar\u0131n\u0131n tam \u00e7e\u015fidi sor\u011fu \u0259sas\u0131nda m\u00f6vcuddur.<\/p>\n<p>Vibro CH.F anti-vibrasiya asq\u0131s\u0131 m\u00fcxt\u0259lif t\u0259bii tezlik \u0259ld\u0259 ed\u0259n elastik yastiqciq\u0131n\u0131n d\u00f6rd f\u0259rqli qal\u0131nl\u0131\u011f\u0131 il\u0259 m\u00f6vcuddur:<\/p>\n<p>12 mm (T\u0259bii Tezlik 17 Hz)<br \/>\n25 mm (T\u0259bii Tezlik 12 Hz)<br \/>\n37 mm (T\u0259bii Tezlik 9,5 Hz)<br \/>\n50 mm (T\u0259bii Tezlik 8 Hz)<\/p>\n","protected":false},"featured_media":22274,"template":"","meta":[],"product_brand":[],"product_cat":[927],"product_tag":[],"class_list":{"0":"post-23727","1":"product","2":"type-product","3":"status-publish","4":"has-post-thumbnail","6":"product_cat-vibrasiya-anti-ss-kuy-akustik-az","8":"first","9":"instock","10":"shipping-taxable","11":"product-type-simple"},"yoast_head":"<!-- This site is optimized with the Yoast SEO plugin v27.1.1 - https:\/\/yoast.com\/product\/yoast-seo-wordpress\/ -->\n<title>Vibro CH.F: Regufoam\u00ae il\u0259 as\u0131lm\u0131\u015f vibrasiya \u0259leyhin\u0259 as\u0131lqan. - Climate Master<\/title>\n<meta name=\"robots\" content=\"index, follow, max-snippet:-1, max-image-preview:large, max-video-preview:-1\" \/>\n<link rel=\"canonical\" href=\"https:\/\/climatemaster.ge\/az\/product\/vibro-ch-f-suspended-anti-vibration-hanger-with-regufoam\/\" \/>\n<meta property=\"og:locale\" content=\"az_AZ\" \/>\n<meta property=\"og:type\" content=\"article\" \/>\n<meta property=\"og:title\" content=\"Vibro CH.F: Regufoam\u00ae il\u0259 as\u0131lm\u0131\u015f vibrasiya \u0259leyhin\u0259 as\u0131lqan. - Climate Master\" \/>\n<meta property=\"og:description\" content=\"Ventilyatorlar, kondisionerl\u0259r, gimpumboardlar v\u0259 s.  Regufoam\u00ae il\u0259 vibrasiya \u0259leyhin\u0259 as\u0131lqan h\u0259r bir layih\u0259d\u0259 \u0259ld\u0259 edil\u0259n t\u0259bii tezliyi d\u0259yi\u015f\u0259 bil\u0259n 4 m\u00fcxt\u0259lif qal\u0131nl\u0131qda m\u00f6vcuddur.  Bunun \u00fc\u00e7\u00fcn istifad\u0259 edil\u0259 bil\u0259r: Mexanizml\u0259rin vibrasiyaya qar\u015f\u0131 asq\u0131lar\u0131 (ventilyatorlar, kondisionerl\u0259r v\u0259 s.) S\u0259s izolyasiya ed\u0259n asma tavan\u0131n (gips plit\u0259sinin) dayand\u0131r\u0131lmas\u0131. Borular\u0131n, hava kanallar\u0131n\u0131n vibrasiyaya qar\u015f\u0131 asq\u0131s\u0131.  Vibro CH.F \u00e7\u0259r\u00e7iv\u0259si sinkl\u0259nmi\u015f metald\u0131r. D\u0259qiq haz\u0131rlanm\u0131\u015f k\u0259sikl\u0259r onun \u00e7\u0259r\u00e7iv\u0259sinin bir \u0259lin g\u00fcc\u00fc il\u0259 \u0259ld\u0259 edil\u0259 bil\u0259n m\u00fc\u0259yy\u0259n formalarda asanl\u0131qla \u0259yilm\u0259sini t\u0259min edir. Buna g\u00f6r\u0259 d\u0259, Vibro CH.F asanl\u0131qla 4 m\u00fcxt\u0259lif formaya \u00e7evril\u0259 bil\u0259r ki, qura\u015fd\u0131r\u0131c\u0131 onu \u0259n \u0259lveri\u015fli formada istifad\u0259 etm\u0259y\u0259 k\u00f6m\u0259k etsin.  A\u015fa\u011f\u0131dak\u0131 formalarda istifad\u0259 edil\u0259 bil\u0259r:  Nax\u0131\u015f (1) metal asq\u0131n\u0131n profilinin h\u0259r iki t\u0259r\u0259fin\u0259 vidalanm\u0131\u015fd\u0131r. Nax\u0131\u015f (2) tavanda 2 anker il\u0259 sabitl\u0259nir. Nax\u0131\u015f (3) tavanda 1 l\u00f6vb\u0259rl\u0259 sabitl\u0259nir. N\u00fcmun\u0259 (4) \u00e7\u0259ng\u0259l v\u0259 ya dig\u0259r uy\u011fun cihazla as\u0131lm\u0131\u015fd\u0131r.  As\u0131lqan\u0131n elastik elementi Regufoam\u00ae \u0259mt\u0259\u0259 ni\u015fanl\u0131 Alman \u015firk\u0259ti BSW t\u0259r\u0259find\u0259n istehsal olunan, yar\u0131 qapal\u0131 h\u00fccr\u0259li y\u00fcks\u0259k keyfiyy\u0259tli poliuretan k\u00f6p\u00fckd\u00fcr. Drezden Universitetind\u0259 apar\u0131lm\u0131\u015f mexaniki davran\u0131\u015f diaqramlar\u0131n\u0131n v\u0259 sertifikatlar\u0131n\u0131n tam \u00e7e\u015fidi sor\u011fu \u0259sas\u0131nda m\u00f6vcuddur.  Vibro CH.F anti-vibrasiya asq\u0131s\u0131 m\u00fcxt\u0259lif t\u0259bii tezlik \u0259ld\u0259 ed\u0259n elastik yastiqciq\u0131n\u0131n d\u00f6rd f\u0259rqli qal\u0131nl\u0131\u011f\u0131 il\u0259 m\u00f6vcuddur:  12 mm (T\u0259bii Tezlik 17 Hz) 25 mm (T\u0259bii Tezlik 12 Hz) 37 mm (T\u0259bii Tezlik 9,5 Hz) 50 mm (T\u0259bii Tezlik 8 Hz)\" \/>\n<meta property=\"og:url\" content=\"https:\/\/climatemaster.ge\/az\/product\/vibro-ch-f-suspended-anti-vibration-hanger-with-regufoam\/\" \/>\n<meta property=\"og:site_name\" content=\"Climate Master\" \/>\n<meta property=\"article:modified_time\" content=\"2025-02-25T20:24:30+00:00\" \/>\n<meta property=\"og:image\" content=\"https:\/\/climatemaster.ge\/wp-content\/uploads\/2025\/02\/071709140210_A.jpg\" \/>\n\t<meta property=\"og:image:width\" content=\"280\" \/>\n\t<meta property=\"og:image:height\" content=\"210\" \/>\n\t<meta property=\"og:image:type\" content=\"image\/jpeg\" \/>\n<meta name=\"twitter:card\" content=\"summary_large_image\" \/>\n<script type=\"application\/ld+json\" class=\"yoast-schema-graph\">{\"@context\":\"https:\/\/schema.org\",\"@graph\":[{\"@type\":\"WebPage\",\"@id\":\"https:\/\/climatemaster.ge\/az\/product\/vibro-ch-f-suspended-anti-vibration-hanger-with-regufoam\/\",\"url\":\"https:\/\/climatemaster.ge\/az\/product\/vibro-ch-f-suspended-anti-vibration-hanger-with-regufoam\/\",\"name\":\"Vibro CH.F: Regufoam\u00ae il\u0259 as\u0131lm\u0131\u015f vibrasiya \u0259leyhin\u0259 as\u0131lqan. - Climate Master\",\"isPartOf\":{\"@id\":\"https:\/\/climatemaster.ge\/#website\"},\"primaryImageOfPage\":{\"@id\":\"https:\/\/climatemaster.ge\/az\/product\/vibro-ch-f-suspended-anti-vibration-hanger-with-regufoam\/#primaryimage\"},\"image\":{\"@id\":\"https:\/\/climatemaster.ge\/az\/product\/vibro-ch-f-suspended-anti-vibration-hanger-with-regufoam\/#primaryimage\"},\"thumbnailUrl\":\"https:\/\/climatemaster.ge\/wp-content\/uploads\/2025\/02\/071709140210_A.jpg\",\"datePublished\":\"2025-02-07T13:46:33+00:00\",\"dateModified\":\"2025-02-25T20:24:30+00:00\",\"breadcrumb\":{\"@id\":\"https:\/\/climatemaster.ge\/az\/product\/vibro-ch-f-suspended-anti-vibration-hanger-with-regufoam\/#breadcrumb\"},\"inLanguage\":\"az\",\"potentialAction\":[{\"@type\":\"ReadAction\",\"target\":[\"https:\/\/climatemaster.ge\/az\/product\/vibro-ch-f-suspended-anti-vibration-hanger-with-regufoam\/\"]}]},{\"@type\":\"ImageObject\",\"inLanguage\":\"az\",\"@id\":\"https:\/\/climatemaster.ge\/az\/product\/vibro-ch-f-suspended-anti-vibration-hanger-with-regufoam\/#primaryimage\",\"url\":\"https:\/\/climatemaster.ge\/wp-content\/uploads\/2025\/02\/071709140210_A.jpg\",\"contentUrl\":\"https:\/\/climatemaster.ge\/wp-content\/uploads\/2025\/02\/071709140210_A.jpg\",\"width\":280,\"height\":210},{\"@type\":\"BreadcrumbList\",\"@id\":\"https:\/\/climatemaster.ge\/az\/product\/vibro-ch-f-suspended-anti-vibration-hanger-with-regufoam\/#breadcrumb\",\"itemListElement\":[{\"@type\":\"ListItem\",\"position\":1,\"name\":\"Home\",\"item\":\"https:\/\/climatemaster.ge\/\"},{\"@type\":\"ListItem\",\"position\":2,\"name\":\"M\u0259hsullar\",\"item\":\"https:\/\/climatemaster.ge\/products\/\"},{\"@type\":\"ListItem\",\"position\":3,\"name\":\"Vibro CH.F: Regufoam\u00ae il\u0259 as\u0131lm\u0131\u015f vibrasiya \u0259leyhin\u0259 as\u0131lqan.\"}]},{\"@type\":\"WebSite\",\"@id\":\"https:\/\/climatemaster.ge\/#website\",\"url\":\"https:\/\/climatemaster.ge\/\",\"name\":\"Climate Master\",\"description\":\"\",\"publisher\":{\"@id\":\"https:\/\/climatemaster.ge\/#organization\"},\"potentialAction\":[{\"@type\":\"SearchAction\",\"target\":{\"@type\":\"EntryPoint\",\"urlTemplate\":\"https:\/\/climatemaster.ge\/?s={search_term_string}\"},\"query-input\":{\"@type\":\"PropertyValueSpecification\",\"valueRequired\":true,\"valueName\":\"search_term_string\"}}],\"inLanguage\":\"az\"},{\"@type\":\"Organization\",\"@id\":\"https:\/\/climatemaster.ge\/#organization\",\"name\":\"Climate Master\",\"url\":\"https:\/\/climatemaster.ge\/\",\"logo\":{\"@type\":\"ImageObject\",\"inLanguage\":\"az\",\"@id\":\"https:\/\/climatemaster.ge\/#\/schema\/logo\/image\/\",\"url\":\"https:\/\/climatemaster.ge\/wp-content\/uploads\/2026\/03\/Untitled-2.png\",\"contentUrl\":\"https:\/\/climatemaster.ge\/wp-content\/uploads\/2026\/03\/Untitled-2.png\",\"width\":600,\"height\":338,\"caption\":\"Climate Master\"},\"image\":{\"@id\":\"https:\/\/climatemaster.ge\/#\/schema\/logo\/image\/\"}}]}<\/script>\n<!-- \/ Yoast SEO plugin. -->","yoast_head_json":{"title":"Vibro CH.F: Regufoam\u00ae il\u0259 as\u0131lm\u0131\u015f vibrasiya \u0259leyhin\u0259 as\u0131lqan. - Climate Master","robots":{"index":"index","follow":"follow","max-snippet":"max-snippet:-1","max-image-preview":"max-image-preview:large","max-video-preview":"max-video-preview:-1"},"canonical":"https:\/\/climatemaster.ge\/az\/product\/vibro-ch-f-suspended-anti-vibration-hanger-with-regufoam\/","og_locale":"az_AZ","og_type":"article","og_title":"Vibro CH.F: Regufoam\u00ae il\u0259 as\u0131lm\u0131\u015f vibrasiya \u0259leyhin\u0259 as\u0131lqan. - Climate Master","og_description":"Ventilyatorlar, kondisionerl\u0259r, gimpumboardlar v\u0259 s.  Regufoam\u00ae il\u0259 vibrasiya \u0259leyhin\u0259 as\u0131lqan h\u0259r bir layih\u0259d\u0259 \u0259ld\u0259 edil\u0259n t\u0259bii tezliyi d\u0259yi\u015f\u0259 bil\u0259n 4 m\u00fcxt\u0259lif qal\u0131nl\u0131qda m\u00f6vcuddur.  Bunun \u00fc\u00e7\u00fcn istifad\u0259 edil\u0259 bil\u0259r: Mexanizml\u0259rin vibrasiyaya qar\u015f\u0131 asq\u0131lar\u0131 (ventilyatorlar, kondisionerl\u0259r v\u0259 s.) S\u0259s izolyasiya ed\u0259n asma tavan\u0131n (gips plit\u0259sinin) dayand\u0131r\u0131lmas\u0131. Borular\u0131n, hava kanallar\u0131n\u0131n vibrasiyaya qar\u015f\u0131 asq\u0131s\u0131.  Vibro CH.F \u00e7\u0259r\u00e7iv\u0259si sinkl\u0259nmi\u015f metald\u0131r. D\u0259qiq haz\u0131rlanm\u0131\u015f k\u0259sikl\u0259r onun \u00e7\u0259r\u00e7iv\u0259sinin bir \u0259lin g\u00fcc\u00fc il\u0259 \u0259ld\u0259 edil\u0259 bil\u0259n m\u00fc\u0259yy\u0259n formalarda asanl\u0131qla \u0259yilm\u0259sini t\u0259min edir. Buna g\u00f6r\u0259 d\u0259, Vibro CH.F asanl\u0131qla 4 m\u00fcxt\u0259lif formaya \u00e7evril\u0259 bil\u0259r ki, qura\u015fd\u0131r\u0131c\u0131 onu \u0259n \u0259lveri\u015fli formada istifad\u0259 etm\u0259y\u0259 k\u00f6m\u0259k etsin.  A\u015fa\u011f\u0131dak\u0131 formalarda istifad\u0259 edil\u0259 bil\u0259r:  Nax\u0131\u015f (1) metal asq\u0131n\u0131n profilinin h\u0259r iki t\u0259r\u0259fin\u0259 vidalanm\u0131\u015fd\u0131r. Nax\u0131\u015f (2) tavanda 2 anker il\u0259 sabitl\u0259nir. Nax\u0131\u015f (3) tavanda 1 l\u00f6vb\u0259rl\u0259 sabitl\u0259nir. N\u00fcmun\u0259 (4) \u00e7\u0259ng\u0259l v\u0259 ya dig\u0259r uy\u011fun cihazla as\u0131lm\u0131\u015fd\u0131r.  As\u0131lqan\u0131n elastik elementi Regufoam\u00ae \u0259mt\u0259\u0259 ni\u015fanl\u0131 Alman \u015firk\u0259ti BSW t\u0259r\u0259find\u0259n istehsal olunan, yar\u0131 qapal\u0131 h\u00fccr\u0259li y\u00fcks\u0259k keyfiyy\u0259tli poliuretan k\u00f6p\u00fckd\u00fcr. Drezden Universitetind\u0259 apar\u0131lm\u0131\u015f mexaniki davran\u0131\u015f diaqramlar\u0131n\u0131n v\u0259 sertifikatlar\u0131n\u0131n tam \u00e7e\u015fidi sor\u011fu \u0259sas\u0131nda m\u00f6vcuddur.  Vibro CH.F anti-vibrasiya asq\u0131s\u0131 m\u00fcxt\u0259lif t\u0259bii tezlik \u0259ld\u0259 ed\u0259n elastik yastiqciq\u0131n\u0131n d\u00f6rd f\u0259rqli qal\u0131nl\u0131\u011f\u0131 il\u0259 m\u00f6vcuddur:  12 mm (T\u0259bii Tezlik 17 Hz) 25 mm (T\u0259bii Tezlik 12 Hz) 37 mm (T\u0259bii Tezlik 9,5 Hz) 50 mm (T\u0259bii Tezlik 8 Hz)","og_url":"https:\/\/climatemaster.ge\/az\/product\/vibro-ch-f-suspended-anti-vibration-hanger-with-regufoam\/","og_site_name":"Climate Master","article_modified_time":"2025-02-25T20:24:30+00:00","og_image":[{"width":280,"height":210,"url":"https:\/\/climatemaster.ge\/wp-content\/uploads\/2025\/02\/071709140210_A.jpg","type":"image\/jpeg"}],"twitter_card":"summary_large_image","schema":{"@context":"https:\/\/schema.org","@graph":[{"@type":"WebPage","@id":"https:\/\/climatemaster.ge\/az\/product\/vibro-ch-f-suspended-anti-vibration-hanger-with-regufoam\/","url":"https:\/\/climatemaster.ge\/az\/product\/vibro-ch-f-suspended-anti-vibration-hanger-with-regufoam\/","name":"Vibro CH.F: Regufoam\u00ae il\u0259 as\u0131lm\u0131\u015f vibrasiya \u0259leyhin\u0259 as\u0131lqan. - Climate Master","isPartOf":{"@id":"https:\/\/climatemaster.ge\/#website"},"primaryImageOfPage":{"@id":"https:\/\/climatemaster.ge\/az\/product\/vibro-ch-f-suspended-anti-vibration-hanger-with-regufoam\/#primaryimage"},"image":{"@id":"https:\/\/climatemaster.ge\/az\/product\/vibro-ch-f-suspended-anti-vibration-hanger-with-regufoam\/#primaryimage"},"thumbnailUrl":"https:\/\/climatemaster.ge\/wp-content\/uploads\/2025\/02\/071709140210_A.jpg","datePublished":"2025-02-07T13:46:33+00:00","dateModified":"2025-02-25T20:24:30+00:00","breadcrumb":{"@id":"https:\/\/climatemaster.ge\/az\/product\/vibro-ch-f-suspended-anti-vibration-hanger-with-regufoam\/#breadcrumb"},"inLanguage":"az","potentialAction":[{"@type":"ReadAction","target":["https:\/\/climatemaster.ge\/az\/product\/vibro-ch-f-suspended-anti-vibration-hanger-with-regufoam\/"]}]},{"@type":"ImageObject","inLanguage":"az","@id":"https:\/\/climatemaster.ge\/az\/product\/vibro-ch-f-suspended-anti-vibration-hanger-with-regufoam\/#primaryimage","url":"https:\/\/climatemaster.ge\/wp-content\/uploads\/2025\/02\/071709140210_A.jpg","contentUrl":"https:\/\/climatemaster.ge\/wp-content\/uploads\/2025\/02\/071709140210_A.jpg","width":280,"height":210},{"@type":"BreadcrumbList","@id":"https:\/\/climatemaster.ge\/az\/product\/vibro-ch-f-suspended-anti-vibration-hanger-with-regufoam\/#breadcrumb","itemListElement":[{"@type":"ListItem","position":1,"name":"Home","item":"https:\/\/climatemaster.ge\/"},{"@type":"ListItem","position":2,"name":"M\u0259hsullar","item":"https:\/\/climatemaster.ge\/products\/"},{"@type":"ListItem","position":3,"name":"Vibro CH.F: Regufoam\u00ae il\u0259 as\u0131lm\u0131\u015f vibrasiya \u0259leyhin\u0259 as\u0131lqan."}]},{"@type":"WebSite","@id":"https:\/\/climatemaster.ge\/#website","url":"https:\/\/climatemaster.ge\/","name":"Climate Master","description":"","publisher":{"@id":"https:\/\/climatemaster.ge\/#organization"},"potentialAction":[{"@type":"SearchAction","target":{"@type":"EntryPoint","urlTemplate":"https:\/\/climatemaster.ge\/?s={search_term_string}"},"query-input":{"@type":"PropertyValueSpecification","valueRequired":true,"valueName":"search_term_string"}}],"inLanguage":"az"},{"@type":"Organization","@id":"https:\/\/climatemaster.ge\/#organization","name":"Climate Master","url":"https:\/\/climatemaster.ge\/","logo":{"@type":"ImageObject","inLanguage":"az","@id":"https:\/\/climatemaster.ge\/#\/schema\/logo\/image\/","url":"https:\/\/climatemaster.ge\/wp-content\/uploads\/2026\/03\/Untitled-2.png","contentUrl":"https:\/\/climatemaster.ge\/wp-content\/uploads\/2026\/03\/Untitled-2.png","width":600,"height":338,"caption":"Climate Master"},"image":{"@id":"https:\/\/climatemaster.ge\/#\/schema\/logo\/image\/"}}]}},"_links":{"self":[{"href":"https:\/\/climatemaster.ge\/az\/wp-json\/wp\/v2\/product\/23727","targetHints":{"allow":["GET"]}}],"collection":[{"href":"https:\/\/climatemaster.ge\/az\/wp-json\/wp\/v2\/product"}],"about":[{"href":"https:\/\/climatemaster.ge\/az\/wp-json\/wp\/v2\/types\/product"}],"wp:featuredmedia":[{"embeddable":true,"href":"https:\/\/climatemaster.ge\/az\/wp-json\/wp\/v2\/media\/22274"}],"wp:attachment":[{"href":"https:\/\/climatemaster.ge\/az\/wp-json\/wp\/v2\/media?parent=23727"}],"wp:term":[{"taxonomy":"product_brand","embeddable":true,"href":"https:\/\/climatemaster.ge\/az\/wp-json\/wp\/v2\/product_brand?post=23727"},{"taxonomy":"product_cat","embeddable":true,"href":"https:\/\/climatemaster.ge\/az\/wp-json\/wp\/v2\/product_cat?post=23727"},{"taxonomy":"product_tag","embeddable":true,"href":"https:\/\/climatemaster.ge\/az\/wp-json\/wp\/v2\/product_tag?post=23727"}],"curies":[{"name":"wp","href":"https:\/\/api.w.org\/{rel}","templated":true}]}}