{"id":23719,"date":"2025-02-07T18:15:00","date_gmt":"2025-02-07T14:15:00","guid":{"rendered":"https:\/\/airsystems.ge\/shop\/product\/vibro-trs-f-anti-vibration-mount-for-transformers\/"},"modified":"2025-02-26T00:24:29","modified_gmt":"2025-02-25T20:24:29","slug":"vibro-trs-f-anti-vibration-mount-for-transformers","status":"publish","type":"product","link":"https:\/\/climatemaster.ge\/az\/product\/vibro-trs-f-anti-vibration-mount-for-transformers\/","title":{"rendered":"Vibro-TRS.F: Transformatorlar \u00fc\u00e7\u00fcn vibrasiya \u0259leyhin\u0259 montaj"},"content":{"rendered":"<div id=\"vibro-pr-title\">TRS.F montaj\u0131n\u0131n geni\u015f \u00e7e\u015fidli transformatorlar \u00fc\u00e7\u00fcn Vibrasiya izolyasiyas\u0131 \u00fc\u00e7\u00fcn istifad\u0259 edilm\u0259si t\u00f6vsiy\u0259 olunur. Nisbi binan\u0131 strukturdan yaranan s\u0259s-k\u00fcy \u00f6t\u00fcr\u00fclm\u0259sind\u0259n qorumaq \u00fc\u00e7\u00fcn da\u015f\u0131ma rulonlar\u0131 alt\u0131nda vibrasiya s\u00f6n\u00fcml\u0259yicisi kimi t\u0259tbiq oluna bil\u0259r.<\/div>\n<div><\/div>\n<div><img loading=\"lazy\" decoding=\"async\" class=\"alignnone size-large\" src=\"https:\/\/antivibration-systems.com\/wp-content\/uploads\/2018\/04\/TRS.F-Selection.jpg\" width=\"1765\" height=\"400\" \/><\/div>\n<div id=\"\">\n<div id=\"\">\n<p>Dinamik X\u00fcsusiyy\u0259tl\u0259r<\/p>\n<p>\u00c7arpma: Daha y\u00fcks\u0259k y\u00fckd\u0259 maksimum 4 mm<br \/>\nT\u0259bii Tezlik: 15 Hz-\u0259 q\u0259d\u0259r<\/p>\n<p>Texniki \u015f\u00f6b\u0259miz transformatorun texniki x\u00fcsusiyy\u0259tl\u0259rin\u0259 v\u0259 t\u0259l\u0259b olunan vibrasiyan\u0131n azald\u0131lmas\u0131na uy\u011fun olaraq uy\u011fun\u00a0TRS.F\u00a0tipini se\u00e7\u0259c\u0259k.<\/p>\n<\/div>\n<\/div>\n","protected":false},"excerpt":{"rendered":"<p>Vibro-TRS.F n\u0259qliyyat rulonlar\u0131 olan elektrik transformatorlar\u0131 \u00fc\u00e7\u00fcn x\u00fcsusi haz\u0131rlanm\u0131\u015f v\u0259 dizayn edilmi\u015f vibrasiya \u0259leyhin\u0259 qur\u011fudur.<\/p>\n<p>T\u018fSV\u0130R\u0130<\/p>\n<p>Vibro-TRS.F n\u0259qliyyat rulonlar\u0131 olan elektrik transformatorlar\u0131 \u00fc\u00e7\u00fcn x\u00fcsusi olaraq haz\u0131rlanm\u0131\u015f v\u0259 dizayn edilmi\u015f vibrasiya \u0259leyhin\u0259 qur\u011fudur. \u0130ki metal profil aras\u0131ndak\u0131 elastomer element m\u00fcxt\u0259lif s\u0259rtlikl\u0259rd\u0259 m\u00f6vcud olan \u201cRegufoam\u00ae\u201d ticar\u0259t markas\u0131 alt\u0131nda Almaniyan\u0131n BSW \u015firk\u0259ti t\u0259r\u0259find\u0259n istehsal edilmi\u015f y\u00fcks\u0259k keyfiyy\u0259tli poliuretan vibrasiya izolyasiya k\u00f6p\u00fcy\u00fcd\u00fcr.<\/p>\n<p>Daha yax\u015f\u0131 vibrasiya izolyasiyas\u0131na nail olmaq \u00fc\u00e7\u00fcn elastometrik k\u00f6p\u00fck iki qal\u0131nl\u0131qda (25 v\u0259 37 mm) istehsal edil\u0259 bil\u0259r.<br \/>\nMetal l\u00f6vh\u0259l\u0259r polyester toz boya il\u0259 oksidl\u0259\u015fm\u0259d\u0259n qorunur v\u0259 ya ist\u0259y\u0259 g\u00f6r\u0259 isti dald\u0131rma sinkl\u0259nmi\u015f ola bil\u0259r.<br \/>\nS\u0259s k\u00f6rp\u00fcs\u00fcn\u00fcn qar\u015f\u0131s\u0131n\u0131 almaq \u00fc\u00e7\u00fcn metal profill\u0259rin h\u0259r iki t\u0259r\u0259fin\u0259 rezin yast\u0131qlar \u0259lav\u0259 olunur. \u00dcst metal profild\u0259 \u00e7arx\u0131 yerind\u0259 saxlamaq \u00fc\u00e7\u00fcn rezinl\u0259 \u00f6rt\u00fclm\u00fc\u015f iki silindrik ox var. Bu silindrik oxlar\u0131n m\u00f6vqeyi se\u00e7ilmi\u015f t\u0259k\u0259rin diametrin\u0259 uy\u011fun olaraq t\u0259nziml\u0259n\u0259 bil\u0259r. Profilin metal qanadlar\u0131 da yanal saxlama t\u0259klif edir.<\/p>\n<p>T\u018fTB\u0130QL\u018fR<\/p>\n<p>Vibro-TRS.F | Transformatorlar \u00fc\u00e7\u00fcn anti-vibrasiya qur\u011fusunun geni\u015f \u00e7e\u015fidli transformatorlar \u00fc\u00e7\u00fcn vibrasiya izolyasiyas\u0131 \u00fc\u00e7\u00fcn istifad\u0259 edilm\u0259si t\u00f6vsiy\u0259 olunur.<br \/>\nNisbi binan\u0131 strukturdan yaranan s\u0259s-k\u00fcy \u00f6t\u00fcr\u00fclm\u0259sind\u0259n qorumaq \u00fc\u00e7\u00fcn transformatorun da\u015f\u0131ma rulonlar\u0131n\u0131n alt\u0131na vibrasiya s\u00f6n\u00fcml\u0259yicisi kimi \u0259lav\u0259 edil\u0259 bil\u0259r.<\/p>\n<p>Texniki \u015f\u00f6b\u0259miz uy\u011fun Vibro-TRS.F | se\u00e7\u0259c\u0259k Transformatorun texniki x\u00fcsusiyy\u0259tl\u0259rin\u0259 v\u0259 t\u0259l\u0259b olunan vibrasiyan\u0131n azald\u0131lmas\u0131na uy\u011fun olaraq Transformator tipli anti-vibrasiya qur\u011fusu. Vibrasiya izolyasiyas\u0131n\u0131n proqnozla\u015fd\u0131r\u0131lmas\u0131 proqram\u0131m\u0131zdan istifad\u0259 ed\u0259r\u0259k, \u0259yilm\u0259 m\u0259lumat c\u0259dv\u0259lini (y\u00fckl\u0259 \u0259laq\u0259li), sistemin t\u0259bii tezliyini v\u0259 proqnozla\u015fd\u0131r\u0131la bil\u0259n vibrasiya azalmas\u0131n\u0131 t\u0259min ed\u0259 bil\u0259rik.<\/p>\n","protected":false},"featured_media":22300,"template":"","meta":[],"product_brand":[],"product_cat":[927],"product_tag":[],"class_list":{"0":"post-23719","1":"product","2":"type-product","3":"status-publish","4":"has-post-thumbnail","6":"product_cat-vibrasiya-anti-ss-kuy-akustik-az","8":"first","9":"instock","10":"shipping-taxable","11":"product-type-simple"},"yoast_head":"<!-- This site is optimized with the Yoast SEO plugin v27.1.1 - https:\/\/yoast.com\/product\/yoast-seo-wordpress\/ -->\n<title>Vibro-TRS.F: Transformatorlar \u00fc\u00e7\u00fcn vibrasiya \u0259leyhin\u0259 montaj - Climate Master<\/title>\n<meta name=\"robots\" content=\"index, follow, max-snippet:-1, max-image-preview:large, max-video-preview:-1\" \/>\n<link rel=\"canonical\" href=\"https:\/\/climatemaster.ge\/az\/product\/vibro-trs-f-anti-vibration-mount-for-transformers\/\" \/>\n<meta property=\"og:locale\" content=\"az_AZ\" \/>\n<meta property=\"og:type\" content=\"article\" \/>\n<meta property=\"og:title\" content=\"Vibro-TRS.F: Transformatorlar \u00fc\u00e7\u00fcn vibrasiya \u0259leyhin\u0259 montaj - Climate Master\" \/>\n<meta property=\"og:description\" content=\"Vibro-TRS.F n\u0259qliyyat rulonlar\u0131 olan elektrik transformatorlar\u0131 \u00fc\u00e7\u00fcn x\u00fcsusi haz\u0131rlanm\u0131\u015f v\u0259 dizayn edilmi\u015f vibrasiya \u0259leyhin\u0259 qur\u011fudur.  T\u018fSV\u0130R\u0130  Vibro-TRS.F n\u0259qliyyat rulonlar\u0131 olan elektrik transformatorlar\u0131 \u00fc\u00e7\u00fcn x\u00fcsusi olaraq haz\u0131rlanm\u0131\u015f v\u0259 dizayn edilmi\u015f vibrasiya \u0259leyhin\u0259 qur\u011fudur. \u0130ki metal profil aras\u0131ndak\u0131 elastomer element m\u00fcxt\u0259lif s\u0259rtlikl\u0259rd\u0259 m\u00f6vcud olan \u201cRegufoam\u00ae\u201d ticar\u0259t markas\u0131 alt\u0131nda Almaniyan\u0131n BSW \u015firk\u0259ti t\u0259r\u0259find\u0259n istehsal edilmi\u015f y\u00fcks\u0259k keyfiyy\u0259tli poliuretan vibrasiya izolyasiya k\u00f6p\u00fcy\u00fcd\u00fcr.  Daha yax\u015f\u0131 vibrasiya izolyasiyas\u0131na nail olmaq \u00fc\u00e7\u00fcn elastometrik k\u00f6p\u00fck iki qal\u0131nl\u0131qda (25 v\u0259 37 mm) istehsal edil\u0259 bil\u0259r. Metal l\u00f6vh\u0259l\u0259r polyester toz boya il\u0259 oksidl\u0259\u015fm\u0259d\u0259n qorunur v\u0259 ya ist\u0259y\u0259 g\u00f6r\u0259 isti dald\u0131rma sinkl\u0259nmi\u015f ola bil\u0259r. S\u0259s k\u00f6rp\u00fcs\u00fcn\u00fcn qar\u015f\u0131s\u0131n\u0131 almaq \u00fc\u00e7\u00fcn metal profill\u0259rin h\u0259r iki t\u0259r\u0259fin\u0259 rezin yast\u0131qlar \u0259lav\u0259 olunur. \u00dcst metal profild\u0259 \u00e7arx\u0131 yerind\u0259 saxlamaq \u00fc\u00e7\u00fcn rezinl\u0259 \u00f6rt\u00fclm\u00fc\u015f iki silindrik ox var. Bu silindrik oxlar\u0131n m\u00f6vqeyi se\u00e7ilmi\u015f t\u0259k\u0259rin diametrin\u0259 uy\u011fun olaraq t\u0259nziml\u0259n\u0259 bil\u0259r. Profilin metal qanadlar\u0131 da yanal saxlama t\u0259klif edir.  T\u018fTB\u0130QL\u018fR  Vibro-TRS.F | Transformatorlar \u00fc\u00e7\u00fcn anti-vibrasiya qur\u011fusunun geni\u015f \u00e7e\u015fidli transformatorlar \u00fc\u00e7\u00fcn vibrasiya izolyasiyas\u0131 \u00fc\u00e7\u00fcn istifad\u0259 edilm\u0259si t\u00f6vsiy\u0259 olunur. Nisbi binan\u0131 strukturdan yaranan s\u0259s-k\u00fcy \u00f6t\u00fcr\u00fclm\u0259sind\u0259n qorumaq \u00fc\u00e7\u00fcn transformatorun da\u015f\u0131ma rulonlar\u0131n\u0131n alt\u0131na vibrasiya s\u00f6n\u00fcml\u0259yicisi kimi \u0259lav\u0259 edil\u0259 bil\u0259r.  Texniki \u015f\u00f6b\u0259miz uy\u011fun Vibro-TRS.F | se\u00e7\u0259c\u0259k Transformatorun texniki x\u00fcsusiyy\u0259tl\u0259rin\u0259 v\u0259 t\u0259l\u0259b olunan vibrasiyan\u0131n azald\u0131lmas\u0131na uy\u011fun olaraq Transformator tipli anti-vibrasiya qur\u011fusu. Vibrasiya izolyasiyas\u0131n\u0131n proqnozla\u015fd\u0131r\u0131lmas\u0131 proqram\u0131m\u0131zdan istifad\u0259 ed\u0259r\u0259k, \u0259yilm\u0259 m\u0259lumat c\u0259dv\u0259lini (y\u00fckl\u0259 \u0259laq\u0259li), sistemin t\u0259bii tezliyini v\u0259 proqnozla\u015fd\u0131r\u0131la bil\u0259n vibrasiya azalmas\u0131n\u0131 t\u0259min ed\u0259 bil\u0259rik.\" \/>\n<meta property=\"og:url\" content=\"https:\/\/climatemaster.ge\/az\/product\/vibro-trs-f-anti-vibration-mount-for-transformers\/\" \/>\n<meta property=\"og:site_name\" content=\"Climate Master\" \/>\n<meta property=\"article:modified_time\" content=\"2025-02-25T20:24:29+00:00\" \/>\n<meta property=\"og:image\" content=\"https:\/\/climatemaster.ge\/wp-content\/uploads\/2025\/02\/TRSF.jpg\" \/>\n\t<meta property=\"og:image:width\" content=\"600\" \/>\n\t<meta property=\"og:image:height\" content=\"600\" \/>\n\t<meta property=\"og:image:type\" content=\"image\/jpeg\" \/>\n<meta name=\"twitter:card\" content=\"summary_large_image\" \/>\n<meta name=\"twitter:label1\" content=\"Est. reading time\" \/>\n\t<meta name=\"twitter:data1\" content=\"1 minute\" \/>\n<script type=\"application\/ld+json\" class=\"yoast-schema-graph\">{\"@context\":\"https:\/\/schema.org\",\"@graph\":[{\"@type\":\"WebPage\",\"@id\":\"https:\/\/climatemaster.ge\/az\/product\/vibro-trs-f-anti-vibration-mount-for-transformers\/\",\"url\":\"https:\/\/climatemaster.ge\/az\/product\/vibro-trs-f-anti-vibration-mount-for-transformers\/\",\"name\":\"Vibro-TRS.F: Transformatorlar \u00fc\u00e7\u00fcn vibrasiya \u0259leyhin\u0259 montaj - Climate Master\",\"isPartOf\":{\"@id\":\"https:\/\/climatemaster.ge\/#website\"},\"primaryImageOfPage\":{\"@id\":\"https:\/\/climatemaster.ge\/az\/product\/vibro-trs-f-anti-vibration-mount-for-transformers\/#primaryimage\"},\"image\":{\"@id\":\"https:\/\/climatemaster.ge\/az\/product\/vibro-trs-f-anti-vibration-mount-for-transformers\/#primaryimage\"},\"thumbnailUrl\":\"https:\/\/climatemaster.ge\/wp-content\/uploads\/2025\/02\/TRSF.jpg\",\"datePublished\":\"2025-02-07T14:15:00+00:00\",\"dateModified\":\"2025-02-25T20:24:29+00:00\",\"breadcrumb\":{\"@id\":\"https:\/\/climatemaster.ge\/az\/product\/vibro-trs-f-anti-vibration-mount-for-transformers\/#breadcrumb\"},\"inLanguage\":\"az\",\"potentialAction\":[{\"@type\":\"ReadAction\",\"target\":[\"https:\/\/climatemaster.ge\/az\/product\/vibro-trs-f-anti-vibration-mount-for-transformers\/\"]}]},{\"@type\":\"ImageObject\",\"inLanguage\":\"az\",\"@id\":\"https:\/\/climatemaster.ge\/az\/product\/vibro-trs-f-anti-vibration-mount-for-transformers\/#primaryimage\",\"url\":\"https:\/\/climatemaster.ge\/wp-content\/uploads\/2025\/02\/TRSF.jpg\",\"contentUrl\":\"https:\/\/climatemaster.ge\/wp-content\/uploads\/2025\/02\/TRSF.jpg\",\"width\":600,\"height\":600},{\"@type\":\"BreadcrumbList\",\"@id\":\"https:\/\/climatemaster.ge\/az\/product\/vibro-trs-f-anti-vibration-mount-for-transformers\/#breadcrumb\",\"itemListElement\":[{\"@type\":\"ListItem\",\"position\":1,\"name\":\"Home\",\"item\":\"https:\/\/climatemaster.ge\/\"},{\"@type\":\"ListItem\",\"position\":2,\"name\":\"M\u0259hsullar\",\"item\":\"https:\/\/climatemaster.ge\/products\/\"},{\"@type\":\"ListItem\",\"position\":3,\"name\":\"Vibro-TRS.F: Transformatorlar \u00fc\u00e7\u00fcn vibrasiya \u0259leyhin\u0259 montaj\"}]},{\"@type\":\"WebSite\",\"@id\":\"https:\/\/climatemaster.ge\/#website\",\"url\":\"https:\/\/climatemaster.ge\/\",\"name\":\"Climate Master\",\"description\":\"\",\"publisher\":{\"@id\":\"https:\/\/climatemaster.ge\/#organization\"},\"potentialAction\":[{\"@type\":\"SearchAction\",\"target\":{\"@type\":\"EntryPoint\",\"urlTemplate\":\"https:\/\/climatemaster.ge\/?s={search_term_string}\"},\"query-input\":{\"@type\":\"PropertyValueSpecification\",\"valueRequired\":true,\"valueName\":\"search_term_string\"}}],\"inLanguage\":\"az\"},{\"@type\":\"Organization\",\"@id\":\"https:\/\/climatemaster.ge\/#organization\",\"name\":\"Climate Master\",\"url\":\"https:\/\/climatemaster.ge\/\",\"logo\":{\"@type\":\"ImageObject\",\"inLanguage\":\"az\",\"@id\":\"https:\/\/climatemaster.ge\/#\/schema\/logo\/image\/\",\"url\":\"https:\/\/climatemaster.ge\/wp-content\/uploads\/2026\/03\/Untitled-2.png\",\"contentUrl\":\"https:\/\/climatemaster.ge\/wp-content\/uploads\/2026\/03\/Untitled-2.png\",\"width\":600,\"height\":338,\"caption\":\"Climate Master\"},\"image\":{\"@id\":\"https:\/\/climatemaster.ge\/#\/schema\/logo\/image\/\"}}]}<\/script>\n<!-- \/ Yoast SEO plugin. -->","yoast_head_json":{"title":"Vibro-TRS.F: Transformatorlar \u00fc\u00e7\u00fcn vibrasiya \u0259leyhin\u0259 montaj - Climate Master","robots":{"index":"index","follow":"follow","max-snippet":"max-snippet:-1","max-image-preview":"max-image-preview:large","max-video-preview":"max-video-preview:-1"},"canonical":"https:\/\/climatemaster.ge\/az\/product\/vibro-trs-f-anti-vibration-mount-for-transformers\/","og_locale":"az_AZ","og_type":"article","og_title":"Vibro-TRS.F: Transformatorlar \u00fc\u00e7\u00fcn vibrasiya \u0259leyhin\u0259 montaj - Climate Master","og_description":"Vibro-TRS.F n\u0259qliyyat rulonlar\u0131 olan elektrik transformatorlar\u0131 \u00fc\u00e7\u00fcn x\u00fcsusi haz\u0131rlanm\u0131\u015f v\u0259 dizayn edilmi\u015f vibrasiya \u0259leyhin\u0259 qur\u011fudur.  T\u018fSV\u0130R\u0130  Vibro-TRS.F n\u0259qliyyat rulonlar\u0131 olan elektrik transformatorlar\u0131 \u00fc\u00e7\u00fcn x\u00fcsusi olaraq haz\u0131rlanm\u0131\u015f v\u0259 dizayn edilmi\u015f vibrasiya \u0259leyhin\u0259 qur\u011fudur. \u0130ki metal profil aras\u0131ndak\u0131 elastomer element m\u00fcxt\u0259lif s\u0259rtlikl\u0259rd\u0259 m\u00f6vcud olan \u201cRegufoam\u00ae\u201d ticar\u0259t markas\u0131 alt\u0131nda Almaniyan\u0131n BSW \u015firk\u0259ti t\u0259r\u0259find\u0259n istehsal edilmi\u015f y\u00fcks\u0259k keyfiyy\u0259tli poliuretan vibrasiya izolyasiya k\u00f6p\u00fcy\u00fcd\u00fcr.  Daha yax\u015f\u0131 vibrasiya izolyasiyas\u0131na nail olmaq \u00fc\u00e7\u00fcn elastometrik k\u00f6p\u00fck iki qal\u0131nl\u0131qda (25 v\u0259 37 mm) istehsal edil\u0259 bil\u0259r. Metal l\u00f6vh\u0259l\u0259r polyester toz boya il\u0259 oksidl\u0259\u015fm\u0259d\u0259n qorunur v\u0259 ya ist\u0259y\u0259 g\u00f6r\u0259 isti dald\u0131rma sinkl\u0259nmi\u015f ola bil\u0259r. S\u0259s k\u00f6rp\u00fcs\u00fcn\u00fcn qar\u015f\u0131s\u0131n\u0131 almaq \u00fc\u00e7\u00fcn metal profill\u0259rin h\u0259r iki t\u0259r\u0259fin\u0259 rezin yast\u0131qlar \u0259lav\u0259 olunur. \u00dcst metal profild\u0259 \u00e7arx\u0131 yerind\u0259 saxlamaq \u00fc\u00e7\u00fcn rezinl\u0259 \u00f6rt\u00fclm\u00fc\u015f iki silindrik ox var. Bu silindrik oxlar\u0131n m\u00f6vqeyi se\u00e7ilmi\u015f t\u0259k\u0259rin diametrin\u0259 uy\u011fun olaraq t\u0259nziml\u0259n\u0259 bil\u0259r. Profilin metal qanadlar\u0131 da yanal saxlama t\u0259klif edir.  T\u018fTB\u0130QL\u018fR  Vibro-TRS.F | Transformatorlar \u00fc\u00e7\u00fcn anti-vibrasiya qur\u011fusunun geni\u015f \u00e7e\u015fidli transformatorlar \u00fc\u00e7\u00fcn vibrasiya izolyasiyas\u0131 \u00fc\u00e7\u00fcn istifad\u0259 edilm\u0259si t\u00f6vsiy\u0259 olunur. Nisbi binan\u0131 strukturdan yaranan s\u0259s-k\u00fcy \u00f6t\u00fcr\u00fclm\u0259sind\u0259n qorumaq \u00fc\u00e7\u00fcn transformatorun da\u015f\u0131ma rulonlar\u0131n\u0131n alt\u0131na vibrasiya s\u00f6n\u00fcml\u0259yicisi kimi \u0259lav\u0259 edil\u0259 bil\u0259r.  Texniki \u015f\u00f6b\u0259miz uy\u011fun Vibro-TRS.F | se\u00e7\u0259c\u0259k Transformatorun texniki x\u00fcsusiyy\u0259tl\u0259rin\u0259 v\u0259 t\u0259l\u0259b olunan vibrasiyan\u0131n azald\u0131lmas\u0131na uy\u011fun olaraq Transformator tipli anti-vibrasiya qur\u011fusu. Vibrasiya izolyasiyas\u0131n\u0131n proqnozla\u015fd\u0131r\u0131lmas\u0131 proqram\u0131m\u0131zdan istifad\u0259 ed\u0259r\u0259k, \u0259yilm\u0259 m\u0259lumat c\u0259dv\u0259lini (y\u00fckl\u0259 \u0259laq\u0259li), sistemin t\u0259bii tezliyini v\u0259 proqnozla\u015fd\u0131r\u0131la bil\u0259n vibrasiya azalmas\u0131n\u0131 t\u0259min ed\u0259 bil\u0259rik.","og_url":"https:\/\/climatemaster.ge\/az\/product\/vibro-trs-f-anti-vibration-mount-for-transformers\/","og_site_name":"Climate Master","article_modified_time":"2025-02-25T20:24:29+00:00","og_image":[{"width":600,"height":600,"url":"https:\/\/climatemaster.ge\/wp-content\/uploads\/2025\/02\/TRSF.jpg","type":"image\/jpeg"}],"twitter_card":"summary_large_image","twitter_misc":{"Est. reading time":"1 minute"},"schema":{"@context":"https:\/\/schema.org","@graph":[{"@type":"WebPage","@id":"https:\/\/climatemaster.ge\/az\/product\/vibro-trs-f-anti-vibration-mount-for-transformers\/","url":"https:\/\/climatemaster.ge\/az\/product\/vibro-trs-f-anti-vibration-mount-for-transformers\/","name":"Vibro-TRS.F: Transformatorlar \u00fc\u00e7\u00fcn vibrasiya \u0259leyhin\u0259 montaj - Climate Master","isPartOf":{"@id":"https:\/\/climatemaster.ge\/#website"},"primaryImageOfPage":{"@id":"https:\/\/climatemaster.ge\/az\/product\/vibro-trs-f-anti-vibration-mount-for-transformers\/#primaryimage"},"image":{"@id":"https:\/\/climatemaster.ge\/az\/product\/vibro-trs-f-anti-vibration-mount-for-transformers\/#primaryimage"},"thumbnailUrl":"https:\/\/climatemaster.ge\/wp-content\/uploads\/2025\/02\/TRSF.jpg","datePublished":"2025-02-07T14:15:00+00:00","dateModified":"2025-02-25T20:24:29+00:00","breadcrumb":{"@id":"https:\/\/climatemaster.ge\/az\/product\/vibro-trs-f-anti-vibration-mount-for-transformers\/#breadcrumb"},"inLanguage":"az","potentialAction":[{"@type":"ReadAction","target":["https:\/\/climatemaster.ge\/az\/product\/vibro-trs-f-anti-vibration-mount-for-transformers\/"]}]},{"@type":"ImageObject","inLanguage":"az","@id":"https:\/\/climatemaster.ge\/az\/product\/vibro-trs-f-anti-vibration-mount-for-transformers\/#primaryimage","url":"https:\/\/climatemaster.ge\/wp-content\/uploads\/2025\/02\/TRSF.jpg","contentUrl":"https:\/\/climatemaster.ge\/wp-content\/uploads\/2025\/02\/TRSF.jpg","width":600,"height":600},{"@type":"BreadcrumbList","@id":"https:\/\/climatemaster.ge\/az\/product\/vibro-trs-f-anti-vibration-mount-for-transformers\/#breadcrumb","itemListElement":[{"@type":"ListItem","position":1,"name":"Home","item":"https:\/\/climatemaster.ge\/"},{"@type":"ListItem","position":2,"name":"M\u0259hsullar","item":"https:\/\/climatemaster.ge\/products\/"},{"@type":"ListItem","position":3,"name":"Vibro-TRS.F: Transformatorlar \u00fc\u00e7\u00fcn vibrasiya \u0259leyhin\u0259 montaj"}]},{"@type":"WebSite","@id":"https:\/\/climatemaster.ge\/#website","url":"https:\/\/climatemaster.ge\/","name":"Climate Master","description":"","publisher":{"@id":"https:\/\/climatemaster.ge\/#organization"},"potentialAction":[{"@type":"SearchAction","target":{"@type":"EntryPoint","urlTemplate":"https:\/\/climatemaster.ge\/?s={search_term_string}"},"query-input":{"@type":"PropertyValueSpecification","valueRequired":true,"valueName":"search_term_string"}}],"inLanguage":"az"},{"@type":"Organization","@id":"https:\/\/climatemaster.ge\/#organization","name":"Climate Master","url":"https:\/\/climatemaster.ge\/","logo":{"@type":"ImageObject","inLanguage":"az","@id":"https:\/\/climatemaster.ge\/#\/schema\/logo\/image\/","url":"https:\/\/climatemaster.ge\/wp-content\/uploads\/2026\/03\/Untitled-2.png","contentUrl":"https:\/\/climatemaster.ge\/wp-content\/uploads\/2026\/03\/Untitled-2.png","width":600,"height":338,"caption":"Climate Master"},"image":{"@id":"https:\/\/climatemaster.ge\/#\/schema\/logo\/image\/"}}]}},"_links":{"self":[{"href":"https:\/\/climatemaster.ge\/az\/wp-json\/wp\/v2\/product\/23719","targetHints":{"allow":["GET"]}}],"collection":[{"href":"https:\/\/climatemaster.ge\/az\/wp-json\/wp\/v2\/product"}],"about":[{"href":"https:\/\/climatemaster.ge\/az\/wp-json\/wp\/v2\/types\/product"}],"wp:featuredmedia":[{"embeddable":true,"href":"https:\/\/climatemaster.ge\/az\/wp-json\/wp\/v2\/media\/22300"}],"wp:attachment":[{"href":"https:\/\/climatemaster.ge\/az\/wp-json\/wp\/v2\/media?parent=23719"}],"wp:term":[{"taxonomy":"product_brand","embeddable":true,"href":"https:\/\/climatemaster.ge\/az\/wp-json\/wp\/v2\/product_brand?post=23719"},{"taxonomy":"product_cat","embeddable":true,"href":"https:\/\/climatemaster.ge\/az\/wp-json\/wp\/v2\/product_cat?post=23719"},{"taxonomy":"product_tag","embeddable":true,"href":"https:\/\/climatemaster.ge\/az\/wp-json\/wp\/v2\/product_tag?post=23719"}],"curies":[{"name":"wp","href":"https:\/\/api.w.org\/{rel}","templated":true}]}}