{"id":23711,"date":"2025-02-07T18:44:24","date_gmt":"2025-02-07T14:44:24","guid":{"rendered":"https:\/\/airsystems.ge\/shop\/product\/vibro-hh-anti-vibration-heavy-duty-hanger\/"},"modified":"2025-02-26T00:24:29","modified_gmt":"2025-02-25T20:24:29","slug":"vibro-hh-anti-vibration-heavy-duty-hanger","status":"publish","type":"product","link":"https:\/\/climatemaster.ge\/az\/product\/vibro-hh-anti-vibration-heavy-duty-hanger\/","title":{"rendered":"Vibro-HH: Vibrasiyaya qar\u015f\u0131 a\u011f\u0131r as\u0131lqan"},"content":{"rendered":"<table border=\"1\" width=\"281\" cellspacing=\"1\" cellpadding=\"1\">\n<tbody>\n<tr>\n<td>\n<p align=\"center\"><strong>TYPE<\/strong><\/p>\n<\/td>\n<td>\n<p align=\"center\"><strong>MAXIMUM LOAD (kp*)<\/strong><\/p>\n<\/td>\n<\/tr>\n<tr>\n<td>\n<p align=\"center\"><strong><em>Vibro<\/em>-HH.250<\/strong><\/p>\n<\/td>\n<td>\n<p align=\"center\">250<\/p>\n<\/td>\n<\/tr>\n<tr>\n<td>\n<p align=\"center\"><strong><em>Vibro<\/em>-HH.500<\/strong><\/p>\n<\/td>\n<td>\n<p align=\"center\">500<\/p>\n<\/td>\n<\/tr>\n<tr>\n<td>\n<p align=\"center\"><strong><em>Vibro<\/em>-HH.750<\/strong><\/p>\n<\/td>\n<td>\n<p align=\"center\">750<\/p>\n<\/td>\n<\/tr>\n<\/tbody>\n<\/table>\n<p>&nbsp;<\/p>\n<p><em>*1kp = 10N<\/em><\/p>\n","protected":false},"excerpt":{"rendered":"<p>Artan \u00fcmumi \u00e7\u0259kisi v\u0259 m\u0259hdud asma n\u00f6qt\u0259l\u0259ri olan t\u0259tbiql\u0259rd\u0259 istifad\u0259 edil\u0259 bil\u0259n a\u011f\u0131r yay v\u0259 rezin antivibasiya as\u0131lqanlar\u0131.<\/p>\n<p>T\u018fSV\u0130R\u0130<\/p>\n<p>Vibro-HH Heavy-duty yay v\u0259 rezin anti-vibrasiya as\u0131lqanlar\u0131 artan \u00fcmumi \u00e7\u0259ki v\u0259 m\u0259hdud asma n\u00f6qt\u0259l\u0259ri olan t\u0259tbiql\u0259rd\u0259 istifad\u0259 edil\u0259 bil\u0259r. Bu t\u0259tbiql\u0259rd\u0259, adekvat yay vibrasiya izolyatoru rolunu oynayark\u0259n, artan \u00e7\u0259kiy\u0259 davam etm\u0259k \u00fc\u00e7\u00fcn a\u011f\u0131r y\u00fckl\u00fc bir vibrasiya \u0259leyhin\u0259 as\u0131lqan istifad\u0259 edilm\u0259lidir. Bu, a\u015fa\u011f\u0131 t\u0259bii tezlik v\u0259 artan vibrasiya izolyasiyas\u0131 t\u0259klif edir.<\/p>\n<p>Vibro-HH \u00e7\u0259r\u00e7iv\u0259si sinkl\u0259nmi\u015f metal t\u0259b\u0259q\u0259d\u0259n v\u0259 ya boyal\u0131 metaldan haz\u0131rlan\u0131r. Asma Vida\/\u00e7ubuq layih\u0259 t\u0259l\u0259bl\u0259rind\u0259n as\u0131l\u0131 olaraq d\u0259yi\u015f\u0259 bil\u0259r v\u0259 m\u0259hsula daxil deyil.<\/p>\n<p>Metal \u00e7\u0259r\u00e7iv\u0259 il\u0259 t\u0259mas etm\u0259d\u0259n 30 \u00b0 q\u00f6vs\u0259 q\u0259d\u0259r \u00e7ubuqun uy\u011funsuzlu\u011fu. As\u0131lqan\u0131n elastik elementi Almaniyan\u0131n BSW \u015firk\u0259ti t\u0259r\u0259find\u0259n Regufoam Vibration Plus\u00ae \u0259mt\u0259\u0259 ni\u015fan\u0131 il\u0259 istehsal edilmi\u015f, yar\u0131 qapal\u0131 h\u00fccr\u0259l\u0259r\u0259 malik y\u00fcks\u0259k keyfiyy\u0259tli poliuretan vibrasiya izolyasiya k\u00f6p\u00fcy\u00fcd\u00fcr.<\/p>\n<p>Vibro-HH ist\u0259y\u0259 g\u00f6r\u0259 \u0259vv\u0259lc\u0259d\u0259n y\u00fckl\u0259m\u0259 d\u0259sti (rezin v\u0259 metal yuyucu) il\u0259 t\u0259chiz oluna bil\u0259r. \u018flav\u0259 olaraq, d\u0259qiq layih\u0259 t\u0259l\u0259bl\u0259rin\u0259 uy\u011fun g\u0259lm\u0259k \u00fc\u00e7\u00fcn m\u00fcxt\u0259lif n\u00f6v asma sonluqlardan istifad\u0259 edil\u0259 bil\u0259r.<\/p>\n<p>D\u0130NAM\u0130K X\u00dcSUS\u0130YY\u018fTL\u018fR<\/p>\n<p>\u00c7arpma (maksimum y\u00fckd\u0259): 25 mm<br \/>\nT\u0259bii Tezlik (maksimum y\u00fckd\u0259): 3 Hz<\/p>\n","protected":false},"featured_media":22325,"template":"","meta":[],"product_brand":[],"product_cat":[927],"product_tag":[],"class_list":{"0":"post-23711","1":"product","2":"type-product","3":"status-publish","4":"has-post-thumbnail","6":"product_cat-vibrasiya-anti-ss-kuy-akustik-az","8":"first","9":"instock","10":"shipping-taxable","11":"product-type-simple"},"yoast_head":"<!-- This site is optimized with the Yoast SEO plugin v27.1.1 - https:\/\/yoast.com\/product\/yoast-seo-wordpress\/ -->\n<title>Vibro-HH: Vibrasiyaya qar\u015f\u0131 a\u011f\u0131r as\u0131lqan - Climate Master<\/title>\n<meta name=\"robots\" content=\"index, follow, max-snippet:-1, max-image-preview:large, max-video-preview:-1\" \/>\n<link rel=\"canonical\" href=\"https:\/\/climatemaster.ge\/az\/product\/vibro-hh-anti-vibration-heavy-duty-hanger\/\" \/>\n<meta property=\"og:locale\" content=\"az_AZ\" \/>\n<meta property=\"og:type\" content=\"article\" \/>\n<meta property=\"og:title\" content=\"Vibro-HH: Vibrasiyaya qar\u015f\u0131 a\u011f\u0131r as\u0131lqan - Climate Master\" \/>\n<meta property=\"og:description\" content=\"Artan \u00fcmumi \u00e7\u0259kisi v\u0259 m\u0259hdud asma n\u00f6qt\u0259l\u0259ri olan t\u0259tbiql\u0259rd\u0259 istifad\u0259 edil\u0259 bil\u0259n a\u011f\u0131r yay v\u0259 rezin antivibasiya as\u0131lqanlar\u0131.  T\u018fSV\u0130R\u0130  Vibro-HH Heavy-duty yay v\u0259 rezin anti-vibrasiya as\u0131lqanlar\u0131 artan \u00fcmumi \u00e7\u0259ki v\u0259 m\u0259hdud asma n\u00f6qt\u0259l\u0259ri olan t\u0259tbiql\u0259rd\u0259 istifad\u0259 edil\u0259 bil\u0259r. Bu t\u0259tbiql\u0259rd\u0259, adekvat yay vibrasiya izolyatoru rolunu oynayark\u0259n, artan \u00e7\u0259kiy\u0259 davam etm\u0259k \u00fc\u00e7\u00fcn a\u011f\u0131r y\u00fckl\u00fc bir vibrasiya \u0259leyhin\u0259 as\u0131lqan istifad\u0259 edilm\u0259lidir. Bu, a\u015fa\u011f\u0131 t\u0259bii tezlik v\u0259 artan vibrasiya izolyasiyas\u0131 t\u0259klif edir.  Vibro-HH \u00e7\u0259r\u00e7iv\u0259si sinkl\u0259nmi\u015f metal t\u0259b\u0259q\u0259d\u0259n v\u0259 ya boyal\u0131 metaldan haz\u0131rlan\u0131r. Asma Vida\/\u00e7ubuq layih\u0259 t\u0259l\u0259bl\u0259rind\u0259n as\u0131l\u0131 olaraq d\u0259yi\u015f\u0259 bil\u0259r v\u0259 m\u0259hsula daxil deyil.  Metal \u00e7\u0259r\u00e7iv\u0259 il\u0259 t\u0259mas etm\u0259d\u0259n 30 \u00b0 q\u00f6vs\u0259 q\u0259d\u0259r \u00e7ubuqun uy\u011funsuzlu\u011fu. As\u0131lqan\u0131n elastik elementi Almaniyan\u0131n BSW \u015firk\u0259ti t\u0259r\u0259find\u0259n Regufoam Vibration Plus\u00ae \u0259mt\u0259\u0259 ni\u015fan\u0131 il\u0259 istehsal edilmi\u015f, yar\u0131 qapal\u0131 h\u00fccr\u0259l\u0259r\u0259 malik y\u00fcks\u0259k keyfiyy\u0259tli poliuretan vibrasiya izolyasiya k\u00f6p\u00fcy\u00fcd\u00fcr.  Vibro-HH ist\u0259y\u0259 g\u00f6r\u0259 \u0259vv\u0259lc\u0259d\u0259n y\u00fckl\u0259m\u0259 d\u0259sti (rezin v\u0259 metal yuyucu) il\u0259 t\u0259chiz oluna bil\u0259r. \u018flav\u0259 olaraq, d\u0259qiq layih\u0259 t\u0259l\u0259bl\u0259rin\u0259 uy\u011fun g\u0259lm\u0259k \u00fc\u00e7\u00fcn m\u00fcxt\u0259lif n\u00f6v asma sonluqlardan istifad\u0259 edil\u0259 bil\u0259r.  D\u0130NAM\u0130K X\u00dcSUS\u0130YY\u018fTL\u018fR  \u00c7arpma (maksimum y\u00fckd\u0259): 25 mm T\u0259bii Tezlik (maksimum y\u00fckd\u0259): 3 Hz\" \/>\n<meta property=\"og:url\" content=\"https:\/\/climatemaster.ge\/az\/product\/vibro-hh-anti-vibration-heavy-duty-hanger\/\" \/>\n<meta property=\"og:site_name\" content=\"Climate Master\" \/>\n<meta property=\"article:modified_time\" content=\"2025-02-25T20:24:29+00:00\" \/>\n<meta property=\"og:image\" content=\"https:\/\/climatemaster.ge\/wp-content\/uploads\/2025\/02\/Antivibration-hanger-VIBRO-HH.jpg\" \/>\n\t<meta property=\"og:image:width\" content=\"428\" \/>\n\t<meta property=\"og:image:height\" content=\"496\" \/>\n\t<meta property=\"og:image:type\" content=\"image\/jpeg\" \/>\n<meta name=\"twitter:card\" content=\"summary_large_image\" \/>\n<script type=\"application\/ld+json\" class=\"yoast-schema-graph\">{\"@context\":\"https:\/\/schema.org\",\"@graph\":[{\"@type\":\"WebPage\",\"@id\":\"https:\/\/climatemaster.ge\/az\/product\/vibro-hh-anti-vibration-heavy-duty-hanger\/\",\"url\":\"https:\/\/climatemaster.ge\/az\/product\/vibro-hh-anti-vibration-heavy-duty-hanger\/\",\"name\":\"Vibro-HH: Vibrasiyaya qar\u015f\u0131 a\u011f\u0131r as\u0131lqan - Climate Master\",\"isPartOf\":{\"@id\":\"https:\/\/climatemaster.ge\/#website\"},\"primaryImageOfPage\":{\"@id\":\"https:\/\/climatemaster.ge\/az\/product\/vibro-hh-anti-vibration-heavy-duty-hanger\/#primaryimage\"},\"image\":{\"@id\":\"https:\/\/climatemaster.ge\/az\/product\/vibro-hh-anti-vibration-heavy-duty-hanger\/#primaryimage\"},\"thumbnailUrl\":\"https:\/\/climatemaster.ge\/wp-content\/uploads\/2025\/02\/Antivibration-hanger-VIBRO-HH.jpg\",\"datePublished\":\"2025-02-07T14:44:24+00:00\",\"dateModified\":\"2025-02-25T20:24:29+00:00\",\"breadcrumb\":{\"@id\":\"https:\/\/climatemaster.ge\/az\/product\/vibro-hh-anti-vibration-heavy-duty-hanger\/#breadcrumb\"},\"inLanguage\":\"az\",\"potentialAction\":[{\"@type\":\"ReadAction\",\"target\":[\"https:\/\/climatemaster.ge\/az\/product\/vibro-hh-anti-vibration-heavy-duty-hanger\/\"]}]},{\"@type\":\"ImageObject\",\"inLanguage\":\"az\",\"@id\":\"https:\/\/climatemaster.ge\/az\/product\/vibro-hh-anti-vibration-heavy-duty-hanger\/#primaryimage\",\"url\":\"https:\/\/climatemaster.ge\/wp-content\/uploads\/2025\/02\/Antivibration-hanger-VIBRO-HH.jpg\",\"contentUrl\":\"https:\/\/climatemaster.ge\/wp-content\/uploads\/2025\/02\/Antivibration-hanger-VIBRO-HH.jpg\",\"width\":428,\"height\":496},{\"@type\":\"BreadcrumbList\",\"@id\":\"https:\/\/climatemaster.ge\/az\/product\/vibro-hh-anti-vibration-heavy-duty-hanger\/#breadcrumb\",\"itemListElement\":[{\"@type\":\"ListItem\",\"position\":1,\"name\":\"Home\",\"item\":\"https:\/\/climatemaster.ge\/\"},{\"@type\":\"ListItem\",\"position\":2,\"name\":\"M\u0259hsullar\",\"item\":\"https:\/\/climatemaster.ge\/products\/\"},{\"@type\":\"ListItem\",\"position\":3,\"name\":\"Vibro-HH: Vibrasiyaya qar\u015f\u0131 a\u011f\u0131r as\u0131lqan\"}]},{\"@type\":\"WebSite\",\"@id\":\"https:\/\/climatemaster.ge\/#website\",\"url\":\"https:\/\/climatemaster.ge\/\",\"name\":\"Climate Master\",\"description\":\"\",\"publisher\":{\"@id\":\"https:\/\/climatemaster.ge\/#organization\"},\"potentialAction\":[{\"@type\":\"SearchAction\",\"target\":{\"@type\":\"EntryPoint\",\"urlTemplate\":\"https:\/\/climatemaster.ge\/?s={search_term_string}\"},\"query-input\":{\"@type\":\"PropertyValueSpecification\",\"valueRequired\":true,\"valueName\":\"search_term_string\"}}],\"inLanguage\":\"az\"},{\"@type\":\"Organization\",\"@id\":\"https:\/\/climatemaster.ge\/#organization\",\"name\":\"Climate Master\",\"url\":\"https:\/\/climatemaster.ge\/\",\"logo\":{\"@type\":\"ImageObject\",\"inLanguage\":\"az\",\"@id\":\"https:\/\/climatemaster.ge\/#\/schema\/logo\/image\/\",\"url\":\"https:\/\/climatemaster.ge\/wp-content\/uploads\/2026\/03\/Untitled-2.png\",\"contentUrl\":\"https:\/\/climatemaster.ge\/wp-content\/uploads\/2026\/03\/Untitled-2.png\",\"width\":600,\"height\":338,\"caption\":\"Climate Master\"},\"image\":{\"@id\":\"https:\/\/climatemaster.ge\/#\/schema\/logo\/image\/\"}}]}<\/script>\n<!-- \/ Yoast SEO plugin. -->","yoast_head_json":{"title":"Vibro-HH: Vibrasiyaya qar\u015f\u0131 a\u011f\u0131r as\u0131lqan - Climate Master","robots":{"index":"index","follow":"follow","max-snippet":"max-snippet:-1","max-image-preview":"max-image-preview:large","max-video-preview":"max-video-preview:-1"},"canonical":"https:\/\/climatemaster.ge\/az\/product\/vibro-hh-anti-vibration-heavy-duty-hanger\/","og_locale":"az_AZ","og_type":"article","og_title":"Vibro-HH: Vibrasiyaya qar\u015f\u0131 a\u011f\u0131r as\u0131lqan - Climate Master","og_description":"Artan \u00fcmumi \u00e7\u0259kisi v\u0259 m\u0259hdud asma n\u00f6qt\u0259l\u0259ri olan t\u0259tbiql\u0259rd\u0259 istifad\u0259 edil\u0259 bil\u0259n a\u011f\u0131r yay v\u0259 rezin antivibasiya as\u0131lqanlar\u0131.  T\u018fSV\u0130R\u0130  Vibro-HH Heavy-duty yay v\u0259 rezin anti-vibrasiya as\u0131lqanlar\u0131 artan \u00fcmumi \u00e7\u0259ki v\u0259 m\u0259hdud asma n\u00f6qt\u0259l\u0259ri olan t\u0259tbiql\u0259rd\u0259 istifad\u0259 edil\u0259 bil\u0259r. Bu t\u0259tbiql\u0259rd\u0259, adekvat yay vibrasiya izolyatoru rolunu oynayark\u0259n, artan \u00e7\u0259kiy\u0259 davam etm\u0259k \u00fc\u00e7\u00fcn a\u011f\u0131r y\u00fckl\u00fc bir vibrasiya \u0259leyhin\u0259 as\u0131lqan istifad\u0259 edilm\u0259lidir. Bu, a\u015fa\u011f\u0131 t\u0259bii tezlik v\u0259 artan vibrasiya izolyasiyas\u0131 t\u0259klif edir.  Vibro-HH \u00e7\u0259r\u00e7iv\u0259si sinkl\u0259nmi\u015f metal t\u0259b\u0259q\u0259d\u0259n v\u0259 ya boyal\u0131 metaldan haz\u0131rlan\u0131r. Asma Vida\/\u00e7ubuq layih\u0259 t\u0259l\u0259bl\u0259rind\u0259n as\u0131l\u0131 olaraq d\u0259yi\u015f\u0259 bil\u0259r v\u0259 m\u0259hsula daxil deyil.  Metal \u00e7\u0259r\u00e7iv\u0259 il\u0259 t\u0259mas etm\u0259d\u0259n 30 \u00b0 q\u00f6vs\u0259 q\u0259d\u0259r \u00e7ubuqun uy\u011funsuzlu\u011fu. As\u0131lqan\u0131n elastik elementi Almaniyan\u0131n BSW \u015firk\u0259ti t\u0259r\u0259find\u0259n Regufoam Vibration Plus\u00ae \u0259mt\u0259\u0259 ni\u015fan\u0131 il\u0259 istehsal edilmi\u015f, yar\u0131 qapal\u0131 h\u00fccr\u0259l\u0259r\u0259 malik y\u00fcks\u0259k keyfiyy\u0259tli poliuretan vibrasiya izolyasiya k\u00f6p\u00fcy\u00fcd\u00fcr.  Vibro-HH ist\u0259y\u0259 g\u00f6r\u0259 \u0259vv\u0259lc\u0259d\u0259n y\u00fckl\u0259m\u0259 d\u0259sti (rezin v\u0259 metal yuyucu) il\u0259 t\u0259chiz oluna bil\u0259r. \u018flav\u0259 olaraq, d\u0259qiq layih\u0259 t\u0259l\u0259bl\u0259rin\u0259 uy\u011fun g\u0259lm\u0259k \u00fc\u00e7\u00fcn m\u00fcxt\u0259lif n\u00f6v asma sonluqlardan istifad\u0259 edil\u0259 bil\u0259r.  D\u0130NAM\u0130K X\u00dcSUS\u0130YY\u018fTL\u018fR  \u00c7arpma (maksimum y\u00fckd\u0259): 25 mm T\u0259bii Tezlik (maksimum y\u00fckd\u0259): 3 Hz","og_url":"https:\/\/climatemaster.ge\/az\/product\/vibro-hh-anti-vibration-heavy-duty-hanger\/","og_site_name":"Climate Master","article_modified_time":"2025-02-25T20:24:29+00:00","og_image":[{"width":428,"height":496,"url":"https:\/\/climatemaster.ge\/wp-content\/uploads\/2025\/02\/Antivibration-hanger-VIBRO-HH.jpg","type":"image\/jpeg"}],"twitter_card":"summary_large_image","schema":{"@context":"https:\/\/schema.org","@graph":[{"@type":"WebPage","@id":"https:\/\/climatemaster.ge\/az\/product\/vibro-hh-anti-vibration-heavy-duty-hanger\/","url":"https:\/\/climatemaster.ge\/az\/product\/vibro-hh-anti-vibration-heavy-duty-hanger\/","name":"Vibro-HH: Vibrasiyaya qar\u015f\u0131 a\u011f\u0131r as\u0131lqan - Climate Master","isPartOf":{"@id":"https:\/\/climatemaster.ge\/#website"},"primaryImageOfPage":{"@id":"https:\/\/climatemaster.ge\/az\/product\/vibro-hh-anti-vibration-heavy-duty-hanger\/#primaryimage"},"image":{"@id":"https:\/\/climatemaster.ge\/az\/product\/vibro-hh-anti-vibration-heavy-duty-hanger\/#primaryimage"},"thumbnailUrl":"https:\/\/climatemaster.ge\/wp-content\/uploads\/2025\/02\/Antivibration-hanger-VIBRO-HH.jpg","datePublished":"2025-02-07T14:44:24+00:00","dateModified":"2025-02-25T20:24:29+00:00","breadcrumb":{"@id":"https:\/\/climatemaster.ge\/az\/product\/vibro-hh-anti-vibration-heavy-duty-hanger\/#breadcrumb"},"inLanguage":"az","potentialAction":[{"@type":"ReadAction","target":["https:\/\/climatemaster.ge\/az\/product\/vibro-hh-anti-vibration-heavy-duty-hanger\/"]}]},{"@type":"ImageObject","inLanguage":"az","@id":"https:\/\/climatemaster.ge\/az\/product\/vibro-hh-anti-vibration-heavy-duty-hanger\/#primaryimage","url":"https:\/\/climatemaster.ge\/wp-content\/uploads\/2025\/02\/Antivibration-hanger-VIBRO-HH.jpg","contentUrl":"https:\/\/climatemaster.ge\/wp-content\/uploads\/2025\/02\/Antivibration-hanger-VIBRO-HH.jpg","width":428,"height":496},{"@type":"BreadcrumbList","@id":"https:\/\/climatemaster.ge\/az\/product\/vibro-hh-anti-vibration-heavy-duty-hanger\/#breadcrumb","itemListElement":[{"@type":"ListItem","position":1,"name":"Home","item":"https:\/\/climatemaster.ge\/"},{"@type":"ListItem","position":2,"name":"M\u0259hsullar","item":"https:\/\/climatemaster.ge\/products\/"},{"@type":"ListItem","position":3,"name":"Vibro-HH: Vibrasiyaya qar\u015f\u0131 a\u011f\u0131r as\u0131lqan"}]},{"@type":"WebSite","@id":"https:\/\/climatemaster.ge\/#website","url":"https:\/\/climatemaster.ge\/","name":"Climate Master","description":"","publisher":{"@id":"https:\/\/climatemaster.ge\/#organization"},"potentialAction":[{"@type":"SearchAction","target":{"@type":"EntryPoint","urlTemplate":"https:\/\/climatemaster.ge\/?s={search_term_string}"},"query-input":{"@type":"PropertyValueSpecification","valueRequired":true,"valueName":"search_term_string"}}],"inLanguage":"az"},{"@type":"Organization","@id":"https:\/\/climatemaster.ge\/#organization","name":"Climate Master","url":"https:\/\/climatemaster.ge\/","logo":{"@type":"ImageObject","inLanguage":"az","@id":"https:\/\/climatemaster.ge\/#\/schema\/logo\/image\/","url":"https:\/\/climatemaster.ge\/wp-content\/uploads\/2026\/03\/Untitled-2.png","contentUrl":"https:\/\/climatemaster.ge\/wp-content\/uploads\/2026\/03\/Untitled-2.png","width":600,"height":338,"caption":"Climate Master"},"image":{"@id":"https:\/\/climatemaster.ge\/#\/schema\/logo\/image\/"}}]}},"_links":{"self":[{"href":"https:\/\/climatemaster.ge\/az\/wp-json\/wp\/v2\/product\/23711","targetHints":{"allow":["GET"]}}],"collection":[{"href":"https:\/\/climatemaster.ge\/az\/wp-json\/wp\/v2\/product"}],"about":[{"href":"https:\/\/climatemaster.ge\/az\/wp-json\/wp\/v2\/types\/product"}],"wp:featuredmedia":[{"embeddable":true,"href":"https:\/\/climatemaster.ge\/az\/wp-json\/wp\/v2\/media\/22325"}],"wp:attachment":[{"href":"https:\/\/climatemaster.ge\/az\/wp-json\/wp\/v2\/media?parent=23711"}],"wp:term":[{"taxonomy":"product_brand","embeddable":true,"href":"https:\/\/climatemaster.ge\/az\/wp-json\/wp\/v2\/product_brand?post=23711"},{"taxonomy":"product_cat","embeddable":true,"href":"https:\/\/climatemaster.ge\/az\/wp-json\/wp\/v2\/product_cat?post=23711"},{"taxonomy":"product_tag","embeddable":true,"href":"https:\/\/climatemaster.ge\/az\/wp-json\/wp\/v2\/product_tag?post=23711"}],"curies":[{"name":"wp","href":"https:\/\/api.w.org\/{rel}","templated":true}]}}