{"id":23709,"date":"2025-02-07T18:55:15","date_gmt":"2025-02-07T14:55:15","guid":{"rendered":"https:\/\/airsystems.ge\/shop\/product\/vibro-ws-anti-vibration-supports-for-gypsumboard-partitions\/"},"modified":"2025-02-26T00:24:29","modified_gmt":"2025-02-25T20:24:29","slug":"vibro-ws-anti-vibration-supports-for-gypsumboard-partitions","status":"publish","type":"product","link":"https:\/\/climatemaster.ge\/az\/product\/vibro-ws-anti-vibration-supports-for-gypsumboard-partitions\/","title":{"rendered":"Vibro-WS: Gipskarton arak\u0259sm\u0259l\u0259ri \u00fc\u00e7\u00fcn anti-vibrasiya d\u0259st\u0259yi"},"content":{"rendered":"<ul class=\"tab_nav hidden-xs\">\n<li id=\"tab-1-title\" class=\"tab_title active\" data-tab-number=\"2\">T\u0259tbiq \u00fcsulu\n<p>Vibro-WS d\u00f6\u015f\u0259m\u0259 v\u0259 ya tavan metal profill\u0259rind\u0259 (eni 50, 75 v\u0259 ya 100 mm olan U-qa\u015fd\u0131r\u0131c\u0131) C-dirs\u0259kl\u0259rin\u0259 uy\u011fun olaraq qura\u015fd\u0131r\u0131l\u0131r v\u0259 ya o, h\u0259m\u00e7inin, x\u00fcsusi olaraq U-qa\u00e7\u0131\u015f alt\u0131nda birl\u0259\u015fdirilmi\u015f \u015f\u0259kild\u0259 qura\u015fd\u0131r\u0131la bil\u0259r. Onlar boltlar il\u0259 profill\u0259r\u0259 v\u0259 geni\u015fl\u0259ndirici boltlar il\u0259 d\u00f6\u015f\u0259m\u0259y\u0259 v\u0259 ya tavana sabitl\u0259n\u0259 bil\u0259r.<br \/>\nBo\u015f yerl\u0259r s\u0259s uducu materialla (m\u0259s\u0259l\u0259n, da\u015f yun) doldurulmal\u0131d\u0131r.<br \/>\nVibro-WS bazan\u0131n yan qapaqlar\u0131n\u0131n bir hiss\u0259si v\u0259 ya ham\u0131s\u0131, qapa\u011f\u0131n uzunlu\u011fundan daha ki\u00e7ik qal\u0131nl\u0131\u011fa (m\u0259s\u0259l\u0259n, t\u0259k gips karton) malik t\u0259tbiql\u0259r \u00fc\u00e7\u00fcn k\u0259sikl\u0259ri say\u0259sind\u0259 asanl\u0131qla k\u0259sil\u0259 bil\u0259r.<\/li>\n<\/ul>\n<p><strong><a class=\"swipebox\" href=\"https:\/\/antivibration-systems.com\/wp-content\/uploads\/2010\/08\/WS-application-3D.jpg\" data-rel=\"lightbox-gallery-bGlnaHRib3gtZ2FsbGVyeS0w\" data-rl_title=\"Vibro-WS \u2013 Metal washer image\" data-rl_caption=\"\"><img loading=\"lazy\" decoding=\"async\" class=\"size-thumbnail wp-image-1693 alignleft\" title=\"Vibro-WS \u2013 Metal washer image\" src=\"https:\/\/antivibration-systems.com\/wp-content\/uploads\/2010\/08\/WS-application-3D-150x150.jpg\" alt=\"\" width=\"150\" height=\"150\" \/><\/a>D\u0130QQ\u018fT:<br \/>\nH\u0259r bir sabit n\u00f6qt\u0259d\u0259 metal yuyucu da istifad\u0259 edilm\u0259lidir.<br \/>\n<\/strong><\/p>\n","protected":false},"excerpt":{"rendered":"<p>Vibro-WS: Gipskarton arak\u0259sm\u0259l\u0259ri \u00fc\u00e7\u00fcn anti-vibrasiya d\u0259st\u0259yi<\/p>\n<p>Gipskarton arak\u0259sm\u0259l\u0259ri \u00fc\u00e7\u00fcn antivibrasiya d\u0259st\u0259yi. O, s\u0259syazma v\u0259 ya m\u0259\u015fq studiyas\u0131 proqramlar\u0131nda v\u0259 ya \u00fcz\u0259n divar\u0131n t\u0259l\u0259b olundu\u011fu h\u0259r yerd\u0259 istifad\u0259 edil\u0259 bil\u0259r.<\/p>\n<p>T\u018fSV\u0130R\u0130<\/p>\n<p>Vibro-WS Anti-vibrasiya dayaqlar\u0131 al\u00e7\u0131pan arak\u0259sm\u0259l\u0259ri \u00fc\u00e7\u00fcn x\u00fcsusi haz\u0131rlanm\u0131\u015f homojen rezin dayaq sisteml\u0259ridir. Onlar\u0131n bazas\u0131nda (WS.75 v\u0259 100 \u00fc\u00e7\u00fcn) v\u0259 enin\u0259 d\u0259likl\u0259rd\u0259 (WS.50 \u00fc\u00e7\u00fcn) yar\u0131 silindrik modulyasiya \u0259yilm\u0259ni v\u0259 n\u0259tic\u0259d\u0259 vibrasiya izolyasiyas\u0131n\u0131 art\u0131rmaq \u00fc\u00e7\u00fcn rezin geni\u015fl\u0259nm\u0259si \u00fc\u00e7\u00fcn laz\u0131mi yer t\u0259min edir. Vibro-WS-in maili qapaqlar\u0131 \u0259sas \u00fcz\u0259rind\u0259ki b\u0259rkitm\u0259 boltlar\u0131n\u0131 \u0259hat\u0259 edir v\u0259 al\u00e7\u0131pan il\u0259 m\u00fcmk\u00fcn t\u0259mas\u0131n qar\u015f\u0131s\u0131n\u0131 al\u0131r.<\/p>\n<p>T\u018fTB\u0130QL\u018fR<\/p>\n<p>\u00dcz\u0259n al\u00e7\u0131pan arak\u0259sm\u0259l\u0259rind\u0259 Vibro-WS t\u0259tbiqi:<\/p>\n<p>Yan t\u0259r\u0259fd\u0259ki s\u0259s-k\u00fcy\u00fcn \u00f6t\u00fcr\u00fclm\u0259sini azald\u0131r.<br \/>\n\u0130stilik k\u00f6rp\u00fcl\u0259rini v\u0259 r\u00fctub\u0259tli m\u0259rt\u0259b\u0259l\u0259r v\u0259 divarlar aras\u0131nda n\u0259m art\u0131m\u0131n\u0131 k\u0259sin.<br \/>\nMONTAJ<\/p>\n<p>Gipskarton arak\u0259sm\u0259l\u0259ri \u00fc\u00e7\u00fcn Vibro-WS Anti-vibrasiya dayaqlar\u0131 d\u00f6\u015f\u0259m\u0259 v\u0259 ya tavan metal profill\u0259rin\u0259 (eni 50, 75 v\u0259 ya 100 mm olan U-qa\u015fd\u0131r\u0131c\u0131) C-dirs\u0259kl\u0259r\u0259 uy\u011fun olaraq qura\u015fd\u0131r\u0131l\u0131r v\u0259 ya U-r\u0259nginin alt\u0131nda birl\u0259\u015fdirilmi\u015f \u015f\u0259kild\u0259 qura\u015fd\u0131r\u0131la bil\u0259r. Onlar boltlar il\u0259 profill\u0259r\u0259 v\u0259 geni\u015fl\u0259ndirici boltlar il\u0259 d\u00f6\u015f\u0259m\u0259y\u0259 v\u0259 ya tavana sabitl\u0259n\u0259 bil\u0259r. Bo\u015f yerl\u0259r s\u0259s uducu materialla (m\u0259s\u0259l\u0259n, da\u015f yun) doldurulmal\u0131d\u0131r. Vibro-WS bazan\u0131n yan qapaqlar\u0131n\u0131n bir hiss\u0259si v\u0259 ya ham\u0131s\u0131, qapa\u011f\u0131n uzunlu\u011fundan daha ki\u00e7ik qal\u0131nl\u0131\u011fa (m\u0259s\u0259l\u0259n, t\u0259k gips karton) malik t\u0259tbiql\u0259r \u00fc\u00e7\u00fcn k\u0259sikl\u0259ri say\u0259sind\u0259 asanl\u0131qla k\u0259sil\u0259 bil\u0259r. H\u0259r bir sabit n\u00f6qt\u0259d\u0259 metal yuyucu da istifad\u0259 edilm\u0259lidir.<\/p>\n<p>T\u018fL\u018fB ED\u0130L\u018fN K\u018fM\u0130D\u018f<\/p>\n<p>60 sm \u00fc\u00e7\u00fcn 2 \u0259d\u0259d (biri tavanda, biri yerd\u0259).<\/p>\n<p>MAKS\u0130MUM Y\u00dcK<\/p>\n<p>H\u0259r montaj n\u00f6qt\u0259si \u00fc\u00e7\u00fcn 80 kq.<\/p>\n","protected":false},"featured_media":22329,"template":"","meta":[],"product_brand":[],"product_cat":[927],"product_tag":[],"class_list":{"0":"post-23709","1":"product","2":"type-product","3":"status-publish","4":"has-post-thumbnail","6":"product_cat-vibrasiya-anti-ss-kuy-akustik-az","8":"first","9":"instock","10":"shipping-taxable","11":"product-type-simple"},"yoast_head":"<!-- This site is optimized with the Yoast SEO plugin v27.1.1 - https:\/\/yoast.com\/product\/yoast-seo-wordpress\/ -->\n<title>Vibro-WS: Gipskarton arak\u0259sm\u0259l\u0259ri \u00fc\u00e7\u00fcn anti-vibrasiya d\u0259st\u0259yi - Climate Master<\/title>\n<meta name=\"robots\" content=\"index, follow, max-snippet:-1, max-image-preview:large, max-video-preview:-1\" \/>\n<link rel=\"canonical\" href=\"https:\/\/climatemaster.ge\/az\/product\/vibro-ws-anti-vibration-supports-for-gypsumboard-partitions\/\" \/>\n<meta property=\"og:locale\" content=\"az_AZ\" \/>\n<meta property=\"og:type\" content=\"article\" \/>\n<meta property=\"og:title\" content=\"Vibro-WS: Gipskarton arak\u0259sm\u0259l\u0259ri \u00fc\u00e7\u00fcn anti-vibrasiya d\u0259st\u0259yi - Climate Master\" \/>\n<meta property=\"og:description\" content=\"Vibro-WS: Gipskarton arak\u0259sm\u0259l\u0259ri \u00fc\u00e7\u00fcn anti-vibrasiya d\u0259st\u0259yi  Gipskarton arak\u0259sm\u0259l\u0259ri \u00fc\u00e7\u00fcn antivibrasiya d\u0259st\u0259yi. O, s\u0259syazma v\u0259 ya m\u0259\u015fq studiyas\u0131 proqramlar\u0131nda v\u0259 ya \u00fcz\u0259n divar\u0131n t\u0259l\u0259b olundu\u011fu h\u0259r yerd\u0259 istifad\u0259 edil\u0259 bil\u0259r.  T\u018fSV\u0130R\u0130  Vibro-WS Anti-vibrasiya dayaqlar\u0131 al\u00e7\u0131pan arak\u0259sm\u0259l\u0259ri \u00fc\u00e7\u00fcn x\u00fcsusi haz\u0131rlanm\u0131\u015f homojen rezin dayaq sisteml\u0259ridir. Onlar\u0131n bazas\u0131nda (WS.75 v\u0259 100 \u00fc\u00e7\u00fcn) v\u0259 enin\u0259 d\u0259likl\u0259rd\u0259 (WS.50 \u00fc\u00e7\u00fcn) yar\u0131 silindrik modulyasiya \u0259yilm\u0259ni v\u0259 n\u0259tic\u0259d\u0259 vibrasiya izolyasiyas\u0131n\u0131 art\u0131rmaq \u00fc\u00e7\u00fcn rezin geni\u015fl\u0259nm\u0259si \u00fc\u00e7\u00fcn laz\u0131mi yer t\u0259min edir. Vibro-WS-in maili qapaqlar\u0131 \u0259sas \u00fcz\u0259rind\u0259ki b\u0259rkitm\u0259 boltlar\u0131n\u0131 \u0259hat\u0259 edir v\u0259 al\u00e7\u0131pan il\u0259 m\u00fcmk\u00fcn t\u0259mas\u0131n qar\u015f\u0131s\u0131n\u0131 al\u0131r.  T\u018fTB\u0130QL\u018fR  \u00dcz\u0259n al\u00e7\u0131pan arak\u0259sm\u0259l\u0259rind\u0259 Vibro-WS t\u0259tbiqi:  Yan t\u0259r\u0259fd\u0259ki s\u0259s-k\u00fcy\u00fcn \u00f6t\u00fcr\u00fclm\u0259sini azald\u0131r. \u0130stilik k\u00f6rp\u00fcl\u0259rini v\u0259 r\u00fctub\u0259tli m\u0259rt\u0259b\u0259l\u0259r v\u0259 divarlar aras\u0131nda n\u0259m art\u0131m\u0131n\u0131 k\u0259sin. MONTAJ  Gipskarton arak\u0259sm\u0259l\u0259ri \u00fc\u00e7\u00fcn Vibro-WS Anti-vibrasiya dayaqlar\u0131 d\u00f6\u015f\u0259m\u0259 v\u0259 ya tavan metal profill\u0259rin\u0259 (eni 50, 75 v\u0259 ya 100 mm olan U-qa\u015fd\u0131r\u0131c\u0131) C-dirs\u0259kl\u0259r\u0259 uy\u011fun olaraq qura\u015fd\u0131r\u0131l\u0131r v\u0259 ya U-r\u0259nginin alt\u0131nda birl\u0259\u015fdirilmi\u015f \u015f\u0259kild\u0259 qura\u015fd\u0131r\u0131la bil\u0259r. Onlar boltlar il\u0259 profill\u0259r\u0259 v\u0259 geni\u015fl\u0259ndirici boltlar il\u0259 d\u00f6\u015f\u0259m\u0259y\u0259 v\u0259 ya tavana sabitl\u0259n\u0259 bil\u0259r. Bo\u015f yerl\u0259r s\u0259s uducu materialla (m\u0259s\u0259l\u0259n, da\u015f yun) doldurulmal\u0131d\u0131r. Vibro-WS bazan\u0131n yan qapaqlar\u0131n\u0131n bir hiss\u0259si v\u0259 ya ham\u0131s\u0131, qapa\u011f\u0131n uzunlu\u011fundan daha ki\u00e7ik qal\u0131nl\u0131\u011fa (m\u0259s\u0259l\u0259n, t\u0259k gips karton) malik t\u0259tbiql\u0259r \u00fc\u00e7\u00fcn k\u0259sikl\u0259ri say\u0259sind\u0259 asanl\u0131qla k\u0259sil\u0259 bil\u0259r. H\u0259r bir sabit n\u00f6qt\u0259d\u0259 metal yuyucu da istifad\u0259 edilm\u0259lidir.  T\u018fL\u018fB ED\u0130L\u018fN K\u018fM\u0130D\u018f  60 sm \u00fc\u00e7\u00fcn 2 \u0259d\u0259d (biri tavanda, biri yerd\u0259).  MAKS\u0130MUM Y\u00dcK  H\u0259r montaj n\u00f6qt\u0259si \u00fc\u00e7\u00fcn 80 kq.\" \/>\n<meta property=\"og:url\" content=\"https:\/\/climatemaster.ge\/az\/product\/vibro-ws-anti-vibration-supports-for-gypsumboard-partitions\/\" \/>\n<meta property=\"og:site_name\" content=\"Climate Master\" \/>\n<meta property=\"article:modified_time\" content=\"2025-02-25T20:24:29+00:00\" \/>\n<meta property=\"og:image\" content=\"https:\/\/climatemaster.ge\/wp-content\/uploads\/2025\/02\/07200994207_A.jpg\" \/>\n\t<meta property=\"og:image:width\" content=\"280\" \/>\n\t<meta property=\"og:image:height\" content=\"210\" \/>\n\t<meta property=\"og:image:type\" content=\"image\/jpeg\" \/>\n<meta name=\"twitter:card\" content=\"summary_large_image\" \/>\n<meta name=\"twitter:label1\" content=\"Est. reading time\" \/>\n\t<meta name=\"twitter:data1\" content=\"1 minute\" \/>\n<script type=\"application\/ld+json\" class=\"yoast-schema-graph\">{\"@context\":\"https:\/\/schema.org\",\"@graph\":[{\"@type\":\"WebPage\",\"@id\":\"https:\/\/climatemaster.ge\/az\/product\/vibro-ws-anti-vibration-supports-for-gypsumboard-partitions\/\",\"url\":\"https:\/\/climatemaster.ge\/az\/product\/vibro-ws-anti-vibration-supports-for-gypsumboard-partitions\/\",\"name\":\"Vibro-WS: Gipskarton arak\u0259sm\u0259l\u0259ri \u00fc\u00e7\u00fcn anti-vibrasiya d\u0259st\u0259yi - Climate Master\",\"isPartOf\":{\"@id\":\"https:\/\/climatemaster.ge\/#website\"},\"primaryImageOfPage\":{\"@id\":\"https:\/\/climatemaster.ge\/az\/product\/vibro-ws-anti-vibration-supports-for-gypsumboard-partitions\/#primaryimage\"},\"image\":{\"@id\":\"https:\/\/climatemaster.ge\/az\/product\/vibro-ws-anti-vibration-supports-for-gypsumboard-partitions\/#primaryimage\"},\"thumbnailUrl\":\"https:\/\/climatemaster.ge\/wp-content\/uploads\/2025\/02\/07200994207_A.jpg\",\"datePublished\":\"2025-02-07T14:55:15+00:00\",\"dateModified\":\"2025-02-25T20:24:29+00:00\",\"breadcrumb\":{\"@id\":\"https:\/\/climatemaster.ge\/az\/product\/vibro-ws-anti-vibration-supports-for-gypsumboard-partitions\/#breadcrumb\"},\"inLanguage\":\"az\",\"potentialAction\":[{\"@type\":\"ReadAction\",\"target\":[\"https:\/\/climatemaster.ge\/az\/product\/vibro-ws-anti-vibration-supports-for-gypsumboard-partitions\/\"]}]},{\"@type\":\"ImageObject\",\"inLanguage\":\"az\",\"@id\":\"https:\/\/climatemaster.ge\/az\/product\/vibro-ws-anti-vibration-supports-for-gypsumboard-partitions\/#primaryimage\",\"url\":\"https:\/\/climatemaster.ge\/wp-content\/uploads\/2025\/02\/07200994207_A.jpg\",\"contentUrl\":\"https:\/\/climatemaster.ge\/wp-content\/uploads\/2025\/02\/07200994207_A.jpg\",\"width\":280,\"height\":210},{\"@type\":\"BreadcrumbList\",\"@id\":\"https:\/\/climatemaster.ge\/az\/product\/vibro-ws-anti-vibration-supports-for-gypsumboard-partitions\/#breadcrumb\",\"itemListElement\":[{\"@type\":\"ListItem\",\"position\":1,\"name\":\"Home\",\"item\":\"https:\/\/climatemaster.ge\/\"},{\"@type\":\"ListItem\",\"position\":2,\"name\":\"M\u0259hsullar\",\"item\":\"https:\/\/climatemaster.ge\/products\/\"},{\"@type\":\"ListItem\",\"position\":3,\"name\":\"Vibro-WS: Gipskarton arak\u0259sm\u0259l\u0259ri \u00fc\u00e7\u00fcn anti-vibrasiya d\u0259st\u0259yi\"}]},{\"@type\":\"WebSite\",\"@id\":\"https:\/\/climatemaster.ge\/#website\",\"url\":\"https:\/\/climatemaster.ge\/\",\"name\":\"Climate Master\",\"description\":\"\",\"publisher\":{\"@id\":\"https:\/\/climatemaster.ge\/#organization\"},\"potentialAction\":[{\"@type\":\"SearchAction\",\"target\":{\"@type\":\"EntryPoint\",\"urlTemplate\":\"https:\/\/climatemaster.ge\/?s={search_term_string}\"},\"query-input\":{\"@type\":\"PropertyValueSpecification\",\"valueRequired\":true,\"valueName\":\"search_term_string\"}}],\"inLanguage\":\"az\"},{\"@type\":\"Organization\",\"@id\":\"https:\/\/climatemaster.ge\/#organization\",\"name\":\"Climate Master\",\"url\":\"https:\/\/climatemaster.ge\/\",\"logo\":{\"@type\":\"ImageObject\",\"inLanguage\":\"az\",\"@id\":\"https:\/\/climatemaster.ge\/#\/schema\/logo\/image\/\",\"url\":\"https:\/\/climatemaster.ge\/wp-content\/uploads\/2026\/03\/Untitled-2.png\",\"contentUrl\":\"https:\/\/climatemaster.ge\/wp-content\/uploads\/2026\/03\/Untitled-2.png\",\"width\":600,\"height\":338,\"caption\":\"Climate Master\"},\"image\":{\"@id\":\"https:\/\/climatemaster.ge\/#\/schema\/logo\/image\/\"}}]}<\/script>\n<!-- \/ Yoast SEO plugin. -->","yoast_head_json":{"title":"Vibro-WS: Gipskarton arak\u0259sm\u0259l\u0259ri \u00fc\u00e7\u00fcn anti-vibrasiya d\u0259st\u0259yi - Climate Master","robots":{"index":"index","follow":"follow","max-snippet":"max-snippet:-1","max-image-preview":"max-image-preview:large","max-video-preview":"max-video-preview:-1"},"canonical":"https:\/\/climatemaster.ge\/az\/product\/vibro-ws-anti-vibration-supports-for-gypsumboard-partitions\/","og_locale":"az_AZ","og_type":"article","og_title":"Vibro-WS: Gipskarton arak\u0259sm\u0259l\u0259ri \u00fc\u00e7\u00fcn anti-vibrasiya d\u0259st\u0259yi - Climate Master","og_description":"Vibro-WS: Gipskarton arak\u0259sm\u0259l\u0259ri \u00fc\u00e7\u00fcn anti-vibrasiya d\u0259st\u0259yi  Gipskarton arak\u0259sm\u0259l\u0259ri \u00fc\u00e7\u00fcn antivibrasiya d\u0259st\u0259yi. O, s\u0259syazma v\u0259 ya m\u0259\u015fq studiyas\u0131 proqramlar\u0131nda v\u0259 ya \u00fcz\u0259n divar\u0131n t\u0259l\u0259b olundu\u011fu h\u0259r yerd\u0259 istifad\u0259 edil\u0259 bil\u0259r.  T\u018fSV\u0130R\u0130  Vibro-WS Anti-vibrasiya dayaqlar\u0131 al\u00e7\u0131pan arak\u0259sm\u0259l\u0259ri \u00fc\u00e7\u00fcn x\u00fcsusi haz\u0131rlanm\u0131\u015f homojen rezin dayaq sisteml\u0259ridir. Onlar\u0131n bazas\u0131nda (WS.75 v\u0259 100 \u00fc\u00e7\u00fcn) v\u0259 enin\u0259 d\u0259likl\u0259rd\u0259 (WS.50 \u00fc\u00e7\u00fcn) yar\u0131 silindrik modulyasiya \u0259yilm\u0259ni v\u0259 n\u0259tic\u0259d\u0259 vibrasiya izolyasiyas\u0131n\u0131 art\u0131rmaq \u00fc\u00e7\u00fcn rezin geni\u015fl\u0259nm\u0259si \u00fc\u00e7\u00fcn laz\u0131mi yer t\u0259min edir. Vibro-WS-in maili qapaqlar\u0131 \u0259sas \u00fcz\u0259rind\u0259ki b\u0259rkitm\u0259 boltlar\u0131n\u0131 \u0259hat\u0259 edir v\u0259 al\u00e7\u0131pan il\u0259 m\u00fcmk\u00fcn t\u0259mas\u0131n qar\u015f\u0131s\u0131n\u0131 al\u0131r.  T\u018fTB\u0130QL\u018fR  \u00dcz\u0259n al\u00e7\u0131pan arak\u0259sm\u0259l\u0259rind\u0259 Vibro-WS t\u0259tbiqi:  Yan t\u0259r\u0259fd\u0259ki s\u0259s-k\u00fcy\u00fcn \u00f6t\u00fcr\u00fclm\u0259sini azald\u0131r. \u0130stilik k\u00f6rp\u00fcl\u0259rini v\u0259 r\u00fctub\u0259tli m\u0259rt\u0259b\u0259l\u0259r v\u0259 divarlar aras\u0131nda n\u0259m art\u0131m\u0131n\u0131 k\u0259sin. MONTAJ  Gipskarton arak\u0259sm\u0259l\u0259ri \u00fc\u00e7\u00fcn Vibro-WS Anti-vibrasiya dayaqlar\u0131 d\u00f6\u015f\u0259m\u0259 v\u0259 ya tavan metal profill\u0259rin\u0259 (eni 50, 75 v\u0259 ya 100 mm olan U-qa\u015fd\u0131r\u0131c\u0131) C-dirs\u0259kl\u0259r\u0259 uy\u011fun olaraq qura\u015fd\u0131r\u0131l\u0131r v\u0259 ya U-r\u0259nginin alt\u0131nda birl\u0259\u015fdirilmi\u015f \u015f\u0259kild\u0259 qura\u015fd\u0131r\u0131la bil\u0259r. Onlar boltlar il\u0259 profill\u0259r\u0259 v\u0259 geni\u015fl\u0259ndirici boltlar il\u0259 d\u00f6\u015f\u0259m\u0259y\u0259 v\u0259 ya tavana sabitl\u0259n\u0259 bil\u0259r. Bo\u015f yerl\u0259r s\u0259s uducu materialla (m\u0259s\u0259l\u0259n, da\u015f yun) doldurulmal\u0131d\u0131r. Vibro-WS bazan\u0131n yan qapaqlar\u0131n\u0131n bir hiss\u0259si v\u0259 ya ham\u0131s\u0131, qapa\u011f\u0131n uzunlu\u011fundan daha ki\u00e7ik qal\u0131nl\u0131\u011fa (m\u0259s\u0259l\u0259n, t\u0259k gips karton) malik t\u0259tbiql\u0259r \u00fc\u00e7\u00fcn k\u0259sikl\u0259ri say\u0259sind\u0259 asanl\u0131qla k\u0259sil\u0259 bil\u0259r. H\u0259r bir sabit n\u00f6qt\u0259d\u0259 metal yuyucu da istifad\u0259 edilm\u0259lidir.  T\u018fL\u018fB ED\u0130L\u018fN K\u018fM\u0130D\u018f  60 sm \u00fc\u00e7\u00fcn 2 \u0259d\u0259d (biri tavanda, biri yerd\u0259).  MAKS\u0130MUM Y\u00dcK  H\u0259r montaj n\u00f6qt\u0259si \u00fc\u00e7\u00fcn 80 kq.","og_url":"https:\/\/climatemaster.ge\/az\/product\/vibro-ws-anti-vibration-supports-for-gypsumboard-partitions\/","og_site_name":"Climate Master","article_modified_time":"2025-02-25T20:24:29+00:00","og_image":[{"width":280,"height":210,"url":"https:\/\/climatemaster.ge\/wp-content\/uploads\/2025\/02\/07200994207_A.jpg","type":"image\/jpeg"}],"twitter_card":"summary_large_image","twitter_misc":{"Est. reading time":"1 minute"},"schema":{"@context":"https:\/\/schema.org","@graph":[{"@type":"WebPage","@id":"https:\/\/climatemaster.ge\/az\/product\/vibro-ws-anti-vibration-supports-for-gypsumboard-partitions\/","url":"https:\/\/climatemaster.ge\/az\/product\/vibro-ws-anti-vibration-supports-for-gypsumboard-partitions\/","name":"Vibro-WS: Gipskarton arak\u0259sm\u0259l\u0259ri \u00fc\u00e7\u00fcn anti-vibrasiya d\u0259st\u0259yi - Climate Master","isPartOf":{"@id":"https:\/\/climatemaster.ge\/#website"},"primaryImageOfPage":{"@id":"https:\/\/climatemaster.ge\/az\/product\/vibro-ws-anti-vibration-supports-for-gypsumboard-partitions\/#primaryimage"},"image":{"@id":"https:\/\/climatemaster.ge\/az\/product\/vibro-ws-anti-vibration-supports-for-gypsumboard-partitions\/#primaryimage"},"thumbnailUrl":"https:\/\/climatemaster.ge\/wp-content\/uploads\/2025\/02\/07200994207_A.jpg","datePublished":"2025-02-07T14:55:15+00:00","dateModified":"2025-02-25T20:24:29+00:00","breadcrumb":{"@id":"https:\/\/climatemaster.ge\/az\/product\/vibro-ws-anti-vibration-supports-for-gypsumboard-partitions\/#breadcrumb"},"inLanguage":"az","potentialAction":[{"@type":"ReadAction","target":["https:\/\/climatemaster.ge\/az\/product\/vibro-ws-anti-vibration-supports-for-gypsumboard-partitions\/"]}]},{"@type":"ImageObject","inLanguage":"az","@id":"https:\/\/climatemaster.ge\/az\/product\/vibro-ws-anti-vibration-supports-for-gypsumboard-partitions\/#primaryimage","url":"https:\/\/climatemaster.ge\/wp-content\/uploads\/2025\/02\/07200994207_A.jpg","contentUrl":"https:\/\/climatemaster.ge\/wp-content\/uploads\/2025\/02\/07200994207_A.jpg","width":280,"height":210},{"@type":"BreadcrumbList","@id":"https:\/\/climatemaster.ge\/az\/product\/vibro-ws-anti-vibration-supports-for-gypsumboard-partitions\/#breadcrumb","itemListElement":[{"@type":"ListItem","position":1,"name":"Home","item":"https:\/\/climatemaster.ge\/"},{"@type":"ListItem","position":2,"name":"M\u0259hsullar","item":"https:\/\/climatemaster.ge\/products\/"},{"@type":"ListItem","position":3,"name":"Vibro-WS: Gipskarton arak\u0259sm\u0259l\u0259ri \u00fc\u00e7\u00fcn anti-vibrasiya d\u0259st\u0259yi"}]},{"@type":"WebSite","@id":"https:\/\/climatemaster.ge\/#website","url":"https:\/\/climatemaster.ge\/","name":"Climate Master","description":"","publisher":{"@id":"https:\/\/climatemaster.ge\/#organization"},"potentialAction":[{"@type":"SearchAction","target":{"@type":"EntryPoint","urlTemplate":"https:\/\/climatemaster.ge\/?s={search_term_string}"},"query-input":{"@type":"PropertyValueSpecification","valueRequired":true,"valueName":"search_term_string"}}],"inLanguage":"az"},{"@type":"Organization","@id":"https:\/\/climatemaster.ge\/#organization","name":"Climate Master","url":"https:\/\/climatemaster.ge\/","logo":{"@type":"ImageObject","inLanguage":"az","@id":"https:\/\/climatemaster.ge\/#\/schema\/logo\/image\/","url":"https:\/\/climatemaster.ge\/wp-content\/uploads\/2026\/03\/Untitled-2.png","contentUrl":"https:\/\/climatemaster.ge\/wp-content\/uploads\/2026\/03\/Untitled-2.png","width":600,"height":338,"caption":"Climate Master"},"image":{"@id":"https:\/\/climatemaster.ge\/#\/schema\/logo\/image\/"}}]}},"_links":{"self":[{"href":"https:\/\/climatemaster.ge\/az\/wp-json\/wp\/v2\/product\/23709","targetHints":{"allow":["GET"]}}],"collection":[{"href":"https:\/\/climatemaster.ge\/az\/wp-json\/wp\/v2\/product"}],"about":[{"href":"https:\/\/climatemaster.ge\/az\/wp-json\/wp\/v2\/types\/product"}],"wp:featuredmedia":[{"embeddable":true,"href":"https:\/\/climatemaster.ge\/az\/wp-json\/wp\/v2\/media\/22329"}],"wp:attachment":[{"href":"https:\/\/climatemaster.ge\/az\/wp-json\/wp\/v2\/media?parent=23709"}],"wp:term":[{"taxonomy":"product_brand","embeddable":true,"href":"https:\/\/climatemaster.ge\/az\/wp-json\/wp\/v2\/product_brand?post=23709"},{"taxonomy":"product_cat","embeddable":true,"href":"https:\/\/climatemaster.ge\/az\/wp-json\/wp\/v2\/product_cat?post=23709"},{"taxonomy":"product_tag","embeddable":true,"href":"https:\/\/climatemaster.ge\/az\/wp-json\/wp\/v2\/product_tag?post=23709"}],"curies":[{"name":"wp","href":"https:\/\/api.w.org\/{rel}","templated":true}]}}