{"id":23700,"date":"2025-02-07T19:55:29","date_gmt":"2025-02-07T15:55:29","guid":{"rendered":"https:\/\/airsystems.ge\/shop\/product\/vibro-%cf%89mega-f-anti-vibration-braces-for-floating-drywall-systems-and-anti-vibration-suspensions-with-regufoam\/"},"modified":"2025-02-26T00:24:28","modified_gmt":"2025-02-25T20:24:28","slug":"vibro-%cf%89mega-f-anti-vibration-braces-for-floating-drywall-systems-and-anti-vibration-suspensions-with-regufoam","status":"publish","type":"product","link":"https:\/\/climatemaster.ge\/az\/product\/vibro-%cf%89mega-f-anti-vibration-braces-for-floating-drywall-systems-and-anti-vibration-suspensions-with-regufoam\/","title":{"rendered":"Vibro-\u03a9mega.F: \u00dcz\u0259n al\u00e7\u0131pan sisteml\u0259ri v\u0259 Regufoam\u00ae il\u0259 vibrasiya \u0259leyhin\u0259 asq\u0131lar \u00fc\u00e7\u00fcn vibrasiya \u0259leyhin\u0259 m\u00f6t\u0259riz\u0259l\u0259r"},"content":{"rendered":"<h5><strong>Selection Table:<\/strong><\/h5>\n<table class=\"tg\">\n<thead>\n<tr>\n<th class=\"tg-amwm\">TYPE<\/th>\n<th class=\"tg-amwm\">COLOUR CODE<\/th>\n<th class=\"tg-amwm\">MAX AXIAL RESTRAINT (daN)<\/th>\n<\/tr>\n<\/thead>\n<tbody>\n<tr>\n<td class=\"tg-baqh\">\u03a9mega.F 10<\/td>\n<td class=\"tg-baqh\">Black<\/td>\n<td class=\"tg-baqh\">10<\/td>\n<\/tr>\n<tr>\n<td class=\"tg-baqh\">\u03a9mega.F 20<\/td>\n<td class=\"tg-baqh\">Grey<\/td>\n<td class=\"tg-baqh\">20<\/td>\n<\/tr>\n<tr>\n<td class=\"tg-baqh\">\u03a9mega.F 40<\/td>\n<td class=\"tg-baqh\">Beige<\/td>\n<td class=\"tg-baqh\">40<\/td>\n<\/tr>\n<\/tbody>\n<\/table>\n<p><strong>Dinamik X\u00fcsusiyy\u0259tl\u0259r:<\/strong><\/p>\n<p>T\u0259bii tezlik (maksimum y\u00fckd\u0259):<br \/>\n\u2013 14 Hz (12,5 mm k\u00f6p\u00fck qal\u0131nl\u0131\u011f\u0131)<br \/>\n\u2013 10 Hz (25 mm k\u00f6p\u00fck qal\u0131nl\u0131\u011f\u0131)<\/p>\n","protected":false},"excerpt":{"rendered":"<p>\u00dcz\u0259n al\u00e7\u0131pan sisteml\u0259ri v\u0259 Regufoam\u00ae il\u0259 vibrasiya \u0259leyhin\u0259 asq\u0131lar \u00fc\u00e7\u00fcn vibrasiya \u0259leyhin\u0259 m\u00f6t\u0259riz\u0259l\u0259r<\/p>\n<p>&nbsp;<\/p>\n<p>Vibro-\u03a9mega.F\u00a0divar dayaqlar\u0131, bu divarlar \u00fcz\u0259n m\u0259rt\u0259b\u0259d\u0259 anti-vibrasiya qura\u015fd\u0131r\u0131ld\u0131qda, \u00fcz\u0259n quru divar tikinti sisteml\u0259ri \u00fc\u00e7\u00fcn vibrasiya \u0259leyhin\u0259 m\u00f6t\u0259riz\u0259 kimi istifad\u0259 olunur. Bu anti-vibrasiya dayaqlar\u0131n\u0131n istifad\u0259si kifay\u0259t q\u0259d\u0259r y\u00fcks\u0259k h\u00fcnd\u00fcrl\u00fcy\u0259 malik divarlar \u00fc\u00e7\u00fcn t\u00f6vsiy\u0259 olunur. Bu t\u0259tbiq\u00a0divar\u0131n dinamik s\u0259rtliyini, el\u0259c\u0259 d\u0259 strukturun seysmik m\u00fchafiz\u0259sini art\u0131r\u0131r.<\/p>\n<p>Bu m\u00f6t\u0259riz\u0259nin istifad\u0259si iki divar aras\u0131nda s\u0259s k\u00f6rp\u00fcs\u00fcn\u00fcn yaranmas\u0131n\u0131n qar\u015f\u0131s\u0131n\u0131 al\u0131r v\u0259 bel\u0259likl\u0259 struktur s\u0259s-k\u00fcy\u00fcn\u00fcn s\u0259s izolyasiyas\u0131na nail olur.<\/p>\n<p>Aral\u0131q metal elementin daxil edilm\u0259si il\u0259 onun a\u011f\u0131ll\u0131 konstruksiyas\u0131 h\u0259m s\u0131x\u0131lma, h\u0259m d\u0259 dart\u0131lma q\u00fcvv\u0259l\u0259rini m\u0259hdudla\u015fd\u0131rma\u011fa imkan verir.Aral\u0131q vibrasiya \u0259leyhin\u0259 element yar\u0131 qapal\u0131 poliuretan k\u00f6p\u00fckd\u0259n (Regufoam) haz\u0131rlan\u0131r.<\/p>\n<p>Daha \u00e7ox tikinti t\u0259l\u0259bl\u0259rin\u0259 cavab verm\u0259k \u00fc\u00e7\u00fcn o, h\u0259m M6 v\u0259 M 8 mm ki\u015fi ipl\u0259, h\u0259m d\u0259 M6 mm di\u015fi daxili ipl\u0259 istehsal olunur.<\/p>\n<p>Onun bazas\u0131nda montaj\u0131 asanla\u015fd\u0131rmaq \u00fc\u00e7\u00fcn oval de\u015fikl\u0259rl\u0259 t\u0259chiz edilmi\u015fdir.<\/p>\n<p>Anti-vibrasiya\u00a0Vibro-\u03a9mega.F. istifad\u0259 h\u0259m\u00e7inin vibrasiyan\u0131n \u00f6t\u00fcr\u00fclm\u0259sinin qar\u015f\u0131s\u0131n\u0131 alan boru sisteml\u0259rinin divarlardan v\u0259 ya tavanlardan d\u0259st\u0259kl\u0259nm\u0259si \/ dayand\u0131r\u0131lmas\u0131nda t\u0259tbiq edilir.<\/p>\n","protected":false},"featured_media":22393,"template":"","meta":[],"product_brand":[],"product_cat":[927],"product_tag":[],"class_list":{"0":"post-23700","1":"product","2":"type-product","3":"status-publish","4":"has-post-thumbnail","6":"product_cat-vibrasiya-anti-ss-kuy-akustik-az","8":"first","9":"instock","10":"shipping-taxable","11":"product-type-simple"},"yoast_head":"<!-- This site is optimized with the Yoast SEO plugin v27.1.1 - https:\/\/yoast.com\/product\/yoast-seo-wordpress\/ -->\n<title>Vibro-\u03a9mega.F: \u00dcz\u0259n al\u00e7\u0131pan sisteml\u0259ri v\u0259 Regufoam\u00ae il\u0259 vibrasiya \u0259leyhin\u0259 asq\u0131lar \u00fc\u00e7\u00fcn vibrasiya \u0259leyhin\u0259 m\u00f6t\u0259riz\u0259l\u0259r - Climate Master<\/title>\n<meta name=\"robots\" content=\"index, follow, max-snippet:-1, max-image-preview:large, max-video-preview:-1\" \/>\n<link rel=\"canonical\" href=\"https:\/\/climatemaster.ge\/az\/product\/vibro-\u03c9mega-f-anti-vibration-braces-for-floating-drywall-systems-and-anti-vibration-suspensions-with-regufoam\/\" \/>\n<meta property=\"og:locale\" content=\"az_AZ\" \/>\n<meta property=\"og:type\" content=\"article\" \/>\n<meta property=\"og:title\" content=\"Vibro-\u03a9mega.F: \u00dcz\u0259n al\u00e7\u0131pan sisteml\u0259ri v\u0259 Regufoam\u00ae il\u0259 vibrasiya \u0259leyhin\u0259 asq\u0131lar \u00fc\u00e7\u00fcn vibrasiya \u0259leyhin\u0259 m\u00f6t\u0259riz\u0259l\u0259r - Climate Master\" \/>\n<meta property=\"og:description\" content=\"\u00dcz\u0259n al\u00e7\u0131pan sisteml\u0259ri v\u0259 Regufoam\u00ae il\u0259 vibrasiya \u0259leyhin\u0259 asq\u0131lar \u00fc\u00e7\u00fcn vibrasiya \u0259leyhin\u0259 m\u00f6t\u0259riz\u0259l\u0259r  &nbsp;  Vibro-\u03a9mega.F\u00a0divar dayaqlar\u0131, bu divarlar \u00fcz\u0259n m\u0259rt\u0259b\u0259d\u0259 anti-vibrasiya qura\u015fd\u0131r\u0131ld\u0131qda, \u00fcz\u0259n quru divar tikinti sisteml\u0259ri \u00fc\u00e7\u00fcn vibrasiya \u0259leyhin\u0259 m\u00f6t\u0259riz\u0259 kimi istifad\u0259 olunur. Bu anti-vibrasiya dayaqlar\u0131n\u0131n istifad\u0259si kifay\u0259t q\u0259d\u0259r y\u00fcks\u0259k h\u00fcnd\u00fcrl\u00fcy\u0259 malik divarlar \u00fc\u00e7\u00fcn t\u00f6vsiy\u0259 olunur. Bu t\u0259tbiq\u00a0divar\u0131n dinamik s\u0259rtliyini, el\u0259c\u0259 d\u0259 strukturun seysmik m\u00fchafiz\u0259sini art\u0131r\u0131r.  Bu m\u00f6t\u0259riz\u0259nin istifad\u0259si iki divar aras\u0131nda s\u0259s k\u00f6rp\u00fcs\u00fcn\u00fcn yaranmas\u0131n\u0131n qar\u015f\u0131s\u0131n\u0131 al\u0131r v\u0259 bel\u0259likl\u0259 struktur s\u0259s-k\u00fcy\u00fcn\u00fcn s\u0259s izolyasiyas\u0131na nail olur.  Aral\u0131q metal elementin daxil edilm\u0259si il\u0259 onun a\u011f\u0131ll\u0131 konstruksiyas\u0131 h\u0259m s\u0131x\u0131lma, h\u0259m d\u0259 dart\u0131lma q\u00fcvv\u0259l\u0259rini m\u0259hdudla\u015fd\u0131rma\u011fa imkan verir.Aral\u0131q vibrasiya \u0259leyhin\u0259 element yar\u0131 qapal\u0131 poliuretan k\u00f6p\u00fckd\u0259n (Regufoam) haz\u0131rlan\u0131r.  Daha \u00e7ox tikinti t\u0259l\u0259bl\u0259rin\u0259 cavab verm\u0259k \u00fc\u00e7\u00fcn o, h\u0259m M6 v\u0259 M 8 mm ki\u015fi ipl\u0259, h\u0259m d\u0259 M6 mm di\u015fi daxili ipl\u0259 istehsal olunur.  Onun bazas\u0131nda montaj\u0131 asanla\u015fd\u0131rmaq \u00fc\u00e7\u00fcn oval de\u015fikl\u0259rl\u0259 t\u0259chiz edilmi\u015fdir.  Anti-vibrasiya\u00a0Vibro-\u03a9mega.F. istifad\u0259 h\u0259m\u00e7inin vibrasiyan\u0131n \u00f6t\u00fcr\u00fclm\u0259sinin qar\u015f\u0131s\u0131n\u0131 alan boru sisteml\u0259rinin divarlardan v\u0259 ya tavanlardan d\u0259st\u0259kl\u0259nm\u0259si \/ dayand\u0131r\u0131lmas\u0131nda t\u0259tbiq edilir.\" \/>\n<meta property=\"og:url\" content=\"https:\/\/climatemaster.ge\/az\/product\/vibro-\u03c9mega-f-anti-vibration-braces-for-floating-drywall-systems-and-anti-vibration-suspensions-with-regufoam\/\" \/>\n<meta property=\"og:site_name\" content=\"Climate Master\" \/>\n<meta property=\"article:modified_time\" content=\"2025-02-25T20:24:28+00:00\" \/>\n<meta property=\"og:image\" content=\"https:\/\/climatemaster.ge\/wp-content\/uploads\/2025\/02\/MULTI-F-MALE.jpg\" \/>\n\t<meta property=\"og:image:width\" content=\"1280\" \/>\n\t<meta property=\"og:image:height\" content=\"1024\" \/>\n\t<meta property=\"og:image:type\" content=\"image\/jpeg\" \/>\n<meta name=\"twitter:card\" content=\"summary_large_image\" \/>\n<script type=\"application\/ld+json\" class=\"yoast-schema-graph\">{\"@context\":\"https:\/\/schema.org\",\"@graph\":[{\"@type\":\"WebPage\",\"@id\":\"https:\/\/climatemaster.ge\/az\/product\/vibro-%cf%89mega-f-anti-vibration-braces-for-floating-drywall-systems-and-anti-vibration-suspensions-with-regufoam\/\",\"url\":\"https:\/\/climatemaster.ge\/az\/product\/vibro-%cf%89mega-f-anti-vibration-braces-for-floating-drywall-systems-and-anti-vibration-suspensions-with-regufoam\/\",\"name\":\"Vibro-\u03a9mega.F: \u00dcz\u0259n al\u00e7\u0131pan sisteml\u0259ri v\u0259 Regufoam\u00ae il\u0259 vibrasiya \u0259leyhin\u0259 asq\u0131lar \u00fc\u00e7\u00fcn vibrasiya \u0259leyhin\u0259 m\u00f6t\u0259riz\u0259l\u0259r - Climate Master\",\"isPartOf\":{\"@id\":\"https:\/\/climatemaster.ge\/#website\"},\"primaryImageOfPage\":{\"@id\":\"https:\/\/climatemaster.ge\/az\/product\/vibro-%cf%89mega-f-anti-vibration-braces-for-floating-drywall-systems-and-anti-vibration-suspensions-with-regufoam\/#primaryimage\"},\"image\":{\"@id\":\"https:\/\/climatemaster.ge\/az\/product\/vibro-%cf%89mega-f-anti-vibration-braces-for-floating-drywall-systems-and-anti-vibration-suspensions-with-regufoam\/#primaryimage\"},\"thumbnailUrl\":\"https:\/\/climatemaster.ge\/wp-content\/uploads\/2025\/02\/MULTI-F-MALE.jpg\",\"datePublished\":\"2025-02-07T15:55:29+00:00\",\"dateModified\":\"2025-02-25T20:24:28+00:00\",\"breadcrumb\":{\"@id\":\"https:\/\/climatemaster.ge\/az\/product\/vibro-%cf%89mega-f-anti-vibration-braces-for-floating-drywall-systems-and-anti-vibration-suspensions-with-regufoam\/#breadcrumb\"},\"inLanguage\":\"az\",\"potentialAction\":[{\"@type\":\"ReadAction\",\"target\":[\"https:\/\/climatemaster.ge\/az\/product\/vibro-%cf%89mega-f-anti-vibration-braces-for-floating-drywall-systems-and-anti-vibration-suspensions-with-regufoam\/\"]}]},{\"@type\":\"ImageObject\",\"inLanguage\":\"az\",\"@id\":\"https:\/\/climatemaster.ge\/az\/product\/vibro-%cf%89mega-f-anti-vibration-braces-for-floating-drywall-systems-and-anti-vibration-suspensions-with-regufoam\/#primaryimage\",\"url\":\"https:\/\/climatemaster.ge\/wp-content\/uploads\/2025\/02\/MULTI-F-MALE.jpg\",\"contentUrl\":\"https:\/\/climatemaster.ge\/wp-content\/uploads\/2025\/02\/MULTI-F-MALE.jpg\",\"width\":1280,\"height\":1024},{\"@type\":\"BreadcrumbList\",\"@id\":\"https:\/\/climatemaster.ge\/az\/product\/vibro-%cf%89mega-f-anti-vibration-braces-for-floating-drywall-systems-and-anti-vibration-suspensions-with-regufoam\/#breadcrumb\",\"itemListElement\":[{\"@type\":\"ListItem\",\"position\":1,\"name\":\"Home\",\"item\":\"https:\/\/climatemaster.ge\/\"},{\"@type\":\"ListItem\",\"position\":2,\"name\":\"M\u0259hsullar\",\"item\":\"https:\/\/climatemaster.ge\/products\/\"},{\"@type\":\"ListItem\",\"position\":3,\"name\":\"Vibro-\u03a9mega.F: \u00dcz\u0259n al\u00e7\u0131pan sisteml\u0259ri v\u0259 Regufoam\u00ae il\u0259 vibrasiya \u0259leyhin\u0259 asq\u0131lar \u00fc\u00e7\u00fcn vibrasiya \u0259leyhin\u0259 m\u00f6t\u0259riz\u0259l\u0259r\"}]},{\"@type\":\"WebSite\",\"@id\":\"https:\/\/climatemaster.ge\/#website\",\"url\":\"https:\/\/climatemaster.ge\/\",\"name\":\"Climate Master\",\"description\":\"\",\"publisher\":{\"@id\":\"https:\/\/climatemaster.ge\/#organization\"},\"potentialAction\":[{\"@type\":\"SearchAction\",\"target\":{\"@type\":\"EntryPoint\",\"urlTemplate\":\"https:\/\/climatemaster.ge\/?s={search_term_string}\"},\"query-input\":{\"@type\":\"PropertyValueSpecification\",\"valueRequired\":true,\"valueName\":\"search_term_string\"}}],\"inLanguage\":\"az\"},{\"@type\":\"Organization\",\"@id\":\"https:\/\/climatemaster.ge\/#organization\",\"name\":\"Climate Master\",\"url\":\"https:\/\/climatemaster.ge\/\",\"logo\":{\"@type\":\"ImageObject\",\"inLanguage\":\"az\",\"@id\":\"https:\/\/climatemaster.ge\/#\/schema\/logo\/image\/\",\"url\":\"https:\/\/climatemaster.ge\/wp-content\/uploads\/2026\/03\/Untitled-2.png\",\"contentUrl\":\"https:\/\/climatemaster.ge\/wp-content\/uploads\/2026\/03\/Untitled-2.png\",\"width\":600,\"height\":338,\"caption\":\"Climate Master\"},\"image\":{\"@id\":\"https:\/\/climatemaster.ge\/#\/schema\/logo\/image\/\"}}]}<\/script>\n<!-- \/ Yoast SEO plugin. -->","yoast_head_json":{"title":"Vibro-\u03a9mega.F: \u00dcz\u0259n al\u00e7\u0131pan sisteml\u0259ri v\u0259 Regufoam\u00ae il\u0259 vibrasiya \u0259leyhin\u0259 asq\u0131lar \u00fc\u00e7\u00fcn vibrasiya \u0259leyhin\u0259 m\u00f6t\u0259riz\u0259l\u0259r - Climate Master","robots":{"index":"index","follow":"follow","max-snippet":"max-snippet:-1","max-image-preview":"max-image-preview:large","max-video-preview":"max-video-preview:-1"},"canonical":"https:\/\/climatemaster.ge\/az\/product\/vibro-\u03c9mega-f-anti-vibration-braces-for-floating-drywall-systems-and-anti-vibration-suspensions-with-regufoam\/","og_locale":"az_AZ","og_type":"article","og_title":"Vibro-\u03a9mega.F: \u00dcz\u0259n al\u00e7\u0131pan sisteml\u0259ri v\u0259 Regufoam\u00ae il\u0259 vibrasiya \u0259leyhin\u0259 asq\u0131lar \u00fc\u00e7\u00fcn vibrasiya \u0259leyhin\u0259 m\u00f6t\u0259riz\u0259l\u0259r - Climate Master","og_description":"\u00dcz\u0259n al\u00e7\u0131pan sisteml\u0259ri v\u0259 Regufoam\u00ae il\u0259 vibrasiya \u0259leyhin\u0259 asq\u0131lar \u00fc\u00e7\u00fcn vibrasiya \u0259leyhin\u0259 m\u00f6t\u0259riz\u0259l\u0259r  &nbsp;  Vibro-\u03a9mega.F\u00a0divar dayaqlar\u0131, bu divarlar \u00fcz\u0259n m\u0259rt\u0259b\u0259d\u0259 anti-vibrasiya qura\u015fd\u0131r\u0131ld\u0131qda, \u00fcz\u0259n quru divar tikinti sisteml\u0259ri \u00fc\u00e7\u00fcn vibrasiya \u0259leyhin\u0259 m\u00f6t\u0259riz\u0259 kimi istifad\u0259 olunur. Bu anti-vibrasiya dayaqlar\u0131n\u0131n istifad\u0259si kifay\u0259t q\u0259d\u0259r y\u00fcks\u0259k h\u00fcnd\u00fcrl\u00fcy\u0259 malik divarlar \u00fc\u00e7\u00fcn t\u00f6vsiy\u0259 olunur. Bu t\u0259tbiq\u00a0divar\u0131n dinamik s\u0259rtliyini, el\u0259c\u0259 d\u0259 strukturun seysmik m\u00fchafiz\u0259sini art\u0131r\u0131r.  Bu m\u00f6t\u0259riz\u0259nin istifad\u0259si iki divar aras\u0131nda s\u0259s k\u00f6rp\u00fcs\u00fcn\u00fcn yaranmas\u0131n\u0131n qar\u015f\u0131s\u0131n\u0131 al\u0131r v\u0259 bel\u0259likl\u0259 struktur s\u0259s-k\u00fcy\u00fcn\u00fcn s\u0259s izolyasiyas\u0131na nail olur.  Aral\u0131q metal elementin daxil edilm\u0259si il\u0259 onun a\u011f\u0131ll\u0131 konstruksiyas\u0131 h\u0259m s\u0131x\u0131lma, h\u0259m d\u0259 dart\u0131lma q\u00fcvv\u0259l\u0259rini m\u0259hdudla\u015fd\u0131rma\u011fa imkan verir.Aral\u0131q vibrasiya \u0259leyhin\u0259 element yar\u0131 qapal\u0131 poliuretan k\u00f6p\u00fckd\u0259n (Regufoam) haz\u0131rlan\u0131r.  Daha \u00e7ox tikinti t\u0259l\u0259bl\u0259rin\u0259 cavab verm\u0259k \u00fc\u00e7\u00fcn o, h\u0259m M6 v\u0259 M 8 mm ki\u015fi ipl\u0259, h\u0259m d\u0259 M6 mm di\u015fi daxili ipl\u0259 istehsal olunur.  Onun bazas\u0131nda montaj\u0131 asanla\u015fd\u0131rmaq \u00fc\u00e7\u00fcn oval de\u015fikl\u0259rl\u0259 t\u0259chiz edilmi\u015fdir.  Anti-vibrasiya\u00a0Vibro-\u03a9mega.F. istifad\u0259 h\u0259m\u00e7inin vibrasiyan\u0131n \u00f6t\u00fcr\u00fclm\u0259sinin qar\u015f\u0131s\u0131n\u0131 alan boru sisteml\u0259rinin divarlardan v\u0259 ya tavanlardan d\u0259st\u0259kl\u0259nm\u0259si \/ dayand\u0131r\u0131lmas\u0131nda t\u0259tbiq edilir.","og_url":"https:\/\/climatemaster.ge\/az\/product\/vibro-\u03c9mega-f-anti-vibration-braces-for-floating-drywall-systems-and-anti-vibration-suspensions-with-regufoam\/","og_site_name":"Climate Master","article_modified_time":"2025-02-25T20:24:28+00:00","og_image":[{"width":1280,"height":1024,"url":"https:\/\/climatemaster.ge\/wp-content\/uploads\/2025\/02\/MULTI-F-MALE.jpg","type":"image\/jpeg"}],"twitter_card":"summary_large_image","schema":{"@context":"https:\/\/schema.org","@graph":[{"@type":"WebPage","@id":"https:\/\/climatemaster.ge\/az\/product\/vibro-%cf%89mega-f-anti-vibration-braces-for-floating-drywall-systems-and-anti-vibration-suspensions-with-regufoam\/","url":"https:\/\/climatemaster.ge\/az\/product\/vibro-%cf%89mega-f-anti-vibration-braces-for-floating-drywall-systems-and-anti-vibration-suspensions-with-regufoam\/","name":"Vibro-\u03a9mega.F: \u00dcz\u0259n al\u00e7\u0131pan sisteml\u0259ri v\u0259 Regufoam\u00ae il\u0259 vibrasiya \u0259leyhin\u0259 asq\u0131lar \u00fc\u00e7\u00fcn vibrasiya \u0259leyhin\u0259 m\u00f6t\u0259riz\u0259l\u0259r - Climate Master","isPartOf":{"@id":"https:\/\/climatemaster.ge\/#website"},"primaryImageOfPage":{"@id":"https:\/\/climatemaster.ge\/az\/product\/vibro-%cf%89mega-f-anti-vibration-braces-for-floating-drywall-systems-and-anti-vibration-suspensions-with-regufoam\/#primaryimage"},"image":{"@id":"https:\/\/climatemaster.ge\/az\/product\/vibro-%cf%89mega-f-anti-vibration-braces-for-floating-drywall-systems-and-anti-vibration-suspensions-with-regufoam\/#primaryimage"},"thumbnailUrl":"https:\/\/climatemaster.ge\/wp-content\/uploads\/2025\/02\/MULTI-F-MALE.jpg","datePublished":"2025-02-07T15:55:29+00:00","dateModified":"2025-02-25T20:24:28+00:00","breadcrumb":{"@id":"https:\/\/climatemaster.ge\/az\/product\/vibro-%cf%89mega-f-anti-vibration-braces-for-floating-drywall-systems-and-anti-vibration-suspensions-with-regufoam\/#breadcrumb"},"inLanguage":"az","potentialAction":[{"@type":"ReadAction","target":["https:\/\/climatemaster.ge\/az\/product\/vibro-%cf%89mega-f-anti-vibration-braces-for-floating-drywall-systems-and-anti-vibration-suspensions-with-regufoam\/"]}]},{"@type":"ImageObject","inLanguage":"az","@id":"https:\/\/climatemaster.ge\/az\/product\/vibro-%cf%89mega-f-anti-vibration-braces-for-floating-drywall-systems-and-anti-vibration-suspensions-with-regufoam\/#primaryimage","url":"https:\/\/climatemaster.ge\/wp-content\/uploads\/2025\/02\/MULTI-F-MALE.jpg","contentUrl":"https:\/\/climatemaster.ge\/wp-content\/uploads\/2025\/02\/MULTI-F-MALE.jpg","width":1280,"height":1024},{"@type":"BreadcrumbList","@id":"https:\/\/climatemaster.ge\/az\/product\/vibro-%cf%89mega-f-anti-vibration-braces-for-floating-drywall-systems-and-anti-vibration-suspensions-with-regufoam\/#breadcrumb","itemListElement":[{"@type":"ListItem","position":1,"name":"Home","item":"https:\/\/climatemaster.ge\/"},{"@type":"ListItem","position":2,"name":"M\u0259hsullar","item":"https:\/\/climatemaster.ge\/products\/"},{"@type":"ListItem","position":3,"name":"Vibro-\u03a9mega.F: \u00dcz\u0259n al\u00e7\u0131pan sisteml\u0259ri v\u0259 Regufoam\u00ae il\u0259 vibrasiya \u0259leyhin\u0259 asq\u0131lar \u00fc\u00e7\u00fcn vibrasiya \u0259leyhin\u0259 m\u00f6t\u0259riz\u0259l\u0259r"}]},{"@type":"WebSite","@id":"https:\/\/climatemaster.ge\/#website","url":"https:\/\/climatemaster.ge\/","name":"Climate Master","description":"","publisher":{"@id":"https:\/\/climatemaster.ge\/#organization"},"potentialAction":[{"@type":"SearchAction","target":{"@type":"EntryPoint","urlTemplate":"https:\/\/climatemaster.ge\/?s={search_term_string}"},"query-input":{"@type":"PropertyValueSpecification","valueRequired":true,"valueName":"search_term_string"}}],"inLanguage":"az"},{"@type":"Organization","@id":"https:\/\/climatemaster.ge\/#organization","name":"Climate Master","url":"https:\/\/climatemaster.ge\/","logo":{"@type":"ImageObject","inLanguage":"az","@id":"https:\/\/climatemaster.ge\/#\/schema\/logo\/image\/","url":"https:\/\/climatemaster.ge\/wp-content\/uploads\/2026\/03\/Untitled-2.png","contentUrl":"https:\/\/climatemaster.ge\/wp-content\/uploads\/2026\/03\/Untitled-2.png","width":600,"height":338,"caption":"Climate Master"},"image":{"@id":"https:\/\/climatemaster.ge\/#\/schema\/logo\/image\/"}}]}},"_links":{"self":[{"href":"https:\/\/climatemaster.ge\/az\/wp-json\/wp\/v2\/product\/23700","targetHints":{"allow":["GET"]}}],"collection":[{"href":"https:\/\/climatemaster.ge\/az\/wp-json\/wp\/v2\/product"}],"about":[{"href":"https:\/\/climatemaster.ge\/az\/wp-json\/wp\/v2\/types\/product"}],"wp:featuredmedia":[{"embeddable":true,"href":"https:\/\/climatemaster.ge\/az\/wp-json\/wp\/v2\/media\/22393"}],"wp:attachment":[{"href":"https:\/\/climatemaster.ge\/az\/wp-json\/wp\/v2\/media?parent=23700"}],"wp:term":[{"taxonomy":"product_brand","embeddable":true,"href":"https:\/\/climatemaster.ge\/az\/wp-json\/wp\/v2\/product_brand?post=23700"},{"taxonomy":"product_cat","embeddable":true,"href":"https:\/\/climatemaster.ge\/az\/wp-json\/wp\/v2\/product_cat?post=23700"},{"taxonomy":"product_tag","embeddable":true,"href":"https:\/\/climatemaster.ge\/az\/wp-json\/wp\/v2\/product_tag?post=23700"}],"curies":[{"name":"wp","href":"https:\/\/api.w.org\/{rel}","templated":true}]}}