{"id":23695,"date":"2025-02-07T20:11:55","date_gmt":"2025-02-07T16:11:55","guid":{"rendered":"https:\/\/airsystems.ge\/shop\/product\/vibro-ls-f-anti-vibration-load-suspension-with-regufoam\/"},"modified":"2025-02-26T00:24:28","modified_gmt":"2025-02-25T20:24:28","slug":"vibro-ls-f-anti-vibration-load-suspension-with-regufoam","status":"publish","type":"product","link":"https:\/\/climatemaster.ge\/az\/product\/vibro-ls-f-anti-vibration-load-suspension-with-regufoam\/","title":{"rendered":"Vibro-LS.F: Regufoam\u00ae il\u0259 vibrasiyaya qar\u015f\u0131 y\u00fck asma"},"content":{"rendered":"<h5><strong>Selection Table:<\/strong><\/h5>\n<table class=\"tg\">\n<thead>\n<tr>\n<th class=\"tg-amwm\">TYPE<\/th>\n<th class=\"tg-amwm\">COLOUR CODE<\/th>\n<th class=\"tg-amwm\">MAX AXIAL RESTRAINT (daN)<\/th>\n<\/tr>\n<\/thead>\n<tbody>\n<tr>\n<td class=\"tg-baqh\">Vibro-LS.F 10<\/td>\n<td class=\"tg-baqh\">Black<\/td>\n<td class=\"tg-baqh\">10<\/td>\n<\/tr>\n<tr>\n<td class=\"tg-baqh\">Vibro-LS.F 20<\/td>\n<td class=\"tg-baqh\">Grey<\/td>\n<td class=\"tg-baqh\">20<\/td>\n<\/tr>\n<tr>\n<td class=\"tg-baqh\">Vibro-LS.F 40<\/td>\n<td class=\"tg-baqh\">Beige<\/td>\n<td class=\"tg-baqh\">40<\/td>\n<\/tr>\n<\/tbody>\n<\/table>\n<p><strong>Dinamik X\u00fcsusiyy\u0259tl\u0259r:<\/strong><\/p>\n<p>T\u0259bii tezlik (maksimum y\u00fckd\u0259):<br \/>\n\u2013 14 Hz (12,5 mm k\u00f6p\u00fck qal\u0131nl\u0131\u011f\u0131)<br \/>\n\u2013 10 Hz (25 mm k\u00f6p\u00fck qal\u0131nl\u0131\u011f\u0131)<\/p>\n","protected":false},"excerpt":{"rendered":"<p>Vibrasiyal\u0131 tavan as\u0131lqanlar\u0131 v\u0259 asma asma, \u00fcz\u0259n asma tavan\u0131n al\u00e7\u0131pan il\u0259 as\u0131lmas\u0131, mexanizml\u0259rin vibrasiyaya qar\u015f\u0131 asmas\u0131 v\u0259 s. \u00fc\u00e7\u00fcn istifad\u0259 olunur. \u018fsas daxili elastik material yar\u0131mqapal\u0131 h\u00fccr\u0259li poliuretan k\u00f6p\u00fckd\u00fcr.<\/p>\n<p>Vibro-LS.F vibrasiya \u0259leyhin\u0259 tavan asq\u0131lar\u0131 y\u00fck\u00fcn as\u0131lmas\u0131 (\u015faquli q\u00fcvv\u0259l\u0259r) \u00fc\u00e7\u00fcn, m\u0259s\u0259l\u0259n, \u00fcz\u0259n asma tavan\u0131n al\u00e7\u0131pan il\u0259 as\u0131lmas\u0131, mexanizml\u0259rin (ventilyatorlar, kondisionerl\u0259r v\u0259 s.<\/p>\n<p>Vibro-LS.F, y\u00fck\u00fc asmaq \u00fc\u00e7\u00fcn x\u00fcsusi modulyasiya edilmi\u015f sinkl\u0259nmi\u015f metal \u00e7\u0259r\u00e7iv\u0259d\u0259n ibar\u0259tdir. Ortada Regufoam\u00ae ticar\u0259t markas\u0131 alt\u0131nda yar\u0131 qapal\u0131 h\u00fcceyr\u0259l\u0259r\u0259 malik y\u00fcks\u0259k keyfiyy\u0259tli poliuretan k\u00f6p\u00fck var v\u0259 bu, optimal akustik n\u0259tic\u0259l\u0259ri t\u0259min ed\u0259rk\u0259n vibrasiyan\u0131n \u00f6t\u00fcr\u00fclm\u0259sinin qar\u015f\u0131s\u0131n\u0131 al\u0131r. Onun metal montaj\u0131 yan\u011f\u0131na v\u0259 z\u0259rb\u0259y\u0259 davaml\u0131l\u0131q t\u0259tbiql\u0259rind\u0259 &#8220;u\u011fursuzluqdan qorunmu\u015f&#8221; bir qurulu\u015fdur. Vidadan ke\u00e7\u0259n vida metal \u00e7\u0259r\u00e7iv\u0259 il\u0259 t\u0259masda deyil, bel\u0259likl\u0259 s\u0259s k\u00f6rp\u00fcs\u00fc yaranm\u0131r.<\/p>\n<p>Onun bazas\u0131nda qura\u015fd\u0131rma asanla\u015fd\u0131rmaq \u00fc\u00e7\u00fcn iki oval de\u015fik il\u0259 t\u0259chiz edilmi\u015fdir.<\/p>\n","protected":false},"featured_media":22423,"template":"","meta":[],"product_brand":[],"product_cat":[927],"product_tag":[],"class_list":{"0":"post-23695","1":"product","2":"type-product","3":"status-publish","4":"has-post-thumbnail","6":"product_cat-vibrasiya-anti-ss-kuy-akustik-az","8":"first","9":"instock","10":"shipping-taxable","11":"product-type-simple"},"yoast_head":"<!-- This site is optimized with the Yoast SEO plugin v27.1.1 - https:\/\/yoast.com\/product\/yoast-seo-wordpress\/ -->\n<title>Vibro-LS.F: Regufoam\u00ae il\u0259 vibrasiyaya qar\u015f\u0131 y\u00fck asma - Climate Master<\/title>\n<meta name=\"robots\" content=\"index, follow, max-snippet:-1, max-image-preview:large, max-video-preview:-1\" \/>\n<link rel=\"canonical\" href=\"https:\/\/climatemaster.ge\/az\/product\/vibro-ls-f-anti-vibration-load-suspension-with-regufoam\/\" \/>\n<meta property=\"og:locale\" content=\"az_AZ\" \/>\n<meta property=\"og:type\" content=\"article\" \/>\n<meta property=\"og:title\" content=\"Vibro-LS.F: Regufoam\u00ae il\u0259 vibrasiyaya qar\u015f\u0131 y\u00fck asma - Climate Master\" \/>\n<meta property=\"og:description\" content=\"Vibrasiyal\u0131 tavan as\u0131lqanlar\u0131 v\u0259 asma asma, \u00fcz\u0259n asma tavan\u0131n al\u00e7\u0131pan il\u0259 as\u0131lmas\u0131, mexanizml\u0259rin vibrasiyaya qar\u015f\u0131 asmas\u0131 v\u0259 s. \u00fc\u00e7\u00fcn istifad\u0259 olunur. \u018fsas daxili elastik material yar\u0131mqapal\u0131 h\u00fccr\u0259li poliuretan k\u00f6p\u00fckd\u00fcr.  Vibro-LS.F vibrasiya \u0259leyhin\u0259 tavan asq\u0131lar\u0131 y\u00fck\u00fcn as\u0131lmas\u0131 (\u015faquli q\u00fcvv\u0259l\u0259r) \u00fc\u00e7\u00fcn, m\u0259s\u0259l\u0259n, \u00fcz\u0259n asma tavan\u0131n al\u00e7\u0131pan il\u0259 as\u0131lmas\u0131, mexanizml\u0259rin (ventilyatorlar, kondisionerl\u0259r v\u0259 s.  Vibro-LS.F, y\u00fck\u00fc asmaq \u00fc\u00e7\u00fcn x\u00fcsusi modulyasiya edilmi\u015f sinkl\u0259nmi\u015f metal \u00e7\u0259r\u00e7iv\u0259d\u0259n ibar\u0259tdir. Ortada Regufoam\u00ae ticar\u0259t markas\u0131 alt\u0131nda yar\u0131 qapal\u0131 h\u00fcceyr\u0259l\u0259r\u0259 malik y\u00fcks\u0259k keyfiyy\u0259tli poliuretan k\u00f6p\u00fck var v\u0259 bu, optimal akustik n\u0259tic\u0259l\u0259ri t\u0259min ed\u0259rk\u0259n vibrasiyan\u0131n \u00f6t\u00fcr\u00fclm\u0259sinin qar\u015f\u0131s\u0131n\u0131 al\u0131r. Onun metal montaj\u0131 yan\u011f\u0131na v\u0259 z\u0259rb\u0259y\u0259 davaml\u0131l\u0131q t\u0259tbiql\u0259rind\u0259 &quot;u\u011fursuzluqdan qorunmu\u015f&quot; bir qurulu\u015fdur. Vidadan ke\u00e7\u0259n vida metal \u00e7\u0259r\u00e7iv\u0259 il\u0259 t\u0259masda deyil, bel\u0259likl\u0259 s\u0259s k\u00f6rp\u00fcs\u00fc yaranm\u0131r.  Onun bazas\u0131nda qura\u015fd\u0131rma asanla\u015fd\u0131rmaq \u00fc\u00e7\u00fcn iki oval de\u015fik il\u0259 t\u0259chiz edilmi\u015fdir.\" \/>\n<meta property=\"og:url\" content=\"https:\/\/climatemaster.ge\/az\/product\/vibro-ls-f-anti-vibration-load-suspension-with-regufoam\/\" \/>\n<meta property=\"og:site_name\" content=\"Climate Master\" \/>\n<meta property=\"article:modified_time\" content=\"2025-02-25T20:24:28+00:00\" \/>\n<meta property=\"og:image\" content=\"https:\/\/climatemaster.ge\/wp-content\/uploads\/2025\/02\/Vibro-LS.F-12mm.jpg\" \/>\n\t<meta property=\"og:image:width\" content=\"1280\" \/>\n\t<meta property=\"og:image:height\" content=\"1024\" \/>\n\t<meta property=\"og:image:type\" content=\"image\/jpeg\" \/>\n<meta name=\"twitter:card\" content=\"summary_large_image\" \/>\n<script type=\"application\/ld+json\" class=\"yoast-schema-graph\">{\"@context\":\"https:\/\/schema.org\",\"@graph\":[{\"@type\":\"WebPage\",\"@id\":\"https:\/\/climatemaster.ge\/az\/product\/vibro-ls-f-anti-vibration-load-suspension-with-regufoam\/\",\"url\":\"https:\/\/climatemaster.ge\/az\/product\/vibro-ls-f-anti-vibration-load-suspension-with-regufoam\/\",\"name\":\"Vibro-LS.F: Regufoam\u00ae il\u0259 vibrasiyaya qar\u015f\u0131 y\u00fck asma - Climate Master\",\"isPartOf\":{\"@id\":\"https:\/\/climatemaster.ge\/#website\"},\"primaryImageOfPage\":{\"@id\":\"https:\/\/climatemaster.ge\/az\/product\/vibro-ls-f-anti-vibration-load-suspension-with-regufoam\/#primaryimage\"},\"image\":{\"@id\":\"https:\/\/climatemaster.ge\/az\/product\/vibro-ls-f-anti-vibration-load-suspension-with-regufoam\/#primaryimage\"},\"thumbnailUrl\":\"https:\/\/climatemaster.ge\/wp-content\/uploads\/2025\/02\/Vibro-LS.F-12mm.jpg\",\"datePublished\":\"2025-02-07T16:11:55+00:00\",\"dateModified\":\"2025-02-25T20:24:28+00:00\",\"breadcrumb\":{\"@id\":\"https:\/\/climatemaster.ge\/az\/product\/vibro-ls-f-anti-vibration-load-suspension-with-regufoam\/#breadcrumb\"},\"inLanguage\":\"az\",\"potentialAction\":[{\"@type\":\"ReadAction\",\"target\":[\"https:\/\/climatemaster.ge\/az\/product\/vibro-ls-f-anti-vibration-load-suspension-with-regufoam\/\"]}]},{\"@type\":\"ImageObject\",\"inLanguage\":\"az\",\"@id\":\"https:\/\/climatemaster.ge\/az\/product\/vibro-ls-f-anti-vibration-load-suspension-with-regufoam\/#primaryimage\",\"url\":\"https:\/\/climatemaster.ge\/wp-content\/uploads\/2025\/02\/Vibro-LS.F-12mm.jpg\",\"contentUrl\":\"https:\/\/climatemaster.ge\/wp-content\/uploads\/2025\/02\/Vibro-LS.F-12mm.jpg\",\"width\":1280,\"height\":1024},{\"@type\":\"BreadcrumbList\",\"@id\":\"https:\/\/climatemaster.ge\/az\/product\/vibro-ls-f-anti-vibration-load-suspension-with-regufoam\/#breadcrumb\",\"itemListElement\":[{\"@type\":\"ListItem\",\"position\":1,\"name\":\"Home\",\"item\":\"https:\/\/climatemaster.ge\/\"},{\"@type\":\"ListItem\",\"position\":2,\"name\":\"M\u0259hsullar\",\"item\":\"https:\/\/climatemaster.ge\/products\/\"},{\"@type\":\"ListItem\",\"position\":3,\"name\":\"Vibro-LS.F: Regufoam\u00ae il\u0259 vibrasiyaya qar\u015f\u0131 y\u00fck asma\"}]},{\"@type\":\"WebSite\",\"@id\":\"https:\/\/climatemaster.ge\/#website\",\"url\":\"https:\/\/climatemaster.ge\/\",\"name\":\"Climate Master\",\"description\":\"\",\"publisher\":{\"@id\":\"https:\/\/climatemaster.ge\/#organization\"},\"potentialAction\":[{\"@type\":\"SearchAction\",\"target\":{\"@type\":\"EntryPoint\",\"urlTemplate\":\"https:\/\/climatemaster.ge\/?s={search_term_string}\"},\"query-input\":{\"@type\":\"PropertyValueSpecification\",\"valueRequired\":true,\"valueName\":\"search_term_string\"}}],\"inLanguage\":\"az\"},{\"@type\":\"Organization\",\"@id\":\"https:\/\/climatemaster.ge\/#organization\",\"name\":\"Climate Master\",\"url\":\"https:\/\/climatemaster.ge\/\",\"logo\":{\"@type\":\"ImageObject\",\"inLanguage\":\"az\",\"@id\":\"https:\/\/climatemaster.ge\/#\/schema\/logo\/image\/\",\"url\":\"https:\/\/climatemaster.ge\/wp-content\/uploads\/2026\/03\/Untitled-2.png\",\"contentUrl\":\"https:\/\/climatemaster.ge\/wp-content\/uploads\/2026\/03\/Untitled-2.png\",\"width\":600,\"height\":338,\"caption\":\"Climate Master\"},\"image\":{\"@id\":\"https:\/\/climatemaster.ge\/#\/schema\/logo\/image\/\"}}]}<\/script>\n<!-- \/ Yoast SEO plugin. -->","yoast_head_json":{"title":"Vibro-LS.F: Regufoam\u00ae il\u0259 vibrasiyaya qar\u015f\u0131 y\u00fck asma - Climate Master","robots":{"index":"index","follow":"follow","max-snippet":"max-snippet:-1","max-image-preview":"max-image-preview:large","max-video-preview":"max-video-preview:-1"},"canonical":"https:\/\/climatemaster.ge\/az\/product\/vibro-ls-f-anti-vibration-load-suspension-with-regufoam\/","og_locale":"az_AZ","og_type":"article","og_title":"Vibro-LS.F: Regufoam\u00ae il\u0259 vibrasiyaya qar\u015f\u0131 y\u00fck asma - Climate Master","og_description":"Vibrasiyal\u0131 tavan as\u0131lqanlar\u0131 v\u0259 asma asma, \u00fcz\u0259n asma tavan\u0131n al\u00e7\u0131pan il\u0259 as\u0131lmas\u0131, mexanizml\u0259rin vibrasiyaya qar\u015f\u0131 asmas\u0131 v\u0259 s. \u00fc\u00e7\u00fcn istifad\u0259 olunur. \u018fsas daxili elastik material yar\u0131mqapal\u0131 h\u00fccr\u0259li poliuretan k\u00f6p\u00fckd\u00fcr.  Vibro-LS.F vibrasiya \u0259leyhin\u0259 tavan asq\u0131lar\u0131 y\u00fck\u00fcn as\u0131lmas\u0131 (\u015faquli q\u00fcvv\u0259l\u0259r) \u00fc\u00e7\u00fcn, m\u0259s\u0259l\u0259n, \u00fcz\u0259n asma tavan\u0131n al\u00e7\u0131pan il\u0259 as\u0131lmas\u0131, mexanizml\u0259rin (ventilyatorlar, kondisionerl\u0259r v\u0259 s.  Vibro-LS.F, y\u00fck\u00fc asmaq \u00fc\u00e7\u00fcn x\u00fcsusi modulyasiya edilmi\u015f sinkl\u0259nmi\u015f metal \u00e7\u0259r\u00e7iv\u0259d\u0259n ibar\u0259tdir. Ortada Regufoam\u00ae ticar\u0259t markas\u0131 alt\u0131nda yar\u0131 qapal\u0131 h\u00fcceyr\u0259l\u0259r\u0259 malik y\u00fcks\u0259k keyfiyy\u0259tli poliuretan k\u00f6p\u00fck var v\u0259 bu, optimal akustik n\u0259tic\u0259l\u0259ri t\u0259min ed\u0259rk\u0259n vibrasiyan\u0131n \u00f6t\u00fcr\u00fclm\u0259sinin qar\u015f\u0131s\u0131n\u0131 al\u0131r. Onun metal montaj\u0131 yan\u011f\u0131na v\u0259 z\u0259rb\u0259y\u0259 davaml\u0131l\u0131q t\u0259tbiql\u0259rind\u0259 \"u\u011fursuzluqdan qorunmu\u015f\" bir qurulu\u015fdur. Vidadan ke\u00e7\u0259n vida metal \u00e7\u0259r\u00e7iv\u0259 il\u0259 t\u0259masda deyil, bel\u0259likl\u0259 s\u0259s k\u00f6rp\u00fcs\u00fc yaranm\u0131r.  Onun bazas\u0131nda qura\u015fd\u0131rma asanla\u015fd\u0131rmaq \u00fc\u00e7\u00fcn iki oval de\u015fik il\u0259 t\u0259chiz edilmi\u015fdir.","og_url":"https:\/\/climatemaster.ge\/az\/product\/vibro-ls-f-anti-vibration-load-suspension-with-regufoam\/","og_site_name":"Climate Master","article_modified_time":"2025-02-25T20:24:28+00:00","og_image":[{"width":1280,"height":1024,"url":"https:\/\/climatemaster.ge\/wp-content\/uploads\/2025\/02\/Vibro-LS.F-12mm.jpg","type":"image\/jpeg"}],"twitter_card":"summary_large_image","schema":{"@context":"https:\/\/schema.org","@graph":[{"@type":"WebPage","@id":"https:\/\/climatemaster.ge\/az\/product\/vibro-ls-f-anti-vibration-load-suspension-with-regufoam\/","url":"https:\/\/climatemaster.ge\/az\/product\/vibro-ls-f-anti-vibration-load-suspension-with-regufoam\/","name":"Vibro-LS.F: Regufoam\u00ae il\u0259 vibrasiyaya qar\u015f\u0131 y\u00fck asma - Climate Master","isPartOf":{"@id":"https:\/\/climatemaster.ge\/#website"},"primaryImageOfPage":{"@id":"https:\/\/climatemaster.ge\/az\/product\/vibro-ls-f-anti-vibration-load-suspension-with-regufoam\/#primaryimage"},"image":{"@id":"https:\/\/climatemaster.ge\/az\/product\/vibro-ls-f-anti-vibration-load-suspension-with-regufoam\/#primaryimage"},"thumbnailUrl":"https:\/\/climatemaster.ge\/wp-content\/uploads\/2025\/02\/Vibro-LS.F-12mm.jpg","datePublished":"2025-02-07T16:11:55+00:00","dateModified":"2025-02-25T20:24:28+00:00","breadcrumb":{"@id":"https:\/\/climatemaster.ge\/az\/product\/vibro-ls-f-anti-vibration-load-suspension-with-regufoam\/#breadcrumb"},"inLanguage":"az","potentialAction":[{"@type":"ReadAction","target":["https:\/\/climatemaster.ge\/az\/product\/vibro-ls-f-anti-vibration-load-suspension-with-regufoam\/"]}]},{"@type":"ImageObject","inLanguage":"az","@id":"https:\/\/climatemaster.ge\/az\/product\/vibro-ls-f-anti-vibration-load-suspension-with-regufoam\/#primaryimage","url":"https:\/\/climatemaster.ge\/wp-content\/uploads\/2025\/02\/Vibro-LS.F-12mm.jpg","contentUrl":"https:\/\/climatemaster.ge\/wp-content\/uploads\/2025\/02\/Vibro-LS.F-12mm.jpg","width":1280,"height":1024},{"@type":"BreadcrumbList","@id":"https:\/\/climatemaster.ge\/az\/product\/vibro-ls-f-anti-vibration-load-suspension-with-regufoam\/#breadcrumb","itemListElement":[{"@type":"ListItem","position":1,"name":"Home","item":"https:\/\/climatemaster.ge\/"},{"@type":"ListItem","position":2,"name":"M\u0259hsullar","item":"https:\/\/climatemaster.ge\/products\/"},{"@type":"ListItem","position":3,"name":"Vibro-LS.F: Regufoam\u00ae il\u0259 vibrasiyaya qar\u015f\u0131 y\u00fck asma"}]},{"@type":"WebSite","@id":"https:\/\/climatemaster.ge\/#website","url":"https:\/\/climatemaster.ge\/","name":"Climate Master","description":"","publisher":{"@id":"https:\/\/climatemaster.ge\/#organization"},"potentialAction":[{"@type":"SearchAction","target":{"@type":"EntryPoint","urlTemplate":"https:\/\/climatemaster.ge\/?s={search_term_string}"},"query-input":{"@type":"PropertyValueSpecification","valueRequired":true,"valueName":"search_term_string"}}],"inLanguage":"az"},{"@type":"Organization","@id":"https:\/\/climatemaster.ge\/#organization","name":"Climate Master","url":"https:\/\/climatemaster.ge\/","logo":{"@type":"ImageObject","inLanguage":"az","@id":"https:\/\/climatemaster.ge\/#\/schema\/logo\/image\/","url":"https:\/\/climatemaster.ge\/wp-content\/uploads\/2026\/03\/Untitled-2.png","contentUrl":"https:\/\/climatemaster.ge\/wp-content\/uploads\/2026\/03\/Untitled-2.png","width":600,"height":338,"caption":"Climate Master"},"image":{"@id":"https:\/\/climatemaster.ge\/#\/schema\/logo\/image\/"}}]}},"_links":{"self":[{"href":"https:\/\/climatemaster.ge\/az\/wp-json\/wp\/v2\/product\/23695","targetHints":{"allow":["GET"]}}],"collection":[{"href":"https:\/\/climatemaster.ge\/az\/wp-json\/wp\/v2\/product"}],"about":[{"href":"https:\/\/climatemaster.ge\/az\/wp-json\/wp\/v2\/types\/product"}],"wp:featuredmedia":[{"embeddable":true,"href":"https:\/\/climatemaster.ge\/az\/wp-json\/wp\/v2\/media\/22423"}],"wp:attachment":[{"href":"https:\/\/climatemaster.ge\/az\/wp-json\/wp\/v2\/media?parent=23695"}],"wp:term":[{"taxonomy":"product_brand","embeddable":true,"href":"https:\/\/climatemaster.ge\/az\/wp-json\/wp\/v2\/product_brand?post=23695"},{"taxonomy":"product_cat","embeddable":true,"href":"https:\/\/climatemaster.ge\/az\/wp-json\/wp\/v2\/product_cat?post=23695"},{"taxonomy":"product_tag","embeddable":true,"href":"https:\/\/climatemaster.ge\/az\/wp-json\/wp\/v2\/product_tag?post=23695"}],"curies":[{"name":"wp","href":"https:\/\/api.w.org\/{rel}","templated":true}]}}