{"id":23688,"date":"2025-02-07T20:25:37","date_gmt":"2025-02-07T16:25:37","guid":{"rendered":"https:\/\/airsystems.ge\/shop\/product\/vibro-qh-mini-sound-insulation-ceiling-hanger\/"},"modified":"2025-02-26T00:24:28","modified_gmt":"2025-02-25T20:24:28","slug":"vibro-qh-mini-sound-insulation-ceiling-hanger","status":"publish","type":"product","link":"https:\/\/climatemaster.ge\/az\/product\/vibro-qh-mini-sound-insulation-ceiling-hanger\/","title":{"rendered":"Vibro-QH mini: S\u0259s \u0130zolyasiyal\u0131 Tavan Ask\u0131s\u0131"},"content":{"rendered":"<p>Maksimum Y\u00fck: 20 &amp; 50 daN<\/p>\n<p>\u018fld\u0259 edil\u0259n t\u0259bii tezlik: 15Hz.<\/p>\n<p>Qeyd: S\u00fcspansiyonun ankeri perpendikulyar olmal\u0131d\u0131r.<\/p>\n","protected":false},"excerpt":{"rendered":"<p>Tavan sisteml\u0259rinin metal profili il\u0259 s\u00fcr\u0259tli \u0259laq\u0259 il\u0259 antivibrasiya as\u0131lqanlar\u0131<\/p>\n<p>Vibro-mini uy\u011fun g\u00fccl\u0259ndirilmi\u015f v\u0259 modulyasiya edilmi\u015f sinkl\u0259nmi\u015f metal asma as\u0131lqan il\u0259 birl\u0259\u015fdiril\u0259 bil\u0259r ki, bu da al\u00e7\u0131pan tavanlar \u00fc\u00e7\u00fcn s\u0259s izolyasiyas\u0131 \u00fcz\u0259rind\u0259 vibrasiya izolyasiyas\u0131 t\u0259klif ed\u0259n Vibro-QH mini S\u0259s \u0130zolyasiyal\u0131 Tavan Ask\u0131s\u0131n\u0131 yarad\u0131r. Vibro-mini-nin rezin d\u0259liyi, ke\u00e7irici boltlar \u00fc\u00e7\u00fcn \u00d88 mm-dir. Asma tavan\u0131n h\u00fcnd\u00fcrl\u00fcy\u00fcn\u00fc t\u0259nziml\u0259m\u0259k \u00fc\u00e7\u00fcn uzun yivli \u00e7ubuqdan istifad\u0259 etm\u0259k olar.<\/p>\n<p>Asma as\u0131lqan DIN 186182-1-\u0259 uy\u011fun olaraq 60 x 27 mm standart tavan profill\u0259ri il\u0259 tez v\u0259 asan \u0259laq\u0259 \u00fc\u00e7\u00fcn tutma k\u0259narlar\u0131na malikdir.<br \/>\nBu k\u0259narlar asanl\u0131qla idar\u0259 oluna bilm\u0259si \u00fc\u00e7\u00fcn asma tavanlar\u0131n standart metal profilin\u0259 uy\u011funla\u015fma\u011fa k\u00f6m\u0259k edir.<br \/>\nBel\u0259likl\u0259, i\u015f d\u0259y\u0259ri azal\u0131r v\u0259 h\u0259m d\u0259 qura\u015fd\u0131r\u0131c\u0131n\u0131n i\u015fini asanla\u015fd\u0131r\u0131r.<\/p>\n<p>T\u018fTB\u0130QL\u018fR<\/p>\n<p>S\u018fS \u0130ZOLASYONU YANLI\u015e<br \/>\nTAVAN ASKISI<br \/>\nTavan sisteml\u0259rinin metal profili il\u0259 S\u00dcR\u018fTL\u0130 \u018fLAQ\u018f<\/p>\n","protected":false},"featured_media":22455,"template":"","meta":[],"product_brand":[],"product_cat":[927],"product_tag":[],"class_list":{"0":"post-23688","1":"product","2":"type-product","3":"status-publish","4":"has-post-thumbnail","6":"product_cat-vibrasiya-anti-ss-kuy-akustik-az","8":"first","9":"instock","10":"shipping-taxable","11":"product-type-simple"},"yoast_head":"<!-- This site is optimized with the Yoast SEO plugin v27.1.1 - https:\/\/yoast.com\/product\/yoast-seo-wordpress\/ -->\n<title>Vibro-QH mini: S\u0259s \u0130zolyasiyal\u0131 Tavan Ask\u0131s\u0131 - Climate Master<\/title>\n<meta name=\"robots\" content=\"index, follow, max-snippet:-1, max-image-preview:large, max-video-preview:-1\" \/>\n<link rel=\"canonical\" href=\"https:\/\/climatemaster.ge\/product\/vibro-qh-mini-sound-insulation-ceiling-hanger\/\" \/>\n<meta property=\"og:locale\" content=\"az_AZ\" \/>\n<meta property=\"og:type\" content=\"article\" \/>\n<meta property=\"og:title\" content=\"Vibro-QH mini: S\u0259s \u0130zolyasiyal\u0131 Tavan Ask\u0131s\u0131 - Climate Master\" \/>\n<meta property=\"og:description\" content=\"Tavan sisteml\u0259rinin metal profili il\u0259 s\u00fcr\u0259tli \u0259laq\u0259 il\u0259 antivibrasiya as\u0131lqanlar\u0131  Vibro-mini uy\u011fun g\u00fccl\u0259ndirilmi\u015f v\u0259 modulyasiya edilmi\u015f sinkl\u0259nmi\u015f metal asma as\u0131lqan il\u0259 birl\u0259\u015fdiril\u0259 bil\u0259r ki, bu da al\u00e7\u0131pan tavanlar \u00fc\u00e7\u00fcn s\u0259s izolyasiyas\u0131 \u00fcz\u0259rind\u0259 vibrasiya izolyasiyas\u0131 t\u0259klif ed\u0259n Vibro-QH mini S\u0259s \u0130zolyasiyal\u0131 Tavan Ask\u0131s\u0131n\u0131 yarad\u0131r. Vibro-mini-nin rezin d\u0259liyi, ke\u00e7irici boltlar \u00fc\u00e7\u00fcn \u00d88 mm-dir. Asma tavan\u0131n h\u00fcnd\u00fcrl\u00fcy\u00fcn\u00fc t\u0259nziml\u0259m\u0259k \u00fc\u00e7\u00fcn uzun yivli \u00e7ubuqdan istifad\u0259 etm\u0259k olar.  Asma as\u0131lqan DIN 186182-1-\u0259 uy\u011fun olaraq 60 x 27 mm standart tavan profill\u0259ri il\u0259 tez v\u0259 asan \u0259laq\u0259 \u00fc\u00e7\u00fcn tutma k\u0259narlar\u0131na malikdir. Bu k\u0259narlar asanl\u0131qla idar\u0259 oluna bilm\u0259si \u00fc\u00e7\u00fcn asma tavanlar\u0131n standart metal profilin\u0259 uy\u011funla\u015fma\u011fa k\u00f6m\u0259k edir. Bel\u0259likl\u0259, i\u015f d\u0259y\u0259ri azal\u0131r v\u0259 h\u0259m d\u0259 qura\u015fd\u0131r\u0131c\u0131n\u0131n i\u015fini asanla\u015fd\u0131r\u0131r.  T\u018fTB\u0130QL\u018fR  S\u018fS \u0130ZOLASYONU YANLI\u015e TAVAN ASKISI Tavan sisteml\u0259rinin metal profili il\u0259 S\u00dcR\u018fTL\u0130 \u018fLAQ\u018f\" \/>\n<meta property=\"og:url\" content=\"https:\/\/climatemaster.ge\/product\/vibro-qh-mini-sound-insulation-ceiling-hanger\/\" \/>\n<meta property=\"og:site_name\" content=\"Climate Master\" \/>\n<meta property=\"article:modified_time\" content=\"2025-02-25T20:24:28+00:00\" \/>\n<meta property=\"og:image\" content=\"https:\/\/climatemaster.ge\/wp-content\/uploads\/2025\/02\/07200994757_A.jpg\" \/>\n\t<meta property=\"og:image:width\" content=\"280\" \/>\n\t<meta property=\"og:image:height\" content=\"210\" \/>\n\t<meta property=\"og:image:type\" content=\"image\/jpeg\" \/>\n<meta name=\"twitter:card\" content=\"summary_large_image\" \/>\n<script type=\"application\/ld+json\" class=\"yoast-schema-graph\">{\"@context\":\"https:\/\/schema.org\",\"@graph\":[{\"@type\":\"WebPage\",\"@id\":\"https:\/\/climatemaster.ge\/product\/vibro-qh-mini-sound-insulation-ceiling-hanger\/\",\"url\":\"https:\/\/climatemaster.ge\/product\/vibro-qh-mini-sound-insulation-ceiling-hanger\/\",\"name\":\"Vibro-QH mini: S\u0259s \u0130zolyasiyal\u0131 Tavan Ask\u0131s\u0131 - Climate Master\",\"isPartOf\":{\"@id\":\"https:\/\/climatemaster.ge\/#website\"},\"primaryImageOfPage\":{\"@id\":\"https:\/\/climatemaster.ge\/product\/vibro-qh-mini-sound-insulation-ceiling-hanger\/#primaryimage\"},\"image\":{\"@id\":\"https:\/\/climatemaster.ge\/product\/vibro-qh-mini-sound-insulation-ceiling-hanger\/#primaryimage\"},\"thumbnailUrl\":\"https:\/\/climatemaster.ge\/wp-content\/uploads\/2025\/02\/07200994757_A.jpg\",\"datePublished\":\"2025-02-07T16:25:37+00:00\",\"dateModified\":\"2025-02-25T20:24:28+00:00\",\"breadcrumb\":{\"@id\":\"https:\/\/climatemaster.ge\/product\/vibro-qh-mini-sound-insulation-ceiling-hanger\/#breadcrumb\"},\"inLanguage\":\"az\",\"potentialAction\":[{\"@type\":\"ReadAction\",\"target\":[\"https:\/\/climatemaster.ge\/product\/vibro-qh-mini-sound-insulation-ceiling-hanger\/\"]}]},{\"@type\":\"ImageObject\",\"inLanguage\":\"az\",\"@id\":\"https:\/\/climatemaster.ge\/product\/vibro-qh-mini-sound-insulation-ceiling-hanger\/#primaryimage\",\"url\":\"https:\/\/climatemaster.ge\/wp-content\/uploads\/2025\/02\/07200994757_A.jpg\",\"contentUrl\":\"https:\/\/climatemaster.ge\/wp-content\/uploads\/2025\/02\/07200994757_A.jpg\",\"width\":280,\"height\":210},{\"@type\":\"BreadcrumbList\",\"@id\":\"https:\/\/climatemaster.ge\/product\/vibro-qh-mini-sound-insulation-ceiling-hanger\/#breadcrumb\",\"itemListElement\":[{\"@type\":\"ListItem\",\"position\":1,\"name\":\"Home\",\"item\":\"https:\/\/climatemaster.ge\/\"},{\"@type\":\"ListItem\",\"position\":2,\"name\":\"M\u0259hsullar\",\"item\":\"https:\/\/climatemaster.ge\/products\/\"},{\"@type\":\"ListItem\",\"position\":3,\"name\":\"Vibro-QH mini: S\u0259s \u0130zolyasiyal\u0131 Tavan Ask\u0131s\u0131\"}]},{\"@type\":\"WebSite\",\"@id\":\"https:\/\/climatemaster.ge\/#website\",\"url\":\"https:\/\/climatemaster.ge\/\",\"name\":\"Climate Master\",\"description\":\"\",\"publisher\":{\"@id\":\"https:\/\/climatemaster.ge\/#organization\"},\"potentialAction\":[{\"@type\":\"SearchAction\",\"target\":{\"@type\":\"EntryPoint\",\"urlTemplate\":\"https:\/\/climatemaster.ge\/?s={search_term_string}\"},\"query-input\":{\"@type\":\"PropertyValueSpecification\",\"valueRequired\":true,\"valueName\":\"search_term_string\"}}],\"inLanguage\":\"az\"},{\"@type\":\"Organization\",\"@id\":\"https:\/\/climatemaster.ge\/#organization\",\"name\":\"Climate Master\",\"url\":\"https:\/\/climatemaster.ge\/\",\"logo\":{\"@type\":\"ImageObject\",\"inLanguage\":\"az\",\"@id\":\"https:\/\/climatemaster.ge\/#\/schema\/logo\/image\/\",\"url\":\"https:\/\/climatemaster.ge\/wp-content\/uploads\/2026\/03\/Untitled-2.png\",\"contentUrl\":\"https:\/\/climatemaster.ge\/wp-content\/uploads\/2026\/03\/Untitled-2.png\",\"width\":600,\"height\":338,\"caption\":\"Climate Master\"},\"image\":{\"@id\":\"https:\/\/climatemaster.ge\/#\/schema\/logo\/image\/\"}}]}<\/script>\n<!-- \/ Yoast SEO plugin. -->","yoast_head_json":{"title":"Vibro-QH mini: S\u0259s \u0130zolyasiyal\u0131 Tavan Ask\u0131s\u0131 - Climate Master","robots":{"index":"index","follow":"follow","max-snippet":"max-snippet:-1","max-image-preview":"max-image-preview:large","max-video-preview":"max-video-preview:-1"},"canonical":"https:\/\/climatemaster.ge\/product\/vibro-qh-mini-sound-insulation-ceiling-hanger\/","og_locale":"az_AZ","og_type":"article","og_title":"Vibro-QH mini: S\u0259s \u0130zolyasiyal\u0131 Tavan Ask\u0131s\u0131 - Climate Master","og_description":"Tavan sisteml\u0259rinin metal profili il\u0259 s\u00fcr\u0259tli \u0259laq\u0259 il\u0259 antivibrasiya as\u0131lqanlar\u0131  Vibro-mini uy\u011fun g\u00fccl\u0259ndirilmi\u015f v\u0259 modulyasiya edilmi\u015f sinkl\u0259nmi\u015f metal asma as\u0131lqan il\u0259 birl\u0259\u015fdiril\u0259 bil\u0259r ki, bu da al\u00e7\u0131pan tavanlar \u00fc\u00e7\u00fcn s\u0259s izolyasiyas\u0131 \u00fcz\u0259rind\u0259 vibrasiya izolyasiyas\u0131 t\u0259klif ed\u0259n Vibro-QH mini S\u0259s \u0130zolyasiyal\u0131 Tavan Ask\u0131s\u0131n\u0131 yarad\u0131r. Vibro-mini-nin rezin d\u0259liyi, ke\u00e7irici boltlar \u00fc\u00e7\u00fcn \u00d88 mm-dir. Asma tavan\u0131n h\u00fcnd\u00fcrl\u00fcy\u00fcn\u00fc t\u0259nziml\u0259m\u0259k \u00fc\u00e7\u00fcn uzun yivli \u00e7ubuqdan istifad\u0259 etm\u0259k olar.  Asma as\u0131lqan DIN 186182-1-\u0259 uy\u011fun olaraq 60 x 27 mm standart tavan profill\u0259ri il\u0259 tez v\u0259 asan \u0259laq\u0259 \u00fc\u00e7\u00fcn tutma k\u0259narlar\u0131na malikdir. Bu k\u0259narlar asanl\u0131qla idar\u0259 oluna bilm\u0259si \u00fc\u00e7\u00fcn asma tavanlar\u0131n standart metal profilin\u0259 uy\u011funla\u015fma\u011fa k\u00f6m\u0259k edir. Bel\u0259likl\u0259, i\u015f d\u0259y\u0259ri azal\u0131r v\u0259 h\u0259m d\u0259 qura\u015fd\u0131r\u0131c\u0131n\u0131n i\u015fini asanla\u015fd\u0131r\u0131r.  T\u018fTB\u0130QL\u018fR  S\u018fS \u0130ZOLASYONU YANLI\u015e TAVAN ASKISI Tavan sisteml\u0259rinin metal profili il\u0259 S\u00dcR\u018fTL\u0130 \u018fLAQ\u018f","og_url":"https:\/\/climatemaster.ge\/product\/vibro-qh-mini-sound-insulation-ceiling-hanger\/","og_site_name":"Climate Master","article_modified_time":"2025-02-25T20:24:28+00:00","og_image":[{"width":280,"height":210,"url":"https:\/\/climatemaster.ge\/wp-content\/uploads\/2025\/02\/07200994757_A.jpg","type":"image\/jpeg"}],"twitter_card":"summary_large_image","schema":{"@context":"https:\/\/schema.org","@graph":[{"@type":"WebPage","@id":"https:\/\/climatemaster.ge\/product\/vibro-qh-mini-sound-insulation-ceiling-hanger\/","url":"https:\/\/climatemaster.ge\/product\/vibro-qh-mini-sound-insulation-ceiling-hanger\/","name":"Vibro-QH mini: S\u0259s \u0130zolyasiyal\u0131 Tavan Ask\u0131s\u0131 - Climate Master","isPartOf":{"@id":"https:\/\/climatemaster.ge\/#website"},"primaryImageOfPage":{"@id":"https:\/\/climatemaster.ge\/product\/vibro-qh-mini-sound-insulation-ceiling-hanger\/#primaryimage"},"image":{"@id":"https:\/\/climatemaster.ge\/product\/vibro-qh-mini-sound-insulation-ceiling-hanger\/#primaryimage"},"thumbnailUrl":"https:\/\/climatemaster.ge\/wp-content\/uploads\/2025\/02\/07200994757_A.jpg","datePublished":"2025-02-07T16:25:37+00:00","dateModified":"2025-02-25T20:24:28+00:00","breadcrumb":{"@id":"https:\/\/climatemaster.ge\/product\/vibro-qh-mini-sound-insulation-ceiling-hanger\/#breadcrumb"},"inLanguage":"az","potentialAction":[{"@type":"ReadAction","target":["https:\/\/climatemaster.ge\/product\/vibro-qh-mini-sound-insulation-ceiling-hanger\/"]}]},{"@type":"ImageObject","inLanguage":"az","@id":"https:\/\/climatemaster.ge\/product\/vibro-qh-mini-sound-insulation-ceiling-hanger\/#primaryimage","url":"https:\/\/climatemaster.ge\/wp-content\/uploads\/2025\/02\/07200994757_A.jpg","contentUrl":"https:\/\/climatemaster.ge\/wp-content\/uploads\/2025\/02\/07200994757_A.jpg","width":280,"height":210},{"@type":"BreadcrumbList","@id":"https:\/\/climatemaster.ge\/product\/vibro-qh-mini-sound-insulation-ceiling-hanger\/#breadcrumb","itemListElement":[{"@type":"ListItem","position":1,"name":"Home","item":"https:\/\/climatemaster.ge\/"},{"@type":"ListItem","position":2,"name":"M\u0259hsullar","item":"https:\/\/climatemaster.ge\/products\/"},{"@type":"ListItem","position":3,"name":"Vibro-QH mini: S\u0259s \u0130zolyasiyal\u0131 Tavan Ask\u0131s\u0131"}]},{"@type":"WebSite","@id":"https:\/\/climatemaster.ge\/#website","url":"https:\/\/climatemaster.ge\/","name":"Climate Master","description":"","publisher":{"@id":"https:\/\/climatemaster.ge\/#organization"},"potentialAction":[{"@type":"SearchAction","target":{"@type":"EntryPoint","urlTemplate":"https:\/\/climatemaster.ge\/?s={search_term_string}"},"query-input":{"@type":"PropertyValueSpecification","valueRequired":true,"valueName":"search_term_string"}}],"inLanguage":"az"},{"@type":"Organization","@id":"https:\/\/climatemaster.ge\/#organization","name":"Climate Master","url":"https:\/\/climatemaster.ge\/","logo":{"@type":"ImageObject","inLanguage":"az","@id":"https:\/\/climatemaster.ge\/#\/schema\/logo\/image\/","url":"https:\/\/climatemaster.ge\/wp-content\/uploads\/2026\/03\/Untitled-2.png","contentUrl":"https:\/\/climatemaster.ge\/wp-content\/uploads\/2026\/03\/Untitled-2.png","width":600,"height":338,"caption":"Climate Master"},"image":{"@id":"https:\/\/climatemaster.ge\/#\/schema\/logo\/image\/"}}]}},"_links":{"self":[{"href":"https:\/\/climatemaster.ge\/az\/wp-json\/wp\/v2\/product\/23688","targetHints":{"allow":["GET"]}}],"collection":[{"href":"https:\/\/climatemaster.ge\/az\/wp-json\/wp\/v2\/product"}],"about":[{"href":"https:\/\/climatemaster.ge\/az\/wp-json\/wp\/v2\/types\/product"}],"wp:featuredmedia":[{"embeddable":true,"href":"https:\/\/climatemaster.ge\/az\/wp-json\/wp\/v2\/media\/22455"}],"wp:attachment":[{"href":"https:\/\/climatemaster.ge\/az\/wp-json\/wp\/v2\/media?parent=23688"}],"wp:term":[{"taxonomy":"product_brand","embeddable":true,"href":"https:\/\/climatemaster.ge\/az\/wp-json\/wp\/v2\/product_brand?post=23688"},{"taxonomy":"product_cat","embeddable":true,"href":"https:\/\/climatemaster.ge\/az\/wp-json\/wp\/v2\/product_cat?post=23688"},{"taxonomy":"product_tag","embeddable":true,"href":"https:\/\/climatemaster.ge\/az\/wp-json\/wp\/v2\/product_tag?post=23688"}],"curies":[{"name":"wp","href":"https:\/\/api.w.org\/{rel}","templated":true}]}}