{"id":23676,"date":"2025-02-07T20:57:59","date_gmt":"2025-02-07T16:57:59","guid":{"rendered":"https:\/\/airsystems.ge\/shop\/product\/vibro-ss-simple-spring-isolator\/"},"modified":"2025-02-26T00:24:27","modified_gmt":"2025-02-25T20:24:27","slug":"vibro-ss-simple-spring-isolator","status":"publish","type":"product","link":"https:\/\/climatemaster.ge\/az\/product\/vibro-ss-simple-spring-isolator\/","title":{"rendered":"Vibro-SS: Sad\u0259 yay izolyatoru"},"content":{"rendered":"","protected":false},"excerpt":{"rendered":"<p>Qura\u015fd\u0131r\u0131lmas\u0131 asan v\u0259 y\u00fcks\u0259k keyfiyy\u0259t-qiym\u0259t nisb\u0259ti il\u0259 sad\u0259 vibrasiya as\u0131lqan. Borulardan v\u0259 ma\u015f\u0131nlardan struktur olaraq \u00f6t\u00fcr\u00fcl\u0259n vibrasiyan\u0131 azaltmaq \u00fc\u00e7\u00fcn istifad\u0259 edil\u0259 bil\u0259r.<\/p>\n<p>T\u018fSV\u0130R\u0130<\/p>\n<p>Vibro-SS Sad\u0259 Yay \u0130zolatoru borulardan v\u0259 ma\u015f\u0131nlardan struktur olaraq \u00f6t\u00fcr\u00fcl\u0259n vibrasiyan\u0131 azaltmaq \u00fc\u00e7\u00fcn istifad\u0259 edil\u0259n iqtisadi h\u0259lldir. O, h\u0259m\u00e7inin asma tavan asq\u0131s\u0131 kimi izolyasiyaya k\u00f6m\u0259k edir. Polad yay DIN standart\u0131na uy\u011fun olaraq haz\u0131rlan\u0131r. Vibro-SS h\u0259m\u00e7inin yay\u0131n\u0131n yuxar\u0131 v\u0259 a\u015fa\u011f\u0131 hiss\u0259sind\u0259 titr\u0259m\u0259 \u0259leyhin\u0259 neopren grommet\u0259 malikdir v\u0259 s\u0259s k\u0259sici rolunu oynay\u0131r v\u0259 izolyasiya s\u0259m\u0259r\u0259liliyini art\u0131r\u0131r. Y\u00fcks\u0259k \u0259yilm\u0259 s\u0259b\u0259bind\u0259n a\u015fa\u011f\u0131 h\u0259y\u0259can tezliyini q\u0259bul ed\u0259 bil\u0259r.<\/p>\n<p>Diqq\u0259t: (a) L\u00f6vb\u0259rl\u0259r perpendikulyar qura\u015fd\u0131r\u0131lmal\u0131d\u0131r.<\/p>\n<p>(b) uzanmay\u0131n.<\/p>\n<p>(c) T\u0259hl\u00fck\u0259sizlik qaykalar\u0131ndan istifad\u0259 edin.<\/p>\n<p>Niy\u0259 Vibro-SS Simple Spring Isolator istifad\u0259 olunur?<\/p>\n<p>Ucuz h\u0259ll<br \/>\nAsan qura\u015fd\u0131rma<br \/>\nM\u00fcxt\u0259lif t\u0259tbiql\u0259r\u0259 uy\u011funla\u015fa bilir<br \/>\nA\u015fa\u011f\u0131 t\u0259bii tezlik<br \/>\nY\u00fck alt\u0131nda y\u00fcks\u0259k \u0259yilm\u0259<br \/>\nT\u018fTB\u0130QL\u018fR<br \/>\n-Borular\u0131n vibrasiyaya qar\u015f\u0131 asq\u0131s\u0131.<br \/>\n-Vibrasiyaya qar\u015f\u0131 ma\u015f\u0131n as\u0131lqan.<br \/>\n-S\u0259s izolyasiyal\u0131 asma tavan as\u0131lqan.<\/p>\n<p>D\u0130NAM\u0130K X\u00dcSUS\u0130YY\u018fTL\u018fR<\/p>\n<p>\u00c7arpma: 25 mm (maksimum y\u00fckd\u0259)<\/p>\n<p>T\u0259bii Tezlik (maksimum y\u00fckd\u0259): 3 Hz<\/p>\n","protected":false},"featured_media":22475,"template":"","meta":[],"product_brand":[],"product_cat":[927],"product_tag":[],"class_list":{"0":"post-23676","1":"product","2":"type-product","3":"status-publish","4":"has-post-thumbnail","6":"product_cat-vibrasiya-anti-ss-kuy-akustik-az","8":"first","9":"instock","10":"shipping-taxable","11":"product-type-simple"},"yoast_head":"<!-- This site is optimized with the Yoast SEO plugin v27.1.1 - https:\/\/yoast.com\/product\/yoast-seo-wordpress\/ -->\n<title>Vibro-SS: Sad\u0259 yay izolyatoru - Climate Master<\/title>\n<meta name=\"robots\" content=\"index, follow, max-snippet:-1, max-image-preview:large, max-video-preview:-1\" \/>\n<link rel=\"canonical\" href=\"https:\/\/climatemaster.ge\/az\/product\/vibro-ss-simple-spring-isolator\/\" \/>\n<meta property=\"og:locale\" content=\"az_AZ\" \/>\n<meta property=\"og:type\" content=\"article\" \/>\n<meta property=\"og:title\" content=\"Vibro-SS: Sad\u0259 yay izolyatoru - Climate Master\" \/>\n<meta property=\"og:description\" content=\"Qura\u015fd\u0131r\u0131lmas\u0131 asan v\u0259 y\u00fcks\u0259k keyfiyy\u0259t-qiym\u0259t nisb\u0259ti il\u0259 sad\u0259 vibrasiya as\u0131lqan. Borulardan v\u0259 ma\u015f\u0131nlardan struktur olaraq \u00f6t\u00fcr\u00fcl\u0259n vibrasiyan\u0131 azaltmaq \u00fc\u00e7\u00fcn istifad\u0259 edil\u0259 bil\u0259r.  T\u018fSV\u0130R\u0130  Vibro-SS Sad\u0259 Yay \u0130zolatoru borulardan v\u0259 ma\u015f\u0131nlardan struktur olaraq \u00f6t\u00fcr\u00fcl\u0259n vibrasiyan\u0131 azaltmaq \u00fc\u00e7\u00fcn istifad\u0259 edil\u0259n iqtisadi h\u0259lldir. O, h\u0259m\u00e7inin asma tavan asq\u0131s\u0131 kimi izolyasiyaya k\u00f6m\u0259k edir. Polad yay DIN standart\u0131na uy\u011fun olaraq haz\u0131rlan\u0131r. Vibro-SS h\u0259m\u00e7inin yay\u0131n\u0131n yuxar\u0131 v\u0259 a\u015fa\u011f\u0131 hiss\u0259sind\u0259 titr\u0259m\u0259 \u0259leyhin\u0259 neopren grommet\u0259 malikdir v\u0259 s\u0259s k\u0259sici rolunu oynay\u0131r v\u0259 izolyasiya s\u0259m\u0259r\u0259liliyini art\u0131r\u0131r. Y\u00fcks\u0259k \u0259yilm\u0259 s\u0259b\u0259bind\u0259n a\u015fa\u011f\u0131 h\u0259y\u0259can tezliyini q\u0259bul ed\u0259 bil\u0259r.  Diqq\u0259t: (a) L\u00f6vb\u0259rl\u0259r perpendikulyar qura\u015fd\u0131r\u0131lmal\u0131d\u0131r.  (b) uzanmay\u0131n.  (c) T\u0259hl\u00fck\u0259sizlik qaykalar\u0131ndan istifad\u0259 edin.  Niy\u0259 Vibro-SS Simple Spring Isolator istifad\u0259 olunur?  Ucuz h\u0259ll Asan qura\u015fd\u0131rma M\u00fcxt\u0259lif t\u0259tbiql\u0259r\u0259 uy\u011funla\u015fa bilir A\u015fa\u011f\u0131 t\u0259bii tezlik Y\u00fck alt\u0131nda y\u00fcks\u0259k \u0259yilm\u0259 T\u018fTB\u0130QL\u018fR -Borular\u0131n vibrasiyaya qar\u015f\u0131 asq\u0131s\u0131. -Vibrasiyaya qar\u015f\u0131 ma\u015f\u0131n as\u0131lqan. -S\u0259s izolyasiyal\u0131 asma tavan as\u0131lqan.  D\u0130NAM\u0130K X\u00dcSUS\u0130YY\u018fTL\u018fR  \u00c7arpma: 25 mm (maksimum y\u00fckd\u0259)  T\u0259bii Tezlik (maksimum y\u00fckd\u0259): 3 Hz\" \/>\n<meta property=\"og:url\" content=\"https:\/\/climatemaster.ge\/az\/product\/vibro-ss-simple-spring-isolator\/\" \/>\n<meta property=\"og:site_name\" content=\"Climate Master\" \/>\n<meta property=\"article:modified_time\" content=\"2025-02-25T20:24:27+00:00\" \/>\n<meta property=\"og:image\" content=\"https:\/\/climatemaster.ge\/wp-content\/uploads\/2025\/02\/Vibro-SS-6.jpg\" \/>\n\t<meta property=\"og:image:width\" content=\"1280\" \/>\n\t<meta property=\"og:image:height\" content=\"1024\" \/>\n\t<meta property=\"og:image:type\" content=\"image\/jpeg\" \/>\n<meta name=\"twitter:card\" content=\"summary_large_image\" \/>\n<script type=\"application\/ld+json\" class=\"yoast-schema-graph\">{\"@context\":\"https:\/\/schema.org\",\"@graph\":[{\"@type\":\"WebPage\",\"@id\":\"https:\/\/climatemaster.ge\/az\/product\/vibro-ss-simple-spring-isolator\/\",\"url\":\"https:\/\/climatemaster.ge\/az\/product\/vibro-ss-simple-spring-isolator\/\",\"name\":\"Vibro-SS: Sad\u0259 yay izolyatoru - Climate Master\",\"isPartOf\":{\"@id\":\"https:\/\/climatemaster.ge\/#website\"},\"primaryImageOfPage\":{\"@id\":\"https:\/\/climatemaster.ge\/az\/product\/vibro-ss-simple-spring-isolator\/#primaryimage\"},\"image\":{\"@id\":\"https:\/\/climatemaster.ge\/az\/product\/vibro-ss-simple-spring-isolator\/#primaryimage\"},\"thumbnailUrl\":\"https:\/\/climatemaster.ge\/wp-content\/uploads\/2025\/02\/Vibro-SS-6.jpg\",\"datePublished\":\"2025-02-07T16:57:59+00:00\",\"dateModified\":\"2025-02-25T20:24:27+00:00\",\"breadcrumb\":{\"@id\":\"https:\/\/climatemaster.ge\/az\/product\/vibro-ss-simple-spring-isolator\/#breadcrumb\"},\"inLanguage\":\"az\",\"potentialAction\":[{\"@type\":\"ReadAction\",\"target\":[\"https:\/\/climatemaster.ge\/az\/product\/vibro-ss-simple-spring-isolator\/\"]}]},{\"@type\":\"ImageObject\",\"inLanguage\":\"az\",\"@id\":\"https:\/\/climatemaster.ge\/az\/product\/vibro-ss-simple-spring-isolator\/#primaryimage\",\"url\":\"https:\/\/climatemaster.ge\/wp-content\/uploads\/2025\/02\/Vibro-SS-6.jpg\",\"contentUrl\":\"https:\/\/climatemaster.ge\/wp-content\/uploads\/2025\/02\/Vibro-SS-6.jpg\",\"width\":1280,\"height\":1024},{\"@type\":\"BreadcrumbList\",\"@id\":\"https:\/\/climatemaster.ge\/az\/product\/vibro-ss-simple-spring-isolator\/#breadcrumb\",\"itemListElement\":[{\"@type\":\"ListItem\",\"position\":1,\"name\":\"Home\",\"item\":\"https:\/\/climatemaster.ge\/\"},{\"@type\":\"ListItem\",\"position\":2,\"name\":\"M\u0259hsullar\",\"item\":\"https:\/\/climatemaster.ge\/products\/\"},{\"@type\":\"ListItem\",\"position\":3,\"name\":\"Vibro-SS: Sad\u0259 yay izolyatoru\"}]},{\"@type\":\"WebSite\",\"@id\":\"https:\/\/climatemaster.ge\/#website\",\"url\":\"https:\/\/climatemaster.ge\/\",\"name\":\"Climate Master\",\"description\":\"\",\"publisher\":{\"@id\":\"https:\/\/climatemaster.ge\/#organization\"},\"potentialAction\":[{\"@type\":\"SearchAction\",\"target\":{\"@type\":\"EntryPoint\",\"urlTemplate\":\"https:\/\/climatemaster.ge\/?s={search_term_string}\"},\"query-input\":{\"@type\":\"PropertyValueSpecification\",\"valueRequired\":true,\"valueName\":\"search_term_string\"}}],\"inLanguage\":\"az\"},{\"@type\":\"Organization\",\"@id\":\"https:\/\/climatemaster.ge\/#organization\",\"name\":\"Climate Master\",\"url\":\"https:\/\/climatemaster.ge\/\",\"logo\":{\"@type\":\"ImageObject\",\"inLanguage\":\"az\",\"@id\":\"https:\/\/climatemaster.ge\/#\/schema\/logo\/image\/\",\"url\":\"https:\/\/climatemaster.ge\/wp-content\/uploads\/2026\/03\/Untitled-2.png\",\"contentUrl\":\"https:\/\/climatemaster.ge\/wp-content\/uploads\/2026\/03\/Untitled-2.png\",\"width\":600,\"height\":338,\"caption\":\"Climate Master\"},\"image\":{\"@id\":\"https:\/\/climatemaster.ge\/#\/schema\/logo\/image\/\"}}]}<\/script>\n<!-- \/ Yoast SEO plugin. -->","yoast_head_json":{"title":"Vibro-SS: Sad\u0259 yay izolyatoru - Climate Master","robots":{"index":"index","follow":"follow","max-snippet":"max-snippet:-1","max-image-preview":"max-image-preview:large","max-video-preview":"max-video-preview:-1"},"canonical":"https:\/\/climatemaster.ge\/az\/product\/vibro-ss-simple-spring-isolator\/","og_locale":"az_AZ","og_type":"article","og_title":"Vibro-SS: Sad\u0259 yay izolyatoru - Climate Master","og_description":"Qura\u015fd\u0131r\u0131lmas\u0131 asan v\u0259 y\u00fcks\u0259k keyfiyy\u0259t-qiym\u0259t nisb\u0259ti il\u0259 sad\u0259 vibrasiya as\u0131lqan. Borulardan v\u0259 ma\u015f\u0131nlardan struktur olaraq \u00f6t\u00fcr\u00fcl\u0259n vibrasiyan\u0131 azaltmaq \u00fc\u00e7\u00fcn istifad\u0259 edil\u0259 bil\u0259r.  T\u018fSV\u0130R\u0130  Vibro-SS Sad\u0259 Yay \u0130zolatoru borulardan v\u0259 ma\u015f\u0131nlardan struktur olaraq \u00f6t\u00fcr\u00fcl\u0259n vibrasiyan\u0131 azaltmaq \u00fc\u00e7\u00fcn istifad\u0259 edil\u0259n iqtisadi h\u0259lldir. O, h\u0259m\u00e7inin asma tavan asq\u0131s\u0131 kimi izolyasiyaya k\u00f6m\u0259k edir. Polad yay DIN standart\u0131na uy\u011fun olaraq haz\u0131rlan\u0131r. Vibro-SS h\u0259m\u00e7inin yay\u0131n\u0131n yuxar\u0131 v\u0259 a\u015fa\u011f\u0131 hiss\u0259sind\u0259 titr\u0259m\u0259 \u0259leyhin\u0259 neopren grommet\u0259 malikdir v\u0259 s\u0259s k\u0259sici rolunu oynay\u0131r v\u0259 izolyasiya s\u0259m\u0259r\u0259liliyini art\u0131r\u0131r. Y\u00fcks\u0259k \u0259yilm\u0259 s\u0259b\u0259bind\u0259n a\u015fa\u011f\u0131 h\u0259y\u0259can tezliyini q\u0259bul ed\u0259 bil\u0259r.  Diqq\u0259t: (a) L\u00f6vb\u0259rl\u0259r perpendikulyar qura\u015fd\u0131r\u0131lmal\u0131d\u0131r.  (b) uzanmay\u0131n.  (c) T\u0259hl\u00fck\u0259sizlik qaykalar\u0131ndan istifad\u0259 edin.  Niy\u0259 Vibro-SS Simple Spring Isolator istifad\u0259 olunur?  Ucuz h\u0259ll Asan qura\u015fd\u0131rma M\u00fcxt\u0259lif t\u0259tbiql\u0259r\u0259 uy\u011funla\u015fa bilir A\u015fa\u011f\u0131 t\u0259bii tezlik Y\u00fck alt\u0131nda y\u00fcks\u0259k \u0259yilm\u0259 T\u018fTB\u0130QL\u018fR -Borular\u0131n vibrasiyaya qar\u015f\u0131 asq\u0131s\u0131. -Vibrasiyaya qar\u015f\u0131 ma\u015f\u0131n as\u0131lqan. -S\u0259s izolyasiyal\u0131 asma tavan as\u0131lqan.  D\u0130NAM\u0130K X\u00dcSUS\u0130YY\u018fTL\u018fR  \u00c7arpma: 25 mm (maksimum y\u00fckd\u0259)  T\u0259bii Tezlik (maksimum y\u00fckd\u0259): 3 Hz","og_url":"https:\/\/climatemaster.ge\/az\/product\/vibro-ss-simple-spring-isolator\/","og_site_name":"Climate Master","article_modified_time":"2025-02-25T20:24:27+00:00","og_image":[{"width":1280,"height":1024,"url":"https:\/\/climatemaster.ge\/wp-content\/uploads\/2025\/02\/Vibro-SS-6.jpg","type":"image\/jpeg"}],"twitter_card":"summary_large_image","schema":{"@context":"https:\/\/schema.org","@graph":[{"@type":"WebPage","@id":"https:\/\/climatemaster.ge\/az\/product\/vibro-ss-simple-spring-isolator\/","url":"https:\/\/climatemaster.ge\/az\/product\/vibro-ss-simple-spring-isolator\/","name":"Vibro-SS: Sad\u0259 yay izolyatoru - Climate Master","isPartOf":{"@id":"https:\/\/climatemaster.ge\/#website"},"primaryImageOfPage":{"@id":"https:\/\/climatemaster.ge\/az\/product\/vibro-ss-simple-spring-isolator\/#primaryimage"},"image":{"@id":"https:\/\/climatemaster.ge\/az\/product\/vibro-ss-simple-spring-isolator\/#primaryimage"},"thumbnailUrl":"https:\/\/climatemaster.ge\/wp-content\/uploads\/2025\/02\/Vibro-SS-6.jpg","datePublished":"2025-02-07T16:57:59+00:00","dateModified":"2025-02-25T20:24:27+00:00","breadcrumb":{"@id":"https:\/\/climatemaster.ge\/az\/product\/vibro-ss-simple-spring-isolator\/#breadcrumb"},"inLanguage":"az","potentialAction":[{"@type":"ReadAction","target":["https:\/\/climatemaster.ge\/az\/product\/vibro-ss-simple-spring-isolator\/"]}]},{"@type":"ImageObject","inLanguage":"az","@id":"https:\/\/climatemaster.ge\/az\/product\/vibro-ss-simple-spring-isolator\/#primaryimage","url":"https:\/\/climatemaster.ge\/wp-content\/uploads\/2025\/02\/Vibro-SS-6.jpg","contentUrl":"https:\/\/climatemaster.ge\/wp-content\/uploads\/2025\/02\/Vibro-SS-6.jpg","width":1280,"height":1024},{"@type":"BreadcrumbList","@id":"https:\/\/climatemaster.ge\/az\/product\/vibro-ss-simple-spring-isolator\/#breadcrumb","itemListElement":[{"@type":"ListItem","position":1,"name":"Home","item":"https:\/\/climatemaster.ge\/"},{"@type":"ListItem","position":2,"name":"M\u0259hsullar","item":"https:\/\/climatemaster.ge\/products\/"},{"@type":"ListItem","position":3,"name":"Vibro-SS: Sad\u0259 yay izolyatoru"}]},{"@type":"WebSite","@id":"https:\/\/climatemaster.ge\/#website","url":"https:\/\/climatemaster.ge\/","name":"Climate Master","description":"","publisher":{"@id":"https:\/\/climatemaster.ge\/#organization"},"potentialAction":[{"@type":"SearchAction","target":{"@type":"EntryPoint","urlTemplate":"https:\/\/climatemaster.ge\/?s={search_term_string}"},"query-input":{"@type":"PropertyValueSpecification","valueRequired":true,"valueName":"search_term_string"}}],"inLanguage":"az"},{"@type":"Organization","@id":"https:\/\/climatemaster.ge\/#organization","name":"Climate Master","url":"https:\/\/climatemaster.ge\/","logo":{"@type":"ImageObject","inLanguage":"az","@id":"https:\/\/climatemaster.ge\/#\/schema\/logo\/image\/","url":"https:\/\/climatemaster.ge\/wp-content\/uploads\/2026\/03\/Untitled-2.png","contentUrl":"https:\/\/climatemaster.ge\/wp-content\/uploads\/2026\/03\/Untitled-2.png","width":600,"height":338,"caption":"Climate Master"},"image":{"@id":"https:\/\/climatemaster.ge\/#\/schema\/logo\/image\/"}}]}},"_links":{"self":[{"href":"https:\/\/climatemaster.ge\/az\/wp-json\/wp\/v2\/product\/23676","targetHints":{"allow":["GET"]}}],"collection":[{"href":"https:\/\/climatemaster.ge\/az\/wp-json\/wp\/v2\/product"}],"about":[{"href":"https:\/\/climatemaster.ge\/az\/wp-json\/wp\/v2\/types\/product"}],"wp:featuredmedia":[{"embeddable":true,"href":"https:\/\/climatemaster.ge\/az\/wp-json\/wp\/v2\/media\/22475"}],"wp:attachment":[{"href":"https:\/\/climatemaster.ge\/az\/wp-json\/wp\/v2\/media?parent=23676"}],"wp:term":[{"taxonomy":"product_brand","embeddable":true,"href":"https:\/\/climatemaster.ge\/az\/wp-json\/wp\/v2\/product_brand?post=23676"},{"taxonomy":"product_cat","embeddable":true,"href":"https:\/\/climatemaster.ge\/az\/wp-json\/wp\/v2\/product_cat?post=23676"},{"taxonomy":"product_tag","embeddable":true,"href":"https:\/\/climatemaster.ge\/az\/wp-json\/wp\/v2\/product_tag?post=23676"}],"curies":[{"name":"wp","href":"https:\/\/api.w.org\/{rel}","templated":true}]}}