{"id":23671,"date":"2025-02-07T21:10:27","date_gmt":"2025-02-07T17:10:27","guid":{"rendered":"https:\/\/airsystems.ge\/shop\/product\/vibro-jr-jack-up-rubber-mount-for-concrete-floating-floors\/"},"modified":"2025-02-26T00:24:27","modified_gmt":"2025-02-25T20:24:27","slug":"vibro-jr-jack-up-rubber-mount-for-concrete-floating-floors","status":"publish","type":"product","link":"https:\/\/climatemaster.ge\/az\/product\/vibro-jr-jack-up-rubber-mount-for-concrete-floating-floors\/","title":{"rendered":"Vibro-JR: Beton \u00dcz\u0259n D\u00f6\u015f\u0259m\u0259l\u0259r \u00fc\u00e7\u00fcn Da\u015f\u0131y\u0131c\u0131 Rezin Montaj"},"content":{"rendered":"","protected":false},"excerpt":{"rendered":"<p>\u00dcz\u0259n qald\u0131r\u0131lm\u0131\u015f beton d\u00f6\u015f\u0259m\u0259 \u00fc\u00e7\u00fcn Regufoam il\u0259 vibrasiyaya qar\u015f\u0131 rezin montaj ) ya\u015fay\u0131\u015f, ticar\u0259t v\u0259 s\u0259naye t\u0259tbiql\u0259ri)<\/p>\n<p>T\u018fSV\u0130R\u0130<\/p>\n<p>Anti-vibrasiya rezin montaj Vibro-JR, h\u00fcnd\u00fcr beton \u00fcz\u0259n d\u00f6\u015f\u0259m\u0259l\u0259r \u00fc\u00e7\u00fcn t\u0259kmil vibrasiya izolyasiya sistemidir. Vibro-JR, vibrasiyalar\u0131 udmaq \u00fc\u00e7\u00fcn laz\u0131mi \u015f\u0259kild\u0259 haz\u0131rlanm\u0131\u015f, vibrasiya \u0259leyhin\u0259 poliuretan elastomer Regufoam ehtiva ed\u0259n metal qab\u0131qdan ibar\u0259tdir. Qura\u015fd\u0131rmaq \u00e7ox asand\u0131r, h\u00fcnd\u00fcrl\u00fcy\u00fc t\u0259nziml\u0259m\u0259y\u0259 imkan verir v\u0259 qalan faner formalar\u0131ndan istifad\u0259 etm\u0259k laz\u0131m deyil. H\u0259m d\u0259 \u0259lveri\u015fli hava bo\u015flu\u011fu yarad\u0131r ki, bu da havadan s\u0259s izolyasiyas\u0131 v\u0259 vibrasiya \u0259leyhin\u0259 imkanlar \u00fc\u00e7\u00fcn faydal\u0131d\u0131r.<\/p>\n<p>JR, h\u0259r bir t\u0259tbiq ehtiyac\u0131na uy\u011fun olmaq \u00fc\u00e7\u00fcn \u00fc\u00e7 f\u0259rqli Regufoam s\u0131xl\u0131\u011f\u0131nda m\u00f6vcuddur. Bundan \u0259lav\u0259, Regufoam qal\u0131nl\u0131\u011f\u0131 vibrasiya \u0259leyhin\u0259 sistemin t\u0259l\u0259b olunan t\u0259bii tezliyin\u0259 nail olmaq \u00fc\u00e7\u00fcn d\u0259yi\u015f\u0259 bil\u0259r.<\/p>\n<p>O, bizim t\u0259qdim etdiyimiz t\u0259nziml\u0259m\u0259 a\u00e7ar\u0131 vasit\u0259sil\u0259 qald\u0131r\u0131la bil\u0259n x\u00fcsusi qoz vasit\u0259sil\u0259 d\u00f6\u015f\u0259m\u0259ni qald\u0131rmaq \u00fc\u00e7\u00fcn innovativ sisteml\u0259 t\u0259chiz olunub. O, h\u0259m\u00e7inin \u00fcz\u0259n d\u00f6\u015f\u0259m\u0259l\u0259r \u00fc\u00e7\u00fcn tam anti-vibrasiya h\u0259lli \u00fc\u00e7\u00fcn beton t\u00f6km\u0259zd\u0259n \u0259vv\u0259l metal armaturlar\u0131 saxlamaq v\u0259 saxlamaq \u00fc\u00e7\u00fcn adekvat yan yuvalarla t\u0259chiz edilmi\u015fdir.<\/p>\n<p>MONTAJ<\/p>\n<p>Beton \u00fcz\u0259n d\u00f6\u015f\u0259m\u0259nin b\u00fct\u00fcn s\u0259thinin alt\u0131na bir polietilen t\u0259b\u0259q\u0259 qoyun v\u0259 yuvarlaqla\u015fd\u0131r\u0131n.<br \/>\n\u00dcz\u0259n d\u00f6\u015f\u0259m\u0259 il\u0259 divar aras\u0131nda uy\u011fun vibrasiya \u0259leyhin\u0259 l\u00f6vh\u0259 il\u0259 \u00fcz\u0259n d\u00f6\u015f\u0259m\u0259ni bina strukturundan t\u0259crid edin. (ISOLFON-FF).<br \/>\nVibro \u2013 JR vibrasiya \u0259leyhin\u0259 rezin montaj\u0131 yerl\u0259\u015fdirin.<br \/>\nVidan\u0131 \u00f6rt\u0259n elastik borunu daxil edin. Elastik borunu uy\u011fun uzunluqda k\u0259sin, bel\u0259likl\u0259 beton plit\u0259 qal\u0131nl\u0131\u011f\u0131ndan daha b\u00f6y\u00fckd\u00fcr.<br \/>\nBetonun keyfiyy\u0259tinin, adekvat m\u00f6hk\u0259ml\u0259ndirilm\u0259sinin v\u0259 t\u0259l\u0259bl\u0259rinin hesablanmas\u0131 in\u015faat m\u00fch\u0259ndisi t\u0259r\u0259find\u0259n apar\u0131lmal\u0131d\u0131r. Plit\u0259nin m\u00f6hk\u0259ml\u0259ndirici strukturunu qoyun v\u0259 beton t\u00f6k\u00fcn. Betonun bir ne\u00e7\u0259 g\u00fcn yeti\u015fm\u0259sin\u0259 icaz\u0259 verin.<br \/>\nBeton \u00fcz\u0259n d\u00f6\u015f\u0259m\u0259ni yuxar\u0131 qald\u0131rmaq \u00fc\u00e7\u00fcn m\u00fcvafiq di\u015fi alt\u0131bucaql\u0131 \u0259l il\u0259 idar\u0259 olunan rozetkadan istifad\u0259 ed\u0259r\u0259k h\u00fcnd\u00fcrl\u00fck mexanizmini saat \u0259qr\u0259bi istiqam\u0259tind\u0259 f\u0131rlanan rezin dayaqlar\u0131 t\u0259dric\u0259n y\u00fckl\u0259yin v\u0259 vahid formada saxlay\u0131n.<br \/>\nLaz\u0131m g\u0259l\u0259rs\u0259, qapaq kran\u0131 qoyun.<\/p>\n","protected":false},"featured_media":22493,"template":"","meta":[],"product_brand":[],"product_cat":[927],"product_tag":[],"class_list":{"0":"post-23671","1":"product","2":"type-product","3":"status-publish","4":"has-post-thumbnail","6":"product_cat-vibrasiya-anti-ss-kuy-akustik-az","8":"first","9":"instock","10":"shipping-taxable","11":"product-type-simple"},"yoast_head":"<!-- This site is optimized with the Yoast SEO plugin v27.1.1 - https:\/\/yoast.com\/product\/yoast-seo-wordpress\/ -->\n<title>Vibro-JR: Beton \u00dcz\u0259n D\u00f6\u015f\u0259m\u0259l\u0259r \u00fc\u00e7\u00fcn Da\u015f\u0131y\u0131c\u0131 Rezin Montaj - Climate Master<\/title>\n<meta name=\"robots\" content=\"index, follow, max-snippet:-1, max-image-preview:large, max-video-preview:-1\" \/>\n<link rel=\"canonical\" href=\"https:\/\/climatemaster.ge\/az\/product\/vibro-jr-jack-up-rubber-mount-for-concrete-floating-floors\/\" \/>\n<meta property=\"og:locale\" content=\"az_AZ\" \/>\n<meta property=\"og:type\" content=\"article\" \/>\n<meta property=\"og:title\" content=\"Vibro-JR: Beton \u00dcz\u0259n D\u00f6\u015f\u0259m\u0259l\u0259r \u00fc\u00e7\u00fcn Da\u015f\u0131y\u0131c\u0131 Rezin Montaj - Climate Master\" \/>\n<meta property=\"og:description\" content=\"\u00dcz\u0259n qald\u0131r\u0131lm\u0131\u015f beton d\u00f6\u015f\u0259m\u0259 \u00fc\u00e7\u00fcn Regufoam il\u0259 vibrasiyaya qar\u015f\u0131 rezin montaj ) ya\u015fay\u0131\u015f, ticar\u0259t v\u0259 s\u0259naye t\u0259tbiql\u0259ri)  T\u018fSV\u0130R\u0130  Anti-vibrasiya rezin montaj Vibro-JR, h\u00fcnd\u00fcr beton \u00fcz\u0259n d\u00f6\u015f\u0259m\u0259l\u0259r \u00fc\u00e7\u00fcn t\u0259kmil vibrasiya izolyasiya sistemidir. Vibro-JR, vibrasiyalar\u0131 udmaq \u00fc\u00e7\u00fcn laz\u0131mi \u015f\u0259kild\u0259 haz\u0131rlanm\u0131\u015f, vibrasiya \u0259leyhin\u0259 poliuretan elastomer Regufoam ehtiva ed\u0259n metal qab\u0131qdan ibar\u0259tdir. Qura\u015fd\u0131rmaq \u00e7ox asand\u0131r, h\u00fcnd\u00fcrl\u00fcy\u00fc t\u0259nziml\u0259m\u0259y\u0259 imkan verir v\u0259 qalan faner formalar\u0131ndan istifad\u0259 etm\u0259k laz\u0131m deyil. H\u0259m d\u0259 \u0259lveri\u015fli hava bo\u015flu\u011fu yarad\u0131r ki, bu da havadan s\u0259s izolyasiyas\u0131 v\u0259 vibrasiya \u0259leyhin\u0259 imkanlar \u00fc\u00e7\u00fcn faydal\u0131d\u0131r.  JR, h\u0259r bir t\u0259tbiq ehtiyac\u0131na uy\u011fun olmaq \u00fc\u00e7\u00fcn \u00fc\u00e7 f\u0259rqli Regufoam s\u0131xl\u0131\u011f\u0131nda m\u00f6vcuddur. Bundan \u0259lav\u0259, Regufoam qal\u0131nl\u0131\u011f\u0131 vibrasiya \u0259leyhin\u0259 sistemin t\u0259l\u0259b olunan t\u0259bii tezliyin\u0259 nail olmaq \u00fc\u00e7\u00fcn d\u0259yi\u015f\u0259 bil\u0259r.  O, bizim t\u0259qdim etdiyimiz t\u0259nziml\u0259m\u0259 a\u00e7ar\u0131 vasit\u0259sil\u0259 qald\u0131r\u0131la bil\u0259n x\u00fcsusi qoz vasit\u0259sil\u0259 d\u00f6\u015f\u0259m\u0259ni qald\u0131rmaq \u00fc\u00e7\u00fcn innovativ sisteml\u0259 t\u0259chiz olunub. O, h\u0259m\u00e7inin \u00fcz\u0259n d\u00f6\u015f\u0259m\u0259l\u0259r \u00fc\u00e7\u00fcn tam anti-vibrasiya h\u0259lli \u00fc\u00e7\u00fcn beton t\u00f6km\u0259zd\u0259n \u0259vv\u0259l metal armaturlar\u0131 saxlamaq v\u0259 saxlamaq \u00fc\u00e7\u00fcn adekvat yan yuvalarla t\u0259chiz edilmi\u015fdir.  MONTAJ  Beton \u00fcz\u0259n d\u00f6\u015f\u0259m\u0259nin b\u00fct\u00fcn s\u0259thinin alt\u0131na bir polietilen t\u0259b\u0259q\u0259 qoyun v\u0259 yuvarlaqla\u015fd\u0131r\u0131n. \u00dcz\u0259n d\u00f6\u015f\u0259m\u0259 il\u0259 divar aras\u0131nda uy\u011fun vibrasiya \u0259leyhin\u0259 l\u00f6vh\u0259 il\u0259 \u00fcz\u0259n d\u00f6\u015f\u0259m\u0259ni bina strukturundan t\u0259crid edin. (ISOLFON-FF). Vibro \u2013 JR vibrasiya \u0259leyhin\u0259 rezin montaj\u0131 yerl\u0259\u015fdirin. Vidan\u0131 \u00f6rt\u0259n elastik borunu daxil edin. Elastik borunu uy\u011fun uzunluqda k\u0259sin, bel\u0259likl\u0259 beton plit\u0259 qal\u0131nl\u0131\u011f\u0131ndan daha b\u00f6y\u00fckd\u00fcr. Betonun keyfiyy\u0259tinin, adekvat m\u00f6hk\u0259ml\u0259ndirilm\u0259sinin v\u0259 t\u0259l\u0259bl\u0259rinin hesablanmas\u0131 in\u015faat m\u00fch\u0259ndisi t\u0259r\u0259find\u0259n apar\u0131lmal\u0131d\u0131r. Plit\u0259nin m\u00f6hk\u0259ml\u0259ndirici strukturunu qoyun v\u0259 beton t\u00f6k\u00fcn. Betonun bir ne\u00e7\u0259 g\u00fcn yeti\u015fm\u0259sin\u0259 icaz\u0259 verin. Beton \u00fcz\u0259n d\u00f6\u015f\u0259m\u0259ni yuxar\u0131 qald\u0131rmaq \u00fc\u00e7\u00fcn m\u00fcvafiq di\u015fi alt\u0131bucaql\u0131 \u0259l il\u0259 idar\u0259 olunan rozetkadan istifad\u0259 ed\u0259r\u0259k h\u00fcnd\u00fcrl\u00fck mexanizmini saat \u0259qr\u0259bi istiqam\u0259tind\u0259 f\u0131rlanan rezin dayaqlar\u0131 t\u0259dric\u0259n y\u00fckl\u0259yin v\u0259 vahid formada saxlay\u0131n. Laz\u0131m g\u0259l\u0259rs\u0259, qapaq kran\u0131 qoyun.\" \/>\n<meta property=\"og:url\" content=\"https:\/\/climatemaster.ge\/az\/product\/vibro-jr-jack-up-rubber-mount-for-concrete-floating-floors\/\" \/>\n<meta property=\"og:site_name\" content=\"Climate Master\" \/>\n<meta property=\"article:modified_time\" content=\"2025-02-25T20:24:27+00:00\" \/>\n<meta property=\"og:image\" content=\"https:\/\/climatemaster.ge\/wp-content\/uploads\/2025\/02\/JUF.jpg\" \/>\n\t<meta property=\"og:image:width\" content=\"600\" \/>\n\t<meta property=\"og:image:height\" content=\"600\" \/>\n\t<meta property=\"og:image:type\" content=\"image\/jpeg\" \/>\n<meta name=\"twitter:card\" content=\"summary_large_image\" \/>\n<script type=\"application\/ld+json\" class=\"yoast-schema-graph\">{\"@context\":\"https:\/\/schema.org\",\"@graph\":[{\"@type\":\"WebPage\",\"@id\":\"https:\/\/climatemaster.ge\/az\/product\/vibro-jr-jack-up-rubber-mount-for-concrete-floating-floors\/\",\"url\":\"https:\/\/climatemaster.ge\/az\/product\/vibro-jr-jack-up-rubber-mount-for-concrete-floating-floors\/\",\"name\":\"Vibro-JR: Beton \u00dcz\u0259n D\u00f6\u015f\u0259m\u0259l\u0259r \u00fc\u00e7\u00fcn Da\u015f\u0131y\u0131c\u0131 Rezin Montaj - Climate Master\",\"isPartOf\":{\"@id\":\"https:\/\/climatemaster.ge\/#website\"},\"primaryImageOfPage\":{\"@id\":\"https:\/\/climatemaster.ge\/az\/product\/vibro-jr-jack-up-rubber-mount-for-concrete-floating-floors\/#primaryimage\"},\"image\":{\"@id\":\"https:\/\/climatemaster.ge\/az\/product\/vibro-jr-jack-up-rubber-mount-for-concrete-floating-floors\/#primaryimage\"},\"thumbnailUrl\":\"https:\/\/climatemaster.ge\/wp-content\/uploads\/2025\/02\/JUF.jpg\",\"datePublished\":\"2025-02-07T17:10:27+00:00\",\"dateModified\":\"2025-02-25T20:24:27+00:00\",\"breadcrumb\":{\"@id\":\"https:\/\/climatemaster.ge\/az\/product\/vibro-jr-jack-up-rubber-mount-for-concrete-floating-floors\/#breadcrumb\"},\"inLanguage\":\"az\",\"potentialAction\":[{\"@type\":\"ReadAction\",\"target\":[\"https:\/\/climatemaster.ge\/az\/product\/vibro-jr-jack-up-rubber-mount-for-concrete-floating-floors\/\"]}]},{\"@type\":\"ImageObject\",\"inLanguage\":\"az\",\"@id\":\"https:\/\/climatemaster.ge\/az\/product\/vibro-jr-jack-up-rubber-mount-for-concrete-floating-floors\/#primaryimage\",\"url\":\"https:\/\/climatemaster.ge\/wp-content\/uploads\/2025\/02\/JUF.jpg\",\"contentUrl\":\"https:\/\/climatemaster.ge\/wp-content\/uploads\/2025\/02\/JUF.jpg\",\"width\":600,\"height\":600},{\"@type\":\"BreadcrumbList\",\"@id\":\"https:\/\/climatemaster.ge\/az\/product\/vibro-jr-jack-up-rubber-mount-for-concrete-floating-floors\/#breadcrumb\",\"itemListElement\":[{\"@type\":\"ListItem\",\"position\":1,\"name\":\"Home\",\"item\":\"https:\/\/climatemaster.ge\/\"},{\"@type\":\"ListItem\",\"position\":2,\"name\":\"M\u0259hsullar\",\"item\":\"https:\/\/climatemaster.ge\/products\/\"},{\"@type\":\"ListItem\",\"position\":3,\"name\":\"Vibro-JR: Beton \u00dcz\u0259n D\u00f6\u015f\u0259m\u0259l\u0259r \u00fc\u00e7\u00fcn Da\u015f\u0131y\u0131c\u0131 Rezin Montaj\"}]},{\"@type\":\"WebSite\",\"@id\":\"https:\/\/climatemaster.ge\/#website\",\"url\":\"https:\/\/climatemaster.ge\/\",\"name\":\"Climate Master\",\"description\":\"\",\"publisher\":{\"@id\":\"https:\/\/climatemaster.ge\/#organization\"},\"potentialAction\":[{\"@type\":\"SearchAction\",\"target\":{\"@type\":\"EntryPoint\",\"urlTemplate\":\"https:\/\/climatemaster.ge\/?s={search_term_string}\"},\"query-input\":{\"@type\":\"PropertyValueSpecification\",\"valueRequired\":true,\"valueName\":\"search_term_string\"}}],\"inLanguage\":\"az\"},{\"@type\":\"Organization\",\"@id\":\"https:\/\/climatemaster.ge\/#organization\",\"name\":\"Climate Master\",\"url\":\"https:\/\/climatemaster.ge\/\",\"logo\":{\"@type\":\"ImageObject\",\"inLanguage\":\"az\",\"@id\":\"https:\/\/climatemaster.ge\/#\/schema\/logo\/image\/\",\"url\":\"https:\/\/climatemaster.ge\/wp-content\/uploads\/2026\/03\/Untitled-2.png\",\"contentUrl\":\"https:\/\/climatemaster.ge\/wp-content\/uploads\/2026\/03\/Untitled-2.png\",\"width\":600,\"height\":338,\"caption\":\"Climate Master\"},\"image\":{\"@id\":\"https:\/\/climatemaster.ge\/#\/schema\/logo\/image\/\"}}]}<\/script>\n<!-- \/ Yoast SEO plugin. -->","yoast_head_json":{"title":"Vibro-JR: Beton \u00dcz\u0259n D\u00f6\u015f\u0259m\u0259l\u0259r \u00fc\u00e7\u00fcn Da\u015f\u0131y\u0131c\u0131 Rezin Montaj - Climate Master","robots":{"index":"index","follow":"follow","max-snippet":"max-snippet:-1","max-image-preview":"max-image-preview:large","max-video-preview":"max-video-preview:-1"},"canonical":"https:\/\/climatemaster.ge\/az\/product\/vibro-jr-jack-up-rubber-mount-for-concrete-floating-floors\/","og_locale":"az_AZ","og_type":"article","og_title":"Vibro-JR: Beton \u00dcz\u0259n D\u00f6\u015f\u0259m\u0259l\u0259r \u00fc\u00e7\u00fcn Da\u015f\u0131y\u0131c\u0131 Rezin Montaj - Climate Master","og_description":"\u00dcz\u0259n qald\u0131r\u0131lm\u0131\u015f beton d\u00f6\u015f\u0259m\u0259 \u00fc\u00e7\u00fcn Regufoam il\u0259 vibrasiyaya qar\u015f\u0131 rezin montaj ) ya\u015fay\u0131\u015f, ticar\u0259t v\u0259 s\u0259naye t\u0259tbiql\u0259ri)  T\u018fSV\u0130R\u0130  Anti-vibrasiya rezin montaj Vibro-JR, h\u00fcnd\u00fcr beton \u00fcz\u0259n d\u00f6\u015f\u0259m\u0259l\u0259r \u00fc\u00e7\u00fcn t\u0259kmil vibrasiya izolyasiya sistemidir. Vibro-JR, vibrasiyalar\u0131 udmaq \u00fc\u00e7\u00fcn laz\u0131mi \u015f\u0259kild\u0259 haz\u0131rlanm\u0131\u015f, vibrasiya \u0259leyhin\u0259 poliuretan elastomer Regufoam ehtiva ed\u0259n metal qab\u0131qdan ibar\u0259tdir. Qura\u015fd\u0131rmaq \u00e7ox asand\u0131r, h\u00fcnd\u00fcrl\u00fcy\u00fc t\u0259nziml\u0259m\u0259y\u0259 imkan verir v\u0259 qalan faner formalar\u0131ndan istifad\u0259 etm\u0259k laz\u0131m deyil. H\u0259m d\u0259 \u0259lveri\u015fli hava bo\u015flu\u011fu yarad\u0131r ki, bu da havadan s\u0259s izolyasiyas\u0131 v\u0259 vibrasiya \u0259leyhin\u0259 imkanlar \u00fc\u00e7\u00fcn faydal\u0131d\u0131r.  JR, h\u0259r bir t\u0259tbiq ehtiyac\u0131na uy\u011fun olmaq \u00fc\u00e7\u00fcn \u00fc\u00e7 f\u0259rqli Regufoam s\u0131xl\u0131\u011f\u0131nda m\u00f6vcuddur. Bundan \u0259lav\u0259, Regufoam qal\u0131nl\u0131\u011f\u0131 vibrasiya \u0259leyhin\u0259 sistemin t\u0259l\u0259b olunan t\u0259bii tezliyin\u0259 nail olmaq \u00fc\u00e7\u00fcn d\u0259yi\u015f\u0259 bil\u0259r.  O, bizim t\u0259qdim etdiyimiz t\u0259nziml\u0259m\u0259 a\u00e7ar\u0131 vasit\u0259sil\u0259 qald\u0131r\u0131la bil\u0259n x\u00fcsusi qoz vasit\u0259sil\u0259 d\u00f6\u015f\u0259m\u0259ni qald\u0131rmaq \u00fc\u00e7\u00fcn innovativ sisteml\u0259 t\u0259chiz olunub. O, h\u0259m\u00e7inin \u00fcz\u0259n d\u00f6\u015f\u0259m\u0259l\u0259r \u00fc\u00e7\u00fcn tam anti-vibrasiya h\u0259lli \u00fc\u00e7\u00fcn beton t\u00f6km\u0259zd\u0259n \u0259vv\u0259l metal armaturlar\u0131 saxlamaq v\u0259 saxlamaq \u00fc\u00e7\u00fcn adekvat yan yuvalarla t\u0259chiz edilmi\u015fdir.  MONTAJ  Beton \u00fcz\u0259n d\u00f6\u015f\u0259m\u0259nin b\u00fct\u00fcn s\u0259thinin alt\u0131na bir polietilen t\u0259b\u0259q\u0259 qoyun v\u0259 yuvarlaqla\u015fd\u0131r\u0131n. \u00dcz\u0259n d\u00f6\u015f\u0259m\u0259 il\u0259 divar aras\u0131nda uy\u011fun vibrasiya \u0259leyhin\u0259 l\u00f6vh\u0259 il\u0259 \u00fcz\u0259n d\u00f6\u015f\u0259m\u0259ni bina strukturundan t\u0259crid edin. (ISOLFON-FF). Vibro \u2013 JR vibrasiya \u0259leyhin\u0259 rezin montaj\u0131 yerl\u0259\u015fdirin. Vidan\u0131 \u00f6rt\u0259n elastik borunu daxil edin. Elastik borunu uy\u011fun uzunluqda k\u0259sin, bel\u0259likl\u0259 beton plit\u0259 qal\u0131nl\u0131\u011f\u0131ndan daha b\u00f6y\u00fckd\u00fcr. Betonun keyfiyy\u0259tinin, adekvat m\u00f6hk\u0259ml\u0259ndirilm\u0259sinin v\u0259 t\u0259l\u0259bl\u0259rinin hesablanmas\u0131 in\u015faat m\u00fch\u0259ndisi t\u0259r\u0259find\u0259n apar\u0131lmal\u0131d\u0131r. Plit\u0259nin m\u00f6hk\u0259ml\u0259ndirici strukturunu qoyun v\u0259 beton t\u00f6k\u00fcn. Betonun bir ne\u00e7\u0259 g\u00fcn yeti\u015fm\u0259sin\u0259 icaz\u0259 verin. Beton \u00fcz\u0259n d\u00f6\u015f\u0259m\u0259ni yuxar\u0131 qald\u0131rmaq \u00fc\u00e7\u00fcn m\u00fcvafiq di\u015fi alt\u0131bucaql\u0131 \u0259l il\u0259 idar\u0259 olunan rozetkadan istifad\u0259 ed\u0259r\u0259k h\u00fcnd\u00fcrl\u00fck mexanizmini saat \u0259qr\u0259bi istiqam\u0259tind\u0259 f\u0131rlanan rezin dayaqlar\u0131 t\u0259dric\u0259n y\u00fckl\u0259yin v\u0259 vahid formada saxlay\u0131n. Laz\u0131m g\u0259l\u0259rs\u0259, qapaq kran\u0131 qoyun.","og_url":"https:\/\/climatemaster.ge\/az\/product\/vibro-jr-jack-up-rubber-mount-for-concrete-floating-floors\/","og_site_name":"Climate Master","article_modified_time":"2025-02-25T20:24:27+00:00","og_image":[{"width":600,"height":600,"url":"https:\/\/climatemaster.ge\/wp-content\/uploads\/2025\/02\/JUF.jpg","type":"image\/jpeg"}],"twitter_card":"summary_large_image","schema":{"@context":"https:\/\/schema.org","@graph":[{"@type":"WebPage","@id":"https:\/\/climatemaster.ge\/az\/product\/vibro-jr-jack-up-rubber-mount-for-concrete-floating-floors\/","url":"https:\/\/climatemaster.ge\/az\/product\/vibro-jr-jack-up-rubber-mount-for-concrete-floating-floors\/","name":"Vibro-JR: Beton \u00dcz\u0259n D\u00f6\u015f\u0259m\u0259l\u0259r \u00fc\u00e7\u00fcn Da\u015f\u0131y\u0131c\u0131 Rezin Montaj - Climate Master","isPartOf":{"@id":"https:\/\/climatemaster.ge\/#website"},"primaryImageOfPage":{"@id":"https:\/\/climatemaster.ge\/az\/product\/vibro-jr-jack-up-rubber-mount-for-concrete-floating-floors\/#primaryimage"},"image":{"@id":"https:\/\/climatemaster.ge\/az\/product\/vibro-jr-jack-up-rubber-mount-for-concrete-floating-floors\/#primaryimage"},"thumbnailUrl":"https:\/\/climatemaster.ge\/wp-content\/uploads\/2025\/02\/JUF.jpg","datePublished":"2025-02-07T17:10:27+00:00","dateModified":"2025-02-25T20:24:27+00:00","breadcrumb":{"@id":"https:\/\/climatemaster.ge\/az\/product\/vibro-jr-jack-up-rubber-mount-for-concrete-floating-floors\/#breadcrumb"},"inLanguage":"az","potentialAction":[{"@type":"ReadAction","target":["https:\/\/climatemaster.ge\/az\/product\/vibro-jr-jack-up-rubber-mount-for-concrete-floating-floors\/"]}]},{"@type":"ImageObject","inLanguage":"az","@id":"https:\/\/climatemaster.ge\/az\/product\/vibro-jr-jack-up-rubber-mount-for-concrete-floating-floors\/#primaryimage","url":"https:\/\/climatemaster.ge\/wp-content\/uploads\/2025\/02\/JUF.jpg","contentUrl":"https:\/\/climatemaster.ge\/wp-content\/uploads\/2025\/02\/JUF.jpg","width":600,"height":600},{"@type":"BreadcrumbList","@id":"https:\/\/climatemaster.ge\/az\/product\/vibro-jr-jack-up-rubber-mount-for-concrete-floating-floors\/#breadcrumb","itemListElement":[{"@type":"ListItem","position":1,"name":"Home","item":"https:\/\/climatemaster.ge\/"},{"@type":"ListItem","position":2,"name":"M\u0259hsullar","item":"https:\/\/climatemaster.ge\/products\/"},{"@type":"ListItem","position":3,"name":"Vibro-JR: Beton \u00dcz\u0259n D\u00f6\u015f\u0259m\u0259l\u0259r \u00fc\u00e7\u00fcn Da\u015f\u0131y\u0131c\u0131 Rezin Montaj"}]},{"@type":"WebSite","@id":"https:\/\/climatemaster.ge\/#website","url":"https:\/\/climatemaster.ge\/","name":"Climate Master","description":"","publisher":{"@id":"https:\/\/climatemaster.ge\/#organization"},"potentialAction":[{"@type":"SearchAction","target":{"@type":"EntryPoint","urlTemplate":"https:\/\/climatemaster.ge\/?s={search_term_string}"},"query-input":{"@type":"PropertyValueSpecification","valueRequired":true,"valueName":"search_term_string"}}],"inLanguage":"az"},{"@type":"Organization","@id":"https:\/\/climatemaster.ge\/#organization","name":"Climate Master","url":"https:\/\/climatemaster.ge\/","logo":{"@type":"ImageObject","inLanguage":"az","@id":"https:\/\/climatemaster.ge\/#\/schema\/logo\/image\/","url":"https:\/\/climatemaster.ge\/wp-content\/uploads\/2026\/03\/Untitled-2.png","contentUrl":"https:\/\/climatemaster.ge\/wp-content\/uploads\/2026\/03\/Untitled-2.png","width":600,"height":338,"caption":"Climate Master"},"image":{"@id":"https:\/\/climatemaster.ge\/#\/schema\/logo\/image\/"}}]}},"_links":{"self":[{"href":"https:\/\/climatemaster.ge\/az\/wp-json\/wp\/v2\/product\/23671","targetHints":{"allow":["GET"]}}],"collection":[{"href":"https:\/\/climatemaster.ge\/az\/wp-json\/wp\/v2\/product"}],"about":[{"href":"https:\/\/climatemaster.ge\/az\/wp-json\/wp\/v2\/types\/product"}],"wp:featuredmedia":[{"embeddable":true,"href":"https:\/\/climatemaster.ge\/az\/wp-json\/wp\/v2\/media\/22493"}],"wp:attachment":[{"href":"https:\/\/climatemaster.ge\/az\/wp-json\/wp\/v2\/media?parent=23671"}],"wp:term":[{"taxonomy":"product_brand","embeddable":true,"href":"https:\/\/climatemaster.ge\/az\/wp-json\/wp\/v2\/product_brand?post=23671"},{"taxonomy":"product_cat","embeddable":true,"href":"https:\/\/climatemaster.ge\/az\/wp-json\/wp\/v2\/product_cat?post=23671"},{"taxonomy":"product_tag","embeddable":true,"href":"https:\/\/climatemaster.ge\/az\/wp-json\/wp\/v2\/product_tag?post=23671"}],"curies":[{"name":"wp","href":"https:\/\/api.w.org\/{rel}","templated":true}]}}