{"id":23664,"date":"2025-02-07T21:22:16","date_gmt":"2025-02-07T17:22:16","guid":{"rendered":"https:\/\/airsystems.ge\/shop\/product\/vibro-sc-anti-vibration-wall-connector\/"},"modified":"2025-02-26T00:24:27","modified_gmt":"2025-02-25T20:24:27","slug":"vibro-sc-anti-vibration-wall-connector","status":"publish","type":"product","link":"https:\/\/climatemaster.ge\/az\/product\/vibro-sc-anti-vibration-wall-connector\/","title":{"rendered":"Vibro SC: Anti-vibrasiya divar birl\u0259\u015fdiricisi"},"content":{"rendered":"<p><img loading=\"lazy\" decoding=\"async\" class=\"alignleft wp-image-4920\" src=\"https:\/\/antivibration-systems.com\/wp-content\/uploads\/2013\/08\/Vibro-SC-Selection-Table.png\" sizes=\"auto, (max-width: 516px) 100vw, 516px\" srcset=\"https:\/\/antivibration-systems.com\/wp-content\/uploads\/2013\/08\/Vibro-SC-Selection-Table.png 516w, https:\/\/antivibration-systems.com\/wp-content\/uploads\/2013\/08\/Vibro-SC-Selection-Table-300x87.png 300w\" alt=\"Vibro-SC Selection Table\" width=\"516\" height=\"149\" \/><\/p>\n<p>&nbsp;<\/p>\n<p>&nbsp;<\/p>\n<p>&nbsp;<\/p>\n<p>&nbsp;<\/p>\n<p>&nbsp;<\/p>\n<div class=\"border_grid photo_gallery \" data-rt-animate=\"animate\" data-rt-animation-type=\"fadeInDown\">\n<div class=\"row fixed_heights\">\n<div class=\"col col-sm-3 col-xs-12 \">\n<div><img decoding=\"async\" class=\"img-responsive\" src=\"https:\/\/antivibration-systems.com\/wp-content\/uploads\/2013\/08\/Anti-vibration-wall-brace2-512x640.jpg\" alt=\"Anti-vibration wall brace2\" \/><\/div>\n<\/div>\n<\/div>\n<\/div>\n","protected":false},"excerpt":{"rendered":"<p>Divar konstruksiyalar\u0131nda \u00fcf\u00fcqi vibrasiya \u00f6t\u00fcr\u00fclm\u0259sinin v\u0259 s\u0259s k\u00f6rp\u00fcl\u0259rinin qar\u015f\u0131s\u0131n\u0131 alan vibrasiya \u0259leyhin\u0259 divar daya\u011f\u0131.<\/p>\n<p>T\u018fSV\u0130R\u0130<\/p>\n<p>Vibro-SC a\u015fa\u011f\u0131 profilli, vibrasiyaya qar\u015f\u0131 divar ba\u011flay\u0131c\u0131s\u0131d\u0131r, uzun v\u0259 h\u00fcnd\u00fcr al\u00e7\u0131pan divarlar\u0131na struktur b\u00fct\u00f6vl\u00fcy\u00fcn\u00fc \u0259lav\u0259 etm\u0259k \u00fc\u00e7\u00fcn istifad\u0259 olunur, vibrasiyaya qar\u015f\u0131 yast\u0131qlar\u0131n \u00fcst\u00fcn\u0259 qura\u015fd\u0131r\u0131l\u0131r v\u0259 ya \u00fcz\u0259n unlar \u00fcz\u0259rind\u0259 d\u0259st\u0259kl\u0259nir.<br \/>\nVibrasiya izolyasiya m\u0259hsullar\u0131 il\u0259 \u00fcz\u0259n divarlar tez-tez musiqi studiyalar\u0131nda, ev kinoteatrlar\u0131nda v\u0259 \u00fcmumi akustik c\u0259h\u0259td\u0259n h\u0259ssas yerl\u0259rd\u0259 istifad\u0259 olunur. \u00dcz\u0259n divar tikintisind\u0259, m\u0259kan\u0131n divarlar\u0131n\u0131n binan\u0131n struktur elementl\u0259rind\u0259n t\u0259crid olunmas\u0131 vacibdir.<\/p>\n<p>Vibro-SC, izolyasiya edilmi\u015f divar v\u0259 \u0259sas bina strukturu aras\u0131nda bo\u015fluq m\u0259hdud olduqda istifad\u0259 olunan divar m\u00f6t\u0259riz\u0259l\u0259ridir. Vibro-SC akustik y\u0131r\u011falanma braketinin eni c\u0259mi 40 mm-dir, ona g\u00f6r\u0259 d\u0259 \u0259ks\u0259r bo\u015fluqlara qura\u015fd\u0131r\u0131la bil\u0259r.<br \/>\nO, vibrasiya \u00f6t\u00fcr\u00fclm\u0259si v\u0259 s\u0259s k\u00f6rp\u00fcl\u0259rinin qar\u015f\u0131s\u0131n\u0131 alaraq akustik c\u0259h\u0259td\u0259n h\u0259ssas m\u0259kan\u0131 tam t\u0259crid etm\u0259y\u0259 k\u00f6m\u0259k edir.<br \/>\nDivar s\u0131x\u0131lma v\u0259 k\u0259sm\u0259 q\u00fcvv\u0259l\u0259rini saxlamaq \u00fc\u00e7\u00fcn yanal d\u0259st\u0259k t\u0259l\u0259b ed\u0259rs\u0259, vibrasiya \u0259leyhin\u0259 divar m\u00f6t\u0259riz\u0259l\u0259ri t\u0259l\u0259b olunacaq.<\/p>\n<p>X\u00dcSUS\u0130YY\u018fTL\u018fR\u0130<\/p>\n<p>Vibro-SC vibrasiya \u0259leyhin\u0259 divar ba\u011flay\u0131c\u0131lar\u0131 uy\u011fun m\u00f6hk\u0259ml\u0259ndirilmi\u015f v\u0259 modulla\u015fd\u0131r\u0131lm\u0131\u015f iki sinkl\u0259nmi\u015f metal \u00e7\u0259r\u00e7iv\u0259d\u0259n ibar\u0259tdir. S\u0259s k\u00f6rp\u00fcl\u0259rini aradan qald\u0131rmaq v\u0259 arzuolunmaz e\u015fidil\u0259n tezlikl\u0259rin ke\u00e7m\u0259sinin qar\u015f\u0131s\u0131n\u0131 almaq \u00fc\u00e7\u00fcn metal \u00e7\u0259r\u00e7iv\u0259l\u0259rin aras\u0131na k\u00f6p\u00fck kau\u00e7uk elementi qoyulur.<br \/>\nDivar dayaqlar\u0131 \u015faquli d\u0259st\u0259k \u00fc\u00e7\u00fcn istifad\u0259 edilm\u0259m\u0259lidir.<\/p>\n","protected":false},"featured_media":22511,"template":"","meta":[],"product_brand":[],"product_cat":[927],"product_tag":[],"class_list":{"0":"post-23664","1":"product","2":"type-product","3":"status-publish","4":"has-post-thumbnail","6":"product_cat-vibrasiya-anti-ss-kuy-akustik-az","8":"first","9":"instock","10":"shipping-taxable","11":"product-type-simple"},"yoast_head":"<!-- This site is optimized with the Yoast SEO plugin v27.1.1 - https:\/\/yoast.com\/product\/yoast-seo-wordpress\/ -->\n<title>Vibro SC: Anti-vibrasiya divar birl\u0259\u015fdiricisi - Climate Master<\/title>\n<meta name=\"robots\" content=\"index, follow, max-snippet:-1, max-image-preview:large, max-video-preview:-1\" \/>\n<link rel=\"canonical\" href=\"https:\/\/climatemaster.ge\/az\/product\/vibro-sc-anti-vibration-wall-connector\/\" \/>\n<meta property=\"og:locale\" content=\"az_AZ\" \/>\n<meta property=\"og:type\" content=\"article\" \/>\n<meta property=\"og:title\" content=\"Vibro SC: Anti-vibrasiya divar birl\u0259\u015fdiricisi - Climate Master\" \/>\n<meta property=\"og:description\" content=\"Divar konstruksiyalar\u0131nda \u00fcf\u00fcqi vibrasiya \u00f6t\u00fcr\u00fclm\u0259sinin v\u0259 s\u0259s k\u00f6rp\u00fcl\u0259rinin qar\u015f\u0131s\u0131n\u0131 alan vibrasiya \u0259leyhin\u0259 divar daya\u011f\u0131.  T\u018fSV\u0130R\u0130  Vibro-SC a\u015fa\u011f\u0131 profilli, vibrasiyaya qar\u015f\u0131 divar ba\u011flay\u0131c\u0131s\u0131d\u0131r, uzun v\u0259 h\u00fcnd\u00fcr al\u00e7\u0131pan divarlar\u0131na struktur b\u00fct\u00f6vl\u00fcy\u00fcn\u00fc \u0259lav\u0259 etm\u0259k \u00fc\u00e7\u00fcn istifad\u0259 olunur, vibrasiyaya qar\u015f\u0131 yast\u0131qlar\u0131n \u00fcst\u00fcn\u0259 qura\u015fd\u0131r\u0131l\u0131r v\u0259 ya \u00fcz\u0259n unlar \u00fcz\u0259rind\u0259 d\u0259st\u0259kl\u0259nir. Vibrasiya izolyasiya m\u0259hsullar\u0131 il\u0259 \u00fcz\u0259n divarlar tez-tez musiqi studiyalar\u0131nda, ev kinoteatrlar\u0131nda v\u0259 \u00fcmumi akustik c\u0259h\u0259td\u0259n h\u0259ssas yerl\u0259rd\u0259 istifad\u0259 olunur. \u00dcz\u0259n divar tikintisind\u0259, m\u0259kan\u0131n divarlar\u0131n\u0131n binan\u0131n struktur elementl\u0259rind\u0259n t\u0259crid olunmas\u0131 vacibdir.  Vibro-SC, izolyasiya edilmi\u015f divar v\u0259 \u0259sas bina strukturu aras\u0131nda bo\u015fluq m\u0259hdud olduqda istifad\u0259 olunan divar m\u00f6t\u0259riz\u0259l\u0259ridir. Vibro-SC akustik y\u0131r\u011falanma braketinin eni c\u0259mi 40 mm-dir, ona g\u00f6r\u0259 d\u0259 \u0259ks\u0259r bo\u015fluqlara qura\u015fd\u0131r\u0131la bil\u0259r. O, vibrasiya \u00f6t\u00fcr\u00fclm\u0259si v\u0259 s\u0259s k\u00f6rp\u00fcl\u0259rinin qar\u015f\u0131s\u0131n\u0131 alaraq akustik c\u0259h\u0259td\u0259n h\u0259ssas m\u0259kan\u0131 tam t\u0259crid etm\u0259y\u0259 k\u00f6m\u0259k edir. Divar s\u0131x\u0131lma v\u0259 k\u0259sm\u0259 q\u00fcvv\u0259l\u0259rini saxlamaq \u00fc\u00e7\u00fcn yanal d\u0259st\u0259k t\u0259l\u0259b ed\u0259rs\u0259, vibrasiya \u0259leyhin\u0259 divar m\u00f6t\u0259riz\u0259l\u0259ri t\u0259l\u0259b olunacaq.  X\u00dcSUS\u0130YY\u018fTL\u018fR\u0130  Vibro-SC vibrasiya \u0259leyhin\u0259 divar ba\u011flay\u0131c\u0131lar\u0131 uy\u011fun m\u00f6hk\u0259ml\u0259ndirilmi\u015f v\u0259 modulla\u015fd\u0131r\u0131lm\u0131\u015f iki sinkl\u0259nmi\u015f metal \u00e7\u0259r\u00e7iv\u0259d\u0259n ibar\u0259tdir. S\u0259s k\u00f6rp\u00fcl\u0259rini aradan qald\u0131rmaq v\u0259 arzuolunmaz e\u015fidil\u0259n tezlikl\u0259rin ke\u00e7m\u0259sinin qar\u015f\u0131s\u0131n\u0131 almaq \u00fc\u00e7\u00fcn metal \u00e7\u0259r\u00e7iv\u0259l\u0259rin aras\u0131na k\u00f6p\u00fck kau\u00e7uk elementi qoyulur. Divar dayaqlar\u0131 \u015faquli d\u0259st\u0259k \u00fc\u00e7\u00fcn istifad\u0259 edilm\u0259m\u0259lidir.\" \/>\n<meta property=\"og:url\" content=\"https:\/\/climatemaster.ge\/az\/product\/vibro-sc-anti-vibration-wall-connector\/\" \/>\n<meta property=\"og:site_name\" content=\"Climate Master\" \/>\n<meta property=\"article:modified_time\" content=\"2025-02-25T20:24:27+00:00\" \/>\n<meta property=\"og:image\" content=\"https:\/\/climatemaster.ge\/wp-content\/uploads\/2025\/02\/render2.png\" \/>\n\t<meta property=\"og:image:width\" content=\"379\" \/>\n\t<meta property=\"og:image:height\" content=\"428\" \/>\n\t<meta property=\"og:image:type\" content=\"image\/png\" \/>\n<meta name=\"twitter:card\" content=\"summary_large_image\" \/>\n<script type=\"application\/ld+json\" class=\"yoast-schema-graph\">{\"@context\":\"https:\/\/schema.org\",\"@graph\":[{\"@type\":\"WebPage\",\"@id\":\"https:\/\/climatemaster.ge\/az\/product\/vibro-sc-anti-vibration-wall-connector\/\",\"url\":\"https:\/\/climatemaster.ge\/az\/product\/vibro-sc-anti-vibration-wall-connector\/\",\"name\":\"Vibro SC: Anti-vibrasiya divar birl\u0259\u015fdiricisi - Climate Master\",\"isPartOf\":{\"@id\":\"https:\/\/climatemaster.ge\/#website\"},\"primaryImageOfPage\":{\"@id\":\"https:\/\/climatemaster.ge\/az\/product\/vibro-sc-anti-vibration-wall-connector\/#primaryimage\"},\"image\":{\"@id\":\"https:\/\/climatemaster.ge\/az\/product\/vibro-sc-anti-vibration-wall-connector\/#primaryimage\"},\"thumbnailUrl\":\"https:\/\/climatemaster.ge\/wp-content\/uploads\/2025\/02\/render2.png\",\"datePublished\":\"2025-02-07T17:22:16+00:00\",\"dateModified\":\"2025-02-25T20:24:27+00:00\",\"breadcrumb\":{\"@id\":\"https:\/\/climatemaster.ge\/az\/product\/vibro-sc-anti-vibration-wall-connector\/#breadcrumb\"},\"inLanguage\":\"az\",\"potentialAction\":[{\"@type\":\"ReadAction\",\"target\":[\"https:\/\/climatemaster.ge\/az\/product\/vibro-sc-anti-vibration-wall-connector\/\"]}]},{\"@type\":\"ImageObject\",\"inLanguage\":\"az\",\"@id\":\"https:\/\/climatemaster.ge\/az\/product\/vibro-sc-anti-vibration-wall-connector\/#primaryimage\",\"url\":\"https:\/\/climatemaster.ge\/wp-content\/uploads\/2025\/02\/render2.png\",\"contentUrl\":\"https:\/\/climatemaster.ge\/wp-content\/uploads\/2025\/02\/render2.png\",\"width\":379,\"height\":428},{\"@type\":\"BreadcrumbList\",\"@id\":\"https:\/\/climatemaster.ge\/az\/product\/vibro-sc-anti-vibration-wall-connector\/#breadcrumb\",\"itemListElement\":[{\"@type\":\"ListItem\",\"position\":1,\"name\":\"Home\",\"item\":\"https:\/\/climatemaster.ge\/\"},{\"@type\":\"ListItem\",\"position\":2,\"name\":\"M\u0259hsullar\",\"item\":\"https:\/\/climatemaster.ge\/products\/\"},{\"@type\":\"ListItem\",\"position\":3,\"name\":\"Vibro SC: Anti-vibrasiya divar birl\u0259\u015fdiricisi\"}]},{\"@type\":\"WebSite\",\"@id\":\"https:\/\/climatemaster.ge\/#website\",\"url\":\"https:\/\/climatemaster.ge\/\",\"name\":\"Climate Master\",\"description\":\"\",\"publisher\":{\"@id\":\"https:\/\/climatemaster.ge\/#organization\"},\"potentialAction\":[{\"@type\":\"SearchAction\",\"target\":{\"@type\":\"EntryPoint\",\"urlTemplate\":\"https:\/\/climatemaster.ge\/?s={search_term_string}\"},\"query-input\":{\"@type\":\"PropertyValueSpecification\",\"valueRequired\":true,\"valueName\":\"search_term_string\"}}],\"inLanguage\":\"az\"},{\"@type\":\"Organization\",\"@id\":\"https:\/\/climatemaster.ge\/#organization\",\"name\":\"Climate Master\",\"url\":\"https:\/\/climatemaster.ge\/\",\"logo\":{\"@type\":\"ImageObject\",\"inLanguage\":\"az\",\"@id\":\"https:\/\/climatemaster.ge\/#\/schema\/logo\/image\/\",\"url\":\"https:\/\/climatemaster.ge\/wp-content\/uploads\/2026\/03\/Untitled-2.png\",\"contentUrl\":\"https:\/\/climatemaster.ge\/wp-content\/uploads\/2026\/03\/Untitled-2.png\",\"width\":600,\"height\":338,\"caption\":\"Climate Master\"},\"image\":{\"@id\":\"https:\/\/climatemaster.ge\/#\/schema\/logo\/image\/\"}}]}<\/script>\n<!-- \/ Yoast SEO plugin. -->","yoast_head_json":{"title":"Vibro SC: Anti-vibrasiya divar birl\u0259\u015fdiricisi - Climate Master","robots":{"index":"index","follow":"follow","max-snippet":"max-snippet:-1","max-image-preview":"max-image-preview:large","max-video-preview":"max-video-preview:-1"},"canonical":"https:\/\/climatemaster.ge\/az\/product\/vibro-sc-anti-vibration-wall-connector\/","og_locale":"az_AZ","og_type":"article","og_title":"Vibro SC: Anti-vibrasiya divar birl\u0259\u015fdiricisi - Climate Master","og_description":"Divar konstruksiyalar\u0131nda \u00fcf\u00fcqi vibrasiya \u00f6t\u00fcr\u00fclm\u0259sinin v\u0259 s\u0259s k\u00f6rp\u00fcl\u0259rinin qar\u015f\u0131s\u0131n\u0131 alan vibrasiya \u0259leyhin\u0259 divar daya\u011f\u0131.  T\u018fSV\u0130R\u0130  Vibro-SC a\u015fa\u011f\u0131 profilli, vibrasiyaya qar\u015f\u0131 divar ba\u011flay\u0131c\u0131s\u0131d\u0131r, uzun v\u0259 h\u00fcnd\u00fcr al\u00e7\u0131pan divarlar\u0131na struktur b\u00fct\u00f6vl\u00fcy\u00fcn\u00fc \u0259lav\u0259 etm\u0259k \u00fc\u00e7\u00fcn istifad\u0259 olunur, vibrasiyaya qar\u015f\u0131 yast\u0131qlar\u0131n \u00fcst\u00fcn\u0259 qura\u015fd\u0131r\u0131l\u0131r v\u0259 ya \u00fcz\u0259n unlar \u00fcz\u0259rind\u0259 d\u0259st\u0259kl\u0259nir. Vibrasiya izolyasiya m\u0259hsullar\u0131 il\u0259 \u00fcz\u0259n divarlar tez-tez musiqi studiyalar\u0131nda, ev kinoteatrlar\u0131nda v\u0259 \u00fcmumi akustik c\u0259h\u0259td\u0259n h\u0259ssas yerl\u0259rd\u0259 istifad\u0259 olunur. \u00dcz\u0259n divar tikintisind\u0259, m\u0259kan\u0131n divarlar\u0131n\u0131n binan\u0131n struktur elementl\u0259rind\u0259n t\u0259crid olunmas\u0131 vacibdir.  Vibro-SC, izolyasiya edilmi\u015f divar v\u0259 \u0259sas bina strukturu aras\u0131nda bo\u015fluq m\u0259hdud olduqda istifad\u0259 olunan divar m\u00f6t\u0259riz\u0259l\u0259ridir. Vibro-SC akustik y\u0131r\u011falanma braketinin eni c\u0259mi 40 mm-dir, ona g\u00f6r\u0259 d\u0259 \u0259ks\u0259r bo\u015fluqlara qura\u015fd\u0131r\u0131la bil\u0259r. O, vibrasiya \u00f6t\u00fcr\u00fclm\u0259si v\u0259 s\u0259s k\u00f6rp\u00fcl\u0259rinin qar\u015f\u0131s\u0131n\u0131 alaraq akustik c\u0259h\u0259td\u0259n h\u0259ssas m\u0259kan\u0131 tam t\u0259crid etm\u0259y\u0259 k\u00f6m\u0259k edir. Divar s\u0131x\u0131lma v\u0259 k\u0259sm\u0259 q\u00fcvv\u0259l\u0259rini saxlamaq \u00fc\u00e7\u00fcn yanal d\u0259st\u0259k t\u0259l\u0259b ed\u0259rs\u0259, vibrasiya \u0259leyhin\u0259 divar m\u00f6t\u0259riz\u0259l\u0259ri t\u0259l\u0259b olunacaq.  X\u00dcSUS\u0130YY\u018fTL\u018fR\u0130  Vibro-SC vibrasiya \u0259leyhin\u0259 divar ba\u011flay\u0131c\u0131lar\u0131 uy\u011fun m\u00f6hk\u0259ml\u0259ndirilmi\u015f v\u0259 modulla\u015fd\u0131r\u0131lm\u0131\u015f iki sinkl\u0259nmi\u015f metal \u00e7\u0259r\u00e7iv\u0259d\u0259n ibar\u0259tdir. S\u0259s k\u00f6rp\u00fcl\u0259rini aradan qald\u0131rmaq v\u0259 arzuolunmaz e\u015fidil\u0259n tezlikl\u0259rin ke\u00e7m\u0259sinin qar\u015f\u0131s\u0131n\u0131 almaq \u00fc\u00e7\u00fcn metal \u00e7\u0259r\u00e7iv\u0259l\u0259rin aras\u0131na k\u00f6p\u00fck kau\u00e7uk elementi qoyulur. Divar dayaqlar\u0131 \u015faquli d\u0259st\u0259k \u00fc\u00e7\u00fcn istifad\u0259 edilm\u0259m\u0259lidir.","og_url":"https:\/\/climatemaster.ge\/az\/product\/vibro-sc-anti-vibration-wall-connector\/","og_site_name":"Climate Master","article_modified_time":"2025-02-25T20:24:27+00:00","og_image":[{"width":379,"height":428,"url":"https:\/\/climatemaster.ge\/wp-content\/uploads\/2025\/02\/render2.png","type":"image\/png"}],"twitter_card":"summary_large_image","schema":{"@context":"https:\/\/schema.org","@graph":[{"@type":"WebPage","@id":"https:\/\/climatemaster.ge\/az\/product\/vibro-sc-anti-vibration-wall-connector\/","url":"https:\/\/climatemaster.ge\/az\/product\/vibro-sc-anti-vibration-wall-connector\/","name":"Vibro SC: Anti-vibrasiya divar birl\u0259\u015fdiricisi - Climate Master","isPartOf":{"@id":"https:\/\/climatemaster.ge\/#website"},"primaryImageOfPage":{"@id":"https:\/\/climatemaster.ge\/az\/product\/vibro-sc-anti-vibration-wall-connector\/#primaryimage"},"image":{"@id":"https:\/\/climatemaster.ge\/az\/product\/vibro-sc-anti-vibration-wall-connector\/#primaryimage"},"thumbnailUrl":"https:\/\/climatemaster.ge\/wp-content\/uploads\/2025\/02\/render2.png","datePublished":"2025-02-07T17:22:16+00:00","dateModified":"2025-02-25T20:24:27+00:00","breadcrumb":{"@id":"https:\/\/climatemaster.ge\/az\/product\/vibro-sc-anti-vibration-wall-connector\/#breadcrumb"},"inLanguage":"az","potentialAction":[{"@type":"ReadAction","target":["https:\/\/climatemaster.ge\/az\/product\/vibro-sc-anti-vibration-wall-connector\/"]}]},{"@type":"ImageObject","inLanguage":"az","@id":"https:\/\/climatemaster.ge\/az\/product\/vibro-sc-anti-vibration-wall-connector\/#primaryimage","url":"https:\/\/climatemaster.ge\/wp-content\/uploads\/2025\/02\/render2.png","contentUrl":"https:\/\/climatemaster.ge\/wp-content\/uploads\/2025\/02\/render2.png","width":379,"height":428},{"@type":"BreadcrumbList","@id":"https:\/\/climatemaster.ge\/az\/product\/vibro-sc-anti-vibration-wall-connector\/#breadcrumb","itemListElement":[{"@type":"ListItem","position":1,"name":"Home","item":"https:\/\/climatemaster.ge\/"},{"@type":"ListItem","position":2,"name":"M\u0259hsullar","item":"https:\/\/climatemaster.ge\/products\/"},{"@type":"ListItem","position":3,"name":"Vibro SC: Anti-vibrasiya divar birl\u0259\u015fdiricisi"}]},{"@type":"WebSite","@id":"https:\/\/climatemaster.ge\/#website","url":"https:\/\/climatemaster.ge\/","name":"Climate Master","description":"","publisher":{"@id":"https:\/\/climatemaster.ge\/#organization"},"potentialAction":[{"@type":"SearchAction","target":{"@type":"EntryPoint","urlTemplate":"https:\/\/climatemaster.ge\/?s={search_term_string}"},"query-input":{"@type":"PropertyValueSpecification","valueRequired":true,"valueName":"search_term_string"}}],"inLanguage":"az"},{"@type":"Organization","@id":"https:\/\/climatemaster.ge\/#organization","name":"Climate Master","url":"https:\/\/climatemaster.ge\/","logo":{"@type":"ImageObject","inLanguage":"az","@id":"https:\/\/climatemaster.ge\/#\/schema\/logo\/image\/","url":"https:\/\/climatemaster.ge\/wp-content\/uploads\/2026\/03\/Untitled-2.png","contentUrl":"https:\/\/climatemaster.ge\/wp-content\/uploads\/2026\/03\/Untitled-2.png","width":600,"height":338,"caption":"Climate Master"},"image":{"@id":"https:\/\/climatemaster.ge\/#\/schema\/logo\/image\/"}}]}},"_links":{"self":[{"href":"https:\/\/climatemaster.ge\/az\/wp-json\/wp\/v2\/product\/23664","targetHints":{"allow":["GET"]}}],"collection":[{"href":"https:\/\/climatemaster.ge\/az\/wp-json\/wp\/v2\/product"}],"about":[{"href":"https:\/\/climatemaster.ge\/az\/wp-json\/wp\/v2\/types\/product"}],"wp:featuredmedia":[{"embeddable":true,"href":"https:\/\/climatemaster.ge\/az\/wp-json\/wp\/v2\/media\/22511"}],"wp:attachment":[{"href":"https:\/\/climatemaster.ge\/az\/wp-json\/wp\/v2\/media?parent=23664"}],"wp:term":[{"taxonomy":"product_brand","embeddable":true,"href":"https:\/\/climatemaster.ge\/az\/wp-json\/wp\/v2\/product_brand?post=23664"},{"taxonomy":"product_cat","embeddable":true,"href":"https:\/\/climatemaster.ge\/az\/wp-json\/wp\/v2\/product_cat?post=23664"},{"taxonomy":"product_tag","embeddable":true,"href":"https:\/\/climatemaster.ge\/az\/wp-json\/wp\/v2\/product_tag?post=23664"}],"curies":[{"name":"wp","href":"https:\/\/api.w.org\/{rel}","templated":true}]}}