{"id":23632,"date":"2025-02-07T22:44:56","date_gmt":"2025-02-07T18:44:56","guid":{"rendered":"https:\/\/airsystems.ge\/shop\/product\/vibro-3d-wm\/"},"modified":"2025-02-23T16:32:33","modified_gmt":"2025-02-23T12:32:33","slug":"vibro-3d-wm","status":"publish","type":"product","link":"https:\/\/climatemaster.ge\/az\/product\/vibro-3d-wm\/","title":{"rendered":"Vibro-3D.wm"},"content":{"rendered":"<p><a class=\"swipebox\" title=\"selection table 3d\" href=\"https:\/\/antivibration-systems.com\/wp-content\/uploads\/2017\/10\/selection-table-3d.jpg\" data-rel=\"lightbox-gallery-bGlnaHRib3gtZ2FsbGVyeS0w\" data-rl_title=\"selection table 3d\" data-rl_caption=\"\"><img loading=\"lazy\" decoding=\"async\" class=\"alignnone size-full wp-image-4824\" src=\"https:\/\/antivibration-systems.com\/wp-content\/uploads\/2017\/10\/selection-table-3d.jpg\" sizes=\"auto, (max-width: 465px) 100vw, 465px\" srcset=\"https:\/\/antivibration-systems.com\/wp-content\/uploads\/2017\/10\/selection-table-3d.jpg 465w, https:\/\/antivibration-systems.com\/wp-content\/uploads\/2017\/10\/selection-table-3d-300x105.jpg 300w\" alt=\"selection table 3d\" width=\"465\" height=\"163\" \/><\/a><br \/>\n<strong><br \/>\n<\/strong><\/p>\n<p><strong>\u018fm\u0259liyyat X\u00fcsusiyy\u0259tl\u0259ri<\/strong><br \/>\nDamping nisb\u0259ti: 15-20 %<br \/>\nTemperatur diapazonu: -70 \u00b0C il\u0259 +200 \u00b0C<br \/>\nT\u0259bii tezlik: 15-20 Hz<\/p>\n<p><strong>\u00a0<\/strong><\/p>\n","protected":false},"excerpt":{"rendered":"<p>Yeni Vibro-3D.wm h\u0259r istiqam\u0259td\u0259 vibrasiya n\u0259zar\u0259tini t\u0259klif ed\u0259 bil\u0259n vibrasiya \u0259leyhin\u0259 qur\u011fudur. Bu, \u015fok uducu v\u0259 vibrasiya izolyasiyas\u0131 \u00fc\u00e7\u00fcn ideal h\u0259ll yolu ola bil\u0259r.<\/p>\n<p><img loading=\"lazy\" decoding=\"async\" class=\"alignleft size-full wp-image-4821\" src=\"https:\/\/antivibration-systems.com\/wp-content\/uploads\/2017\/10\/capture-2-ed.jpg\" alt=\"capture 2 ed\" width=\"228\" height=\"134\" \/><\/p>\n<p>Yeni\u00a0Vibro-3D.wm\u00a0h\u0259r istiqam\u0259td\u0259 vibrasiya n\u0259zar\u0259tini t\u0259klif ed\u0259 bil\u0259n\u00a0m\u0259ftilli vibrasiya damperl\u0259ridir. Bu, \u015fok uducu v\u0259 vibrasiya-izolyasiya t\u0259tbiql\u0259ri \u00fc\u00e7\u00fcn ideal h\u0259ll ola bil\u0259r. Daxili trikotaj paslanmayan polad m\u0259ftil h\u00f6rg\u00fc m\u00f6hk\u0259m yast\u0131\u011fa \u00e7evrilir. \u018ftraf m\u00fchit \u015f\u0259raitinin adi rezin yast\u0131qlara z\u0259r\u0259r ver\u0259 bil\u0259c\u0259yi v\u0259 ya m\u0259hv ed\u0259 bil\u0259c\u0259yi h\u0259r yerd\u0259 istifad\u0259 edil\u0259 bil\u0259r.Vibro-3D.wm x\u00fcsusi olaraq h\u0259r \u00fc\u00e7 oxda (x, y, z) impulsiv y\u00fckl\u0259ri saxlamaq \u00fc\u00e7\u00fcn n\u0259z\u0259rd\u0259 tutulub. Ekstremal temperatur v\u0259 \u0259traf m\u00fchit \u015f\u0259raitind\u0259 t\u0259tbiql\u0259r \u00fc\u00e7\u00fcn t\u00f6vsiy\u0259 olunur.<\/p>\n<p>O, qaz turbinl\u0259ri, h\u0259rbi t\u0259tbiql\u0259r, d\u0259niz, avionika v\u0259 s. kimi mexaniki avadanl\u0131\u011f\u0131n vibrasiya izolyasiyas\u0131 \u00fc\u00e7\u00fcn n\u0259z\u0259rd\u0259 tutulmu\u015fdur. Bu m\u0259hsul minimum m\u0259hv t\u0259hl\u00fck\u0259si il\u0259 d\u0259niz t\u0259tbiql\u0259rind\u0259 i\u015fl\u0259nmi\u015f qaz borular\u0131nda asma \u00fc\u00e7\u00fcn istifad\u0259 edil\u0259 bil\u0259r. \u018flav\u0259 olaraq,\u00a0Vibro-3D.wm\u00a0 \u00e7\u0259tin m\u00fchitl\u0259rd\u0259 yax\u015f\u0131 performans g\u00f6st\u0259rdiyi \u00fc\u00e7\u00fcn h\u0259ssas avadanl\u0131qlara seysmik m\u00fcdafi\u0259 t\u0259klif ed\u0259 bil\u0259r. Onu da qeyd ed\u0259k ki, o, h\u0259m d\u0259 ya\u011flara, ya\u011flara, normal mayel\u0259r\u0259 v\u0259 toza qar\u015f\u0131 davaml\u0131d\u0131r v\u0259 n\u0259hay\u0259t, ya\u015flanmaya davaml\u0131, s\u00fcr\u00fcnm\u0259y\u0259n v\u0259 b\u0259rkidici elementdir.<\/p>\n<p>Tel \u00f6rg\u00fcl\u00fc vibrasiya damperl\u0259ri strukturdan qaynaqlanan s\u0259s-k\u00fcy\u00fcn azald\u0131lmas\u0131nda yeni texnologiya \u00fcsuludur v\u0259 daha \u0259n\u0259n\u0259vi rezin v\u0259 yay montaj\u0131 diapazonunda vibrasiya damperl\u0259ri \u00fc\u00e7\u00fcn alternativ t\u0259klif edir.<\/p>\n<p>Yan\u011f\u0131n v\u0259 z\u0259lz\u0259l\u0259l\u0259r\u0259 qar\u015f\u0131 qabaqc\u0131l reytinq t\u0259l\u0259b ed\u0259n m\u00fc\u0259yy\u0259n s\u0259naye sah\u0259l\u0259ri var. Tel \u00f6rg\u00fcl\u00fc vibrasiya damperl\u0259ri VIBRO m\u0259hsul \u00e7e\u015fidinin d\u0259niz, m\u00fcdafi\u0259 v\u0259 hava q\u00fcvv\u0259l\u0259ri kimi s\u0259naye sah\u0259l\u0259rind\u0259 t\u0259klif etdiyi uy\u011funlu\u011fu art\u0131r\u0131r.<\/p>\n","protected":false},"featured_media":22665,"template":"","meta":[],"product_brand":[],"product_cat":[804,927],"product_tag":[],"class_list":{"0":"post-23632","1":"product","2":"type-product","3":"status-publish","4":"has-post-thumbnail","6":"product_cat-akustika-ss-kuy-v-vibrasiyaya-nzart","7":"product_cat-vibrasiya-anti-ss-kuy-akustik-az","9":"first","10":"instock","11":"shipping-taxable","12":"product-type-simple"},"yoast_head":"<!-- This site is optimized with the Yoast SEO plugin v27.1.1 - https:\/\/yoast.com\/product\/yoast-seo-wordpress\/ -->\n<title>Vibro-3D.wm - Climate Master<\/title>\n<meta name=\"robots\" content=\"index, follow, max-snippet:-1, max-image-preview:large, max-video-preview:-1\" \/>\n<link rel=\"canonical\" href=\"https:\/\/climatemaster.ge\/product\/vibro-3d-wm\/\" \/>\n<meta property=\"og:locale\" content=\"az_AZ\" \/>\n<meta property=\"og:type\" content=\"article\" \/>\n<meta property=\"og:title\" content=\"Vibro-3D.wm - Climate Master\" \/>\n<meta property=\"og:description\" content=\"Yeni Vibro-3D.wm h\u0259r istiqam\u0259td\u0259 vibrasiya n\u0259zar\u0259tini t\u0259klif ed\u0259 bil\u0259n vibrasiya \u0259leyhin\u0259 qur\u011fudur. Bu, \u015fok uducu v\u0259 vibrasiya izolyasiyas\u0131 \u00fc\u00e7\u00fcn ideal h\u0259ll yolu ola bil\u0259r.    Yeni\u00a0Vibro-3D.wm\u00a0h\u0259r istiqam\u0259td\u0259 vibrasiya n\u0259zar\u0259tini t\u0259klif ed\u0259 bil\u0259n\u00a0m\u0259ftilli vibrasiya damperl\u0259ridir. Bu, \u015fok uducu v\u0259 vibrasiya-izolyasiya t\u0259tbiql\u0259ri \u00fc\u00e7\u00fcn ideal h\u0259ll ola bil\u0259r. Daxili trikotaj paslanmayan polad m\u0259ftil h\u00f6rg\u00fc m\u00f6hk\u0259m yast\u0131\u011fa \u00e7evrilir. \u018ftraf m\u00fchit \u015f\u0259raitinin adi rezin yast\u0131qlara z\u0259r\u0259r ver\u0259 bil\u0259c\u0259yi v\u0259 ya m\u0259hv ed\u0259 bil\u0259c\u0259yi h\u0259r yerd\u0259 istifad\u0259 edil\u0259 bil\u0259r.Vibro-3D.wm x\u00fcsusi olaraq h\u0259r \u00fc\u00e7 oxda (x, y, z) impulsiv y\u00fckl\u0259ri saxlamaq \u00fc\u00e7\u00fcn n\u0259z\u0259rd\u0259 tutulub. Ekstremal temperatur v\u0259 \u0259traf m\u00fchit \u015f\u0259raitind\u0259 t\u0259tbiql\u0259r \u00fc\u00e7\u00fcn t\u00f6vsiy\u0259 olunur.  O, qaz turbinl\u0259ri, h\u0259rbi t\u0259tbiql\u0259r, d\u0259niz, avionika v\u0259 s. kimi mexaniki avadanl\u0131\u011f\u0131n vibrasiya izolyasiyas\u0131 \u00fc\u00e7\u00fcn n\u0259z\u0259rd\u0259 tutulmu\u015fdur. Bu m\u0259hsul minimum m\u0259hv t\u0259hl\u00fck\u0259si il\u0259 d\u0259niz t\u0259tbiql\u0259rind\u0259 i\u015fl\u0259nmi\u015f qaz borular\u0131nda asma \u00fc\u00e7\u00fcn istifad\u0259 edil\u0259 bil\u0259r. \u018flav\u0259 olaraq,\u00a0Vibro-3D.wm\u00a0 \u00e7\u0259tin m\u00fchitl\u0259rd\u0259 yax\u015f\u0131 performans g\u00f6st\u0259rdiyi \u00fc\u00e7\u00fcn h\u0259ssas avadanl\u0131qlara seysmik m\u00fcdafi\u0259 t\u0259klif ed\u0259 bil\u0259r. Onu da qeyd ed\u0259k ki, o, h\u0259m d\u0259 ya\u011flara, ya\u011flara, normal mayel\u0259r\u0259 v\u0259 toza qar\u015f\u0131 davaml\u0131d\u0131r v\u0259 n\u0259hay\u0259t, ya\u015flanmaya davaml\u0131, s\u00fcr\u00fcnm\u0259y\u0259n v\u0259 b\u0259rkidici elementdir.  Tel \u00f6rg\u00fcl\u00fc vibrasiya damperl\u0259ri strukturdan qaynaqlanan s\u0259s-k\u00fcy\u00fcn azald\u0131lmas\u0131nda yeni texnologiya \u00fcsuludur v\u0259 daha \u0259n\u0259n\u0259vi rezin v\u0259 yay montaj\u0131 diapazonunda vibrasiya damperl\u0259ri \u00fc\u00e7\u00fcn alternativ t\u0259klif edir.  Yan\u011f\u0131n v\u0259 z\u0259lz\u0259l\u0259l\u0259r\u0259 qar\u015f\u0131 qabaqc\u0131l reytinq t\u0259l\u0259b ed\u0259n m\u00fc\u0259yy\u0259n s\u0259naye sah\u0259l\u0259ri var. Tel \u00f6rg\u00fcl\u00fc vibrasiya damperl\u0259ri VIBRO m\u0259hsul \u00e7e\u015fidinin d\u0259niz, m\u00fcdafi\u0259 v\u0259 hava q\u00fcvv\u0259l\u0259ri kimi s\u0259naye sah\u0259l\u0259rind\u0259 t\u0259klif etdiyi uy\u011funlu\u011fu art\u0131r\u0131r.\" \/>\n<meta property=\"og:url\" content=\"https:\/\/climatemaster.ge\/product\/vibro-3d-wm\/\" \/>\n<meta property=\"og:site_name\" content=\"Climate Master\" \/>\n<meta property=\"article:modified_time\" content=\"2025-02-23T12:32:33+00:00\" \/>\n<meta property=\"og:image\" content=\"https:\/\/climatemaster.ge\/wp-content\/uploads\/2025\/02\/capture-1-ed.jpg\" \/>\n\t<meta property=\"og:image:width\" content=\"149\" \/>\n\t<meta property=\"og:image:height\" content=\"140\" \/>\n\t<meta property=\"og:image:type\" content=\"image\/jpeg\" \/>\n<meta name=\"twitter:card\" content=\"summary_large_image\" \/>\n<script type=\"application\/ld+json\" class=\"yoast-schema-graph\">{\"@context\":\"https:\/\/schema.org\",\"@graph\":[{\"@type\":\"WebPage\",\"@id\":\"https:\/\/climatemaster.ge\/product\/vibro-3d-wm\/\",\"url\":\"https:\/\/climatemaster.ge\/product\/vibro-3d-wm\/\",\"name\":\"Vibro-3D.wm - Climate Master\",\"isPartOf\":{\"@id\":\"https:\/\/climatemaster.ge\/#website\"},\"primaryImageOfPage\":{\"@id\":\"https:\/\/climatemaster.ge\/product\/vibro-3d-wm\/#primaryimage\"},\"image\":{\"@id\":\"https:\/\/climatemaster.ge\/product\/vibro-3d-wm\/#primaryimage\"},\"thumbnailUrl\":\"https:\/\/climatemaster.ge\/wp-content\/uploads\/2025\/02\/capture-1-ed.jpg\",\"datePublished\":\"2025-02-07T18:44:56+00:00\",\"dateModified\":\"2025-02-23T12:32:33+00:00\",\"breadcrumb\":{\"@id\":\"https:\/\/climatemaster.ge\/product\/vibro-3d-wm\/#breadcrumb\"},\"inLanguage\":\"az\",\"potentialAction\":[{\"@type\":\"ReadAction\",\"target\":[\"https:\/\/climatemaster.ge\/product\/vibro-3d-wm\/\"]}]},{\"@type\":\"ImageObject\",\"inLanguage\":\"az\",\"@id\":\"https:\/\/climatemaster.ge\/product\/vibro-3d-wm\/#primaryimage\",\"url\":\"https:\/\/climatemaster.ge\/wp-content\/uploads\/2025\/02\/capture-1-ed.jpg\",\"contentUrl\":\"https:\/\/climatemaster.ge\/wp-content\/uploads\/2025\/02\/capture-1-ed.jpg\",\"width\":149,\"height\":140},{\"@type\":\"BreadcrumbList\",\"@id\":\"https:\/\/climatemaster.ge\/product\/vibro-3d-wm\/#breadcrumb\",\"itemListElement\":[{\"@type\":\"ListItem\",\"position\":1,\"name\":\"Home\",\"item\":\"https:\/\/climatemaster.ge\/\"},{\"@type\":\"ListItem\",\"position\":2,\"name\":\"M\u0259hsullar\",\"item\":\"https:\/\/climatemaster.ge\/products\/\"},{\"@type\":\"ListItem\",\"position\":3,\"name\":\"Vibro-3D.wm\"}]},{\"@type\":\"WebSite\",\"@id\":\"https:\/\/climatemaster.ge\/#website\",\"url\":\"https:\/\/climatemaster.ge\/\",\"name\":\"Climate Master\",\"description\":\"\",\"publisher\":{\"@id\":\"https:\/\/climatemaster.ge\/#organization\"},\"potentialAction\":[{\"@type\":\"SearchAction\",\"target\":{\"@type\":\"EntryPoint\",\"urlTemplate\":\"https:\/\/climatemaster.ge\/?s={search_term_string}\"},\"query-input\":{\"@type\":\"PropertyValueSpecification\",\"valueRequired\":true,\"valueName\":\"search_term_string\"}}],\"inLanguage\":\"az\"},{\"@type\":\"Organization\",\"@id\":\"https:\/\/climatemaster.ge\/#organization\",\"name\":\"Climate Master\",\"url\":\"https:\/\/climatemaster.ge\/\",\"logo\":{\"@type\":\"ImageObject\",\"inLanguage\":\"az\",\"@id\":\"https:\/\/climatemaster.ge\/#\/schema\/logo\/image\/\",\"url\":\"https:\/\/climatemaster.ge\/wp-content\/uploads\/2026\/03\/Untitled-2.png\",\"contentUrl\":\"https:\/\/climatemaster.ge\/wp-content\/uploads\/2026\/03\/Untitled-2.png\",\"width\":600,\"height\":338,\"caption\":\"Climate Master\"},\"image\":{\"@id\":\"https:\/\/climatemaster.ge\/#\/schema\/logo\/image\/\"}}]}<\/script>\n<!-- \/ Yoast SEO plugin. -->","yoast_head_json":{"title":"Vibro-3D.wm - Climate Master","robots":{"index":"index","follow":"follow","max-snippet":"max-snippet:-1","max-image-preview":"max-image-preview:large","max-video-preview":"max-video-preview:-1"},"canonical":"https:\/\/climatemaster.ge\/product\/vibro-3d-wm\/","og_locale":"az_AZ","og_type":"article","og_title":"Vibro-3D.wm - Climate Master","og_description":"Yeni Vibro-3D.wm h\u0259r istiqam\u0259td\u0259 vibrasiya n\u0259zar\u0259tini t\u0259klif ed\u0259 bil\u0259n vibrasiya \u0259leyhin\u0259 qur\u011fudur. Bu, \u015fok uducu v\u0259 vibrasiya izolyasiyas\u0131 \u00fc\u00e7\u00fcn ideal h\u0259ll yolu ola bil\u0259r.    Yeni\u00a0Vibro-3D.wm\u00a0h\u0259r istiqam\u0259td\u0259 vibrasiya n\u0259zar\u0259tini t\u0259klif ed\u0259 bil\u0259n\u00a0m\u0259ftilli vibrasiya damperl\u0259ridir. Bu, \u015fok uducu v\u0259 vibrasiya-izolyasiya t\u0259tbiql\u0259ri \u00fc\u00e7\u00fcn ideal h\u0259ll ola bil\u0259r. Daxili trikotaj paslanmayan polad m\u0259ftil h\u00f6rg\u00fc m\u00f6hk\u0259m yast\u0131\u011fa \u00e7evrilir. \u018ftraf m\u00fchit \u015f\u0259raitinin adi rezin yast\u0131qlara z\u0259r\u0259r ver\u0259 bil\u0259c\u0259yi v\u0259 ya m\u0259hv ed\u0259 bil\u0259c\u0259yi h\u0259r yerd\u0259 istifad\u0259 edil\u0259 bil\u0259r.Vibro-3D.wm x\u00fcsusi olaraq h\u0259r \u00fc\u00e7 oxda (x, y, z) impulsiv y\u00fckl\u0259ri saxlamaq \u00fc\u00e7\u00fcn n\u0259z\u0259rd\u0259 tutulub. Ekstremal temperatur v\u0259 \u0259traf m\u00fchit \u015f\u0259raitind\u0259 t\u0259tbiql\u0259r \u00fc\u00e7\u00fcn t\u00f6vsiy\u0259 olunur.  O, qaz turbinl\u0259ri, h\u0259rbi t\u0259tbiql\u0259r, d\u0259niz, avionika v\u0259 s. kimi mexaniki avadanl\u0131\u011f\u0131n vibrasiya izolyasiyas\u0131 \u00fc\u00e7\u00fcn n\u0259z\u0259rd\u0259 tutulmu\u015fdur. Bu m\u0259hsul minimum m\u0259hv t\u0259hl\u00fck\u0259si il\u0259 d\u0259niz t\u0259tbiql\u0259rind\u0259 i\u015fl\u0259nmi\u015f qaz borular\u0131nda asma \u00fc\u00e7\u00fcn istifad\u0259 edil\u0259 bil\u0259r. \u018flav\u0259 olaraq,\u00a0Vibro-3D.wm\u00a0 \u00e7\u0259tin m\u00fchitl\u0259rd\u0259 yax\u015f\u0131 performans g\u00f6st\u0259rdiyi \u00fc\u00e7\u00fcn h\u0259ssas avadanl\u0131qlara seysmik m\u00fcdafi\u0259 t\u0259klif ed\u0259 bil\u0259r. Onu da qeyd ed\u0259k ki, o, h\u0259m d\u0259 ya\u011flara, ya\u011flara, normal mayel\u0259r\u0259 v\u0259 toza qar\u015f\u0131 davaml\u0131d\u0131r v\u0259 n\u0259hay\u0259t, ya\u015flanmaya davaml\u0131, s\u00fcr\u00fcnm\u0259y\u0259n v\u0259 b\u0259rkidici elementdir.  Tel \u00f6rg\u00fcl\u00fc vibrasiya damperl\u0259ri strukturdan qaynaqlanan s\u0259s-k\u00fcy\u00fcn azald\u0131lmas\u0131nda yeni texnologiya \u00fcsuludur v\u0259 daha \u0259n\u0259n\u0259vi rezin v\u0259 yay montaj\u0131 diapazonunda vibrasiya damperl\u0259ri \u00fc\u00e7\u00fcn alternativ t\u0259klif edir.  Yan\u011f\u0131n v\u0259 z\u0259lz\u0259l\u0259l\u0259r\u0259 qar\u015f\u0131 qabaqc\u0131l reytinq t\u0259l\u0259b ed\u0259n m\u00fc\u0259yy\u0259n s\u0259naye sah\u0259l\u0259ri var. Tel \u00f6rg\u00fcl\u00fc vibrasiya damperl\u0259ri VIBRO m\u0259hsul \u00e7e\u015fidinin d\u0259niz, m\u00fcdafi\u0259 v\u0259 hava q\u00fcvv\u0259l\u0259ri kimi s\u0259naye sah\u0259l\u0259rind\u0259 t\u0259klif etdiyi uy\u011funlu\u011fu art\u0131r\u0131r.","og_url":"https:\/\/climatemaster.ge\/product\/vibro-3d-wm\/","og_site_name":"Climate Master","article_modified_time":"2025-02-23T12:32:33+00:00","og_image":[{"width":149,"height":140,"url":"https:\/\/climatemaster.ge\/wp-content\/uploads\/2025\/02\/capture-1-ed.jpg","type":"image\/jpeg"}],"twitter_card":"summary_large_image","schema":{"@context":"https:\/\/schema.org","@graph":[{"@type":"WebPage","@id":"https:\/\/climatemaster.ge\/product\/vibro-3d-wm\/","url":"https:\/\/climatemaster.ge\/product\/vibro-3d-wm\/","name":"Vibro-3D.wm - Climate Master","isPartOf":{"@id":"https:\/\/climatemaster.ge\/#website"},"primaryImageOfPage":{"@id":"https:\/\/climatemaster.ge\/product\/vibro-3d-wm\/#primaryimage"},"image":{"@id":"https:\/\/climatemaster.ge\/product\/vibro-3d-wm\/#primaryimage"},"thumbnailUrl":"https:\/\/climatemaster.ge\/wp-content\/uploads\/2025\/02\/capture-1-ed.jpg","datePublished":"2025-02-07T18:44:56+00:00","dateModified":"2025-02-23T12:32:33+00:00","breadcrumb":{"@id":"https:\/\/climatemaster.ge\/product\/vibro-3d-wm\/#breadcrumb"},"inLanguage":"az","potentialAction":[{"@type":"ReadAction","target":["https:\/\/climatemaster.ge\/product\/vibro-3d-wm\/"]}]},{"@type":"ImageObject","inLanguage":"az","@id":"https:\/\/climatemaster.ge\/product\/vibro-3d-wm\/#primaryimage","url":"https:\/\/climatemaster.ge\/wp-content\/uploads\/2025\/02\/capture-1-ed.jpg","contentUrl":"https:\/\/climatemaster.ge\/wp-content\/uploads\/2025\/02\/capture-1-ed.jpg","width":149,"height":140},{"@type":"BreadcrumbList","@id":"https:\/\/climatemaster.ge\/product\/vibro-3d-wm\/#breadcrumb","itemListElement":[{"@type":"ListItem","position":1,"name":"Home","item":"https:\/\/climatemaster.ge\/"},{"@type":"ListItem","position":2,"name":"M\u0259hsullar","item":"https:\/\/climatemaster.ge\/products\/"},{"@type":"ListItem","position":3,"name":"Vibro-3D.wm"}]},{"@type":"WebSite","@id":"https:\/\/climatemaster.ge\/#website","url":"https:\/\/climatemaster.ge\/","name":"Climate Master","description":"","publisher":{"@id":"https:\/\/climatemaster.ge\/#organization"},"potentialAction":[{"@type":"SearchAction","target":{"@type":"EntryPoint","urlTemplate":"https:\/\/climatemaster.ge\/?s={search_term_string}"},"query-input":{"@type":"PropertyValueSpecification","valueRequired":true,"valueName":"search_term_string"}}],"inLanguage":"az"},{"@type":"Organization","@id":"https:\/\/climatemaster.ge\/#organization","name":"Climate Master","url":"https:\/\/climatemaster.ge\/","logo":{"@type":"ImageObject","inLanguage":"az","@id":"https:\/\/climatemaster.ge\/#\/schema\/logo\/image\/","url":"https:\/\/climatemaster.ge\/wp-content\/uploads\/2026\/03\/Untitled-2.png","contentUrl":"https:\/\/climatemaster.ge\/wp-content\/uploads\/2026\/03\/Untitled-2.png","width":600,"height":338,"caption":"Climate Master"},"image":{"@id":"https:\/\/climatemaster.ge\/#\/schema\/logo\/image\/"}}]}},"_links":{"self":[{"href":"https:\/\/climatemaster.ge\/az\/wp-json\/wp\/v2\/product\/23632","targetHints":{"allow":["GET"]}}],"collection":[{"href":"https:\/\/climatemaster.ge\/az\/wp-json\/wp\/v2\/product"}],"about":[{"href":"https:\/\/climatemaster.ge\/az\/wp-json\/wp\/v2\/types\/product"}],"wp:featuredmedia":[{"embeddable":true,"href":"https:\/\/climatemaster.ge\/az\/wp-json\/wp\/v2\/media\/22665"}],"wp:attachment":[{"href":"https:\/\/climatemaster.ge\/az\/wp-json\/wp\/v2\/media?parent=23632"}],"wp:term":[{"taxonomy":"product_brand","embeddable":true,"href":"https:\/\/climatemaster.ge\/az\/wp-json\/wp\/v2\/product_brand?post=23632"},{"taxonomy":"product_cat","embeddable":true,"href":"https:\/\/climatemaster.ge\/az\/wp-json\/wp\/v2\/product_cat?post=23632"},{"taxonomy":"product_tag","embeddable":true,"href":"https:\/\/climatemaster.ge\/az\/wp-json\/wp\/v2\/product_tag?post=23632"}],"curies":[{"name":"wp","href":"https:\/\/api.w.org\/{rel}","templated":true}]}}