{"id":23616,"date":"2025-02-07T23:14:20","date_gmt":"2025-02-07T19:14:20","guid":{"rendered":"https:\/\/airsystems.ge\/shop\/product\/vibro-sil-em-2\/"},"modified":"2025-02-25T23:50:26","modified_gmt":"2025-02-25T19:50:26","slug":"vibro-sil-em-2","status":"publish","type":"product","link":"https:\/\/climatemaster.ge\/az\/product\/vibro-sil-em-2\/","title":{"rendered":"Vibro.SiL-EM.2"},"content":{"rendered":"<p><img loading=\"lazy\" decoding=\"async\" class=\"alignnone wp-image-3895\" title=\"loading VIBRO SiL EM.2\" src=\"https:\/\/antivibration-systems.com\/wp-content\/uploads\/2014\/08\/loading-VIBRO-SiL-EM.21.jpg\" alt=\"\" width=\"510\" height=\"255\" \/><\/p>\n<p>VIBRO\u00a0SiL-EM.2\u00a0in texniki x\u00fcsusiyy\u0259tl\u0259ri onu \u00e7ox r\u0259qab\u0259tli h\u0259ll edir:<\/p>\n<p>\u2022 Geni\u015f i\u015f temperaturu diapazonu: -40 il\u0259 +200\u00b0C<br \/>\n\u2022 \u00c7ox a\u015fa\u011f\u0131 s\u0131x\u0131lma d\u0259sti<br \/>\n\u2022 Uzunm\u00fcdd\u0259tli davaml\u0131l\u0131q v\u0259 sabitlik<br \/>\n\u2022 \u018ftraf m\u00fchit\u0259 uy\u011fundur. T\u0259rkibind\u0259 z\u0259r\u0259rli \u0259lav\u0259l\u0259r yoxdur<br \/>\n\u2022 A\u015fa\u011f\u0131 qoxu<br \/>\n\u2022 \u018fyilm\u0259 (maksimum y\u00fckd\u0259) : 4 mm<br \/>\n\u2022 T\u0259bii Tezlik: \u2265 8 Hz.<\/p>\n<div class=\"n4sEPd\">\n<div class=\"QFw9Te BLojaf\"><\/div>\n<\/div>\n","protected":false},"excerpt":{"rendered":"<p>Vibro.SiL-EM.2 silikon anti-vibrasiya metal &#8211; rezin montajlar, kompressorlar, nasoslar, fanatlar, i\u015fl\u0259nmi\u015f qaz borular\u0131 \/ s\u0259sbo\u011fucu d\u0259st\u0259yi \u00fc\u00e7\u00fcn y\u00fcks\u0259k vibrasiyadan qorunma t\u0259klif ed\u0259 bil\u0259r.<\/p>\n<p>Silikon grommetli silikon gel amortizatorlar\u0131na \u0259saslanan Vibro.SiL m\u0259hsul seriyas\u0131 \u015firk\u0259timizin Ar-Ge departamenti t\u0259r\u0259find\u0259n haz\u0131rlanm\u0131\u015f yeni y\u00fcks\u0259k texnologiyal\u0131 t\u0259sirli vibrasiya izolyasiya m\u0259hsullar\u0131 seriyas\u0131d\u0131r.<\/p>\n<p>Vibro.SiL silikon gel m\u0259hsul seriyas\u0131 geni\u015f i\u015f temperaturu diapazonunda t\u0259tbiq oluna bil\u0259n y\u00fcks\u0259k keyfiyy\u0259tli silikondan haz\u0131rlanm\u0131\u015f vibrasiya \u0259leyhin\u0259 m\u0259hsullardan ibar\u0259tdir. X\u00fcsusil\u0259, onlar -40-dan +200\u00b0C-\u0259 q\u0259d\u0259r tam f\u0259aliyy\u0259t g\u00f6st\u0259rir v\u0259 sabit vibrasiya izolyasiya performans\u0131n\u0131 t\u0259min edir. T\u0259bii kau\u00e7uk v\u0259 ya dig\u0259r termoplastikl\u0259rin h\u0259ddind\u0259n art\u0131q temperatur v\u0259 hava \u015f\u0259raitind\u0259 yerin\u0259 yetir\u0259 bilm\u0259y\u0259c\u0259yi hava \u015f\u0259raitind\u0259 t\u0259sirli z\u0259rb\u0259 v\u0259 vibrasiya izolyasiyas\u0131 t\u0259min edir. T\u0259rkibind\u0259 z\u0259r\u0259rli \u0259lav\u0259l\u0259r olmad\u0131\u011f\u0131 \u00fc\u00e7\u00fcn ekoloji c\u0259h\u0259td\u0259n t\u0259mizdirl\u0259r. Silikon yast\u0131qlar ozon v\u0259 ultrab\u0259n\u00f6v\u015f\u0259yi \u015f\u00fcalara qar\u015f\u0131 m\u00fcqavim\u0259t bax\u0131m\u0131ndan \u00e7ox yax\u015f\u0131 hava \u015f\u0259raitin\u0259 qar\u015f\u0131 x\u00fcsusiyy\u0259tl\u0259r t\u0259klif edir.<\/p>\n<p>T\u018fSV\u0130R\u0130<\/p>\n<p>Vibro.SiL-EM.2 kompressorlar, nasoslar, ventilyatorlar, i\u015fl\u0259nmi\u015f qaz borular\u0131 \/ s\u0259sbo\u011fucu d\u0259st\u0259yi, h\u0259ssas elektronika \u00fc\u00e7\u00fcn y\u00fcks\u0259k vibrasiyadan qorunma t\u0259klif ed\u0259 bil\u0259r.<br \/>\ngeni\u015f temperatur diapazonunun (-40 il\u0259 +200\u00b0C) ba\u015f verdiyi avionika, h\u0259rbi v\u0259 tibbi t\u0259tbiql\u0259rd\u0259 avadanl\u0131q. Qida s\u0259nayesi t\u0259tbiql\u0259ri \u00fc\u00e7\u00fcn d\u0259 uy\u011fundur.<\/p>\n<p>Vibro.SiL-EM.3-\u00fcn t\u0259kmil dizayn\u0131 x\u00fcsusi t\u0259dqiqatlar\u0131n n\u0259tic\u0259sidir v\u0259 y\u00fcks\u0259k keyfiyy\u0259tli silikon polimerl\u0259rd\u0259n haz\u0131rlanm\u0131\u015fd\u0131r. T\u0259bii kau\u00e7uk v\u0259 termoplastik birl\u0259\u015fm\u0259l\u0259rd\u0259n daha y\u00fcks\u0259k t\u0259sirli \u015fok v\u0259 vibrasiya izolyasiyas\u0131 t\u0259min edir. B\u00f6y\u00fck \u0259yilm\u0259 qabiliyy\u0259tin\u0259 v\u0259 a\u015fa\u011f\u0131 rezonans n\u00f6qt\u0259sin\u0259 nail ola bil\u0259r.<br \/>\nSilikon polimerl\u0259r \u00e7ox yax\u015f\u0131 havaya davaml\u0131 x\u00fcsusiyy\u0259tl\u0259r t\u0259klif edir, ozon UV-y\u0259 davaml\u0131d\u0131r, a\u00e7\u0131q havada istifad\u0259 \u00fc\u00e7\u00fcn ideald\u0131r. \u015eaxta v\u0259 qar \u015f\u0259raiti \u00fc\u00e7\u00fcn uy\u011fundur. B\u00fct\u00fcn metal hiss\u0259l\u0259ri var<\/p>\n","protected":false},"featured_media":22687,"template":"","meta":[],"product_brand":[],"product_cat":[927],"product_tag":[],"class_list":{"0":"post-23616","1":"product","2":"type-product","3":"status-publish","4":"has-post-thumbnail","6":"product_cat-vibrasiya-anti-ss-kuy-akustik-az","8":"first","9":"instock","10":"shipping-taxable","11":"product-type-simple"},"yoast_head":"<!-- This site is optimized with the Yoast SEO plugin v27.1.1 - https:\/\/yoast.com\/product\/yoast-seo-wordpress\/ -->\n<title>Vibro.SiL-EM.2 - Climate Master<\/title>\n<meta name=\"robots\" content=\"index, follow, max-snippet:-1, max-image-preview:large, max-video-preview:-1\" \/>\n<link rel=\"canonical\" href=\"https:\/\/climatemaster.ge\/product\/vibro-sil-em-2\/\" \/>\n<meta property=\"og:locale\" content=\"az_AZ\" \/>\n<meta property=\"og:type\" content=\"article\" \/>\n<meta property=\"og:title\" content=\"Vibro.SiL-EM.2 - Climate Master\" \/>\n<meta property=\"og:description\" content=\"Vibro.SiL-EM.2 silikon anti-vibrasiya metal - rezin montajlar, kompressorlar, nasoslar, fanatlar, i\u015fl\u0259nmi\u015f qaz borular\u0131 \/ s\u0259sbo\u011fucu d\u0259st\u0259yi \u00fc\u00e7\u00fcn y\u00fcks\u0259k vibrasiyadan qorunma t\u0259klif ed\u0259 bil\u0259r.  Silikon grommetli silikon gel amortizatorlar\u0131na \u0259saslanan Vibro.SiL m\u0259hsul seriyas\u0131 \u015firk\u0259timizin Ar-Ge departamenti t\u0259r\u0259find\u0259n haz\u0131rlanm\u0131\u015f yeni y\u00fcks\u0259k texnologiyal\u0131 t\u0259sirli vibrasiya izolyasiya m\u0259hsullar\u0131 seriyas\u0131d\u0131r.  Vibro.SiL silikon gel m\u0259hsul seriyas\u0131 geni\u015f i\u015f temperaturu diapazonunda t\u0259tbiq oluna bil\u0259n y\u00fcks\u0259k keyfiyy\u0259tli silikondan haz\u0131rlanm\u0131\u015f vibrasiya \u0259leyhin\u0259 m\u0259hsullardan ibar\u0259tdir. X\u00fcsusil\u0259, onlar -40-dan +200\u00b0C-\u0259 q\u0259d\u0259r tam f\u0259aliyy\u0259t g\u00f6st\u0259rir v\u0259 sabit vibrasiya izolyasiya performans\u0131n\u0131 t\u0259min edir. T\u0259bii kau\u00e7uk v\u0259 ya dig\u0259r termoplastikl\u0259rin h\u0259ddind\u0259n art\u0131q temperatur v\u0259 hava \u015f\u0259raitind\u0259 yerin\u0259 yetir\u0259 bilm\u0259y\u0259c\u0259yi hava \u015f\u0259raitind\u0259 t\u0259sirli z\u0259rb\u0259 v\u0259 vibrasiya izolyasiyas\u0131 t\u0259min edir. T\u0259rkibind\u0259 z\u0259r\u0259rli \u0259lav\u0259l\u0259r olmad\u0131\u011f\u0131 \u00fc\u00e7\u00fcn ekoloji c\u0259h\u0259td\u0259n t\u0259mizdirl\u0259r. Silikon yast\u0131qlar ozon v\u0259 ultrab\u0259n\u00f6v\u015f\u0259yi \u015f\u00fcalara qar\u015f\u0131 m\u00fcqavim\u0259t bax\u0131m\u0131ndan \u00e7ox yax\u015f\u0131 hava \u015f\u0259raitin\u0259 qar\u015f\u0131 x\u00fcsusiyy\u0259tl\u0259r t\u0259klif edir.  T\u018fSV\u0130R\u0130  Vibro.SiL-EM.2 kompressorlar, nasoslar, ventilyatorlar, i\u015fl\u0259nmi\u015f qaz borular\u0131 \/ s\u0259sbo\u011fucu d\u0259st\u0259yi, h\u0259ssas elektronika \u00fc\u00e7\u00fcn y\u00fcks\u0259k vibrasiyadan qorunma t\u0259klif ed\u0259 bil\u0259r. geni\u015f temperatur diapazonunun (-40 il\u0259 +200\u00b0C) ba\u015f verdiyi avionika, h\u0259rbi v\u0259 tibbi t\u0259tbiql\u0259rd\u0259 avadanl\u0131q. Qida s\u0259nayesi t\u0259tbiql\u0259ri \u00fc\u00e7\u00fcn d\u0259 uy\u011fundur.  Vibro.SiL-EM.3-\u00fcn t\u0259kmil dizayn\u0131 x\u00fcsusi t\u0259dqiqatlar\u0131n n\u0259tic\u0259sidir v\u0259 y\u00fcks\u0259k keyfiyy\u0259tli silikon polimerl\u0259rd\u0259n haz\u0131rlanm\u0131\u015fd\u0131r. T\u0259bii kau\u00e7uk v\u0259 termoplastik birl\u0259\u015fm\u0259l\u0259rd\u0259n daha y\u00fcks\u0259k t\u0259sirli \u015fok v\u0259 vibrasiya izolyasiyas\u0131 t\u0259min edir. B\u00f6y\u00fck \u0259yilm\u0259 qabiliyy\u0259tin\u0259 v\u0259 a\u015fa\u011f\u0131 rezonans n\u00f6qt\u0259sin\u0259 nail ola bil\u0259r. Silikon polimerl\u0259r \u00e7ox yax\u015f\u0131 havaya davaml\u0131 x\u00fcsusiyy\u0259tl\u0259r t\u0259klif edir, ozon UV-y\u0259 davaml\u0131d\u0131r, a\u00e7\u0131q havada istifad\u0259 \u00fc\u00e7\u00fcn ideald\u0131r. \u015eaxta v\u0259 qar \u015f\u0259raiti \u00fc\u00e7\u00fcn uy\u011fundur. B\u00fct\u00fcn metal hiss\u0259l\u0259ri var\" \/>\n<meta property=\"og:url\" content=\"https:\/\/climatemaster.ge\/product\/vibro-sil-em-2\/\" \/>\n<meta property=\"og:site_name\" content=\"Climate Master\" \/>\n<meta property=\"article:modified_time\" content=\"2025-02-25T19:50:26+00:00\" \/>\n<meta property=\"og:image\" content=\"https:\/\/climatemaster.ge\/wp-content\/uploads\/2025\/02\/VIBRO.SiL-EM.2.jpg\" \/>\n\t<meta property=\"og:image:width\" content=\"320\" \/>\n\t<meta property=\"og:image:height\" content=\"305\" \/>\n\t<meta property=\"og:image:type\" content=\"image\/jpeg\" \/>\n<meta name=\"twitter:card\" content=\"summary_large_image\" \/>\n<script type=\"application\/ld+json\" class=\"yoast-schema-graph\">{\"@context\":\"https:\/\/schema.org\",\"@graph\":[{\"@type\":\"WebPage\",\"@id\":\"https:\/\/climatemaster.ge\/product\/vibro-sil-em-2\/\",\"url\":\"https:\/\/climatemaster.ge\/product\/vibro-sil-em-2\/\",\"name\":\"Vibro.SiL-EM.2 - Climate Master\",\"isPartOf\":{\"@id\":\"https:\/\/climatemaster.ge\/#website\"},\"primaryImageOfPage\":{\"@id\":\"https:\/\/climatemaster.ge\/product\/vibro-sil-em-2\/#primaryimage\"},\"image\":{\"@id\":\"https:\/\/climatemaster.ge\/product\/vibro-sil-em-2\/#primaryimage\"},\"thumbnailUrl\":\"https:\/\/climatemaster.ge\/wp-content\/uploads\/2025\/02\/VIBRO.SiL-EM.2.jpg\",\"datePublished\":\"2025-02-07T19:14:20+00:00\",\"dateModified\":\"2025-02-25T19:50:26+00:00\",\"breadcrumb\":{\"@id\":\"https:\/\/climatemaster.ge\/product\/vibro-sil-em-2\/#breadcrumb\"},\"inLanguage\":\"az\",\"potentialAction\":[{\"@type\":\"ReadAction\",\"target\":[\"https:\/\/climatemaster.ge\/product\/vibro-sil-em-2\/\"]}]},{\"@type\":\"ImageObject\",\"inLanguage\":\"az\",\"@id\":\"https:\/\/climatemaster.ge\/product\/vibro-sil-em-2\/#primaryimage\",\"url\":\"https:\/\/climatemaster.ge\/wp-content\/uploads\/2025\/02\/VIBRO.SiL-EM.2.jpg\",\"contentUrl\":\"https:\/\/climatemaster.ge\/wp-content\/uploads\/2025\/02\/VIBRO.SiL-EM.2.jpg\",\"width\":320,\"height\":305},{\"@type\":\"BreadcrumbList\",\"@id\":\"https:\/\/climatemaster.ge\/product\/vibro-sil-em-2\/#breadcrumb\",\"itemListElement\":[{\"@type\":\"ListItem\",\"position\":1,\"name\":\"Home\",\"item\":\"https:\/\/climatemaster.ge\/\"},{\"@type\":\"ListItem\",\"position\":2,\"name\":\"M\u0259hsullar\",\"item\":\"https:\/\/climatemaster.ge\/products\/\"},{\"@type\":\"ListItem\",\"position\":3,\"name\":\"Vibro.SiL-EM.2\"}]},{\"@type\":\"WebSite\",\"@id\":\"https:\/\/climatemaster.ge\/#website\",\"url\":\"https:\/\/climatemaster.ge\/\",\"name\":\"Climate Master\",\"description\":\"\",\"publisher\":{\"@id\":\"https:\/\/climatemaster.ge\/#organization\"},\"potentialAction\":[{\"@type\":\"SearchAction\",\"target\":{\"@type\":\"EntryPoint\",\"urlTemplate\":\"https:\/\/climatemaster.ge\/?s={search_term_string}\"},\"query-input\":{\"@type\":\"PropertyValueSpecification\",\"valueRequired\":true,\"valueName\":\"search_term_string\"}}],\"inLanguage\":\"az\"},{\"@type\":\"Organization\",\"@id\":\"https:\/\/climatemaster.ge\/#organization\",\"name\":\"Climate Master\",\"url\":\"https:\/\/climatemaster.ge\/\",\"logo\":{\"@type\":\"ImageObject\",\"inLanguage\":\"az\",\"@id\":\"https:\/\/climatemaster.ge\/#\/schema\/logo\/image\/\",\"url\":\"https:\/\/climatemaster.ge\/wp-content\/uploads\/2026\/03\/Untitled-2.png\",\"contentUrl\":\"https:\/\/climatemaster.ge\/wp-content\/uploads\/2026\/03\/Untitled-2.png\",\"width\":600,\"height\":338,\"caption\":\"Climate Master\"},\"image\":{\"@id\":\"https:\/\/climatemaster.ge\/#\/schema\/logo\/image\/\"}}]}<\/script>\n<!-- \/ Yoast SEO plugin. -->","yoast_head_json":{"title":"Vibro.SiL-EM.2 - Climate Master","robots":{"index":"index","follow":"follow","max-snippet":"max-snippet:-1","max-image-preview":"max-image-preview:large","max-video-preview":"max-video-preview:-1"},"canonical":"https:\/\/climatemaster.ge\/product\/vibro-sil-em-2\/","og_locale":"az_AZ","og_type":"article","og_title":"Vibro.SiL-EM.2 - Climate Master","og_description":"Vibro.SiL-EM.2 silikon anti-vibrasiya metal - rezin montajlar, kompressorlar, nasoslar, fanatlar, i\u015fl\u0259nmi\u015f qaz borular\u0131 \/ s\u0259sbo\u011fucu d\u0259st\u0259yi \u00fc\u00e7\u00fcn y\u00fcks\u0259k vibrasiyadan qorunma t\u0259klif ed\u0259 bil\u0259r.  Silikon grommetli silikon gel amortizatorlar\u0131na \u0259saslanan Vibro.SiL m\u0259hsul seriyas\u0131 \u015firk\u0259timizin Ar-Ge departamenti t\u0259r\u0259find\u0259n haz\u0131rlanm\u0131\u015f yeni y\u00fcks\u0259k texnologiyal\u0131 t\u0259sirli vibrasiya izolyasiya m\u0259hsullar\u0131 seriyas\u0131d\u0131r.  Vibro.SiL silikon gel m\u0259hsul seriyas\u0131 geni\u015f i\u015f temperaturu diapazonunda t\u0259tbiq oluna bil\u0259n y\u00fcks\u0259k keyfiyy\u0259tli silikondan haz\u0131rlanm\u0131\u015f vibrasiya \u0259leyhin\u0259 m\u0259hsullardan ibar\u0259tdir. X\u00fcsusil\u0259, onlar -40-dan +200\u00b0C-\u0259 q\u0259d\u0259r tam f\u0259aliyy\u0259t g\u00f6st\u0259rir v\u0259 sabit vibrasiya izolyasiya performans\u0131n\u0131 t\u0259min edir. T\u0259bii kau\u00e7uk v\u0259 ya dig\u0259r termoplastikl\u0259rin h\u0259ddind\u0259n art\u0131q temperatur v\u0259 hava \u015f\u0259raitind\u0259 yerin\u0259 yetir\u0259 bilm\u0259y\u0259c\u0259yi hava \u015f\u0259raitind\u0259 t\u0259sirli z\u0259rb\u0259 v\u0259 vibrasiya izolyasiyas\u0131 t\u0259min edir. T\u0259rkibind\u0259 z\u0259r\u0259rli \u0259lav\u0259l\u0259r olmad\u0131\u011f\u0131 \u00fc\u00e7\u00fcn ekoloji c\u0259h\u0259td\u0259n t\u0259mizdirl\u0259r. Silikon yast\u0131qlar ozon v\u0259 ultrab\u0259n\u00f6v\u015f\u0259yi \u015f\u00fcalara qar\u015f\u0131 m\u00fcqavim\u0259t bax\u0131m\u0131ndan \u00e7ox yax\u015f\u0131 hava \u015f\u0259raitin\u0259 qar\u015f\u0131 x\u00fcsusiyy\u0259tl\u0259r t\u0259klif edir.  T\u018fSV\u0130R\u0130  Vibro.SiL-EM.2 kompressorlar, nasoslar, ventilyatorlar, i\u015fl\u0259nmi\u015f qaz borular\u0131 \/ s\u0259sbo\u011fucu d\u0259st\u0259yi, h\u0259ssas elektronika \u00fc\u00e7\u00fcn y\u00fcks\u0259k vibrasiyadan qorunma t\u0259klif ed\u0259 bil\u0259r. geni\u015f temperatur diapazonunun (-40 il\u0259 +200\u00b0C) ba\u015f verdiyi avionika, h\u0259rbi v\u0259 tibbi t\u0259tbiql\u0259rd\u0259 avadanl\u0131q. Qida s\u0259nayesi t\u0259tbiql\u0259ri \u00fc\u00e7\u00fcn d\u0259 uy\u011fundur.  Vibro.SiL-EM.3-\u00fcn t\u0259kmil dizayn\u0131 x\u00fcsusi t\u0259dqiqatlar\u0131n n\u0259tic\u0259sidir v\u0259 y\u00fcks\u0259k keyfiyy\u0259tli silikon polimerl\u0259rd\u0259n haz\u0131rlanm\u0131\u015fd\u0131r. T\u0259bii kau\u00e7uk v\u0259 termoplastik birl\u0259\u015fm\u0259l\u0259rd\u0259n daha y\u00fcks\u0259k t\u0259sirli \u015fok v\u0259 vibrasiya izolyasiyas\u0131 t\u0259min edir. B\u00f6y\u00fck \u0259yilm\u0259 qabiliyy\u0259tin\u0259 v\u0259 a\u015fa\u011f\u0131 rezonans n\u00f6qt\u0259sin\u0259 nail ola bil\u0259r. Silikon polimerl\u0259r \u00e7ox yax\u015f\u0131 havaya davaml\u0131 x\u00fcsusiyy\u0259tl\u0259r t\u0259klif edir, ozon UV-y\u0259 davaml\u0131d\u0131r, a\u00e7\u0131q havada istifad\u0259 \u00fc\u00e7\u00fcn ideald\u0131r. \u015eaxta v\u0259 qar \u015f\u0259raiti \u00fc\u00e7\u00fcn uy\u011fundur. B\u00fct\u00fcn metal hiss\u0259l\u0259ri var","og_url":"https:\/\/climatemaster.ge\/product\/vibro-sil-em-2\/","og_site_name":"Climate Master","article_modified_time":"2025-02-25T19:50:26+00:00","og_image":[{"width":320,"height":305,"url":"https:\/\/climatemaster.ge\/wp-content\/uploads\/2025\/02\/VIBRO.SiL-EM.2.jpg","type":"image\/jpeg"}],"twitter_card":"summary_large_image","schema":{"@context":"https:\/\/schema.org","@graph":[{"@type":"WebPage","@id":"https:\/\/climatemaster.ge\/product\/vibro-sil-em-2\/","url":"https:\/\/climatemaster.ge\/product\/vibro-sil-em-2\/","name":"Vibro.SiL-EM.2 - Climate Master","isPartOf":{"@id":"https:\/\/climatemaster.ge\/#website"},"primaryImageOfPage":{"@id":"https:\/\/climatemaster.ge\/product\/vibro-sil-em-2\/#primaryimage"},"image":{"@id":"https:\/\/climatemaster.ge\/product\/vibro-sil-em-2\/#primaryimage"},"thumbnailUrl":"https:\/\/climatemaster.ge\/wp-content\/uploads\/2025\/02\/VIBRO.SiL-EM.2.jpg","datePublished":"2025-02-07T19:14:20+00:00","dateModified":"2025-02-25T19:50:26+00:00","breadcrumb":{"@id":"https:\/\/climatemaster.ge\/product\/vibro-sil-em-2\/#breadcrumb"},"inLanguage":"az","potentialAction":[{"@type":"ReadAction","target":["https:\/\/climatemaster.ge\/product\/vibro-sil-em-2\/"]}]},{"@type":"ImageObject","inLanguage":"az","@id":"https:\/\/climatemaster.ge\/product\/vibro-sil-em-2\/#primaryimage","url":"https:\/\/climatemaster.ge\/wp-content\/uploads\/2025\/02\/VIBRO.SiL-EM.2.jpg","contentUrl":"https:\/\/climatemaster.ge\/wp-content\/uploads\/2025\/02\/VIBRO.SiL-EM.2.jpg","width":320,"height":305},{"@type":"BreadcrumbList","@id":"https:\/\/climatemaster.ge\/product\/vibro-sil-em-2\/#breadcrumb","itemListElement":[{"@type":"ListItem","position":1,"name":"Home","item":"https:\/\/climatemaster.ge\/"},{"@type":"ListItem","position":2,"name":"M\u0259hsullar","item":"https:\/\/climatemaster.ge\/products\/"},{"@type":"ListItem","position":3,"name":"Vibro.SiL-EM.2"}]},{"@type":"WebSite","@id":"https:\/\/climatemaster.ge\/#website","url":"https:\/\/climatemaster.ge\/","name":"Climate Master","description":"","publisher":{"@id":"https:\/\/climatemaster.ge\/#organization"},"potentialAction":[{"@type":"SearchAction","target":{"@type":"EntryPoint","urlTemplate":"https:\/\/climatemaster.ge\/?s={search_term_string}"},"query-input":{"@type":"PropertyValueSpecification","valueRequired":true,"valueName":"search_term_string"}}],"inLanguage":"az"},{"@type":"Organization","@id":"https:\/\/climatemaster.ge\/#organization","name":"Climate Master","url":"https:\/\/climatemaster.ge\/","logo":{"@type":"ImageObject","inLanguage":"az","@id":"https:\/\/climatemaster.ge\/#\/schema\/logo\/image\/","url":"https:\/\/climatemaster.ge\/wp-content\/uploads\/2026\/03\/Untitled-2.png","contentUrl":"https:\/\/climatemaster.ge\/wp-content\/uploads\/2026\/03\/Untitled-2.png","width":600,"height":338,"caption":"Climate Master"},"image":{"@id":"https:\/\/climatemaster.ge\/#\/schema\/logo\/image\/"}}]}},"_links":{"self":[{"href":"https:\/\/climatemaster.ge\/az\/wp-json\/wp\/v2\/product\/23616","targetHints":{"allow":["GET"]}}],"collection":[{"href":"https:\/\/climatemaster.ge\/az\/wp-json\/wp\/v2\/product"}],"about":[{"href":"https:\/\/climatemaster.ge\/az\/wp-json\/wp\/v2\/types\/product"}],"wp:featuredmedia":[{"embeddable":true,"href":"https:\/\/climatemaster.ge\/az\/wp-json\/wp\/v2\/media\/22687"}],"wp:attachment":[{"href":"https:\/\/climatemaster.ge\/az\/wp-json\/wp\/v2\/media?parent=23616"}],"wp:term":[{"taxonomy":"product_brand","embeddable":true,"href":"https:\/\/climatemaster.ge\/az\/wp-json\/wp\/v2\/product_brand?post=23616"},{"taxonomy":"product_cat","embeddable":true,"href":"https:\/\/climatemaster.ge\/az\/wp-json\/wp\/v2\/product_cat?post=23616"},{"taxonomy":"product_tag","embeddable":true,"href":"https:\/\/climatemaster.ge\/az\/wp-json\/wp\/v2\/product_tag?post=23616"}],"curies":[{"name":"wp","href":"https:\/\/api.w.org\/{rel}","templated":true}]}}