{"id":23364,"date":"2025-01-10T18:04:50","date_gmt":"2025-01-10T14:04:50","guid":{"rendered":"https:\/\/airsystems.ge\/shop\/product\/air-conditioners-for-industrial-environment-ducted-with-lateral-air-supply-frontal-air-return\/"},"modified":"2025-04-21T18:08:19","modified_gmt":"2025-04-21T14:08:19","slug":"air-conditioners-for-industrial-environment-ducted-with-lateral-air-supply-frontal-air-return","status":"publish","type":"product","link":"https:\/\/climatemaster.ge\/az\/product\/air-conditioners-for-industrial-environment-ducted-with-lateral-air-supply-frontal-air-return\/","title":{"rendered":"S\u0259naye m\u00fchiti \u00fc\u00e7\u00fcn kondisionerl\u0259r Yanal hava t\u0259dar\u00fck\u00fc \/ frontal hava qaytar\u0131lmas\u0131 il\u0259 kanall\u0131 Toz v\u0259 vibrasiyaya qar\u015f\u0131 m\u00fcqavim\u0259t, -40\u00b0C-d\u0259n 80\u00b0C-d\u0259k"},"content":{"rendered":"<p>S\u0259naye m\u00fchiti \u00fc\u00e7\u00fcn kondisionerl\u0259r<br \/>\nYanal hava t\u0259chizat\u0131 \/ frontal havan\u0131n qaytar\u0131lmas\u0131 il\u0259 kanal<br \/>\nACUS_F<\/p>\n<p>ACUS F<br \/>\n9 kVt<\/p>\n<p>S\u0259naye m\u00fchitl\u0259rind\u0259, toz v\u0259 vibrasiyan\u0131n m\u00f6vcud oldu\u011fu v\u0259 y\u00fcks\u0259k temperatura m\u0259ruz qalmas\u0131 \u00fc\u00e7\u00fcn n\u0259z\u0259rd\u0259 tutulmu\u015f v\u0259 istehsal edilmi\u015f qabla\u015fd\u0131r\u0131lm\u0131\u015f havadan havaya kondisioner qur\u011fular\u0131.<\/p>\n<p>ACUS-F Series\u00a0kondisionerl\u0259ri kran idar\u0259etm\u0259 kabin\u0259l\u0259rini soyutmaq \u00fc\u00e7\u00fcn n\u0259z\u0259rd\u0259 tutulmu\u015fdur: h\u0259r bir komponent idar\u0259etm\u0259 kabin\u0259l\u0259rinin b\u00fct\u00fcn ehtiyaclar\u0131n\u0131 \u00f6d\u0259m\u0259k, daxili hiss\u0259l\u0259r\u0259 giri\u015fi asanla\u015fd\u0131rmaq v\u0259 texniki xidm\u0259ti minimuma endirm\u0259k \u00fc\u00e7\u00fcn dizayn edilmi\u015f, se\u00e7ilmi\u015f v\u0259 yerl\u0259\u015fdirilmi\u015fdir.<\/p>\n<p>B\u00f6lm\u0259l\u0259r yer\u0259, \u00fcf\u00fcqi s\u0259thl\u0259r\u0259 qura\u015fd\u0131r\u0131lmal\u0131 v\u0259 hava ax\u0131n\u0131 kanalizasiya ed\u0259n armaturlarla t\u0259chiz edilm\u0259lidir. Sifari\u015f ver\u0259rk\u0259n fitinql\u0259rin m\u00f6vqeyi (giri\u015f v\u0259 \u00e7\u0131x\u0131\u015f havas\u0131) raz\u0131la\u015fd\u0131r\u0131lmal\u0131d\u0131r.<\/p>\n<p>Kondisionerl\u0259r temperaturu v\u0259 dig\u0259r parametrl\u0259ri t\u0259yin etm\u0259y\u0259 imkan ver\u0259n idar\u0259etm\u0259 paneli il\u0259 t\u0259chiz edilmi\u015fdir.<\/p>\n<p>Kondisionerl\u0259r 80\u00b0C-\u0259 q\u0259d\u0259r q\u0131sa temperatur pikl\u0259ri zaman\u0131 i\u015fin davaml\u0131l\u0131\u011f\u0131na z\u0259man\u0259t ver\u0259n COES cihaz\u0131 il\u0259 t\u0259min oluna bil\u0259r; as\u0131l\u0131l\u0131q hal\u0131nda, onlar -40\u00b0C xarici temperatura q\u0259d\u0259r d\u00fczg\u00fcn i\u015fl\u0259m\u0259y\u0259 imkan ver\u0259n elektrik panelinin q\u0131zd\u0131r\u0131lmas\u0131 \u00fc\u00e7\u00fcn elektrik q\u0131zd\u0131r\u0131c\u0131s\u0131 il\u0259 t\u0259chiz oluna bil\u0259r.<\/p>\n<p>TEXN\u0130K\u0130 X\u00dcSUS\u0130YY\u018fTL\u018fR<\/p>\n<p>\u2022\u00a0Sinkl\u0259nmi\u015f poladdan haz\u0131rlanm\u0131\u015f \u0259sas \u00e7\u0259r\u00e7iv\u0259 v\u0259 panell\u0259r<br \/>\n\u2022\u00a0Y\u00fcks\u0259k korroziyaya davaml\u0131d\u0131r<br \/>\n\u2022\u00a0Xarici interfeys istifad\u0259\u00e7i paneli olan elektrik l\u00f6vh\u0259si<br \/>\n\u2022\u00a0Enerji t\u0259chizat\u0131 olmad\u0131qda avtomatik yenid\u0259n ba\u015flad\u0131n<br \/>\n\u2022\u00a0Kondensasiya b\u00f6lm\u0259sinin fanatlar\u0131 kondensasiya t\u0259zyiqin\u0259 uy\u011fun olaraq d\u0259yi\u015f\u0259n s\u00fcr\u0259t\u0259 malikdir<br \/>\n\u2022\u00a0Metal hava filtri<\/p>\n","protected":false},"excerpt":{"rendered":"<p><a class=\"elementor-button elementor-button-link elementor-size-sm\" href=\"https:\/\/www.enextechnologies.com\/wp-content\/uploads\/2024\/08\/B_ACUS_SERIE_F-ENG-_rev.0-1-1.pdf\" target=\"_blank\" rel=\"noopener\"><span class=\"elementor-button-content-wrapper\"><span class=\"elementor-button-text\">BROCHURE<\/span><\/span><\/a><\/p>\n","protected":false},"featured_media":21702,"template":"","meta":[],"product_brand":[],"product_cat":[875,1296],"product_tag":[],"class_list":{"0":"post-23364","1":"product","2":"type-product","3":"status-publish","4":"has-post-thumbnail","6":"product_cat-snaye-az-kondisionerlr","7":"product_cat-snaye-muhiti-toz-vibrasiya-40c-dn-80c-y-qdr-olan-kondisionerlr","9":"first","10":"instock","11":"shipping-taxable","12":"product-type-simple"},"yoast_head":"<!-- This site is optimized with the Yoast SEO plugin v27.1.1 - https:\/\/yoast.com\/product\/yoast-seo-wordpress\/ -->\n<title>S\u0259naye m\u00fchiti \u00fc\u00e7\u00fcn kondisionerl\u0259r Yanal hava t\u0259dar\u00fck\u00fc \/ frontal hava qaytar\u0131lmas\u0131 il\u0259 kanall\u0131 Toz v\u0259 vibrasiyaya qar\u015f\u0131 m\u00fcqavim\u0259t, -40\u00b0C-d\u0259n 80\u00b0C-d\u0259k - Climate Master<\/title>\n<meta name=\"robots\" content=\"index, follow, max-snippet:-1, max-image-preview:large, max-video-preview:-1\" \/>\n<link rel=\"canonical\" href=\"https:\/\/climatemaster.ge\/az\/product\/air-conditioners-for-industrial-environment-ducted-with-lateral-air-supply-frontal-air-return\/\" \/>\n<meta property=\"og:locale\" content=\"az_AZ\" \/>\n<meta property=\"og:type\" content=\"article\" \/>\n<meta property=\"og:title\" content=\"S\u0259naye m\u00fchiti \u00fc\u00e7\u00fcn kondisionerl\u0259r Yanal hava t\u0259dar\u00fck\u00fc \/ frontal hava qaytar\u0131lmas\u0131 il\u0259 kanall\u0131 Toz v\u0259 vibrasiyaya qar\u015f\u0131 m\u00fcqavim\u0259t, -40\u00b0C-d\u0259n 80\u00b0C-d\u0259k - Climate Master\" \/>\n<meta property=\"og:description\" content=\"BROCHURE\" \/>\n<meta property=\"og:url\" content=\"https:\/\/climatemaster.ge\/az\/product\/air-conditioners-for-industrial-environment-ducted-with-lateral-air-supply-frontal-air-return\/\" \/>\n<meta property=\"og:site_name\" content=\"Climate Master\" \/>\n<meta property=\"article:modified_time\" content=\"2025-04-21T14:08:19+00:00\" \/>\n<meta property=\"og:image\" content=\"https:\/\/climatemaster.ge\/wp-content\/uploads\/2025\/01\/ACUS-F-qkkx64htjfwy9z3s503mp3gmnrz3v39jms7em5fn5s.jpg\" \/>\n\t<meta property=\"og:image:width\" content=\"498\" \/>\n\t<meta property=\"og:image:height\" content=\"444\" \/>\n\t<meta property=\"og:image:type\" content=\"image\/jpeg\" \/>\n<meta name=\"twitter:card\" content=\"summary_large_image\" \/>\n<meta name=\"twitter:label1\" content=\"Est. reading time\" \/>\n\t<meta name=\"twitter:data1\" content=\"2 minutes\" \/>\n<script type=\"application\/ld+json\" class=\"yoast-schema-graph\">{\"@context\":\"https:\/\/schema.org\",\"@graph\":[{\"@type\":\"WebPage\",\"@id\":\"https:\/\/climatemaster.ge\/az\/product\/air-conditioners-for-industrial-environment-ducted-with-lateral-air-supply-frontal-air-return\/\",\"url\":\"https:\/\/climatemaster.ge\/az\/product\/air-conditioners-for-industrial-environment-ducted-with-lateral-air-supply-frontal-air-return\/\",\"name\":\"S\u0259naye m\u00fchiti \u00fc\u00e7\u00fcn kondisionerl\u0259r Yanal hava t\u0259dar\u00fck\u00fc \/ frontal hava qaytar\u0131lmas\u0131 il\u0259 kanall\u0131 Toz v\u0259 vibrasiyaya qar\u015f\u0131 m\u00fcqavim\u0259t, -40\u00b0C-d\u0259n 80\u00b0C-d\u0259k - Climate Master\",\"isPartOf\":{\"@id\":\"https:\/\/climatemaster.ge\/#website\"},\"primaryImageOfPage\":{\"@id\":\"https:\/\/climatemaster.ge\/az\/product\/air-conditioners-for-industrial-environment-ducted-with-lateral-air-supply-frontal-air-return\/#primaryimage\"},\"image\":{\"@id\":\"https:\/\/climatemaster.ge\/az\/product\/air-conditioners-for-industrial-environment-ducted-with-lateral-air-supply-frontal-air-return\/#primaryimage\"},\"thumbnailUrl\":\"https:\/\/climatemaster.ge\/wp-content\/uploads\/2025\/01\/ACUS-F-qkkx64htjfwy9z3s503mp3gmnrz3v39jms7em5fn5s.jpg\",\"datePublished\":\"2025-01-10T14:04:50+00:00\",\"dateModified\":\"2025-04-21T14:08:19+00:00\",\"breadcrumb\":{\"@id\":\"https:\/\/climatemaster.ge\/az\/product\/air-conditioners-for-industrial-environment-ducted-with-lateral-air-supply-frontal-air-return\/#breadcrumb\"},\"inLanguage\":\"az\",\"potentialAction\":[{\"@type\":\"ReadAction\",\"target\":[\"https:\/\/climatemaster.ge\/az\/product\/air-conditioners-for-industrial-environment-ducted-with-lateral-air-supply-frontal-air-return\/\"]}]},{\"@type\":\"ImageObject\",\"inLanguage\":\"az\",\"@id\":\"https:\/\/climatemaster.ge\/az\/product\/air-conditioners-for-industrial-environment-ducted-with-lateral-air-supply-frontal-air-return\/#primaryimage\",\"url\":\"https:\/\/climatemaster.ge\/wp-content\/uploads\/2025\/01\/ACUS-F-qkkx64htjfwy9z3s503mp3gmnrz3v39jms7em5fn5s.jpg\",\"contentUrl\":\"https:\/\/climatemaster.ge\/wp-content\/uploads\/2025\/01\/ACUS-F-qkkx64htjfwy9z3s503mp3gmnrz3v39jms7em5fn5s.jpg\",\"width\":498,\"height\":444},{\"@type\":\"BreadcrumbList\",\"@id\":\"https:\/\/climatemaster.ge\/az\/product\/air-conditioners-for-industrial-environment-ducted-with-lateral-air-supply-frontal-air-return\/#breadcrumb\",\"itemListElement\":[{\"@type\":\"ListItem\",\"position\":1,\"name\":\"Home\",\"item\":\"https:\/\/climatemaster.ge\/\"},{\"@type\":\"ListItem\",\"position\":2,\"name\":\"M\u0259hsullar\",\"item\":\"https:\/\/climatemaster.ge\/products\/\"},{\"@type\":\"ListItem\",\"position\":3,\"name\":\"S\u0259naye m\u00fchiti \u00fc\u00e7\u00fcn kondisionerl\u0259r Yanal hava t\u0259dar\u00fck\u00fc \/ frontal hava qaytar\u0131lmas\u0131 il\u0259 kanall\u0131 Toz v\u0259 vibrasiyaya qar\u015f\u0131 m\u00fcqavim\u0259t, -40\u00b0C-d\u0259n 80\u00b0C-d\u0259k\"}]},{\"@type\":\"WebSite\",\"@id\":\"https:\/\/climatemaster.ge\/#website\",\"url\":\"https:\/\/climatemaster.ge\/\",\"name\":\"Climate Master\",\"description\":\"\",\"publisher\":{\"@id\":\"https:\/\/climatemaster.ge\/#organization\"},\"potentialAction\":[{\"@type\":\"SearchAction\",\"target\":{\"@type\":\"EntryPoint\",\"urlTemplate\":\"https:\/\/climatemaster.ge\/?s={search_term_string}\"},\"query-input\":{\"@type\":\"PropertyValueSpecification\",\"valueRequired\":true,\"valueName\":\"search_term_string\"}}],\"inLanguage\":\"az\"},{\"@type\":\"Organization\",\"@id\":\"https:\/\/climatemaster.ge\/#organization\",\"name\":\"Climate Master\",\"url\":\"https:\/\/climatemaster.ge\/\",\"logo\":{\"@type\":\"ImageObject\",\"inLanguage\":\"az\",\"@id\":\"https:\/\/climatemaster.ge\/#\/schema\/logo\/image\/\",\"url\":\"https:\/\/climatemaster.ge\/wp-content\/uploads\/2026\/03\/Untitled-2.png\",\"contentUrl\":\"https:\/\/climatemaster.ge\/wp-content\/uploads\/2026\/03\/Untitled-2.png\",\"width\":600,\"height\":338,\"caption\":\"Climate Master\"},\"image\":{\"@id\":\"https:\/\/climatemaster.ge\/#\/schema\/logo\/image\/\"}}]}<\/script>\n<!-- \/ Yoast SEO plugin. -->","yoast_head_json":{"title":"S\u0259naye m\u00fchiti \u00fc\u00e7\u00fcn kondisionerl\u0259r Yanal hava t\u0259dar\u00fck\u00fc \/ frontal hava qaytar\u0131lmas\u0131 il\u0259 kanall\u0131 Toz v\u0259 vibrasiyaya qar\u015f\u0131 m\u00fcqavim\u0259t, -40\u00b0C-d\u0259n 80\u00b0C-d\u0259k - Climate Master","robots":{"index":"index","follow":"follow","max-snippet":"max-snippet:-1","max-image-preview":"max-image-preview:large","max-video-preview":"max-video-preview:-1"},"canonical":"https:\/\/climatemaster.ge\/az\/product\/air-conditioners-for-industrial-environment-ducted-with-lateral-air-supply-frontal-air-return\/","og_locale":"az_AZ","og_type":"article","og_title":"S\u0259naye m\u00fchiti \u00fc\u00e7\u00fcn kondisionerl\u0259r Yanal hava t\u0259dar\u00fck\u00fc \/ frontal hava qaytar\u0131lmas\u0131 il\u0259 kanall\u0131 Toz v\u0259 vibrasiyaya qar\u015f\u0131 m\u00fcqavim\u0259t, -40\u00b0C-d\u0259n 80\u00b0C-d\u0259k - Climate Master","og_description":"BROCHURE","og_url":"https:\/\/climatemaster.ge\/az\/product\/air-conditioners-for-industrial-environment-ducted-with-lateral-air-supply-frontal-air-return\/","og_site_name":"Climate Master","article_modified_time":"2025-04-21T14:08:19+00:00","og_image":[{"width":498,"height":444,"url":"https:\/\/climatemaster.ge\/wp-content\/uploads\/2025\/01\/ACUS-F-qkkx64htjfwy9z3s503mp3gmnrz3v39jms7em5fn5s.jpg","type":"image\/jpeg"}],"twitter_card":"summary_large_image","twitter_misc":{"Est. reading time":"2 minutes"},"schema":{"@context":"https:\/\/schema.org","@graph":[{"@type":"WebPage","@id":"https:\/\/climatemaster.ge\/az\/product\/air-conditioners-for-industrial-environment-ducted-with-lateral-air-supply-frontal-air-return\/","url":"https:\/\/climatemaster.ge\/az\/product\/air-conditioners-for-industrial-environment-ducted-with-lateral-air-supply-frontal-air-return\/","name":"S\u0259naye m\u00fchiti \u00fc\u00e7\u00fcn kondisionerl\u0259r Yanal hava t\u0259dar\u00fck\u00fc \/ frontal hava qaytar\u0131lmas\u0131 il\u0259 kanall\u0131 Toz v\u0259 vibrasiyaya qar\u015f\u0131 m\u00fcqavim\u0259t, -40\u00b0C-d\u0259n 80\u00b0C-d\u0259k - Climate Master","isPartOf":{"@id":"https:\/\/climatemaster.ge\/#website"},"primaryImageOfPage":{"@id":"https:\/\/climatemaster.ge\/az\/product\/air-conditioners-for-industrial-environment-ducted-with-lateral-air-supply-frontal-air-return\/#primaryimage"},"image":{"@id":"https:\/\/climatemaster.ge\/az\/product\/air-conditioners-for-industrial-environment-ducted-with-lateral-air-supply-frontal-air-return\/#primaryimage"},"thumbnailUrl":"https:\/\/climatemaster.ge\/wp-content\/uploads\/2025\/01\/ACUS-F-qkkx64htjfwy9z3s503mp3gmnrz3v39jms7em5fn5s.jpg","datePublished":"2025-01-10T14:04:50+00:00","dateModified":"2025-04-21T14:08:19+00:00","breadcrumb":{"@id":"https:\/\/climatemaster.ge\/az\/product\/air-conditioners-for-industrial-environment-ducted-with-lateral-air-supply-frontal-air-return\/#breadcrumb"},"inLanguage":"az","potentialAction":[{"@type":"ReadAction","target":["https:\/\/climatemaster.ge\/az\/product\/air-conditioners-for-industrial-environment-ducted-with-lateral-air-supply-frontal-air-return\/"]}]},{"@type":"ImageObject","inLanguage":"az","@id":"https:\/\/climatemaster.ge\/az\/product\/air-conditioners-for-industrial-environment-ducted-with-lateral-air-supply-frontal-air-return\/#primaryimage","url":"https:\/\/climatemaster.ge\/wp-content\/uploads\/2025\/01\/ACUS-F-qkkx64htjfwy9z3s503mp3gmnrz3v39jms7em5fn5s.jpg","contentUrl":"https:\/\/climatemaster.ge\/wp-content\/uploads\/2025\/01\/ACUS-F-qkkx64htjfwy9z3s503mp3gmnrz3v39jms7em5fn5s.jpg","width":498,"height":444},{"@type":"BreadcrumbList","@id":"https:\/\/climatemaster.ge\/az\/product\/air-conditioners-for-industrial-environment-ducted-with-lateral-air-supply-frontal-air-return\/#breadcrumb","itemListElement":[{"@type":"ListItem","position":1,"name":"Home","item":"https:\/\/climatemaster.ge\/"},{"@type":"ListItem","position":2,"name":"M\u0259hsullar","item":"https:\/\/climatemaster.ge\/products\/"},{"@type":"ListItem","position":3,"name":"S\u0259naye m\u00fchiti \u00fc\u00e7\u00fcn kondisionerl\u0259r Yanal hava t\u0259dar\u00fck\u00fc \/ frontal hava qaytar\u0131lmas\u0131 il\u0259 kanall\u0131 Toz v\u0259 vibrasiyaya qar\u015f\u0131 m\u00fcqavim\u0259t, -40\u00b0C-d\u0259n 80\u00b0C-d\u0259k"}]},{"@type":"WebSite","@id":"https:\/\/climatemaster.ge\/#website","url":"https:\/\/climatemaster.ge\/","name":"Climate Master","description":"","publisher":{"@id":"https:\/\/climatemaster.ge\/#organization"},"potentialAction":[{"@type":"SearchAction","target":{"@type":"EntryPoint","urlTemplate":"https:\/\/climatemaster.ge\/?s={search_term_string}"},"query-input":{"@type":"PropertyValueSpecification","valueRequired":true,"valueName":"search_term_string"}}],"inLanguage":"az"},{"@type":"Organization","@id":"https:\/\/climatemaster.ge\/#organization","name":"Climate Master","url":"https:\/\/climatemaster.ge\/","logo":{"@type":"ImageObject","inLanguage":"az","@id":"https:\/\/climatemaster.ge\/#\/schema\/logo\/image\/","url":"https:\/\/climatemaster.ge\/wp-content\/uploads\/2026\/03\/Untitled-2.png","contentUrl":"https:\/\/climatemaster.ge\/wp-content\/uploads\/2026\/03\/Untitled-2.png","width":600,"height":338,"caption":"Climate Master"},"image":{"@id":"https:\/\/climatemaster.ge\/#\/schema\/logo\/image\/"}}]}},"_links":{"self":[{"href":"https:\/\/climatemaster.ge\/az\/wp-json\/wp\/v2\/product\/23364","targetHints":{"allow":["GET"]}}],"collection":[{"href":"https:\/\/climatemaster.ge\/az\/wp-json\/wp\/v2\/product"}],"about":[{"href":"https:\/\/climatemaster.ge\/az\/wp-json\/wp\/v2\/types\/product"}],"wp:featuredmedia":[{"embeddable":true,"href":"https:\/\/climatemaster.ge\/az\/wp-json\/wp\/v2\/media\/21702"}],"wp:attachment":[{"href":"https:\/\/climatemaster.ge\/az\/wp-json\/wp\/v2\/media?parent=23364"}],"wp:term":[{"taxonomy":"product_brand","embeddable":true,"href":"https:\/\/climatemaster.ge\/az\/wp-json\/wp\/v2\/product_brand?post=23364"},{"taxonomy":"product_cat","embeddable":true,"href":"https:\/\/climatemaster.ge\/az\/wp-json\/wp\/v2\/product_cat?post=23364"},{"taxonomy":"product_tag","embeddable":true,"href":"https:\/\/climatemaster.ge\/az\/wp-json\/wp\/v2\/product_tag?post=23364"}],"curies":[{"name":"wp","href":"https:\/\/api.w.org\/{rel}","templated":true}]}}