{"id":23273,"date":"2024-01-24T22:32:33","date_gmt":"2024-01-24T18:32:33","guid":{"rendered":"https:\/\/airsystems.ge\/shop\/product\/dantherm-cdp-70-swimming-pool-dehumidifiers-wall-mounted-floor-standing-swimming-pool-dehumidifiers\/"},"modified":"2025-02-22T12:35:32","modified_gmt":"2025-02-22T08:35:32","slug":"dantherm-cdp-70-swimming-pool-dehumidifiers-wall-mounted-floor-standing-swimming-pool-dehumidifiers","status":"publish","type":"product","link":"https:\/\/climatemaster.ge\/az\/product\/dantherm-cdp-70-swimming-pool-dehumidifiers-wall-mounted-floor-standing-swimming-pool-dehumidifiers\/","title":{"rendered":"Dantherm CDP 70 \u2013 \u00fczg\u00fc\u00e7\u00fcl\u00fck hovuzu n\u0259ml\u0259ndiricil\u0259ri Divara qura\u015fd\u0131r\u0131lm\u0131\u015f\/d\u00f6\u015f\u0259m\u0259 hovuzu \u00fc\u00e7\u00fcn n\u0259ml\u0259ndiricil\u0259r"},"content":{"rendered":"<p>Divarda v\u0259 ya d\u00f6\u015f\u0259m\u0259d\u0259 olan CDP 70 kondensasiya n\u0259ml\u0259ndiricil\u0259ri ist\u0259nil\u0259n m\u00fcasir hovuz interyeri il\u0259 yax\u015f\u0131 qar\u0131\u015fmaq \u00fc\u00e7\u00fcn n\u0259z\u0259rd\u0259 tutulmu\u015fdur. Enerjiy\u0259 q\u0259na\u0259t ed\u0259n v\u0259 dem\u0259k olar ki, s\u0259ssiz r\u00fctub\u0259t\u0259 n\u0259zar\u0259t t\u0259klif ed\u0259n aqreqatlar keyfiyy\u0259t v\u0259 istismar rahatl\u0131\u011f\u0131 \u00fc\u00e7\u00fcn n\u0259z\u0259rd\u0259 tutulmu\u015fdur. Y\u00fcks\u0259k s\u0259m\u0259r\u0259li ventilyatorlar v\u0259 kompressorlar il\u0259 birlikd\u0259 qabaqc\u0131l uzaqdan idar\u0259etm\u0259 v\u0259 monitorinq variantlar\u0131 s\u0259m\u0259r\u0259li i\u015fl\u0259m\u0259y\u0259 v\u0259 \u0259h\u0259miyy\u0259tli enerji q\u0259na\u0259tin\u0259 k\u00f6m\u0259k edir.<\/p>\n<p>Aral\u0131q divardan ke\u00e7\u0259n versiyalarda da m\u00f6vcuddur.<\/p>\n<p>Dig\u0259r \u00fczg\u00fc\u00e7\u00fcl\u00fck hovuzu n\u0259ml\u0259ndiricil\u0259rin\u0259 bax\u0131n v\u0259 ya \u00e7oxsayl\u0131 t\u0259tbiql\u0259r \u00fc\u00e7\u00fcn uy\u011fun olan kommersiya v\u0259 s\u0259naye n\u0259ml\u0259ndiricil\u0259rimizin tam \u00e7e\u015fidin\u0259 bax\u0131n.<\/p>\n<p>\u018fsas x\u00fcsusiyy\u0259tl\u0259r<br \/>\nA\u015fa\u011f\u0131 s\u0259s s\u0259viyy\u0259si<br \/>\nA\u015fa\u011f\u0131 enerji istehlak\u0131<br \/>\nBuxarland\u0131r\u0131c\u0131 v\u0259 kondensator rulonlar\u0131 epoksi il\u0259 \u00f6rt\u00fclm\u00fc\u015fd\u00fcr<br \/>\nMetal hiss\u0259l\u0259ri montajdan \u0259vv\u0259l toz boya il\u0259 \u00f6rt\u00fclm\u00fc\u015fd\u00fcr<br \/>\n\u0130ste\u011fe ba\u011fl\u0131 uzaqdan idar\u0259etm\u0259<br \/>\n\u0130stilik v\u0259 r\u00fctub\u0259t\u0259 inteqrasiya olunmu\u015f n\u0259zar\u0259t (ON\/OFF)<br \/>\nBMS Rabit\u0259 (Modbus RS485)<br \/>\n230V qo\u015fulma<br \/>\nQapal\u0131 hovuzlarda r\u00fctub\u0259t\u0259 n\u0259zar\u0259t \u00fc\u00e7\u00fcn Dantherm CDP 40-50-70 n\u0259ml\u0259ndiricil\u0259ri keyfiyy\u0259t, funksionall\u0131q v\u0259 enerji q\u0259na\u0259tin\u0259 diqq\u0259t yetirm\u0259kl\u0259 haz\u0131rlanm\u0131\u015fd\u0131r. Y\u00fcks\u0259k s\u0259m\u0259r\u0259li ventilyatorlar v\u0259 kompressorlar, yeni qabaqc\u0131l uzaqdan idar\u0259etm\u0259 v\u0259 idar\u0259etm\u0259 variantlar\u0131 il\u0259 birl\u0259\u015f\u0259r\u0259k, q\u0259na\u0259tcil i\u015fl\u0259m\u0259y\u0259 v\u0259 \u0259h\u0259miyy\u0259tli enerji q\u0259na\u0259tin\u0259 t\u00f6hf\u0259 verir.<\/p>\n<p>CDP enerjiy\u0259 q\u0259na\u0259t ed\u0259n v\u0259 sakit hovuz n\u0259ml\u0259ndiricisidir. Kondensasiya prinsipin\u0259 uy\u011fun i\u015fl\u0259yir. Bir fan r\u00fctub\u0259tli havan\u0131 n\u0259ml\u0259ndiriciy\u0259 v\u0259 buxarland\u0131r\u0131c\u0131 bobin vasit\u0259sil\u0259 \u00e7\u0259kir. Buxarland\u0131r\u0131c\u0131dan ke\u00e7\u0259rk\u0259n hava \u015feh n\u00f6qt\u0259si temperaturundan a\u015fa\u011f\u0131ya q\u0259d\u0259r soyudulur v\u0259 t\u0259rkibind\u0259ki su buxar\u0131 suya qat\u0131la\u015fd\u0131r\u0131l\u0131r, damc\u0131 qab\u0131na d\u00fc\u015f\u00fcr v\u0259 sonra damc\u0131 qab\u0131ndan drenaja apar\u0131l\u0131r. Soyuq, quru hava daha sonra kondensatorun \u00fcz\u0259rind\u0259n \u00f6t\u00fcr\u00fcl\u00fcr, orada yenid\u0259n q\u0131zd\u0131r\u0131l\u0131r v\u0259 qur\u011fudan t\u0259qrib\u0259n bir temperaturda ayr\u0131l\u0131r. giri\u015fd\u0259n 5\u00b0C y\u00fcks\u0259kdir. Elektron higrostat v\u0259 termostatda qura\u015fd\u0131r\u0131lm\u0131\u015fd\u0131r. Aktiv, t\u0259l\u0259b n\u0259zar\u0259tli defrost.<\/p>\n","protected":false},"excerpt":{"rendered":"<h2 class=\"font-bold text-sm md:text-lg\"><a class=\"underline underline-offset-2 decoration-transparent transition duration-300 ease-linear hover:decoration-black\" href=\"https:\/\/www.danthermgroup.com\/uk\/downloads\/dantherm-group-professional-installed-catalogue\" target=\"_blank\" rel=\"nofollow noindex noopener\">Dantherm Group Catalogue \u2013 Professional Installed Solutions<\/a><\/h2>\n","protected":false},"featured_media":21784,"template":"","meta":[],"product_brand":[],"product_cat":[809,861,1188],"product_tag":[],"class_list":{"0":"post-23273","1":"product","2":"type-product","3":"status-publish","4":"has-post-thumbnail","6":"product_cat-hava-nmlndiricisi-kondisioner-az-ventilyasiya-ventilyator","7":"product_cat-nmlndiricilr-nmlndirici-hava","8":"product_cat-hovuz-nmlndiricilri-dehumidifiers-nmlndirici-qurutma","10":"first","11":"instock","12":"sale","13":"shipping-taxable","14":"purchasable","15":"product-type-simple"},"yoast_head":"<!-- This site is optimized with the Yoast SEO plugin v27.1.1 - https:\/\/yoast.com\/product\/yoast-seo-wordpress\/ -->\n<title>Dantherm CDP 70 \u2013 \u00fczg\u00fc\u00e7\u00fcl\u00fck hovuzu n\u0259ml\u0259ndiricil\u0259ri Divara qura\u015fd\u0131r\u0131lm\u0131\u015f\/d\u00f6\u015f\u0259m\u0259 hovuzu \u00fc\u00e7\u00fcn n\u0259ml\u0259ndiricil\u0259r - Climate Master<\/title>\n<meta name=\"robots\" content=\"index, follow, max-snippet:-1, max-image-preview:large, max-video-preview:-1\" \/>\n<link rel=\"canonical\" href=\"https:\/\/climatemaster.ge\/product\/dantherm-cdp-70-swimming-pool-dehumidifiers-wall-mounted-floor-standing-swimming-pool-dehumidifiers\/\" \/>\n<meta property=\"og:locale\" content=\"az_AZ\" \/>\n<meta property=\"og:type\" content=\"article\" \/>\n<meta property=\"og:title\" content=\"Dantherm CDP 70 \u2013 \u00fczg\u00fc\u00e7\u00fcl\u00fck hovuzu n\u0259ml\u0259ndiricil\u0259ri Divara qura\u015fd\u0131r\u0131lm\u0131\u015f\/d\u00f6\u015f\u0259m\u0259 hovuzu \u00fc\u00e7\u00fcn n\u0259ml\u0259ndiricil\u0259r - Climate Master\" \/>\n<meta property=\"og:description\" content=\"Dantherm Group Catalogue \u2013 Professional Installed Solutions\" \/>\n<meta property=\"og:url\" content=\"https:\/\/climatemaster.ge\/product\/dantherm-cdp-70-swimming-pool-dehumidifiers-wall-mounted-floor-standing-swimming-pool-dehumidifiers\/\" \/>\n<meta property=\"og:site_name\" content=\"Climate Master\" \/>\n<meta property=\"article:modified_time\" content=\"2025-02-22T08:35:32+00:00\" \/>\n<meta property=\"og:image\" content=\"https:\/\/climatemaster.ge\/wp-content\/uploads\/2025\/01\/Dantherm-CDP-70.jpg\" \/>\n\t<meta property=\"og:image:width\" content=\"1000\" \/>\n\t<meta property=\"og:image:height\" content=\"1000\" \/>\n\t<meta property=\"og:image:type\" content=\"image\/jpeg\" \/>\n<meta name=\"twitter:card\" content=\"summary_large_image\" \/>\n<meta name=\"twitter:label1\" content=\"Est. reading time\" \/>\n\t<meta name=\"twitter:data1\" content=\"2 minutes\" \/>\n<script type=\"application\/ld+json\" class=\"yoast-schema-graph\">{\"@context\":\"https:\/\/schema.org\",\"@graph\":[{\"@type\":\"WebPage\",\"@id\":\"https:\/\/climatemaster.ge\/product\/dantherm-cdp-70-swimming-pool-dehumidifiers-wall-mounted-floor-standing-swimming-pool-dehumidifiers\/\",\"url\":\"https:\/\/climatemaster.ge\/product\/dantherm-cdp-70-swimming-pool-dehumidifiers-wall-mounted-floor-standing-swimming-pool-dehumidifiers\/\",\"name\":\"Dantherm CDP 70 \u2013 \u00fczg\u00fc\u00e7\u00fcl\u00fck hovuzu n\u0259ml\u0259ndiricil\u0259ri Divara qura\u015fd\u0131r\u0131lm\u0131\u015f\/d\u00f6\u015f\u0259m\u0259 hovuzu \u00fc\u00e7\u00fcn n\u0259ml\u0259ndiricil\u0259r - Climate Master\",\"isPartOf\":{\"@id\":\"https:\/\/climatemaster.ge\/#website\"},\"primaryImageOfPage\":{\"@id\":\"https:\/\/climatemaster.ge\/product\/dantherm-cdp-70-swimming-pool-dehumidifiers-wall-mounted-floor-standing-swimming-pool-dehumidifiers\/#primaryimage\"},\"image\":{\"@id\":\"https:\/\/climatemaster.ge\/product\/dantherm-cdp-70-swimming-pool-dehumidifiers-wall-mounted-floor-standing-swimming-pool-dehumidifiers\/#primaryimage\"},\"thumbnailUrl\":\"https:\/\/climatemaster.ge\/wp-content\/uploads\/2025\/01\/Dantherm-CDP-70.jpg\",\"datePublished\":\"2024-01-24T18:32:33+00:00\",\"dateModified\":\"2025-02-22T08:35:32+00:00\",\"breadcrumb\":{\"@id\":\"https:\/\/climatemaster.ge\/product\/dantherm-cdp-70-swimming-pool-dehumidifiers-wall-mounted-floor-standing-swimming-pool-dehumidifiers\/#breadcrumb\"},\"inLanguage\":\"az\",\"potentialAction\":[{\"@type\":\"ReadAction\",\"target\":[\"https:\/\/climatemaster.ge\/product\/dantherm-cdp-70-swimming-pool-dehumidifiers-wall-mounted-floor-standing-swimming-pool-dehumidifiers\/\"]}]},{\"@type\":\"ImageObject\",\"inLanguage\":\"az\",\"@id\":\"https:\/\/climatemaster.ge\/product\/dantherm-cdp-70-swimming-pool-dehumidifiers-wall-mounted-floor-standing-swimming-pool-dehumidifiers\/#primaryimage\",\"url\":\"https:\/\/climatemaster.ge\/wp-content\/uploads\/2025\/01\/Dantherm-CDP-70.jpg\",\"contentUrl\":\"https:\/\/climatemaster.ge\/wp-content\/uploads\/2025\/01\/Dantherm-CDP-70.jpg\",\"width\":1000,\"height\":1000},{\"@type\":\"BreadcrumbList\",\"@id\":\"https:\/\/climatemaster.ge\/product\/dantherm-cdp-70-swimming-pool-dehumidifiers-wall-mounted-floor-standing-swimming-pool-dehumidifiers\/#breadcrumb\",\"itemListElement\":[{\"@type\":\"ListItem\",\"position\":1,\"name\":\"Home\",\"item\":\"https:\/\/climatemaster.ge\/\"},{\"@type\":\"ListItem\",\"position\":2,\"name\":\"M\u0259hsullar\",\"item\":\"https:\/\/climatemaster.ge\/products\/\"},{\"@type\":\"ListItem\",\"position\":3,\"name\":\"Dantherm CDP 70 \u2013 \u00fczg\u00fc\u00e7\u00fcl\u00fck hovuzu n\u0259ml\u0259ndiricil\u0259ri Divara qura\u015fd\u0131r\u0131lm\u0131\u015f\/d\u00f6\u015f\u0259m\u0259 hovuzu \u00fc\u00e7\u00fcn n\u0259ml\u0259ndiricil\u0259r\"}]},{\"@type\":\"WebSite\",\"@id\":\"https:\/\/climatemaster.ge\/#website\",\"url\":\"https:\/\/climatemaster.ge\/\",\"name\":\"Climate Master\",\"description\":\"\",\"publisher\":{\"@id\":\"https:\/\/climatemaster.ge\/#organization\"},\"potentialAction\":[{\"@type\":\"SearchAction\",\"target\":{\"@type\":\"EntryPoint\",\"urlTemplate\":\"https:\/\/climatemaster.ge\/?s={search_term_string}\"},\"query-input\":{\"@type\":\"PropertyValueSpecification\",\"valueRequired\":true,\"valueName\":\"search_term_string\"}}],\"inLanguage\":\"az\"},{\"@type\":\"Organization\",\"@id\":\"https:\/\/climatemaster.ge\/#organization\",\"name\":\"Climate Master\",\"url\":\"https:\/\/climatemaster.ge\/\",\"logo\":{\"@type\":\"ImageObject\",\"inLanguage\":\"az\",\"@id\":\"https:\/\/climatemaster.ge\/#\/schema\/logo\/image\/\",\"url\":\"https:\/\/climatemaster.ge\/wp-content\/uploads\/2026\/03\/Untitled-2.png\",\"contentUrl\":\"https:\/\/climatemaster.ge\/wp-content\/uploads\/2026\/03\/Untitled-2.png\",\"width\":600,\"height\":338,\"caption\":\"Climate Master\"},\"image\":{\"@id\":\"https:\/\/climatemaster.ge\/#\/schema\/logo\/image\/\"}}]}<\/script>\n<!-- \/ Yoast SEO plugin. -->","yoast_head_json":{"title":"Dantherm CDP 70 \u2013 \u00fczg\u00fc\u00e7\u00fcl\u00fck hovuzu n\u0259ml\u0259ndiricil\u0259ri Divara qura\u015fd\u0131r\u0131lm\u0131\u015f\/d\u00f6\u015f\u0259m\u0259 hovuzu \u00fc\u00e7\u00fcn n\u0259ml\u0259ndiricil\u0259r - Climate Master","robots":{"index":"index","follow":"follow","max-snippet":"max-snippet:-1","max-image-preview":"max-image-preview:large","max-video-preview":"max-video-preview:-1"},"canonical":"https:\/\/climatemaster.ge\/product\/dantherm-cdp-70-swimming-pool-dehumidifiers-wall-mounted-floor-standing-swimming-pool-dehumidifiers\/","og_locale":"az_AZ","og_type":"article","og_title":"Dantherm CDP 70 \u2013 \u00fczg\u00fc\u00e7\u00fcl\u00fck hovuzu n\u0259ml\u0259ndiricil\u0259ri Divara qura\u015fd\u0131r\u0131lm\u0131\u015f\/d\u00f6\u015f\u0259m\u0259 hovuzu \u00fc\u00e7\u00fcn n\u0259ml\u0259ndiricil\u0259r - Climate Master","og_description":"Dantherm Group Catalogue \u2013 Professional Installed Solutions","og_url":"https:\/\/climatemaster.ge\/product\/dantherm-cdp-70-swimming-pool-dehumidifiers-wall-mounted-floor-standing-swimming-pool-dehumidifiers\/","og_site_name":"Climate Master","article_modified_time":"2025-02-22T08:35:32+00:00","og_image":[{"width":1000,"height":1000,"url":"https:\/\/climatemaster.ge\/wp-content\/uploads\/2025\/01\/Dantherm-CDP-70.jpg","type":"image\/jpeg"}],"twitter_card":"summary_large_image","twitter_misc":{"Est. reading time":"2 minutes"},"schema":{"@context":"https:\/\/schema.org","@graph":[{"@type":"WebPage","@id":"https:\/\/climatemaster.ge\/product\/dantherm-cdp-70-swimming-pool-dehumidifiers-wall-mounted-floor-standing-swimming-pool-dehumidifiers\/","url":"https:\/\/climatemaster.ge\/product\/dantherm-cdp-70-swimming-pool-dehumidifiers-wall-mounted-floor-standing-swimming-pool-dehumidifiers\/","name":"Dantherm CDP 70 \u2013 \u00fczg\u00fc\u00e7\u00fcl\u00fck hovuzu n\u0259ml\u0259ndiricil\u0259ri Divara qura\u015fd\u0131r\u0131lm\u0131\u015f\/d\u00f6\u015f\u0259m\u0259 hovuzu \u00fc\u00e7\u00fcn n\u0259ml\u0259ndiricil\u0259r - Climate Master","isPartOf":{"@id":"https:\/\/climatemaster.ge\/#website"},"primaryImageOfPage":{"@id":"https:\/\/climatemaster.ge\/product\/dantherm-cdp-70-swimming-pool-dehumidifiers-wall-mounted-floor-standing-swimming-pool-dehumidifiers\/#primaryimage"},"image":{"@id":"https:\/\/climatemaster.ge\/product\/dantherm-cdp-70-swimming-pool-dehumidifiers-wall-mounted-floor-standing-swimming-pool-dehumidifiers\/#primaryimage"},"thumbnailUrl":"https:\/\/climatemaster.ge\/wp-content\/uploads\/2025\/01\/Dantherm-CDP-70.jpg","datePublished":"2024-01-24T18:32:33+00:00","dateModified":"2025-02-22T08:35:32+00:00","breadcrumb":{"@id":"https:\/\/climatemaster.ge\/product\/dantherm-cdp-70-swimming-pool-dehumidifiers-wall-mounted-floor-standing-swimming-pool-dehumidifiers\/#breadcrumb"},"inLanguage":"az","potentialAction":[{"@type":"ReadAction","target":["https:\/\/climatemaster.ge\/product\/dantherm-cdp-70-swimming-pool-dehumidifiers-wall-mounted-floor-standing-swimming-pool-dehumidifiers\/"]}]},{"@type":"ImageObject","inLanguage":"az","@id":"https:\/\/climatemaster.ge\/product\/dantherm-cdp-70-swimming-pool-dehumidifiers-wall-mounted-floor-standing-swimming-pool-dehumidifiers\/#primaryimage","url":"https:\/\/climatemaster.ge\/wp-content\/uploads\/2025\/01\/Dantherm-CDP-70.jpg","contentUrl":"https:\/\/climatemaster.ge\/wp-content\/uploads\/2025\/01\/Dantherm-CDP-70.jpg","width":1000,"height":1000},{"@type":"BreadcrumbList","@id":"https:\/\/climatemaster.ge\/product\/dantherm-cdp-70-swimming-pool-dehumidifiers-wall-mounted-floor-standing-swimming-pool-dehumidifiers\/#breadcrumb","itemListElement":[{"@type":"ListItem","position":1,"name":"Home","item":"https:\/\/climatemaster.ge\/"},{"@type":"ListItem","position":2,"name":"M\u0259hsullar","item":"https:\/\/climatemaster.ge\/products\/"},{"@type":"ListItem","position":3,"name":"Dantherm CDP 70 \u2013 \u00fczg\u00fc\u00e7\u00fcl\u00fck hovuzu n\u0259ml\u0259ndiricil\u0259ri Divara qura\u015fd\u0131r\u0131lm\u0131\u015f\/d\u00f6\u015f\u0259m\u0259 hovuzu \u00fc\u00e7\u00fcn n\u0259ml\u0259ndiricil\u0259r"}]},{"@type":"WebSite","@id":"https:\/\/climatemaster.ge\/#website","url":"https:\/\/climatemaster.ge\/","name":"Climate Master","description":"","publisher":{"@id":"https:\/\/climatemaster.ge\/#organization"},"potentialAction":[{"@type":"SearchAction","target":{"@type":"EntryPoint","urlTemplate":"https:\/\/climatemaster.ge\/?s={search_term_string}"},"query-input":{"@type":"PropertyValueSpecification","valueRequired":true,"valueName":"search_term_string"}}],"inLanguage":"az"},{"@type":"Organization","@id":"https:\/\/climatemaster.ge\/#organization","name":"Climate Master","url":"https:\/\/climatemaster.ge\/","logo":{"@type":"ImageObject","inLanguage":"az","@id":"https:\/\/climatemaster.ge\/#\/schema\/logo\/image\/","url":"https:\/\/climatemaster.ge\/wp-content\/uploads\/2026\/03\/Untitled-2.png","contentUrl":"https:\/\/climatemaster.ge\/wp-content\/uploads\/2026\/03\/Untitled-2.png","width":600,"height":338,"caption":"Climate Master"},"image":{"@id":"https:\/\/climatemaster.ge\/#\/schema\/logo\/image\/"}}]}},"_links":{"self":[{"href":"https:\/\/climatemaster.ge\/az\/wp-json\/wp\/v2\/product\/23273","targetHints":{"allow":["GET"]}}],"collection":[{"href":"https:\/\/climatemaster.ge\/az\/wp-json\/wp\/v2\/product"}],"about":[{"href":"https:\/\/climatemaster.ge\/az\/wp-json\/wp\/v2\/types\/product"}],"wp:featuredmedia":[{"embeddable":true,"href":"https:\/\/climatemaster.ge\/az\/wp-json\/wp\/v2\/media\/21784"}],"wp:attachment":[{"href":"https:\/\/climatemaster.ge\/az\/wp-json\/wp\/v2\/media?parent=23273"}],"wp:term":[{"taxonomy":"product_brand","embeddable":true,"href":"https:\/\/climatemaster.ge\/az\/wp-json\/wp\/v2\/product_brand?post=23273"},{"taxonomy":"product_cat","embeddable":true,"href":"https:\/\/climatemaster.ge\/az\/wp-json\/wp\/v2\/product_cat?post=23273"},{"taxonomy":"product_tag","embeddable":true,"href":"https:\/\/climatemaster.ge\/az\/wp-json\/wp\/v2\/product_tag?post=23273"}],"curies":[{"name":"wp","href":"https:\/\/api.w.org\/{rel}","templated":true}]}}